{"id":42002,"date":"2023-11-10T10:37:08","date_gmt":"2023-11-10T08:37:08","guid":{"rendered":"https:\/\/www.biopapa.lt\/?post_type=product&#038;p=42002"},"modified":"2026-03-08T01:06:31","modified_gmt":"2026-03-07T23:06:31","slug":"organic-rose-night-cream-for-face-bio-damascena-50-ml-alteya","status":"publish","type":"product","link":"https:\/\/www.biopapa.lt\/en\/produktas\/organic-rose-night-cream-for-face-bio-damascena-50-ml-alteya\/","title":{"rendered":"Organic rose night cream for face BIO DAMASCENA, 50 ml, ALTEYA"},"content":{"rendered":"<p><strong>Organic rose night cream for face BIO DAMASCENA, 50 ml, ALTEYA<\/strong><\/p>\n<p>The Night Moisturiser deeply hydrates, reduces fine lines and revitalises the complexion during sleep.<\/p>\n<p>Nourishing Night Moisturiser deeply hydrates, reduces fine lines and revitalises the complexion during sleep. The antioxidant-rich bio-nutrients in the formula help to protect and balance the skin and support its natural repair mechanism during the night. The skin&#8217;s natural moisture barrier and microbiome are strengthened, visibly improving skin texture for a firmer, more youthful-looking complexion in the morning.<\/p>\n<p>Essential oil blend:<br \/>\nRose oil and absolutes (Rosa damascena), bergamot, pink geranium, ylang-ylang, lavender, copaiba, cedar, clove.<\/p>\n<p><em>Use of<\/em><br \/>\nIn the evening, after toning and cleansing, apply to the face, neck and d\u00e9collet\u00e9 area. Massage upwards and outwards with massaging movements.<\/p>\n","protected":false},"excerpt":{"rendered":"<p>Organic rose night cream for face BIO DAMASCENA, 50 ml, ALTEYA The Night Moisturiser deeply hydrates, reduces fine lines and<\/p>\n","protected":false},"featured_media":42006,"template":"","meta":{"_acf_changed":false},"product_brand":[],"product_cat":[2492,1962,1971],"product_tag":[2090,2088],"class_list":{"0":"post-42002","1":"product","2":"type-product","3":"status-publish","4":"has-post-thumbnail","6":"product_cat-alteya-en","7":"product_cat-beauty-and-hygiene","8":"product_cat-facial-care","9":"product_tag-facial-care","10":"product_tag-vegan","12":"first","13":"instock","14":"shipping-taxable","15":"purchasable","16":"product-type-simple"},"acf":[],"yoast_head":"<!-- This site is optimized with the Yoast SEO plugin v27.5 - https:\/\/yoast.com\/product\/yoast-seo-wordpress\/ -->\n<title>Organic rose night cream for face BIO DAMASCENA, 50 ml, ALTEYA - Biopapa<\/title>\n<meta name=\"description\" content=\"Organic Rose Evening Cream BIO DAMASCENA, 50 ml, ALTEYA deeply moisturises, reduces fine lines and refreshes the skin during sleep.\" \/>\n<meta name=\"robots\" content=\"index, follow, max-snippet:-1, max-image-preview:large, max-video-preview:-1\" \/>\n<link rel=\"canonical\" href=\"https:\/\/www.biopapa.lt\/en\/?post_type=product&p=42002\" \/>\n<meta property=\"og:locale\" content=\"en_US\" \/>\n<meta property=\"og:type\" content=\"article\" \/>\n<meta property=\"og:title\" content=\"Organic rose night cream for face BIO DAMASCENA, 50 ml, ALTEYA - Biopapa\" \/>\n<meta property=\"og:description\" content=\"Organic Rose Evening Cream BIO DAMASCENA, 50 ml, ALTEYA deeply moisturises, reduces fine lines and refreshes the skin during sleep.\" \/>\n<meta property=\"og:url\" content=\"https:\/\/www.biopapa.lt\/en\/?post_type=product&amp;p=42002\" \/>\n<meta property=\"og:site_name\" content=\"Biopapa\" \/>\n<meta property=\"article:publisher\" content=\"https:\/\/www.facebook.com\/biopapa.lt\" \/>\n<meta property=\"article:modified_time\" content=\"2026-03-07T23:06:31+00:00\" \/>\n<meta property=\"og:image\" content=\"https:\/\/www.biopapa.lt\/wp-content\/uploads\/2023\/11\/Ekologiskas-roziu-veido-kremas-vakarui-BIO-DAMASCENA-50-ml-ALTEYA.png\" \/>\n\t<meta property=\"og:image:width\" content=\"1600\" \/>\n\t<meta property=\"og:image:height\" content=\"1280\" \/>\n\t<meta property=\"og:image:type\" content=\"image\/png\" \/>\n<meta name=\"twitter:card\" content=\"summary_large_image\" \/>\n<script type=\"application\/ld+json\" class=\"yoast-schema-graph\">{\"@context\":\"https:\\\/\\\/schema.org\",\"@graph\":[{\"@type\":\"WebPage\",\"@id\":\"https:\\\/\\\/www.biopapa.lt\\\/en\\\/?post_type=product&p=42002\",\"url\":\"https:\\\/\\\/www.biopapa.lt\\\/en\\\/?post_type=product&p=42002\",\"name\":\"Organic rose night cream for face BIO DAMASCENA, 50 ml, ALTEYA - Biopapa\",\"isPartOf\":{\"@id\":\"https:\\\/\\\/www.biopapa.lt\\\/#website\"},\"primaryImageOfPage\":{\"@id\":\"https:\\\/\\\/www.biopapa.lt\\\/en\\\/?post_type=product&p=42002#primaryimage\"},\"image\":{\"@id\":\"https:\\\/\\\/www.biopapa.lt\\\/en\\\/?post_type=product&p=42002#primaryimage\"},\"thumbnailUrl\":\"https:\\\/\\\/www.biopapa.lt\\\/wp-content\\\/uploads\\\/2023\\\/11\\\/Ekologiskas-roziu-veido-kremas-vakarui-BIO-DAMASCENA-50-ml-ALTEYA.png\",\"datePublished\":\"2023-11-10T08:37:08+00:00\",\"dateModified\":\"2026-03-07T23:06:31+00:00\",\"description\":\"Organic Rose Evening Cream BIO DAMASCENA, 50 ml, ALTEYA deeply moisturises, reduces fine lines and refreshes the skin during sleep.\",\"breadcrumb\":{\"@id\":\"https:\\\/\\\/www.biopapa.lt\\\/en\\\/?post_type=product&p=42002#breadcrumb\"},\"inLanguage\":\"en-US\",\"potentialAction\":[{\"@type\":\"ReadAction\",\"target\":[\"https:\\\/\\\/www.biopapa.lt\\\/en\\\/?post_type=product&p=42002\"]}]},{\"@type\":\"ImageObject\",\"inLanguage\":\"en-US\",\"@id\":\"https:\\\/\\\/www.biopapa.lt\\\/en\\\/?post_type=product&p=42002#primaryimage\",\"url\":\"https:\\\/\\\/www.biopapa.lt\\\/wp-content\\\/uploads\\\/2023\\\/11\\\/Ekologiskas-roziu-veido-kremas-vakarui-BIO-DAMASCENA-50-ml-ALTEYA.png\",\"contentUrl\":\"https:\\\/\\\/www.biopapa.lt\\\/wp-content\\\/uploads\\\/2023\\\/11\\\/Ekologiskas-roziu-veido-kremas-vakarui-BIO-DAMASCENA-50-ml-ALTEYA.png\",\"width\":1600,\"height\":1280},{\"@type\":\"BreadcrumbList\",\"@id\":\"https:\\\/\\\/www.biopapa.lt\\\/en\\\/?post_type=product&p=42002#breadcrumb\",\"itemListElement\":[{\"@type\":\"ListItem\",\"position\":1,\"name\":\"Home\",\"item\":\"https:\\\/\\\/www.biopapa.lt\\\/en\\\/\"},{\"@type\":\"ListItem\",\"position\":2,\"name\":\"Shop\",\"item\":\"https:\\\/\\\/www.biopapa.lt\\\/en\\\/shop\\\/\"},{\"@type\":\"ListItem\",\"position\":3,\"name\":\"Organic rose night cream for face BIO DAMASCENA, 50 ml, ALTEYA\"}]},{\"@type\":\"WebSite\",\"@id\":\"https:\\\/\\\/www.biopapa.lt\\\/#website\",\"url\":\"https:\\\/\\\/www.biopapa.lt\\\/\",\"name\":\"Biopapa\",\"description\":\"\u0160var\u016bs ekologi\u0161ki produktai\",\"publisher\":{\"@id\":\"https:\\\/\\\/www.biopapa.lt\\\/#organization\"},\"potentialAction\":[{\"@type\":\"SearchAction\",\"target\":{\"@type\":\"EntryPoint\",\"urlTemplate\":\"https:\\\/\\\/www.biopapa.lt\\\/?s={search_term_string}\"},\"query-input\":{\"@type\":\"PropertyValueSpecification\",\"valueRequired\":true,\"valueName\":\"search_term_string\"}}],\"inLanguage\":\"en-US\"},{\"@type\":\"Organization\",\"@id\":\"https:\\\/\\\/www.biopapa.lt\\\/#organization\",\"name\":\"Biopapa\",\"url\":\"https:\\\/\\\/www.biopapa.lt\\\/\",\"logo\":{\"@type\":\"ImageObject\",\"inLanguage\":\"en-US\",\"@id\":\"https:\\\/\\\/www.biopapa.lt\\\/#\\\/schema\\\/logo\\\/image\\\/\",\"url\":\"https:\\\/\\\/www.biopapa.lt\\\/wp-content\\\/uploads\\\/2022\\\/04\\\/facebook_biopapa.jpg\",\"contentUrl\":\"https:\\\/\\\/www.biopapa.lt\\\/wp-content\\\/uploads\\\/2022\\\/04\\\/facebook_biopapa.jpg\",\"width\":1733,\"height\":907,\"caption\":\"Biopapa\"},\"image\":{\"@id\":\"https:\\\/\\\/www.biopapa.lt\\\/#\\\/schema\\\/logo\\\/image\\\/\"},\"sameAs\":[\"https:\\\/\\\/www.facebook.com\\\/biopapa.lt\"]}]}<\/script>\n<!-- \/ Yoast SEO plugin. -->","yoast_head_json":{"title":"Organic rose night cream for face BIO DAMASCENA, 50 ml, ALTEYA - Biopapa","description":"Organic Rose Evening Cream BIO DAMASCENA, 50 ml, ALTEYA deeply moisturises, reduces fine lines and refreshes the skin during sleep.","robots":{"index":"index","follow":"follow","max-snippet":"max-snippet:-1","max-image-preview":"max-image-preview:large","max-video-preview":"max-video-preview:-1"},"canonical":"https:\/\/www.biopapa.lt\/en\/?post_type=product&p=42002","og_locale":"en_US","og_type":"article","og_title":"Organic rose night cream for face BIO DAMASCENA, 50 ml, ALTEYA - Biopapa","og_description":"Organic Rose Evening Cream BIO DAMASCENA, 50 ml, ALTEYA deeply moisturises, reduces fine lines and refreshes the skin during sleep.","og_url":"https:\/\/www.biopapa.lt\/en\/?post_type=product&p=42002","og_site_name":"Biopapa","article_publisher":"https:\/\/www.facebook.com\/biopapa.lt","article_modified_time":"2026-03-07T23:06:31+00:00","og_image":[{"width":1600,"height":1280,"url":"https:\/\/www.biopapa.lt\/wp-content\/uploads\/2023\/11\/Ekologiskas-roziu-veido-kremas-vakarui-BIO-DAMASCENA-50-ml-ALTEYA.png","type":"image\/png"}],"twitter_card":"summary_large_image","schema":{"@context":"https:\/\/schema.org","@graph":[{"@type":"WebPage","@id":"https:\/\/www.biopapa.lt\/en\/?post_type=product&p=42002","url":"https:\/\/www.biopapa.lt\/en\/?post_type=product&p=42002","name":"Organic rose night cream for face BIO DAMASCENA, 50 ml, ALTEYA - Biopapa","isPartOf":{"@id":"https:\/\/www.biopapa.lt\/#website"},"primaryImageOfPage":{"@id":"https:\/\/www.biopapa.lt\/en\/?post_type=product&p=42002#primaryimage"},"image":{"@id":"https:\/\/www.biopapa.lt\/en\/?post_type=product&p=42002#primaryimage"},"thumbnailUrl":"https:\/\/www.biopapa.lt\/wp-content\/uploads\/2023\/11\/Ekologiskas-roziu-veido-kremas-vakarui-BIO-DAMASCENA-50-ml-ALTEYA.png","datePublished":"2023-11-10T08:37:08+00:00","dateModified":"2026-03-07T23:06:31+00:00","description":"Organic Rose Evening Cream BIO DAMASCENA, 50 ml, ALTEYA deeply moisturises, reduces fine lines and refreshes the skin during sleep.","breadcrumb":{"@id":"https:\/\/www.biopapa.lt\/en\/?post_type=product&p=42002#breadcrumb"},"inLanguage":"en-US","potentialAction":[{"@type":"ReadAction","target":["https:\/\/www.biopapa.lt\/en\/?post_type=product&p=42002"]}]},{"@type":"ImageObject","inLanguage":"en-US","@id":"https:\/\/www.biopapa.lt\/en\/?post_type=product&p=42002#primaryimage","url":"https:\/\/www.biopapa.lt\/wp-content\/uploads\/2023\/11\/Ekologiskas-roziu-veido-kremas-vakarui-BIO-DAMASCENA-50-ml-ALTEYA.png","contentUrl":"https:\/\/www.biopapa.lt\/wp-content\/uploads\/2023\/11\/Ekologiskas-roziu-veido-kremas-vakarui-BIO-DAMASCENA-50-ml-ALTEYA.png","width":1600,"height":1280},{"@type":"BreadcrumbList","@id":"https:\/\/www.biopapa.lt\/en\/?post_type=product&p=42002#breadcrumb","itemListElement":[{"@type":"ListItem","position":1,"name":"Home","item":"https:\/\/www.biopapa.lt\/en\/"},{"@type":"ListItem","position":2,"name":"Shop","item":"https:\/\/www.biopapa.lt\/en\/shop\/"},{"@type":"ListItem","position":3,"name":"Organic rose night cream for face BIO DAMASCENA, 50 ml, ALTEYA"}]},{"@type":"WebSite","@id":"https:\/\/www.biopapa.lt\/#website","url":"https:\/\/www.biopapa.lt\/","name":"Biopapa","description":"\u0160var\u016bs ekologi\u0161ki produktai","publisher":{"@id":"https:\/\/www.biopapa.lt\/#organization"},"potentialAction":[{"@type":"SearchAction","target":{"@type":"EntryPoint","urlTemplate":"https:\/\/www.biopapa.lt\/?s={search_term_string}"},"query-input":{"@type":"PropertyValueSpecification","valueRequired":true,"valueName":"search_term_string"}}],"inLanguage":"en-US"},{"@type":"Organization","@id":"https:\/\/www.biopapa.lt\/#organization","name":"Biopapa","url":"https:\/\/www.biopapa.lt\/","logo":{"@type":"ImageObject","inLanguage":"en-US","@id":"https:\/\/www.biopapa.lt\/#\/schema\/logo\/image\/","url":"https:\/\/www.biopapa.lt\/wp-content\/uploads\/2022\/04\/facebook_biopapa.jpg","contentUrl":"https:\/\/www.biopapa.lt\/wp-content\/uploads\/2022\/04\/facebook_biopapa.jpg","width":1733,"height":907,"caption":"Biopapa"},"image":{"@id":"https:\/\/www.biopapa.lt\/#\/schema\/logo\/image\/"},"sameAs":["https:\/\/www.facebook.com\/biopapa.lt"]}]}},"_links":{"self":[{"href":"https:\/\/www.biopapa.lt\/en\/wp-json\/wp\/v2\/product\/42002","targetHints":{"allow":["GET"]}}],"collection":[{"href":"https:\/\/www.biopapa.lt\/en\/wp-json\/wp\/v2\/product"}],"about":[{"href":"https:\/\/www.biopapa.lt\/en\/wp-json\/wp\/v2\/types\/product"}],"wp:featuredmedia":[{"embeddable":true,"href":"https:\/\/www.biopapa.lt\/en\/wp-json\/wp\/v2\/media\/42006"}],"wp:attachment":[{"href":"https:\/\/www.biopapa.lt\/en\/wp-json\/wp\/v2\/media?parent=42002"}],"wp:term":[{"taxonomy":"product_brand","embeddable":true,"href":"https:\/\/www.biopapa.lt\/en\/wp-json\/wp\/v2\/product_brand?post=42002"},{"taxonomy":"product_cat","embeddable":true,"href":"https:\/\/www.biopapa.lt\/en\/wp-json\/wp\/v2\/product_cat?post=42002"},{"taxonomy":"product_tag","embeddable":true,"href":"https:\/\/www.biopapa.lt\/en\/wp-json\/wp\/v2\/product_tag?post=42002"}],"curies":[{"name":"wp","href":"https:\/\/api.w.org\/{rel}","templated":true}]}}