{"id":41955,"date":"2023-11-09T18:34:59","date_gmt":"2023-11-09T16:34:59","guid":{"rendered":"https:\/\/www.biopapa.lt\/?post_type=product&#038;p=41955"},"modified":"2026-03-08T01:06:56","modified_gmt":"2026-03-07T23:06:56","slug":"organic-stretch-mark-oil-110-ml-alteya","status":"publish","type":"product","link":"https:\/\/www.biopapa.lt\/en\/produktas\/organic-stretch-mark-oil-110-ml-alteya\/","title":{"rendered":"Organic stretch mark oil, 110 ml, ALTEYA"},"content":{"rendered":"<p><strong>Organic stretch mark oil, 110 ml, ALTEYA <\/strong><\/p>\n<p>A blend of the highest quality vegetable oils and butters and Bulgarian rose oil to help prevent stretch marks during and after pregnancy, keeping the skin nourished, soft and beautiful. Improves skin elasticity and provides comfort to itchy and stretchy skin.<\/p>\n<p>Benefits:<br \/>\n&#8211; Softens old stretch marks and helps prevent new ones<br \/>\n&#8211; Stimulates collagen production and improves skin elasticity<br \/>\n&#8211; Reduces dry and itchy scaly skin problems, helps regenerate and tone the skin<br \/>\n&#8211; Gently nourishes, moisturises and softens, helping to maintain a beautiful skin.<\/p>\n<p>A high quality product made from the best and strongest ingredients.<\/p>\n<p>Handmade, 100% natural and organic &#8211; a commitment to sustainable agriculture<br \/>\n100% recyclable packaging that fully preserves bioenergy<br \/>\nFree of parabens and petrochemicals<br \/>\nFree of lanolin and artificial colours<br \/>\nFree of genetically modified ingredients<br \/>\nFree of cruelty to animals, never tested on animals.<\/p>\n<p>How to use<br \/>\nApply to the thighs, abdomen and buttocks with light rubbing and circular movements.<br \/>\nApply morning and evening.<\/p>\n<p>Certified USDA Organic.<\/p>\n","protected":false},"excerpt":{"rendered":"<p>Organic stretch mark oil, 110 ml, ALTEYA A blend of the highest quality vegetable oils and butters and Bulgarian rose<\/p>\n","protected":false},"featured_media":41961,"template":"","meta":{"_acf_changed":false},"product_brand":[],"product_cat":[2492,1962,1967,2539],"product_tag":[2058,2088],"class_list":{"0":"post-41955","1":"product","2":"type-product","3":"status-publish","4":"has-post-thumbnail","6":"product_cat-alteya-en","7":"product_cat-beauty-and-hygiene","8":"product_cat-body-care","9":"product_cat-oils","10":"product_tag-body-care","11":"product_tag-vegan","13":"first","14":"instock","15":"shipping-taxable","16":"purchasable","17":"product-type-simple"},"acf":[],"yoast_head":"<!-- This site is optimized with the Yoast SEO plugin v27.5 - https:\/\/yoast.com\/product\/yoast-seo-wordpress\/ -->\n<title>Organic stretch mark oil, 110 ml, ALTEYA - Biopapa<\/title>\n<meta name=\"description\" content=\"A blend of the highest quality vegetable oils and butters and Bulgarian rose oil to help prevent stretch marks during and after pregnancy, keeping the skin nourished, soft and beautiful.\" \/>\n<meta name=\"robots\" content=\"index, follow, max-snippet:-1, max-image-preview:large, max-video-preview:-1\" \/>\n<link rel=\"canonical\" href=\"https:\/\/www.biopapa.lt\/en\/produktas\/organic-stretch-mark-oil-110-ml-alteya\/\" \/>\n<meta property=\"og:locale\" content=\"en_US\" \/>\n<meta property=\"og:type\" content=\"article\" \/>\n<meta property=\"og:title\" content=\"Organic stretch mark oil, 110 ml, ALTEYA - Biopapa\" \/>\n<meta property=\"og:description\" content=\"A blend of the highest quality vegetable oils and butters and Bulgarian rose oil to help prevent stretch marks during and after pregnancy, keeping the skin nourished, soft and beautiful.\" \/>\n<meta property=\"og:url\" content=\"https:\/\/www.biopapa.lt\/en\/produktas\/organic-stretch-mark-oil-110-ml-alteya\/\" \/>\n<meta property=\"og:site_name\" content=\"Biopapa\" \/>\n<meta property=\"article:publisher\" content=\"https:\/\/www.facebook.com\/biopapa.lt\" \/>\n<meta property=\"article:modified_time\" content=\"2026-03-07T23:06:56+00:00\" \/>\n<meta property=\"og:image\" content=\"https:\/\/www.biopapa.lt\/wp-content\/uploads\/2023\/11\/Ekologiskas-aliejus-strijoms-naikinti-110-ml-ALTEYA-.png\" \/>\n\t<meta property=\"og:image:width\" content=\"1600\" \/>\n\t<meta property=\"og:image:height\" content=\"1280\" \/>\n\t<meta property=\"og:image:type\" content=\"image\/png\" \/>\n<meta name=\"twitter:card\" content=\"summary_large_image\" \/>\n<script type=\"application\/ld+json\" class=\"yoast-schema-graph\">{\"@context\":\"https:\\\/\\\/schema.org\",\"@graph\":[{\"@type\":\"WebPage\",\"@id\":\"https:\\\/\\\/www.biopapa.lt\\\/en\\\/produktas\\\/organic-stretch-mark-oil-110-ml-alteya\\\/\",\"url\":\"https:\\\/\\\/www.biopapa.lt\\\/en\\\/produktas\\\/organic-stretch-mark-oil-110-ml-alteya\\\/\",\"name\":\"Organic stretch mark oil, 110 ml, ALTEYA - Biopapa\",\"isPartOf\":{\"@id\":\"https:\\\/\\\/www.biopapa.lt\\\/#website\"},\"primaryImageOfPage\":{\"@id\":\"https:\\\/\\\/www.biopapa.lt\\\/en\\\/produktas\\\/organic-stretch-mark-oil-110-ml-alteya\\\/#primaryimage\"},\"image\":{\"@id\":\"https:\\\/\\\/www.biopapa.lt\\\/en\\\/produktas\\\/organic-stretch-mark-oil-110-ml-alteya\\\/#primaryimage\"},\"thumbnailUrl\":\"https:\\\/\\\/www.biopapa.lt\\\/wp-content\\\/uploads\\\/2023\\\/11\\\/Ekologiskas-aliejus-strijoms-naikinti-110-ml-ALTEYA-.png\",\"datePublished\":\"2023-11-09T16:34:59+00:00\",\"dateModified\":\"2026-03-07T23:06:56+00:00\",\"description\":\"A blend of the highest quality vegetable oils and butters and Bulgarian rose oil to help prevent stretch marks during and after pregnancy, keeping the skin nourished, soft and beautiful.\",\"breadcrumb\":{\"@id\":\"https:\\\/\\\/www.biopapa.lt\\\/en\\\/produktas\\\/organic-stretch-mark-oil-110-ml-alteya\\\/#breadcrumb\"},\"inLanguage\":\"en-US\",\"potentialAction\":[{\"@type\":\"ReadAction\",\"target\":[\"https:\\\/\\\/www.biopapa.lt\\\/en\\\/produktas\\\/organic-stretch-mark-oil-110-ml-alteya\\\/\"]}]},{\"@type\":\"ImageObject\",\"inLanguage\":\"en-US\",\"@id\":\"https:\\\/\\\/www.biopapa.lt\\\/en\\\/produktas\\\/organic-stretch-mark-oil-110-ml-alteya\\\/#primaryimage\",\"url\":\"https:\\\/\\\/www.biopapa.lt\\\/wp-content\\\/uploads\\\/2023\\\/11\\\/Ekologiskas-aliejus-strijoms-naikinti-110-ml-ALTEYA-.png\",\"contentUrl\":\"https:\\\/\\\/www.biopapa.lt\\\/wp-content\\\/uploads\\\/2023\\\/11\\\/Ekologiskas-aliejus-strijoms-naikinti-110-ml-ALTEYA-.png\",\"width\":1600,\"height\":1280},{\"@type\":\"BreadcrumbList\",\"@id\":\"https:\\\/\\\/www.biopapa.lt\\\/en\\\/produktas\\\/organic-stretch-mark-oil-110-ml-alteya\\\/#breadcrumb\",\"itemListElement\":[{\"@type\":\"ListItem\",\"position\":1,\"name\":\"Home\",\"item\":\"https:\\\/\\\/www.biopapa.lt\\\/en\\\/\"},{\"@type\":\"ListItem\",\"position\":2,\"name\":\"Shop\",\"item\":\"https:\\\/\\\/www.biopapa.lt\\\/en\\\/shop\\\/\"},{\"@type\":\"ListItem\",\"position\":3,\"name\":\"Organic stretch mark oil, 110 ml, ALTEYA\"}]},{\"@type\":\"WebSite\",\"@id\":\"https:\\\/\\\/www.biopapa.lt\\\/#website\",\"url\":\"https:\\\/\\\/www.biopapa.lt\\\/\",\"name\":\"Biopapa\",\"description\":\"\u0160var\u016bs ekologi\u0161ki produktai\",\"publisher\":{\"@id\":\"https:\\\/\\\/www.biopapa.lt\\\/#organization\"},\"potentialAction\":[{\"@type\":\"SearchAction\",\"target\":{\"@type\":\"EntryPoint\",\"urlTemplate\":\"https:\\\/\\\/www.biopapa.lt\\\/?s={search_term_string}\"},\"query-input\":{\"@type\":\"PropertyValueSpecification\",\"valueRequired\":true,\"valueName\":\"search_term_string\"}}],\"inLanguage\":\"en-US\"},{\"@type\":\"Organization\",\"@id\":\"https:\\\/\\\/www.biopapa.lt\\\/#organization\",\"name\":\"Biopapa\",\"url\":\"https:\\\/\\\/www.biopapa.lt\\\/\",\"logo\":{\"@type\":\"ImageObject\",\"inLanguage\":\"en-US\",\"@id\":\"https:\\\/\\\/www.biopapa.lt\\\/#\\\/schema\\\/logo\\\/image\\\/\",\"url\":\"https:\\\/\\\/www.biopapa.lt\\\/wp-content\\\/uploads\\\/2022\\\/04\\\/facebook_biopapa.jpg\",\"contentUrl\":\"https:\\\/\\\/www.biopapa.lt\\\/wp-content\\\/uploads\\\/2022\\\/04\\\/facebook_biopapa.jpg\",\"width\":1733,\"height\":907,\"caption\":\"Biopapa\"},\"image\":{\"@id\":\"https:\\\/\\\/www.biopapa.lt\\\/#\\\/schema\\\/logo\\\/image\\\/\"},\"sameAs\":[\"https:\\\/\\\/www.facebook.com\\\/biopapa.lt\"]}]}<\/script>\n<!-- \/ Yoast SEO plugin. -->","yoast_head_json":{"title":"Organic stretch mark oil, 110 ml, ALTEYA - Biopapa","description":"A blend of the highest quality vegetable oils and butters and Bulgarian rose oil to help prevent stretch marks during and after pregnancy, keeping the skin nourished, soft and beautiful.","robots":{"index":"index","follow":"follow","max-snippet":"max-snippet:-1","max-image-preview":"max-image-preview:large","max-video-preview":"max-video-preview:-1"},"canonical":"https:\/\/www.biopapa.lt\/en\/produktas\/organic-stretch-mark-oil-110-ml-alteya\/","og_locale":"en_US","og_type":"article","og_title":"Organic stretch mark oil, 110 ml, ALTEYA - Biopapa","og_description":"A blend of the highest quality vegetable oils and butters and Bulgarian rose oil to help prevent stretch marks during and after pregnancy, keeping the skin nourished, soft and beautiful.","og_url":"https:\/\/www.biopapa.lt\/en\/produktas\/organic-stretch-mark-oil-110-ml-alteya\/","og_site_name":"Biopapa","article_publisher":"https:\/\/www.facebook.com\/biopapa.lt","article_modified_time":"2026-03-07T23:06:56+00:00","og_image":[{"width":1600,"height":1280,"url":"https:\/\/www.biopapa.lt\/wp-content\/uploads\/2023\/11\/Ekologiskas-aliejus-strijoms-naikinti-110-ml-ALTEYA-.png","type":"image\/png"}],"twitter_card":"summary_large_image","schema":{"@context":"https:\/\/schema.org","@graph":[{"@type":"WebPage","@id":"https:\/\/www.biopapa.lt\/en\/produktas\/organic-stretch-mark-oil-110-ml-alteya\/","url":"https:\/\/www.biopapa.lt\/en\/produktas\/organic-stretch-mark-oil-110-ml-alteya\/","name":"Organic stretch mark oil, 110 ml, ALTEYA - Biopapa","isPartOf":{"@id":"https:\/\/www.biopapa.lt\/#website"},"primaryImageOfPage":{"@id":"https:\/\/www.biopapa.lt\/en\/produktas\/organic-stretch-mark-oil-110-ml-alteya\/#primaryimage"},"image":{"@id":"https:\/\/www.biopapa.lt\/en\/produktas\/organic-stretch-mark-oil-110-ml-alteya\/#primaryimage"},"thumbnailUrl":"https:\/\/www.biopapa.lt\/wp-content\/uploads\/2023\/11\/Ekologiskas-aliejus-strijoms-naikinti-110-ml-ALTEYA-.png","datePublished":"2023-11-09T16:34:59+00:00","dateModified":"2026-03-07T23:06:56+00:00","description":"A blend of the highest quality vegetable oils and butters and Bulgarian rose oil to help prevent stretch marks during and after pregnancy, keeping the skin nourished, soft and beautiful.","breadcrumb":{"@id":"https:\/\/www.biopapa.lt\/en\/produktas\/organic-stretch-mark-oil-110-ml-alteya\/#breadcrumb"},"inLanguage":"en-US","potentialAction":[{"@type":"ReadAction","target":["https:\/\/www.biopapa.lt\/en\/produktas\/organic-stretch-mark-oil-110-ml-alteya\/"]}]},{"@type":"ImageObject","inLanguage":"en-US","@id":"https:\/\/www.biopapa.lt\/en\/produktas\/organic-stretch-mark-oil-110-ml-alteya\/#primaryimage","url":"https:\/\/www.biopapa.lt\/wp-content\/uploads\/2023\/11\/Ekologiskas-aliejus-strijoms-naikinti-110-ml-ALTEYA-.png","contentUrl":"https:\/\/www.biopapa.lt\/wp-content\/uploads\/2023\/11\/Ekologiskas-aliejus-strijoms-naikinti-110-ml-ALTEYA-.png","width":1600,"height":1280},{"@type":"BreadcrumbList","@id":"https:\/\/www.biopapa.lt\/en\/produktas\/organic-stretch-mark-oil-110-ml-alteya\/#breadcrumb","itemListElement":[{"@type":"ListItem","position":1,"name":"Home","item":"https:\/\/www.biopapa.lt\/en\/"},{"@type":"ListItem","position":2,"name":"Shop","item":"https:\/\/www.biopapa.lt\/en\/shop\/"},{"@type":"ListItem","position":3,"name":"Organic stretch mark oil, 110 ml, ALTEYA"}]},{"@type":"WebSite","@id":"https:\/\/www.biopapa.lt\/#website","url":"https:\/\/www.biopapa.lt\/","name":"Biopapa","description":"\u0160var\u016bs ekologi\u0161ki produktai","publisher":{"@id":"https:\/\/www.biopapa.lt\/#organization"},"potentialAction":[{"@type":"SearchAction","target":{"@type":"EntryPoint","urlTemplate":"https:\/\/www.biopapa.lt\/?s={search_term_string}"},"query-input":{"@type":"PropertyValueSpecification","valueRequired":true,"valueName":"search_term_string"}}],"inLanguage":"en-US"},{"@type":"Organization","@id":"https:\/\/www.biopapa.lt\/#organization","name":"Biopapa","url":"https:\/\/www.biopapa.lt\/","logo":{"@type":"ImageObject","inLanguage":"en-US","@id":"https:\/\/www.biopapa.lt\/#\/schema\/logo\/image\/","url":"https:\/\/www.biopapa.lt\/wp-content\/uploads\/2022\/04\/facebook_biopapa.jpg","contentUrl":"https:\/\/www.biopapa.lt\/wp-content\/uploads\/2022\/04\/facebook_biopapa.jpg","width":1733,"height":907,"caption":"Biopapa"},"image":{"@id":"https:\/\/www.biopapa.lt\/#\/schema\/logo\/image\/"},"sameAs":["https:\/\/www.facebook.com\/biopapa.lt"]}]}},"_links":{"self":[{"href":"https:\/\/www.biopapa.lt\/en\/wp-json\/wp\/v2\/product\/41955","targetHints":{"allow":["GET"]}}],"collection":[{"href":"https:\/\/www.biopapa.lt\/en\/wp-json\/wp\/v2\/product"}],"about":[{"href":"https:\/\/www.biopapa.lt\/en\/wp-json\/wp\/v2\/types\/product"}],"wp:featuredmedia":[{"embeddable":true,"href":"https:\/\/www.biopapa.lt\/en\/wp-json\/wp\/v2\/media\/41961"}],"wp:attachment":[{"href":"https:\/\/www.biopapa.lt\/en\/wp-json\/wp\/v2\/media?parent=41955"}],"wp:term":[{"taxonomy":"product_brand","embeddable":true,"href":"https:\/\/www.biopapa.lt\/en\/wp-json\/wp\/v2\/product_brand?post=41955"},{"taxonomy":"product_cat","embeddable":true,"href":"https:\/\/www.biopapa.lt\/en\/wp-json\/wp\/v2\/product_cat?post=41955"},{"taxonomy":"product_tag","embeddable":true,"href":"https:\/\/www.biopapa.lt\/en\/wp-json\/wp\/v2\/product_tag?post=41955"}],"curies":[{"name":"wp","href":"https:\/\/api.w.org\/{rel}","templated":true}]}}