{"id":38215,"date":"2023-10-13T16:30:21","date_gmt":"2023-10-13T13:30:21","guid":{"rendered":"https:\/\/www.biopapa.lt\/?post_type=product&#038;p=38215"},"modified":"2025-06-16T14:08:52","modified_gmt":"2025-06-16T11:08:52","slug":"organic-ginseng-root-powder","status":"publish","type":"product","link":"https:\/\/www.biopapa.lt\/en\/produktas\/organic-ginseng-root-powder\/","title":{"rendered":"Organic Ginseng root powder"},"content":{"rendered":"<p><strong>Organic Ginseng Root Powder<br \/>\n<\/strong>Ginseng Root Powder, with its rich history in Traditional Chinese Medicine (TCM), has gained worldwide recognition for its various health benefits and potential applications in modern medicine. Ginseng, or Ren Shen in Chinese, has been used in TCM for centuries as a powerful adaptogen that is believed to balance the body&#8217;s vital energy, or Qi. As Ginseng Root Powder has become more widely available worldwide, modern scientific research has revealed a range of benefits that are consistent with traditional beliefs.<\/p>\n<p><em>Attention<\/em><br \/>\nExcessive use of ginseng, especially afterwards, can cause anxiety and insomnia. Some people may experience digestive discomfort.<br \/>\nGinseng can affect blood pressure and should be monitored in people with hypertension.<br \/>\nGinseng may interact with certain medications, including anticoagulants and anti-diabetic drugs.<\/p>\n<p><em>Uses<\/em><br \/>\nGinseng Root Powder can be a valuable addition to a balanced diet or as a support for a variety of health problems.<br \/>\nIn both traditional and modern cuisine, Ginseng Root Powder can be a unique ingredient in soups, broths and teas, offering great taste and health benefits.<br \/>\nIn the union of traditional wisdom and modern science, ginseng root powder is a symbol of herbal synergy.<br \/>\nA characteristic earthy flavour with a bittersweet taste and a sticky sensation.<\/p>\n<p><em>Sources<\/em><br \/>\nwww.healthline.com<br \/>\nwww.ncbi.nlm.nih.gov<br \/>\nwww.webmd.com<\/p>\n<p><em>NOTE. The information contained herein should not be construed as a recommendation for treatment or other health issues. We encourage you to make personal decisions about your personal health, taking into account a wide range of sources of information.<\/em><\/p>\n","protected":false},"excerpt":{"rendered":"<p>Organic Ginseng Root Powder Ginseng Root Powder, with its rich history in Traditional Chinese Medicine (TCM), has gained worldwide recognition<\/p>\n","protected":false},"featured_media":38439,"template":"","meta":{"_acf_changed":false},"product_brand":[],"product_cat":[1848,2353],"product_tag":[2046,2056,2384,2092,2088],"class_list":{"0":"post-38215","1":"product","2":"type-product","3":"status-publish","4":"has-post-thumbnail","6":"product_cat-plant-based-superfood","7":"product_cat-powder","8":"product_tag-gluten-alternative","9":"product_tag-keto-diet","10":"product_tag-organic","11":"product_tag-raw-diet","12":"product_tag-vegan","13":"pa_svoris-1-kg-en-2","14":"pa_svoris-10-kg-en","15":"pa_svoris-100-g-en-2","16":"pa_svoris-200-g-en","17":"pa_svoris-25-kg-en","18":"pa_svoris-300-g-en","19":"pa_svoris-400-g-en","20":"pa_svoris-50-g-en","21":"pa_svoris-500-g-en-2","23":"first","24":"outofstock","25":"shipping-taxable","26":"purchasable","27":"product-type-variable","28":"has-default-attributes"},"acf":[],"yoast_head":"<!-- This site is optimized with the Yoast SEO plugin v27.5 - https:\/\/yoast.com\/product\/yoast-seo-wordpress\/ -->\n<title>Organic Ginseng root powder - Biopapa<\/title>\n<meta name=\"description\" content=\"Ginseng, or Ren Shen in Chinese, has been used in TCM for centuries as a powerful adaptogen that is believed to balance the body&#039;s vital energy, or Qi.\" \/>\n<meta name=\"robots\" content=\"index, follow, max-snippet:-1, max-image-preview:large, max-video-preview:-1\" \/>\n<link rel=\"canonical\" href=\"https:\/\/www.biopapa.lt\/en\/produktas\/organic-ginseng-root-powder\/\" \/>\n<meta property=\"og:locale\" content=\"en_US\" \/>\n<meta property=\"og:type\" content=\"article\" \/>\n<meta property=\"og:title\" content=\"Organic Ginseng root powder - Biopapa\" \/>\n<meta property=\"og:description\" content=\"Ginseng, or Ren Shen in Chinese, has been used in TCM for centuries as a powerful adaptogen that is believed to balance the body&#039;s vital energy, or Qi.\" \/>\n<meta property=\"og:url\" content=\"https:\/\/www.biopapa.lt\/en\/produktas\/organic-ginseng-root-powder\/\" \/>\n<meta property=\"og:site_name\" content=\"Biopapa\" \/>\n<meta property=\"article:publisher\" content=\"https:\/\/www.facebook.com\/biopapa.lt\" \/>\n<meta property=\"article:modified_time\" content=\"2025-06-16T11:08:52+00:00\" \/>\n<meta property=\"og:image\" content=\"https:\/\/www.biopapa.lt\/wp-content\/uploads\/2023\/10\/Ekologiski-zensenio-saknu-milteliai-2-1024x819.png\" \/>\n\t<meta property=\"og:image:width\" content=\"1024\" \/>\n\t<meta property=\"og:image:height\" content=\"819\" \/>\n\t<meta property=\"og:image:type\" content=\"image\/png\" \/>\n<meta name=\"twitter:card\" content=\"summary_large_image\" \/>\n<script type=\"application\/ld+json\" class=\"yoast-schema-graph\">{\"@context\":\"https:\\\/\\\/schema.org\",\"@graph\":[{\"@type\":\"WebPage\",\"@id\":\"https:\\\/\\\/www.biopapa.lt\\\/en\\\/produktas\\\/organic-ginseng-root-powder\\\/\",\"url\":\"https:\\\/\\\/www.biopapa.lt\\\/en\\\/produktas\\\/organic-ginseng-root-powder\\\/\",\"name\":\"Organic Ginseng root powder - Biopapa\",\"isPartOf\":{\"@id\":\"https:\\\/\\\/www.biopapa.lt\\\/#website\"},\"primaryImageOfPage\":{\"@id\":\"https:\\\/\\\/www.biopapa.lt\\\/en\\\/produktas\\\/organic-ginseng-root-powder\\\/#primaryimage\"},\"image\":{\"@id\":\"https:\\\/\\\/www.biopapa.lt\\\/en\\\/produktas\\\/organic-ginseng-root-powder\\\/#primaryimage\"},\"thumbnailUrl\":\"https:\\\/\\\/www.biopapa.lt\\\/wp-content\\\/uploads\\\/2023\\\/10\\\/Ekologiski-zensenio-saknu-milteliai-2.png\",\"datePublished\":\"2023-10-13T13:30:21+00:00\",\"dateModified\":\"2025-06-16T11:08:52+00:00\",\"description\":\"Ginseng, or Ren Shen in Chinese, has been used in TCM for centuries as a powerful adaptogen that is believed to balance the body's vital energy, or Qi.\",\"breadcrumb\":{\"@id\":\"https:\\\/\\\/www.biopapa.lt\\\/en\\\/produktas\\\/organic-ginseng-root-powder\\\/#breadcrumb\"},\"inLanguage\":\"en-US\",\"potentialAction\":[{\"@type\":\"ReadAction\",\"target\":[\"https:\\\/\\\/www.biopapa.lt\\\/en\\\/produktas\\\/organic-ginseng-root-powder\\\/\"]}]},{\"@type\":\"ImageObject\",\"inLanguage\":\"en-US\",\"@id\":\"https:\\\/\\\/www.biopapa.lt\\\/en\\\/produktas\\\/organic-ginseng-root-powder\\\/#primaryimage\",\"url\":\"https:\\\/\\\/www.biopapa.lt\\\/wp-content\\\/uploads\\\/2023\\\/10\\\/Ekologiski-zensenio-saknu-milteliai-2.png\",\"contentUrl\":\"https:\\\/\\\/www.biopapa.lt\\\/wp-content\\\/uploads\\\/2023\\\/10\\\/Ekologiski-zensenio-saknu-milteliai-2.png\",\"width\":1600,\"height\":1280},{\"@type\":\"BreadcrumbList\",\"@id\":\"https:\\\/\\\/www.biopapa.lt\\\/en\\\/produktas\\\/organic-ginseng-root-powder\\\/#breadcrumb\",\"itemListElement\":[{\"@type\":\"ListItem\",\"position\":1,\"name\":\"Home\",\"item\":\"https:\\\/\\\/www.biopapa.lt\\\/en\\\/\"},{\"@type\":\"ListItem\",\"position\":2,\"name\":\"Shop\",\"item\":\"https:\\\/\\\/www.biopapa.lt\\\/en\\\/shop\\\/\"},{\"@type\":\"ListItem\",\"position\":3,\"name\":\"Organic Ginseng root powder\"}]},{\"@type\":\"WebSite\",\"@id\":\"https:\\\/\\\/www.biopapa.lt\\\/#website\",\"url\":\"https:\\\/\\\/www.biopapa.lt\\\/\",\"name\":\"Biopapa\",\"description\":\"\u0160var\u016bs ekologi\u0161ki produktai\",\"publisher\":{\"@id\":\"https:\\\/\\\/www.biopapa.lt\\\/#organization\"},\"potentialAction\":[{\"@type\":\"SearchAction\",\"target\":{\"@type\":\"EntryPoint\",\"urlTemplate\":\"https:\\\/\\\/www.biopapa.lt\\\/?s={search_term_string}\"},\"query-input\":{\"@type\":\"PropertyValueSpecification\",\"valueRequired\":true,\"valueName\":\"search_term_string\"}}],\"inLanguage\":\"en-US\"},{\"@type\":\"Organization\",\"@id\":\"https:\\\/\\\/www.biopapa.lt\\\/#organization\",\"name\":\"Biopapa\",\"url\":\"https:\\\/\\\/www.biopapa.lt\\\/\",\"logo\":{\"@type\":\"ImageObject\",\"inLanguage\":\"en-US\",\"@id\":\"https:\\\/\\\/www.biopapa.lt\\\/#\\\/schema\\\/logo\\\/image\\\/\",\"url\":\"https:\\\/\\\/www.biopapa.lt\\\/wp-content\\\/uploads\\\/2022\\\/04\\\/facebook_biopapa.jpg\",\"contentUrl\":\"https:\\\/\\\/www.biopapa.lt\\\/wp-content\\\/uploads\\\/2022\\\/04\\\/facebook_biopapa.jpg\",\"width\":1733,\"height\":907,\"caption\":\"Biopapa\"},\"image\":{\"@id\":\"https:\\\/\\\/www.biopapa.lt\\\/#\\\/schema\\\/logo\\\/image\\\/\"},\"sameAs\":[\"https:\\\/\\\/www.facebook.com\\\/biopapa.lt\"]}]}<\/script>\n<!-- \/ Yoast SEO plugin. -->","yoast_head_json":{"title":"Organic Ginseng root powder - Biopapa","description":"Ginseng, or Ren Shen in Chinese, has been used in TCM for centuries as a powerful adaptogen that is believed to balance the body's vital energy, or Qi.","robots":{"index":"index","follow":"follow","max-snippet":"max-snippet:-1","max-image-preview":"max-image-preview:large","max-video-preview":"max-video-preview:-1"},"canonical":"https:\/\/www.biopapa.lt\/en\/produktas\/organic-ginseng-root-powder\/","og_locale":"en_US","og_type":"article","og_title":"Organic Ginseng root powder - Biopapa","og_description":"Ginseng, or Ren Shen in Chinese, has been used in TCM for centuries as a powerful adaptogen that is believed to balance the body's vital energy, or Qi.","og_url":"https:\/\/www.biopapa.lt\/en\/produktas\/organic-ginseng-root-powder\/","og_site_name":"Biopapa","article_publisher":"https:\/\/www.facebook.com\/biopapa.lt","article_modified_time":"2025-06-16T11:08:52+00:00","og_image":[{"width":1024,"height":819,"url":"https:\/\/www.biopapa.lt\/wp-content\/uploads\/2023\/10\/Ekologiski-zensenio-saknu-milteliai-2-1024x819.png","type":"image\/png"}],"twitter_card":"summary_large_image","schema":{"@context":"https:\/\/schema.org","@graph":[{"@type":"WebPage","@id":"https:\/\/www.biopapa.lt\/en\/produktas\/organic-ginseng-root-powder\/","url":"https:\/\/www.biopapa.lt\/en\/produktas\/organic-ginseng-root-powder\/","name":"Organic Ginseng root powder - Biopapa","isPartOf":{"@id":"https:\/\/www.biopapa.lt\/#website"},"primaryImageOfPage":{"@id":"https:\/\/www.biopapa.lt\/en\/produktas\/organic-ginseng-root-powder\/#primaryimage"},"image":{"@id":"https:\/\/www.biopapa.lt\/en\/produktas\/organic-ginseng-root-powder\/#primaryimage"},"thumbnailUrl":"https:\/\/www.biopapa.lt\/wp-content\/uploads\/2023\/10\/Ekologiski-zensenio-saknu-milteliai-2.png","datePublished":"2023-10-13T13:30:21+00:00","dateModified":"2025-06-16T11:08:52+00:00","description":"Ginseng, or Ren Shen in Chinese, has been used in TCM for centuries as a powerful adaptogen that is believed to balance the body's vital energy, or Qi.","breadcrumb":{"@id":"https:\/\/www.biopapa.lt\/en\/produktas\/organic-ginseng-root-powder\/#breadcrumb"},"inLanguage":"en-US","potentialAction":[{"@type":"ReadAction","target":["https:\/\/www.biopapa.lt\/en\/produktas\/organic-ginseng-root-powder\/"]}]},{"@type":"ImageObject","inLanguage":"en-US","@id":"https:\/\/www.biopapa.lt\/en\/produktas\/organic-ginseng-root-powder\/#primaryimage","url":"https:\/\/www.biopapa.lt\/wp-content\/uploads\/2023\/10\/Ekologiski-zensenio-saknu-milteliai-2.png","contentUrl":"https:\/\/www.biopapa.lt\/wp-content\/uploads\/2023\/10\/Ekologiski-zensenio-saknu-milteliai-2.png","width":1600,"height":1280},{"@type":"BreadcrumbList","@id":"https:\/\/www.biopapa.lt\/en\/produktas\/organic-ginseng-root-powder\/#breadcrumb","itemListElement":[{"@type":"ListItem","position":1,"name":"Home","item":"https:\/\/www.biopapa.lt\/en\/"},{"@type":"ListItem","position":2,"name":"Shop","item":"https:\/\/www.biopapa.lt\/en\/shop\/"},{"@type":"ListItem","position":3,"name":"Organic Ginseng root powder"}]},{"@type":"WebSite","@id":"https:\/\/www.biopapa.lt\/#website","url":"https:\/\/www.biopapa.lt\/","name":"Biopapa","description":"\u0160var\u016bs ekologi\u0161ki produktai","publisher":{"@id":"https:\/\/www.biopapa.lt\/#organization"},"potentialAction":[{"@type":"SearchAction","target":{"@type":"EntryPoint","urlTemplate":"https:\/\/www.biopapa.lt\/?s={search_term_string}"},"query-input":{"@type":"PropertyValueSpecification","valueRequired":true,"valueName":"search_term_string"}}],"inLanguage":"en-US"},{"@type":"Organization","@id":"https:\/\/www.biopapa.lt\/#organization","name":"Biopapa","url":"https:\/\/www.biopapa.lt\/","logo":{"@type":"ImageObject","inLanguage":"en-US","@id":"https:\/\/www.biopapa.lt\/#\/schema\/logo\/image\/","url":"https:\/\/www.biopapa.lt\/wp-content\/uploads\/2022\/04\/facebook_biopapa.jpg","contentUrl":"https:\/\/www.biopapa.lt\/wp-content\/uploads\/2022\/04\/facebook_biopapa.jpg","width":1733,"height":907,"caption":"Biopapa"},"image":{"@id":"https:\/\/www.biopapa.lt\/#\/schema\/logo\/image\/"},"sameAs":["https:\/\/www.facebook.com\/biopapa.lt"]}]}},"_links":{"self":[{"href":"https:\/\/www.biopapa.lt\/en\/wp-json\/wp\/v2\/product\/38215","targetHints":{"allow":["GET"]}}],"collection":[{"href":"https:\/\/www.biopapa.lt\/en\/wp-json\/wp\/v2\/product"}],"about":[{"href":"https:\/\/www.biopapa.lt\/en\/wp-json\/wp\/v2\/types\/product"}],"wp:featuredmedia":[{"embeddable":true,"href":"https:\/\/www.biopapa.lt\/en\/wp-json\/wp\/v2\/media\/38439"}],"wp:attachment":[{"href":"https:\/\/www.biopapa.lt\/en\/wp-json\/wp\/v2\/media?parent=38215"}],"wp:term":[{"taxonomy":"product_brand","embeddable":true,"href":"https:\/\/www.biopapa.lt\/en\/wp-json\/wp\/v2\/product_brand?post=38215"},{"taxonomy":"product_cat","embeddable":true,"href":"https:\/\/www.biopapa.lt\/en\/wp-json\/wp\/v2\/product_cat?post=38215"},{"taxonomy":"product_tag","embeddable":true,"href":"https:\/\/www.biopapa.lt\/en\/wp-json\/wp\/v2\/product_tag?post=38215"}],"curies":[{"name":"wp","href":"https:\/\/api.w.org\/{rel}","templated":true}]}}