{"id":36549,"date":"2023-05-25T11:22:29","date_gmt":"2023-05-25T08:22:29","guid":{"rendered":"https:\/\/www.biopapa.lt\/produktas\/doy-pack-compostable-and-biodegradable-bag-without-window-110-x-65-x-185-mm\/"},"modified":"2023-10-26T11:40:48","modified_gmt":"2023-10-26T08:40:48","slug":"doy-pack-compostable-and-biodegradable-bag-without-window-110-x-65-x-185-mm","status":"publish","type":"product","link":"https:\/\/www.biopapa.lt\/en\/produktas\/doy-pack-compostable-and-biodegradable-bag-without-window-110-x-65-x-185-mm\/","title":{"rendered":"Doy-pack compostable and biodegradable bag without window 110 x 65 x 185 mm"},"content":{"rendered":"<div class=\"FFpbKc\">\n<p>The Doy-pack compostable and biodegradable bag without window is a convenient, lightweight and versatile plastic-free packaging.<\/p>\n<p>Technical data:<\/p>\n<p>&#8211; biodegradable<br \/>\n&#8211; biodegradable renewable raw materials<\/p>\n<p>&#8211; medium mechanical strength<\/p>\n<p>&#8211; low water vapour barrier<br \/>\n&#8211; opaque<br \/>\n&#8211; low oxygen barrier<\/p>\n<p>Commonly packaged products:<br \/>\n&#8211; dry, loose, dusty products<br \/>\n&#8211; dry, gummed, dust-free products<br \/>\n&#8211; low-weight products<\/p>\n<p>Examples:<br \/>\n&#8211; dried herbs,<br \/>\n&#8211; cereals, bran, muesli<br \/>\n&#8211; confectionery, sweets<br \/>\n&#8211; tea<br \/>\n&#8211; food supplements<\/p>\n<p>Dispose of the bag in the compost heap. It decomposes in compost in about 10 days.<\/p>\n<\/div>\n","protected":false},"excerpt":{"rendered":"<p>The Doy-pack compostable and biodegradable bag without window is a convenient, lightweight and versatile plastic-free packaging. Technical data: &#8211; biodegradable<\/p>\n","protected":false},"featured_media":30493,"template":"","meta":{"_acf_changed":false},"product_brand":[],"product_cat":[1988,1998],"product_tag":[2084],"class_list":{"0":"post-36549","1":"product","2":"type-product","3":"status-publish","4":"has-post-thumbnail","6":"product_cat-home","7":"product_cat-sustainable-packaging","8":"product_tag-sustainable-packaging","10":"first","11":"instock","12":"shipping-taxable","13":"purchasable","14":"product-type-simple"},"acf":[],"yoast_head":"<!-- This site is optimized with the Yoast SEO plugin v27.5 - https:\/\/yoast.com\/product\/yoast-seo-wordpress\/ -->\n<title>Doy-pack compostable and biodegradable bag without window 110 x 65 x 185 mm - Biopapa<\/title>\n<meta name=\"robots\" content=\"index, follow, max-snippet:-1, max-image-preview:large, max-video-preview:-1\" \/>\n<link rel=\"canonical\" href=\"https:\/\/www.biopapa.lt\/en\/product\/doy-pack-compostable-and-biodegradable-bag-without-window-110-x-65-x-185-mm\/\" \/>\n<meta property=\"og:locale\" content=\"en_US\" \/>\n<meta property=\"og:type\" content=\"article\" \/>\n<meta property=\"og:title\" content=\"Doy-pack compostable and biodegradable bag without window 110 x 65 x 185 mm - Biopapa\" \/>\n<meta property=\"og:description\" content=\"The Doy-pack compostable and biodegradable bag without window is a convenient, lightweight and versatile plastic-free packaging. Technical data: &#8211; biodegradable\" \/>\n<meta property=\"og:url\" content=\"https:\/\/www.biopapa.lt\/en\/product\/doy-pack-compostable-and-biodegradable-bag-without-window-110-x-65-x-185-mm\/\" \/>\n<meta property=\"og:site_name\" content=\"Biopapa\" \/>\n<meta property=\"article:publisher\" content=\"https:\/\/www.facebook.com\/biopapa.lt\" \/>\n<meta property=\"article:modified_time\" content=\"2023-10-26T08:40:48+00:00\" \/>\n<meta property=\"og:image\" content=\"https:\/\/www.biopapa.lt\/wp-content\/uploads\/2023\/05\/Doy-pack-kompostuojamas-ir-biologiskai-suyrantis-maiselis-be-langelio-110x65x185mm-.png\" \/>\n\t<meta property=\"og:image:width\" content=\"800\" \/>\n\t<meta property=\"og:image:height\" content=\"640\" \/>\n\t<meta property=\"og:image:type\" content=\"image\/png\" \/>\n<meta name=\"twitter:card\" content=\"summary_large_image\" \/>\n<script type=\"application\/ld+json\" class=\"yoast-schema-graph\">{\"@context\":\"https:\\\/\\\/schema.org\",\"@graph\":[{\"@type\":\"WebPage\",\"@id\":\"https:\\\/\\\/www.biopapa.lt\\\/en\\\/product\\\/doy-pack-compostable-and-biodegradable-bag-without-window-110-x-65-x-185-mm\\\/\",\"url\":\"https:\\\/\\\/www.biopapa.lt\\\/en\\\/product\\\/doy-pack-compostable-and-biodegradable-bag-without-window-110-x-65-x-185-mm\\\/\",\"name\":\"Doy-pack compostable and biodegradable bag without window 110 x 65 x 185 mm - Biopapa\",\"isPartOf\":{\"@id\":\"https:\\\/\\\/www.biopapa.lt\\\/#website\"},\"primaryImageOfPage\":{\"@id\":\"https:\\\/\\\/www.biopapa.lt\\\/en\\\/product\\\/doy-pack-compostable-and-biodegradable-bag-without-window-110-x-65-x-185-mm\\\/#primaryimage\"},\"image\":{\"@id\":\"https:\\\/\\\/www.biopapa.lt\\\/en\\\/product\\\/doy-pack-compostable-and-biodegradable-bag-without-window-110-x-65-x-185-mm\\\/#primaryimage\"},\"thumbnailUrl\":\"https:\\\/\\\/www.biopapa.lt\\\/wp-content\\\/uploads\\\/2023\\\/05\\\/Doy-pack-kompostuojamas-ir-biologiskai-suyrantis-maiselis-be-langelio-110x65x185mm-.png\",\"datePublished\":\"2023-05-25T08:22:29+00:00\",\"dateModified\":\"2023-10-26T08:40:48+00:00\",\"breadcrumb\":{\"@id\":\"https:\\\/\\\/www.biopapa.lt\\\/en\\\/product\\\/doy-pack-compostable-and-biodegradable-bag-without-window-110-x-65-x-185-mm\\\/#breadcrumb\"},\"inLanguage\":\"en-US\",\"potentialAction\":[{\"@type\":\"ReadAction\",\"target\":[\"https:\\\/\\\/www.biopapa.lt\\\/en\\\/product\\\/doy-pack-compostable-and-biodegradable-bag-without-window-110-x-65-x-185-mm\\\/\"]}]},{\"@type\":\"ImageObject\",\"inLanguage\":\"en-US\",\"@id\":\"https:\\\/\\\/www.biopapa.lt\\\/en\\\/product\\\/doy-pack-compostable-and-biodegradable-bag-without-window-110-x-65-x-185-mm\\\/#primaryimage\",\"url\":\"https:\\\/\\\/www.biopapa.lt\\\/wp-content\\\/uploads\\\/2023\\\/05\\\/Doy-pack-kompostuojamas-ir-biologiskai-suyrantis-maiselis-be-langelio-110x65x185mm-.png\",\"contentUrl\":\"https:\\\/\\\/www.biopapa.lt\\\/wp-content\\\/uploads\\\/2023\\\/05\\\/Doy-pack-kompostuojamas-ir-biologiskai-suyrantis-maiselis-be-langelio-110x65x185mm-.png\",\"width\":800,\"height\":640,\"caption\":\"Doy-pack compostable and biodegradable bag without window 110 x 65 x 185 mm\"},{\"@type\":\"BreadcrumbList\",\"@id\":\"https:\\\/\\\/www.biopapa.lt\\\/en\\\/product\\\/doy-pack-compostable-and-biodegradable-bag-without-window-110-x-65-x-185-mm\\\/#breadcrumb\",\"itemListElement\":[{\"@type\":\"ListItem\",\"position\":1,\"name\":\"Home\",\"item\":\"https:\\\/\\\/www.biopapa.lt\\\/en\\\/\"},{\"@type\":\"ListItem\",\"position\":2,\"name\":\"Shop\",\"item\":\"https:\\\/\\\/www.biopapa.lt\\\/en\\\/shop\\\/\"},{\"@type\":\"ListItem\",\"position\":3,\"name\":\"Doy-pack compostable and biodegradable bag without window 110 x 65 x 185 mm\"}]},{\"@type\":\"WebSite\",\"@id\":\"https:\\\/\\\/www.biopapa.lt\\\/#website\",\"url\":\"https:\\\/\\\/www.biopapa.lt\\\/\",\"name\":\"Biopapa\",\"description\":\"\u0160var\u016bs ekologi\u0161ki produktai\",\"publisher\":{\"@id\":\"https:\\\/\\\/www.biopapa.lt\\\/#organization\"},\"potentialAction\":[{\"@type\":\"SearchAction\",\"target\":{\"@type\":\"EntryPoint\",\"urlTemplate\":\"https:\\\/\\\/www.biopapa.lt\\\/?s={search_term_string}\"},\"query-input\":{\"@type\":\"PropertyValueSpecification\",\"valueRequired\":true,\"valueName\":\"search_term_string\"}}],\"inLanguage\":\"en-US\"},{\"@type\":\"Organization\",\"@id\":\"https:\\\/\\\/www.biopapa.lt\\\/#organization\",\"name\":\"Biopapa\",\"url\":\"https:\\\/\\\/www.biopapa.lt\\\/\",\"logo\":{\"@type\":\"ImageObject\",\"inLanguage\":\"en-US\",\"@id\":\"https:\\\/\\\/www.biopapa.lt\\\/#\\\/schema\\\/logo\\\/image\\\/\",\"url\":\"https:\\\/\\\/www.biopapa.lt\\\/wp-content\\\/uploads\\\/2022\\\/04\\\/facebook_biopapa.jpg\",\"contentUrl\":\"https:\\\/\\\/www.biopapa.lt\\\/wp-content\\\/uploads\\\/2022\\\/04\\\/facebook_biopapa.jpg\",\"width\":1733,\"height\":907,\"caption\":\"Biopapa\"},\"image\":{\"@id\":\"https:\\\/\\\/www.biopapa.lt\\\/#\\\/schema\\\/logo\\\/image\\\/\"},\"sameAs\":[\"https:\\\/\\\/www.facebook.com\\\/biopapa.lt\"]}]}<\/script>\n<!-- \/ Yoast SEO plugin. -->","yoast_head_json":{"title":"Doy-pack compostable and biodegradable bag without window 110 x 65 x 185 mm - Biopapa","robots":{"index":"index","follow":"follow","max-snippet":"max-snippet:-1","max-image-preview":"max-image-preview:large","max-video-preview":"max-video-preview:-1"},"canonical":"https:\/\/www.biopapa.lt\/en\/product\/doy-pack-compostable-and-biodegradable-bag-without-window-110-x-65-x-185-mm\/","og_locale":"en_US","og_type":"article","og_title":"Doy-pack compostable and biodegradable bag without window 110 x 65 x 185 mm - Biopapa","og_description":"The Doy-pack compostable and biodegradable bag without window is a convenient, lightweight and versatile plastic-free packaging. Technical data: &#8211; biodegradable","og_url":"https:\/\/www.biopapa.lt\/en\/product\/doy-pack-compostable-and-biodegradable-bag-without-window-110-x-65-x-185-mm\/","og_site_name":"Biopapa","article_publisher":"https:\/\/www.facebook.com\/biopapa.lt","article_modified_time":"2023-10-26T08:40:48+00:00","og_image":[{"width":800,"height":640,"url":"https:\/\/www.biopapa.lt\/wp-content\/uploads\/2023\/05\/Doy-pack-kompostuojamas-ir-biologiskai-suyrantis-maiselis-be-langelio-110x65x185mm-.png","type":"image\/png"}],"twitter_card":"summary_large_image","schema":{"@context":"https:\/\/schema.org","@graph":[{"@type":"WebPage","@id":"https:\/\/www.biopapa.lt\/en\/product\/doy-pack-compostable-and-biodegradable-bag-without-window-110-x-65-x-185-mm\/","url":"https:\/\/www.biopapa.lt\/en\/product\/doy-pack-compostable-and-biodegradable-bag-without-window-110-x-65-x-185-mm\/","name":"Doy-pack compostable and biodegradable bag without window 110 x 65 x 185 mm - Biopapa","isPartOf":{"@id":"https:\/\/www.biopapa.lt\/#website"},"primaryImageOfPage":{"@id":"https:\/\/www.biopapa.lt\/en\/product\/doy-pack-compostable-and-biodegradable-bag-without-window-110-x-65-x-185-mm\/#primaryimage"},"image":{"@id":"https:\/\/www.biopapa.lt\/en\/product\/doy-pack-compostable-and-biodegradable-bag-without-window-110-x-65-x-185-mm\/#primaryimage"},"thumbnailUrl":"https:\/\/www.biopapa.lt\/wp-content\/uploads\/2023\/05\/Doy-pack-kompostuojamas-ir-biologiskai-suyrantis-maiselis-be-langelio-110x65x185mm-.png","datePublished":"2023-05-25T08:22:29+00:00","dateModified":"2023-10-26T08:40:48+00:00","breadcrumb":{"@id":"https:\/\/www.biopapa.lt\/en\/product\/doy-pack-compostable-and-biodegradable-bag-without-window-110-x-65-x-185-mm\/#breadcrumb"},"inLanguage":"en-US","potentialAction":[{"@type":"ReadAction","target":["https:\/\/www.biopapa.lt\/en\/product\/doy-pack-compostable-and-biodegradable-bag-without-window-110-x-65-x-185-mm\/"]}]},{"@type":"ImageObject","inLanguage":"en-US","@id":"https:\/\/www.biopapa.lt\/en\/product\/doy-pack-compostable-and-biodegradable-bag-without-window-110-x-65-x-185-mm\/#primaryimage","url":"https:\/\/www.biopapa.lt\/wp-content\/uploads\/2023\/05\/Doy-pack-kompostuojamas-ir-biologiskai-suyrantis-maiselis-be-langelio-110x65x185mm-.png","contentUrl":"https:\/\/www.biopapa.lt\/wp-content\/uploads\/2023\/05\/Doy-pack-kompostuojamas-ir-biologiskai-suyrantis-maiselis-be-langelio-110x65x185mm-.png","width":800,"height":640,"caption":"Doy-pack compostable and biodegradable bag without window 110 x 65 x 185 mm"},{"@type":"BreadcrumbList","@id":"https:\/\/www.biopapa.lt\/en\/product\/doy-pack-compostable-and-biodegradable-bag-without-window-110-x-65-x-185-mm\/#breadcrumb","itemListElement":[{"@type":"ListItem","position":1,"name":"Home","item":"https:\/\/www.biopapa.lt\/en\/"},{"@type":"ListItem","position":2,"name":"Shop","item":"https:\/\/www.biopapa.lt\/en\/shop\/"},{"@type":"ListItem","position":3,"name":"Doy-pack compostable and biodegradable bag without window 110 x 65 x 185 mm"}]},{"@type":"WebSite","@id":"https:\/\/www.biopapa.lt\/#website","url":"https:\/\/www.biopapa.lt\/","name":"Biopapa","description":"\u0160var\u016bs ekologi\u0161ki produktai","publisher":{"@id":"https:\/\/www.biopapa.lt\/#organization"},"potentialAction":[{"@type":"SearchAction","target":{"@type":"EntryPoint","urlTemplate":"https:\/\/www.biopapa.lt\/?s={search_term_string}"},"query-input":{"@type":"PropertyValueSpecification","valueRequired":true,"valueName":"search_term_string"}}],"inLanguage":"en-US"},{"@type":"Organization","@id":"https:\/\/www.biopapa.lt\/#organization","name":"Biopapa","url":"https:\/\/www.biopapa.lt\/","logo":{"@type":"ImageObject","inLanguage":"en-US","@id":"https:\/\/www.biopapa.lt\/#\/schema\/logo\/image\/","url":"https:\/\/www.biopapa.lt\/wp-content\/uploads\/2022\/04\/facebook_biopapa.jpg","contentUrl":"https:\/\/www.biopapa.lt\/wp-content\/uploads\/2022\/04\/facebook_biopapa.jpg","width":1733,"height":907,"caption":"Biopapa"},"image":{"@id":"https:\/\/www.biopapa.lt\/#\/schema\/logo\/image\/"},"sameAs":["https:\/\/www.facebook.com\/biopapa.lt"]}]}},"_links":{"self":[{"href":"https:\/\/www.biopapa.lt\/en\/wp-json\/wp\/v2\/product\/36549","targetHints":{"allow":["GET"]}}],"collection":[{"href":"https:\/\/www.biopapa.lt\/en\/wp-json\/wp\/v2\/product"}],"about":[{"href":"https:\/\/www.biopapa.lt\/en\/wp-json\/wp\/v2\/types\/product"}],"wp:featuredmedia":[{"embeddable":true,"href":"https:\/\/www.biopapa.lt\/en\/wp-json\/wp\/v2\/media\/30493"}],"wp:attachment":[{"href":"https:\/\/www.biopapa.lt\/en\/wp-json\/wp\/v2\/media?parent=36549"}],"wp:term":[{"taxonomy":"product_brand","embeddable":true,"href":"https:\/\/www.biopapa.lt\/en\/wp-json\/wp\/v2\/product_brand?post=36549"},{"taxonomy":"product_cat","embeddable":true,"href":"https:\/\/www.biopapa.lt\/en\/wp-json\/wp\/v2\/product_cat?post=36549"},{"taxonomy":"product_tag","embeddable":true,"href":"https:\/\/www.biopapa.lt\/en\/wp-json\/wp\/v2\/product_tag?post=36549"}],"curies":[{"name":"wp","href":"https:\/\/api.w.org\/{rel}","templated":true}]}}