{"id":36464,"date":"2022-08-25T14:32:40","date_gmt":"2022-08-25T11:32:40","guid":{"rendered":"https:\/\/www.biopapa.lt\/produktas\/benanna-black-natural-whitening-toothpaste-without-fluoride-with-activated-charcoal-mint-oil-aloe-vera-and-sea-buckthorn-100-ml\/"},"modified":"2026-03-08T01:05:38","modified_gmt":"2026-03-07T23:05:38","slug":"natural-whitening-toothpaste-without-fluoride-with-activated-charcoal-mint-oil-aloe-vera-and-sea-buckthorn-black-ben-and-anna-100ml","status":"publish","type":"product","link":"https:\/\/www.biopapa.lt\/en\/produktas\/natural-whitening-toothpaste-without-fluoride-with-activated-charcoal-mint-oil-aloe-vera-and-sea-buckthorn-black-ben-and-anna-100ml\/","title":{"rendered":"Natural whitening toothpaste without fluoride with activated charcoal, mint oil, aloe vera and sea buckthorn, Black BEN&amp;ANNA, 100 ml"},"content":{"rendered":"<p>Black toothpaste for bright white teeth. The formula with sea buckthorn and chamomile gives teeth strength and is gentle on the gums. Activated charcoal helps maintain the natural whiteness of your teeth. Fresh mint flavour.<\/p>\n<p>&#8211; Contains no EDTA, phthalates, triclosan, SLS, formaldehyde, peroxide, microplastics.<br \/>\n&#8211; Suitable for vegans.<br \/>\n&#8211; Plastic-free.<br \/>\n&#8211; Eco-friendly, recyclable glass packaging.<\/p>\n<p>Place a small amount (pea-sized) on the toothbrush, brush for 2 minutes and rinse well.<\/p>\n<p>The glass jar with metal lid can be recycled. The recycled paper box can be composted or recycled with the paper. The bamboo toothpaste spatula in the box is compostable.<\/p>\n","protected":false},"excerpt":{"rendered":"<p>Black toothpaste for bright white teeth. The formula with sea buckthorn and chamomile gives teeth strength and is gentle on<\/p>\n","protected":false},"featured_media":101778,"template":"","meta":{"_acf_changed":false},"product_brand":[],"product_cat":[1962,1964],"product_tag":[2040,2088],"class_list":{"0":"post-36464","1":"product","2":"type-product","3":"status-publish","4":"has-post-thumbnail","6":"product_cat-beauty-and-hygiene","7":"product_cat-oral-hygiene","8":"product_tag-oral-hygiene","9":"product_tag-vegan","11":"first","12":"instock","13":"shipping-taxable","14":"purchasable","15":"product-type-simple"},"acf":[],"yoast_head":"<!-- This site is optimized with the Yoast SEO plugin v27.5 - https:\/\/yoast.com\/product\/yoast-seo-wordpress\/ -->\n<title>Natural whitening toothpaste without fluoride with activated charcoal, mint oil, aloe vera and sea buckthorn, Black BEN&amp;ANNA, 100 ml - Biopapa<\/title>\n<meta name=\"description\" content=\"The formula with sea buckthorn and chamomile gives teeth strength and is gentle on the gums.\" \/>\n<meta name=\"robots\" content=\"index, follow, max-snippet:-1, max-image-preview:large, max-video-preview:-1\" \/>\n<link rel=\"canonical\" href=\"https:\/\/www.biopapa.lt\/en\/produktas\/natural-whitening-toothpaste-without-fluoride-with-activated-charcoal-mint-oil-aloe-vera-and-sea-buckthorn-black-ben-and-anna-100ml\/\" \/>\n<meta property=\"og:locale\" content=\"en_US\" \/>\n<meta property=\"og:type\" content=\"article\" \/>\n<meta property=\"og:title\" content=\"Natural whitening toothpaste without fluoride with activated charcoal, mint oil, aloe vera and sea buckthorn, Black BEN&amp;ANNA, 100 ml - Biopapa\" \/>\n<meta property=\"og:description\" content=\"The formula with sea buckthorn and chamomile gives teeth strength and is gentle on the gums.\" \/>\n<meta property=\"og:url\" content=\"https:\/\/www.biopapa.lt\/en\/produktas\/natural-whitening-toothpaste-without-fluoride-with-activated-charcoal-mint-oil-aloe-vera-and-sea-buckthorn-black-ben-and-anna-100ml\/\" \/>\n<meta property=\"og:site_name\" content=\"Biopapa\" \/>\n<meta property=\"article:publisher\" content=\"https:\/\/www.facebook.com\/biopapa.lt\" \/>\n<meta property=\"article:modified_time\" content=\"2026-03-07T23:05:38+00:00\" \/>\n<meta property=\"og:image\" content=\"https:\/\/www.biopapa.lt\/wp-content\/uploads\/2022\/08\/Naturali-balinanti-dantu-pasta-BENANNA-BLACK-be-fluoro-su-aktyvuota-anglimi-metu-aliejumi-alaviju-ir-saltalankiu.png\" \/>\n\t<meta property=\"og:image:width\" content=\"800\" \/>\n\t<meta property=\"og:image:height\" content=\"640\" \/>\n\t<meta property=\"og:image:type\" content=\"image\/png\" \/>\n<meta name=\"twitter:card\" content=\"summary_large_image\" \/>\n<script type=\"application\/ld+json\" class=\"yoast-schema-graph\">{\"@context\":\"https:\\\/\\\/schema.org\",\"@graph\":[{\"@type\":\"WebPage\",\"@id\":\"https:\\\/\\\/www.biopapa.lt\\\/en\\\/produktas\\\/natural-whitening-toothpaste-without-fluoride-with-activated-charcoal-mint-oil-aloe-vera-and-sea-buckthorn-black-ben-and-anna-100ml\\\/\",\"url\":\"https:\\\/\\\/www.biopapa.lt\\\/en\\\/produktas\\\/natural-whitening-toothpaste-without-fluoride-with-activated-charcoal-mint-oil-aloe-vera-and-sea-buckthorn-black-ben-and-anna-100ml\\\/\",\"name\":\"Natural whitening toothpaste without fluoride with activated charcoal, mint oil, aloe vera and sea buckthorn, Black BEN&amp;ANNA, 100 ml - Biopapa\",\"isPartOf\":{\"@id\":\"https:\\\/\\\/www.biopapa.lt\\\/#website\"},\"primaryImageOfPage\":{\"@id\":\"https:\\\/\\\/www.biopapa.lt\\\/en\\\/produktas\\\/natural-whitening-toothpaste-without-fluoride-with-activated-charcoal-mint-oil-aloe-vera-and-sea-buckthorn-black-ben-and-anna-100ml\\\/#primaryimage\"},\"image\":{\"@id\":\"https:\\\/\\\/www.biopapa.lt\\\/en\\\/produktas\\\/natural-whitening-toothpaste-without-fluoride-with-activated-charcoal-mint-oil-aloe-vera-and-sea-buckthorn-black-ben-and-anna-100ml\\\/#primaryimage\"},\"thumbnailUrl\":\"https:\\\/\\\/www.biopapa.lt\\\/wp-content\\\/uploads\\\/2022\\\/08\\\/Naturali-balinanti-dantu-pasta-BENANNA-BLACK-be-fluoro-su-aktyvuota-anglimi-metu-aliejumi-alaviju-ir-saltalankiu.png\",\"datePublished\":\"2022-08-25T11:32:40+00:00\",\"dateModified\":\"2026-03-07T23:05:38+00:00\",\"description\":\"The formula with sea buckthorn and chamomile gives teeth strength and is gentle on the gums.\",\"breadcrumb\":{\"@id\":\"https:\\\/\\\/www.biopapa.lt\\\/en\\\/produktas\\\/natural-whitening-toothpaste-without-fluoride-with-activated-charcoal-mint-oil-aloe-vera-and-sea-buckthorn-black-ben-and-anna-100ml\\\/#breadcrumb\"},\"inLanguage\":\"en-US\",\"potentialAction\":[{\"@type\":\"ReadAction\",\"target\":[\"https:\\\/\\\/www.biopapa.lt\\\/en\\\/produktas\\\/natural-whitening-toothpaste-without-fluoride-with-activated-charcoal-mint-oil-aloe-vera-and-sea-buckthorn-black-ben-and-anna-100ml\\\/\"]}]},{\"@type\":\"ImageObject\",\"inLanguage\":\"en-US\",\"@id\":\"https:\\\/\\\/www.biopapa.lt\\\/en\\\/produktas\\\/natural-whitening-toothpaste-without-fluoride-with-activated-charcoal-mint-oil-aloe-vera-and-sea-buckthorn-black-ben-and-anna-100ml\\\/#primaryimage\",\"url\":\"https:\\\/\\\/www.biopapa.lt\\\/wp-content\\\/uploads\\\/2022\\\/08\\\/Naturali-balinanti-dantu-pasta-BENANNA-BLACK-be-fluoro-su-aktyvuota-anglimi-metu-aliejumi-alaviju-ir-saltalankiu.png\",\"contentUrl\":\"https:\\\/\\\/www.biopapa.lt\\\/wp-content\\\/uploads\\\/2022\\\/08\\\/Naturali-balinanti-dantu-pasta-BENANNA-BLACK-be-fluoro-su-aktyvuota-anglimi-metu-aliejumi-alaviju-ir-saltalankiu.png\",\"width\":800,\"height\":640},{\"@type\":\"BreadcrumbList\",\"@id\":\"https:\\\/\\\/www.biopapa.lt\\\/en\\\/produktas\\\/natural-whitening-toothpaste-without-fluoride-with-activated-charcoal-mint-oil-aloe-vera-and-sea-buckthorn-black-ben-and-anna-100ml\\\/#breadcrumb\",\"itemListElement\":[{\"@type\":\"ListItem\",\"position\":1,\"name\":\"Home\",\"item\":\"https:\\\/\\\/www.biopapa.lt\\\/en\\\/\"},{\"@type\":\"ListItem\",\"position\":2,\"name\":\"Shop\",\"item\":\"https:\\\/\\\/www.biopapa.lt\\\/en\\\/shop\\\/\"},{\"@type\":\"ListItem\",\"position\":3,\"name\":\"Natural whitening toothpaste without fluoride with activated charcoal, mint oil, aloe vera and sea buckthorn, Black BEN&amp;ANNA, 100 ml\"}]},{\"@type\":\"WebSite\",\"@id\":\"https:\\\/\\\/www.biopapa.lt\\\/#website\",\"url\":\"https:\\\/\\\/www.biopapa.lt\\\/\",\"name\":\"Biopapa\",\"description\":\"\u0160var\u016bs ekologi\u0161ki produktai\",\"publisher\":{\"@id\":\"https:\\\/\\\/www.biopapa.lt\\\/#organization\"},\"potentialAction\":[{\"@type\":\"SearchAction\",\"target\":{\"@type\":\"EntryPoint\",\"urlTemplate\":\"https:\\\/\\\/www.biopapa.lt\\\/?s={search_term_string}\"},\"query-input\":{\"@type\":\"PropertyValueSpecification\",\"valueRequired\":true,\"valueName\":\"search_term_string\"}}],\"inLanguage\":\"en-US\"},{\"@type\":\"Organization\",\"@id\":\"https:\\\/\\\/www.biopapa.lt\\\/#organization\",\"name\":\"Biopapa\",\"url\":\"https:\\\/\\\/www.biopapa.lt\\\/\",\"logo\":{\"@type\":\"ImageObject\",\"inLanguage\":\"en-US\",\"@id\":\"https:\\\/\\\/www.biopapa.lt\\\/#\\\/schema\\\/logo\\\/image\\\/\",\"url\":\"https:\\\/\\\/www.biopapa.lt\\\/wp-content\\\/uploads\\\/2022\\\/04\\\/facebook_biopapa.jpg\",\"contentUrl\":\"https:\\\/\\\/www.biopapa.lt\\\/wp-content\\\/uploads\\\/2022\\\/04\\\/facebook_biopapa.jpg\",\"width\":1733,\"height\":907,\"caption\":\"Biopapa\"},\"image\":{\"@id\":\"https:\\\/\\\/www.biopapa.lt\\\/#\\\/schema\\\/logo\\\/image\\\/\"},\"sameAs\":[\"https:\\\/\\\/www.facebook.com\\\/biopapa.lt\"]}]}<\/script>\n<!-- \/ Yoast SEO plugin. -->","yoast_head_json":{"title":"Natural whitening toothpaste without fluoride with activated charcoal, mint oil, aloe vera and sea buckthorn, Black BEN&amp;ANNA, 100 ml - Biopapa","description":"The formula with sea buckthorn and chamomile gives teeth strength and is gentle on the gums.","robots":{"index":"index","follow":"follow","max-snippet":"max-snippet:-1","max-image-preview":"max-image-preview:large","max-video-preview":"max-video-preview:-1"},"canonical":"https:\/\/www.biopapa.lt\/en\/produktas\/natural-whitening-toothpaste-without-fluoride-with-activated-charcoal-mint-oil-aloe-vera-and-sea-buckthorn-black-ben-and-anna-100ml\/","og_locale":"en_US","og_type":"article","og_title":"Natural whitening toothpaste without fluoride with activated charcoal, mint oil, aloe vera and sea buckthorn, Black BEN&amp;ANNA, 100 ml - Biopapa","og_description":"The formula with sea buckthorn and chamomile gives teeth strength and is gentle on the gums.","og_url":"https:\/\/www.biopapa.lt\/en\/produktas\/natural-whitening-toothpaste-without-fluoride-with-activated-charcoal-mint-oil-aloe-vera-and-sea-buckthorn-black-ben-and-anna-100ml\/","og_site_name":"Biopapa","article_publisher":"https:\/\/www.facebook.com\/biopapa.lt","article_modified_time":"2026-03-07T23:05:38+00:00","og_image":[{"width":800,"height":640,"url":"https:\/\/www.biopapa.lt\/wp-content\/uploads\/2022\/08\/Naturali-balinanti-dantu-pasta-BENANNA-BLACK-be-fluoro-su-aktyvuota-anglimi-metu-aliejumi-alaviju-ir-saltalankiu.png","type":"image\/png"}],"twitter_card":"summary_large_image","schema":{"@context":"https:\/\/schema.org","@graph":[{"@type":"WebPage","@id":"https:\/\/www.biopapa.lt\/en\/produktas\/natural-whitening-toothpaste-without-fluoride-with-activated-charcoal-mint-oil-aloe-vera-and-sea-buckthorn-black-ben-and-anna-100ml\/","url":"https:\/\/www.biopapa.lt\/en\/produktas\/natural-whitening-toothpaste-without-fluoride-with-activated-charcoal-mint-oil-aloe-vera-and-sea-buckthorn-black-ben-and-anna-100ml\/","name":"Natural whitening toothpaste without fluoride with activated charcoal, mint oil, aloe vera and sea buckthorn, Black BEN&amp;ANNA, 100 ml - Biopapa","isPartOf":{"@id":"https:\/\/www.biopapa.lt\/#website"},"primaryImageOfPage":{"@id":"https:\/\/www.biopapa.lt\/en\/produktas\/natural-whitening-toothpaste-without-fluoride-with-activated-charcoal-mint-oil-aloe-vera-and-sea-buckthorn-black-ben-and-anna-100ml\/#primaryimage"},"image":{"@id":"https:\/\/www.biopapa.lt\/en\/produktas\/natural-whitening-toothpaste-without-fluoride-with-activated-charcoal-mint-oil-aloe-vera-and-sea-buckthorn-black-ben-and-anna-100ml\/#primaryimage"},"thumbnailUrl":"https:\/\/www.biopapa.lt\/wp-content\/uploads\/2022\/08\/Naturali-balinanti-dantu-pasta-BENANNA-BLACK-be-fluoro-su-aktyvuota-anglimi-metu-aliejumi-alaviju-ir-saltalankiu.png","datePublished":"2022-08-25T11:32:40+00:00","dateModified":"2026-03-07T23:05:38+00:00","description":"The formula with sea buckthorn and chamomile gives teeth strength and is gentle on the gums.","breadcrumb":{"@id":"https:\/\/www.biopapa.lt\/en\/produktas\/natural-whitening-toothpaste-without-fluoride-with-activated-charcoal-mint-oil-aloe-vera-and-sea-buckthorn-black-ben-and-anna-100ml\/#breadcrumb"},"inLanguage":"en-US","potentialAction":[{"@type":"ReadAction","target":["https:\/\/www.biopapa.lt\/en\/produktas\/natural-whitening-toothpaste-without-fluoride-with-activated-charcoal-mint-oil-aloe-vera-and-sea-buckthorn-black-ben-and-anna-100ml\/"]}]},{"@type":"ImageObject","inLanguage":"en-US","@id":"https:\/\/www.biopapa.lt\/en\/produktas\/natural-whitening-toothpaste-without-fluoride-with-activated-charcoal-mint-oil-aloe-vera-and-sea-buckthorn-black-ben-and-anna-100ml\/#primaryimage","url":"https:\/\/www.biopapa.lt\/wp-content\/uploads\/2022\/08\/Naturali-balinanti-dantu-pasta-BENANNA-BLACK-be-fluoro-su-aktyvuota-anglimi-metu-aliejumi-alaviju-ir-saltalankiu.png","contentUrl":"https:\/\/www.biopapa.lt\/wp-content\/uploads\/2022\/08\/Naturali-balinanti-dantu-pasta-BENANNA-BLACK-be-fluoro-su-aktyvuota-anglimi-metu-aliejumi-alaviju-ir-saltalankiu.png","width":800,"height":640},{"@type":"BreadcrumbList","@id":"https:\/\/www.biopapa.lt\/en\/produktas\/natural-whitening-toothpaste-without-fluoride-with-activated-charcoal-mint-oil-aloe-vera-and-sea-buckthorn-black-ben-and-anna-100ml\/#breadcrumb","itemListElement":[{"@type":"ListItem","position":1,"name":"Home","item":"https:\/\/www.biopapa.lt\/en\/"},{"@type":"ListItem","position":2,"name":"Shop","item":"https:\/\/www.biopapa.lt\/en\/shop\/"},{"@type":"ListItem","position":3,"name":"Natural whitening toothpaste without fluoride with activated charcoal, mint oil, aloe vera and sea buckthorn, Black BEN&amp;ANNA, 100 ml"}]},{"@type":"WebSite","@id":"https:\/\/www.biopapa.lt\/#website","url":"https:\/\/www.biopapa.lt\/","name":"Biopapa","description":"\u0160var\u016bs ekologi\u0161ki produktai","publisher":{"@id":"https:\/\/www.biopapa.lt\/#organization"},"potentialAction":[{"@type":"SearchAction","target":{"@type":"EntryPoint","urlTemplate":"https:\/\/www.biopapa.lt\/?s={search_term_string}"},"query-input":{"@type":"PropertyValueSpecification","valueRequired":true,"valueName":"search_term_string"}}],"inLanguage":"en-US"},{"@type":"Organization","@id":"https:\/\/www.biopapa.lt\/#organization","name":"Biopapa","url":"https:\/\/www.biopapa.lt\/","logo":{"@type":"ImageObject","inLanguage":"en-US","@id":"https:\/\/www.biopapa.lt\/#\/schema\/logo\/image\/","url":"https:\/\/www.biopapa.lt\/wp-content\/uploads\/2022\/04\/facebook_biopapa.jpg","contentUrl":"https:\/\/www.biopapa.lt\/wp-content\/uploads\/2022\/04\/facebook_biopapa.jpg","width":1733,"height":907,"caption":"Biopapa"},"image":{"@id":"https:\/\/www.biopapa.lt\/#\/schema\/logo\/image\/"},"sameAs":["https:\/\/www.facebook.com\/biopapa.lt"]}]}},"_links":{"self":[{"href":"https:\/\/www.biopapa.lt\/en\/wp-json\/wp\/v2\/product\/36464","targetHints":{"allow":["GET"]}}],"collection":[{"href":"https:\/\/www.biopapa.lt\/en\/wp-json\/wp\/v2\/product"}],"about":[{"href":"https:\/\/www.biopapa.lt\/en\/wp-json\/wp\/v2\/types\/product"}],"wp:featuredmedia":[{"embeddable":true,"href":"https:\/\/www.biopapa.lt\/en\/wp-json\/wp\/v2\/media\/101778"}],"wp:attachment":[{"href":"https:\/\/www.biopapa.lt\/en\/wp-json\/wp\/v2\/media?parent=36464"}],"wp:term":[{"taxonomy":"product_brand","embeddable":true,"href":"https:\/\/www.biopapa.lt\/en\/wp-json\/wp\/v2\/product_brand?post=36464"},{"taxonomy":"product_cat","embeddable":true,"href":"https:\/\/www.biopapa.lt\/en\/wp-json\/wp\/v2\/product_cat?post=36464"},{"taxonomy":"product_tag","embeddable":true,"href":"https:\/\/www.biopapa.lt\/en\/wp-json\/wp\/v2\/product_tag?post=36464"}],"curies":[{"name":"wp","href":"https:\/\/api.w.org\/{rel}","templated":true}]}}