{"id":36463,"date":"2022-08-25T14:36:27","date_gmt":"2022-08-25T11:36:27","guid":{"rendered":"https:\/\/www.biopapa.lt\/produktas\/benanna-sensitive-natural-toothpaste-for-sensitive-teeth-with-chamomile-flower-extract-100-ml\/"},"modified":"2026-03-08T01:05:13","modified_gmt":"2026-03-07T23:05:13","slug":"natural-toothpaste-for-sensitive-teeth-with-chamomile-flower-extract-sensitive-ben-and-anna-100ml","status":"publish","type":"product","link":"https:\/\/www.biopapa.lt\/en\/produktas\/natural-toothpaste-for-sensitive-teeth-with-chamomile-flower-extract-sensitive-ben-and-anna-100ml\/","title":{"rendered":"Natural toothpaste for sensitive teeth with chamomile flower extract, Sensitive BEN&amp;ANNA, 100 ml"},"content":{"rendered":"<p>Natural toothpaste for sensitive teeth with sea buckthorn, chamomile and aloe vera. Chamomile extract has anti-inflammatory properties and relieves pain and discomfort caused by tooth sensitivity. Aloe vera and sea buckthorn protect teeth and keep them in good condition. Peppermint oil provides freshness. The toothpaste gently cleans and protects sensitive tooth enamel from damage. The active organic ingredients in the toothpaste reduce enamel sensitivity, soothe and strengthen gums.<\/p>\n<p>To use: apply a small amount (pea-sized) with a wooden spatula to a toothbrush and brush as usual.<\/p>\n<p>The product does not contain microplastics, peroxide, phthalates, sodium lauryl sulfate (SLS). Fully recyclable packaging. Suitable for vegans. The biologically active ingredients in the toothpaste reduce enamel sensitivity, soothe and strengthen gums. The paste has a long-lasting antibacterial effect and a fresh smell.<br \/>\n&#8211; Suitable for vegans.<br \/>\n&#8211; Free of formaldehyde, peroxide and microplastics.<br \/>\n&#8211; Eco-friendly, recyclable glass packaging.<\/p>\n<p>Toothpaste in plastic packaging, like plastic toothbrushes, cannot be recycled, so they end their lives in landfills, forests or the sea. The average person uses 300 toothbrushes and a similar number of toothpaste tubes in a lifetime. In Lithuania alone, 11 million tonnes of waste is dumped in landfills every year. plastic toothbrushes that will never break. Can you change that? Yes, choose toothpaste in recyclable packaging and a wooden toothbrush!<\/p>\n<p>The glass jar with metal lid can be recycled. The recycled paper box can be composted or recycled with the paper. The bamboo toothpaste spatula in the box is compostable.<\/p>\n","protected":false},"excerpt":{"rendered":"<p>Natural toothpaste for sensitive teeth with sea buckthorn, chamomile and aloe vera. Chamomile extract has anti-inflammatory properties and relieves pain<\/p>\n","protected":false},"featured_media":30481,"template":"","meta":{"_acf_changed":false},"product_brand":[],"product_cat":[1962,1964],"product_tag":[2040,2088],"class_list":{"0":"post-36463","1":"product","2":"type-product","3":"status-publish","4":"has-post-thumbnail","6":"product_cat-beauty-and-hygiene","7":"product_cat-oral-hygiene","8":"product_tag-oral-hygiene","9":"product_tag-vegan","11":"first","12":"instock","13":"shipping-taxable","14":"purchasable","15":"product-type-simple"},"acf":[],"yoast_head":"<!-- This site is optimized with the Yoast SEO plugin v27.5 - https:\/\/yoast.com\/product\/yoast-seo-wordpress\/ -->\n<title>Natural toothpaste for sensitive teeth with chamomile flower extract, Sensitive BEN&amp;ANNA, 100 ml - Biopapa<\/title>\n<meta name=\"description\" content=\"Natural toothpaste for sensitive teeth with sea buckthorn, chamomile and aloe vera. The toothpaste gently cleans and protects sensitive tooth enamel from damage.\" \/>\n<meta name=\"robots\" content=\"index, follow, max-snippet:-1, max-image-preview:large, max-video-preview:-1\" \/>\n<link rel=\"canonical\" href=\"https:\/\/www.biopapa.lt\/en\/produktas\/natural-toothpaste-for-sensitive-teeth-with-chamomile-flower-extract-sensitive-ben-and-anna-100ml\/\" \/>\n<meta property=\"og:locale\" content=\"en_US\" \/>\n<meta property=\"og:type\" content=\"article\" \/>\n<meta property=\"og:title\" content=\"Natural toothpaste for sensitive teeth with chamomile flower extract, Sensitive BEN&amp;ANNA, 100 ml - Biopapa\" \/>\n<meta property=\"og:description\" content=\"Natural toothpaste for sensitive teeth with sea buckthorn, chamomile and aloe vera. The toothpaste gently cleans and protects sensitive tooth enamel from damage.\" \/>\n<meta property=\"og:url\" content=\"https:\/\/www.biopapa.lt\/en\/produktas\/natural-toothpaste-for-sensitive-teeth-with-chamomile-flower-extract-sensitive-ben-and-anna-100ml\/\" \/>\n<meta property=\"og:site_name\" content=\"Biopapa\" \/>\n<meta property=\"article:publisher\" content=\"https:\/\/www.facebook.com\/biopapa.lt\" \/>\n<meta property=\"article:modified_time\" content=\"2026-03-07T23:05:13+00:00\" \/>\n<meta property=\"og:image\" content=\"https:\/\/www.biopapa.lt\/wp-content\/uploads\/2022\/08\/Naturali-dantu-pasta-BENANNA-SENSITIVE-jautriems-dantims-su-ramuneliu-ziedu-ekstraktu-100-ml-2.png\" \/>\n\t<meta property=\"og:image:width\" content=\"800\" \/>\n\t<meta property=\"og:image:height\" content=\"640\" \/>\n\t<meta property=\"og:image:type\" content=\"image\/png\" \/>\n<meta name=\"twitter:card\" content=\"summary_large_image\" \/>\n<script type=\"application\/ld+json\" class=\"yoast-schema-graph\">{\"@context\":\"https:\\\/\\\/schema.org\",\"@graph\":[{\"@type\":\"WebPage\",\"@id\":\"https:\\\/\\\/www.biopapa.lt\\\/en\\\/produktas\\\/natural-toothpaste-for-sensitive-teeth-with-chamomile-flower-extract-sensitive-ben-and-anna-100ml\\\/\",\"url\":\"https:\\\/\\\/www.biopapa.lt\\\/en\\\/produktas\\\/natural-toothpaste-for-sensitive-teeth-with-chamomile-flower-extract-sensitive-ben-and-anna-100ml\\\/\",\"name\":\"Natural toothpaste for sensitive teeth with chamomile flower extract, Sensitive BEN&amp;ANNA, 100 ml - Biopapa\",\"isPartOf\":{\"@id\":\"https:\\\/\\\/www.biopapa.lt\\\/#website\"},\"primaryImageOfPage\":{\"@id\":\"https:\\\/\\\/www.biopapa.lt\\\/en\\\/produktas\\\/natural-toothpaste-for-sensitive-teeth-with-chamomile-flower-extract-sensitive-ben-and-anna-100ml\\\/#primaryimage\"},\"image\":{\"@id\":\"https:\\\/\\\/www.biopapa.lt\\\/en\\\/produktas\\\/natural-toothpaste-for-sensitive-teeth-with-chamomile-flower-extract-sensitive-ben-and-anna-100ml\\\/#primaryimage\"},\"thumbnailUrl\":\"https:\\\/\\\/www.biopapa.lt\\\/wp-content\\\/uploads\\\/2022\\\/08\\\/Naturali-dantu-pasta-BENANNA-SENSITIVE-jautriems-dantims-su-ramuneliu-ziedu-ekstraktu-100-ml-2.png\",\"datePublished\":\"2022-08-25T11:36:27+00:00\",\"dateModified\":\"2026-03-07T23:05:13+00:00\",\"description\":\"Natural toothpaste for sensitive teeth with sea buckthorn, chamomile and aloe vera. The toothpaste gently cleans and protects sensitive tooth enamel from damage.\",\"breadcrumb\":{\"@id\":\"https:\\\/\\\/www.biopapa.lt\\\/en\\\/produktas\\\/natural-toothpaste-for-sensitive-teeth-with-chamomile-flower-extract-sensitive-ben-and-anna-100ml\\\/#breadcrumb\"},\"inLanguage\":\"en-US\",\"potentialAction\":[{\"@type\":\"ReadAction\",\"target\":[\"https:\\\/\\\/www.biopapa.lt\\\/en\\\/produktas\\\/natural-toothpaste-for-sensitive-teeth-with-chamomile-flower-extract-sensitive-ben-and-anna-100ml\\\/\"]}]},{\"@type\":\"ImageObject\",\"inLanguage\":\"en-US\",\"@id\":\"https:\\\/\\\/www.biopapa.lt\\\/en\\\/produktas\\\/natural-toothpaste-for-sensitive-teeth-with-chamomile-flower-extract-sensitive-ben-and-anna-100ml\\\/#primaryimage\",\"url\":\"https:\\\/\\\/www.biopapa.lt\\\/wp-content\\\/uploads\\\/2022\\\/08\\\/Naturali-dantu-pasta-BENANNA-SENSITIVE-jautriems-dantims-su-ramuneliu-ziedu-ekstraktu-100-ml-2.png\",\"contentUrl\":\"https:\\\/\\\/www.biopapa.lt\\\/wp-content\\\/uploads\\\/2022\\\/08\\\/Naturali-dantu-pasta-BENANNA-SENSITIVE-jautriems-dantims-su-ramuneliu-ziedu-ekstraktu-100-ml-2.png\",\"width\":800,\"height\":640,\"caption\":\"BEN&amp;ANNA SENSITIVE natural toothpaste for sensitive teeth with chamomile flower extract, 100 ml\"},{\"@type\":\"BreadcrumbList\",\"@id\":\"https:\\\/\\\/www.biopapa.lt\\\/en\\\/produktas\\\/natural-toothpaste-for-sensitive-teeth-with-chamomile-flower-extract-sensitive-ben-and-anna-100ml\\\/#breadcrumb\",\"itemListElement\":[{\"@type\":\"ListItem\",\"position\":1,\"name\":\"Home\",\"item\":\"https:\\\/\\\/www.biopapa.lt\\\/en\\\/\"},{\"@type\":\"ListItem\",\"position\":2,\"name\":\"Shop\",\"item\":\"https:\\\/\\\/www.biopapa.lt\\\/en\\\/shop\\\/\"},{\"@type\":\"ListItem\",\"position\":3,\"name\":\"Natural toothpaste for sensitive teeth with chamomile flower extract, Sensitive BEN&amp;ANNA, 100 ml\"}]},{\"@type\":\"WebSite\",\"@id\":\"https:\\\/\\\/www.biopapa.lt\\\/#website\",\"url\":\"https:\\\/\\\/www.biopapa.lt\\\/\",\"name\":\"Biopapa\",\"description\":\"\u0160var\u016bs ekologi\u0161ki produktai\",\"publisher\":{\"@id\":\"https:\\\/\\\/www.biopapa.lt\\\/#organization\"},\"potentialAction\":[{\"@type\":\"SearchAction\",\"target\":{\"@type\":\"EntryPoint\",\"urlTemplate\":\"https:\\\/\\\/www.biopapa.lt\\\/?s={search_term_string}\"},\"query-input\":{\"@type\":\"PropertyValueSpecification\",\"valueRequired\":true,\"valueName\":\"search_term_string\"}}],\"inLanguage\":\"en-US\"},{\"@type\":\"Organization\",\"@id\":\"https:\\\/\\\/www.biopapa.lt\\\/#organization\",\"name\":\"Biopapa\",\"url\":\"https:\\\/\\\/www.biopapa.lt\\\/\",\"logo\":{\"@type\":\"ImageObject\",\"inLanguage\":\"en-US\",\"@id\":\"https:\\\/\\\/www.biopapa.lt\\\/#\\\/schema\\\/logo\\\/image\\\/\",\"url\":\"https:\\\/\\\/www.biopapa.lt\\\/wp-content\\\/uploads\\\/2022\\\/04\\\/facebook_biopapa.jpg\",\"contentUrl\":\"https:\\\/\\\/www.biopapa.lt\\\/wp-content\\\/uploads\\\/2022\\\/04\\\/facebook_biopapa.jpg\",\"width\":1733,\"height\":907,\"caption\":\"Biopapa\"},\"image\":{\"@id\":\"https:\\\/\\\/www.biopapa.lt\\\/#\\\/schema\\\/logo\\\/image\\\/\"},\"sameAs\":[\"https:\\\/\\\/www.facebook.com\\\/biopapa.lt\"]}]}<\/script>\n<!-- \/ Yoast SEO plugin. -->","yoast_head_json":{"title":"Natural toothpaste for sensitive teeth with chamomile flower extract, Sensitive BEN&amp;ANNA, 100 ml - Biopapa","description":"Natural toothpaste for sensitive teeth with sea buckthorn, chamomile and aloe vera. The toothpaste gently cleans and protects sensitive tooth enamel from damage.","robots":{"index":"index","follow":"follow","max-snippet":"max-snippet:-1","max-image-preview":"max-image-preview:large","max-video-preview":"max-video-preview:-1"},"canonical":"https:\/\/www.biopapa.lt\/en\/produktas\/natural-toothpaste-for-sensitive-teeth-with-chamomile-flower-extract-sensitive-ben-and-anna-100ml\/","og_locale":"en_US","og_type":"article","og_title":"Natural toothpaste for sensitive teeth with chamomile flower extract, Sensitive BEN&amp;ANNA, 100 ml - Biopapa","og_description":"Natural toothpaste for sensitive teeth with sea buckthorn, chamomile and aloe vera. The toothpaste gently cleans and protects sensitive tooth enamel from damage.","og_url":"https:\/\/www.biopapa.lt\/en\/produktas\/natural-toothpaste-for-sensitive-teeth-with-chamomile-flower-extract-sensitive-ben-and-anna-100ml\/","og_site_name":"Biopapa","article_publisher":"https:\/\/www.facebook.com\/biopapa.lt","article_modified_time":"2026-03-07T23:05:13+00:00","og_image":[{"width":800,"height":640,"url":"https:\/\/www.biopapa.lt\/wp-content\/uploads\/2022\/08\/Naturali-dantu-pasta-BENANNA-SENSITIVE-jautriems-dantims-su-ramuneliu-ziedu-ekstraktu-100-ml-2.png","type":"image\/png"}],"twitter_card":"summary_large_image","schema":{"@context":"https:\/\/schema.org","@graph":[{"@type":"WebPage","@id":"https:\/\/www.biopapa.lt\/en\/produktas\/natural-toothpaste-for-sensitive-teeth-with-chamomile-flower-extract-sensitive-ben-and-anna-100ml\/","url":"https:\/\/www.biopapa.lt\/en\/produktas\/natural-toothpaste-for-sensitive-teeth-with-chamomile-flower-extract-sensitive-ben-and-anna-100ml\/","name":"Natural toothpaste for sensitive teeth with chamomile flower extract, Sensitive BEN&amp;ANNA, 100 ml - Biopapa","isPartOf":{"@id":"https:\/\/www.biopapa.lt\/#website"},"primaryImageOfPage":{"@id":"https:\/\/www.biopapa.lt\/en\/produktas\/natural-toothpaste-for-sensitive-teeth-with-chamomile-flower-extract-sensitive-ben-and-anna-100ml\/#primaryimage"},"image":{"@id":"https:\/\/www.biopapa.lt\/en\/produktas\/natural-toothpaste-for-sensitive-teeth-with-chamomile-flower-extract-sensitive-ben-and-anna-100ml\/#primaryimage"},"thumbnailUrl":"https:\/\/www.biopapa.lt\/wp-content\/uploads\/2022\/08\/Naturali-dantu-pasta-BENANNA-SENSITIVE-jautriems-dantims-su-ramuneliu-ziedu-ekstraktu-100-ml-2.png","datePublished":"2022-08-25T11:36:27+00:00","dateModified":"2026-03-07T23:05:13+00:00","description":"Natural toothpaste for sensitive teeth with sea buckthorn, chamomile and aloe vera. The toothpaste gently cleans and protects sensitive tooth enamel from damage.","breadcrumb":{"@id":"https:\/\/www.biopapa.lt\/en\/produktas\/natural-toothpaste-for-sensitive-teeth-with-chamomile-flower-extract-sensitive-ben-and-anna-100ml\/#breadcrumb"},"inLanguage":"en-US","potentialAction":[{"@type":"ReadAction","target":["https:\/\/www.biopapa.lt\/en\/produktas\/natural-toothpaste-for-sensitive-teeth-with-chamomile-flower-extract-sensitive-ben-and-anna-100ml\/"]}]},{"@type":"ImageObject","inLanguage":"en-US","@id":"https:\/\/www.biopapa.lt\/en\/produktas\/natural-toothpaste-for-sensitive-teeth-with-chamomile-flower-extract-sensitive-ben-and-anna-100ml\/#primaryimage","url":"https:\/\/www.biopapa.lt\/wp-content\/uploads\/2022\/08\/Naturali-dantu-pasta-BENANNA-SENSITIVE-jautriems-dantims-su-ramuneliu-ziedu-ekstraktu-100-ml-2.png","contentUrl":"https:\/\/www.biopapa.lt\/wp-content\/uploads\/2022\/08\/Naturali-dantu-pasta-BENANNA-SENSITIVE-jautriems-dantims-su-ramuneliu-ziedu-ekstraktu-100-ml-2.png","width":800,"height":640,"caption":"BEN&amp;ANNA SENSITIVE natural toothpaste for sensitive teeth with chamomile flower extract, 100 ml"},{"@type":"BreadcrumbList","@id":"https:\/\/www.biopapa.lt\/en\/produktas\/natural-toothpaste-for-sensitive-teeth-with-chamomile-flower-extract-sensitive-ben-and-anna-100ml\/#breadcrumb","itemListElement":[{"@type":"ListItem","position":1,"name":"Home","item":"https:\/\/www.biopapa.lt\/en\/"},{"@type":"ListItem","position":2,"name":"Shop","item":"https:\/\/www.biopapa.lt\/en\/shop\/"},{"@type":"ListItem","position":3,"name":"Natural toothpaste for sensitive teeth with chamomile flower extract, Sensitive BEN&amp;ANNA, 100 ml"}]},{"@type":"WebSite","@id":"https:\/\/www.biopapa.lt\/#website","url":"https:\/\/www.biopapa.lt\/","name":"Biopapa","description":"\u0160var\u016bs ekologi\u0161ki produktai","publisher":{"@id":"https:\/\/www.biopapa.lt\/#organization"},"potentialAction":[{"@type":"SearchAction","target":{"@type":"EntryPoint","urlTemplate":"https:\/\/www.biopapa.lt\/?s={search_term_string}"},"query-input":{"@type":"PropertyValueSpecification","valueRequired":true,"valueName":"search_term_string"}}],"inLanguage":"en-US"},{"@type":"Organization","@id":"https:\/\/www.biopapa.lt\/#organization","name":"Biopapa","url":"https:\/\/www.biopapa.lt\/","logo":{"@type":"ImageObject","inLanguage":"en-US","@id":"https:\/\/www.biopapa.lt\/#\/schema\/logo\/image\/","url":"https:\/\/www.biopapa.lt\/wp-content\/uploads\/2022\/04\/facebook_biopapa.jpg","contentUrl":"https:\/\/www.biopapa.lt\/wp-content\/uploads\/2022\/04\/facebook_biopapa.jpg","width":1733,"height":907,"caption":"Biopapa"},"image":{"@id":"https:\/\/www.biopapa.lt\/#\/schema\/logo\/image\/"},"sameAs":["https:\/\/www.facebook.com\/biopapa.lt"]}]}},"_links":{"self":[{"href":"https:\/\/www.biopapa.lt\/en\/wp-json\/wp\/v2\/product\/36463","targetHints":{"allow":["GET"]}}],"collection":[{"href":"https:\/\/www.biopapa.lt\/en\/wp-json\/wp\/v2\/product"}],"about":[{"href":"https:\/\/www.biopapa.lt\/en\/wp-json\/wp\/v2\/types\/product"}],"wp:featuredmedia":[{"embeddable":true,"href":"https:\/\/www.biopapa.lt\/en\/wp-json\/wp\/v2\/media\/30481"}],"wp:attachment":[{"href":"https:\/\/www.biopapa.lt\/en\/wp-json\/wp\/v2\/media?parent=36463"}],"wp:term":[{"taxonomy":"product_brand","embeddable":true,"href":"https:\/\/www.biopapa.lt\/en\/wp-json\/wp\/v2\/product_brand?post=36463"},{"taxonomy":"product_cat","embeddable":true,"href":"https:\/\/www.biopapa.lt\/en\/wp-json\/wp\/v2\/product_cat?post=36463"},{"taxonomy":"product_tag","embeddable":true,"href":"https:\/\/www.biopapa.lt\/en\/wp-json\/wp\/v2\/product_tag?post=36463"}],"curies":[{"name":"wp","href":"https:\/\/api.w.org\/{rel}","templated":true}]}}