{"id":36399,"date":"2023-08-07T16:51:28","date_gmt":"2023-08-07T13:51:28","guid":{"rendered":"https:\/\/www.biopapa.lt\/produktas\/matcha-tea-gift-set\/"},"modified":"2024-05-06T18:03:23","modified_gmt":"2024-05-06T15:03:23","slug":"organic-matcha-tea-gift-set","status":"publish","type":"product","link":"https:\/\/www.biopapa.lt\/en\/produktas\/organic-matcha-tea-gift-set\/","title":{"rendered":"Organic Matcha Tea Gift Set"},"content":{"rendered":"<p><strong>Organic Matcha Tea Gift Set  <\/strong><\/p>\n<p>50 g &#8211; Organic Premium matcha green tea powder from Japan<br \/>\n1 pc. &#8211; Matcha whisk<\/p>\n<p><strong>Organic Premium Matcha Tea from Japan<\/strong><br \/>\n<em>Camellia sinensis<\/em> is a green tea powder that has been used in the Japanese traditional tea ceremony for almost a millennium. The best tea buds are plucked and dried, then crushed to a powder. This powder is unique, with a distinctive flavour and a slight bitter undertone. This type of matcha is a classic class. It can be used not only in the preparation of beverages, but also as a food ingredient or natural food colouring.<br \/>\nStudies on matcha and its components have revealed a wide range of benefits. The trace elements in matcha powder help maintain:<br \/>\nnormal iron metabolism,<br \/>\nhealthy skin,<br \/>\nnormal mucous membranes,<br \/>\nProtecting cells from oxidative stress,<br \/>\nnormal muscle function,<br \/>\nnormal blood pressure,<br \/>\nhealthy bones,<br \/>\nred blood cell and haemoglobin function,<br \/>\noxygen transport in the body,<br \/>\nThe cell division process,<br \/>\nnormal blood clotting function.<\/p>\n<p>A <strong>traditional matcha whisk<\/strong>, also known as a &#8220;chasen&#8221;, is used in the Japanese tea ceremony to make matcha tea with a foam. The broom is handmade from a single piece of bamboo. Precise cuts create flexible &#8220;hair&#8221; that are gently bent at the bottom and joined at the top and finished with a special wooden handle.<\/p>\n<p><em>Matcha tea preparation:<\/em><br \/>\nPlace 1\/2-1 teaspoon of matcha (1,5 g) in a cup or matcha bowl (the wide bottom of the bowl makes it easy and comfortable to whisk the matcha in water and quickly extract the foam) and fill with up to 100 ml of hot water (80 \u00b0C). Rinse the matcha until your bowl is filled with a perfect jade-green foam in about 20 seconds. Now you can add more water if you want your matcha to be less strong. You can add vegetable milk and sweeten to taste.<br \/>\nFor best results, the whisk should be soaked in hot water before use.<\/p>\n<p>Let food be your medicine!<\/p>\n<p><em>NOTE. The information contained herein should not be construed as a recommendation for treatment or other health issues. We encourage you to make personal decisions about your personal health, taking into account a wide range of sources of information.<\/em><\/p>\n","protected":false},"excerpt":{"rendered":"<p>Organic Matcha Tea Gift Set 50 g &#8211; Organic Premium matcha green tea powder from Japan 1 pc. &#8211; Matcha<\/p>\n","protected":false},"featured_media":217160,"template":"","meta":{"_acf_changed":false},"product_brand":[],"product_cat":[1859,2374,1945],"product_tag":[2363,2042,2088],"class_list":{"0":"post-36399","1":"product","2":"type-product","3":"status-publish","4":"has-post-thumbnail","6":"product_cat-gift-sets","7":"product_cat-gifts-en","8":"product_cat-tea","9":"product_tag-ecological","10":"product_tag-gift","11":"product_tag-vegan","13":"first","14":"instock","15":"shipping-taxable","16":"purchasable","17":"product-type-simple"},"acf":[],"yoast_head":"<!-- This site is optimized with the Yoast SEO plugin v27.5 - https:\/\/yoast.com\/product\/yoast-seo-wordpress\/ -->\n<title>Organic Matcha Tea Gift Set - Biopapa<\/title>\n<meta name=\"description\" content=\"Organic Matcha is matcha green tea powder, which has been used in the Japanese traditional tea ceremony for almost a millennium. The best tea buds are plucked and dried, then crushed to a powder.\" \/>\n<meta name=\"robots\" content=\"index, follow, max-snippet:-1, max-image-preview:large, max-video-preview:-1\" \/>\n<link rel=\"canonical\" href=\"https:\/\/www.biopapa.lt\/en\/produktas\/organic-matcha-tea-gift-set\/\" \/>\n<meta property=\"og:locale\" content=\"en_US\" \/>\n<meta property=\"og:type\" content=\"article\" \/>\n<meta property=\"og:title\" content=\"Organic Matcha Tea Gift Set - Biopapa\" \/>\n<meta property=\"og:description\" content=\"Organic Matcha is matcha green tea powder, which has been used in the Japanese traditional tea ceremony for almost a millennium. The best tea buds are plucked and dried, then crushed to a powder.\" \/>\n<meta property=\"og:url\" content=\"https:\/\/www.biopapa.lt\/en\/produktas\/organic-matcha-tea-gift-set\/\" \/>\n<meta property=\"og:site_name\" content=\"Biopapa\" \/>\n<meta property=\"article:publisher\" content=\"https:\/\/www.facebook.com\/biopapa.lt\" \/>\n<meta property=\"article:modified_time\" content=\"2024-05-06T15:03:23+00:00\" \/>\n<meta property=\"og:image\" content=\"https:\/\/www.biopapa.lt\/wp-content\/uploads\/2023\/08\/Matcha-arbata.png\" \/>\n\t<meta property=\"og:image:width\" content=\"800\" \/>\n\t<meta property=\"og:image:height\" content=\"640\" \/>\n\t<meta property=\"og:image:type\" content=\"image\/png\" \/>\n<meta name=\"twitter:card\" content=\"summary_large_image\" \/>\n<script type=\"application\/ld+json\" class=\"yoast-schema-graph\">{\"@context\":\"https:\\\/\\\/schema.org\",\"@graph\":[{\"@type\":\"WebPage\",\"@id\":\"https:\\\/\\\/www.biopapa.lt\\\/en\\\/produktas\\\/organic-matcha-tea-gift-set\\\/\",\"url\":\"https:\\\/\\\/www.biopapa.lt\\\/en\\\/produktas\\\/organic-matcha-tea-gift-set\\\/\",\"name\":\"Organic Matcha Tea Gift Set - Biopapa\",\"isPartOf\":{\"@id\":\"https:\\\/\\\/www.biopapa.lt\\\/#website\"},\"primaryImageOfPage\":{\"@id\":\"https:\\\/\\\/www.biopapa.lt\\\/en\\\/produktas\\\/organic-matcha-tea-gift-set\\\/#primaryimage\"},\"image\":{\"@id\":\"https:\\\/\\\/www.biopapa.lt\\\/en\\\/produktas\\\/organic-matcha-tea-gift-set\\\/#primaryimage\"},\"thumbnailUrl\":\"https:\\\/\\\/www.biopapa.lt\\\/wp-content\\\/uploads\\\/2023\\\/08\\\/Matcha-arbata.png\",\"datePublished\":\"2023-08-07T13:51:28+00:00\",\"dateModified\":\"2024-05-06T15:03:23+00:00\",\"description\":\"Organic Matcha is matcha green tea powder, which has been used in the Japanese traditional tea ceremony for almost a millennium. The best tea buds are plucked and dried, then crushed to a powder.\",\"breadcrumb\":{\"@id\":\"https:\\\/\\\/www.biopapa.lt\\\/en\\\/produktas\\\/organic-matcha-tea-gift-set\\\/#breadcrumb\"},\"inLanguage\":\"en-US\",\"potentialAction\":[{\"@type\":\"ReadAction\",\"target\":[\"https:\\\/\\\/www.biopapa.lt\\\/en\\\/produktas\\\/organic-matcha-tea-gift-set\\\/\"]}]},{\"@type\":\"ImageObject\",\"inLanguage\":\"en-US\",\"@id\":\"https:\\\/\\\/www.biopapa.lt\\\/en\\\/produktas\\\/organic-matcha-tea-gift-set\\\/#primaryimage\",\"url\":\"https:\\\/\\\/www.biopapa.lt\\\/wp-content\\\/uploads\\\/2023\\\/08\\\/Matcha-arbata.png\",\"contentUrl\":\"https:\\\/\\\/www.biopapa.lt\\\/wp-content\\\/uploads\\\/2023\\\/08\\\/Matcha-arbata.png\",\"width\":800,\"height\":640},{\"@type\":\"BreadcrumbList\",\"@id\":\"https:\\\/\\\/www.biopapa.lt\\\/en\\\/produktas\\\/organic-matcha-tea-gift-set\\\/#breadcrumb\",\"itemListElement\":[{\"@type\":\"ListItem\",\"position\":1,\"name\":\"Home\",\"item\":\"https:\\\/\\\/www.biopapa.lt\\\/en\\\/\"},{\"@type\":\"ListItem\",\"position\":2,\"name\":\"Shop\",\"item\":\"https:\\\/\\\/www.biopapa.lt\\\/en\\\/shop\\\/\"},{\"@type\":\"ListItem\",\"position\":3,\"name\":\"Organic Matcha Tea Gift Set\"}]},{\"@type\":\"WebSite\",\"@id\":\"https:\\\/\\\/www.biopapa.lt\\\/#website\",\"url\":\"https:\\\/\\\/www.biopapa.lt\\\/\",\"name\":\"Biopapa\",\"description\":\"\u0160var\u016bs ekologi\u0161ki produktai\",\"publisher\":{\"@id\":\"https:\\\/\\\/www.biopapa.lt\\\/#organization\"},\"potentialAction\":[{\"@type\":\"SearchAction\",\"target\":{\"@type\":\"EntryPoint\",\"urlTemplate\":\"https:\\\/\\\/www.biopapa.lt\\\/?s={search_term_string}\"},\"query-input\":{\"@type\":\"PropertyValueSpecification\",\"valueRequired\":true,\"valueName\":\"search_term_string\"}}],\"inLanguage\":\"en-US\"},{\"@type\":\"Organization\",\"@id\":\"https:\\\/\\\/www.biopapa.lt\\\/#organization\",\"name\":\"Biopapa\",\"url\":\"https:\\\/\\\/www.biopapa.lt\\\/\",\"logo\":{\"@type\":\"ImageObject\",\"inLanguage\":\"en-US\",\"@id\":\"https:\\\/\\\/www.biopapa.lt\\\/#\\\/schema\\\/logo\\\/image\\\/\",\"url\":\"https:\\\/\\\/www.biopapa.lt\\\/wp-content\\\/uploads\\\/2022\\\/04\\\/facebook_biopapa.jpg\",\"contentUrl\":\"https:\\\/\\\/www.biopapa.lt\\\/wp-content\\\/uploads\\\/2022\\\/04\\\/facebook_biopapa.jpg\",\"width\":1733,\"height\":907,\"caption\":\"Biopapa\"},\"image\":{\"@id\":\"https:\\\/\\\/www.biopapa.lt\\\/#\\\/schema\\\/logo\\\/image\\\/\"},\"sameAs\":[\"https:\\\/\\\/www.facebook.com\\\/biopapa.lt\"]}]}<\/script>\n<!-- \/ Yoast SEO plugin. -->","yoast_head_json":{"title":"Organic Matcha Tea Gift Set - Biopapa","description":"Organic Matcha is matcha green tea powder, which has been used in the Japanese traditional tea ceremony for almost a millennium. The best tea buds are plucked and dried, then crushed to a powder.","robots":{"index":"index","follow":"follow","max-snippet":"max-snippet:-1","max-image-preview":"max-image-preview:large","max-video-preview":"max-video-preview:-1"},"canonical":"https:\/\/www.biopapa.lt\/en\/produktas\/organic-matcha-tea-gift-set\/","og_locale":"en_US","og_type":"article","og_title":"Organic Matcha Tea Gift Set - Biopapa","og_description":"Organic Matcha is matcha green tea powder, which has been used in the Japanese traditional tea ceremony for almost a millennium. The best tea buds are plucked and dried, then crushed to a powder.","og_url":"https:\/\/www.biopapa.lt\/en\/produktas\/organic-matcha-tea-gift-set\/","og_site_name":"Biopapa","article_publisher":"https:\/\/www.facebook.com\/biopapa.lt","article_modified_time":"2024-05-06T15:03:23+00:00","og_image":[{"width":800,"height":640,"url":"https:\/\/www.biopapa.lt\/wp-content\/uploads\/2023\/08\/Matcha-arbata.png","type":"image\/png"}],"twitter_card":"summary_large_image","schema":{"@context":"https:\/\/schema.org","@graph":[{"@type":"WebPage","@id":"https:\/\/www.biopapa.lt\/en\/produktas\/organic-matcha-tea-gift-set\/","url":"https:\/\/www.biopapa.lt\/en\/produktas\/organic-matcha-tea-gift-set\/","name":"Organic Matcha Tea Gift Set - Biopapa","isPartOf":{"@id":"https:\/\/www.biopapa.lt\/#website"},"primaryImageOfPage":{"@id":"https:\/\/www.biopapa.lt\/en\/produktas\/organic-matcha-tea-gift-set\/#primaryimage"},"image":{"@id":"https:\/\/www.biopapa.lt\/en\/produktas\/organic-matcha-tea-gift-set\/#primaryimage"},"thumbnailUrl":"https:\/\/www.biopapa.lt\/wp-content\/uploads\/2023\/08\/Matcha-arbata.png","datePublished":"2023-08-07T13:51:28+00:00","dateModified":"2024-05-06T15:03:23+00:00","description":"Organic Matcha is matcha green tea powder, which has been used in the Japanese traditional tea ceremony for almost a millennium. The best tea buds are plucked and dried, then crushed to a powder.","breadcrumb":{"@id":"https:\/\/www.biopapa.lt\/en\/produktas\/organic-matcha-tea-gift-set\/#breadcrumb"},"inLanguage":"en-US","potentialAction":[{"@type":"ReadAction","target":["https:\/\/www.biopapa.lt\/en\/produktas\/organic-matcha-tea-gift-set\/"]}]},{"@type":"ImageObject","inLanguage":"en-US","@id":"https:\/\/www.biopapa.lt\/en\/produktas\/organic-matcha-tea-gift-set\/#primaryimage","url":"https:\/\/www.biopapa.lt\/wp-content\/uploads\/2023\/08\/Matcha-arbata.png","contentUrl":"https:\/\/www.biopapa.lt\/wp-content\/uploads\/2023\/08\/Matcha-arbata.png","width":800,"height":640},{"@type":"BreadcrumbList","@id":"https:\/\/www.biopapa.lt\/en\/produktas\/organic-matcha-tea-gift-set\/#breadcrumb","itemListElement":[{"@type":"ListItem","position":1,"name":"Home","item":"https:\/\/www.biopapa.lt\/en\/"},{"@type":"ListItem","position":2,"name":"Shop","item":"https:\/\/www.biopapa.lt\/en\/shop\/"},{"@type":"ListItem","position":3,"name":"Organic Matcha Tea Gift Set"}]},{"@type":"WebSite","@id":"https:\/\/www.biopapa.lt\/#website","url":"https:\/\/www.biopapa.lt\/","name":"Biopapa","description":"\u0160var\u016bs ekologi\u0161ki produktai","publisher":{"@id":"https:\/\/www.biopapa.lt\/#organization"},"potentialAction":[{"@type":"SearchAction","target":{"@type":"EntryPoint","urlTemplate":"https:\/\/www.biopapa.lt\/?s={search_term_string}"},"query-input":{"@type":"PropertyValueSpecification","valueRequired":true,"valueName":"search_term_string"}}],"inLanguage":"en-US"},{"@type":"Organization","@id":"https:\/\/www.biopapa.lt\/#organization","name":"Biopapa","url":"https:\/\/www.biopapa.lt\/","logo":{"@type":"ImageObject","inLanguage":"en-US","@id":"https:\/\/www.biopapa.lt\/#\/schema\/logo\/image\/","url":"https:\/\/www.biopapa.lt\/wp-content\/uploads\/2022\/04\/facebook_biopapa.jpg","contentUrl":"https:\/\/www.biopapa.lt\/wp-content\/uploads\/2022\/04\/facebook_biopapa.jpg","width":1733,"height":907,"caption":"Biopapa"},"image":{"@id":"https:\/\/www.biopapa.lt\/#\/schema\/logo\/image\/"},"sameAs":["https:\/\/www.facebook.com\/biopapa.lt"]}]}},"_links":{"self":[{"href":"https:\/\/www.biopapa.lt\/en\/wp-json\/wp\/v2\/product\/36399","targetHints":{"allow":["GET"]}}],"collection":[{"href":"https:\/\/www.biopapa.lt\/en\/wp-json\/wp\/v2\/product"}],"about":[{"href":"https:\/\/www.biopapa.lt\/en\/wp-json\/wp\/v2\/types\/product"}],"wp:featuredmedia":[{"embeddable":true,"href":"https:\/\/www.biopapa.lt\/en\/wp-json\/wp\/v2\/media\/217160"}],"wp:attachment":[{"href":"https:\/\/www.biopapa.lt\/en\/wp-json\/wp\/v2\/media?parent=36399"}],"wp:term":[{"taxonomy":"product_brand","embeddable":true,"href":"https:\/\/www.biopapa.lt\/en\/wp-json\/wp\/v2\/product_brand?post=36399"},{"taxonomy":"product_cat","embeddable":true,"href":"https:\/\/www.biopapa.lt\/en\/wp-json\/wp\/v2\/product_cat?post=36399"},{"taxonomy":"product_tag","embeddable":true,"href":"https:\/\/www.biopapa.lt\/en\/wp-json\/wp\/v2\/product_tag?post=36399"}],"curies":[{"name":"wp","href":"https:\/\/api.w.org\/{rel}","templated":true}]}}