{"id":36393,"date":"2023-04-28T14:51:51","date_gmt":"2023-04-28T11:51:51","guid":{"rendered":"https:\/\/www.biopapa.lt\/produktas\/natural-indian-insence-cinamon-15-pcs-30-g-sattva\/"},"modified":"2023-04-28T14:51:51","modified_gmt":"2023-04-28T11:51:51","slug":"natural-indian-cinnamon-insence-15-piece-30-g-sattva","status":"publish","type":"product","link":"https:\/\/www.biopapa.lt\/en\/produktas\/natural-indian-cinnamon-insence-15-piece-30-g-sattva\/","title":{"rendered":"Natural Indian Insence CINAMON (15 pcs.) 30 g Sattva"},"content":{"rendered":"<p>The aroma of cinnamon incense is described as spicy and sweet. According to ancient Ayurveda, the scent of cinnamon attracts abundance, money and joy in our lives. It also relieves tension, relaxes the mind and acts as a mild aphrodisiac.<br \/>\nIncense is made from flowers, herbs, wood, plant resins and honey essence. Hand-rolled on bamboo. These incense sticks are handmade according to a 400-year tradition. Contains no synthetic flavours, ingredients or petrochemicals.<\/p>\n<p>The word Sattva means goodness, positivity, truth, health, peace, holistic view of the world, creativity, constructiveness, balance, truthfulness, tranquillity, purity, inner knowledge.<\/p>\n<p>USE: Light the incense and extinguish the flame, enjoy the smell of incense<\/p>\n<p>&nbsp;<\/p>\n","protected":false},"excerpt":{"rendered":"<p>The aroma of cinnamon incense is described as spicy and sweet. According to ancient Ayurveda, the scent of cinnamon attracts<\/p>\n","protected":false},"featured_media":30403,"template":"","meta":{"_acf_changed":false},"product_brand":[],"product_cat":[1988,1992,2500],"product_tag":[2064],"class_list":{"0":"post-36393","1":"product","2":"type-product","3":"status-publish","4":"has-post-thumbnail","6":"product_cat-home","7":"product_cat-home-scent","8":"product_cat-natural-tibetan-incense-harmony-30-pcs","9":"product_tag-natural-incense","11":"first","12":"instock","13":"shipping-taxable","14":"purchasable","15":"product-type-simple"},"acf":[],"yoast_head":"<!-- This site is optimized with the Yoast SEO plugin v27.5 - https:\/\/yoast.com\/product\/yoast-seo-wordpress\/ -->\n<title>Natural Indian Insence CINAMON (15 pcs.) 30 g Sattva - Biopapa<\/title>\n<meta name=\"description\" content=\"Natural Indian Insence CINAMON (15 pcs.) 30 g Sattva. The aroma of cinnamon incense is described as spicy and sweet. Based on ancient Ayurveda\" \/>\n<meta name=\"robots\" content=\"index, follow, max-snippet:-1, max-image-preview:large, max-video-preview:-1\" \/>\n<link rel=\"canonical\" href=\"https:\/\/www.biopapa.lt\/en\/product\/natural-indian-insence-cinamon-15-pcs-30-g-sattva\/\" \/>\n<meta property=\"og:locale\" content=\"en_US\" \/>\n<meta property=\"og:type\" content=\"article\" \/>\n<meta property=\"og:title\" content=\"Natural Indian Insence CINAMON (15 pcs.) 30 g Sattva - Biopapa\" \/>\n<meta property=\"og:description\" content=\"Natural Indian Insence CINAMON (15 pcs.) 30 g Sattva. The aroma of cinnamon incense is described as spicy and sweet. Based on ancient Ayurveda\" \/>\n<meta property=\"og:url\" content=\"https:\/\/www.biopapa.lt\/en\/product\/natural-indian-insence-cinamon-15-pcs-30-g-sattva\/\" \/>\n<meta property=\"og:site_name\" content=\"Biopapa\" \/>\n<meta property=\"article:publisher\" content=\"https:\/\/www.facebook.com\/biopapa.lt\" \/>\n<meta property=\"og:image\" content=\"https:\/\/www.biopapa.lt\/wp-content\/uploads\/2023\/04\/Naturalus-indiski-smilkalai-CINAMONAS-15-vnt.-30-g-Sattva.png\" \/>\n\t<meta property=\"og:image:width\" content=\"800\" \/>\n\t<meta property=\"og:image:height\" content=\"640\" \/>\n\t<meta property=\"og:image:type\" content=\"image\/png\" \/>\n<meta name=\"twitter:card\" content=\"summary_large_image\" \/>\n<script type=\"application\/ld+json\" class=\"yoast-schema-graph\">{\"@context\":\"https:\\\/\\\/schema.org\",\"@graph\":[{\"@type\":\"WebPage\",\"@id\":\"https:\\\/\\\/www.biopapa.lt\\\/en\\\/product\\\/natural-indian-insence-cinamon-15-pcs-30-g-sattva\\\/\",\"url\":\"https:\\\/\\\/www.biopapa.lt\\\/en\\\/product\\\/natural-indian-insence-cinamon-15-pcs-30-g-sattva\\\/\",\"name\":\"Natural Indian Insence CINAMON (15 pcs.) 30 g Sattva - Biopapa\",\"isPartOf\":{\"@id\":\"https:\\\/\\\/www.biopapa.lt\\\/#website\"},\"primaryImageOfPage\":{\"@id\":\"https:\\\/\\\/www.biopapa.lt\\\/en\\\/product\\\/natural-indian-insence-cinamon-15-pcs-30-g-sattva\\\/#primaryimage\"},\"image\":{\"@id\":\"https:\\\/\\\/www.biopapa.lt\\\/en\\\/product\\\/natural-indian-insence-cinamon-15-pcs-30-g-sattva\\\/#primaryimage\"},\"thumbnailUrl\":\"https:\\\/\\\/www.biopapa.lt\\\/wp-content\\\/uploads\\\/2023\\\/04\\\/Naturalus-indiski-smilkalai-CINAMONAS-15-vnt.-30-g-Sattva.png\",\"datePublished\":\"2023-04-28T11:51:51+00:00\",\"description\":\"Natural Indian Insence CINAMON (15 pcs.) 30 g Sattva. The aroma of cinnamon incense is described as spicy and sweet. Based on ancient Ayurveda\",\"breadcrumb\":{\"@id\":\"https:\\\/\\\/www.biopapa.lt\\\/en\\\/product\\\/natural-indian-insence-cinamon-15-pcs-30-g-sattva\\\/#breadcrumb\"},\"inLanguage\":\"en-US\",\"potentialAction\":[{\"@type\":\"ReadAction\",\"target\":[\"https:\\\/\\\/www.biopapa.lt\\\/en\\\/product\\\/natural-indian-insence-cinamon-15-pcs-30-g-sattva\\\/\"]}]},{\"@type\":\"ImageObject\",\"inLanguage\":\"en-US\",\"@id\":\"https:\\\/\\\/www.biopapa.lt\\\/en\\\/product\\\/natural-indian-insence-cinamon-15-pcs-30-g-sattva\\\/#primaryimage\",\"url\":\"https:\\\/\\\/www.biopapa.lt\\\/wp-content\\\/uploads\\\/2023\\\/04\\\/Naturalus-indiski-smilkalai-CINAMONAS-15-vnt.-30-g-Sattva.png\",\"contentUrl\":\"https:\\\/\\\/www.biopapa.lt\\\/wp-content\\\/uploads\\\/2023\\\/04\\\/Naturalus-indiski-smilkalai-CINAMONAS-15-vnt.-30-g-Sattva.png\",\"width\":800,\"height\":640,\"caption\":\"Natural Indian Insence CINAMON (15 pcs.) 30 g Sattva\"},{\"@type\":\"BreadcrumbList\",\"@id\":\"https:\\\/\\\/www.biopapa.lt\\\/en\\\/product\\\/natural-indian-insence-cinamon-15-pcs-30-g-sattva\\\/#breadcrumb\",\"itemListElement\":[{\"@type\":\"ListItem\",\"position\":1,\"name\":\"Home\",\"item\":\"https:\\\/\\\/www.biopapa.lt\\\/en\\\/\"},{\"@type\":\"ListItem\",\"position\":2,\"name\":\"Shop\",\"item\":\"https:\\\/\\\/www.biopapa.lt\\\/en\\\/shop\\\/\"},{\"@type\":\"ListItem\",\"position\":3,\"name\":\"Natural Indian Insence CINAMON (15 pcs.) 30 g Sattva\"}]},{\"@type\":\"WebSite\",\"@id\":\"https:\\\/\\\/www.biopapa.lt\\\/#website\",\"url\":\"https:\\\/\\\/www.biopapa.lt\\\/\",\"name\":\"Biopapa\",\"description\":\"\u0160var\u016bs ekologi\u0161ki produktai\",\"publisher\":{\"@id\":\"https:\\\/\\\/www.biopapa.lt\\\/#organization\"},\"potentialAction\":[{\"@type\":\"SearchAction\",\"target\":{\"@type\":\"EntryPoint\",\"urlTemplate\":\"https:\\\/\\\/www.biopapa.lt\\\/?s={search_term_string}\"},\"query-input\":{\"@type\":\"PropertyValueSpecification\",\"valueRequired\":true,\"valueName\":\"search_term_string\"}}],\"inLanguage\":\"en-US\"},{\"@type\":\"Organization\",\"@id\":\"https:\\\/\\\/www.biopapa.lt\\\/#organization\",\"name\":\"Biopapa\",\"url\":\"https:\\\/\\\/www.biopapa.lt\\\/\",\"logo\":{\"@type\":\"ImageObject\",\"inLanguage\":\"en-US\",\"@id\":\"https:\\\/\\\/www.biopapa.lt\\\/#\\\/schema\\\/logo\\\/image\\\/\",\"url\":\"https:\\\/\\\/www.biopapa.lt\\\/wp-content\\\/uploads\\\/2022\\\/04\\\/facebook_biopapa.jpg\",\"contentUrl\":\"https:\\\/\\\/www.biopapa.lt\\\/wp-content\\\/uploads\\\/2022\\\/04\\\/facebook_biopapa.jpg\",\"width\":1733,\"height\":907,\"caption\":\"Biopapa\"},\"image\":{\"@id\":\"https:\\\/\\\/www.biopapa.lt\\\/#\\\/schema\\\/logo\\\/image\\\/\"},\"sameAs\":[\"https:\\\/\\\/www.facebook.com\\\/biopapa.lt\"]}]}<\/script>\n<!-- \/ Yoast SEO plugin. -->","yoast_head_json":{"title":"Natural Indian Insence CINAMON (15 pcs.) 30 g Sattva - Biopapa","description":"Natural Indian Insence CINAMON (15 pcs.) 30 g Sattva. The aroma of cinnamon incense is described as spicy and sweet. Based on ancient Ayurveda","robots":{"index":"index","follow":"follow","max-snippet":"max-snippet:-1","max-image-preview":"max-image-preview:large","max-video-preview":"max-video-preview:-1"},"canonical":"https:\/\/www.biopapa.lt\/en\/product\/natural-indian-insence-cinamon-15-pcs-30-g-sattva\/","og_locale":"en_US","og_type":"article","og_title":"Natural Indian Insence CINAMON (15 pcs.) 30 g Sattva - Biopapa","og_description":"Natural Indian Insence CINAMON (15 pcs.) 30 g Sattva. The aroma of cinnamon incense is described as spicy and sweet. Based on ancient Ayurveda","og_url":"https:\/\/www.biopapa.lt\/en\/product\/natural-indian-insence-cinamon-15-pcs-30-g-sattva\/","og_site_name":"Biopapa","article_publisher":"https:\/\/www.facebook.com\/biopapa.lt","og_image":[{"width":800,"height":640,"url":"https:\/\/www.biopapa.lt\/wp-content\/uploads\/2023\/04\/Naturalus-indiski-smilkalai-CINAMONAS-15-vnt.-30-g-Sattva.png","type":"image\/png"}],"twitter_card":"summary_large_image","schema":{"@context":"https:\/\/schema.org","@graph":[{"@type":"WebPage","@id":"https:\/\/www.biopapa.lt\/en\/product\/natural-indian-insence-cinamon-15-pcs-30-g-sattva\/","url":"https:\/\/www.biopapa.lt\/en\/product\/natural-indian-insence-cinamon-15-pcs-30-g-sattva\/","name":"Natural Indian Insence CINAMON (15 pcs.) 30 g Sattva - Biopapa","isPartOf":{"@id":"https:\/\/www.biopapa.lt\/#website"},"primaryImageOfPage":{"@id":"https:\/\/www.biopapa.lt\/en\/product\/natural-indian-insence-cinamon-15-pcs-30-g-sattva\/#primaryimage"},"image":{"@id":"https:\/\/www.biopapa.lt\/en\/product\/natural-indian-insence-cinamon-15-pcs-30-g-sattva\/#primaryimage"},"thumbnailUrl":"https:\/\/www.biopapa.lt\/wp-content\/uploads\/2023\/04\/Naturalus-indiski-smilkalai-CINAMONAS-15-vnt.-30-g-Sattva.png","datePublished":"2023-04-28T11:51:51+00:00","description":"Natural Indian Insence CINAMON (15 pcs.) 30 g Sattva. The aroma of cinnamon incense is described as spicy and sweet. Based on ancient Ayurveda","breadcrumb":{"@id":"https:\/\/www.biopapa.lt\/en\/product\/natural-indian-insence-cinamon-15-pcs-30-g-sattva\/#breadcrumb"},"inLanguage":"en-US","potentialAction":[{"@type":"ReadAction","target":["https:\/\/www.biopapa.lt\/en\/product\/natural-indian-insence-cinamon-15-pcs-30-g-sattva\/"]}]},{"@type":"ImageObject","inLanguage":"en-US","@id":"https:\/\/www.biopapa.lt\/en\/product\/natural-indian-insence-cinamon-15-pcs-30-g-sattva\/#primaryimage","url":"https:\/\/www.biopapa.lt\/wp-content\/uploads\/2023\/04\/Naturalus-indiski-smilkalai-CINAMONAS-15-vnt.-30-g-Sattva.png","contentUrl":"https:\/\/www.biopapa.lt\/wp-content\/uploads\/2023\/04\/Naturalus-indiski-smilkalai-CINAMONAS-15-vnt.-30-g-Sattva.png","width":800,"height":640,"caption":"Natural Indian Insence CINAMON (15 pcs.) 30 g Sattva"},{"@type":"BreadcrumbList","@id":"https:\/\/www.biopapa.lt\/en\/product\/natural-indian-insence-cinamon-15-pcs-30-g-sattva\/#breadcrumb","itemListElement":[{"@type":"ListItem","position":1,"name":"Home","item":"https:\/\/www.biopapa.lt\/en\/"},{"@type":"ListItem","position":2,"name":"Shop","item":"https:\/\/www.biopapa.lt\/en\/shop\/"},{"@type":"ListItem","position":3,"name":"Natural Indian Insence CINAMON (15 pcs.) 30 g Sattva"}]},{"@type":"WebSite","@id":"https:\/\/www.biopapa.lt\/#website","url":"https:\/\/www.biopapa.lt\/","name":"Biopapa","description":"\u0160var\u016bs ekologi\u0161ki produktai","publisher":{"@id":"https:\/\/www.biopapa.lt\/#organization"},"potentialAction":[{"@type":"SearchAction","target":{"@type":"EntryPoint","urlTemplate":"https:\/\/www.biopapa.lt\/?s={search_term_string}"},"query-input":{"@type":"PropertyValueSpecification","valueRequired":true,"valueName":"search_term_string"}}],"inLanguage":"en-US"},{"@type":"Organization","@id":"https:\/\/www.biopapa.lt\/#organization","name":"Biopapa","url":"https:\/\/www.biopapa.lt\/","logo":{"@type":"ImageObject","inLanguage":"en-US","@id":"https:\/\/www.biopapa.lt\/#\/schema\/logo\/image\/","url":"https:\/\/www.biopapa.lt\/wp-content\/uploads\/2022\/04\/facebook_biopapa.jpg","contentUrl":"https:\/\/www.biopapa.lt\/wp-content\/uploads\/2022\/04\/facebook_biopapa.jpg","width":1733,"height":907,"caption":"Biopapa"},"image":{"@id":"https:\/\/www.biopapa.lt\/#\/schema\/logo\/image\/"},"sameAs":["https:\/\/www.facebook.com\/biopapa.lt"]}]}},"_links":{"self":[{"href":"https:\/\/www.biopapa.lt\/en\/wp-json\/wp\/v2\/product\/36393","targetHints":{"allow":["GET"]}}],"collection":[{"href":"https:\/\/www.biopapa.lt\/en\/wp-json\/wp\/v2\/product"}],"about":[{"href":"https:\/\/www.biopapa.lt\/en\/wp-json\/wp\/v2\/types\/product"}],"wp:featuredmedia":[{"embeddable":true,"href":"https:\/\/www.biopapa.lt\/en\/wp-json\/wp\/v2\/media\/30403"}],"wp:attachment":[{"href":"https:\/\/www.biopapa.lt\/en\/wp-json\/wp\/v2\/media?parent=36393"}],"wp:term":[{"taxonomy":"product_brand","embeddable":true,"href":"https:\/\/www.biopapa.lt\/en\/wp-json\/wp\/v2\/product_brand?post=36393"},{"taxonomy":"product_cat","embeddable":true,"href":"https:\/\/www.biopapa.lt\/en\/wp-json\/wp\/v2\/product_cat?post=36393"},{"taxonomy":"product_tag","embeddable":true,"href":"https:\/\/www.biopapa.lt\/en\/wp-json\/wp\/v2\/product_tag?post=36393"}],"curies":[{"name":"wp","href":"https:\/\/api.w.org\/{rel}","templated":true}]}}