{"id":36391,"date":"2023-04-28T15:53:56","date_gmt":"2023-04-28T12:53:56","guid":{"rendered":"https:\/\/www.biopapa.lt\/produktas\/santalas-natural-indian-insence-15-pcs-30-g-sattva\/"},"modified":"2023-09-29T12:19:00","modified_gmt":"2023-09-29T09:19:00","slug":"natural-indian-insence-santal-15-piece-30-g-sattva","status":"publish","type":"product","link":"https:\/\/www.biopapa.lt\/en\/produktas\/natural-indian-insence-santal-15-piece-30-g-sattva\/","title":{"rendered":"SANTALAS Natural Indian Insence (15 pcs.) 30 g Sattva"},"content":{"rendered":"<p>Sandalwood has been known for thousands of years and its healing properties are still used in Indian and Chinese medicine today. In India, it is used for spiritual and mystical purposes. It is often used in meditation and various Hindu rituals for its feel-good, concentration-enhancing and awareness-raising properties (stimulates the pineal gland). The balmy, warm scent of sandalwood is gently soothing and relaxing, and can also help you fall asleep more easily. Incense is made from flowers, herbs, wood, plant resins and honey essence.<br \/>\nHand-spun on bamboo. These incense sticks are handmade in a 400-year tradition. They do not contain synthetic flavours, ingredients or petrochemicals.<\/p>\n<p>The word Sattva means goodness, positivity, truth, health, peace, holistic view of the world, creativity, constructiveness, balance, truthfulness, tranquillity, purity, inner knowledge.<\/p>\n<p>USE: Light the incense and extinguish the flame, enjoy the smell of incense<\/p>\n<p>&nbsp;<\/p>\n","protected":false},"excerpt":{"rendered":"<p>Sandalwood has been known for thousands of years and its healing properties are still used in Indian and Chinese medicine<\/p>\n","protected":false},"featured_media":30407,"template":"","meta":{"_acf_changed":false},"product_brand":[],"product_cat":[1988,1992,2500],"product_tag":[2064],"class_list":{"0":"post-36391","1":"product","2":"type-product","3":"status-publish","4":"has-post-thumbnail","6":"product_cat-home","7":"product_cat-home-scent","8":"product_cat-natural-tibetan-incense-harmony-30-pcs","9":"product_tag-natural-incense","11":"first","12":"instock","13":"shipping-taxable","14":"purchasable","15":"product-type-simple"},"acf":[],"yoast_head":"<!-- This site is optimized with the Yoast SEO plugin v27.5 - https:\/\/yoast.com\/product\/yoast-seo-wordpress\/ -->\n<title>SANTALAS Natural Indian Insence (15 pcs.) 30 g Sattva - Biopapa<\/title>\n<meta name=\"description\" content=\"Sandalwood has been known for thousands of years and its healing properties are still used in Indian and Chinese medicine today.\" \/>\n<meta name=\"robots\" content=\"index, follow, max-snippet:-1, max-image-preview:large, max-video-preview:-1\" \/>\n<link rel=\"canonical\" href=\"https:\/\/www.biopapa.lt\/en\/product\/natural-indian-insence-santal-15-piece-30-g-sattva\/\" \/>\n<meta property=\"og:locale\" content=\"en_US\" \/>\n<meta property=\"og:type\" content=\"article\" \/>\n<meta property=\"og:title\" content=\"SANTALAS Natural Indian Insence (15 pcs.) 30 g Sattva - Biopapa\" \/>\n<meta property=\"og:description\" content=\"Sandalwood has been known for thousands of years and its healing properties are still used in Indian and Chinese medicine today.\" \/>\n<meta property=\"og:url\" content=\"https:\/\/www.biopapa.lt\/en\/product\/natural-indian-insence-santal-15-piece-30-g-sattva\/\" \/>\n<meta property=\"og:site_name\" content=\"Biopapa\" \/>\n<meta property=\"article:publisher\" content=\"https:\/\/www.facebook.com\/biopapa.lt\" \/>\n<meta property=\"article:modified_time\" content=\"2023-09-29T09:19:00+00:00\" \/>\n<meta property=\"og:image\" content=\"https:\/\/www.biopapa.lt\/wp-content\/uploads\/2023\/04\/Naturalus-indiski-smilkalai-SANTALAS-15-vnt.-30-g-Sattva.png\" \/>\n\t<meta property=\"og:image:width\" content=\"800\" \/>\n\t<meta property=\"og:image:height\" content=\"640\" \/>\n\t<meta property=\"og:image:type\" content=\"image\/png\" \/>\n<meta name=\"twitter:card\" content=\"summary_large_image\" \/>\n<script type=\"application\/ld+json\" class=\"yoast-schema-graph\">{\"@context\":\"https:\\\/\\\/schema.org\",\"@graph\":[{\"@type\":\"WebPage\",\"@id\":\"https:\\\/\\\/www.biopapa.lt\\\/en\\\/product\\\/natural-indian-insence-santal-15-piece-30-g-sattva\\\/\",\"url\":\"https:\\\/\\\/www.biopapa.lt\\\/en\\\/product\\\/natural-indian-insence-santal-15-piece-30-g-sattva\\\/\",\"name\":\"SANTALAS Natural Indian Insence (15 pcs.) 30 g Sattva - Biopapa\",\"isPartOf\":{\"@id\":\"https:\\\/\\\/www.biopapa.lt\\\/#website\"},\"primaryImageOfPage\":{\"@id\":\"https:\\\/\\\/www.biopapa.lt\\\/en\\\/product\\\/natural-indian-insence-santal-15-piece-30-g-sattva\\\/#primaryimage\"},\"image\":{\"@id\":\"https:\\\/\\\/www.biopapa.lt\\\/en\\\/product\\\/natural-indian-insence-santal-15-piece-30-g-sattva\\\/#primaryimage\"},\"thumbnailUrl\":\"https:\\\/\\\/www.biopapa.lt\\\/wp-content\\\/uploads\\\/2023\\\/04\\\/Naturalus-indiski-smilkalai-SANTALAS-15-vnt.-30-g-Sattva.png\",\"datePublished\":\"2023-04-28T12:53:56+00:00\",\"dateModified\":\"2023-09-29T09:19:00+00:00\",\"description\":\"Sandalwood has been known for thousands of years and its healing properties are still used in Indian and Chinese medicine today.\",\"breadcrumb\":{\"@id\":\"https:\\\/\\\/www.biopapa.lt\\\/en\\\/product\\\/natural-indian-insence-santal-15-piece-30-g-sattva\\\/#breadcrumb\"},\"inLanguage\":\"en-US\",\"potentialAction\":[{\"@type\":\"ReadAction\",\"target\":[\"https:\\\/\\\/www.biopapa.lt\\\/en\\\/product\\\/natural-indian-insence-santal-15-piece-30-g-sattva\\\/\"]}]},{\"@type\":\"ImageObject\",\"inLanguage\":\"en-US\",\"@id\":\"https:\\\/\\\/www.biopapa.lt\\\/en\\\/product\\\/natural-indian-insence-santal-15-piece-30-g-sattva\\\/#primaryimage\",\"url\":\"https:\\\/\\\/www.biopapa.lt\\\/wp-content\\\/uploads\\\/2023\\\/04\\\/Naturalus-indiski-smilkalai-SANTALAS-15-vnt.-30-g-Sattva.png\",\"contentUrl\":\"https:\\\/\\\/www.biopapa.lt\\\/wp-content\\\/uploads\\\/2023\\\/04\\\/Naturalus-indiski-smilkalai-SANTALAS-15-vnt.-30-g-Sattva.png\",\"width\":800,\"height\":640,\"caption\":\"SANTALAS Natural Indian Insence (15 pcs.) 30 g Sattva\"},{\"@type\":\"BreadcrumbList\",\"@id\":\"https:\\\/\\\/www.biopapa.lt\\\/en\\\/product\\\/natural-indian-insence-santal-15-piece-30-g-sattva\\\/#breadcrumb\",\"itemListElement\":[{\"@type\":\"ListItem\",\"position\":1,\"name\":\"Home\",\"item\":\"https:\\\/\\\/www.biopapa.lt\\\/en\\\/\"},{\"@type\":\"ListItem\",\"position\":2,\"name\":\"Shop\",\"item\":\"https:\\\/\\\/www.biopapa.lt\\\/en\\\/shop\\\/\"},{\"@type\":\"ListItem\",\"position\":3,\"name\":\"SANTALAS Natural Indian Insence (15 pcs.) 30 g Sattva\"}]},{\"@type\":\"WebSite\",\"@id\":\"https:\\\/\\\/www.biopapa.lt\\\/#website\",\"url\":\"https:\\\/\\\/www.biopapa.lt\\\/\",\"name\":\"Biopapa\",\"description\":\"\u0160var\u016bs ekologi\u0161ki produktai\",\"publisher\":{\"@id\":\"https:\\\/\\\/www.biopapa.lt\\\/#organization\"},\"potentialAction\":[{\"@type\":\"SearchAction\",\"target\":{\"@type\":\"EntryPoint\",\"urlTemplate\":\"https:\\\/\\\/www.biopapa.lt\\\/?s={search_term_string}\"},\"query-input\":{\"@type\":\"PropertyValueSpecification\",\"valueRequired\":true,\"valueName\":\"search_term_string\"}}],\"inLanguage\":\"en-US\"},{\"@type\":\"Organization\",\"@id\":\"https:\\\/\\\/www.biopapa.lt\\\/#organization\",\"name\":\"Biopapa\",\"url\":\"https:\\\/\\\/www.biopapa.lt\\\/\",\"logo\":{\"@type\":\"ImageObject\",\"inLanguage\":\"en-US\",\"@id\":\"https:\\\/\\\/www.biopapa.lt\\\/#\\\/schema\\\/logo\\\/image\\\/\",\"url\":\"https:\\\/\\\/www.biopapa.lt\\\/wp-content\\\/uploads\\\/2022\\\/04\\\/facebook_biopapa.jpg\",\"contentUrl\":\"https:\\\/\\\/www.biopapa.lt\\\/wp-content\\\/uploads\\\/2022\\\/04\\\/facebook_biopapa.jpg\",\"width\":1733,\"height\":907,\"caption\":\"Biopapa\"},\"image\":{\"@id\":\"https:\\\/\\\/www.biopapa.lt\\\/#\\\/schema\\\/logo\\\/image\\\/\"},\"sameAs\":[\"https:\\\/\\\/www.facebook.com\\\/biopapa.lt\"]}]}<\/script>\n<!-- \/ Yoast SEO plugin. -->","yoast_head_json":{"title":"SANTALAS Natural Indian Insence (15 pcs.) 30 g Sattva - Biopapa","description":"Sandalwood has been known for thousands of years and its healing properties are still used in Indian and Chinese medicine today.","robots":{"index":"index","follow":"follow","max-snippet":"max-snippet:-1","max-image-preview":"max-image-preview:large","max-video-preview":"max-video-preview:-1"},"canonical":"https:\/\/www.biopapa.lt\/en\/product\/natural-indian-insence-santal-15-piece-30-g-sattva\/","og_locale":"en_US","og_type":"article","og_title":"SANTALAS Natural Indian Insence (15 pcs.) 30 g Sattva - Biopapa","og_description":"Sandalwood has been known for thousands of years and its healing properties are still used in Indian and Chinese medicine today.","og_url":"https:\/\/www.biopapa.lt\/en\/product\/natural-indian-insence-santal-15-piece-30-g-sattva\/","og_site_name":"Biopapa","article_publisher":"https:\/\/www.facebook.com\/biopapa.lt","article_modified_time":"2023-09-29T09:19:00+00:00","og_image":[{"width":800,"height":640,"url":"https:\/\/www.biopapa.lt\/wp-content\/uploads\/2023\/04\/Naturalus-indiski-smilkalai-SANTALAS-15-vnt.-30-g-Sattva.png","type":"image\/png"}],"twitter_card":"summary_large_image","schema":{"@context":"https:\/\/schema.org","@graph":[{"@type":"WebPage","@id":"https:\/\/www.biopapa.lt\/en\/product\/natural-indian-insence-santal-15-piece-30-g-sattva\/","url":"https:\/\/www.biopapa.lt\/en\/product\/natural-indian-insence-santal-15-piece-30-g-sattva\/","name":"SANTALAS Natural Indian Insence (15 pcs.) 30 g Sattva - Biopapa","isPartOf":{"@id":"https:\/\/www.biopapa.lt\/#website"},"primaryImageOfPage":{"@id":"https:\/\/www.biopapa.lt\/en\/product\/natural-indian-insence-santal-15-piece-30-g-sattva\/#primaryimage"},"image":{"@id":"https:\/\/www.biopapa.lt\/en\/product\/natural-indian-insence-santal-15-piece-30-g-sattva\/#primaryimage"},"thumbnailUrl":"https:\/\/www.biopapa.lt\/wp-content\/uploads\/2023\/04\/Naturalus-indiski-smilkalai-SANTALAS-15-vnt.-30-g-Sattva.png","datePublished":"2023-04-28T12:53:56+00:00","dateModified":"2023-09-29T09:19:00+00:00","description":"Sandalwood has been known for thousands of years and its healing properties are still used in Indian and Chinese medicine today.","breadcrumb":{"@id":"https:\/\/www.biopapa.lt\/en\/product\/natural-indian-insence-santal-15-piece-30-g-sattva\/#breadcrumb"},"inLanguage":"en-US","potentialAction":[{"@type":"ReadAction","target":["https:\/\/www.biopapa.lt\/en\/product\/natural-indian-insence-santal-15-piece-30-g-sattva\/"]}]},{"@type":"ImageObject","inLanguage":"en-US","@id":"https:\/\/www.biopapa.lt\/en\/product\/natural-indian-insence-santal-15-piece-30-g-sattva\/#primaryimage","url":"https:\/\/www.biopapa.lt\/wp-content\/uploads\/2023\/04\/Naturalus-indiski-smilkalai-SANTALAS-15-vnt.-30-g-Sattva.png","contentUrl":"https:\/\/www.biopapa.lt\/wp-content\/uploads\/2023\/04\/Naturalus-indiski-smilkalai-SANTALAS-15-vnt.-30-g-Sattva.png","width":800,"height":640,"caption":"SANTALAS Natural Indian Insence (15 pcs.) 30 g Sattva"},{"@type":"BreadcrumbList","@id":"https:\/\/www.biopapa.lt\/en\/product\/natural-indian-insence-santal-15-piece-30-g-sattva\/#breadcrumb","itemListElement":[{"@type":"ListItem","position":1,"name":"Home","item":"https:\/\/www.biopapa.lt\/en\/"},{"@type":"ListItem","position":2,"name":"Shop","item":"https:\/\/www.biopapa.lt\/en\/shop\/"},{"@type":"ListItem","position":3,"name":"SANTALAS Natural Indian Insence (15 pcs.) 30 g Sattva"}]},{"@type":"WebSite","@id":"https:\/\/www.biopapa.lt\/#website","url":"https:\/\/www.biopapa.lt\/","name":"Biopapa","description":"\u0160var\u016bs ekologi\u0161ki produktai","publisher":{"@id":"https:\/\/www.biopapa.lt\/#organization"},"potentialAction":[{"@type":"SearchAction","target":{"@type":"EntryPoint","urlTemplate":"https:\/\/www.biopapa.lt\/?s={search_term_string}"},"query-input":{"@type":"PropertyValueSpecification","valueRequired":true,"valueName":"search_term_string"}}],"inLanguage":"en-US"},{"@type":"Organization","@id":"https:\/\/www.biopapa.lt\/#organization","name":"Biopapa","url":"https:\/\/www.biopapa.lt\/","logo":{"@type":"ImageObject","inLanguage":"en-US","@id":"https:\/\/www.biopapa.lt\/#\/schema\/logo\/image\/","url":"https:\/\/www.biopapa.lt\/wp-content\/uploads\/2022\/04\/facebook_biopapa.jpg","contentUrl":"https:\/\/www.biopapa.lt\/wp-content\/uploads\/2022\/04\/facebook_biopapa.jpg","width":1733,"height":907,"caption":"Biopapa"},"image":{"@id":"https:\/\/www.biopapa.lt\/#\/schema\/logo\/image\/"},"sameAs":["https:\/\/www.facebook.com\/biopapa.lt"]}]}},"_links":{"self":[{"href":"https:\/\/www.biopapa.lt\/en\/wp-json\/wp\/v2\/product\/36391","targetHints":{"allow":["GET"]}}],"collection":[{"href":"https:\/\/www.biopapa.lt\/en\/wp-json\/wp\/v2\/product"}],"about":[{"href":"https:\/\/www.biopapa.lt\/en\/wp-json\/wp\/v2\/types\/product"}],"wp:featuredmedia":[{"embeddable":true,"href":"https:\/\/www.biopapa.lt\/en\/wp-json\/wp\/v2\/media\/30407"}],"wp:attachment":[{"href":"https:\/\/www.biopapa.lt\/en\/wp-json\/wp\/v2\/media?parent=36391"}],"wp:term":[{"taxonomy":"product_brand","embeddable":true,"href":"https:\/\/www.biopapa.lt\/en\/wp-json\/wp\/v2\/product_brand?post=36391"},{"taxonomy":"product_cat","embeddable":true,"href":"https:\/\/www.biopapa.lt\/en\/wp-json\/wp\/v2\/product_cat?post=36391"},{"taxonomy":"product_tag","embeddable":true,"href":"https:\/\/www.biopapa.lt\/en\/wp-json\/wp\/v2\/product_tag?post=36391"}],"curies":[{"name":"wp","href":"https:\/\/api.w.org\/{rel}","templated":true}]}}