{"id":36388,"date":"2023-04-28T16:16:08","date_gmt":"2023-04-28T13:16:08","guid":{"rendered":"https:\/\/www.biopapa.lt\/produktas\/natural-indian-insence-lotosas-15-pcs-30-g-sattva\/"},"modified":"2023-04-28T16:16:08","modified_gmt":"2023-04-28T13:16:08","slug":"natural-indian-incense-lotus-15-piece-30-g-sattva","status":"publish","type":"product","link":"https:\/\/www.biopapa.lt\/en\/produktas\/natural-indian-incense-lotus-15-piece-30-g-sattva\/","title":{"rendered":"Natural Indian Insence LOTOSAS (15 pcs.) 30 g Sattva"},"content":{"rendered":"<p>The lotus flower is considered a sacred and lucky plant in India. The unique and subtle scent of insence is calming, relaxing and brings inner balance and freshness to the room. Perfect for meditation and yoga exercises.<\/p>\n<p>Incense is made from flowers, herbs, wood, plant resins and honey essence. Hand rolling on bamboo. These incense sticks are handmade according to a 400-year tradition.<\/p>\n<p>Contains no synthetic flavours, ingredients or petrochemicals.<\/p>\n<p>The word Sattva means goodness, positivity, truth, health, peace, holistic view of the world, creativity, constructiveness, balance, truthfulness, tranquillity, purity, inner knowledge.<\/p>\n<p>USE: Light the incense and extinguish the flame, enjoy the smell of incense<\/p>\n<p>&nbsp;<\/p>\n","protected":false},"excerpt":{"rendered":"<p>The lotus flower is considered a sacred and lucky plant in India. The unique and subtle scent of insence is<\/p>\n","protected":false},"featured_media":30411,"template":"","meta":{"_acf_changed":false},"product_brand":[],"product_cat":[1988,1992],"product_tag":[2064,2088],"class_list":{"0":"post-36388","1":"product","2":"type-product","3":"status-publish","4":"has-post-thumbnail","6":"product_cat-home","7":"product_cat-home-scent","8":"product_tag-natural-incense","9":"product_tag-vegan","11":"first","12":"instock","13":"shipping-taxable","14":"purchasable","15":"product-type-simple"},"acf":[],"yoast_head":"<!-- This site is optimized with the Yoast SEO plugin v27.5 - https:\/\/yoast.com\/product\/yoast-seo-wordpress\/ -->\n<title>Natural Indian Insence LOTOSAS (15 pcs.) 30 g Sattva - Biopapa<\/title>\n<meta name=\"description\" content=\"The lotus flower is considered a sacred and lucky plant in India. The unique and subtle scent of insence is calming, relaxing and brings inner balance and freshness to the room.\" \/>\n<meta name=\"robots\" content=\"index, follow, max-snippet:-1, max-image-preview:large, max-video-preview:-1\" \/>\n<link rel=\"canonical\" href=\"https:\/\/www.biopapa.lt\/en\/product\/natural-indian-insence-lotosas-15-pcs-30-g-sattva\/\" \/>\n<meta property=\"og:locale\" content=\"en_US\" \/>\n<meta property=\"og:type\" content=\"article\" \/>\n<meta property=\"og:title\" content=\"Natural Indian Insence LOTOSAS (15 pcs.) 30 g Sattva - Biopapa\" \/>\n<meta property=\"og:description\" content=\"The lotus flower is considered a sacred and lucky plant in India. The unique and subtle scent of insence is calming, relaxing and brings inner balance and freshness to the room.\" \/>\n<meta property=\"og:url\" content=\"https:\/\/www.biopapa.lt\/en\/product\/natural-indian-insence-lotosas-15-pcs-30-g-sattva\/\" \/>\n<meta property=\"og:site_name\" content=\"Biopapa\" \/>\n<meta property=\"article:publisher\" content=\"https:\/\/www.facebook.com\/biopapa.lt\" \/>\n<meta property=\"og:image\" content=\"https:\/\/www.biopapa.lt\/wp-content\/uploads\/2023\/04\/Naturalus-indiski-smilkalai-LOTOSAS-15-vnt.-30-g-Sattva-3.3-.png\" \/>\n\t<meta property=\"og:image:width\" content=\"800\" \/>\n\t<meta property=\"og:image:height\" content=\"640\" \/>\n\t<meta property=\"og:image:type\" content=\"image\/png\" \/>\n<meta name=\"twitter:card\" content=\"summary_large_image\" \/>\n<script type=\"application\/ld+json\" class=\"yoast-schema-graph\">{\"@context\":\"https:\\\/\\\/schema.org\",\"@graph\":[{\"@type\":\"WebPage\",\"@id\":\"https:\\\/\\\/www.biopapa.lt\\\/en\\\/product\\\/natural-indian-insence-lotosas-15-pcs-30-g-sattva\\\/\",\"url\":\"https:\\\/\\\/www.biopapa.lt\\\/en\\\/product\\\/natural-indian-insence-lotosas-15-pcs-30-g-sattva\\\/\",\"name\":\"Natural Indian Insence LOTOSAS (15 pcs.) 30 g Sattva - Biopapa\",\"isPartOf\":{\"@id\":\"https:\\\/\\\/www.biopapa.lt\\\/#website\"},\"primaryImageOfPage\":{\"@id\":\"https:\\\/\\\/www.biopapa.lt\\\/en\\\/product\\\/natural-indian-insence-lotosas-15-pcs-30-g-sattva\\\/#primaryimage\"},\"image\":{\"@id\":\"https:\\\/\\\/www.biopapa.lt\\\/en\\\/product\\\/natural-indian-insence-lotosas-15-pcs-30-g-sattva\\\/#primaryimage\"},\"thumbnailUrl\":\"https:\\\/\\\/www.biopapa.lt\\\/wp-content\\\/uploads\\\/2023\\\/04\\\/Naturalus-indiski-smilkalai-LOTOSAS-15-vnt.-30-g-Sattva-3.3-.png\",\"datePublished\":\"2023-04-28T13:16:08+00:00\",\"description\":\"The lotus flower is considered a sacred and lucky plant in India. The unique and subtle scent of insence is calming, relaxing and brings inner balance and freshness to the room.\",\"breadcrumb\":{\"@id\":\"https:\\\/\\\/www.biopapa.lt\\\/en\\\/product\\\/natural-indian-insence-lotosas-15-pcs-30-g-sattva\\\/#breadcrumb\"},\"inLanguage\":\"en-US\",\"potentialAction\":[{\"@type\":\"ReadAction\",\"target\":[\"https:\\\/\\\/www.biopapa.lt\\\/en\\\/product\\\/natural-indian-insence-lotosas-15-pcs-30-g-sattva\\\/\"]}]},{\"@type\":\"ImageObject\",\"inLanguage\":\"en-US\",\"@id\":\"https:\\\/\\\/www.biopapa.lt\\\/en\\\/product\\\/natural-indian-insence-lotosas-15-pcs-30-g-sattva\\\/#primaryimage\",\"url\":\"https:\\\/\\\/www.biopapa.lt\\\/wp-content\\\/uploads\\\/2023\\\/04\\\/Naturalus-indiski-smilkalai-LOTOSAS-15-vnt.-30-g-Sattva-3.3-.png\",\"contentUrl\":\"https:\\\/\\\/www.biopapa.lt\\\/wp-content\\\/uploads\\\/2023\\\/04\\\/Naturalus-indiski-smilkalai-LOTOSAS-15-vnt.-30-g-Sattva-3.3-.png\",\"width\":800,\"height\":640,\"caption\":\"Natural Indian Insence LOTOSAS (15 pcs.) 30 g\"},{\"@type\":\"BreadcrumbList\",\"@id\":\"https:\\\/\\\/www.biopapa.lt\\\/en\\\/product\\\/natural-indian-insence-lotosas-15-pcs-30-g-sattva\\\/#breadcrumb\",\"itemListElement\":[{\"@type\":\"ListItem\",\"position\":1,\"name\":\"Home\",\"item\":\"https:\\\/\\\/www.biopapa.lt\\\/en\\\/\"},{\"@type\":\"ListItem\",\"position\":2,\"name\":\"Shop\",\"item\":\"https:\\\/\\\/www.biopapa.lt\\\/en\\\/shop\\\/\"},{\"@type\":\"ListItem\",\"position\":3,\"name\":\"Natural Indian Insence LOTOSAS (15 pcs.) 30 g Sattva\"}]},{\"@type\":\"WebSite\",\"@id\":\"https:\\\/\\\/www.biopapa.lt\\\/#website\",\"url\":\"https:\\\/\\\/www.biopapa.lt\\\/\",\"name\":\"Biopapa\",\"description\":\"\u0160var\u016bs ekologi\u0161ki produktai\",\"publisher\":{\"@id\":\"https:\\\/\\\/www.biopapa.lt\\\/#organization\"},\"potentialAction\":[{\"@type\":\"SearchAction\",\"target\":{\"@type\":\"EntryPoint\",\"urlTemplate\":\"https:\\\/\\\/www.biopapa.lt\\\/?s={search_term_string}\"},\"query-input\":{\"@type\":\"PropertyValueSpecification\",\"valueRequired\":true,\"valueName\":\"search_term_string\"}}],\"inLanguage\":\"en-US\"},{\"@type\":\"Organization\",\"@id\":\"https:\\\/\\\/www.biopapa.lt\\\/#organization\",\"name\":\"Biopapa\",\"url\":\"https:\\\/\\\/www.biopapa.lt\\\/\",\"logo\":{\"@type\":\"ImageObject\",\"inLanguage\":\"en-US\",\"@id\":\"https:\\\/\\\/www.biopapa.lt\\\/#\\\/schema\\\/logo\\\/image\\\/\",\"url\":\"https:\\\/\\\/www.biopapa.lt\\\/wp-content\\\/uploads\\\/2022\\\/04\\\/facebook_biopapa.jpg\",\"contentUrl\":\"https:\\\/\\\/www.biopapa.lt\\\/wp-content\\\/uploads\\\/2022\\\/04\\\/facebook_biopapa.jpg\",\"width\":1733,\"height\":907,\"caption\":\"Biopapa\"},\"image\":{\"@id\":\"https:\\\/\\\/www.biopapa.lt\\\/#\\\/schema\\\/logo\\\/image\\\/\"},\"sameAs\":[\"https:\\\/\\\/www.facebook.com\\\/biopapa.lt\"]}]}<\/script>\n<!-- \/ Yoast SEO plugin. -->","yoast_head_json":{"title":"Natural Indian Insence LOTOSAS (15 pcs.) 30 g Sattva - Biopapa","description":"The lotus flower is considered a sacred and lucky plant in India. The unique and subtle scent of insence is calming, relaxing and brings inner balance and freshness to the room.","robots":{"index":"index","follow":"follow","max-snippet":"max-snippet:-1","max-image-preview":"max-image-preview:large","max-video-preview":"max-video-preview:-1"},"canonical":"https:\/\/www.biopapa.lt\/en\/product\/natural-indian-insence-lotosas-15-pcs-30-g-sattva\/","og_locale":"en_US","og_type":"article","og_title":"Natural Indian Insence LOTOSAS (15 pcs.) 30 g Sattva - Biopapa","og_description":"The lotus flower is considered a sacred and lucky plant in India. The unique and subtle scent of insence is calming, relaxing and brings inner balance and freshness to the room.","og_url":"https:\/\/www.biopapa.lt\/en\/product\/natural-indian-insence-lotosas-15-pcs-30-g-sattva\/","og_site_name":"Biopapa","article_publisher":"https:\/\/www.facebook.com\/biopapa.lt","og_image":[{"width":800,"height":640,"url":"https:\/\/www.biopapa.lt\/wp-content\/uploads\/2023\/04\/Naturalus-indiski-smilkalai-LOTOSAS-15-vnt.-30-g-Sattva-3.3-.png","type":"image\/png"}],"twitter_card":"summary_large_image","schema":{"@context":"https:\/\/schema.org","@graph":[{"@type":"WebPage","@id":"https:\/\/www.biopapa.lt\/en\/product\/natural-indian-insence-lotosas-15-pcs-30-g-sattva\/","url":"https:\/\/www.biopapa.lt\/en\/product\/natural-indian-insence-lotosas-15-pcs-30-g-sattva\/","name":"Natural Indian Insence LOTOSAS (15 pcs.) 30 g Sattva - Biopapa","isPartOf":{"@id":"https:\/\/www.biopapa.lt\/#website"},"primaryImageOfPage":{"@id":"https:\/\/www.biopapa.lt\/en\/product\/natural-indian-insence-lotosas-15-pcs-30-g-sattva\/#primaryimage"},"image":{"@id":"https:\/\/www.biopapa.lt\/en\/product\/natural-indian-insence-lotosas-15-pcs-30-g-sattva\/#primaryimage"},"thumbnailUrl":"https:\/\/www.biopapa.lt\/wp-content\/uploads\/2023\/04\/Naturalus-indiski-smilkalai-LOTOSAS-15-vnt.-30-g-Sattva-3.3-.png","datePublished":"2023-04-28T13:16:08+00:00","description":"The lotus flower is considered a sacred and lucky plant in India. The unique and subtle scent of insence is calming, relaxing and brings inner balance and freshness to the room.","breadcrumb":{"@id":"https:\/\/www.biopapa.lt\/en\/product\/natural-indian-insence-lotosas-15-pcs-30-g-sattva\/#breadcrumb"},"inLanguage":"en-US","potentialAction":[{"@type":"ReadAction","target":["https:\/\/www.biopapa.lt\/en\/product\/natural-indian-insence-lotosas-15-pcs-30-g-sattva\/"]}]},{"@type":"ImageObject","inLanguage":"en-US","@id":"https:\/\/www.biopapa.lt\/en\/product\/natural-indian-insence-lotosas-15-pcs-30-g-sattva\/#primaryimage","url":"https:\/\/www.biopapa.lt\/wp-content\/uploads\/2023\/04\/Naturalus-indiski-smilkalai-LOTOSAS-15-vnt.-30-g-Sattva-3.3-.png","contentUrl":"https:\/\/www.biopapa.lt\/wp-content\/uploads\/2023\/04\/Naturalus-indiski-smilkalai-LOTOSAS-15-vnt.-30-g-Sattva-3.3-.png","width":800,"height":640,"caption":"Natural Indian Insence LOTOSAS (15 pcs.) 30 g"},{"@type":"BreadcrumbList","@id":"https:\/\/www.biopapa.lt\/en\/product\/natural-indian-insence-lotosas-15-pcs-30-g-sattva\/#breadcrumb","itemListElement":[{"@type":"ListItem","position":1,"name":"Home","item":"https:\/\/www.biopapa.lt\/en\/"},{"@type":"ListItem","position":2,"name":"Shop","item":"https:\/\/www.biopapa.lt\/en\/shop\/"},{"@type":"ListItem","position":3,"name":"Natural Indian Insence LOTOSAS (15 pcs.) 30 g Sattva"}]},{"@type":"WebSite","@id":"https:\/\/www.biopapa.lt\/#website","url":"https:\/\/www.biopapa.lt\/","name":"Biopapa","description":"\u0160var\u016bs ekologi\u0161ki produktai","publisher":{"@id":"https:\/\/www.biopapa.lt\/#organization"},"potentialAction":[{"@type":"SearchAction","target":{"@type":"EntryPoint","urlTemplate":"https:\/\/www.biopapa.lt\/?s={search_term_string}"},"query-input":{"@type":"PropertyValueSpecification","valueRequired":true,"valueName":"search_term_string"}}],"inLanguage":"en-US"},{"@type":"Organization","@id":"https:\/\/www.biopapa.lt\/#organization","name":"Biopapa","url":"https:\/\/www.biopapa.lt\/","logo":{"@type":"ImageObject","inLanguage":"en-US","@id":"https:\/\/www.biopapa.lt\/#\/schema\/logo\/image\/","url":"https:\/\/www.biopapa.lt\/wp-content\/uploads\/2022\/04\/facebook_biopapa.jpg","contentUrl":"https:\/\/www.biopapa.lt\/wp-content\/uploads\/2022\/04\/facebook_biopapa.jpg","width":1733,"height":907,"caption":"Biopapa"},"image":{"@id":"https:\/\/www.biopapa.lt\/#\/schema\/logo\/image\/"},"sameAs":["https:\/\/www.facebook.com\/biopapa.lt"]}]}},"_links":{"self":[{"href":"https:\/\/www.biopapa.lt\/en\/wp-json\/wp\/v2\/product\/36388","targetHints":{"allow":["GET"]}}],"collection":[{"href":"https:\/\/www.biopapa.lt\/en\/wp-json\/wp\/v2\/product"}],"about":[{"href":"https:\/\/www.biopapa.lt\/en\/wp-json\/wp\/v2\/types\/product"}],"wp:featuredmedia":[{"embeddable":true,"href":"https:\/\/www.biopapa.lt\/en\/wp-json\/wp\/v2\/media\/30411"}],"wp:attachment":[{"href":"https:\/\/www.biopapa.lt\/en\/wp-json\/wp\/v2\/media?parent=36388"}],"wp:term":[{"taxonomy":"product_brand","embeddable":true,"href":"https:\/\/www.biopapa.lt\/en\/wp-json\/wp\/v2\/product_brand?post=36388"},{"taxonomy":"product_cat","embeddable":true,"href":"https:\/\/www.biopapa.lt\/en\/wp-json\/wp\/v2\/product_cat?post=36388"},{"taxonomy":"product_tag","embeddable":true,"href":"https:\/\/www.biopapa.lt\/en\/wp-json\/wp\/v2\/product_tag?post=36388"}],"curies":[{"name":"wp","href":"https:\/\/api.w.org\/{rel}","templated":true}]}}