{"id":36339,"date":"2023-08-18T12:44:08","date_gmt":"2023-08-18T09:44:08","guid":{"rendered":"https:\/\/www.biopapa.lt\/produktas\/laundry-softener-balance-with-cotton-extract-1-5-l\/"},"modified":"2023-10-25T14:45:21","modified_gmt":"2023-10-25T11:45:21","slug":"laundry-softener-balance-with-cotton-extractor-1-5-l","status":"publish","type":"product","link":"https:\/\/www.biopapa.lt\/en\/produktas\/laundry-softener-balance-with-cotton-extractor-1-5-l\/","title":{"rendered":"Laundry softener BALANCE with cotton extract, 1.5 L"},"content":{"rendered":"<p>Soft and fresh fabrics are something you don&#8217;t want to take your hands off, but to achieve the desired result you need to use a high quality and effective fabric softener that nourishes your fabrics and your skin. BALANCE fabric softener is enriched with cotton extract, which softens fabrics very effectively, protects them from electrolysis and has a special skin-soothing effect, so it can be used every day, even for 50 washes!<\/p>\n<p><em>Dermatologist-tested<\/em><br \/>\nThe dermatologist-tested BALANCE fabric softener is ideal for rinsing fabrics in both hand and automatic washing machines. This fabric softener has an ultra-gentle formulation free of phosphates, dyes and allergenic fragrances, so it is recommended for use in the washing of children&#8217;s, allergic or sensitive skinned clothes, and it will nourish, irritate, and dry the skin of your hands.<\/p>\n<p><em>Economical<\/em><br \/>\nIt is a cost-effective, efficient and reliable tool.<br \/>\nBALANCE fabric softener is the perfect choice if you want the best results every day.<\/p>\n<p>Use 1\/2 cap for an average load of laundry. Use by adding directly to the softener drawer of the washing machine. Do not pour directly onto laundry.<\/p>\n","protected":false},"excerpt":{"rendered":"<p>Soft and fresh fabrics are something you don&#8217;t want to take your hands off, but to achieve the desired result<\/p>\n","protected":false},"featured_media":31891,"template":"","meta":{"_acf_changed":false},"product_brand":[],"product_cat":[1988,1843],"product_tag":[],"class_list":{"0":"post-36339","1":"product","2":"type-product","3":"status-publish","4":"has-post-thumbnail","6":"product_cat-home","7":"product_cat-household-cleaning-products","9":"first","10":"instock","11":"shipping-taxable","12":"purchasable","13":"product-type-simple"},"acf":[],"yoast_head":"<!-- This site is optimized with the Yoast SEO plugin v27.5 - https:\/\/yoast.com\/product\/yoast-seo-wordpress\/ -->\n<title>Laundry softener BALANCE with cotton extract, 1.5 L - Biopapa<\/title>\n<meta name=\"description\" content=\"The dermatologist-tested BALANCE fabric softener is ideal for rinsing fabrics in both hand and automatic washing machines.\" \/>\n<meta name=\"robots\" content=\"index, follow, max-snippet:-1, max-image-preview:large, max-video-preview:-1\" \/>\n<link rel=\"canonical\" href=\"https:\/\/www.biopapa.lt\/en\/product\/laundry-softener-balance-with-cotton-extractor-1-5-l\/\" \/>\n<meta property=\"og:locale\" content=\"en_US\" \/>\n<meta property=\"og:type\" content=\"article\" \/>\n<meta property=\"og:title\" content=\"Laundry softener BALANCE with cotton extract, 1.5 L - Biopapa\" \/>\n<meta property=\"og:description\" content=\"The dermatologist-tested BALANCE fabric softener is ideal for rinsing fabrics in both hand and automatic washing machines.\" \/>\n<meta property=\"og:url\" content=\"https:\/\/www.biopapa.lt\/en\/product\/laundry-softener-balance-with-cotton-extractor-1-5-l\/\" \/>\n<meta property=\"og:site_name\" content=\"Biopapa\" \/>\n<meta property=\"article:publisher\" content=\"https:\/\/www.facebook.com\/biopapa.lt\" \/>\n<meta property=\"article:modified_time\" content=\"2023-10-25T11:45:21+00:00\" \/>\n<meta property=\"og:image\" content=\"https:\/\/www.biopapa.lt\/wp-content\/uploads\/2023\/08\/BALANCE-audiniu-minkstiklis-su-medvilnes-ekstraktu-1.5l.png\" \/>\n\t<meta property=\"og:image:width\" content=\"800\" \/>\n\t<meta property=\"og:image:height\" content=\"640\" \/>\n\t<meta property=\"og:image:type\" content=\"image\/png\" \/>\n<meta name=\"twitter:card\" content=\"summary_large_image\" \/>\n<script type=\"application\/ld+json\" class=\"yoast-schema-graph\">{\"@context\":\"https:\\\/\\\/schema.org\",\"@graph\":[{\"@type\":\"WebPage\",\"@id\":\"https:\\\/\\\/www.biopapa.lt\\\/en\\\/product\\\/laundry-softener-balance-with-cotton-extractor-1-5-l\\\/\",\"url\":\"https:\\\/\\\/www.biopapa.lt\\\/en\\\/product\\\/laundry-softener-balance-with-cotton-extractor-1-5-l\\\/\",\"name\":\"Laundry softener BALANCE with cotton extract, 1.5 L - Biopapa\",\"isPartOf\":{\"@id\":\"https:\\\/\\\/www.biopapa.lt\\\/#website\"},\"primaryImageOfPage\":{\"@id\":\"https:\\\/\\\/www.biopapa.lt\\\/en\\\/product\\\/laundry-softener-balance-with-cotton-extractor-1-5-l\\\/#primaryimage\"},\"image\":{\"@id\":\"https:\\\/\\\/www.biopapa.lt\\\/en\\\/product\\\/laundry-softener-balance-with-cotton-extractor-1-5-l\\\/#primaryimage\"},\"thumbnailUrl\":\"https:\\\/\\\/www.biopapa.lt\\\/wp-content\\\/uploads\\\/2023\\\/08\\\/BALANCE-audiniu-minkstiklis-su-medvilnes-ekstraktu-1.5l.png\",\"datePublished\":\"2023-08-18T09:44:08+00:00\",\"dateModified\":\"2023-10-25T11:45:21+00:00\",\"description\":\"The dermatologist-tested BALANCE fabric softener is ideal for rinsing fabrics in both hand and automatic washing machines.\",\"breadcrumb\":{\"@id\":\"https:\\\/\\\/www.biopapa.lt\\\/en\\\/product\\\/laundry-softener-balance-with-cotton-extractor-1-5-l\\\/#breadcrumb\"},\"inLanguage\":\"en-US\",\"potentialAction\":[{\"@type\":\"ReadAction\",\"target\":[\"https:\\\/\\\/www.biopapa.lt\\\/en\\\/product\\\/laundry-softener-balance-with-cotton-extractor-1-5-l\\\/\"]}]},{\"@type\":\"ImageObject\",\"inLanguage\":\"en-US\",\"@id\":\"https:\\\/\\\/www.biopapa.lt\\\/en\\\/product\\\/laundry-softener-balance-with-cotton-extractor-1-5-l\\\/#primaryimage\",\"url\":\"https:\\\/\\\/www.biopapa.lt\\\/wp-content\\\/uploads\\\/2023\\\/08\\\/BALANCE-audiniu-minkstiklis-su-medvilnes-ekstraktu-1.5l.png\",\"contentUrl\":\"https:\\\/\\\/www.biopapa.lt\\\/wp-content\\\/uploads\\\/2023\\\/08\\\/BALANCE-audiniu-minkstiklis-su-medvilnes-ekstraktu-1.5l.png\",\"width\":800,\"height\":640},{\"@type\":\"BreadcrumbList\",\"@id\":\"https:\\\/\\\/www.biopapa.lt\\\/en\\\/product\\\/laundry-softener-balance-with-cotton-extractor-1-5-l\\\/#breadcrumb\",\"itemListElement\":[{\"@type\":\"ListItem\",\"position\":1,\"name\":\"Home\",\"item\":\"https:\\\/\\\/www.biopapa.lt\\\/en\\\/\"},{\"@type\":\"ListItem\",\"position\":2,\"name\":\"Shop\",\"item\":\"https:\\\/\\\/www.biopapa.lt\\\/en\\\/shop\\\/\"},{\"@type\":\"ListItem\",\"position\":3,\"name\":\"Laundry softener BALANCE with cotton extract, 1.5 L\"}]},{\"@type\":\"WebSite\",\"@id\":\"https:\\\/\\\/www.biopapa.lt\\\/#website\",\"url\":\"https:\\\/\\\/www.biopapa.lt\\\/\",\"name\":\"Biopapa\",\"description\":\"\u0160var\u016bs ekologi\u0161ki produktai\",\"publisher\":{\"@id\":\"https:\\\/\\\/www.biopapa.lt\\\/#organization\"},\"potentialAction\":[{\"@type\":\"SearchAction\",\"target\":{\"@type\":\"EntryPoint\",\"urlTemplate\":\"https:\\\/\\\/www.biopapa.lt\\\/?s={search_term_string}\"},\"query-input\":{\"@type\":\"PropertyValueSpecification\",\"valueRequired\":true,\"valueName\":\"search_term_string\"}}],\"inLanguage\":\"en-US\"},{\"@type\":\"Organization\",\"@id\":\"https:\\\/\\\/www.biopapa.lt\\\/#organization\",\"name\":\"Biopapa\",\"url\":\"https:\\\/\\\/www.biopapa.lt\\\/\",\"logo\":{\"@type\":\"ImageObject\",\"inLanguage\":\"en-US\",\"@id\":\"https:\\\/\\\/www.biopapa.lt\\\/#\\\/schema\\\/logo\\\/image\\\/\",\"url\":\"https:\\\/\\\/www.biopapa.lt\\\/wp-content\\\/uploads\\\/2022\\\/04\\\/facebook_biopapa.jpg\",\"contentUrl\":\"https:\\\/\\\/www.biopapa.lt\\\/wp-content\\\/uploads\\\/2022\\\/04\\\/facebook_biopapa.jpg\",\"width\":1733,\"height\":907,\"caption\":\"Biopapa\"},\"image\":{\"@id\":\"https:\\\/\\\/www.biopapa.lt\\\/#\\\/schema\\\/logo\\\/image\\\/\"},\"sameAs\":[\"https:\\\/\\\/www.facebook.com\\\/biopapa.lt\"]}]}<\/script>\n<!-- \/ Yoast SEO plugin. -->","yoast_head_json":{"title":"Laundry softener BALANCE with cotton extract, 1.5 L - Biopapa","description":"The dermatologist-tested BALANCE fabric softener is ideal for rinsing fabrics in both hand and automatic washing machines.","robots":{"index":"index","follow":"follow","max-snippet":"max-snippet:-1","max-image-preview":"max-image-preview:large","max-video-preview":"max-video-preview:-1"},"canonical":"https:\/\/www.biopapa.lt\/en\/product\/laundry-softener-balance-with-cotton-extractor-1-5-l\/","og_locale":"en_US","og_type":"article","og_title":"Laundry softener BALANCE with cotton extract, 1.5 L - Biopapa","og_description":"The dermatologist-tested BALANCE fabric softener is ideal for rinsing fabrics in both hand and automatic washing machines.","og_url":"https:\/\/www.biopapa.lt\/en\/product\/laundry-softener-balance-with-cotton-extractor-1-5-l\/","og_site_name":"Biopapa","article_publisher":"https:\/\/www.facebook.com\/biopapa.lt","article_modified_time":"2023-10-25T11:45:21+00:00","og_image":[{"width":800,"height":640,"url":"https:\/\/www.biopapa.lt\/wp-content\/uploads\/2023\/08\/BALANCE-audiniu-minkstiklis-su-medvilnes-ekstraktu-1.5l.png","type":"image\/png"}],"twitter_card":"summary_large_image","schema":{"@context":"https:\/\/schema.org","@graph":[{"@type":"WebPage","@id":"https:\/\/www.biopapa.lt\/en\/product\/laundry-softener-balance-with-cotton-extractor-1-5-l\/","url":"https:\/\/www.biopapa.lt\/en\/product\/laundry-softener-balance-with-cotton-extractor-1-5-l\/","name":"Laundry softener BALANCE with cotton extract, 1.5 L - Biopapa","isPartOf":{"@id":"https:\/\/www.biopapa.lt\/#website"},"primaryImageOfPage":{"@id":"https:\/\/www.biopapa.lt\/en\/product\/laundry-softener-balance-with-cotton-extractor-1-5-l\/#primaryimage"},"image":{"@id":"https:\/\/www.biopapa.lt\/en\/product\/laundry-softener-balance-with-cotton-extractor-1-5-l\/#primaryimage"},"thumbnailUrl":"https:\/\/www.biopapa.lt\/wp-content\/uploads\/2023\/08\/BALANCE-audiniu-minkstiklis-su-medvilnes-ekstraktu-1.5l.png","datePublished":"2023-08-18T09:44:08+00:00","dateModified":"2023-10-25T11:45:21+00:00","description":"The dermatologist-tested BALANCE fabric softener is ideal for rinsing fabrics in both hand and automatic washing machines.","breadcrumb":{"@id":"https:\/\/www.biopapa.lt\/en\/product\/laundry-softener-balance-with-cotton-extractor-1-5-l\/#breadcrumb"},"inLanguage":"en-US","potentialAction":[{"@type":"ReadAction","target":["https:\/\/www.biopapa.lt\/en\/product\/laundry-softener-balance-with-cotton-extractor-1-5-l\/"]}]},{"@type":"ImageObject","inLanguage":"en-US","@id":"https:\/\/www.biopapa.lt\/en\/product\/laundry-softener-balance-with-cotton-extractor-1-5-l\/#primaryimage","url":"https:\/\/www.biopapa.lt\/wp-content\/uploads\/2023\/08\/BALANCE-audiniu-minkstiklis-su-medvilnes-ekstraktu-1.5l.png","contentUrl":"https:\/\/www.biopapa.lt\/wp-content\/uploads\/2023\/08\/BALANCE-audiniu-minkstiklis-su-medvilnes-ekstraktu-1.5l.png","width":800,"height":640},{"@type":"BreadcrumbList","@id":"https:\/\/www.biopapa.lt\/en\/product\/laundry-softener-balance-with-cotton-extractor-1-5-l\/#breadcrumb","itemListElement":[{"@type":"ListItem","position":1,"name":"Home","item":"https:\/\/www.biopapa.lt\/en\/"},{"@type":"ListItem","position":2,"name":"Shop","item":"https:\/\/www.biopapa.lt\/en\/shop\/"},{"@type":"ListItem","position":3,"name":"Laundry softener BALANCE with cotton extract, 1.5 L"}]},{"@type":"WebSite","@id":"https:\/\/www.biopapa.lt\/#website","url":"https:\/\/www.biopapa.lt\/","name":"Biopapa","description":"\u0160var\u016bs ekologi\u0161ki produktai","publisher":{"@id":"https:\/\/www.biopapa.lt\/#organization"},"potentialAction":[{"@type":"SearchAction","target":{"@type":"EntryPoint","urlTemplate":"https:\/\/www.biopapa.lt\/?s={search_term_string}"},"query-input":{"@type":"PropertyValueSpecification","valueRequired":true,"valueName":"search_term_string"}}],"inLanguage":"en-US"},{"@type":"Organization","@id":"https:\/\/www.biopapa.lt\/#organization","name":"Biopapa","url":"https:\/\/www.biopapa.lt\/","logo":{"@type":"ImageObject","inLanguage":"en-US","@id":"https:\/\/www.biopapa.lt\/#\/schema\/logo\/image\/","url":"https:\/\/www.biopapa.lt\/wp-content\/uploads\/2022\/04\/facebook_biopapa.jpg","contentUrl":"https:\/\/www.biopapa.lt\/wp-content\/uploads\/2022\/04\/facebook_biopapa.jpg","width":1733,"height":907,"caption":"Biopapa"},"image":{"@id":"https:\/\/www.biopapa.lt\/#\/schema\/logo\/image\/"},"sameAs":["https:\/\/www.facebook.com\/biopapa.lt"]}]}},"_links":{"self":[{"href":"https:\/\/www.biopapa.lt\/en\/wp-json\/wp\/v2\/product\/36339","targetHints":{"allow":["GET"]}}],"collection":[{"href":"https:\/\/www.biopapa.lt\/en\/wp-json\/wp\/v2\/product"}],"about":[{"href":"https:\/\/www.biopapa.lt\/en\/wp-json\/wp\/v2\/types\/product"}],"wp:featuredmedia":[{"embeddable":true,"href":"https:\/\/www.biopapa.lt\/en\/wp-json\/wp\/v2\/media\/31891"}],"wp:attachment":[{"href":"https:\/\/www.biopapa.lt\/en\/wp-json\/wp\/v2\/media?parent=36339"}],"wp:term":[{"taxonomy":"product_brand","embeddable":true,"href":"https:\/\/www.biopapa.lt\/en\/wp-json\/wp\/v2\/product_brand?post=36339"},{"taxonomy":"product_cat","embeddable":true,"href":"https:\/\/www.biopapa.lt\/en\/wp-json\/wp\/v2\/product_cat?post=36339"},{"taxonomy":"product_tag","embeddable":true,"href":"https:\/\/www.biopapa.lt\/en\/wp-json\/wp\/v2\/product_tag?post=36339"}],"curies":[{"name":"wp","href":"https:\/\/api.w.org\/{rel}","templated":true}]}}