{"id":36290,"date":"2022-02-26T01:14:29","date_gmt":"2022-02-25T23:14:29","guid":{"rendered":"https:\/\/www.biopapa.lt\/produktas\/glass-container-55x11-cm-approx-02-l-for-bulk-products-with-bamboo-lid\/"},"modified":"2025-08-27T13:29:26","modified_gmt":"2025-08-27T10:29:26","slug":"glass-container-for-loose-products-with-bamboo-lid-5-5x11-cm-approx-0-2-l","status":"publish","type":"product","link":"https:\/\/www.biopapa.lt\/en\/produktas\/glass-container-for-loose-products-with-bamboo-lid-5-5x11-cm-approx-0-2-l\/","title":{"rendered":"Glass container for loose products with bamboo lid (5,5&#215;11 cm, approx. 0,2 L)"},"content":{"rendered":"<p>The clear glass container for storing loose products is not only practical, but also helps keep your kitchen tidy. The container is transparent, making it easy and convenient to find what you are looking for. The sealed lid with silicone gasket ensures proper storage conditions for dry products. This stylish dish will look great not only in a cupboard but also on an open shelf.<\/p>\n<p>Capacity: 0,2 l<br \/>\nDimensions: 5,5 x 11 cm<br \/>\nMaterial: borosilicate glass and bamboo wood<br \/>\nWith the Green Army logo on the lid<\/p>\n","protected":false},"excerpt":{"rendered":"<p>The clear glass container for storing loose products is not only practical, but also helps keep your kitchen tidy. The<\/p>\n","protected":false},"featured_media":30379,"template":"","meta":{"_acf_changed":false},"product_brand":[],"product_cat":[1996],"product_tag":[],"class_list":{"0":"post-36290","1":"product","2":"type-product","3":"status-publish","4":"has-post-thumbnail","6":"product_cat-containers-thermoses","8":"first","9":"instock","10":"shipping-taxable","11":"purchasable","12":"product-type-simple"},"acf":[],"yoast_head":"<!-- This site is optimized with the Yoast SEO plugin v27.5 - https:\/\/yoast.com\/product\/yoast-seo-wordpress\/ -->\n<title>Glass container for loose products with bamboo lid (5,5x11 cm, approx. 0,2 L) - Biopapa<\/title>\n<meta name=\"description\" content=\"The glass container with bamboo lid is not only a practical way to store food, but also a stylish kitchen accessory.\" \/>\n<meta name=\"robots\" content=\"index, follow, max-snippet:-1, max-image-preview:large, max-video-preview:-1\" \/>\n<link rel=\"canonical\" href=\"https:\/\/www.biopapa.lt\/en\/produktas\/glass-container-for-loose-products-with-bamboo-lid-5-5x11-cm-approx-0-2-l\/\" \/>\n<meta property=\"og:locale\" content=\"en_US\" \/>\n<meta property=\"og:type\" content=\"article\" \/>\n<meta property=\"og:title\" content=\"Glass container for loose products with bamboo lid (5,5x11 cm, approx. 0,2 L) - Biopapa\" \/>\n<meta property=\"og:description\" content=\"The glass container with bamboo lid is not only a practical way to store food, but also a stylish kitchen accessory.\" \/>\n<meta property=\"og:url\" content=\"https:\/\/www.biopapa.lt\/en\/produktas\/glass-container-for-loose-products-with-bamboo-lid-5-5x11-cm-approx-0-2-l\/\" \/>\n<meta property=\"og:site_name\" content=\"Biopapa\" \/>\n<meta property=\"article:publisher\" content=\"https:\/\/www.facebook.com\/biopapa.lt\" \/>\n<meta property=\"article:modified_time\" content=\"2025-08-27T10:29:26+00:00\" \/>\n<meta property=\"og:image\" content=\"https:\/\/www.biopapa.lt\/wp-content\/uploads\/2022\/02\/My-project-1-2.png\" \/>\n\t<meta property=\"og:image:width\" content=\"800\" \/>\n\t<meta property=\"og:image:height\" content=\"640\" \/>\n\t<meta property=\"og:image:type\" content=\"image\/png\" \/>\n<meta name=\"twitter:card\" content=\"summary_large_image\" \/>\n<script type=\"application\/ld+json\" class=\"yoast-schema-graph\">{\"@context\":\"https:\\\/\\\/schema.org\",\"@graph\":[{\"@type\":\"WebPage\",\"@id\":\"https:\\\/\\\/www.biopapa.lt\\\/en\\\/produktas\\\/glass-container-for-loose-products-with-bamboo-lid-5-5x11-cm-approx-0-2-l\\\/\",\"url\":\"https:\\\/\\\/www.biopapa.lt\\\/en\\\/produktas\\\/glass-container-for-loose-products-with-bamboo-lid-5-5x11-cm-approx-0-2-l\\\/\",\"name\":\"Glass container for loose products with bamboo lid (5,5x11 cm, approx. 0,2 L) - Biopapa\",\"isPartOf\":{\"@id\":\"https:\\\/\\\/www.biopapa.lt\\\/#website\"},\"primaryImageOfPage\":{\"@id\":\"https:\\\/\\\/www.biopapa.lt\\\/en\\\/produktas\\\/glass-container-for-loose-products-with-bamboo-lid-5-5x11-cm-approx-0-2-l\\\/#primaryimage\"},\"image\":{\"@id\":\"https:\\\/\\\/www.biopapa.lt\\\/en\\\/produktas\\\/glass-container-for-loose-products-with-bamboo-lid-5-5x11-cm-approx-0-2-l\\\/#primaryimage\"},\"thumbnailUrl\":\"https:\\\/\\\/www.biopapa.lt\\\/wp-content\\\/uploads\\\/2022\\\/02\\\/My-project-1-2.png\",\"datePublished\":\"2022-02-25T23:14:29+00:00\",\"dateModified\":\"2025-08-27T10:29:26+00:00\",\"description\":\"The glass container with bamboo lid is not only a practical way to store food, but also a stylish kitchen accessory.\",\"breadcrumb\":{\"@id\":\"https:\\\/\\\/www.biopapa.lt\\\/en\\\/produktas\\\/glass-container-for-loose-products-with-bamboo-lid-5-5x11-cm-approx-0-2-l\\\/#breadcrumb\"},\"inLanguage\":\"en-US\",\"potentialAction\":[{\"@type\":\"ReadAction\",\"target\":[\"https:\\\/\\\/www.biopapa.lt\\\/en\\\/produktas\\\/glass-container-for-loose-products-with-bamboo-lid-5-5x11-cm-approx-0-2-l\\\/\"]}]},{\"@type\":\"ImageObject\",\"inLanguage\":\"en-US\",\"@id\":\"https:\\\/\\\/www.biopapa.lt\\\/en\\\/produktas\\\/glass-container-for-loose-products-with-bamboo-lid-5-5x11-cm-approx-0-2-l\\\/#primaryimage\",\"url\":\"https:\\\/\\\/www.biopapa.lt\\\/wp-content\\\/uploads\\\/2022\\\/02\\\/My-project-1-2.png\",\"contentUrl\":\"https:\\\/\\\/www.biopapa.lt\\\/wp-content\\\/uploads\\\/2022\\\/02\\\/My-project-1-2.png\",\"width\":800,\"height\":640,\"caption\":\"Glass container (5,5x11 cm, approx. 0,2 l) for bulk products with bamboo lid\"},{\"@type\":\"BreadcrumbList\",\"@id\":\"https:\\\/\\\/www.biopapa.lt\\\/en\\\/produktas\\\/glass-container-for-loose-products-with-bamboo-lid-5-5x11-cm-approx-0-2-l\\\/#breadcrumb\",\"itemListElement\":[{\"@type\":\"ListItem\",\"position\":1,\"name\":\"Home\",\"item\":\"https:\\\/\\\/www.biopapa.lt\\\/en\\\/\"},{\"@type\":\"ListItem\",\"position\":2,\"name\":\"Shop\",\"item\":\"https:\\\/\\\/www.biopapa.lt\\\/en\\\/shop\\\/\"},{\"@type\":\"ListItem\",\"position\":3,\"name\":\"Glass container for loose products with bamboo lid (5,5&#215;11 cm, approx. 0,2 L)\"}]},{\"@type\":\"WebSite\",\"@id\":\"https:\\\/\\\/www.biopapa.lt\\\/#website\",\"url\":\"https:\\\/\\\/www.biopapa.lt\\\/\",\"name\":\"Biopapa\",\"description\":\"\u0160var\u016bs ekologi\u0161ki produktai\",\"publisher\":{\"@id\":\"https:\\\/\\\/www.biopapa.lt\\\/#organization\"},\"potentialAction\":[{\"@type\":\"SearchAction\",\"target\":{\"@type\":\"EntryPoint\",\"urlTemplate\":\"https:\\\/\\\/www.biopapa.lt\\\/?s={search_term_string}\"},\"query-input\":{\"@type\":\"PropertyValueSpecification\",\"valueRequired\":true,\"valueName\":\"search_term_string\"}}],\"inLanguage\":\"en-US\"},{\"@type\":\"Organization\",\"@id\":\"https:\\\/\\\/www.biopapa.lt\\\/#organization\",\"name\":\"Biopapa\",\"url\":\"https:\\\/\\\/www.biopapa.lt\\\/\",\"logo\":{\"@type\":\"ImageObject\",\"inLanguage\":\"en-US\",\"@id\":\"https:\\\/\\\/www.biopapa.lt\\\/#\\\/schema\\\/logo\\\/image\\\/\",\"url\":\"https:\\\/\\\/www.biopapa.lt\\\/wp-content\\\/uploads\\\/2022\\\/04\\\/facebook_biopapa.jpg\",\"contentUrl\":\"https:\\\/\\\/www.biopapa.lt\\\/wp-content\\\/uploads\\\/2022\\\/04\\\/facebook_biopapa.jpg\",\"width\":1733,\"height\":907,\"caption\":\"Biopapa\"},\"image\":{\"@id\":\"https:\\\/\\\/www.biopapa.lt\\\/#\\\/schema\\\/logo\\\/image\\\/\"},\"sameAs\":[\"https:\\\/\\\/www.facebook.com\\\/biopapa.lt\"]}]}<\/script>\n<!-- \/ Yoast SEO plugin. -->","yoast_head_json":{"title":"Glass container for loose products with bamboo lid (5,5x11 cm, approx. 0,2 L) - Biopapa","description":"The glass container with bamboo lid is not only a practical way to store food, but also a stylish kitchen accessory.","robots":{"index":"index","follow":"follow","max-snippet":"max-snippet:-1","max-image-preview":"max-image-preview:large","max-video-preview":"max-video-preview:-1"},"canonical":"https:\/\/www.biopapa.lt\/en\/produktas\/glass-container-for-loose-products-with-bamboo-lid-5-5x11-cm-approx-0-2-l\/","og_locale":"en_US","og_type":"article","og_title":"Glass container for loose products with bamboo lid (5,5x11 cm, approx. 0,2 L) - Biopapa","og_description":"The glass container with bamboo lid is not only a practical way to store food, but also a stylish kitchen accessory.","og_url":"https:\/\/www.biopapa.lt\/en\/produktas\/glass-container-for-loose-products-with-bamboo-lid-5-5x11-cm-approx-0-2-l\/","og_site_name":"Biopapa","article_publisher":"https:\/\/www.facebook.com\/biopapa.lt","article_modified_time":"2025-08-27T10:29:26+00:00","og_image":[{"width":800,"height":640,"url":"https:\/\/www.biopapa.lt\/wp-content\/uploads\/2022\/02\/My-project-1-2.png","type":"image\/png"}],"twitter_card":"summary_large_image","schema":{"@context":"https:\/\/schema.org","@graph":[{"@type":"WebPage","@id":"https:\/\/www.biopapa.lt\/en\/produktas\/glass-container-for-loose-products-with-bamboo-lid-5-5x11-cm-approx-0-2-l\/","url":"https:\/\/www.biopapa.lt\/en\/produktas\/glass-container-for-loose-products-with-bamboo-lid-5-5x11-cm-approx-0-2-l\/","name":"Glass container for loose products with bamboo lid (5,5x11 cm, approx. 0,2 L) - Biopapa","isPartOf":{"@id":"https:\/\/www.biopapa.lt\/#website"},"primaryImageOfPage":{"@id":"https:\/\/www.biopapa.lt\/en\/produktas\/glass-container-for-loose-products-with-bamboo-lid-5-5x11-cm-approx-0-2-l\/#primaryimage"},"image":{"@id":"https:\/\/www.biopapa.lt\/en\/produktas\/glass-container-for-loose-products-with-bamboo-lid-5-5x11-cm-approx-0-2-l\/#primaryimage"},"thumbnailUrl":"https:\/\/www.biopapa.lt\/wp-content\/uploads\/2022\/02\/My-project-1-2.png","datePublished":"2022-02-25T23:14:29+00:00","dateModified":"2025-08-27T10:29:26+00:00","description":"The glass container with bamboo lid is not only a practical way to store food, but also a stylish kitchen accessory.","breadcrumb":{"@id":"https:\/\/www.biopapa.lt\/en\/produktas\/glass-container-for-loose-products-with-bamboo-lid-5-5x11-cm-approx-0-2-l\/#breadcrumb"},"inLanguage":"en-US","potentialAction":[{"@type":"ReadAction","target":["https:\/\/www.biopapa.lt\/en\/produktas\/glass-container-for-loose-products-with-bamboo-lid-5-5x11-cm-approx-0-2-l\/"]}]},{"@type":"ImageObject","inLanguage":"en-US","@id":"https:\/\/www.biopapa.lt\/en\/produktas\/glass-container-for-loose-products-with-bamboo-lid-5-5x11-cm-approx-0-2-l\/#primaryimage","url":"https:\/\/www.biopapa.lt\/wp-content\/uploads\/2022\/02\/My-project-1-2.png","contentUrl":"https:\/\/www.biopapa.lt\/wp-content\/uploads\/2022\/02\/My-project-1-2.png","width":800,"height":640,"caption":"Glass container (5,5x11 cm, approx. 0,2 l) for bulk products with bamboo lid"},{"@type":"BreadcrumbList","@id":"https:\/\/www.biopapa.lt\/en\/produktas\/glass-container-for-loose-products-with-bamboo-lid-5-5x11-cm-approx-0-2-l\/#breadcrumb","itemListElement":[{"@type":"ListItem","position":1,"name":"Home","item":"https:\/\/www.biopapa.lt\/en\/"},{"@type":"ListItem","position":2,"name":"Shop","item":"https:\/\/www.biopapa.lt\/en\/shop\/"},{"@type":"ListItem","position":3,"name":"Glass container for loose products with bamboo lid (5,5&#215;11 cm, approx. 0,2 L)"}]},{"@type":"WebSite","@id":"https:\/\/www.biopapa.lt\/#website","url":"https:\/\/www.biopapa.lt\/","name":"Biopapa","description":"\u0160var\u016bs ekologi\u0161ki produktai","publisher":{"@id":"https:\/\/www.biopapa.lt\/#organization"},"potentialAction":[{"@type":"SearchAction","target":{"@type":"EntryPoint","urlTemplate":"https:\/\/www.biopapa.lt\/?s={search_term_string}"},"query-input":{"@type":"PropertyValueSpecification","valueRequired":true,"valueName":"search_term_string"}}],"inLanguage":"en-US"},{"@type":"Organization","@id":"https:\/\/www.biopapa.lt\/#organization","name":"Biopapa","url":"https:\/\/www.biopapa.lt\/","logo":{"@type":"ImageObject","inLanguage":"en-US","@id":"https:\/\/www.biopapa.lt\/#\/schema\/logo\/image\/","url":"https:\/\/www.biopapa.lt\/wp-content\/uploads\/2022\/04\/facebook_biopapa.jpg","contentUrl":"https:\/\/www.biopapa.lt\/wp-content\/uploads\/2022\/04\/facebook_biopapa.jpg","width":1733,"height":907,"caption":"Biopapa"},"image":{"@id":"https:\/\/www.biopapa.lt\/#\/schema\/logo\/image\/"},"sameAs":["https:\/\/www.facebook.com\/biopapa.lt"]}]}},"_links":{"self":[{"href":"https:\/\/www.biopapa.lt\/en\/wp-json\/wp\/v2\/product\/36290","targetHints":{"allow":["GET"]}}],"collection":[{"href":"https:\/\/www.biopapa.lt\/en\/wp-json\/wp\/v2\/product"}],"about":[{"href":"https:\/\/www.biopapa.lt\/en\/wp-json\/wp\/v2\/types\/product"}],"wp:featuredmedia":[{"embeddable":true,"href":"https:\/\/www.biopapa.lt\/en\/wp-json\/wp\/v2\/media\/30379"}],"wp:attachment":[{"href":"https:\/\/www.biopapa.lt\/en\/wp-json\/wp\/v2\/media?parent=36290"}],"wp:term":[{"taxonomy":"product_brand","embeddable":true,"href":"https:\/\/www.biopapa.lt\/en\/wp-json\/wp\/v2\/product_brand?post=36290"},{"taxonomy":"product_cat","embeddable":true,"href":"https:\/\/www.biopapa.lt\/en\/wp-json\/wp\/v2\/product_cat?post=36290"},{"taxonomy":"product_tag","embeddable":true,"href":"https:\/\/www.biopapa.lt\/en\/wp-json\/wp\/v2\/product_tag?post=36290"}],"curies":[{"name":"wp","href":"https:\/\/api.w.org\/{rel}","templated":true}]}}