{"id":36229,"date":"2022-11-17T18:16:29","date_gmt":"2022-11-17T16:16:29","guid":{"rendered":"https:\/\/www.biopapa.lt\/produktas\/organic-buckwheat-bar-with-broccoli-and-quince-30-g\/"},"modified":"2026-04-16T14:46:34","modified_gmt":"2026-04-16T11:46:34","slug":"organic-buckwheat-bar-with-broccoli-and-quince-30-g","status":"publish","type":"product","link":"https:\/\/www.biopapa.lt\/en\/produktas\/organic-buckwheat-bar-with-broccoli-and-quince-30-g\/","title":{"rendered":"Organic buckwheat bar with broccoli and quince, 30 g"},"content":{"rendered":"<p><strong>Organic buckwheat bar with broccoli and quince, 30 g<br \/>\n<\/strong>Introducing the new organic buckwheat bar &#8220;Nature&#8217;s element&#8221;. This bar is an ideal snack for both sports and active leisure people who are concerned about their diet. We offer only the best to our customers. The bar is made with only the highest quality products and no artificial additives or preservatives. Buckwheat grown in Lithuania makes up 43% of the bar&#8217;s ingredients.<br \/>\n<strong>This organic buckwheat bar is a real energy boost for the day!<\/strong><\/p>\n<p>Nutrition for 1 serving (30g):<br \/>\nEnergy 114 kcal (5.7% RMV),<br \/>\nFat 0.7 g (0.9% RMV)<br \/>\n&#8211; of which saturates 0.2 g. (0.8% RMV),<br \/>\nCarbohydrate 23.4 g (9.0% RMV)<br \/>\n&#8211; of which sugars 8.7 g (9.7% RMV),<br \/>\nFibre 1.4 g<br \/>\nProtein 2.7 g (5.5% RMV)<br \/>\nSalt 0.00 g.       (0.0% RMV).<\/p>\n<p><strong>Nutrition (100g):<\/strong><br \/>\nEnergy 379 kcal<br \/>\nFat 2.2 g.<br \/>\n&#8211; of which saturates 0.5 g.<br \/>\nCarbohydrate 78.0 g. &#8211; of which sugars 29.0 g.<br \/>\nFibre 4.8 g.<br \/>\nProtein 9.1 g.<br \/>\nSalt 0.01 g. <strong><br \/>\n<\/strong><\/p>\n","protected":false},"excerpt":{"rendered":"<p>Organic buckwheat bar with broccoli and quince, 30 g Introducing the new organic buckwheat bar &#8220;Nature&#8217;s element&#8221;. This bar is<\/p>\n","protected":false},"featured_media":30139,"template":"","meta":{"_acf_changed":false},"product_brand":[],"product_cat":[2662,2014,2012],"product_tag":[],"class_list":{"0":"post-36229","1":"product","2":"type-product","3":"status-publish","4":"has-post-thumbnail","6":"product_cat-healthy-and-organic-snacks","7":"product_cat-snacks","8":"product_cat-sweets","10":"first","11":"instock","12":"sale","13":"shipping-taxable","14":"purchasable","15":"product-type-variable"},"acf":[],"yoast_head":"<!-- This site is optimized with the Yoast SEO plugin v27.5 - https:\/\/yoast.com\/product\/yoast-seo-wordpress\/ -->\n<title>Organic buckwheat bar with broccoli and quince, 30 g - Biopapa<\/title>\n<meta name=\"description\" content=\"This bar is an ideal snack for both sports and active leisure people who are concerned about their diet.\" \/>\n<meta name=\"robots\" content=\"index, follow, max-snippet:-1, max-image-preview:large, max-video-preview:-1\" \/>\n<link rel=\"canonical\" href=\"https:\/\/www.biopapa.lt\/en\/produktas\/organic-buckwheat-bar-with-broccoli-and-quince-30-g\/\" \/>\n<meta property=\"og:locale\" content=\"en_US\" \/>\n<meta property=\"og:type\" content=\"article\" \/>\n<meta property=\"og:title\" content=\"Organic buckwheat bar with broccoli and quince, 30 g - Biopapa\" \/>\n<meta property=\"og:description\" content=\"This bar is an ideal snack for both sports and active leisure people who are concerned about their diet.\" \/>\n<meta property=\"og:url\" content=\"https:\/\/www.biopapa.lt\/en\/produktas\/organic-buckwheat-bar-with-broccoli-and-quince-30-g\/\" \/>\n<meta property=\"og:site_name\" content=\"Biopapa\" \/>\n<meta property=\"article:publisher\" content=\"https:\/\/www.facebook.com\/biopapa.lt\" \/>\n<meta property=\"article:modified_time\" content=\"2026-04-16T11:46:34+00:00\" \/>\n<meta property=\"og:image\" content=\"https:\/\/www.biopapa.lt\/wp-content\/uploads\/2022\/11\/Ekologiskas-grikiu-batonelis-su-brokoliais-ir-svarainiais-30-g.png\" \/>\n\t<meta property=\"og:image:width\" content=\"800\" \/>\n\t<meta property=\"og:image:height\" content=\"640\" \/>\n\t<meta property=\"og:image:type\" content=\"image\/png\" \/>\n<meta name=\"twitter:card\" content=\"summary_large_image\" \/>\n<script type=\"application\/ld+json\" class=\"yoast-schema-graph\">{\"@context\":\"https:\\\/\\\/schema.org\",\"@graph\":[{\"@type\":\"WebPage\",\"@id\":\"https:\\\/\\\/www.biopapa.lt\\\/en\\\/produktas\\\/organic-buckwheat-bar-with-broccoli-and-quince-30-g\\\/\",\"url\":\"https:\\\/\\\/www.biopapa.lt\\\/en\\\/produktas\\\/organic-buckwheat-bar-with-broccoli-and-quince-30-g\\\/\",\"name\":\"Organic buckwheat bar with broccoli and quince, 30 g - Biopapa\",\"isPartOf\":{\"@id\":\"https:\\\/\\\/www.biopapa.lt\\\/#website\"},\"primaryImageOfPage\":{\"@id\":\"https:\\\/\\\/www.biopapa.lt\\\/en\\\/produktas\\\/organic-buckwheat-bar-with-broccoli-and-quince-30-g\\\/#primaryimage\"},\"image\":{\"@id\":\"https:\\\/\\\/www.biopapa.lt\\\/en\\\/produktas\\\/organic-buckwheat-bar-with-broccoli-and-quince-30-g\\\/#primaryimage\"},\"thumbnailUrl\":\"https:\\\/\\\/www.biopapa.lt\\\/wp-content\\\/uploads\\\/2022\\\/11\\\/Ekologiskas-grikiu-batonelis-su-brokoliais-ir-svarainiais-30-g.png\",\"datePublished\":\"2022-11-17T16:16:29+00:00\",\"dateModified\":\"2026-04-16T11:46:34+00:00\",\"description\":\"This bar is an ideal snack for both sports and active leisure people who are concerned about their diet.\",\"breadcrumb\":{\"@id\":\"https:\\\/\\\/www.biopapa.lt\\\/en\\\/produktas\\\/organic-buckwheat-bar-with-broccoli-and-quince-30-g\\\/#breadcrumb\"},\"inLanguage\":\"en-US\",\"potentialAction\":[{\"@type\":\"ReadAction\",\"target\":[\"https:\\\/\\\/www.biopapa.lt\\\/en\\\/produktas\\\/organic-buckwheat-bar-with-broccoli-and-quince-30-g\\\/\"]}]},{\"@type\":\"ImageObject\",\"inLanguage\":\"en-US\",\"@id\":\"https:\\\/\\\/www.biopapa.lt\\\/en\\\/produktas\\\/organic-buckwheat-bar-with-broccoli-and-quince-30-g\\\/#primaryimage\",\"url\":\"https:\\\/\\\/www.biopapa.lt\\\/wp-content\\\/uploads\\\/2022\\\/11\\\/Ekologiskas-grikiu-batonelis-su-brokoliais-ir-svarainiais-30-g.png\",\"contentUrl\":\"https:\\\/\\\/www.biopapa.lt\\\/wp-content\\\/uploads\\\/2022\\\/11\\\/Ekologiskas-grikiu-batonelis-su-brokoliais-ir-svarainiais-30-g.png\",\"width\":800,\"height\":640,\"caption\":\"Organic buckwheat bar with broccoli and quince, 30 g\"},{\"@type\":\"BreadcrumbList\",\"@id\":\"https:\\\/\\\/www.biopapa.lt\\\/en\\\/produktas\\\/organic-buckwheat-bar-with-broccoli-and-quince-30-g\\\/#breadcrumb\",\"itemListElement\":[{\"@type\":\"ListItem\",\"position\":1,\"name\":\"Home\",\"item\":\"https:\\\/\\\/www.biopapa.lt\\\/en\\\/\"},{\"@type\":\"ListItem\",\"position\":2,\"name\":\"Shop\",\"item\":\"https:\\\/\\\/www.biopapa.lt\\\/en\\\/shop\\\/\"},{\"@type\":\"ListItem\",\"position\":3,\"name\":\"Organic buckwheat bar with broccoli and quince, 30 g\"}]},{\"@type\":\"WebSite\",\"@id\":\"https:\\\/\\\/www.biopapa.lt\\\/#website\",\"url\":\"https:\\\/\\\/www.biopapa.lt\\\/\",\"name\":\"Biopapa\",\"description\":\"\u0160var\u016bs ekologi\u0161ki produktai\",\"publisher\":{\"@id\":\"https:\\\/\\\/www.biopapa.lt\\\/#organization\"},\"potentialAction\":[{\"@type\":\"SearchAction\",\"target\":{\"@type\":\"EntryPoint\",\"urlTemplate\":\"https:\\\/\\\/www.biopapa.lt\\\/?s={search_term_string}\"},\"query-input\":{\"@type\":\"PropertyValueSpecification\",\"valueRequired\":true,\"valueName\":\"search_term_string\"}}],\"inLanguage\":\"en-US\"},{\"@type\":\"Organization\",\"@id\":\"https:\\\/\\\/www.biopapa.lt\\\/#organization\",\"name\":\"Biopapa\",\"url\":\"https:\\\/\\\/www.biopapa.lt\\\/\",\"logo\":{\"@type\":\"ImageObject\",\"inLanguage\":\"en-US\",\"@id\":\"https:\\\/\\\/www.biopapa.lt\\\/#\\\/schema\\\/logo\\\/image\\\/\",\"url\":\"https:\\\/\\\/www.biopapa.lt\\\/wp-content\\\/uploads\\\/2022\\\/04\\\/facebook_biopapa.jpg\",\"contentUrl\":\"https:\\\/\\\/www.biopapa.lt\\\/wp-content\\\/uploads\\\/2022\\\/04\\\/facebook_biopapa.jpg\",\"width\":1733,\"height\":907,\"caption\":\"Biopapa\"},\"image\":{\"@id\":\"https:\\\/\\\/www.biopapa.lt\\\/#\\\/schema\\\/logo\\\/image\\\/\"},\"sameAs\":[\"https:\\\/\\\/www.facebook.com\\\/biopapa.lt\"]}]}<\/script>\n<!-- \/ Yoast SEO plugin. -->","yoast_head_json":{"title":"Organic buckwheat bar with broccoli and quince, 30 g - Biopapa","description":"This bar is an ideal snack for both sports and active leisure people who are concerned about their diet.","robots":{"index":"index","follow":"follow","max-snippet":"max-snippet:-1","max-image-preview":"max-image-preview:large","max-video-preview":"max-video-preview:-1"},"canonical":"https:\/\/www.biopapa.lt\/en\/produktas\/organic-buckwheat-bar-with-broccoli-and-quince-30-g\/","og_locale":"en_US","og_type":"article","og_title":"Organic buckwheat bar with broccoli and quince, 30 g - Biopapa","og_description":"This bar is an ideal snack for both sports and active leisure people who are concerned about their diet.","og_url":"https:\/\/www.biopapa.lt\/en\/produktas\/organic-buckwheat-bar-with-broccoli-and-quince-30-g\/","og_site_name":"Biopapa","article_publisher":"https:\/\/www.facebook.com\/biopapa.lt","article_modified_time":"2026-04-16T11:46:34+00:00","og_image":[{"width":800,"height":640,"url":"https:\/\/www.biopapa.lt\/wp-content\/uploads\/2022\/11\/Ekologiskas-grikiu-batonelis-su-brokoliais-ir-svarainiais-30-g.png","type":"image\/png"}],"twitter_card":"summary_large_image","schema":{"@context":"https:\/\/schema.org","@graph":[{"@type":"WebPage","@id":"https:\/\/www.biopapa.lt\/en\/produktas\/organic-buckwheat-bar-with-broccoli-and-quince-30-g\/","url":"https:\/\/www.biopapa.lt\/en\/produktas\/organic-buckwheat-bar-with-broccoli-and-quince-30-g\/","name":"Organic buckwheat bar with broccoli and quince, 30 g - Biopapa","isPartOf":{"@id":"https:\/\/www.biopapa.lt\/#website"},"primaryImageOfPage":{"@id":"https:\/\/www.biopapa.lt\/en\/produktas\/organic-buckwheat-bar-with-broccoli-and-quince-30-g\/#primaryimage"},"image":{"@id":"https:\/\/www.biopapa.lt\/en\/produktas\/organic-buckwheat-bar-with-broccoli-and-quince-30-g\/#primaryimage"},"thumbnailUrl":"https:\/\/www.biopapa.lt\/wp-content\/uploads\/2022\/11\/Ekologiskas-grikiu-batonelis-su-brokoliais-ir-svarainiais-30-g.png","datePublished":"2022-11-17T16:16:29+00:00","dateModified":"2026-04-16T11:46:34+00:00","description":"This bar is an ideal snack for both sports and active leisure people who are concerned about their diet.","breadcrumb":{"@id":"https:\/\/www.biopapa.lt\/en\/produktas\/organic-buckwheat-bar-with-broccoli-and-quince-30-g\/#breadcrumb"},"inLanguage":"en-US","potentialAction":[{"@type":"ReadAction","target":["https:\/\/www.biopapa.lt\/en\/produktas\/organic-buckwheat-bar-with-broccoli-and-quince-30-g\/"]}]},{"@type":"ImageObject","inLanguage":"en-US","@id":"https:\/\/www.biopapa.lt\/en\/produktas\/organic-buckwheat-bar-with-broccoli-and-quince-30-g\/#primaryimage","url":"https:\/\/www.biopapa.lt\/wp-content\/uploads\/2022\/11\/Ekologiskas-grikiu-batonelis-su-brokoliais-ir-svarainiais-30-g.png","contentUrl":"https:\/\/www.biopapa.lt\/wp-content\/uploads\/2022\/11\/Ekologiskas-grikiu-batonelis-su-brokoliais-ir-svarainiais-30-g.png","width":800,"height":640,"caption":"Organic buckwheat bar with broccoli and quince, 30 g"},{"@type":"BreadcrumbList","@id":"https:\/\/www.biopapa.lt\/en\/produktas\/organic-buckwheat-bar-with-broccoli-and-quince-30-g\/#breadcrumb","itemListElement":[{"@type":"ListItem","position":1,"name":"Home","item":"https:\/\/www.biopapa.lt\/en\/"},{"@type":"ListItem","position":2,"name":"Shop","item":"https:\/\/www.biopapa.lt\/en\/shop\/"},{"@type":"ListItem","position":3,"name":"Organic buckwheat bar with broccoli and quince, 30 g"}]},{"@type":"WebSite","@id":"https:\/\/www.biopapa.lt\/#website","url":"https:\/\/www.biopapa.lt\/","name":"Biopapa","description":"\u0160var\u016bs ekologi\u0161ki produktai","publisher":{"@id":"https:\/\/www.biopapa.lt\/#organization"},"potentialAction":[{"@type":"SearchAction","target":{"@type":"EntryPoint","urlTemplate":"https:\/\/www.biopapa.lt\/?s={search_term_string}"},"query-input":{"@type":"PropertyValueSpecification","valueRequired":true,"valueName":"search_term_string"}}],"inLanguage":"en-US"},{"@type":"Organization","@id":"https:\/\/www.biopapa.lt\/#organization","name":"Biopapa","url":"https:\/\/www.biopapa.lt\/","logo":{"@type":"ImageObject","inLanguage":"en-US","@id":"https:\/\/www.biopapa.lt\/#\/schema\/logo\/image\/","url":"https:\/\/www.biopapa.lt\/wp-content\/uploads\/2022\/04\/facebook_biopapa.jpg","contentUrl":"https:\/\/www.biopapa.lt\/wp-content\/uploads\/2022\/04\/facebook_biopapa.jpg","width":1733,"height":907,"caption":"Biopapa"},"image":{"@id":"https:\/\/www.biopapa.lt\/#\/schema\/logo\/image\/"},"sameAs":["https:\/\/www.facebook.com\/biopapa.lt"]}]}},"_links":{"self":[{"href":"https:\/\/www.biopapa.lt\/en\/wp-json\/wp\/v2\/product\/36229","targetHints":{"allow":["GET"]}}],"collection":[{"href":"https:\/\/www.biopapa.lt\/en\/wp-json\/wp\/v2\/product"}],"about":[{"href":"https:\/\/www.biopapa.lt\/en\/wp-json\/wp\/v2\/types\/product"}],"wp:featuredmedia":[{"embeddable":true,"href":"https:\/\/www.biopapa.lt\/en\/wp-json\/wp\/v2\/media\/30139"}],"wp:attachment":[{"href":"https:\/\/www.biopapa.lt\/en\/wp-json\/wp\/v2\/media?parent=36229"}],"wp:term":[{"taxonomy":"product_brand","embeddable":true,"href":"https:\/\/www.biopapa.lt\/en\/wp-json\/wp\/v2\/product_brand?post=36229"},{"taxonomy":"product_cat","embeddable":true,"href":"https:\/\/www.biopapa.lt\/en\/wp-json\/wp\/v2\/product_cat?post=36229"},{"taxonomy":"product_tag","embeddable":true,"href":"https:\/\/www.biopapa.lt\/en\/wp-json\/wp\/v2\/product_tag?post=36229"}],"curies":[{"name":"wp","href":"https:\/\/api.w.org\/{rel}","templated":true}]}}