{"id":36213,"date":"2023-03-10T15:20:36","date_gmt":"2023-03-10T13:20:36","guid":{"rendered":"https:\/\/www.biopapa.lt\/produktas\/organic-vegetable-sweets-cow-toffee-flavour\/"},"modified":"2026-02-03T12:36:06","modified_gmt":"2026-02-03T10:36:06","slug":"organic-vegetable-sweets-karvute-toffee-flavour-150g-super-fudgio","status":"publish","type":"product","link":"https:\/\/www.biopapa.lt\/en\/produktas\/organic-vegetable-sweets-karvute-toffee-flavour-150g-super-fudgio\/","title":{"rendered":"Organic vegetable sweets &#8220;Karvute&#8221; Toffee flavour, 150g, SUPER FUDGIO"},"content":{"rendered":"<p><strong>Organic vegetable candy &#8220;Karvute&#8221; Toffee flavour, 150g<br \/>\n<\/strong>This delicious Toffee flavour candy &#8220;Cow&#8221; is made from natural vegetable ingredients. They contain no gluten, no palm fat, no soy, no dairy products. Coconut powder is used instead of milk.<br \/>\nAnd of course, these plant-based treats are free of any synthetic preservatives or colours.<br \/>\nGluten-free, palm oil-free, dairy-free, lactose-free.<br \/>\nThese sweets are not only delicious, but also rich in minerals such as phosphorus, magnesium, potassium.<\/p>\n<p>&nbsp;<\/p>\n","protected":false},"excerpt":{"rendered":"<p>Organic vegetable candy &#8220;Karvute&#8221; Toffee flavour, 150g This delicious Toffee flavour candy &#8220;Cow&#8221; is made from natural vegetable ingredients. They<\/p>\n","protected":false},"featured_media":248012,"template":"","meta":{"_acf_changed":false},"product_brand":[],"product_cat":[2012,2644],"product_tag":[2086,2088],"class_list":{"0":"post-36213","1":"product","2":"type-product","3":"status-publish","4":"has-post-thumbnail","6":"product_cat-sweets","7":"product_cat-without-gluten","8":"product_tag-for-children","9":"product_tag-vegan","10":"pa_svoris-1-kg-en-2","11":"pa_svoris-100-g-en-2","12":"pa_svoris-200-g-en","13":"pa_svoris-300-g-en","14":"pa_svoris-400-g-en","15":"pa_svoris-50-g-en","16":"pa_svoris-500-g-en-2","18":"first","19":"instock","20":"shipping-taxable","21":"purchasable","22":"product-type-simple"},"acf":[],"yoast_head":"<!-- This site is optimized with the Yoast SEO plugin v27.5 - https:\/\/yoast.com\/product\/yoast-seo-wordpress\/ -->\n<title>Organic vegetable sweets &quot;Karvute&quot; Toffee flavour, 150g, SUPER FUDGIO - Biopapa<\/title>\n<meta name=\"description\" content=\"The candies &quot;Karvute&quot; is made from natural plant-based ingredients. They contain no gluten, no palm fat, no soy, no dairy products.\" \/>\n<meta name=\"robots\" content=\"index, follow, max-snippet:-1, max-image-preview:large, max-video-preview:-1\" \/>\n<link rel=\"canonical\" href=\"https:\/\/www.biopapa.lt\/en\/produktas\/organic-vegetable-sweets-karvute-toffee-flavour-150g-super-fudgio\/\" \/>\n<meta property=\"og:locale\" content=\"en_US\" \/>\n<meta property=\"og:type\" content=\"article\" \/>\n<meta property=\"og:title\" content=\"Organic vegetable sweets &quot;Karvute&quot; Toffee flavour, 150g, SUPER FUDGIO - Biopapa\" \/>\n<meta property=\"og:description\" content=\"The candies &quot;Karvute&quot; is made from natural plant-based ingredients. They contain no gluten, no palm fat, no soy, no dairy products.\" \/>\n<meta property=\"og:url\" content=\"https:\/\/www.biopapa.lt\/en\/produktas\/organic-vegetable-sweets-karvute-toffee-flavour-150g-super-fudgio\/\" \/>\n<meta property=\"og:site_name\" content=\"Biopapa\" \/>\n<meta property=\"article:publisher\" content=\"https:\/\/www.facebook.com\/biopapa.lt\" \/>\n<meta property=\"article:modified_time\" content=\"2026-02-03T10:36:06+00:00\" \/>\n<meta property=\"og:image\" content=\"https:\/\/www.biopapa.lt\/wp-content\/uploads\/2023\/03\/Ekologiski-augaliniai-saldainiai-\u201eKarvute-Toffi-skonio-3.png\" \/>\n\t<meta property=\"og:image:width\" content=\"1600\" \/>\n\t<meta property=\"og:image:height\" content=\"1280\" \/>\n\t<meta property=\"og:image:type\" content=\"image\/png\" \/>\n<meta name=\"twitter:card\" content=\"summary_large_image\" \/>\n<script type=\"application\/ld+json\" class=\"yoast-schema-graph\">{\"@context\":\"https:\\\/\\\/schema.org\",\"@graph\":[{\"@type\":\"WebPage\",\"@id\":\"https:\\\/\\\/www.biopapa.lt\\\/en\\\/produktas\\\/organic-vegetable-sweets-karvute-toffee-flavour-150g-super-fudgio\\\/\",\"url\":\"https:\\\/\\\/www.biopapa.lt\\\/en\\\/produktas\\\/organic-vegetable-sweets-karvute-toffee-flavour-150g-super-fudgio\\\/\",\"name\":\"Organic vegetable sweets \\\"Karvute\\\" Toffee flavour, 150g, SUPER FUDGIO - Biopapa\",\"isPartOf\":{\"@id\":\"https:\\\/\\\/www.biopapa.lt\\\/#website\"},\"primaryImageOfPage\":{\"@id\":\"https:\\\/\\\/www.biopapa.lt\\\/en\\\/produktas\\\/organic-vegetable-sweets-karvute-toffee-flavour-150g-super-fudgio\\\/#primaryimage\"},\"image\":{\"@id\":\"https:\\\/\\\/www.biopapa.lt\\\/en\\\/produktas\\\/organic-vegetable-sweets-karvute-toffee-flavour-150g-super-fudgio\\\/#primaryimage\"},\"thumbnailUrl\":\"https:\\\/\\\/www.biopapa.lt\\\/wp-content\\\/uploads\\\/2023\\\/03\\\/Ekologiski-augaliniai-saldainiai-\u201eKarvute-Toffi-skonio-3.png\",\"datePublished\":\"2023-03-10T13:20:36+00:00\",\"dateModified\":\"2026-02-03T10:36:06+00:00\",\"description\":\"The candies \\\"Karvute\\\" is made from natural plant-based ingredients. They contain no gluten, no palm fat, no soy, no dairy products.\",\"breadcrumb\":{\"@id\":\"https:\\\/\\\/www.biopapa.lt\\\/en\\\/produktas\\\/organic-vegetable-sweets-karvute-toffee-flavour-150g-super-fudgio\\\/#breadcrumb\"},\"inLanguage\":\"en-US\",\"potentialAction\":[{\"@type\":\"ReadAction\",\"target\":[\"https:\\\/\\\/www.biopapa.lt\\\/en\\\/produktas\\\/organic-vegetable-sweets-karvute-toffee-flavour-150g-super-fudgio\\\/\"]}]},{\"@type\":\"ImageObject\",\"inLanguage\":\"en-US\",\"@id\":\"https:\\\/\\\/www.biopapa.lt\\\/en\\\/produktas\\\/organic-vegetable-sweets-karvute-toffee-flavour-150g-super-fudgio\\\/#primaryimage\",\"url\":\"https:\\\/\\\/www.biopapa.lt\\\/wp-content\\\/uploads\\\/2023\\\/03\\\/Ekologiski-augaliniai-saldainiai-\u201eKarvute-Toffi-skonio-3.png\",\"contentUrl\":\"https:\\\/\\\/www.biopapa.lt\\\/wp-content\\\/uploads\\\/2023\\\/03\\\/Ekologiski-augaliniai-saldainiai-\u201eKarvute-Toffi-skonio-3.png\",\"width\":1600,\"height\":1280},{\"@type\":\"BreadcrumbList\",\"@id\":\"https:\\\/\\\/www.biopapa.lt\\\/en\\\/produktas\\\/organic-vegetable-sweets-karvute-toffee-flavour-150g-super-fudgio\\\/#breadcrumb\",\"itemListElement\":[{\"@type\":\"ListItem\",\"position\":1,\"name\":\"Home\",\"item\":\"https:\\\/\\\/www.biopapa.lt\\\/en\\\/\"},{\"@type\":\"ListItem\",\"position\":2,\"name\":\"Shop\",\"item\":\"https:\\\/\\\/www.biopapa.lt\\\/en\\\/shop\\\/\"},{\"@type\":\"ListItem\",\"position\":3,\"name\":\"Organic vegetable sweets &#8220;Karvute&#8221; Toffee flavour, 150g, SUPER FUDGIO\"}]},{\"@type\":\"WebSite\",\"@id\":\"https:\\\/\\\/www.biopapa.lt\\\/#website\",\"url\":\"https:\\\/\\\/www.biopapa.lt\\\/\",\"name\":\"Biopapa\",\"description\":\"\u0160var\u016bs ekologi\u0161ki produktai\",\"publisher\":{\"@id\":\"https:\\\/\\\/www.biopapa.lt\\\/#organization\"},\"potentialAction\":[{\"@type\":\"SearchAction\",\"target\":{\"@type\":\"EntryPoint\",\"urlTemplate\":\"https:\\\/\\\/www.biopapa.lt\\\/?s={search_term_string}\"},\"query-input\":{\"@type\":\"PropertyValueSpecification\",\"valueRequired\":true,\"valueName\":\"search_term_string\"}}],\"inLanguage\":\"en-US\"},{\"@type\":\"Organization\",\"@id\":\"https:\\\/\\\/www.biopapa.lt\\\/#organization\",\"name\":\"Biopapa\",\"url\":\"https:\\\/\\\/www.biopapa.lt\\\/\",\"logo\":{\"@type\":\"ImageObject\",\"inLanguage\":\"en-US\",\"@id\":\"https:\\\/\\\/www.biopapa.lt\\\/#\\\/schema\\\/logo\\\/image\\\/\",\"url\":\"https:\\\/\\\/www.biopapa.lt\\\/wp-content\\\/uploads\\\/2022\\\/04\\\/facebook_biopapa.jpg\",\"contentUrl\":\"https:\\\/\\\/www.biopapa.lt\\\/wp-content\\\/uploads\\\/2022\\\/04\\\/facebook_biopapa.jpg\",\"width\":1733,\"height\":907,\"caption\":\"Biopapa\"},\"image\":{\"@id\":\"https:\\\/\\\/www.biopapa.lt\\\/#\\\/schema\\\/logo\\\/image\\\/\"},\"sameAs\":[\"https:\\\/\\\/www.facebook.com\\\/biopapa.lt\"]}]}<\/script>\n<!-- \/ Yoast SEO plugin. -->","yoast_head_json":{"title":"Organic vegetable sweets \"Karvute\" Toffee flavour, 150g, SUPER FUDGIO - Biopapa","description":"The candies \"Karvute\" is made from natural plant-based ingredients. They contain no gluten, no palm fat, no soy, no dairy products.","robots":{"index":"index","follow":"follow","max-snippet":"max-snippet:-1","max-image-preview":"max-image-preview:large","max-video-preview":"max-video-preview:-1"},"canonical":"https:\/\/www.biopapa.lt\/en\/produktas\/organic-vegetable-sweets-karvute-toffee-flavour-150g-super-fudgio\/","og_locale":"en_US","og_type":"article","og_title":"Organic vegetable sweets \"Karvute\" Toffee flavour, 150g, SUPER FUDGIO - Biopapa","og_description":"The candies \"Karvute\" is made from natural plant-based ingredients. They contain no gluten, no palm fat, no soy, no dairy products.","og_url":"https:\/\/www.biopapa.lt\/en\/produktas\/organic-vegetable-sweets-karvute-toffee-flavour-150g-super-fudgio\/","og_site_name":"Biopapa","article_publisher":"https:\/\/www.facebook.com\/biopapa.lt","article_modified_time":"2026-02-03T10:36:06+00:00","og_image":[{"width":1600,"height":1280,"url":"https:\/\/www.biopapa.lt\/wp-content\/uploads\/2023\/03\/Ekologiski-augaliniai-saldainiai-\u201eKarvute-Toffi-skonio-3.png","type":"image\/png"}],"twitter_card":"summary_large_image","schema":{"@context":"https:\/\/schema.org","@graph":[{"@type":"WebPage","@id":"https:\/\/www.biopapa.lt\/en\/produktas\/organic-vegetable-sweets-karvute-toffee-flavour-150g-super-fudgio\/","url":"https:\/\/www.biopapa.lt\/en\/produktas\/organic-vegetable-sweets-karvute-toffee-flavour-150g-super-fudgio\/","name":"Organic vegetable sweets \"Karvute\" Toffee flavour, 150g, SUPER FUDGIO - Biopapa","isPartOf":{"@id":"https:\/\/www.biopapa.lt\/#website"},"primaryImageOfPage":{"@id":"https:\/\/www.biopapa.lt\/en\/produktas\/organic-vegetable-sweets-karvute-toffee-flavour-150g-super-fudgio\/#primaryimage"},"image":{"@id":"https:\/\/www.biopapa.lt\/en\/produktas\/organic-vegetable-sweets-karvute-toffee-flavour-150g-super-fudgio\/#primaryimage"},"thumbnailUrl":"https:\/\/www.biopapa.lt\/wp-content\/uploads\/2023\/03\/Ekologiski-augaliniai-saldainiai-\u201eKarvute-Toffi-skonio-3.png","datePublished":"2023-03-10T13:20:36+00:00","dateModified":"2026-02-03T10:36:06+00:00","description":"The candies \"Karvute\" is made from natural plant-based ingredients. They contain no gluten, no palm fat, no soy, no dairy products.","breadcrumb":{"@id":"https:\/\/www.biopapa.lt\/en\/produktas\/organic-vegetable-sweets-karvute-toffee-flavour-150g-super-fudgio\/#breadcrumb"},"inLanguage":"en-US","potentialAction":[{"@type":"ReadAction","target":["https:\/\/www.biopapa.lt\/en\/produktas\/organic-vegetable-sweets-karvute-toffee-flavour-150g-super-fudgio\/"]}]},{"@type":"ImageObject","inLanguage":"en-US","@id":"https:\/\/www.biopapa.lt\/en\/produktas\/organic-vegetable-sweets-karvute-toffee-flavour-150g-super-fudgio\/#primaryimage","url":"https:\/\/www.biopapa.lt\/wp-content\/uploads\/2023\/03\/Ekologiski-augaliniai-saldainiai-\u201eKarvute-Toffi-skonio-3.png","contentUrl":"https:\/\/www.biopapa.lt\/wp-content\/uploads\/2023\/03\/Ekologiski-augaliniai-saldainiai-\u201eKarvute-Toffi-skonio-3.png","width":1600,"height":1280},{"@type":"BreadcrumbList","@id":"https:\/\/www.biopapa.lt\/en\/produktas\/organic-vegetable-sweets-karvute-toffee-flavour-150g-super-fudgio\/#breadcrumb","itemListElement":[{"@type":"ListItem","position":1,"name":"Home","item":"https:\/\/www.biopapa.lt\/en\/"},{"@type":"ListItem","position":2,"name":"Shop","item":"https:\/\/www.biopapa.lt\/en\/shop\/"},{"@type":"ListItem","position":3,"name":"Organic vegetable sweets &#8220;Karvute&#8221; Toffee flavour, 150g, SUPER FUDGIO"}]},{"@type":"WebSite","@id":"https:\/\/www.biopapa.lt\/#website","url":"https:\/\/www.biopapa.lt\/","name":"Biopapa","description":"\u0160var\u016bs ekologi\u0161ki produktai","publisher":{"@id":"https:\/\/www.biopapa.lt\/#organization"},"potentialAction":[{"@type":"SearchAction","target":{"@type":"EntryPoint","urlTemplate":"https:\/\/www.biopapa.lt\/?s={search_term_string}"},"query-input":{"@type":"PropertyValueSpecification","valueRequired":true,"valueName":"search_term_string"}}],"inLanguage":"en-US"},{"@type":"Organization","@id":"https:\/\/www.biopapa.lt\/#organization","name":"Biopapa","url":"https:\/\/www.biopapa.lt\/","logo":{"@type":"ImageObject","inLanguage":"en-US","@id":"https:\/\/www.biopapa.lt\/#\/schema\/logo\/image\/","url":"https:\/\/www.biopapa.lt\/wp-content\/uploads\/2022\/04\/facebook_biopapa.jpg","contentUrl":"https:\/\/www.biopapa.lt\/wp-content\/uploads\/2022\/04\/facebook_biopapa.jpg","width":1733,"height":907,"caption":"Biopapa"},"image":{"@id":"https:\/\/www.biopapa.lt\/#\/schema\/logo\/image\/"},"sameAs":["https:\/\/www.facebook.com\/biopapa.lt"]}]}},"_links":{"self":[{"href":"https:\/\/www.biopapa.lt\/en\/wp-json\/wp\/v2\/product\/36213","targetHints":{"allow":["GET"]}}],"collection":[{"href":"https:\/\/www.biopapa.lt\/en\/wp-json\/wp\/v2\/product"}],"about":[{"href":"https:\/\/www.biopapa.lt\/en\/wp-json\/wp\/v2\/types\/product"}],"wp:featuredmedia":[{"embeddable":true,"href":"https:\/\/www.biopapa.lt\/en\/wp-json\/wp\/v2\/media\/248012"}],"wp:attachment":[{"href":"https:\/\/www.biopapa.lt\/en\/wp-json\/wp\/v2\/media?parent=36213"}],"wp:term":[{"taxonomy":"product_brand","embeddable":true,"href":"https:\/\/www.biopapa.lt\/en\/wp-json\/wp\/v2\/product_brand?post=36213"},{"taxonomy":"product_cat","embeddable":true,"href":"https:\/\/www.biopapa.lt\/en\/wp-json\/wp\/v2\/product_cat?post=36213"},{"taxonomy":"product_tag","embeddable":true,"href":"https:\/\/www.biopapa.lt\/en\/wp-json\/wp\/v2\/product_tag?post=36213"}],"curies":[{"name":"wp","href":"https:\/\/api.w.org\/{rel}","templated":true}]}}