{"id":36187,"date":"2022-12-01T15:25:58","date_gmt":"2022-12-01T13:25:58","guid":{"rendered":"https:\/\/www.biopapa.lt\/produktas\/organic-ginger-juice-250-ml\/"},"modified":"2023-10-25T11:58:09","modified_gmt":"2023-10-25T08:58:09","slug":"organic-ginger-juice-250-ml","status":"publish","type":"product","link":"https:\/\/www.biopapa.lt\/en\/produktas\/organic-ginger-juice-250-ml\/","title":{"rendered":"Organic ginger juice 250 ml"},"content":{"rendered":"<p><strong>Organic ginger juice<\/strong>, naturally cloudy. Pasteurised product. It has a distinctive spicy flavour. We recommend it as an accompaniment to tea, cocktails, beverages or diluted in water.<\/p>\n<p>Ginger juice contains certain oils that can help awaken your taste buds, cleanse your mouth and stimulate the production of saliva, which helps with digestion. A combination of ginger juice, salt and lime or lemon before or after a meal makes food easier to digest.<br \/>\nGinger juice has amazing antibacterial properties. Taking ginger juice with dried pepper can help remove mucus and blockages in the lungs. Drinking plain ginger juice can also help relieve sore throats.<\/p>\n<p>More information on ginger in English can be found <a href=\"https:\/\/www.webmd.com\/vitamins-and-supplements\/ginger-uses-and-risks\">here<\/a>.<\/p>\n<p>&nbsp;<\/p>\n","protected":false},"excerpt":{"rendered":"<p>Organic ginger juice, naturally cloudy. Pasteurised product. It has a distinctive spicy flavour. We recommend it as an accompaniment to<\/p>\n","protected":false},"featured_media":135531,"template":"","meta":{"_acf_changed":false},"product_brand":[],"product_cat":[2485,2378,1848],"product_tag":[2384,2088],"class_list":{"0":"post-36187","1":"product","2":"type-product","3":"status-publish","4":"has-post-thumbnail","6":"product_cat-drink","7":"product_cat-drinks","8":"product_cat-plant-based-superfood","9":"product_tag-organic","10":"product_tag-vegan","12":"first","13":"instock","14":"shipping-taxable","15":"purchasable","16":"product-type-simple"},"acf":[],"yoast_head":"<!-- This site is optimized with the Yoast SEO plugin v27.5 - https:\/\/yoast.com\/product\/yoast-seo-wordpress\/ -->\n<title>Organic ginger juice 250 ml - Biopapa<\/title>\n<meta name=\"robots\" content=\"index, follow, max-snippet:-1, max-image-preview:large, max-video-preview:-1\" \/>\n<link rel=\"canonical\" href=\"https:\/\/www.biopapa.lt\/en\/product\/organic-ginger-juice-250-ml\/\" \/>\n<meta property=\"og:locale\" content=\"en_US\" \/>\n<meta property=\"og:type\" content=\"article\" \/>\n<meta property=\"og:title\" content=\"Organic ginger juice 250 ml - Biopapa\" \/>\n<meta property=\"og:description\" content=\"Organic ginger juice, naturally cloudy. Pasteurised product. It has a distinctive spicy flavour. We recommend it as an accompaniment to\" \/>\n<meta property=\"og:url\" content=\"https:\/\/www.biopapa.lt\/en\/product\/organic-ginger-juice-250-ml\/\" \/>\n<meta property=\"og:site_name\" content=\"Biopapa\" \/>\n<meta property=\"article:publisher\" content=\"https:\/\/www.facebook.com\/biopapa.lt\" \/>\n<meta property=\"article:modified_time\" content=\"2023-10-25T08:58:09+00:00\" \/>\n<meta property=\"og:image\" content=\"https:\/\/www.biopapa.lt\/wp-content\/uploads\/2022\/12\/My-project-1-8.png\" \/>\n\t<meta property=\"og:image:width\" content=\"800\" \/>\n\t<meta property=\"og:image:height\" content=\"640\" \/>\n\t<meta property=\"og:image:type\" content=\"image\/png\" \/>\n<meta name=\"twitter:card\" content=\"summary_large_image\" \/>\n<script type=\"application\/ld+json\" class=\"yoast-schema-graph\">{\"@context\":\"https:\\\/\\\/schema.org\",\"@graph\":[{\"@type\":\"WebPage\",\"@id\":\"https:\\\/\\\/www.biopapa.lt\\\/en\\\/product\\\/organic-ginger-juice-250-ml\\\/\",\"url\":\"https:\\\/\\\/www.biopapa.lt\\\/en\\\/product\\\/organic-ginger-juice-250-ml\\\/\",\"name\":\"Organic ginger juice 250 ml - Biopapa\",\"isPartOf\":{\"@id\":\"https:\\\/\\\/www.biopapa.lt\\\/#website\"},\"primaryImageOfPage\":{\"@id\":\"https:\\\/\\\/www.biopapa.lt\\\/en\\\/product\\\/organic-ginger-juice-250-ml\\\/#primaryimage\"},\"image\":{\"@id\":\"https:\\\/\\\/www.biopapa.lt\\\/en\\\/product\\\/organic-ginger-juice-250-ml\\\/#primaryimage\"},\"thumbnailUrl\":\"https:\\\/\\\/www.biopapa.lt\\\/wp-content\\\/uploads\\\/2022\\\/12\\\/Ekologiskos-imbiero-sultys.png\",\"datePublished\":\"2022-12-01T13:25:58+00:00\",\"dateModified\":\"2023-10-25T08:58:09+00:00\",\"breadcrumb\":{\"@id\":\"https:\\\/\\\/www.biopapa.lt\\\/en\\\/product\\\/organic-ginger-juice-250-ml\\\/#breadcrumb\"},\"inLanguage\":\"en-US\",\"potentialAction\":[{\"@type\":\"ReadAction\",\"target\":[\"https:\\\/\\\/www.biopapa.lt\\\/en\\\/product\\\/organic-ginger-juice-250-ml\\\/\"]}]},{\"@type\":\"ImageObject\",\"inLanguage\":\"en-US\",\"@id\":\"https:\\\/\\\/www.biopapa.lt\\\/en\\\/product\\\/organic-ginger-juice-250-ml\\\/#primaryimage\",\"url\":\"https:\\\/\\\/www.biopapa.lt\\\/wp-content\\\/uploads\\\/2022\\\/12\\\/Ekologiskos-imbiero-sultys.png\",\"contentUrl\":\"https:\\\/\\\/www.biopapa.lt\\\/wp-content\\\/uploads\\\/2022\\\/12\\\/Ekologiskos-imbiero-sultys.png\",\"width\":800,\"height\":640},{\"@type\":\"BreadcrumbList\",\"@id\":\"https:\\\/\\\/www.biopapa.lt\\\/en\\\/product\\\/organic-ginger-juice-250-ml\\\/#breadcrumb\",\"itemListElement\":[{\"@type\":\"ListItem\",\"position\":1,\"name\":\"Home\",\"item\":\"https:\\\/\\\/www.biopapa.lt\\\/en\\\/\"},{\"@type\":\"ListItem\",\"position\":2,\"name\":\"Shop\",\"item\":\"https:\\\/\\\/www.biopapa.lt\\\/en\\\/shop\\\/\"},{\"@type\":\"ListItem\",\"position\":3,\"name\":\"Organic ginger juice 250 ml\"}]},{\"@type\":\"WebSite\",\"@id\":\"https:\\\/\\\/www.biopapa.lt\\\/#website\",\"url\":\"https:\\\/\\\/www.biopapa.lt\\\/\",\"name\":\"Biopapa\",\"description\":\"\u0160var\u016bs ekologi\u0161ki produktai\",\"publisher\":{\"@id\":\"https:\\\/\\\/www.biopapa.lt\\\/#organization\"},\"potentialAction\":[{\"@type\":\"SearchAction\",\"target\":{\"@type\":\"EntryPoint\",\"urlTemplate\":\"https:\\\/\\\/www.biopapa.lt\\\/?s={search_term_string}\"},\"query-input\":{\"@type\":\"PropertyValueSpecification\",\"valueRequired\":true,\"valueName\":\"search_term_string\"}}],\"inLanguage\":\"en-US\"},{\"@type\":\"Organization\",\"@id\":\"https:\\\/\\\/www.biopapa.lt\\\/#organization\",\"name\":\"Biopapa\",\"url\":\"https:\\\/\\\/www.biopapa.lt\\\/\",\"logo\":{\"@type\":\"ImageObject\",\"inLanguage\":\"en-US\",\"@id\":\"https:\\\/\\\/www.biopapa.lt\\\/#\\\/schema\\\/logo\\\/image\\\/\",\"url\":\"https:\\\/\\\/www.biopapa.lt\\\/wp-content\\\/uploads\\\/2022\\\/04\\\/facebook_biopapa.jpg\",\"contentUrl\":\"https:\\\/\\\/www.biopapa.lt\\\/wp-content\\\/uploads\\\/2022\\\/04\\\/facebook_biopapa.jpg\",\"width\":1733,\"height\":907,\"caption\":\"Biopapa\"},\"image\":{\"@id\":\"https:\\\/\\\/www.biopapa.lt\\\/#\\\/schema\\\/logo\\\/image\\\/\"},\"sameAs\":[\"https:\\\/\\\/www.facebook.com\\\/biopapa.lt\"]}]}<\/script>\n<!-- \/ Yoast SEO plugin. -->","yoast_head_json":{"title":"Organic ginger juice 250 ml - Biopapa","robots":{"index":"index","follow":"follow","max-snippet":"max-snippet:-1","max-image-preview":"max-image-preview:large","max-video-preview":"max-video-preview:-1"},"canonical":"https:\/\/www.biopapa.lt\/en\/product\/organic-ginger-juice-250-ml\/","og_locale":"en_US","og_type":"article","og_title":"Organic ginger juice 250 ml - Biopapa","og_description":"Organic ginger juice, naturally cloudy. Pasteurised product. It has a distinctive spicy flavour. We recommend it as an accompaniment to","og_url":"https:\/\/www.biopapa.lt\/en\/product\/organic-ginger-juice-250-ml\/","og_site_name":"Biopapa","article_publisher":"https:\/\/www.facebook.com\/biopapa.lt","article_modified_time":"2023-10-25T08:58:09+00:00","og_image":[{"width":800,"height":640,"url":"https:\/\/www.biopapa.lt\/wp-content\/uploads\/2022\/12\/My-project-1-8.png","type":"image\/png"}],"twitter_card":"summary_large_image","schema":{"@context":"https:\/\/schema.org","@graph":[{"@type":"WebPage","@id":"https:\/\/www.biopapa.lt\/en\/product\/organic-ginger-juice-250-ml\/","url":"https:\/\/www.biopapa.lt\/en\/product\/organic-ginger-juice-250-ml\/","name":"Organic ginger juice 250 ml - Biopapa","isPartOf":{"@id":"https:\/\/www.biopapa.lt\/#website"},"primaryImageOfPage":{"@id":"https:\/\/www.biopapa.lt\/en\/product\/organic-ginger-juice-250-ml\/#primaryimage"},"image":{"@id":"https:\/\/www.biopapa.lt\/en\/product\/organic-ginger-juice-250-ml\/#primaryimage"},"thumbnailUrl":"https:\/\/www.biopapa.lt\/wp-content\/uploads\/2022\/12\/Ekologiskos-imbiero-sultys.png","datePublished":"2022-12-01T13:25:58+00:00","dateModified":"2023-10-25T08:58:09+00:00","breadcrumb":{"@id":"https:\/\/www.biopapa.lt\/en\/product\/organic-ginger-juice-250-ml\/#breadcrumb"},"inLanguage":"en-US","potentialAction":[{"@type":"ReadAction","target":["https:\/\/www.biopapa.lt\/en\/product\/organic-ginger-juice-250-ml\/"]}]},{"@type":"ImageObject","inLanguage":"en-US","@id":"https:\/\/www.biopapa.lt\/en\/product\/organic-ginger-juice-250-ml\/#primaryimage","url":"https:\/\/www.biopapa.lt\/wp-content\/uploads\/2022\/12\/Ekologiskos-imbiero-sultys.png","contentUrl":"https:\/\/www.biopapa.lt\/wp-content\/uploads\/2022\/12\/Ekologiskos-imbiero-sultys.png","width":800,"height":640},{"@type":"BreadcrumbList","@id":"https:\/\/www.biopapa.lt\/en\/product\/organic-ginger-juice-250-ml\/#breadcrumb","itemListElement":[{"@type":"ListItem","position":1,"name":"Home","item":"https:\/\/www.biopapa.lt\/en\/"},{"@type":"ListItem","position":2,"name":"Shop","item":"https:\/\/www.biopapa.lt\/en\/shop\/"},{"@type":"ListItem","position":3,"name":"Organic ginger juice 250 ml"}]},{"@type":"WebSite","@id":"https:\/\/www.biopapa.lt\/#website","url":"https:\/\/www.biopapa.lt\/","name":"Biopapa","description":"\u0160var\u016bs ekologi\u0161ki produktai","publisher":{"@id":"https:\/\/www.biopapa.lt\/#organization"},"potentialAction":[{"@type":"SearchAction","target":{"@type":"EntryPoint","urlTemplate":"https:\/\/www.biopapa.lt\/?s={search_term_string}"},"query-input":{"@type":"PropertyValueSpecification","valueRequired":true,"valueName":"search_term_string"}}],"inLanguage":"en-US"},{"@type":"Organization","@id":"https:\/\/www.biopapa.lt\/#organization","name":"Biopapa","url":"https:\/\/www.biopapa.lt\/","logo":{"@type":"ImageObject","inLanguage":"en-US","@id":"https:\/\/www.biopapa.lt\/#\/schema\/logo\/image\/","url":"https:\/\/www.biopapa.lt\/wp-content\/uploads\/2022\/04\/facebook_biopapa.jpg","contentUrl":"https:\/\/www.biopapa.lt\/wp-content\/uploads\/2022\/04\/facebook_biopapa.jpg","width":1733,"height":907,"caption":"Biopapa"},"image":{"@id":"https:\/\/www.biopapa.lt\/#\/schema\/logo\/image\/"},"sameAs":["https:\/\/www.facebook.com\/biopapa.lt"]}]}},"_links":{"self":[{"href":"https:\/\/www.biopapa.lt\/en\/wp-json\/wp\/v2\/product\/36187","targetHints":{"allow":["GET"]}}],"collection":[{"href":"https:\/\/www.biopapa.lt\/en\/wp-json\/wp\/v2\/product"}],"about":[{"href":"https:\/\/www.biopapa.lt\/en\/wp-json\/wp\/v2\/types\/product"}],"wp:featuredmedia":[{"embeddable":true,"href":"https:\/\/www.biopapa.lt\/en\/wp-json\/wp\/v2\/media\/135531"}],"wp:attachment":[{"href":"https:\/\/www.biopapa.lt\/en\/wp-json\/wp\/v2\/media?parent=36187"}],"wp:term":[{"taxonomy":"product_brand","embeddable":true,"href":"https:\/\/www.biopapa.lt\/en\/wp-json\/wp\/v2\/product_brand?post=36187"},{"taxonomy":"product_cat","embeddable":true,"href":"https:\/\/www.biopapa.lt\/en\/wp-json\/wp\/v2\/product_cat?post=36187"},{"taxonomy":"product_tag","embeddable":true,"href":"https:\/\/www.biopapa.lt\/en\/wp-json\/wp\/v2\/product_tag?post=36187"}],"curies":[{"name":"wp","href":"https:\/\/api.w.org\/{rel}","templated":true}]}}