{"id":36183,"date":"2023-01-19T13:42:09","date_gmt":"2023-01-19T11:42:09","guid":{"rendered":"https:\/\/www.biopapa.lt\/produktas\/organic-oat-drink-without-added-sugar-1-l-natumi\/"},"modified":"2025-07-31T09:55:52","modified_gmt":"2025-07-31T06:55:52","slug":"organic-oat-drink-without-added-sugar-1-l-natum","status":"publish","type":"product","link":"https:\/\/www.biopapa.lt\/en\/produktas\/organic-oat-drink-without-added-sugar-1-l-natum\/","title":{"rendered":"Organic oat drink, without added sugar, 1 L, Natumi"},"content":{"rendered":"<p><strong>Organic Oat Drink, no added sugar, 1 L, Natumi<br \/>\n<\/strong>Oats are much more than just a classic breakfast cereal &#8211; they are the basis of our delicious oat drink, the perfect plant-based substitute for a wide range of uses.<br \/>\nThe mild, naturally lightly malted flavour of our Natumi Oat Natural makes it perfect for drinking on its own, with cereal, in baked goods or for cooking. Whether you&#8217;re preparing savoury dishes or delicate desserts, this drink fits perfectly into any modern kitchen.<br \/>\nThe drink uses oats grown on regional Naturland certified organic farms to ensure the highest organic quality &#8211; from the first seed to the finished drink. This means you will find only the finest ingredients in every pack.<br \/>\nWith no added sugar and carefully selected ingredients, this drink is produced in our factory in Troisdorf, in the heart of Germany. Here, we create products that meet the very highest quality standards.  <\/p>\n","protected":false},"excerpt":{"rendered":"<p>Organic Oat Drink, no added sugar, 1 L, Natumi Oats are much more than just a classic breakfast cereal &#8211;<\/p>\n","protected":false},"featured_media":131463,"template":"","meta":{"_acf_changed":false},"product_brand":[],"product_cat":[2378,2624],"product_tag":[2066,2038,2088],"class_list":{"0":"post-36183","1":"product","2":"type-product","3":"status-publish","4":"has-post-thumbnail","6":"product_cat-drinks","7":"product_cat-top-products","8":"product_tag-milk-alternative","9":"product_tag-no-added-sugar","10":"product_tag-vegan","12":"first","13":"instock","14":"shipping-taxable","15":"purchasable","16":"product-type-simple"},"acf":[],"yoast_head":"<!-- This site is optimized with the Yoast SEO plugin v27.5 - https:\/\/yoast.com\/product\/yoast-seo-wordpress\/ -->\n<title>Organic oat drink, without added sugar, 1 L, Natumi - Biopapa<\/title>\n<meta name=\"description\" content=\"Organic drink made from whole grain oats. It is 100% plant-based and lactose-free.\" \/>\n<meta name=\"robots\" content=\"index, follow, max-snippet:-1, max-image-preview:large, max-video-preview:-1\" \/>\n<link rel=\"canonical\" href=\"https:\/\/www.biopapa.lt\/en\/produktas\/organic-oat-drink-without-added-sugar-1-l-natum\/\" \/>\n<meta property=\"og:locale\" content=\"en_US\" \/>\n<meta property=\"og:type\" content=\"article\" \/>\n<meta property=\"og:title\" content=\"Organic oat drink, without added sugar, 1 L, Natumi - Biopapa\" \/>\n<meta property=\"og:description\" content=\"Organic drink made from whole grain oats. It is 100% plant-based and lactose-free.\" \/>\n<meta property=\"og:url\" content=\"https:\/\/www.biopapa.lt\/en\/produktas\/organic-oat-drink-without-added-sugar-1-l-natum\/\" \/>\n<meta property=\"og:site_name\" content=\"Biopapa\" \/>\n<meta property=\"article:publisher\" content=\"https:\/\/www.facebook.com\/biopapa.lt\" \/>\n<meta property=\"article:modified_time\" content=\"2025-07-31T06:55:52+00:00\" \/>\n<meta property=\"og:image\" content=\"https:\/\/www.biopapa.lt\/wp-content\/uploads\/2023\/01\/Ekologiskas-avizu-gerimas-be-pridetinio-cukraus.png\" \/>\n\t<meta property=\"og:image:width\" content=\"800\" \/>\n\t<meta property=\"og:image:height\" content=\"640\" \/>\n\t<meta property=\"og:image:type\" content=\"image\/png\" \/>\n<meta name=\"twitter:card\" content=\"summary_large_image\" \/>\n<script type=\"application\/ld+json\" class=\"yoast-schema-graph\">{\"@context\":\"https:\\\/\\\/schema.org\",\"@graph\":[{\"@type\":\"WebPage\",\"@id\":\"https:\\\/\\\/www.biopapa.lt\\\/en\\\/produktas\\\/organic-oat-drink-without-added-sugar-1-l-natum\\\/\",\"url\":\"https:\\\/\\\/www.biopapa.lt\\\/en\\\/produktas\\\/organic-oat-drink-without-added-sugar-1-l-natum\\\/\",\"name\":\"Organic oat drink, without added sugar, 1 L, Natumi - Biopapa\",\"isPartOf\":{\"@id\":\"https:\\\/\\\/www.biopapa.lt\\\/#website\"},\"primaryImageOfPage\":{\"@id\":\"https:\\\/\\\/www.biopapa.lt\\\/en\\\/produktas\\\/organic-oat-drink-without-added-sugar-1-l-natum\\\/#primaryimage\"},\"image\":{\"@id\":\"https:\\\/\\\/www.biopapa.lt\\\/en\\\/produktas\\\/organic-oat-drink-without-added-sugar-1-l-natum\\\/#primaryimage\"},\"thumbnailUrl\":\"https:\\\/\\\/www.biopapa.lt\\\/wp-content\\\/uploads\\\/2023\\\/01\\\/Ekologiskas-avizu-gerimas-be-pridetinio-cukraus.png\",\"datePublished\":\"2023-01-19T11:42:09+00:00\",\"dateModified\":\"2025-07-31T06:55:52+00:00\",\"description\":\"Organic drink made from whole grain oats. It is 100% plant-based and lactose-free.\",\"breadcrumb\":{\"@id\":\"https:\\\/\\\/www.biopapa.lt\\\/en\\\/produktas\\\/organic-oat-drink-without-added-sugar-1-l-natum\\\/#breadcrumb\"},\"inLanguage\":\"en-US\",\"potentialAction\":[{\"@type\":\"ReadAction\",\"target\":[\"https:\\\/\\\/www.biopapa.lt\\\/en\\\/produktas\\\/organic-oat-drink-without-added-sugar-1-l-natum\\\/\"]}]},{\"@type\":\"ImageObject\",\"inLanguage\":\"en-US\",\"@id\":\"https:\\\/\\\/www.biopapa.lt\\\/en\\\/produktas\\\/organic-oat-drink-without-added-sugar-1-l-natum\\\/#primaryimage\",\"url\":\"https:\\\/\\\/www.biopapa.lt\\\/wp-content\\\/uploads\\\/2023\\\/01\\\/Ekologiskas-avizu-gerimas-be-pridetinio-cukraus.png\",\"contentUrl\":\"https:\\\/\\\/www.biopapa.lt\\\/wp-content\\\/uploads\\\/2023\\\/01\\\/Ekologiskas-avizu-gerimas-be-pridetinio-cukraus.png\",\"width\":800,\"height\":640},{\"@type\":\"BreadcrumbList\",\"@id\":\"https:\\\/\\\/www.biopapa.lt\\\/en\\\/produktas\\\/organic-oat-drink-without-added-sugar-1-l-natum\\\/#breadcrumb\",\"itemListElement\":[{\"@type\":\"ListItem\",\"position\":1,\"name\":\"Home\",\"item\":\"https:\\\/\\\/www.biopapa.lt\\\/en\\\/\"},{\"@type\":\"ListItem\",\"position\":2,\"name\":\"Shop\",\"item\":\"https:\\\/\\\/www.biopapa.lt\\\/en\\\/shop\\\/\"},{\"@type\":\"ListItem\",\"position\":3,\"name\":\"Organic oat drink, without added sugar, 1 L, Natumi\"}]},{\"@type\":\"WebSite\",\"@id\":\"https:\\\/\\\/www.biopapa.lt\\\/#website\",\"url\":\"https:\\\/\\\/www.biopapa.lt\\\/\",\"name\":\"Biopapa\",\"description\":\"\u0160var\u016bs ekologi\u0161ki produktai\",\"publisher\":{\"@id\":\"https:\\\/\\\/www.biopapa.lt\\\/#organization\"},\"potentialAction\":[{\"@type\":\"SearchAction\",\"target\":{\"@type\":\"EntryPoint\",\"urlTemplate\":\"https:\\\/\\\/www.biopapa.lt\\\/?s={search_term_string}\"},\"query-input\":{\"@type\":\"PropertyValueSpecification\",\"valueRequired\":true,\"valueName\":\"search_term_string\"}}],\"inLanguage\":\"en-US\"},{\"@type\":\"Organization\",\"@id\":\"https:\\\/\\\/www.biopapa.lt\\\/#organization\",\"name\":\"Biopapa\",\"url\":\"https:\\\/\\\/www.biopapa.lt\\\/\",\"logo\":{\"@type\":\"ImageObject\",\"inLanguage\":\"en-US\",\"@id\":\"https:\\\/\\\/www.biopapa.lt\\\/#\\\/schema\\\/logo\\\/image\\\/\",\"url\":\"https:\\\/\\\/www.biopapa.lt\\\/wp-content\\\/uploads\\\/2022\\\/04\\\/facebook_biopapa.jpg\",\"contentUrl\":\"https:\\\/\\\/www.biopapa.lt\\\/wp-content\\\/uploads\\\/2022\\\/04\\\/facebook_biopapa.jpg\",\"width\":1733,\"height\":907,\"caption\":\"Biopapa\"},\"image\":{\"@id\":\"https:\\\/\\\/www.biopapa.lt\\\/#\\\/schema\\\/logo\\\/image\\\/\"},\"sameAs\":[\"https:\\\/\\\/www.facebook.com\\\/biopapa.lt\"]}]}<\/script>\n<!-- \/ Yoast SEO plugin. -->","yoast_head_json":{"title":"Organic oat drink, without added sugar, 1 L, Natumi - Biopapa","description":"Organic drink made from whole grain oats. It is 100% plant-based and lactose-free.","robots":{"index":"index","follow":"follow","max-snippet":"max-snippet:-1","max-image-preview":"max-image-preview:large","max-video-preview":"max-video-preview:-1"},"canonical":"https:\/\/www.biopapa.lt\/en\/produktas\/organic-oat-drink-without-added-sugar-1-l-natum\/","og_locale":"en_US","og_type":"article","og_title":"Organic oat drink, without added sugar, 1 L, Natumi - Biopapa","og_description":"Organic drink made from whole grain oats. It is 100% plant-based and lactose-free.","og_url":"https:\/\/www.biopapa.lt\/en\/produktas\/organic-oat-drink-without-added-sugar-1-l-natum\/","og_site_name":"Biopapa","article_publisher":"https:\/\/www.facebook.com\/biopapa.lt","article_modified_time":"2025-07-31T06:55:52+00:00","og_image":[{"width":800,"height":640,"url":"https:\/\/www.biopapa.lt\/wp-content\/uploads\/2023\/01\/Ekologiskas-avizu-gerimas-be-pridetinio-cukraus.png","type":"image\/png"}],"twitter_card":"summary_large_image","schema":{"@context":"https:\/\/schema.org","@graph":[{"@type":"WebPage","@id":"https:\/\/www.biopapa.lt\/en\/produktas\/organic-oat-drink-without-added-sugar-1-l-natum\/","url":"https:\/\/www.biopapa.lt\/en\/produktas\/organic-oat-drink-without-added-sugar-1-l-natum\/","name":"Organic oat drink, without added sugar, 1 L, Natumi - Biopapa","isPartOf":{"@id":"https:\/\/www.biopapa.lt\/#website"},"primaryImageOfPage":{"@id":"https:\/\/www.biopapa.lt\/en\/produktas\/organic-oat-drink-without-added-sugar-1-l-natum\/#primaryimage"},"image":{"@id":"https:\/\/www.biopapa.lt\/en\/produktas\/organic-oat-drink-without-added-sugar-1-l-natum\/#primaryimage"},"thumbnailUrl":"https:\/\/www.biopapa.lt\/wp-content\/uploads\/2023\/01\/Ekologiskas-avizu-gerimas-be-pridetinio-cukraus.png","datePublished":"2023-01-19T11:42:09+00:00","dateModified":"2025-07-31T06:55:52+00:00","description":"Organic drink made from whole grain oats. It is 100% plant-based and lactose-free.","breadcrumb":{"@id":"https:\/\/www.biopapa.lt\/en\/produktas\/organic-oat-drink-without-added-sugar-1-l-natum\/#breadcrumb"},"inLanguage":"en-US","potentialAction":[{"@type":"ReadAction","target":["https:\/\/www.biopapa.lt\/en\/produktas\/organic-oat-drink-without-added-sugar-1-l-natum\/"]}]},{"@type":"ImageObject","inLanguage":"en-US","@id":"https:\/\/www.biopapa.lt\/en\/produktas\/organic-oat-drink-without-added-sugar-1-l-natum\/#primaryimage","url":"https:\/\/www.biopapa.lt\/wp-content\/uploads\/2023\/01\/Ekologiskas-avizu-gerimas-be-pridetinio-cukraus.png","contentUrl":"https:\/\/www.biopapa.lt\/wp-content\/uploads\/2023\/01\/Ekologiskas-avizu-gerimas-be-pridetinio-cukraus.png","width":800,"height":640},{"@type":"BreadcrumbList","@id":"https:\/\/www.biopapa.lt\/en\/produktas\/organic-oat-drink-without-added-sugar-1-l-natum\/#breadcrumb","itemListElement":[{"@type":"ListItem","position":1,"name":"Home","item":"https:\/\/www.biopapa.lt\/en\/"},{"@type":"ListItem","position":2,"name":"Shop","item":"https:\/\/www.biopapa.lt\/en\/shop\/"},{"@type":"ListItem","position":3,"name":"Organic oat drink, without added sugar, 1 L, Natumi"}]},{"@type":"WebSite","@id":"https:\/\/www.biopapa.lt\/#website","url":"https:\/\/www.biopapa.lt\/","name":"Biopapa","description":"\u0160var\u016bs ekologi\u0161ki produktai","publisher":{"@id":"https:\/\/www.biopapa.lt\/#organization"},"potentialAction":[{"@type":"SearchAction","target":{"@type":"EntryPoint","urlTemplate":"https:\/\/www.biopapa.lt\/?s={search_term_string}"},"query-input":{"@type":"PropertyValueSpecification","valueRequired":true,"valueName":"search_term_string"}}],"inLanguage":"en-US"},{"@type":"Organization","@id":"https:\/\/www.biopapa.lt\/#organization","name":"Biopapa","url":"https:\/\/www.biopapa.lt\/","logo":{"@type":"ImageObject","inLanguage":"en-US","@id":"https:\/\/www.biopapa.lt\/#\/schema\/logo\/image\/","url":"https:\/\/www.biopapa.lt\/wp-content\/uploads\/2022\/04\/facebook_biopapa.jpg","contentUrl":"https:\/\/www.biopapa.lt\/wp-content\/uploads\/2022\/04\/facebook_biopapa.jpg","width":1733,"height":907,"caption":"Biopapa"},"image":{"@id":"https:\/\/www.biopapa.lt\/#\/schema\/logo\/image\/"},"sameAs":["https:\/\/www.facebook.com\/biopapa.lt"]}]}},"_links":{"self":[{"href":"https:\/\/www.biopapa.lt\/en\/wp-json\/wp\/v2\/product\/36183","targetHints":{"allow":["GET"]}}],"collection":[{"href":"https:\/\/www.biopapa.lt\/en\/wp-json\/wp\/v2\/product"}],"about":[{"href":"https:\/\/www.biopapa.lt\/en\/wp-json\/wp\/v2\/types\/product"}],"wp:featuredmedia":[{"embeddable":true,"href":"https:\/\/www.biopapa.lt\/en\/wp-json\/wp\/v2\/media\/131463"}],"wp:attachment":[{"href":"https:\/\/www.biopapa.lt\/en\/wp-json\/wp\/v2\/media?parent=36183"}],"wp:term":[{"taxonomy":"product_brand","embeddable":true,"href":"https:\/\/www.biopapa.lt\/en\/wp-json\/wp\/v2\/product_brand?post=36183"},{"taxonomy":"product_cat","embeddable":true,"href":"https:\/\/www.biopapa.lt\/en\/wp-json\/wp\/v2\/product_cat?post=36183"},{"taxonomy":"product_tag","embeddable":true,"href":"https:\/\/www.biopapa.lt\/en\/wp-json\/wp\/v2\/product_tag?post=36183"}],"curies":[{"name":"wp","href":"https:\/\/api.w.org\/{rel}","templated":true}]}}