{"id":36178,"date":"2023-03-03T11:01:42","date_gmt":"2023-03-03T09:01:42","guid":{"rendered":"https:\/\/www.biopapa.lt\/produktas\/organic-soya-drink-no-added-sugar-gluten-free-1-l-natumi\/"},"modified":"2025-06-09T16:37:34","modified_gmt":"2025-06-09T13:37:34","slug":"organic-soya-drink-no-added-sugar-gluten-free-1l-natumi","status":"publish","type":"product","link":"https:\/\/www.biopapa.lt\/en\/produktas\/organic-soya-drink-no-added-sugar-gluten-free-1l-natumi\/","title":{"rendered":"Organic soya drink, no added sugar, gluten free, 1 L, Natumi"},"content":{"rendered":"<p class=\"p1\"><b>Soya is an excellent source of plant-based protein and the perfect base for those looking for a vegan, lactose-free or gluten-free alternative.<\/b><br \/>\nThis <b>natural soya drink<\/b> is extremely versatile: enjoy it neat, as a refreshing smoothie or as creamy hot chocolate. It&#8217;s also perfect for cooking, baking or preparing irresistible desserts.<br \/>\nThe soya beans for our drinks are grown on <b>certified organic farms<\/b>, mainly in Austria &#8211; naturally of the highest organic quality. We select them carefully and ensure they are <b>GMO-free<\/b>, so you always get only the highest quality product.<br \/>\nOur beverages are made <b>exclusively in Germany<\/b>, so you can be sure that every glass is filled with care and responsibility for nature.  <\/p>\n","protected":false},"excerpt":{"rendered":"<p>Soy drink can be used in the same way as plain milk. By the way, this applies to all Natumi drinks. Enjoy them fresh, use them in smoothies or to make delicious cocoa. You can cook and bake or make delicious puddings and desserts. Shake before use.<\/p>\n","protected":false},"featured_media":131454,"template":"","meta":{"_acf_changed":false},"product_brand":[],"product_cat":[2378],"product_tag":[2038,2088],"class_list":{"0":"post-36178","1":"product","2":"type-product","3":"status-publish","4":"has-post-thumbnail","6":"product_cat-drinks","7":"product_tag-no-added-sugar","8":"product_tag-vegan","10":"first","11":"instock","12":"shipping-taxable","13":"purchasable","14":"product-type-simple"},"acf":[],"yoast_head":"<!-- This site is optimized with the Yoast SEO plugin v27.5 - https:\/\/yoast.com\/product\/yoast-seo-wordpress\/ -->\n<title>Organic soya drink, no added sugar, gluten free, 1 L, Natumi - Biopapa<\/title>\n<meta name=\"description\" content=\"Soy drink made from organic soya beans. It is a 100% plant-based product.\" \/>\n<meta name=\"robots\" content=\"index, follow, max-snippet:-1, max-image-preview:large, max-video-preview:-1\" \/>\n<link rel=\"canonical\" href=\"https:\/\/www.biopapa.lt\/en\/produktas\/organic-soya-drink-no-added-sugar-gluten-free-1l-natumi\/\" \/>\n<meta property=\"og:locale\" content=\"en_US\" \/>\n<meta property=\"og:type\" content=\"article\" \/>\n<meta property=\"og:title\" content=\"Organic soya drink, no added sugar, gluten free, 1 L, Natumi - Biopapa\" \/>\n<meta property=\"og:description\" content=\"Soy drink made from organic soya beans. It is a 100% plant-based product.\" \/>\n<meta property=\"og:url\" content=\"https:\/\/www.biopapa.lt\/en\/produktas\/organic-soya-drink-no-added-sugar-gluten-free-1l-natumi\/\" \/>\n<meta property=\"og:site_name\" content=\"Biopapa\" \/>\n<meta property=\"article:publisher\" content=\"https:\/\/www.facebook.com\/biopapa.lt\" \/>\n<meta property=\"article:modified_time\" content=\"2025-06-09T13:37:34+00:00\" \/>\n<meta property=\"og:image\" content=\"https:\/\/www.biopapa.lt\/wp-content\/uploads\/2023\/03\/Ekologiskas-soju-gerimas-be-pridetinio-cukraus-be-glitimo.png\" \/>\n\t<meta property=\"og:image:width\" content=\"800\" \/>\n\t<meta property=\"og:image:height\" content=\"640\" \/>\n\t<meta property=\"og:image:type\" content=\"image\/png\" \/>\n<meta name=\"twitter:card\" content=\"summary_large_image\" \/>\n<script type=\"application\/ld+json\" class=\"yoast-schema-graph\">{\"@context\":\"https:\\\/\\\/schema.org\",\"@graph\":[{\"@type\":\"WebPage\",\"@id\":\"https:\\\/\\\/www.biopapa.lt\\\/en\\\/produktas\\\/organic-soya-drink-no-added-sugar-gluten-free-1l-natumi\\\/\",\"url\":\"https:\\\/\\\/www.biopapa.lt\\\/en\\\/produktas\\\/organic-soya-drink-no-added-sugar-gluten-free-1l-natumi\\\/\",\"name\":\"Organic soya drink, no added sugar, gluten free, 1 L, Natumi - Biopapa\",\"isPartOf\":{\"@id\":\"https:\\\/\\\/www.biopapa.lt\\\/#website\"},\"primaryImageOfPage\":{\"@id\":\"https:\\\/\\\/www.biopapa.lt\\\/en\\\/produktas\\\/organic-soya-drink-no-added-sugar-gluten-free-1l-natumi\\\/#primaryimage\"},\"image\":{\"@id\":\"https:\\\/\\\/www.biopapa.lt\\\/en\\\/produktas\\\/organic-soya-drink-no-added-sugar-gluten-free-1l-natumi\\\/#primaryimage\"},\"thumbnailUrl\":\"https:\\\/\\\/www.biopapa.lt\\\/wp-content\\\/uploads\\\/2023\\\/03\\\/Ekologiskas-soju-gerimas-be-pridetinio-cukraus-be-glitimo.png\",\"datePublished\":\"2023-03-03T09:01:42+00:00\",\"dateModified\":\"2025-06-09T13:37:34+00:00\",\"description\":\"Soy drink made from organic soya beans. It is a 100% plant-based product.\",\"breadcrumb\":{\"@id\":\"https:\\\/\\\/www.biopapa.lt\\\/en\\\/produktas\\\/organic-soya-drink-no-added-sugar-gluten-free-1l-natumi\\\/#breadcrumb\"},\"inLanguage\":\"en-US\",\"potentialAction\":[{\"@type\":\"ReadAction\",\"target\":[\"https:\\\/\\\/www.biopapa.lt\\\/en\\\/produktas\\\/organic-soya-drink-no-added-sugar-gluten-free-1l-natumi\\\/\"]}]},{\"@type\":\"ImageObject\",\"inLanguage\":\"en-US\",\"@id\":\"https:\\\/\\\/www.biopapa.lt\\\/en\\\/produktas\\\/organic-soya-drink-no-added-sugar-gluten-free-1l-natumi\\\/#primaryimage\",\"url\":\"https:\\\/\\\/www.biopapa.lt\\\/wp-content\\\/uploads\\\/2023\\\/03\\\/Ekologiskas-soju-gerimas-be-pridetinio-cukraus-be-glitimo.png\",\"contentUrl\":\"https:\\\/\\\/www.biopapa.lt\\\/wp-content\\\/uploads\\\/2023\\\/03\\\/Ekologiskas-soju-gerimas-be-pridetinio-cukraus-be-glitimo.png\",\"width\":800,\"height\":640},{\"@type\":\"BreadcrumbList\",\"@id\":\"https:\\\/\\\/www.biopapa.lt\\\/en\\\/produktas\\\/organic-soya-drink-no-added-sugar-gluten-free-1l-natumi\\\/#breadcrumb\",\"itemListElement\":[{\"@type\":\"ListItem\",\"position\":1,\"name\":\"Home\",\"item\":\"https:\\\/\\\/www.biopapa.lt\\\/en\\\/\"},{\"@type\":\"ListItem\",\"position\":2,\"name\":\"Shop\",\"item\":\"https:\\\/\\\/www.biopapa.lt\\\/en\\\/shop\\\/\"},{\"@type\":\"ListItem\",\"position\":3,\"name\":\"Organic soya drink, no added sugar, gluten free, 1 L, Natumi\"}]},{\"@type\":\"WebSite\",\"@id\":\"https:\\\/\\\/www.biopapa.lt\\\/#website\",\"url\":\"https:\\\/\\\/www.biopapa.lt\\\/\",\"name\":\"Biopapa\",\"description\":\"\u0160var\u016bs ekologi\u0161ki produktai\",\"publisher\":{\"@id\":\"https:\\\/\\\/www.biopapa.lt\\\/#organization\"},\"potentialAction\":[{\"@type\":\"SearchAction\",\"target\":{\"@type\":\"EntryPoint\",\"urlTemplate\":\"https:\\\/\\\/www.biopapa.lt\\\/?s={search_term_string}\"},\"query-input\":{\"@type\":\"PropertyValueSpecification\",\"valueRequired\":true,\"valueName\":\"search_term_string\"}}],\"inLanguage\":\"en-US\"},{\"@type\":\"Organization\",\"@id\":\"https:\\\/\\\/www.biopapa.lt\\\/#organization\",\"name\":\"Biopapa\",\"url\":\"https:\\\/\\\/www.biopapa.lt\\\/\",\"logo\":{\"@type\":\"ImageObject\",\"inLanguage\":\"en-US\",\"@id\":\"https:\\\/\\\/www.biopapa.lt\\\/#\\\/schema\\\/logo\\\/image\\\/\",\"url\":\"https:\\\/\\\/www.biopapa.lt\\\/wp-content\\\/uploads\\\/2022\\\/04\\\/facebook_biopapa.jpg\",\"contentUrl\":\"https:\\\/\\\/www.biopapa.lt\\\/wp-content\\\/uploads\\\/2022\\\/04\\\/facebook_biopapa.jpg\",\"width\":1733,\"height\":907,\"caption\":\"Biopapa\"},\"image\":{\"@id\":\"https:\\\/\\\/www.biopapa.lt\\\/#\\\/schema\\\/logo\\\/image\\\/\"},\"sameAs\":[\"https:\\\/\\\/www.facebook.com\\\/biopapa.lt\"]}]}<\/script>\n<!-- \/ Yoast SEO plugin. -->","yoast_head_json":{"title":"Organic soya drink, no added sugar, gluten free, 1 L, Natumi - Biopapa","description":"Soy drink made from organic soya beans. It is a 100% plant-based product.","robots":{"index":"index","follow":"follow","max-snippet":"max-snippet:-1","max-image-preview":"max-image-preview:large","max-video-preview":"max-video-preview:-1"},"canonical":"https:\/\/www.biopapa.lt\/en\/produktas\/organic-soya-drink-no-added-sugar-gluten-free-1l-natumi\/","og_locale":"en_US","og_type":"article","og_title":"Organic soya drink, no added sugar, gluten free, 1 L, Natumi - Biopapa","og_description":"Soy drink made from organic soya beans. It is a 100% plant-based product.","og_url":"https:\/\/www.biopapa.lt\/en\/produktas\/organic-soya-drink-no-added-sugar-gluten-free-1l-natumi\/","og_site_name":"Biopapa","article_publisher":"https:\/\/www.facebook.com\/biopapa.lt","article_modified_time":"2025-06-09T13:37:34+00:00","og_image":[{"width":800,"height":640,"url":"https:\/\/www.biopapa.lt\/wp-content\/uploads\/2023\/03\/Ekologiskas-soju-gerimas-be-pridetinio-cukraus-be-glitimo.png","type":"image\/png"}],"twitter_card":"summary_large_image","schema":{"@context":"https:\/\/schema.org","@graph":[{"@type":"WebPage","@id":"https:\/\/www.biopapa.lt\/en\/produktas\/organic-soya-drink-no-added-sugar-gluten-free-1l-natumi\/","url":"https:\/\/www.biopapa.lt\/en\/produktas\/organic-soya-drink-no-added-sugar-gluten-free-1l-natumi\/","name":"Organic soya drink, no added sugar, gluten free, 1 L, Natumi - Biopapa","isPartOf":{"@id":"https:\/\/www.biopapa.lt\/#website"},"primaryImageOfPage":{"@id":"https:\/\/www.biopapa.lt\/en\/produktas\/organic-soya-drink-no-added-sugar-gluten-free-1l-natumi\/#primaryimage"},"image":{"@id":"https:\/\/www.biopapa.lt\/en\/produktas\/organic-soya-drink-no-added-sugar-gluten-free-1l-natumi\/#primaryimage"},"thumbnailUrl":"https:\/\/www.biopapa.lt\/wp-content\/uploads\/2023\/03\/Ekologiskas-soju-gerimas-be-pridetinio-cukraus-be-glitimo.png","datePublished":"2023-03-03T09:01:42+00:00","dateModified":"2025-06-09T13:37:34+00:00","description":"Soy drink made from organic soya beans. It is a 100% plant-based product.","breadcrumb":{"@id":"https:\/\/www.biopapa.lt\/en\/produktas\/organic-soya-drink-no-added-sugar-gluten-free-1l-natumi\/#breadcrumb"},"inLanguage":"en-US","potentialAction":[{"@type":"ReadAction","target":["https:\/\/www.biopapa.lt\/en\/produktas\/organic-soya-drink-no-added-sugar-gluten-free-1l-natumi\/"]}]},{"@type":"ImageObject","inLanguage":"en-US","@id":"https:\/\/www.biopapa.lt\/en\/produktas\/organic-soya-drink-no-added-sugar-gluten-free-1l-natumi\/#primaryimage","url":"https:\/\/www.biopapa.lt\/wp-content\/uploads\/2023\/03\/Ekologiskas-soju-gerimas-be-pridetinio-cukraus-be-glitimo.png","contentUrl":"https:\/\/www.biopapa.lt\/wp-content\/uploads\/2023\/03\/Ekologiskas-soju-gerimas-be-pridetinio-cukraus-be-glitimo.png","width":800,"height":640},{"@type":"BreadcrumbList","@id":"https:\/\/www.biopapa.lt\/en\/produktas\/organic-soya-drink-no-added-sugar-gluten-free-1l-natumi\/#breadcrumb","itemListElement":[{"@type":"ListItem","position":1,"name":"Home","item":"https:\/\/www.biopapa.lt\/en\/"},{"@type":"ListItem","position":2,"name":"Shop","item":"https:\/\/www.biopapa.lt\/en\/shop\/"},{"@type":"ListItem","position":3,"name":"Organic soya drink, no added sugar, gluten free, 1 L, Natumi"}]},{"@type":"WebSite","@id":"https:\/\/www.biopapa.lt\/#website","url":"https:\/\/www.biopapa.lt\/","name":"Biopapa","description":"\u0160var\u016bs ekologi\u0161ki produktai","publisher":{"@id":"https:\/\/www.biopapa.lt\/#organization"},"potentialAction":[{"@type":"SearchAction","target":{"@type":"EntryPoint","urlTemplate":"https:\/\/www.biopapa.lt\/?s={search_term_string}"},"query-input":{"@type":"PropertyValueSpecification","valueRequired":true,"valueName":"search_term_string"}}],"inLanguage":"en-US"},{"@type":"Organization","@id":"https:\/\/www.biopapa.lt\/#organization","name":"Biopapa","url":"https:\/\/www.biopapa.lt\/","logo":{"@type":"ImageObject","inLanguage":"en-US","@id":"https:\/\/www.biopapa.lt\/#\/schema\/logo\/image\/","url":"https:\/\/www.biopapa.lt\/wp-content\/uploads\/2022\/04\/facebook_biopapa.jpg","contentUrl":"https:\/\/www.biopapa.lt\/wp-content\/uploads\/2022\/04\/facebook_biopapa.jpg","width":1733,"height":907,"caption":"Biopapa"},"image":{"@id":"https:\/\/www.biopapa.lt\/#\/schema\/logo\/image\/"},"sameAs":["https:\/\/www.facebook.com\/biopapa.lt"]}]}},"_links":{"self":[{"href":"https:\/\/www.biopapa.lt\/en\/wp-json\/wp\/v2\/product\/36178","targetHints":{"allow":["GET"]}}],"collection":[{"href":"https:\/\/www.biopapa.lt\/en\/wp-json\/wp\/v2\/product"}],"about":[{"href":"https:\/\/www.biopapa.lt\/en\/wp-json\/wp\/v2\/types\/product"}],"wp:featuredmedia":[{"embeddable":true,"href":"https:\/\/www.biopapa.lt\/en\/wp-json\/wp\/v2\/media\/131454"}],"wp:attachment":[{"href":"https:\/\/www.biopapa.lt\/en\/wp-json\/wp\/v2\/media?parent=36178"}],"wp:term":[{"taxonomy":"product_brand","embeddable":true,"href":"https:\/\/www.biopapa.lt\/en\/wp-json\/wp\/v2\/product_brand?post=36178"},{"taxonomy":"product_cat","embeddable":true,"href":"https:\/\/www.biopapa.lt\/en\/wp-json\/wp\/v2\/product_cat?post=36178"},{"taxonomy":"product_tag","embeddable":true,"href":"https:\/\/www.biopapa.lt\/en\/wp-json\/wp\/v2\/product_tag?post=36178"}],"curies":[{"name":"wp","href":"https:\/\/api.w.org\/{rel}","templated":true}]}}