{"id":36176,"date":"2023-08-02T15:43:38","date_gmt":"2023-08-02T12:43:38","guid":{"rendered":"https:\/\/www.biopapa.lt\/produktas\/fruit-and-herbal-drink-with-honey-iron-and-vitamins-c-b1-b2-b6-b12-450-ml-rabenhorst\/"},"modified":"2025-06-10T10:07:26","modified_gmt":"2025-06-10T07:07:26","slug":"fruit-and-herb-drink-with-fruits-and-vitamins-c-b1-b2-b6-b12-450-ml-rabenhorst","status":"publish","type":"product","link":"https:\/\/www.biopapa.lt\/en\/produktas\/fruit-and-herb-drink-with-fruits-and-vitamins-c-b1-b2-b6-b12-450-ml-rabenhorst\/","title":{"rendered":"Fruit and herbal drink with honey, iron and vitamins C, B1, B2, B6, B12, 450 ml, Rabenhorst"},"content":{"rendered":"<p>&#8220;Rabenhorst juice is rich in <strong>iron and vitamins C, B1, B2, B6, B12, all of which are important for blood production.<\/strong> Squeezed from fresh fruit, only from very high quality raw material and not from concentrate. Alcohol-free. Sweetened with honey. Suitable for vegetarians.<\/p>\n<p>Vitamins and minerals per 20 ml serving:<br \/>\nIron: 15 mg (107%)**<br \/>\nVitamin C: 40 mg (50%)**<br \/>\nThiamine: 0,55 mg (50%)**<br \/>\nRiboflavin: 0,70 mg (50%)**<br \/>\nVitamin B6: 0,70 mg (50%)**<br \/>\nVitamin B12: 1,3 \u00b5g (50%)**<br \/>\n** &#8211; recommended daily allowance (RDA) for adults.<\/p>\n<p>RECOMMENDED USAGE AND OTHER INFORMATION<br \/>\n2 x 10 ml.<br \/>\nDo not exceed the recommended daily dose (20 ml).<br \/>\nThe food supplement should not be used as a substitute for a varied and balanced diet.<br \/>\nA balanced diet and a healthy lifestyle are important for the proper functioning of the body.<\/p>\n<p>In a dark glass bottle. Includes measuring cup.<br \/>\nOnce opened, store tightly closed in the fridge out of the reach of children.<br \/>\nOnce opened, consume within 3 weeks.<br \/>\nCan be frozen in portions.<\/p>\n<p><em>NOTE. The information contained herein should not be construed as a recommendation for treatment or other health issues. We encourage you to make personal decisions about your personal health, taking into account a wide range of sources of information.   <\/em><\/p>\n","protected":false},"excerpt":{"rendered":"<p>&#8220;Rabenhorst juice is rich in iron and vitamins C, B1, B2, B6, B12, all of which are important for blood<\/p>\n","protected":false},"featured_media":131752,"template":"","meta":{"_acf_changed":false},"product_brand":[],"product_cat":[2485,2378,1848],"product_tag":[2384],"class_list":{"0":"post-36176","1":"product","2":"type-product","3":"status-publish","4":"has-post-thumbnail","6":"product_cat-drink","7":"product_cat-drinks","8":"product_cat-plant-based-superfood","9":"product_tag-organic","11":"first","12":"instock","13":"shipping-taxable","14":"purchasable","15":"product-type-simple"},"acf":[],"yoast_head":"<!-- This site is optimized with the Yoast SEO plugin v27.5 - https:\/\/yoast.com\/product\/yoast-seo-wordpress\/ -->\n<title>Fruit and herbal drink with honey, iron and vitamins C, B1, B2, B6, B12, 450 ml, Rabenhorst - Biopapa<\/title>\n<meta name=\"description\" content=\"&quot;Rabenhorst EISENBLUT juice is rich in iron and vitamins C, B1, B2, B6, B12, all of which are important for blood production. Squeezed from fresh fruit, using only very high quality raw material and not made from concentrate. Alcohol-free. Sweetened with honey. Suitable for vegetarians.\" \/>\n<meta name=\"robots\" content=\"index, follow, max-snippet:-1, max-image-preview:large, max-video-preview:-1\" \/>\n<link rel=\"canonical\" href=\"https:\/\/www.biopapa.lt\/en\/produktas\/fruit-and-herb-drink-with-fruits-and-vitamins-c-b1-b2-b6-b12-450-ml-rabenhorst\/\" \/>\n<meta property=\"og:locale\" content=\"en_US\" \/>\n<meta property=\"og:type\" content=\"article\" \/>\n<meta property=\"og:title\" content=\"Fruit and herbal drink with honey, iron and vitamins C, B1, B2, B6, B12, 450 ml, Rabenhorst - Biopapa\" \/>\n<meta property=\"og:description\" content=\"&quot;Rabenhorst EISENBLUT juice is rich in iron and vitamins C, B1, B2, B6, B12, all of which are important for blood production. Squeezed from fresh fruit, using only very high quality raw material and not made from concentrate. Alcohol-free. Sweetened with honey. Suitable for vegetarians.\" \/>\n<meta property=\"og:url\" content=\"https:\/\/www.biopapa.lt\/en\/produktas\/fruit-and-herb-drink-with-fruits-and-vitamins-c-b1-b2-b6-b12-450-ml-rabenhorst\/\" \/>\n<meta property=\"og:site_name\" content=\"Biopapa\" \/>\n<meta property=\"article:publisher\" content=\"https:\/\/www.facebook.com\/biopapa.lt\" \/>\n<meta property=\"article:modified_time\" content=\"2025-06-10T07:07:26+00:00\" \/>\n<meta property=\"og:image\" content=\"https:\/\/www.biopapa.lt\/wp-content\/uploads\/2023\/08\/Vaisiu-ir-zoleliu-gerimas-su-medumi-gelezimi-ir-vitaminais-C-B1-B2-B6-B12-450-ml-Rabenhorst.png\" \/>\n\t<meta property=\"og:image:width\" content=\"800\" \/>\n\t<meta property=\"og:image:height\" content=\"640\" \/>\n\t<meta property=\"og:image:type\" content=\"image\/png\" \/>\n<meta name=\"twitter:card\" content=\"summary_large_image\" \/>\n<script type=\"application\/ld+json\" class=\"yoast-schema-graph\">{\"@context\":\"https:\\\/\\\/schema.org\",\"@graph\":[{\"@type\":\"WebPage\",\"@id\":\"https:\\\/\\\/www.biopapa.lt\\\/en\\\/produktas\\\/fruit-and-herb-drink-with-fruits-and-vitamins-c-b1-b2-b6-b12-450-ml-rabenhorst\\\/\",\"url\":\"https:\\\/\\\/www.biopapa.lt\\\/en\\\/produktas\\\/fruit-and-herb-drink-with-fruits-and-vitamins-c-b1-b2-b6-b12-450-ml-rabenhorst\\\/\",\"name\":\"Fruit and herbal drink with honey, iron and vitamins C, B1, B2, B6, B12, 450 ml, Rabenhorst - Biopapa\",\"isPartOf\":{\"@id\":\"https:\\\/\\\/www.biopapa.lt\\\/#website\"},\"primaryImageOfPage\":{\"@id\":\"https:\\\/\\\/www.biopapa.lt\\\/en\\\/produktas\\\/fruit-and-herb-drink-with-fruits-and-vitamins-c-b1-b2-b6-b12-450-ml-rabenhorst\\\/#primaryimage\"},\"image\":{\"@id\":\"https:\\\/\\\/www.biopapa.lt\\\/en\\\/produktas\\\/fruit-and-herb-drink-with-fruits-and-vitamins-c-b1-b2-b6-b12-450-ml-rabenhorst\\\/#primaryimage\"},\"thumbnailUrl\":\"https:\\\/\\\/www.biopapa.lt\\\/wp-content\\\/uploads\\\/2023\\\/08\\\/Vaisiu-ir-zoleliu-gerimas-su-medumi-gelezimi-ir-vitaminais-C-B1-B2-B6-B12-450-ml-Rabenhorst.png\",\"datePublished\":\"2023-08-02T12:43:38+00:00\",\"dateModified\":\"2025-06-10T07:07:26+00:00\",\"description\":\"\\\"Rabenhorst EISENBLUT juice is rich in iron and vitamins C, B1, B2, B6, B12, all of which are important for blood production. Squeezed from fresh fruit, using only very high quality raw material and not made from concentrate. Alcohol-free. Sweetened with honey. Suitable for vegetarians.\",\"breadcrumb\":{\"@id\":\"https:\\\/\\\/www.biopapa.lt\\\/en\\\/produktas\\\/fruit-and-herb-drink-with-fruits-and-vitamins-c-b1-b2-b6-b12-450-ml-rabenhorst\\\/#breadcrumb\"},\"inLanguage\":\"en-US\",\"potentialAction\":[{\"@type\":\"ReadAction\",\"target\":[\"https:\\\/\\\/www.biopapa.lt\\\/en\\\/produktas\\\/fruit-and-herb-drink-with-fruits-and-vitamins-c-b1-b2-b6-b12-450-ml-rabenhorst\\\/\"]}]},{\"@type\":\"ImageObject\",\"inLanguage\":\"en-US\",\"@id\":\"https:\\\/\\\/www.biopapa.lt\\\/en\\\/produktas\\\/fruit-and-herb-drink-with-fruits-and-vitamins-c-b1-b2-b6-b12-450-ml-rabenhorst\\\/#primaryimage\",\"url\":\"https:\\\/\\\/www.biopapa.lt\\\/wp-content\\\/uploads\\\/2023\\\/08\\\/Vaisiu-ir-zoleliu-gerimas-su-medumi-gelezimi-ir-vitaminais-C-B1-B2-B6-B12-450-ml-Rabenhorst.png\",\"contentUrl\":\"https:\\\/\\\/www.biopapa.lt\\\/wp-content\\\/uploads\\\/2023\\\/08\\\/Vaisiu-ir-zoleliu-gerimas-su-medumi-gelezimi-ir-vitaminais-C-B1-B2-B6-B12-450-ml-Rabenhorst.png\",\"width\":800,\"height\":640},{\"@type\":\"BreadcrumbList\",\"@id\":\"https:\\\/\\\/www.biopapa.lt\\\/en\\\/produktas\\\/fruit-and-herb-drink-with-fruits-and-vitamins-c-b1-b2-b6-b12-450-ml-rabenhorst\\\/#breadcrumb\",\"itemListElement\":[{\"@type\":\"ListItem\",\"position\":1,\"name\":\"Home\",\"item\":\"https:\\\/\\\/www.biopapa.lt\\\/en\\\/\"},{\"@type\":\"ListItem\",\"position\":2,\"name\":\"Shop\",\"item\":\"https:\\\/\\\/www.biopapa.lt\\\/en\\\/shop\\\/\"},{\"@type\":\"ListItem\",\"position\":3,\"name\":\"Fruit and herbal drink with honey, iron and vitamins C, B1, B2, B6, B12, 450 ml, Rabenhorst\"}]},{\"@type\":\"WebSite\",\"@id\":\"https:\\\/\\\/www.biopapa.lt\\\/#website\",\"url\":\"https:\\\/\\\/www.biopapa.lt\\\/\",\"name\":\"Biopapa\",\"description\":\"\u0160var\u016bs ekologi\u0161ki produktai\",\"publisher\":{\"@id\":\"https:\\\/\\\/www.biopapa.lt\\\/#organization\"},\"potentialAction\":[{\"@type\":\"SearchAction\",\"target\":{\"@type\":\"EntryPoint\",\"urlTemplate\":\"https:\\\/\\\/www.biopapa.lt\\\/?s={search_term_string}\"},\"query-input\":{\"@type\":\"PropertyValueSpecification\",\"valueRequired\":true,\"valueName\":\"search_term_string\"}}],\"inLanguage\":\"en-US\"},{\"@type\":\"Organization\",\"@id\":\"https:\\\/\\\/www.biopapa.lt\\\/#organization\",\"name\":\"Biopapa\",\"url\":\"https:\\\/\\\/www.biopapa.lt\\\/\",\"logo\":{\"@type\":\"ImageObject\",\"inLanguage\":\"en-US\",\"@id\":\"https:\\\/\\\/www.biopapa.lt\\\/#\\\/schema\\\/logo\\\/image\\\/\",\"url\":\"https:\\\/\\\/www.biopapa.lt\\\/wp-content\\\/uploads\\\/2022\\\/04\\\/facebook_biopapa.jpg\",\"contentUrl\":\"https:\\\/\\\/www.biopapa.lt\\\/wp-content\\\/uploads\\\/2022\\\/04\\\/facebook_biopapa.jpg\",\"width\":1733,\"height\":907,\"caption\":\"Biopapa\"},\"image\":{\"@id\":\"https:\\\/\\\/www.biopapa.lt\\\/#\\\/schema\\\/logo\\\/image\\\/\"},\"sameAs\":[\"https:\\\/\\\/www.facebook.com\\\/biopapa.lt\"]}]}<\/script>\n<!-- \/ Yoast SEO plugin. -->","yoast_head_json":{"title":"Fruit and herbal drink with honey, iron and vitamins C, B1, B2, B6, B12, 450 ml, Rabenhorst - Biopapa","description":"\"Rabenhorst EISENBLUT juice is rich in iron and vitamins C, B1, B2, B6, B12, all of which are important for blood production. Squeezed from fresh fruit, using only very high quality raw material and not made from concentrate. Alcohol-free. Sweetened with honey. Suitable for vegetarians.","robots":{"index":"index","follow":"follow","max-snippet":"max-snippet:-1","max-image-preview":"max-image-preview:large","max-video-preview":"max-video-preview:-1"},"canonical":"https:\/\/www.biopapa.lt\/en\/produktas\/fruit-and-herb-drink-with-fruits-and-vitamins-c-b1-b2-b6-b12-450-ml-rabenhorst\/","og_locale":"en_US","og_type":"article","og_title":"Fruit and herbal drink with honey, iron and vitamins C, B1, B2, B6, B12, 450 ml, Rabenhorst - Biopapa","og_description":"\"Rabenhorst EISENBLUT juice is rich in iron and vitamins C, B1, B2, B6, B12, all of which are important for blood production. Squeezed from fresh fruit, using only very high quality raw material and not made from concentrate. Alcohol-free. Sweetened with honey. Suitable for vegetarians.","og_url":"https:\/\/www.biopapa.lt\/en\/produktas\/fruit-and-herb-drink-with-fruits-and-vitamins-c-b1-b2-b6-b12-450-ml-rabenhorst\/","og_site_name":"Biopapa","article_publisher":"https:\/\/www.facebook.com\/biopapa.lt","article_modified_time":"2025-06-10T07:07:26+00:00","og_image":[{"width":800,"height":640,"url":"https:\/\/www.biopapa.lt\/wp-content\/uploads\/2023\/08\/Vaisiu-ir-zoleliu-gerimas-su-medumi-gelezimi-ir-vitaminais-C-B1-B2-B6-B12-450-ml-Rabenhorst.png","type":"image\/png"}],"twitter_card":"summary_large_image","schema":{"@context":"https:\/\/schema.org","@graph":[{"@type":"WebPage","@id":"https:\/\/www.biopapa.lt\/en\/produktas\/fruit-and-herb-drink-with-fruits-and-vitamins-c-b1-b2-b6-b12-450-ml-rabenhorst\/","url":"https:\/\/www.biopapa.lt\/en\/produktas\/fruit-and-herb-drink-with-fruits-and-vitamins-c-b1-b2-b6-b12-450-ml-rabenhorst\/","name":"Fruit and herbal drink with honey, iron and vitamins C, B1, B2, B6, B12, 450 ml, Rabenhorst - Biopapa","isPartOf":{"@id":"https:\/\/www.biopapa.lt\/#website"},"primaryImageOfPage":{"@id":"https:\/\/www.biopapa.lt\/en\/produktas\/fruit-and-herb-drink-with-fruits-and-vitamins-c-b1-b2-b6-b12-450-ml-rabenhorst\/#primaryimage"},"image":{"@id":"https:\/\/www.biopapa.lt\/en\/produktas\/fruit-and-herb-drink-with-fruits-and-vitamins-c-b1-b2-b6-b12-450-ml-rabenhorst\/#primaryimage"},"thumbnailUrl":"https:\/\/www.biopapa.lt\/wp-content\/uploads\/2023\/08\/Vaisiu-ir-zoleliu-gerimas-su-medumi-gelezimi-ir-vitaminais-C-B1-B2-B6-B12-450-ml-Rabenhorst.png","datePublished":"2023-08-02T12:43:38+00:00","dateModified":"2025-06-10T07:07:26+00:00","description":"\"Rabenhorst EISENBLUT juice is rich in iron and vitamins C, B1, B2, B6, B12, all of which are important for blood production. Squeezed from fresh fruit, using only very high quality raw material and not made from concentrate. Alcohol-free. Sweetened with honey. Suitable for vegetarians.","breadcrumb":{"@id":"https:\/\/www.biopapa.lt\/en\/produktas\/fruit-and-herb-drink-with-fruits-and-vitamins-c-b1-b2-b6-b12-450-ml-rabenhorst\/#breadcrumb"},"inLanguage":"en-US","potentialAction":[{"@type":"ReadAction","target":["https:\/\/www.biopapa.lt\/en\/produktas\/fruit-and-herb-drink-with-fruits-and-vitamins-c-b1-b2-b6-b12-450-ml-rabenhorst\/"]}]},{"@type":"ImageObject","inLanguage":"en-US","@id":"https:\/\/www.biopapa.lt\/en\/produktas\/fruit-and-herb-drink-with-fruits-and-vitamins-c-b1-b2-b6-b12-450-ml-rabenhorst\/#primaryimage","url":"https:\/\/www.biopapa.lt\/wp-content\/uploads\/2023\/08\/Vaisiu-ir-zoleliu-gerimas-su-medumi-gelezimi-ir-vitaminais-C-B1-B2-B6-B12-450-ml-Rabenhorst.png","contentUrl":"https:\/\/www.biopapa.lt\/wp-content\/uploads\/2023\/08\/Vaisiu-ir-zoleliu-gerimas-su-medumi-gelezimi-ir-vitaminais-C-B1-B2-B6-B12-450-ml-Rabenhorst.png","width":800,"height":640},{"@type":"BreadcrumbList","@id":"https:\/\/www.biopapa.lt\/en\/produktas\/fruit-and-herb-drink-with-fruits-and-vitamins-c-b1-b2-b6-b12-450-ml-rabenhorst\/#breadcrumb","itemListElement":[{"@type":"ListItem","position":1,"name":"Home","item":"https:\/\/www.biopapa.lt\/en\/"},{"@type":"ListItem","position":2,"name":"Shop","item":"https:\/\/www.biopapa.lt\/en\/shop\/"},{"@type":"ListItem","position":3,"name":"Fruit and herbal drink with honey, iron and vitamins C, B1, B2, B6, B12, 450 ml, Rabenhorst"}]},{"@type":"WebSite","@id":"https:\/\/www.biopapa.lt\/#website","url":"https:\/\/www.biopapa.lt\/","name":"Biopapa","description":"\u0160var\u016bs ekologi\u0161ki produktai","publisher":{"@id":"https:\/\/www.biopapa.lt\/#organization"},"potentialAction":[{"@type":"SearchAction","target":{"@type":"EntryPoint","urlTemplate":"https:\/\/www.biopapa.lt\/?s={search_term_string}"},"query-input":{"@type":"PropertyValueSpecification","valueRequired":true,"valueName":"search_term_string"}}],"inLanguage":"en-US"},{"@type":"Organization","@id":"https:\/\/www.biopapa.lt\/#organization","name":"Biopapa","url":"https:\/\/www.biopapa.lt\/","logo":{"@type":"ImageObject","inLanguage":"en-US","@id":"https:\/\/www.biopapa.lt\/#\/schema\/logo\/image\/","url":"https:\/\/www.biopapa.lt\/wp-content\/uploads\/2022\/04\/facebook_biopapa.jpg","contentUrl":"https:\/\/www.biopapa.lt\/wp-content\/uploads\/2022\/04\/facebook_biopapa.jpg","width":1733,"height":907,"caption":"Biopapa"},"image":{"@id":"https:\/\/www.biopapa.lt\/#\/schema\/logo\/image\/"},"sameAs":["https:\/\/www.facebook.com\/biopapa.lt"]}]}},"_links":{"self":[{"href":"https:\/\/www.biopapa.lt\/en\/wp-json\/wp\/v2\/product\/36176","targetHints":{"allow":["GET"]}}],"collection":[{"href":"https:\/\/www.biopapa.lt\/en\/wp-json\/wp\/v2\/product"}],"about":[{"href":"https:\/\/www.biopapa.lt\/en\/wp-json\/wp\/v2\/types\/product"}],"wp:featuredmedia":[{"embeddable":true,"href":"https:\/\/www.biopapa.lt\/en\/wp-json\/wp\/v2\/media\/131752"}],"wp:attachment":[{"href":"https:\/\/www.biopapa.lt\/en\/wp-json\/wp\/v2\/media?parent=36176"}],"wp:term":[{"taxonomy":"product_brand","embeddable":true,"href":"https:\/\/www.biopapa.lt\/en\/wp-json\/wp\/v2\/product_brand?post=36176"},{"taxonomy":"product_cat","embeddable":true,"href":"https:\/\/www.biopapa.lt\/en\/wp-json\/wp\/v2\/product_cat?post=36176"},{"taxonomy":"product_tag","embeddable":true,"href":"https:\/\/www.biopapa.lt\/en\/wp-json\/wp\/v2\/product_tag?post=36176"}],"curies":[{"name":"wp","href":"https:\/\/api.w.org\/{rel}","templated":true}]}}