{"id":36116,"date":"2023-03-21T08:17:32","date_gmt":"2023-03-21T06:17:32","guid":{"rendered":"https:\/\/www.biopapa.lt\/produktas\/organic-dark-chocolate-70-with-pecans-50-g-cocoa\/"},"modified":"2023-10-20T14:41:52","modified_gmt":"2023-10-20T11:41:52","slug":"organic-black-chocolate-70-with-baked-nuts-50-g-cocoa","status":"publish","type":"product","link":"https:\/\/www.biopapa.lt\/en\/produktas\/organic-black-chocolate-70-with-baked-nuts-50-g-cocoa\/","title":{"rendered":"Organic dark chocolate 70% with pecans, 50 g, COCOA"},"content":{"rendered":"<p><strong>Organic<\/strong> dark chocolate 70% with pecans <strong>is a healthy and delicious alternative to traditional dark chocolate.<\/strong> It uses two of the finest unroasted cocoa beans, one of which is the extremely rare Criollo variety, and superfoods. This chocolate is tempered and meets the highest standards for real chocolate.<br \/>\nThe chocolate is made using the highest quality natural ingredients from certified organic farms.<br \/>\n<strong>Lactose-free, gluten-free, soy-free and refined sugar-free<\/strong>, it is suitable for vegans, athletes and people who enjoy a healthy lifestyle. Cocoa chocolates are good for people who want to maintain their figure, beauty and youth.<br \/>\n<strong>Raw 70% Black Chocolate with pecans. This chocolate is flavored with pecan halves, whose rich flavour gives it a distinctive taste, and ground hazelnuts add subtle flavour notes. With a cocoa content of at least 70%, it is an alternative to real, classic, gourmet chocolate.<\/strong><\/p>\n<p>PL-EKO-09<\/p>\n","protected":false},"excerpt":{"rendered":"<p>Organic dark chocolate 70% with pecans is a healthy and delicious alternative to traditional dark chocolate. It uses two of<\/p>\n","protected":false},"featured_media":52703,"template":"","meta":{"_acf_changed":false},"product_brand":[],"product_cat":[2012],"product_tag":[2078,2088],"class_list":{"0":"post-36116","1":"product","2":"type-product","3":"status-publish","4":"has-post-thumbnail","6":"product_cat-sweets","7":"product_tag-a-source-of-fiber","8":"product_tag-vegan","10":"first","11":"instock","12":"shipping-taxable","13":"purchasable","14":"product-type-simple"},"acf":[],"yoast_head":"<!-- This site is optimized with the Yoast SEO plugin v27.5 - https:\/\/yoast.com\/product\/yoast-seo-wordpress\/ -->\n<title>Organic dark chocolate 70% with pecans, 50 g, COCOA - Biopapa<\/title>\n<meta name=\"description\" content=\"Organic dark chocolate 70% with pecans is a healthy and delicious alternative to traditional dark chocolate.\" \/>\n<meta name=\"robots\" content=\"index, follow, max-snippet:-1, max-image-preview:large, max-video-preview:-1\" \/>\n<link rel=\"canonical\" href=\"https:\/\/www.biopapa.lt\/en\/produktas\/organic-black-chocolate-70-with-baked-nuts-50-g-cocoa\/\" \/>\n<meta property=\"og:locale\" content=\"en_US\" \/>\n<meta property=\"og:type\" content=\"article\" \/>\n<meta property=\"og:title\" content=\"Organic dark chocolate 70% with pecans, 50 g, COCOA - Biopapa\" \/>\n<meta property=\"og:description\" content=\"Organic dark chocolate 70% with pecans is a healthy and delicious alternative to traditional dark chocolate.\" \/>\n<meta property=\"og:url\" content=\"https:\/\/www.biopapa.lt\/en\/produktas\/organic-black-chocolate-70-with-baked-nuts-50-g-cocoa\/\" \/>\n<meta property=\"og:site_name\" content=\"Biopapa\" \/>\n<meta property=\"article:publisher\" content=\"https:\/\/www.facebook.com\/biopapa.lt\" \/>\n<meta property=\"article:modified_time\" content=\"2023-10-20T11:41:52+00:00\" \/>\n<meta property=\"og:image\" content=\"https:\/\/www.biopapa.lt\/wp-content\/uploads\/2023\/03\/Ekologiskas-juodasis-sokoladas-su-riesutais-.jpg\" \/>\n\t<meta property=\"og:image:width\" content=\"800\" \/>\n\t<meta property=\"og:image:height\" content=\"640\" \/>\n\t<meta property=\"og:image:type\" content=\"image\/jpeg\" \/>\n<meta name=\"twitter:card\" content=\"summary_large_image\" \/>\n<script type=\"application\/ld+json\" class=\"yoast-schema-graph\">{\"@context\":\"https:\\\/\\\/schema.org\",\"@graph\":[{\"@type\":\"WebPage\",\"@id\":\"https:\\\/\\\/www.biopapa.lt\\\/en\\\/produktas\\\/organic-black-chocolate-70-with-baked-nuts-50-g-cocoa\\\/\",\"url\":\"https:\\\/\\\/www.biopapa.lt\\\/en\\\/produktas\\\/organic-black-chocolate-70-with-baked-nuts-50-g-cocoa\\\/\",\"name\":\"Organic dark chocolate 70% with pecans, 50 g, COCOA - Biopapa\",\"isPartOf\":{\"@id\":\"https:\\\/\\\/www.biopapa.lt\\\/#website\"},\"primaryImageOfPage\":{\"@id\":\"https:\\\/\\\/www.biopapa.lt\\\/en\\\/produktas\\\/organic-black-chocolate-70-with-baked-nuts-50-g-cocoa\\\/#primaryimage\"},\"image\":{\"@id\":\"https:\\\/\\\/www.biopapa.lt\\\/en\\\/produktas\\\/organic-black-chocolate-70-with-baked-nuts-50-g-cocoa\\\/#primaryimage\"},\"thumbnailUrl\":\"https:\\\/\\\/www.biopapa.lt\\\/wp-content\\\/uploads\\\/2023\\\/03\\\/Ekologiskas-juodasis-sokoladas-su-riesutais-.jpg\",\"datePublished\":\"2023-03-21T06:17:32+00:00\",\"dateModified\":\"2023-10-20T11:41:52+00:00\",\"description\":\"Organic dark chocolate 70% with pecans is a healthy and delicious alternative to traditional dark chocolate.\",\"breadcrumb\":{\"@id\":\"https:\\\/\\\/www.biopapa.lt\\\/en\\\/produktas\\\/organic-black-chocolate-70-with-baked-nuts-50-g-cocoa\\\/#breadcrumb\"},\"inLanguage\":\"en-US\",\"potentialAction\":[{\"@type\":\"ReadAction\",\"target\":[\"https:\\\/\\\/www.biopapa.lt\\\/en\\\/produktas\\\/organic-black-chocolate-70-with-baked-nuts-50-g-cocoa\\\/\"]}]},{\"@type\":\"ImageObject\",\"inLanguage\":\"en-US\",\"@id\":\"https:\\\/\\\/www.biopapa.lt\\\/en\\\/produktas\\\/organic-black-chocolate-70-with-baked-nuts-50-g-cocoa\\\/#primaryimage\",\"url\":\"https:\\\/\\\/www.biopapa.lt\\\/wp-content\\\/uploads\\\/2023\\\/03\\\/Ekologiskas-juodasis-sokoladas-su-riesutais-.jpg\",\"contentUrl\":\"https:\\\/\\\/www.biopapa.lt\\\/wp-content\\\/uploads\\\/2023\\\/03\\\/Ekologiskas-juodasis-sokoladas-su-riesutais-.jpg\",\"width\":800,\"height\":640},{\"@type\":\"BreadcrumbList\",\"@id\":\"https:\\\/\\\/www.biopapa.lt\\\/en\\\/produktas\\\/organic-black-chocolate-70-with-baked-nuts-50-g-cocoa\\\/#breadcrumb\",\"itemListElement\":[{\"@type\":\"ListItem\",\"position\":1,\"name\":\"Home\",\"item\":\"https:\\\/\\\/www.biopapa.lt\\\/en\\\/\"},{\"@type\":\"ListItem\",\"position\":2,\"name\":\"Shop\",\"item\":\"https:\\\/\\\/www.biopapa.lt\\\/en\\\/shop\\\/\"},{\"@type\":\"ListItem\",\"position\":3,\"name\":\"Organic dark chocolate 70% with pecans, 50 g, COCOA\"}]},{\"@type\":\"WebSite\",\"@id\":\"https:\\\/\\\/www.biopapa.lt\\\/#website\",\"url\":\"https:\\\/\\\/www.biopapa.lt\\\/\",\"name\":\"Biopapa\",\"description\":\"\u0160var\u016bs ekologi\u0161ki produktai\",\"publisher\":{\"@id\":\"https:\\\/\\\/www.biopapa.lt\\\/#organization\"},\"potentialAction\":[{\"@type\":\"SearchAction\",\"target\":{\"@type\":\"EntryPoint\",\"urlTemplate\":\"https:\\\/\\\/www.biopapa.lt\\\/?s={search_term_string}\"},\"query-input\":{\"@type\":\"PropertyValueSpecification\",\"valueRequired\":true,\"valueName\":\"search_term_string\"}}],\"inLanguage\":\"en-US\"},{\"@type\":\"Organization\",\"@id\":\"https:\\\/\\\/www.biopapa.lt\\\/#organization\",\"name\":\"Biopapa\",\"url\":\"https:\\\/\\\/www.biopapa.lt\\\/\",\"logo\":{\"@type\":\"ImageObject\",\"inLanguage\":\"en-US\",\"@id\":\"https:\\\/\\\/www.biopapa.lt\\\/#\\\/schema\\\/logo\\\/image\\\/\",\"url\":\"https:\\\/\\\/www.biopapa.lt\\\/wp-content\\\/uploads\\\/2022\\\/04\\\/facebook_biopapa.jpg\",\"contentUrl\":\"https:\\\/\\\/www.biopapa.lt\\\/wp-content\\\/uploads\\\/2022\\\/04\\\/facebook_biopapa.jpg\",\"width\":1733,\"height\":907,\"caption\":\"Biopapa\"},\"image\":{\"@id\":\"https:\\\/\\\/www.biopapa.lt\\\/#\\\/schema\\\/logo\\\/image\\\/\"},\"sameAs\":[\"https:\\\/\\\/www.facebook.com\\\/biopapa.lt\"]}]}<\/script>\n<!-- \/ Yoast SEO plugin. -->","yoast_head_json":{"title":"Organic dark chocolate 70% with pecans, 50 g, COCOA - Biopapa","description":"Organic dark chocolate 70% with pecans is a healthy and delicious alternative to traditional dark chocolate.","robots":{"index":"index","follow":"follow","max-snippet":"max-snippet:-1","max-image-preview":"max-image-preview:large","max-video-preview":"max-video-preview:-1"},"canonical":"https:\/\/www.biopapa.lt\/en\/produktas\/organic-black-chocolate-70-with-baked-nuts-50-g-cocoa\/","og_locale":"en_US","og_type":"article","og_title":"Organic dark chocolate 70% with pecans, 50 g, COCOA - Biopapa","og_description":"Organic dark chocolate 70% with pecans is a healthy and delicious alternative to traditional dark chocolate.","og_url":"https:\/\/www.biopapa.lt\/en\/produktas\/organic-black-chocolate-70-with-baked-nuts-50-g-cocoa\/","og_site_name":"Biopapa","article_publisher":"https:\/\/www.facebook.com\/biopapa.lt","article_modified_time":"2023-10-20T11:41:52+00:00","og_image":[{"width":800,"height":640,"url":"https:\/\/www.biopapa.lt\/wp-content\/uploads\/2023\/03\/Ekologiskas-juodasis-sokoladas-su-riesutais-.jpg","type":"image\/jpeg"}],"twitter_card":"summary_large_image","schema":{"@context":"https:\/\/schema.org","@graph":[{"@type":"WebPage","@id":"https:\/\/www.biopapa.lt\/en\/produktas\/organic-black-chocolate-70-with-baked-nuts-50-g-cocoa\/","url":"https:\/\/www.biopapa.lt\/en\/produktas\/organic-black-chocolate-70-with-baked-nuts-50-g-cocoa\/","name":"Organic dark chocolate 70% with pecans, 50 g, COCOA - Biopapa","isPartOf":{"@id":"https:\/\/www.biopapa.lt\/#website"},"primaryImageOfPage":{"@id":"https:\/\/www.biopapa.lt\/en\/produktas\/organic-black-chocolate-70-with-baked-nuts-50-g-cocoa\/#primaryimage"},"image":{"@id":"https:\/\/www.biopapa.lt\/en\/produktas\/organic-black-chocolate-70-with-baked-nuts-50-g-cocoa\/#primaryimage"},"thumbnailUrl":"https:\/\/www.biopapa.lt\/wp-content\/uploads\/2023\/03\/Ekologiskas-juodasis-sokoladas-su-riesutais-.jpg","datePublished":"2023-03-21T06:17:32+00:00","dateModified":"2023-10-20T11:41:52+00:00","description":"Organic dark chocolate 70% with pecans is a healthy and delicious alternative to traditional dark chocolate.","breadcrumb":{"@id":"https:\/\/www.biopapa.lt\/en\/produktas\/organic-black-chocolate-70-with-baked-nuts-50-g-cocoa\/#breadcrumb"},"inLanguage":"en-US","potentialAction":[{"@type":"ReadAction","target":["https:\/\/www.biopapa.lt\/en\/produktas\/organic-black-chocolate-70-with-baked-nuts-50-g-cocoa\/"]}]},{"@type":"ImageObject","inLanguage":"en-US","@id":"https:\/\/www.biopapa.lt\/en\/produktas\/organic-black-chocolate-70-with-baked-nuts-50-g-cocoa\/#primaryimage","url":"https:\/\/www.biopapa.lt\/wp-content\/uploads\/2023\/03\/Ekologiskas-juodasis-sokoladas-su-riesutais-.jpg","contentUrl":"https:\/\/www.biopapa.lt\/wp-content\/uploads\/2023\/03\/Ekologiskas-juodasis-sokoladas-su-riesutais-.jpg","width":800,"height":640},{"@type":"BreadcrumbList","@id":"https:\/\/www.biopapa.lt\/en\/produktas\/organic-black-chocolate-70-with-baked-nuts-50-g-cocoa\/#breadcrumb","itemListElement":[{"@type":"ListItem","position":1,"name":"Home","item":"https:\/\/www.biopapa.lt\/en\/"},{"@type":"ListItem","position":2,"name":"Shop","item":"https:\/\/www.biopapa.lt\/en\/shop\/"},{"@type":"ListItem","position":3,"name":"Organic dark chocolate 70% with pecans, 50 g, COCOA"}]},{"@type":"WebSite","@id":"https:\/\/www.biopapa.lt\/#website","url":"https:\/\/www.biopapa.lt\/","name":"Biopapa","description":"\u0160var\u016bs ekologi\u0161ki produktai","publisher":{"@id":"https:\/\/www.biopapa.lt\/#organization"},"potentialAction":[{"@type":"SearchAction","target":{"@type":"EntryPoint","urlTemplate":"https:\/\/www.biopapa.lt\/?s={search_term_string}"},"query-input":{"@type":"PropertyValueSpecification","valueRequired":true,"valueName":"search_term_string"}}],"inLanguage":"en-US"},{"@type":"Organization","@id":"https:\/\/www.biopapa.lt\/#organization","name":"Biopapa","url":"https:\/\/www.biopapa.lt\/","logo":{"@type":"ImageObject","inLanguage":"en-US","@id":"https:\/\/www.biopapa.lt\/#\/schema\/logo\/image\/","url":"https:\/\/www.biopapa.lt\/wp-content\/uploads\/2022\/04\/facebook_biopapa.jpg","contentUrl":"https:\/\/www.biopapa.lt\/wp-content\/uploads\/2022\/04\/facebook_biopapa.jpg","width":1733,"height":907,"caption":"Biopapa"},"image":{"@id":"https:\/\/www.biopapa.lt\/#\/schema\/logo\/image\/"},"sameAs":["https:\/\/www.facebook.com\/biopapa.lt"]}]}},"_links":{"self":[{"href":"https:\/\/www.biopapa.lt\/en\/wp-json\/wp\/v2\/product\/36116","targetHints":{"allow":["GET"]}}],"collection":[{"href":"https:\/\/www.biopapa.lt\/en\/wp-json\/wp\/v2\/product"}],"about":[{"href":"https:\/\/www.biopapa.lt\/en\/wp-json\/wp\/v2\/types\/product"}],"wp:featuredmedia":[{"embeddable":true,"href":"https:\/\/www.biopapa.lt\/en\/wp-json\/wp\/v2\/media\/52703"}],"wp:attachment":[{"href":"https:\/\/www.biopapa.lt\/en\/wp-json\/wp\/v2\/media?parent=36116"}],"wp:term":[{"taxonomy":"product_brand","embeddable":true,"href":"https:\/\/www.biopapa.lt\/en\/wp-json\/wp\/v2\/product_brand?post=36116"},{"taxonomy":"product_cat","embeddable":true,"href":"https:\/\/www.biopapa.lt\/en\/wp-json\/wp\/v2\/product_cat?post=36116"},{"taxonomy":"product_tag","embeddable":true,"href":"https:\/\/www.biopapa.lt\/en\/wp-json\/wp\/v2\/product_tag?post=36116"}],"curies":[{"name":"wp","href":"https:\/\/api.w.org\/{rel}","templated":true}]}}