{"id":36099,"date":"2021-07-28T21:18:22","date_gmt":"2021-07-28T18:18:22","guid":{"rendered":"https:\/\/www.biopapa.lt\/produktas\/organic-extra-virgin-olive-oil-750-ml\/"},"modified":"2023-10-26T09:53:20","modified_gmt":"2023-10-26T06:53:20","slug":"organic-cold-pressed-olive-oil-750-ml","status":"publish","type":"product","link":"https:\/\/www.biopapa.lt\/en\/produktas\/organic-cold-pressed-olive-oil-750-ml\/","title":{"rendered":"Organic extra virgin olive oil 750 ml"},"content":{"rendered":"<p class=\"p1\"><span class=\"s1\"><b>Bionaturalis<\/b> extra virgin olive oil, extra<i>virgin<\/i>, cold-pressed <b>, organic <\/b>. The oil is unique for its delicate aroma and subtle fruity flavour. Retaining its natural properties, <b>Bionaturalis<\/b> olive oil is not only of impeccable quality, but is also extremely tasty. Organic olive oil <b>Bionaturalis<\/b> &#8211; low acidity. This indicator indicates the quality of the oil (see the &#8216;<i>Energy and nutritional value<\/i>&#8216; section for the acidity of the oil).<\/span><\/p>\n<p class=\"p1\"><span class=\"s1\">A drop of olive oil with a perfect flavour will make a great addition to your salads. It will also go well with your favorite bread, spread or other favorite dishes. Suitable for baking and cooking. However, to preserve all the valuable nutritional properties of this oil, it is best used unheated, on salads, in soups, porridges and other ready-made foods.<\/span><\/p>\n<p><em>Biopapa recommends<\/em>: mix 3 tablespoons of olive oil with a squeeze of organic lemon juice, a pinch of salt, organic parsley, a small amount of dried or fresh organic garlic and use as a dressing for salads, fresh bread, pizza or pasta.<\/p>\n","protected":false},"excerpt":{"rendered":"<p>Bionaturalis extra virgin olive oil, extravirgin, cold-pressed , organic . The oil is unique for its delicate aroma and subtle<\/p>\n","protected":false},"featured_media":185852,"template":"","meta":{"_acf_changed":false},"product_brand":[],"product_cat":[2678,1952,1840],"product_tag":[2056,2092,2088],"class_list":{"0":"post-36099","1":"product","2":"type-product","3":"status-publish","4":"has-post-thumbnail","6":"product_cat-italian-cuisine","7":"product_cat-oil","8":"product_cat-oil-vinegar-and-sauces","9":"product_tag-keto-diet","10":"product_tag-raw-diet","11":"product_tag-vegan","13":"first","14":"instock","15":"shipping-taxable","16":"purchasable","17":"product-type-simple"},"acf":[],"yoast_head":"<!-- This site is optimized with the Yoast SEO plugin v27.5 - https:\/\/yoast.com\/product\/yoast-seo-wordpress\/ -->\n<title>Organic extra virgin olive oil 750 ml - Biopapa<\/title>\n<meta name=\"robots\" content=\"index, follow, max-snippet:-1, max-image-preview:large, max-video-preview:-1\" \/>\n<link rel=\"canonical\" href=\"https:\/\/www.biopapa.lt\/en\/product\/organic-cold-pressed-olive-oil-750-ml\/\" \/>\n<meta property=\"og:locale\" content=\"en_US\" \/>\n<meta property=\"og:type\" content=\"article\" \/>\n<meta property=\"og:title\" content=\"Organic extra virgin olive oil 750 ml - Biopapa\" \/>\n<meta property=\"og:description\" content=\"Bionaturalis extra virgin olive oil, extravirgin, cold-pressed , organic . The oil is unique for its delicate aroma and subtle\" \/>\n<meta property=\"og:url\" content=\"https:\/\/www.biopapa.lt\/en\/product\/organic-cold-pressed-olive-oil-750-ml\/\" \/>\n<meta property=\"og:site_name\" content=\"Biopapa\" \/>\n<meta property=\"article:publisher\" content=\"https:\/\/www.facebook.com\/biopapa.lt\" \/>\n<meta property=\"article:modified_time\" content=\"2023-10-26T06:53:20+00:00\" \/>\n<meta property=\"og:image\" content=\"https:\/\/www.biopapa.lt\/wp-content\/uploads\/2021\/07\/Bionaturalis-avyvuogiu-aliejus.png\" \/>\n\t<meta property=\"og:image:width\" content=\"800\" \/>\n\t<meta property=\"og:image:height\" content=\"640\" \/>\n\t<meta property=\"og:image:type\" content=\"image\/png\" \/>\n<meta name=\"twitter:card\" content=\"summary_large_image\" \/>\n<script type=\"application\/ld+json\" class=\"yoast-schema-graph\">{\"@context\":\"https:\\\/\\\/schema.org\",\"@graph\":[{\"@type\":\"WebPage\",\"@id\":\"https:\\\/\\\/www.biopapa.lt\\\/en\\\/product\\\/organic-cold-pressed-olive-oil-750-ml\\\/\",\"url\":\"https:\\\/\\\/www.biopapa.lt\\\/en\\\/product\\\/organic-cold-pressed-olive-oil-750-ml\\\/\",\"name\":\"Organic extra virgin olive oil 750 ml - Biopapa\",\"isPartOf\":{\"@id\":\"https:\\\/\\\/www.biopapa.lt\\\/#website\"},\"primaryImageOfPage\":{\"@id\":\"https:\\\/\\\/www.biopapa.lt\\\/en\\\/product\\\/organic-cold-pressed-olive-oil-750-ml\\\/#primaryimage\"},\"image\":{\"@id\":\"https:\\\/\\\/www.biopapa.lt\\\/en\\\/product\\\/organic-cold-pressed-olive-oil-750-ml\\\/#primaryimage\"},\"thumbnailUrl\":\"https:\\\/\\\/www.biopapa.lt\\\/wp-content\\\/uploads\\\/2021\\\/07\\\/Ekologiskas-salto-spaudimo-alyvuogiu-aliejus-750-ml-BIONATURALIS.jpg\",\"datePublished\":\"2021-07-28T18:18:22+00:00\",\"dateModified\":\"2023-10-26T06:53:20+00:00\",\"breadcrumb\":{\"@id\":\"https:\\\/\\\/www.biopapa.lt\\\/en\\\/product\\\/organic-cold-pressed-olive-oil-750-ml\\\/#breadcrumb\"},\"inLanguage\":\"en-US\",\"potentialAction\":[{\"@type\":\"ReadAction\",\"target\":[\"https:\\\/\\\/www.biopapa.lt\\\/en\\\/product\\\/organic-cold-pressed-olive-oil-750-ml\\\/\"]}]},{\"@type\":\"ImageObject\",\"inLanguage\":\"en-US\",\"@id\":\"https:\\\/\\\/www.biopapa.lt\\\/en\\\/product\\\/organic-cold-pressed-olive-oil-750-ml\\\/#primaryimage\",\"url\":\"https:\\\/\\\/www.biopapa.lt\\\/wp-content\\\/uploads\\\/2021\\\/07\\\/Ekologiskas-salto-spaudimo-alyvuogiu-aliejus-750-ml-BIONATURALIS.jpg\",\"contentUrl\":\"https:\\\/\\\/www.biopapa.lt\\\/wp-content\\\/uploads\\\/2021\\\/07\\\/Ekologiskas-salto-spaudimo-alyvuogiu-aliejus-750-ml-BIONATURALIS.jpg\",\"width\":800,\"height\":640},{\"@type\":\"BreadcrumbList\",\"@id\":\"https:\\\/\\\/www.biopapa.lt\\\/en\\\/product\\\/organic-cold-pressed-olive-oil-750-ml\\\/#breadcrumb\",\"itemListElement\":[{\"@type\":\"ListItem\",\"position\":1,\"name\":\"Home\",\"item\":\"https:\\\/\\\/www.biopapa.lt\\\/en\\\/\"},{\"@type\":\"ListItem\",\"position\":2,\"name\":\"Shop\",\"item\":\"https:\\\/\\\/www.biopapa.lt\\\/en\\\/shop\\\/\"},{\"@type\":\"ListItem\",\"position\":3,\"name\":\"Organic extra virgin olive oil 750 ml\"}]},{\"@type\":\"WebSite\",\"@id\":\"https:\\\/\\\/www.biopapa.lt\\\/#website\",\"url\":\"https:\\\/\\\/www.biopapa.lt\\\/\",\"name\":\"Biopapa\",\"description\":\"\u0160var\u016bs ekologi\u0161ki produktai\",\"publisher\":{\"@id\":\"https:\\\/\\\/www.biopapa.lt\\\/#organization\"},\"potentialAction\":[{\"@type\":\"SearchAction\",\"target\":{\"@type\":\"EntryPoint\",\"urlTemplate\":\"https:\\\/\\\/www.biopapa.lt\\\/?s={search_term_string}\"},\"query-input\":{\"@type\":\"PropertyValueSpecification\",\"valueRequired\":true,\"valueName\":\"search_term_string\"}}],\"inLanguage\":\"en-US\"},{\"@type\":\"Organization\",\"@id\":\"https:\\\/\\\/www.biopapa.lt\\\/#organization\",\"name\":\"Biopapa\",\"url\":\"https:\\\/\\\/www.biopapa.lt\\\/\",\"logo\":{\"@type\":\"ImageObject\",\"inLanguage\":\"en-US\",\"@id\":\"https:\\\/\\\/www.biopapa.lt\\\/#\\\/schema\\\/logo\\\/image\\\/\",\"url\":\"https:\\\/\\\/www.biopapa.lt\\\/wp-content\\\/uploads\\\/2022\\\/04\\\/facebook_biopapa.jpg\",\"contentUrl\":\"https:\\\/\\\/www.biopapa.lt\\\/wp-content\\\/uploads\\\/2022\\\/04\\\/facebook_biopapa.jpg\",\"width\":1733,\"height\":907,\"caption\":\"Biopapa\"},\"image\":{\"@id\":\"https:\\\/\\\/www.biopapa.lt\\\/#\\\/schema\\\/logo\\\/image\\\/\"},\"sameAs\":[\"https:\\\/\\\/www.facebook.com\\\/biopapa.lt\"]}]}<\/script>\n<!-- \/ Yoast SEO plugin. -->","yoast_head_json":{"title":"Organic extra virgin olive oil 750 ml - Biopapa","robots":{"index":"index","follow":"follow","max-snippet":"max-snippet:-1","max-image-preview":"max-image-preview:large","max-video-preview":"max-video-preview:-1"},"canonical":"https:\/\/www.biopapa.lt\/en\/product\/organic-cold-pressed-olive-oil-750-ml\/","og_locale":"en_US","og_type":"article","og_title":"Organic extra virgin olive oil 750 ml - Biopapa","og_description":"Bionaturalis extra virgin olive oil, extravirgin, cold-pressed , organic . The oil is unique for its delicate aroma and subtle","og_url":"https:\/\/www.biopapa.lt\/en\/product\/organic-cold-pressed-olive-oil-750-ml\/","og_site_name":"Biopapa","article_publisher":"https:\/\/www.facebook.com\/biopapa.lt","article_modified_time":"2023-10-26T06:53:20+00:00","og_image":[{"width":800,"height":640,"url":"https:\/\/www.biopapa.lt\/wp-content\/uploads\/2021\/07\/Bionaturalis-avyvuogiu-aliejus.png","type":"image\/png"}],"twitter_card":"summary_large_image","schema":{"@context":"https:\/\/schema.org","@graph":[{"@type":"WebPage","@id":"https:\/\/www.biopapa.lt\/en\/product\/organic-cold-pressed-olive-oil-750-ml\/","url":"https:\/\/www.biopapa.lt\/en\/product\/organic-cold-pressed-olive-oil-750-ml\/","name":"Organic extra virgin olive oil 750 ml - Biopapa","isPartOf":{"@id":"https:\/\/www.biopapa.lt\/#website"},"primaryImageOfPage":{"@id":"https:\/\/www.biopapa.lt\/en\/product\/organic-cold-pressed-olive-oil-750-ml\/#primaryimage"},"image":{"@id":"https:\/\/www.biopapa.lt\/en\/product\/organic-cold-pressed-olive-oil-750-ml\/#primaryimage"},"thumbnailUrl":"https:\/\/www.biopapa.lt\/wp-content\/uploads\/2021\/07\/Ekologiskas-salto-spaudimo-alyvuogiu-aliejus-750-ml-BIONATURALIS.jpg","datePublished":"2021-07-28T18:18:22+00:00","dateModified":"2023-10-26T06:53:20+00:00","breadcrumb":{"@id":"https:\/\/www.biopapa.lt\/en\/product\/organic-cold-pressed-olive-oil-750-ml\/#breadcrumb"},"inLanguage":"en-US","potentialAction":[{"@type":"ReadAction","target":["https:\/\/www.biopapa.lt\/en\/product\/organic-cold-pressed-olive-oil-750-ml\/"]}]},{"@type":"ImageObject","inLanguage":"en-US","@id":"https:\/\/www.biopapa.lt\/en\/product\/organic-cold-pressed-olive-oil-750-ml\/#primaryimage","url":"https:\/\/www.biopapa.lt\/wp-content\/uploads\/2021\/07\/Ekologiskas-salto-spaudimo-alyvuogiu-aliejus-750-ml-BIONATURALIS.jpg","contentUrl":"https:\/\/www.biopapa.lt\/wp-content\/uploads\/2021\/07\/Ekologiskas-salto-spaudimo-alyvuogiu-aliejus-750-ml-BIONATURALIS.jpg","width":800,"height":640},{"@type":"BreadcrumbList","@id":"https:\/\/www.biopapa.lt\/en\/product\/organic-cold-pressed-olive-oil-750-ml\/#breadcrumb","itemListElement":[{"@type":"ListItem","position":1,"name":"Home","item":"https:\/\/www.biopapa.lt\/en\/"},{"@type":"ListItem","position":2,"name":"Shop","item":"https:\/\/www.biopapa.lt\/en\/shop\/"},{"@type":"ListItem","position":3,"name":"Organic extra virgin olive oil 750 ml"}]},{"@type":"WebSite","@id":"https:\/\/www.biopapa.lt\/#website","url":"https:\/\/www.biopapa.lt\/","name":"Biopapa","description":"\u0160var\u016bs ekologi\u0161ki produktai","publisher":{"@id":"https:\/\/www.biopapa.lt\/#organization"},"potentialAction":[{"@type":"SearchAction","target":{"@type":"EntryPoint","urlTemplate":"https:\/\/www.biopapa.lt\/?s={search_term_string}"},"query-input":{"@type":"PropertyValueSpecification","valueRequired":true,"valueName":"search_term_string"}}],"inLanguage":"en-US"},{"@type":"Organization","@id":"https:\/\/www.biopapa.lt\/#organization","name":"Biopapa","url":"https:\/\/www.biopapa.lt\/","logo":{"@type":"ImageObject","inLanguage":"en-US","@id":"https:\/\/www.biopapa.lt\/#\/schema\/logo\/image\/","url":"https:\/\/www.biopapa.lt\/wp-content\/uploads\/2022\/04\/facebook_biopapa.jpg","contentUrl":"https:\/\/www.biopapa.lt\/wp-content\/uploads\/2022\/04\/facebook_biopapa.jpg","width":1733,"height":907,"caption":"Biopapa"},"image":{"@id":"https:\/\/www.biopapa.lt\/#\/schema\/logo\/image\/"},"sameAs":["https:\/\/www.facebook.com\/biopapa.lt"]}]}},"_links":{"self":[{"href":"https:\/\/www.biopapa.lt\/en\/wp-json\/wp\/v2\/product\/36099","targetHints":{"allow":["GET"]}}],"collection":[{"href":"https:\/\/www.biopapa.lt\/en\/wp-json\/wp\/v2\/product"}],"about":[{"href":"https:\/\/www.biopapa.lt\/en\/wp-json\/wp\/v2\/types\/product"}],"wp:featuredmedia":[{"embeddable":true,"href":"https:\/\/www.biopapa.lt\/en\/wp-json\/wp\/v2\/media\/185852"}],"wp:attachment":[{"href":"https:\/\/www.biopapa.lt\/en\/wp-json\/wp\/v2\/media?parent=36099"}],"wp:term":[{"taxonomy":"product_brand","embeddable":true,"href":"https:\/\/www.biopapa.lt\/en\/wp-json\/wp\/v2\/product_brand?post=36099"},{"taxonomy":"product_cat","embeddable":true,"href":"https:\/\/www.biopapa.lt\/en\/wp-json\/wp\/v2\/product_cat?post=36099"},{"taxonomy":"product_tag","embeddable":true,"href":"https:\/\/www.biopapa.lt\/en\/wp-json\/wp\/v2\/product_tag?post=36099"}],"curies":[{"name":"wp","href":"https:\/\/api.w.org\/{rel}","templated":true}]}}