{"id":36098,"date":"2021-07-28T21:19:47","date_gmt":"2021-07-28T18:19:47","guid":{"rendered":"https:\/\/www.biopapa.lt\/produktas\/organic-cold-pressed-avocado-oil-250-ml\/"},"modified":"2026-02-13T09:13:56","modified_gmt":"2026-02-13T07:13:56","slug":"organic-cold-pressing-avocado-oil-250-ml","status":"publish","type":"product","link":"https:\/\/www.biopapa.lt\/en\/produktas\/organic-cold-pressing-avocado-oil-250-ml\/","title":{"rendered":"Organic avocado oil, cold pressed, Keto, 250 ml"},"content":{"rendered":"<div class=\"flex flex-row items-center justify-start flex-nowrap mb-7\">The oil is made from carefully selected, top-quality raw materials from certified organic farms. The oil is extracted from the flesh of ripe avocados by cold-pressing, which preserves all the fruit&#8217;s valuable properties. Avocado oil is a source of polyunsaturated fatty acids (EFAs). It has a delicate flavour, aroma and beautiful greenish colour.   <\/div>\n<div>Cold-pressed avocado oil is widely used in both culinary and skin care applications.<br \/>\nIn cooking, it is valued for its high burning point (around 271\u00b0C), which makes it suitable for frying, roasting and baking, and for its mild, buttery flavour. It can be added to salads, sauces, soups, porridges, soaked in freshly baked bread, or just take a teaspoon before a meal. Use cold as an accompaniment to salads, sauces, spreads and pastes.<\/div>\n<div>In skin care, cold-pressed avocado oil is valued for its moisturising and anti-inflammatory properties, helping to nourish dry or sensitive skin and promote healing.<\/div>\n<div>This makes it a popular choice for natural beauty care products.<\/div>\n<div><\/div>\n<div><em>NOTE. The information contained herein should not be construed as a recommendation for treatment or other health issues. <\/em><em>We encourage you to make personal decisions about your personal health, taking into account a wide range of sources of information.<\/em><\/div>\n","protected":false},"excerpt":{"rendered":"<p>The oil is made from carefully selected, top-quality raw materials from certified organic farms. The oil is extracted from the<\/p>\n","protected":false},"featured_media":61533,"template":"","meta":{"_acf_changed":false},"product_brand":[],"product_cat":[2678,1952,1840],"product_tag":[2759,2088],"class_list":{"0":"post-36098","1":"product","2":"type-product","3":"status-publish","4":"has-post-thumbnail","6":"product_cat-italian-cuisine","7":"product_cat-oil","8":"product_cat-oil-vinegar-and-sauces","9":"product_tag-keto-diet-3","10":"product_tag-vegan","12":"first","13":"instock","14":"shipping-taxable","15":"purchasable","16":"product-type-simple"},"acf":[],"yoast_head":"<!-- This site is optimized with the Yoast SEO plugin v27.5 - https:\/\/yoast.com\/product\/yoast-seo-wordpress\/ -->\n<title>Organic avocado oil, cold pressed, Keto, 250 ml - Biopapa<\/title>\n<meta name=\"description\" content=\"Cold-pressed avocado oil is widely used in both culinary and skin care applications.\" \/>\n<meta name=\"robots\" content=\"index, follow, max-snippet:-1, max-image-preview:large, max-video-preview:-1\" \/>\n<link rel=\"canonical\" href=\"https:\/\/www.biopapa.lt\/en\/produktas\/organic-cold-pressing-avocado-oil-250-ml\/\" \/>\n<meta property=\"og:locale\" content=\"en_US\" \/>\n<meta property=\"og:type\" content=\"article\" \/>\n<meta property=\"og:title\" content=\"Organic avocado oil, cold pressed, Keto, 250 ml - Biopapa\" \/>\n<meta property=\"og:description\" content=\"Cold-pressed avocado oil is widely used in both culinary and skin care applications.\" \/>\n<meta property=\"og:url\" content=\"https:\/\/www.biopapa.lt\/en\/produktas\/organic-cold-pressing-avocado-oil-250-ml\/\" \/>\n<meta property=\"og:site_name\" content=\"Biopapa\" \/>\n<meta property=\"article:publisher\" content=\"https:\/\/www.facebook.com\/biopapa.lt\" \/>\n<meta property=\"article:modified_time\" content=\"2026-02-13T07:13:56+00:00\" \/>\n<meta property=\"og:image\" content=\"https:\/\/www.biopapa.lt\/wp-content\/uploads\/2021\/07\/Ekologiskas-salto-spaudimo-avokadu-aliejus-250-ml-2.png\" \/>\n\t<meta property=\"og:image:width\" content=\"800\" \/>\n\t<meta property=\"og:image:height\" content=\"640\" \/>\n\t<meta property=\"og:image:type\" content=\"image\/png\" \/>\n<meta name=\"twitter:card\" content=\"summary_large_image\" \/>\n<script type=\"application\/ld+json\" class=\"yoast-schema-graph\">{\"@context\":\"https:\\\/\\\/schema.org\",\"@graph\":[{\"@type\":\"WebPage\",\"@id\":\"https:\\\/\\\/www.biopapa.lt\\\/en\\\/produktas\\\/organic-cold-pressing-avocado-oil-250-ml\\\/\",\"url\":\"https:\\\/\\\/www.biopapa.lt\\\/en\\\/produktas\\\/organic-cold-pressing-avocado-oil-250-ml\\\/\",\"name\":\"Organic avocado oil, cold pressed, Keto, 250 ml - Biopapa\",\"isPartOf\":{\"@id\":\"https:\\\/\\\/www.biopapa.lt\\\/#website\"},\"primaryImageOfPage\":{\"@id\":\"https:\\\/\\\/www.biopapa.lt\\\/en\\\/produktas\\\/organic-cold-pressing-avocado-oil-250-ml\\\/#primaryimage\"},\"image\":{\"@id\":\"https:\\\/\\\/www.biopapa.lt\\\/en\\\/produktas\\\/organic-cold-pressing-avocado-oil-250-ml\\\/#primaryimage\"},\"thumbnailUrl\":\"https:\\\/\\\/www.biopapa.lt\\\/wp-content\\\/uploads\\\/2021\\\/07\\\/Ekologiskas-salto-spaudimo-avokadu-aliejus-250-ml-2.png\",\"datePublished\":\"2021-07-28T18:19:47+00:00\",\"dateModified\":\"2026-02-13T07:13:56+00:00\",\"description\":\"Cold-pressed avocado oil is widely used in both culinary and skin care applications.\",\"breadcrumb\":{\"@id\":\"https:\\\/\\\/www.biopapa.lt\\\/en\\\/produktas\\\/organic-cold-pressing-avocado-oil-250-ml\\\/#breadcrumb\"},\"inLanguage\":\"en-US\",\"potentialAction\":[{\"@type\":\"ReadAction\",\"target\":[\"https:\\\/\\\/www.biopapa.lt\\\/en\\\/produktas\\\/organic-cold-pressing-avocado-oil-250-ml\\\/\"]}]},{\"@type\":\"ImageObject\",\"inLanguage\":\"en-US\",\"@id\":\"https:\\\/\\\/www.biopapa.lt\\\/en\\\/produktas\\\/organic-cold-pressing-avocado-oil-250-ml\\\/#primaryimage\",\"url\":\"https:\\\/\\\/www.biopapa.lt\\\/wp-content\\\/uploads\\\/2021\\\/07\\\/Ekologiskas-salto-spaudimo-avokadu-aliejus-250-ml-2.png\",\"contentUrl\":\"https:\\\/\\\/www.biopapa.lt\\\/wp-content\\\/uploads\\\/2021\\\/07\\\/Ekologiskas-salto-spaudimo-avokadu-aliejus-250-ml-2.png\",\"width\":800,\"height\":640},{\"@type\":\"BreadcrumbList\",\"@id\":\"https:\\\/\\\/www.biopapa.lt\\\/en\\\/produktas\\\/organic-cold-pressing-avocado-oil-250-ml\\\/#breadcrumb\",\"itemListElement\":[{\"@type\":\"ListItem\",\"position\":1,\"name\":\"Home\",\"item\":\"https:\\\/\\\/www.biopapa.lt\\\/en\\\/\"},{\"@type\":\"ListItem\",\"position\":2,\"name\":\"Shop\",\"item\":\"https:\\\/\\\/www.biopapa.lt\\\/en\\\/shop\\\/\"},{\"@type\":\"ListItem\",\"position\":3,\"name\":\"Organic avocado oil, cold pressed, Keto, 250 ml\"}]},{\"@type\":\"WebSite\",\"@id\":\"https:\\\/\\\/www.biopapa.lt\\\/#website\",\"url\":\"https:\\\/\\\/www.biopapa.lt\\\/\",\"name\":\"Biopapa\",\"description\":\"\u0160var\u016bs ekologi\u0161ki produktai\",\"publisher\":{\"@id\":\"https:\\\/\\\/www.biopapa.lt\\\/#organization\"},\"potentialAction\":[{\"@type\":\"SearchAction\",\"target\":{\"@type\":\"EntryPoint\",\"urlTemplate\":\"https:\\\/\\\/www.biopapa.lt\\\/?s={search_term_string}\"},\"query-input\":{\"@type\":\"PropertyValueSpecification\",\"valueRequired\":true,\"valueName\":\"search_term_string\"}}],\"inLanguage\":\"en-US\"},{\"@type\":\"Organization\",\"@id\":\"https:\\\/\\\/www.biopapa.lt\\\/#organization\",\"name\":\"Biopapa\",\"url\":\"https:\\\/\\\/www.biopapa.lt\\\/\",\"logo\":{\"@type\":\"ImageObject\",\"inLanguage\":\"en-US\",\"@id\":\"https:\\\/\\\/www.biopapa.lt\\\/#\\\/schema\\\/logo\\\/image\\\/\",\"url\":\"https:\\\/\\\/www.biopapa.lt\\\/wp-content\\\/uploads\\\/2022\\\/04\\\/facebook_biopapa.jpg\",\"contentUrl\":\"https:\\\/\\\/www.biopapa.lt\\\/wp-content\\\/uploads\\\/2022\\\/04\\\/facebook_biopapa.jpg\",\"width\":1733,\"height\":907,\"caption\":\"Biopapa\"},\"image\":{\"@id\":\"https:\\\/\\\/www.biopapa.lt\\\/#\\\/schema\\\/logo\\\/image\\\/\"},\"sameAs\":[\"https:\\\/\\\/www.facebook.com\\\/biopapa.lt\"]}]}<\/script>\n<!-- \/ Yoast SEO plugin. -->","yoast_head_json":{"title":"Organic avocado oil, cold pressed, Keto, 250 ml - Biopapa","description":"Cold-pressed avocado oil is widely used in both culinary and skin care applications.","robots":{"index":"index","follow":"follow","max-snippet":"max-snippet:-1","max-image-preview":"max-image-preview:large","max-video-preview":"max-video-preview:-1"},"canonical":"https:\/\/www.biopapa.lt\/en\/produktas\/organic-cold-pressing-avocado-oil-250-ml\/","og_locale":"en_US","og_type":"article","og_title":"Organic avocado oil, cold pressed, Keto, 250 ml - Biopapa","og_description":"Cold-pressed avocado oil is widely used in both culinary and skin care applications.","og_url":"https:\/\/www.biopapa.lt\/en\/produktas\/organic-cold-pressing-avocado-oil-250-ml\/","og_site_name":"Biopapa","article_publisher":"https:\/\/www.facebook.com\/biopapa.lt","article_modified_time":"2026-02-13T07:13:56+00:00","og_image":[{"width":800,"height":640,"url":"https:\/\/www.biopapa.lt\/wp-content\/uploads\/2021\/07\/Ekologiskas-salto-spaudimo-avokadu-aliejus-250-ml-2.png","type":"image\/png"}],"twitter_card":"summary_large_image","schema":{"@context":"https:\/\/schema.org","@graph":[{"@type":"WebPage","@id":"https:\/\/www.biopapa.lt\/en\/produktas\/organic-cold-pressing-avocado-oil-250-ml\/","url":"https:\/\/www.biopapa.lt\/en\/produktas\/organic-cold-pressing-avocado-oil-250-ml\/","name":"Organic avocado oil, cold pressed, Keto, 250 ml - Biopapa","isPartOf":{"@id":"https:\/\/www.biopapa.lt\/#website"},"primaryImageOfPage":{"@id":"https:\/\/www.biopapa.lt\/en\/produktas\/organic-cold-pressing-avocado-oil-250-ml\/#primaryimage"},"image":{"@id":"https:\/\/www.biopapa.lt\/en\/produktas\/organic-cold-pressing-avocado-oil-250-ml\/#primaryimage"},"thumbnailUrl":"https:\/\/www.biopapa.lt\/wp-content\/uploads\/2021\/07\/Ekologiskas-salto-spaudimo-avokadu-aliejus-250-ml-2.png","datePublished":"2021-07-28T18:19:47+00:00","dateModified":"2026-02-13T07:13:56+00:00","description":"Cold-pressed avocado oil is widely used in both culinary and skin care applications.","breadcrumb":{"@id":"https:\/\/www.biopapa.lt\/en\/produktas\/organic-cold-pressing-avocado-oil-250-ml\/#breadcrumb"},"inLanguage":"en-US","potentialAction":[{"@type":"ReadAction","target":["https:\/\/www.biopapa.lt\/en\/produktas\/organic-cold-pressing-avocado-oil-250-ml\/"]}]},{"@type":"ImageObject","inLanguage":"en-US","@id":"https:\/\/www.biopapa.lt\/en\/produktas\/organic-cold-pressing-avocado-oil-250-ml\/#primaryimage","url":"https:\/\/www.biopapa.lt\/wp-content\/uploads\/2021\/07\/Ekologiskas-salto-spaudimo-avokadu-aliejus-250-ml-2.png","contentUrl":"https:\/\/www.biopapa.lt\/wp-content\/uploads\/2021\/07\/Ekologiskas-salto-spaudimo-avokadu-aliejus-250-ml-2.png","width":800,"height":640},{"@type":"BreadcrumbList","@id":"https:\/\/www.biopapa.lt\/en\/produktas\/organic-cold-pressing-avocado-oil-250-ml\/#breadcrumb","itemListElement":[{"@type":"ListItem","position":1,"name":"Home","item":"https:\/\/www.biopapa.lt\/en\/"},{"@type":"ListItem","position":2,"name":"Shop","item":"https:\/\/www.biopapa.lt\/en\/shop\/"},{"@type":"ListItem","position":3,"name":"Organic avocado oil, cold pressed, Keto, 250 ml"}]},{"@type":"WebSite","@id":"https:\/\/www.biopapa.lt\/#website","url":"https:\/\/www.biopapa.lt\/","name":"Biopapa","description":"\u0160var\u016bs ekologi\u0161ki produktai","publisher":{"@id":"https:\/\/www.biopapa.lt\/#organization"},"potentialAction":[{"@type":"SearchAction","target":{"@type":"EntryPoint","urlTemplate":"https:\/\/www.biopapa.lt\/?s={search_term_string}"},"query-input":{"@type":"PropertyValueSpecification","valueRequired":true,"valueName":"search_term_string"}}],"inLanguage":"en-US"},{"@type":"Organization","@id":"https:\/\/www.biopapa.lt\/#organization","name":"Biopapa","url":"https:\/\/www.biopapa.lt\/","logo":{"@type":"ImageObject","inLanguage":"en-US","@id":"https:\/\/www.biopapa.lt\/#\/schema\/logo\/image\/","url":"https:\/\/www.biopapa.lt\/wp-content\/uploads\/2022\/04\/facebook_biopapa.jpg","contentUrl":"https:\/\/www.biopapa.lt\/wp-content\/uploads\/2022\/04\/facebook_biopapa.jpg","width":1733,"height":907,"caption":"Biopapa"},"image":{"@id":"https:\/\/www.biopapa.lt\/#\/schema\/logo\/image\/"},"sameAs":["https:\/\/www.facebook.com\/biopapa.lt"]}]}},"_links":{"self":[{"href":"https:\/\/www.biopapa.lt\/en\/wp-json\/wp\/v2\/product\/36098","targetHints":{"allow":["GET"]}}],"collection":[{"href":"https:\/\/www.biopapa.lt\/en\/wp-json\/wp\/v2\/product"}],"about":[{"href":"https:\/\/www.biopapa.lt\/en\/wp-json\/wp\/v2\/types\/product"}],"wp:featuredmedia":[{"embeddable":true,"href":"https:\/\/www.biopapa.lt\/en\/wp-json\/wp\/v2\/media\/61533"}],"wp:attachment":[{"href":"https:\/\/www.biopapa.lt\/en\/wp-json\/wp\/v2\/media?parent=36098"}],"wp:term":[{"taxonomy":"product_brand","embeddable":true,"href":"https:\/\/www.biopapa.lt\/en\/wp-json\/wp\/v2\/product_brand?post=36098"},{"taxonomy":"product_cat","embeddable":true,"href":"https:\/\/www.biopapa.lt\/en\/wp-json\/wp\/v2\/product_cat?post=36098"},{"taxonomy":"product_tag","embeddable":true,"href":"https:\/\/www.biopapa.lt\/en\/wp-json\/wp\/v2\/product_tag?post=36098"}],"curies":[{"name":"wp","href":"https:\/\/api.w.org\/{rel}","templated":true}]}}