{"id":36086,"date":"2022-05-30T18:35:09","date_gmt":"2022-05-30T15:35:09","guid":{"rendered":"https:\/\/www.biopapa.lt\/produktas\/organic-black-cumin-oil-250-ml-unrefined-cold-pressed\/"},"modified":"2026-03-16T09:11:00","modified_gmt":"2026-03-16T07:11:00","slug":"organic-black-cumin-oil-250ml-unrefined-cold-pressed","status":"publish","type":"product","link":"https:\/\/www.biopapa.lt\/en\/produktas\/organic-black-cumin-oil-250ml-unrefined-cold-pressed\/","title":{"rendered":"Organic black cumin oil 250 ml, unrefined, cold pressed"},"content":{"rendered":"<p><strong>Blackcurrant oil (black cumin)<\/strong>, derived from the seeds of the Nigella sativa plant, has earned an important place in the world of wellness. Black cumin, or Kalonji, is a flowering plant that grows in South and South-West Asia. Although popularly known as black cumin, it should not be confused with &#8216;Kala Jeera&#8217;, which belongs to the Biniu bulbocastanum family.<br \/>\n<strong>Cumin oil<\/strong> is renowned for its health benefits.<\/p>\n<p><em>Caution<\/em><br \/>\nAlthough it is generally safe to consume, some people may be sensitive to the seeds or oil of blackstrap seeds. If you are a first time user, it is advisable to start with a small amount.<br \/>\nFor those with serious medical conditions, please be careful when using Edelweiss seeds or Edelweiss oil as a supplement or medicine.<br \/>\nIt is not recommended for use by women who are pregnant or breastfeeding. <\/p>\n<p><em>Internal use<br \/>\n<\/em>When taking blackcress oil orally, it is essential to follow the recommended doses to avoid possible side effects such as digestive upset.<br \/>\nRecommended daily dose is one teaspoon. Always start with a lower dose.<\/p>\n<p><em>Culinary Adventures<\/em><br \/>\nSome culinary enthusiasts add blackcurrant oil to salad dressings or simply drizzle it on dishes for a unique taste.<\/p>\n<p><em>Care for cracked heels<\/em><br \/>\nThere are many reasons why heels can crack. Obesity, poor footwear, lack of moisture can all cause unpleasant and painful heel splints.<br \/>\nRub the affected area with black seed oil.  You can also mix blackcurrant oil with lemon juice and massage your heels or feet. This mixture not only cleanses bacteria but also softens the skin.<\/p>\n<p><em>Sources<\/em><br \/>\nhttps:\/\/www.healthline.com<br \/>\nhttps:\/\/www.netmeds.com<\/p>\n<p><em>NOTE. The information contained herein should not be construed as a recommendation for treatment or other health issues. We encourage you to make personal decisions about your personal health, taking into account a wide range of sources of information.<\/em><\/p>\n","protected":false},"excerpt":{"rendered":"<p>Blackcurrant oil (black cumin), derived from the seeds of the Nigella sativa plant, has earned an important place in the<\/p>\n","protected":false},"featured_media":88732,"template":"","meta":{"_acf_changed":false},"product_brand":[],"product_cat":[2678,1952,1840,2624],"product_tag":[2056,2092,2088],"class_list":{"0":"post-36086","1":"product","2":"type-product","3":"status-publish","4":"has-post-thumbnail","6":"product_cat-italian-cuisine","7":"product_cat-oil","8":"product_cat-oil-vinegar-and-sauces","9":"product_cat-top-products","10":"product_tag-keto-diet","11":"product_tag-raw-diet","12":"product_tag-vegan","14":"first","15":"instock","16":"shipping-taxable","17":"purchasable","18":"product-type-simple"},"acf":[],"yoast_head":"<!-- This site is optimized with the Yoast SEO plugin v27.5 - https:\/\/yoast.com\/product\/yoast-seo-wordpress\/ -->\n<title>Organic black cumin oil 250 ml, unrefined, cold pressed - Biopapa<\/title>\n<meta name=\"description\" content=\"Blackcurrant oil (black cumin), derived from the seeds of the Nigella sativa plant, has earned an important place in the world of wellness.\" \/>\n<meta name=\"robots\" content=\"index, follow, max-snippet:-1, max-image-preview:large, max-video-preview:-1\" \/>\n<link rel=\"canonical\" href=\"https:\/\/www.biopapa.lt\/en\/produktas\/organic-black-cumin-oil-250ml-unrefined-cold-pressed\/\" \/>\n<meta property=\"og:locale\" content=\"en_US\" \/>\n<meta property=\"og:type\" content=\"article\" \/>\n<meta property=\"og:title\" content=\"Organic black cumin oil 250 ml, unrefined, cold pressed - Biopapa\" \/>\n<meta property=\"og:description\" content=\"Blackcurrant oil (black cumin), derived from the seeds of the Nigella sativa plant, has earned an important place in the world of wellness.\" \/>\n<meta property=\"og:url\" content=\"https:\/\/www.biopapa.lt\/en\/produktas\/organic-black-cumin-oil-250ml-unrefined-cold-pressed\/\" \/>\n<meta property=\"og:site_name\" content=\"Biopapa\" \/>\n<meta property=\"article:publisher\" content=\"https:\/\/www.facebook.com\/biopapa.lt\" \/>\n<meta property=\"article:modified_time\" content=\"2026-03-16T07:11:00+00:00\" \/>\n<meta property=\"og:image\" content=\"https:\/\/www.biopapa.lt\/wp-content\/uploads\/2022\/05\/Ekologiskas-juodgrudziu-juoduju-kmynu-aliejus-2.png\" \/>\n\t<meta property=\"og:image:width\" content=\"800\" \/>\n\t<meta property=\"og:image:height\" content=\"640\" \/>\n\t<meta property=\"og:image:type\" content=\"image\/png\" \/>\n<meta name=\"twitter:card\" content=\"summary_large_image\" \/>\n<script type=\"application\/ld+json\" class=\"yoast-schema-graph\">{\"@context\":\"https:\\\/\\\/schema.org\",\"@graph\":[{\"@type\":\"WebPage\",\"@id\":\"https:\\\/\\\/www.biopapa.lt\\\/en\\\/produktas\\\/organic-black-cumin-oil-250ml-unrefined-cold-pressed\\\/\",\"url\":\"https:\\\/\\\/www.biopapa.lt\\\/en\\\/produktas\\\/organic-black-cumin-oil-250ml-unrefined-cold-pressed\\\/\",\"name\":\"Organic black cumin oil 250 ml, unrefined, cold pressed - Biopapa\",\"isPartOf\":{\"@id\":\"https:\\\/\\\/www.biopapa.lt\\\/#website\"},\"primaryImageOfPage\":{\"@id\":\"https:\\\/\\\/www.biopapa.lt\\\/en\\\/produktas\\\/organic-black-cumin-oil-250ml-unrefined-cold-pressed\\\/#primaryimage\"},\"image\":{\"@id\":\"https:\\\/\\\/www.biopapa.lt\\\/en\\\/produktas\\\/organic-black-cumin-oil-250ml-unrefined-cold-pressed\\\/#primaryimage\"},\"thumbnailUrl\":\"https:\\\/\\\/www.biopapa.lt\\\/wp-content\\\/uploads\\\/2022\\\/05\\\/Ekologiskas-juodgrudziu-juoduju-kmynu-aliejus-2.png\",\"datePublished\":\"2022-05-30T15:35:09+00:00\",\"dateModified\":\"2026-03-16T07:11:00+00:00\",\"description\":\"Blackcurrant oil (black cumin), derived from the seeds of the Nigella sativa plant, has earned an important place in the world of wellness.\",\"breadcrumb\":{\"@id\":\"https:\\\/\\\/www.biopapa.lt\\\/en\\\/produktas\\\/organic-black-cumin-oil-250ml-unrefined-cold-pressed\\\/#breadcrumb\"},\"inLanguage\":\"en-US\",\"potentialAction\":[{\"@type\":\"ReadAction\",\"target\":[\"https:\\\/\\\/www.biopapa.lt\\\/en\\\/produktas\\\/organic-black-cumin-oil-250ml-unrefined-cold-pressed\\\/\"]}]},{\"@type\":\"ImageObject\",\"inLanguage\":\"en-US\",\"@id\":\"https:\\\/\\\/www.biopapa.lt\\\/en\\\/produktas\\\/organic-black-cumin-oil-250ml-unrefined-cold-pressed\\\/#primaryimage\",\"url\":\"https:\\\/\\\/www.biopapa.lt\\\/wp-content\\\/uploads\\\/2022\\\/05\\\/Ekologiskas-juodgrudziu-juoduju-kmynu-aliejus-2.png\",\"contentUrl\":\"https:\\\/\\\/www.biopapa.lt\\\/wp-content\\\/uploads\\\/2022\\\/05\\\/Ekologiskas-juodgrudziu-juoduju-kmynu-aliejus-2.png\",\"width\":800,\"height\":640},{\"@type\":\"BreadcrumbList\",\"@id\":\"https:\\\/\\\/www.biopapa.lt\\\/en\\\/produktas\\\/organic-black-cumin-oil-250ml-unrefined-cold-pressed\\\/#breadcrumb\",\"itemListElement\":[{\"@type\":\"ListItem\",\"position\":1,\"name\":\"Home\",\"item\":\"https:\\\/\\\/www.biopapa.lt\\\/en\\\/\"},{\"@type\":\"ListItem\",\"position\":2,\"name\":\"Shop\",\"item\":\"https:\\\/\\\/www.biopapa.lt\\\/en\\\/shop\\\/\"},{\"@type\":\"ListItem\",\"position\":3,\"name\":\"Organic black cumin oil 250 ml, unrefined, cold pressed\"}]},{\"@type\":\"WebSite\",\"@id\":\"https:\\\/\\\/www.biopapa.lt\\\/#website\",\"url\":\"https:\\\/\\\/www.biopapa.lt\\\/\",\"name\":\"Biopapa\",\"description\":\"\u0160var\u016bs ekologi\u0161ki produktai\",\"publisher\":{\"@id\":\"https:\\\/\\\/www.biopapa.lt\\\/#organization\"},\"potentialAction\":[{\"@type\":\"SearchAction\",\"target\":{\"@type\":\"EntryPoint\",\"urlTemplate\":\"https:\\\/\\\/www.biopapa.lt\\\/?s={search_term_string}\"},\"query-input\":{\"@type\":\"PropertyValueSpecification\",\"valueRequired\":true,\"valueName\":\"search_term_string\"}}],\"inLanguage\":\"en-US\"},{\"@type\":\"Organization\",\"@id\":\"https:\\\/\\\/www.biopapa.lt\\\/#organization\",\"name\":\"Biopapa\",\"url\":\"https:\\\/\\\/www.biopapa.lt\\\/\",\"logo\":{\"@type\":\"ImageObject\",\"inLanguage\":\"en-US\",\"@id\":\"https:\\\/\\\/www.biopapa.lt\\\/#\\\/schema\\\/logo\\\/image\\\/\",\"url\":\"https:\\\/\\\/www.biopapa.lt\\\/wp-content\\\/uploads\\\/2022\\\/04\\\/facebook_biopapa.jpg\",\"contentUrl\":\"https:\\\/\\\/www.biopapa.lt\\\/wp-content\\\/uploads\\\/2022\\\/04\\\/facebook_biopapa.jpg\",\"width\":1733,\"height\":907,\"caption\":\"Biopapa\"},\"image\":{\"@id\":\"https:\\\/\\\/www.biopapa.lt\\\/#\\\/schema\\\/logo\\\/image\\\/\"},\"sameAs\":[\"https:\\\/\\\/www.facebook.com\\\/biopapa.lt\"]}]}<\/script>\n<!-- \/ Yoast SEO plugin. -->","yoast_head_json":{"title":"Organic black cumin oil 250 ml, unrefined, cold pressed - Biopapa","description":"Blackcurrant oil (black cumin), derived from the seeds of the Nigella sativa plant, has earned an important place in the world of wellness.","robots":{"index":"index","follow":"follow","max-snippet":"max-snippet:-1","max-image-preview":"max-image-preview:large","max-video-preview":"max-video-preview:-1"},"canonical":"https:\/\/www.biopapa.lt\/en\/produktas\/organic-black-cumin-oil-250ml-unrefined-cold-pressed\/","og_locale":"en_US","og_type":"article","og_title":"Organic black cumin oil 250 ml, unrefined, cold pressed - Biopapa","og_description":"Blackcurrant oil (black cumin), derived from the seeds of the Nigella sativa plant, has earned an important place in the world of wellness.","og_url":"https:\/\/www.biopapa.lt\/en\/produktas\/organic-black-cumin-oil-250ml-unrefined-cold-pressed\/","og_site_name":"Biopapa","article_publisher":"https:\/\/www.facebook.com\/biopapa.lt","article_modified_time":"2026-03-16T07:11:00+00:00","og_image":[{"width":800,"height":640,"url":"https:\/\/www.biopapa.lt\/wp-content\/uploads\/2022\/05\/Ekologiskas-juodgrudziu-juoduju-kmynu-aliejus-2.png","type":"image\/png"}],"twitter_card":"summary_large_image","schema":{"@context":"https:\/\/schema.org","@graph":[{"@type":"WebPage","@id":"https:\/\/www.biopapa.lt\/en\/produktas\/organic-black-cumin-oil-250ml-unrefined-cold-pressed\/","url":"https:\/\/www.biopapa.lt\/en\/produktas\/organic-black-cumin-oil-250ml-unrefined-cold-pressed\/","name":"Organic black cumin oil 250 ml, unrefined, cold pressed - Biopapa","isPartOf":{"@id":"https:\/\/www.biopapa.lt\/#website"},"primaryImageOfPage":{"@id":"https:\/\/www.biopapa.lt\/en\/produktas\/organic-black-cumin-oil-250ml-unrefined-cold-pressed\/#primaryimage"},"image":{"@id":"https:\/\/www.biopapa.lt\/en\/produktas\/organic-black-cumin-oil-250ml-unrefined-cold-pressed\/#primaryimage"},"thumbnailUrl":"https:\/\/www.biopapa.lt\/wp-content\/uploads\/2022\/05\/Ekologiskas-juodgrudziu-juoduju-kmynu-aliejus-2.png","datePublished":"2022-05-30T15:35:09+00:00","dateModified":"2026-03-16T07:11:00+00:00","description":"Blackcurrant oil (black cumin), derived from the seeds of the Nigella sativa plant, has earned an important place in the world of wellness.","breadcrumb":{"@id":"https:\/\/www.biopapa.lt\/en\/produktas\/organic-black-cumin-oil-250ml-unrefined-cold-pressed\/#breadcrumb"},"inLanguage":"en-US","potentialAction":[{"@type":"ReadAction","target":["https:\/\/www.biopapa.lt\/en\/produktas\/organic-black-cumin-oil-250ml-unrefined-cold-pressed\/"]}]},{"@type":"ImageObject","inLanguage":"en-US","@id":"https:\/\/www.biopapa.lt\/en\/produktas\/organic-black-cumin-oil-250ml-unrefined-cold-pressed\/#primaryimage","url":"https:\/\/www.biopapa.lt\/wp-content\/uploads\/2022\/05\/Ekologiskas-juodgrudziu-juoduju-kmynu-aliejus-2.png","contentUrl":"https:\/\/www.biopapa.lt\/wp-content\/uploads\/2022\/05\/Ekologiskas-juodgrudziu-juoduju-kmynu-aliejus-2.png","width":800,"height":640},{"@type":"BreadcrumbList","@id":"https:\/\/www.biopapa.lt\/en\/produktas\/organic-black-cumin-oil-250ml-unrefined-cold-pressed\/#breadcrumb","itemListElement":[{"@type":"ListItem","position":1,"name":"Home","item":"https:\/\/www.biopapa.lt\/en\/"},{"@type":"ListItem","position":2,"name":"Shop","item":"https:\/\/www.biopapa.lt\/en\/shop\/"},{"@type":"ListItem","position":3,"name":"Organic black cumin oil 250 ml, unrefined, cold pressed"}]},{"@type":"WebSite","@id":"https:\/\/www.biopapa.lt\/#website","url":"https:\/\/www.biopapa.lt\/","name":"Biopapa","description":"\u0160var\u016bs ekologi\u0161ki produktai","publisher":{"@id":"https:\/\/www.biopapa.lt\/#organization"},"potentialAction":[{"@type":"SearchAction","target":{"@type":"EntryPoint","urlTemplate":"https:\/\/www.biopapa.lt\/?s={search_term_string}"},"query-input":{"@type":"PropertyValueSpecification","valueRequired":true,"valueName":"search_term_string"}}],"inLanguage":"en-US"},{"@type":"Organization","@id":"https:\/\/www.biopapa.lt\/#organization","name":"Biopapa","url":"https:\/\/www.biopapa.lt\/","logo":{"@type":"ImageObject","inLanguage":"en-US","@id":"https:\/\/www.biopapa.lt\/#\/schema\/logo\/image\/","url":"https:\/\/www.biopapa.lt\/wp-content\/uploads\/2022\/04\/facebook_biopapa.jpg","contentUrl":"https:\/\/www.biopapa.lt\/wp-content\/uploads\/2022\/04\/facebook_biopapa.jpg","width":1733,"height":907,"caption":"Biopapa"},"image":{"@id":"https:\/\/www.biopapa.lt\/#\/schema\/logo\/image\/"},"sameAs":["https:\/\/www.facebook.com\/biopapa.lt"]}]}},"_links":{"self":[{"href":"https:\/\/www.biopapa.lt\/en\/wp-json\/wp\/v2\/product\/36086","targetHints":{"allow":["GET"]}}],"collection":[{"href":"https:\/\/www.biopapa.lt\/en\/wp-json\/wp\/v2\/product"}],"about":[{"href":"https:\/\/www.biopapa.lt\/en\/wp-json\/wp\/v2\/types\/product"}],"wp:featuredmedia":[{"embeddable":true,"href":"https:\/\/www.biopapa.lt\/en\/wp-json\/wp\/v2\/media\/88732"}],"wp:attachment":[{"href":"https:\/\/www.biopapa.lt\/en\/wp-json\/wp\/v2\/media?parent=36086"}],"wp:term":[{"taxonomy":"product_brand","embeddable":true,"href":"https:\/\/www.biopapa.lt\/en\/wp-json\/wp\/v2\/product_brand?post=36086"},{"taxonomy":"product_cat","embeddable":true,"href":"https:\/\/www.biopapa.lt\/en\/wp-json\/wp\/v2\/product_cat?post=36086"},{"taxonomy":"product_tag","embeddable":true,"href":"https:\/\/www.biopapa.lt\/en\/wp-json\/wp\/v2\/product_tag?post=36086"}],"curies":[{"name":"wp","href":"https:\/\/api.w.org\/{rel}","templated":true}]}}