{"id":35861,"date":"2023-09-19T10:41:23","date_gmt":"2023-09-19T07:41:23","guid":{"rendered":"https:\/\/www.biopapa.lt\/produktas\/eco-friendly-dishwasher-tablets-30-pcs-gron-balance\/"},"modified":"2023-10-25T14:43:52","modified_gmt":"2023-10-25T11:43:52","slug":"eco-dishwasher-tablets-30-piece-gron-balance","status":"publish","type":"product","link":"https:\/\/www.biopapa.lt\/en\/produktas\/eco-dishwasher-tablets-30-piece-gron-balance\/","title":{"rendered":"Eco-friendly dishwasher tablets, 30 pcs, GRON BALANCE"},"content":{"rendered":"<p>USE<br \/>\nEffective from 50 \u02daC.<br \/>\nDO NOT remove the tablet from the foil, but place it in a dry dispenser.<br \/>\nClose the lid.<br \/>\nNever place the tablet directly on the bottom of the dishwasher, as this may impair the cleaning result. Start the dishwasher with the programme you have selected.<br \/>\nClose the packaging.<br \/>\nThe Gron Balance All-in-One is effective in moderately hard water. If the hardness of the water exceeds 15\u00b0dH, it is recommended to use a water softener in the dishwasher.<\/p>\n<p><strong>Not dishwasher safe:<\/strong> lead-containing crystals, old and hand-painted porcelain with lead, decorated glass, cutlery with ivory or wooden handles, coloured aluminium, materials not resistant to temperatures above 70 \u00b0C, e.g. certain types of plastics.<br \/>\nSmall rust spots on cutlery can be caused by cracks in the outer coating, which can allow water to seep in and rust, or by the presence of stainless steel dishwasher products in the dishwasher. Rust can usually be removed by polishing. Not suitable for professional dishwasher use.<\/p>\n<p>ATTENTION<br \/>\nDRINK: Rinse your mouth. DO NOT induce vomiting.<br \/>\nIN THE EYES: Causes severe eye irritation. Rinse gently with water for a few minutes. Remove contact lenses. Continue rinsing. If eye irritation persists: seek medical attention (take the packaging or label with you).<\/p>\n<p>RECOMMENDED STORAGE CONDITIONS<br \/>\nKeep out of the reach of children. Store in the original packaging in a cool and dry place.<\/p>\n","protected":false},"excerpt":{"rendered":"<p>USE Effective from 50 \u02daC. DO NOT remove the tablet from the foil, but place it in a dry dispenser.<\/p>\n","protected":false},"featured_media":35534,"template":"","meta":{"_acf_changed":false},"product_brand":[],"product_cat":[1988,1843],"product_tag":[2088],"class_list":{"0":"post-35861","1":"product","2":"type-product","3":"status-publish","4":"has-post-thumbnail","6":"product_cat-home","7":"product_cat-household-cleaning-products","8":"product_tag-vegan","10":"first","11":"instock","12":"shipping-taxable","13":"purchasable","14":"product-type-simple"},"acf":[],"yoast_head":"<!-- This site is optimized with the Yoast SEO plugin v27.5 - https:\/\/yoast.com\/product\/yoast-seo-wordpress\/ -->\n<title>Eco-friendly dishwasher tablets, 30 pcs, GRON BALANCE - Biopapa<\/title>\n<meta name=\"description\" content=\"The Gron Balance All-in-One is effective in moderately hard water. If the hardness of the water exceeds 15\u00b0dH, it is recommended to use a water softener in the dishwasher.\" \/>\n<meta name=\"robots\" content=\"index, follow, max-snippet:-1, max-image-preview:large, max-video-preview:-1\" \/>\n<link rel=\"canonical\" href=\"https:\/\/www.biopapa.lt\/en\/product\/eco-dishwasher-tablets-30-piece-gron-balance\/\" \/>\n<meta property=\"og:locale\" content=\"en_US\" \/>\n<meta property=\"og:type\" content=\"article\" \/>\n<meta property=\"og:title\" content=\"Eco-friendly dishwasher tablets, 30 pcs, GRON BALANCE - Biopapa\" \/>\n<meta property=\"og:description\" content=\"The Gron Balance All-in-One is effective in moderately hard water. If the hardness of the water exceeds 15\u00b0dH, it is recommended to use a water softener in the dishwasher.\" \/>\n<meta property=\"og:url\" content=\"https:\/\/www.biopapa.lt\/en\/product\/eco-dishwasher-tablets-30-piece-gron-balance\/\" \/>\n<meta property=\"og:site_name\" content=\"Biopapa\" \/>\n<meta property=\"article:publisher\" content=\"https:\/\/www.facebook.com\/biopapa.lt\" \/>\n<meta property=\"article:modified_time\" content=\"2023-10-25T11:43:52+00:00\" \/>\n<meta property=\"og:image\" content=\"https:\/\/www.biopapa.lt\/wp-content\/uploads\/2023\/09\/Ekologiskos-indaploviu-tabletes-30-vnt-GRON-BALANCE.png\" \/>\n\t<meta property=\"og:image:width\" content=\"800\" \/>\n\t<meta property=\"og:image:height\" content=\"640\" \/>\n\t<meta property=\"og:image:type\" content=\"image\/png\" \/>\n<meta name=\"twitter:card\" content=\"summary_large_image\" \/>\n<script type=\"application\/ld+json\" class=\"yoast-schema-graph\">{\"@context\":\"https:\\\/\\\/schema.org\",\"@graph\":[{\"@type\":\"WebPage\",\"@id\":\"https:\\\/\\\/www.biopapa.lt\\\/en\\\/product\\\/eco-dishwasher-tablets-30-piece-gron-balance\\\/\",\"url\":\"https:\\\/\\\/www.biopapa.lt\\\/en\\\/product\\\/eco-dishwasher-tablets-30-piece-gron-balance\\\/\",\"name\":\"Eco-friendly dishwasher tablets, 30 pcs, GRON BALANCE - Biopapa\",\"isPartOf\":{\"@id\":\"https:\\\/\\\/www.biopapa.lt\\\/#website\"},\"primaryImageOfPage\":{\"@id\":\"https:\\\/\\\/www.biopapa.lt\\\/en\\\/product\\\/eco-dishwasher-tablets-30-piece-gron-balance\\\/#primaryimage\"},\"image\":{\"@id\":\"https:\\\/\\\/www.biopapa.lt\\\/en\\\/product\\\/eco-dishwasher-tablets-30-piece-gron-balance\\\/#primaryimage\"},\"thumbnailUrl\":\"https:\\\/\\\/www.biopapa.lt\\\/wp-content\\\/uploads\\\/2023\\\/09\\\/Ekologiskos-indaploviu-tabletes-30-vnt-GRON-BALANCE.png\",\"datePublished\":\"2023-09-19T07:41:23+00:00\",\"dateModified\":\"2023-10-25T11:43:52+00:00\",\"description\":\"The Gron Balance All-in-One is effective in moderately hard water. If the hardness of the water exceeds 15\u00b0dH, it is recommended to use a water softener in the dishwasher.\",\"breadcrumb\":{\"@id\":\"https:\\\/\\\/www.biopapa.lt\\\/en\\\/product\\\/eco-dishwasher-tablets-30-piece-gron-balance\\\/#breadcrumb\"},\"inLanguage\":\"en-US\",\"potentialAction\":[{\"@type\":\"ReadAction\",\"target\":[\"https:\\\/\\\/www.biopapa.lt\\\/en\\\/product\\\/eco-dishwasher-tablets-30-piece-gron-balance\\\/\"]}]},{\"@type\":\"ImageObject\",\"inLanguage\":\"en-US\",\"@id\":\"https:\\\/\\\/www.biopapa.lt\\\/en\\\/product\\\/eco-dishwasher-tablets-30-piece-gron-balance\\\/#primaryimage\",\"url\":\"https:\\\/\\\/www.biopapa.lt\\\/wp-content\\\/uploads\\\/2023\\\/09\\\/Ekologiskos-indaploviu-tabletes-30-vnt-GRON-BALANCE.png\",\"contentUrl\":\"https:\\\/\\\/www.biopapa.lt\\\/wp-content\\\/uploads\\\/2023\\\/09\\\/Ekologiskos-indaploviu-tabletes-30-vnt-GRON-BALANCE.png\",\"width\":800,\"height\":640},{\"@type\":\"BreadcrumbList\",\"@id\":\"https:\\\/\\\/www.biopapa.lt\\\/en\\\/product\\\/eco-dishwasher-tablets-30-piece-gron-balance\\\/#breadcrumb\",\"itemListElement\":[{\"@type\":\"ListItem\",\"position\":1,\"name\":\"Home\",\"item\":\"https:\\\/\\\/www.biopapa.lt\\\/en\\\/\"},{\"@type\":\"ListItem\",\"position\":2,\"name\":\"Shop\",\"item\":\"https:\\\/\\\/www.biopapa.lt\\\/en\\\/shop\\\/\"},{\"@type\":\"ListItem\",\"position\":3,\"name\":\"Eco-friendly dishwasher tablets, 30 pcs, GRON BALANCE\"}]},{\"@type\":\"WebSite\",\"@id\":\"https:\\\/\\\/www.biopapa.lt\\\/#website\",\"url\":\"https:\\\/\\\/www.biopapa.lt\\\/\",\"name\":\"Biopapa\",\"description\":\"\u0160var\u016bs ekologi\u0161ki produktai\",\"publisher\":{\"@id\":\"https:\\\/\\\/www.biopapa.lt\\\/#organization\"},\"potentialAction\":[{\"@type\":\"SearchAction\",\"target\":{\"@type\":\"EntryPoint\",\"urlTemplate\":\"https:\\\/\\\/www.biopapa.lt\\\/?s={search_term_string}\"},\"query-input\":{\"@type\":\"PropertyValueSpecification\",\"valueRequired\":true,\"valueName\":\"search_term_string\"}}],\"inLanguage\":\"en-US\"},{\"@type\":\"Organization\",\"@id\":\"https:\\\/\\\/www.biopapa.lt\\\/#organization\",\"name\":\"Biopapa\",\"url\":\"https:\\\/\\\/www.biopapa.lt\\\/\",\"logo\":{\"@type\":\"ImageObject\",\"inLanguage\":\"en-US\",\"@id\":\"https:\\\/\\\/www.biopapa.lt\\\/#\\\/schema\\\/logo\\\/image\\\/\",\"url\":\"https:\\\/\\\/www.biopapa.lt\\\/wp-content\\\/uploads\\\/2022\\\/04\\\/facebook_biopapa.jpg\",\"contentUrl\":\"https:\\\/\\\/www.biopapa.lt\\\/wp-content\\\/uploads\\\/2022\\\/04\\\/facebook_biopapa.jpg\",\"width\":1733,\"height\":907,\"caption\":\"Biopapa\"},\"image\":{\"@id\":\"https:\\\/\\\/www.biopapa.lt\\\/#\\\/schema\\\/logo\\\/image\\\/\"},\"sameAs\":[\"https:\\\/\\\/www.facebook.com\\\/biopapa.lt\"]}]}<\/script>\n<!-- \/ Yoast SEO plugin. -->","yoast_head_json":{"title":"Eco-friendly dishwasher tablets, 30 pcs, GRON BALANCE - Biopapa","description":"The Gron Balance All-in-One is effective in moderately hard water. If the hardness of the water exceeds 15\u00b0dH, it is recommended to use a water softener in the dishwasher.","robots":{"index":"index","follow":"follow","max-snippet":"max-snippet:-1","max-image-preview":"max-image-preview:large","max-video-preview":"max-video-preview:-1"},"canonical":"https:\/\/www.biopapa.lt\/en\/product\/eco-dishwasher-tablets-30-piece-gron-balance\/","og_locale":"en_US","og_type":"article","og_title":"Eco-friendly dishwasher tablets, 30 pcs, GRON BALANCE - Biopapa","og_description":"The Gron Balance All-in-One is effective in moderately hard water. If the hardness of the water exceeds 15\u00b0dH, it is recommended to use a water softener in the dishwasher.","og_url":"https:\/\/www.biopapa.lt\/en\/product\/eco-dishwasher-tablets-30-piece-gron-balance\/","og_site_name":"Biopapa","article_publisher":"https:\/\/www.facebook.com\/biopapa.lt","article_modified_time":"2023-10-25T11:43:52+00:00","og_image":[{"width":800,"height":640,"url":"https:\/\/www.biopapa.lt\/wp-content\/uploads\/2023\/09\/Ekologiskos-indaploviu-tabletes-30-vnt-GRON-BALANCE.png","type":"image\/png"}],"twitter_card":"summary_large_image","schema":{"@context":"https:\/\/schema.org","@graph":[{"@type":"WebPage","@id":"https:\/\/www.biopapa.lt\/en\/product\/eco-dishwasher-tablets-30-piece-gron-balance\/","url":"https:\/\/www.biopapa.lt\/en\/product\/eco-dishwasher-tablets-30-piece-gron-balance\/","name":"Eco-friendly dishwasher tablets, 30 pcs, GRON BALANCE - Biopapa","isPartOf":{"@id":"https:\/\/www.biopapa.lt\/#website"},"primaryImageOfPage":{"@id":"https:\/\/www.biopapa.lt\/en\/product\/eco-dishwasher-tablets-30-piece-gron-balance\/#primaryimage"},"image":{"@id":"https:\/\/www.biopapa.lt\/en\/product\/eco-dishwasher-tablets-30-piece-gron-balance\/#primaryimage"},"thumbnailUrl":"https:\/\/www.biopapa.lt\/wp-content\/uploads\/2023\/09\/Ekologiskos-indaploviu-tabletes-30-vnt-GRON-BALANCE.png","datePublished":"2023-09-19T07:41:23+00:00","dateModified":"2023-10-25T11:43:52+00:00","description":"The Gron Balance All-in-One is effective in moderately hard water. If the hardness of the water exceeds 15\u00b0dH, it is recommended to use a water softener in the dishwasher.","breadcrumb":{"@id":"https:\/\/www.biopapa.lt\/en\/product\/eco-dishwasher-tablets-30-piece-gron-balance\/#breadcrumb"},"inLanguage":"en-US","potentialAction":[{"@type":"ReadAction","target":["https:\/\/www.biopapa.lt\/en\/product\/eco-dishwasher-tablets-30-piece-gron-balance\/"]}]},{"@type":"ImageObject","inLanguage":"en-US","@id":"https:\/\/www.biopapa.lt\/en\/product\/eco-dishwasher-tablets-30-piece-gron-balance\/#primaryimage","url":"https:\/\/www.biopapa.lt\/wp-content\/uploads\/2023\/09\/Ekologiskos-indaploviu-tabletes-30-vnt-GRON-BALANCE.png","contentUrl":"https:\/\/www.biopapa.lt\/wp-content\/uploads\/2023\/09\/Ekologiskos-indaploviu-tabletes-30-vnt-GRON-BALANCE.png","width":800,"height":640},{"@type":"BreadcrumbList","@id":"https:\/\/www.biopapa.lt\/en\/product\/eco-dishwasher-tablets-30-piece-gron-balance\/#breadcrumb","itemListElement":[{"@type":"ListItem","position":1,"name":"Home","item":"https:\/\/www.biopapa.lt\/en\/"},{"@type":"ListItem","position":2,"name":"Shop","item":"https:\/\/www.biopapa.lt\/en\/shop\/"},{"@type":"ListItem","position":3,"name":"Eco-friendly dishwasher tablets, 30 pcs, GRON BALANCE"}]},{"@type":"WebSite","@id":"https:\/\/www.biopapa.lt\/#website","url":"https:\/\/www.biopapa.lt\/","name":"Biopapa","description":"\u0160var\u016bs ekologi\u0161ki produktai","publisher":{"@id":"https:\/\/www.biopapa.lt\/#organization"},"potentialAction":[{"@type":"SearchAction","target":{"@type":"EntryPoint","urlTemplate":"https:\/\/www.biopapa.lt\/?s={search_term_string}"},"query-input":{"@type":"PropertyValueSpecification","valueRequired":true,"valueName":"search_term_string"}}],"inLanguage":"en-US"},{"@type":"Organization","@id":"https:\/\/www.biopapa.lt\/#organization","name":"Biopapa","url":"https:\/\/www.biopapa.lt\/","logo":{"@type":"ImageObject","inLanguage":"en-US","@id":"https:\/\/www.biopapa.lt\/#\/schema\/logo\/image\/","url":"https:\/\/www.biopapa.lt\/wp-content\/uploads\/2022\/04\/facebook_biopapa.jpg","contentUrl":"https:\/\/www.biopapa.lt\/wp-content\/uploads\/2022\/04\/facebook_biopapa.jpg","width":1733,"height":907,"caption":"Biopapa"},"image":{"@id":"https:\/\/www.biopapa.lt\/#\/schema\/logo\/image\/"},"sameAs":["https:\/\/www.facebook.com\/biopapa.lt"]}]}},"_links":{"self":[{"href":"https:\/\/www.biopapa.lt\/en\/wp-json\/wp\/v2\/product\/35861","targetHints":{"allow":["GET"]}}],"collection":[{"href":"https:\/\/www.biopapa.lt\/en\/wp-json\/wp\/v2\/product"}],"about":[{"href":"https:\/\/www.biopapa.lt\/en\/wp-json\/wp\/v2\/types\/product"}],"wp:featuredmedia":[{"embeddable":true,"href":"https:\/\/www.biopapa.lt\/en\/wp-json\/wp\/v2\/media\/35534"}],"wp:attachment":[{"href":"https:\/\/www.biopapa.lt\/en\/wp-json\/wp\/v2\/media?parent=35861"}],"wp:term":[{"taxonomy":"product_brand","embeddable":true,"href":"https:\/\/www.biopapa.lt\/en\/wp-json\/wp\/v2\/product_brand?post=35861"},{"taxonomy":"product_cat","embeddable":true,"href":"https:\/\/www.biopapa.lt\/en\/wp-json\/wp\/v2\/product_cat?post=35861"},{"taxonomy":"product_tag","embeddable":true,"href":"https:\/\/www.biopapa.lt\/en\/wp-json\/wp\/v2\/product_tag?post=35861"}],"curies":[{"name":"wp","href":"https:\/\/api.w.org\/{rel}","templated":true}]}}