{"id":35832,"date":"2023-09-06T13:22:28","date_gmt":"2023-09-06T10:22:28","guid":{"rendered":"https:\/\/www.biopapa.lt\/produktas\/activated-carbon-filter-black-and-blum-1-pc\/"},"modified":"2023-10-26T18:02:02","modified_gmt":"2023-10-26T15:02:02","slug":"activated-carbon-filters-black-and-blum-1-piece","status":"publish","type":"product","link":"https:\/\/www.biopapa.lt\/en\/produktas\/activated-carbon-filters-black-and-blum-1-piece\/","title":{"rendered":"Activated carbon filter Black and Blum, 1 pc."},"content":{"rendered":"<p><strong>Activated carbon filter Black and Blum, 1 pc.<\/strong><br \/>\nThe filter for Eau Good bottles is made of white carbon, called Binch\u014dtan &#8211; just put it in the bottle and fill with water.<br \/>\nWith its help, you will change your tap water into something much more beneficial to our health.<br \/>\nIt ensures an optimal pH, reduces chlorine levels and replenishes water with minerals such as iron, magnesium and calcium.<br \/>\nThe water is ready to drink after 1 hour, but best after 8 hours.<br \/>\nThe filter lasts for 6 months (if refilled once a day), after 3 months, boil in water for 10 minutes, dry (preferably in the sun) and use again.<br \/>\nRemember to pour only cool water &#8211; hot water has a negative effect on the absorption of chemicals.<br \/>\nThe carbon particles floating in the water are non-toxic and do not interfere with drinking it.<br \/>\nAfter use, it can be reused as a floral fertiliser or as a moisture and odour absorber.<\/p>\n","protected":false},"excerpt":{"rendered":"<p>Activated carbon filter Black and Blum, 1 pc. The filter for Eau Good bottles is made of white carbon, called<\/p>\n","protected":false},"featured_media":34659,"template":"","meta":{"_acf_changed":false},"product_brand":[],"product_cat":[1988,2381],"product_tag":[2088],"class_list":{"0":"post-35832","1":"product","2":"type-product","3":"status-publish","4":"has-post-thumbnail","6":"product_cat-home","7":"product_cat-kitchen-utensils","8":"product_tag-vegan","10":"first","11":"instock","12":"shipping-taxable","13":"purchasable","14":"product-type-simple"},"acf":[],"yoast_head":"<!-- This site is optimized with the Yoast SEO plugin v27.4 - https:\/\/yoast.com\/product\/yoast-seo-wordpress\/ -->\n<title>Activated carbon filter Black and Blum, 1 pc. - Biopapa<\/title>\n<meta name=\"description\" content=\"The activated carbon filter ensures an optimal pH, reduces chlorine and replenishes water with minerals such as iron, magnesium and calcium.\" \/>\n<meta name=\"robots\" content=\"index, follow, max-snippet:-1, max-image-preview:large, max-video-preview:-1\" \/>\n<link rel=\"canonical\" href=\"https:\/\/www.biopapa.lt\/en\/product\/activated-carbon-filters-black-and-blum-1-piece\/\" \/>\n<meta property=\"og:locale\" content=\"en_US\" \/>\n<meta property=\"og:type\" content=\"article\" \/>\n<meta property=\"og:title\" content=\"Activated carbon filter Black and Blum, 1 pc. - Biopapa\" \/>\n<meta property=\"og:description\" content=\"The activated carbon filter ensures an optimal pH, reduces chlorine and replenishes water with minerals such as iron, magnesium and calcium.\" \/>\n<meta property=\"og:url\" content=\"https:\/\/www.biopapa.lt\/en\/product\/activated-carbon-filters-black-and-blum-1-piece\/\" \/>\n<meta property=\"og:site_name\" content=\"Biopapa\" \/>\n<meta property=\"article:publisher\" content=\"https:\/\/www.facebook.com\/biopapa.lt\" \/>\n<meta property=\"article:modified_time\" content=\"2023-10-26T15:02:02+00:00\" \/>\n<meta property=\"og:image\" content=\"https:\/\/www.biopapa.lt\/wp-content\/uploads\/2023\/09\/anglies-filtras-800x640-1.png\" \/>\n\t<meta property=\"og:image:width\" content=\"800\" \/>\n\t<meta property=\"og:image:height\" content=\"640\" \/>\n\t<meta property=\"og:image:type\" content=\"image\/png\" \/>\n<meta name=\"twitter:card\" content=\"summary_large_image\" \/>\n<script type=\"application\/ld+json\" class=\"yoast-schema-graph\">{\"@context\":\"https:\\\/\\\/schema.org\",\"@graph\":[{\"@type\":\"WebPage\",\"@id\":\"https:\\\/\\\/www.biopapa.lt\\\/en\\\/product\\\/activated-carbon-filters-black-and-blum-1-piece\\\/\",\"url\":\"https:\\\/\\\/www.biopapa.lt\\\/en\\\/product\\\/activated-carbon-filters-black-and-blum-1-piece\\\/\",\"name\":\"Activated carbon filter Black and Blum, 1 pc. - Biopapa\",\"isPartOf\":{\"@id\":\"https:\\\/\\\/www.biopapa.lt\\\/#website\"},\"primaryImageOfPage\":{\"@id\":\"https:\\\/\\\/www.biopapa.lt\\\/en\\\/product\\\/activated-carbon-filters-black-and-blum-1-piece\\\/#primaryimage\"},\"image\":{\"@id\":\"https:\\\/\\\/www.biopapa.lt\\\/en\\\/product\\\/activated-carbon-filters-black-and-blum-1-piece\\\/#primaryimage\"},\"thumbnailUrl\":\"https:\\\/\\\/www.biopapa.lt\\\/wp-content\\\/uploads\\\/2023\\\/09\\\/anglies-filtras-800x640-1.png\",\"datePublished\":\"2023-09-06T10:22:28+00:00\",\"dateModified\":\"2023-10-26T15:02:02+00:00\",\"description\":\"The activated carbon filter ensures an optimal pH, reduces chlorine and replenishes water with minerals such as iron, magnesium and calcium.\",\"breadcrumb\":{\"@id\":\"https:\\\/\\\/www.biopapa.lt\\\/en\\\/product\\\/activated-carbon-filters-black-and-blum-1-piece\\\/#breadcrumb\"},\"inLanguage\":\"en-US\",\"potentialAction\":[{\"@type\":\"ReadAction\",\"target\":[\"https:\\\/\\\/www.biopapa.lt\\\/en\\\/product\\\/activated-carbon-filters-black-and-blum-1-piece\\\/\"]}]},{\"@type\":\"ImageObject\",\"inLanguage\":\"en-US\",\"@id\":\"https:\\\/\\\/www.biopapa.lt\\\/en\\\/product\\\/activated-carbon-filters-black-and-blum-1-piece\\\/#primaryimage\",\"url\":\"https:\\\/\\\/www.biopapa.lt\\\/wp-content\\\/uploads\\\/2023\\\/09\\\/anglies-filtras-800x640-1.png\",\"contentUrl\":\"https:\\\/\\\/www.biopapa.lt\\\/wp-content\\\/uploads\\\/2023\\\/09\\\/anglies-filtras-800x640-1.png\",\"width\":800,\"height\":640},{\"@type\":\"BreadcrumbList\",\"@id\":\"https:\\\/\\\/www.biopapa.lt\\\/en\\\/product\\\/activated-carbon-filters-black-and-blum-1-piece\\\/#breadcrumb\",\"itemListElement\":[{\"@type\":\"ListItem\",\"position\":1,\"name\":\"Home\",\"item\":\"https:\\\/\\\/www.biopapa.lt\\\/en\\\/\"},{\"@type\":\"ListItem\",\"position\":2,\"name\":\"Shop\",\"item\":\"https:\\\/\\\/www.biopapa.lt\\\/en\\\/shop\\\/\"},{\"@type\":\"ListItem\",\"position\":3,\"name\":\"Activated carbon filter Black and Blum, 1 pc.\"}]},{\"@type\":\"WebSite\",\"@id\":\"https:\\\/\\\/www.biopapa.lt\\\/#website\",\"url\":\"https:\\\/\\\/www.biopapa.lt\\\/\",\"name\":\"Biopapa\",\"description\":\"\u0160var\u016bs ekologi\u0161ki produktai\",\"publisher\":{\"@id\":\"https:\\\/\\\/www.biopapa.lt\\\/#organization\"},\"potentialAction\":[{\"@type\":\"SearchAction\",\"target\":{\"@type\":\"EntryPoint\",\"urlTemplate\":\"https:\\\/\\\/www.biopapa.lt\\\/?s={search_term_string}\"},\"query-input\":{\"@type\":\"PropertyValueSpecification\",\"valueRequired\":true,\"valueName\":\"search_term_string\"}}],\"inLanguage\":\"en-US\"},{\"@type\":\"Organization\",\"@id\":\"https:\\\/\\\/www.biopapa.lt\\\/#organization\",\"name\":\"Biopapa\",\"url\":\"https:\\\/\\\/www.biopapa.lt\\\/\",\"logo\":{\"@type\":\"ImageObject\",\"inLanguage\":\"en-US\",\"@id\":\"https:\\\/\\\/www.biopapa.lt\\\/#\\\/schema\\\/logo\\\/image\\\/\",\"url\":\"https:\\\/\\\/www.biopapa.lt\\\/wp-content\\\/uploads\\\/2022\\\/04\\\/facebook_biopapa.jpg\",\"contentUrl\":\"https:\\\/\\\/www.biopapa.lt\\\/wp-content\\\/uploads\\\/2022\\\/04\\\/facebook_biopapa.jpg\",\"width\":1733,\"height\":907,\"caption\":\"Biopapa\"},\"image\":{\"@id\":\"https:\\\/\\\/www.biopapa.lt\\\/#\\\/schema\\\/logo\\\/image\\\/\"},\"sameAs\":[\"https:\\\/\\\/www.facebook.com\\\/biopapa.lt\"]}]}<\/script>\n<!-- \/ Yoast SEO plugin. -->","yoast_head_json":{"title":"Activated carbon filter Black and Blum, 1 pc. - Biopapa","description":"The activated carbon filter ensures an optimal pH, reduces chlorine and replenishes water with minerals such as iron, magnesium and calcium.","robots":{"index":"index","follow":"follow","max-snippet":"max-snippet:-1","max-image-preview":"max-image-preview:large","max-video-preview":"max-video-preview:-1"},"canonical":"https:\/\/www.biopapa.lt\/en\/product\/activated-carbon-filters-black-and-blum-1-piece\/","og_locale":"en_US","og_type":"article","og_title":"Activated carbon filter Black and Blum, 1 pc. - Biopapa","og_description":"The activated carbon filter ensures an optimal pH, reduces chlorine and replenishes water with minerals such as iron, magnesium and calcium.","og_url":"https:\/\/www.biopapa.lt\/en\/product\/activated-carbon-filters-black-and-blum-1-piece\/","og_site_name":"Biopapa","article_publisher":"https:\/\/www.facebook.com\/biopapa.lt","article_modified_time":"2023-10-26T15:02:02+00:00","og_image":[{"width":800,"height":640,"url":"https:\/\/www.biopapa.lt\/wp-content\/uploads\/2023\/09\/anglies-filtras-800x640-1.png","type":"image\/png"}],"twitter_card":"summary_large_image","schema":{"@context":"https:\/\/schema.org","@graph":[{"@type":"WebPage","@id":"https:\/\/www.biopapa.lt\/en\/product\/activated-carbon-filters-black-and-blum-1-piece\/","url":"https:\/\/www.biopapa.lt\/en\/product\/activated-carbon-filters-black-and-blum-1-piece\/","name":"Activated carbon filter Black and Blum, 1 pc. - Biopapa","isPartOf":{"@id":"https:\/\/www.biopapa.lt\/#website"},"primaryImageOfPage":{"@id":"https:\/\/www.biopapa.lt\/en\/product\/activated-carbon-filters-black-and-blum-1-piece\/#primaryimage"},"image":{"@id":"https:\/\/www.biopapa.lt\/en\/product\/activated-carbon-filters-black-and-blum-1-piece\/#primaryimage"},"thumbnailUrl":"https:\/\/www.biopapa.lt\/wp-content\/uploads\/2023\/09\/anglies-filtras-800x640-1.png","datePublished":"2023-09-06T10:22:28+00:00","dateModified":"2023-10-26T15:02:02+00:00","description":"The activated carbon filter ensures an optimal pH, reduces chlorine and replenishes water with minerals such as iron, magnesium and calcium.","breadcrumb":{"@id":"https:\/\/www.biopapa.lt\/en\/product\/activated-carbon-filters-black-and-blum-1-piece\/#breadcrumb"},"inLanguage":"en-US","potentialAction":[{"@type":"ReadAction","target":["https:\/\/www.biopapa.lt\/en\/product\/activated-carbon-filters-black-and-blum-1-piece\/"]}]},{"@type":"ImageObject","inLanguage":"en-US","@id":"https:\/\/www.biopapa.lt\/en\/product\/activated-carbon-filters-black-and-blum-1-piece\/#primaryimage","url":"https:\/\/www.biopapa.lt\/wp-content\/uploads\/2023\/09\/anglies-filtras-800x640-1.png","contentUrl":"https:\/\/www.biopapa.lt\/wp-content\/uploads\/2023\/09\/anglies-filtras-800x640-1.png","width":800,"height":640},{"@type":"BreadcrumbList","@id":"https:\/\/www.biopapa.lt\/en\/product\/activated-carbon-filters-black-and-blum-1-piece\/#breadcrumb","itemListElement":[{"@type":"ListItem","position":1,"name":"Home","item":"https:\/\/www.biopapa.lt\/en\/"},{"@type":"ListItem","position":2,"name":"Shop","item":"https:\/\/www.biopapa.lt\/en\/shop\/"},{"@type":"ListItem","position":3,"name":"Activated carbon filter Black and Blum, 1 pc."}]},{"@type":"WebSite","@id":"https:\/\/www.biopapa.lt\/#website","url":"https:\/\/www.biopapa.lt\/","name":"Biopapa","description":"\u0160var\u016bs ekologi\u0161ki produktai","publisher":{"@id":"https:\/\/www.biopapa.lt\/#organization"},"potentialAction":[{"@type":"SearchAction","target":{"@type":"EntryPoint","urlTemplate":"https:\/\/www.biopapa.lt\/?s={search_term_string}"},"query-input":{"@type":"PropertyValueSpecification","valueRequired":true,"valueName":"search_term_string"}}],"inLanguage":"en-US"},{"@type":"Organization","@id":"https:\/\/www.biopapa.lt\/#organization","name":"Biopapa","url":"https:\/\/www.biopapa.lt\/","logo":{"@type":"ImageObject","inLanguage":"en-US","@id":"https:\/\/www.biopapa.lt\/#\/schema\/logo\/image\/","url":"https:\/\/www.biopapa.lt\/wp-content\/uploads\/2022\/04\/facebook_biopapa.jpg","contentUrl":"https:\/\/www.biopapa.lt\/wp-content\/uploads\/2022\/04\/facebook_biopapa.jpg","width":1733,"height":907,"caption":"Biopapa"},"image":{"@id":"https:\/\/www.biopapa.lt\/#\/schema\/logo\/image\/"},"sameAs":["https:\/\/www.facebook.com\/biopapa.lt"]}]}},"_links":{"self":[{"href":"https:\/\/www.biopapa.lt\/en\/wp-json\/wp\/v2\/product\/35832","targetHints":{"allow":["GET"]}}],"collection":[{"href":"https:\/\/www.biopapa.lt\/en\/wp-json\/wp\/v2\/product"}],"about":[{"href":"https:\/\/www.biopapa.lt\/en\/wp-json\/wp\/v2\/types\/product"}],"wp:featuredmedia":[{"embeddable":true,"href":"https:\/\/www.biopapa.lt\/en\/wp-json\/wp\/v2\/media\/34659"}],"wp:attachment":[{"href":"https:\/\/www.biopapa.lt\/en\/wp-json\/wp\/v2\/media?parent=35832"}],"wp:term":[{"taxonomy":"product_brand","embeddable":true,"href":"https:\/\/www.biopapa.lt\/en\/wp-json\/wp\/v2\/product_brand?post=35832"},{"taxonomy":"product_cat","embeddable":true,"href":"https:\/\/www.biopapa.lt\/en\/wp-json\/wp\/v2\/product_cat?post=35832"},{"taxonomy":"product_tag","embeddable":true,"href":"https:\/\/www.biopapa.lt\/en\/wp-json\/wp\/v2\/product_tag?post=35832"}],"curies":[{"name":"wp","href":"https:\/\/api.w.org\/{rel}","templated":true}]}}