{"id":35032,"date":"2023-08-31T14:30:00","date_gmt":"2023-08-31T11:30:00","guid":{"rendered":"https:\/\/www.biopapa.lt\/produktas\/pencil-deodorant-natural-persian-lime-40-g-ben-anna\/"},"modified":"2026-03-09T15:10:54","modified_gmt":"2026-03-09T13:10:54","slug":"pencil-deodoran-natural-persian-lime-40g-ben-anna","status":"publish","type":"product","link":"https:\/\/www.biopapa.lt\/en\/produktas\/pencil-deodoran-natural-persian-lime-40g-ben-anna\/","title":{"rendered":"Pencil deodorant NATURAL PERSIAN LIME, 40 g, BEN &amp;ANNA"},"content":{"rendered":"<div>BEN&amp;ANNA is a natural cosmetics manufacturer from Germany. The vegan products developed by the brand are made with only natural ingredients that are certified as such. The Germans have done away with plastic and their packaging is made of recycled and recyclable paper, which is the brand&#8217;s way of contributing to the environment.<\/div>\n<div>Buy a Persian Lime &#8211; a refreshing start to the day!<\/div>\n<div>\n<ul>\n<li>reliably protects against moisture and sweat odour;<\/li>\n<li>aluminium-free;<\/li>\n<li>non-greasy and non-sticky;<\/li>\n<li>Improved, creamy recipe &#8211; no lumps;<\/li>\n<li>PEG, paraben, phthalate free;<\/li>\n<li>100% vegan, gluten-free;<\/li>\n<li>Certified natural cosmetics;<\/li>\n<li>FSC certified;<\/li>\n<li>contributes to cleaning up the ocean.<\/li>\n<\/ul>\n<p>Thanks to the all-natural ingredient natron, which naturally reduces microbes and bacteria, thus stopping sweat odour, you&#8217;ll be protected against unpleasant odours.<br \/>\nGender neutral deodorant. Thanks to sustainable and fully recyclable packaging, you have found not only a vegan and natural, but also a plastic-free alternative to conventional deodorant.<br \/>\nBy choosing a product from this manufacturer, you are supporting social projects that help to reduce plastic waste in the oceans of our Earth.<br \/>\nGood for the environment, good for you!<\/p>\n<\/div>\n<div><strong>To use: <\/strong>gently press the bottom of the tube with your finger and apply to the underarm skin.<\/div>\n<div><\/div>\n<div>Please note that the composition of products is subject to change. The most up-to-date list of ingredients is on the packaging of the product you bought. If the ingredients listed on the internet are different from those on the packaging, please refer to the list on the product you purchased.<\/div>\n","protected":false},"excerpt":{"rendered":"<p>BEN&amp;ANNA is a natural cosmetics manufacturer from Germany. The vegan products developed by the brand are made with only natural<\/p>\n","protected":false},"featured_media":265502,"template":"","meta":{"_acf_changed":false},"product_brand":[],"product_cat":[1962,1967,2540],"product_tag":[2058,2088],"class_list":{"0":"post-35032","1":"product","2":"type-product","3":"status-publish","4":"has-post-thumbnail","6":"product_cat-beauty-and-hygiene","7":"product_cat-body-care","8":"product_cat-deodorants","9":"product_tag-body-care","10":"product_tag-vegan","12":"first","13":"instock","14":"shipping-taxable","15":"purchasable","16":"product-type-simple"},"acf":[],"yoast_head":"<!-- This site is optimized with the Yoast SEO plugin v27.4 - https:\/\/yoast.com\/product\/yoast-seo-wordpress\/ -->\n<title>Pencil deodorant NATURAL PERSIAN LIME, 40 g, BEN &amp;ANNA - Biopapa<\/title>\n<meta name=\"description\" content=\"Thanks to sustainable and fully recyclable packaging, you will find not only a vegan and natural, but also a plastic-free alternative to regular deodorant.\" \/>\n<meta name=\"robots\" content=\"index, follow, max-snippet:-1, max-image-preview:large, max-video-preview:-1\" \/>\n<link rel=\"canonical\" href=\"https:\/\/www.biopapa.lt\/en\/produktas\/pencil-deodoran-natural-persian-lime-40g-ben-anna\/\" \/>\n<meta property=\"og:locale\" content=\"en_US\" \/>\n<meta property=\"og:type\" content=\"article\" \/>\n<meta property=\"og:title\" content=\"Pencil deodorant NATURAL PERSIAN LIME, 40 g, BEN &amp;ANNA - Biopapa\" \/>\n<meta property=\"og:description\" content=\"Thanks to sustainable and fully recyclable packaging, you will find not only a vegan and natural, but also a plastic-free alternative to regular deodorant.\" \/>\n<meta property=\"og:url\" content=\"https:\/\/www.biopapa.lt\/en\/produktas\/pencil-deodoran-natural-persian-lime-40g-ben-anna\/\" \/>\n<meta property=\"og:site_name\" content=\"Biopapa\" \/>\n<meta property=\"article:publisher\" content=\"https:\/\/www.facebook.com\/biopapa.lt\" \/>\n<meta property=\"article:modified_time\" content=\"2026-03-09T13:10:54+00:00\" \/>\n<meta property=\"og:image\" content=\"https:\/\/www.biopapa.lt\/wp-content\/uploads\/2023\/08\/Piestukinis-dezodorantas-NATURAL-PERSIAN-LIME-40-g.png\" \/>\n\t<meta property=\"og:image:width\" content=\"800\" \/>\n\t<meta property=\"og:image:height\" content=\"640\" \/>\n\t<meta property=\"og:image:type\" content=\"image\/png\" \/>\n<meta name=\"twitter:card\" content=\"summary_large_image\" \/>\n<script type=\"application\/ld+json\" class=\"yoast-schema-graph\">{\"@context\":\"https:\\\/\\\/schema.org\",\"@graph\":[{\"@type\":\"WebPage\",\"@id\":\"https:\\\/\\\/www.biopapa.lt\\\/en\\\/produktas\\\/pencil-deodoran-natural-persian-lime-40g-ben-anna\\\/\",\"url\":\"https:\\\/\\\/www.biopapa.lt\\\/en\\\/produktas\\\/pencil-deodoran-natural-persian-lime-40g-ben-anna\\\/\",\"name\":\"Pencil deodorant NATURAL PERSIAN LIME, 40 g, BEN &amp;ANNA - Biopapa\",\"isPartOf\":{\"@id\":\"https:\\\/\\\/www.biopapa.lt\\\/#website\"},\"primaryImageOfPage\":{\"@id\":\"https:\\\/\\\/www.biopapa.lt\\\/en\\\/produktas\\\/pencil-deodoran-natural-persian-lime-40g-ben-anna\\\/#primaryimage\"},\"image\":{\"@id\":\"https:\\\/\\\/www.biopapa.lt\\\/en\\\/produktas\\\/pencil-deodoran-natural-persian-lime-40g-ben-anna\\\/#primaryimage\"},\"thumbnailUrl\":\"https:\\\/\\\/www.biopapa.lt\\\/wp-content\\\/uploads\\\/2023\\\/08\\\/Piestukinis-dezodorantas-NATURAL-PERSIAN-LIME-40-g.png\",\"datePublished\":\"2023-08-31T11:30:00+00:00\",\"dateModified\":\"2026-03-09T13:10:54+00:00\",\"description\":\"Thanks to sustainable and fully recyclable packaging, you will find not only a vegan and natural, but also a plastic-free alternative to regular deodorant.\",\"breadcrumb\":{\"@id\":\"https:\\\/\\\/www.biopapa.lt\\\/en\\\/produktas\\\/pencil-deodoran-natural-persian-lime-40g-ben-anna\\\/#breadcrumb\"},\"inLanguage\":\"en-US\",\"potentialAction\":[{\"@type\":\"ReadAction\",\"target\":[\"https:\\\/\\\/www.biopapa.lt\\\/en\\\/produktas\\\/pencil-deodoran-natural-persian-lime-40g-ben-anna\\\/\"]}]},{\"@type\":\"ImageObject\",\"inLanguage\":\"en-US\",\"@id\":\"https:\\\/\\\/www.biopapa.lt\\\/en\\\/produktas\\\/pencil-deodoran-natural-persian-lime-40g-ben-anna\\\/#primaryimage\",\"url\":\"https:\\\/\\\/www.biopapa.lt\\\/wp-content\\\/uploads\\\/2023\\\/08\\\/Piestukinis-dezodorantas-NATURAL-PERSIAN-LIME-40-g.png\",\"contentUrl\":\"https:\\\/\\\/www.biopapa.lt\\\/wp-content\\\/uploads\\\/2023\\\/08\\\/Piestukinis-dezodorantas-NATURAL-PERSIAN-LIME-40-g.png\",\"width\":800,\"height\":640},{\"@type\":\"BreadcrumbList\",\"@id\":\"https:\\\/\\\/www.biopapa.lt\\\/en\\\/produktas\\\/pencil-deodoran-natural-persian-lime-40g-ben-anna\\\/#breadcrumb\",\"itemListElement\":[{\"@type\":\"ListItem\",\"position\":1,\"name\":\"Home\",\"item\":\"https:\\\/\\\/www.biopapa.lt\\\/en\\\/\"},{\"@type\":\"ListItem\",\"position\":2,\"name\":\"Shop\",\"item\":\"https:\\\/\\\/www.biopapa.lt\\\/en\\\/shop\\\/\"},{\"@type\":\"ListItem\",\"position\":3,\"name\":\"Pencil deodorant NATURAL PERSIAN LIME, 40 g, BEN &amp;ANNA\"}]},{\"@type\":\"WebSite\",\"@id\":\"https:\\\/\\\/www.biopapa.lt\\\/#website\",\"url\":\"https:\\\/\\\/www.biopapa.lt\\\/\",\"name\":\"Biopapa\",\"description\":\"\u0160var\u016bs ekologi\u0161ki produktai\",\"publisher\":{\"@id\":\"https:\\\/\\\/www.biopapa.lt\\\/#organization\"},\"potentialAction\":[{\"@type\":\"SearchAction\",\"target\":{\"@type\":\"EntryPoint\",\"urlTemplate\":\"https:\\\/\\\/www.biopapa.lt\\\/?s={search_term_string}\"},\"query-input\":{\"@type\":\"PropertyValueSpecification\",\"valueRequired\":true,\"valueName\":\"search_term_string\"}}],\"inLanguage\":\"en-US\"},{\"@type\":\"Organization\",\"@id\":\"https:\\\/\\\/www.biopapa.lt\\\/#organization\",\"name\":\"Biopapa\",\"url\":\"https:\\\/\\\/www.biopapa.lt\\\/\",\"logo\":{\"@type\":\"ImageObject\",\"inLanguage\":\"en-US\",\"@id\":\"https:\\\/\\\/www.biopapa.lt\\\/#\\\/schema\\\/logo\\\/image\\\/\",\"url\":\"https:\\\/\\\/www.biopapa.lt\\\/wp-content\\\/uploads\\\/2022\\\/04\\\/facebook_biopapa.jpg\",\"contentUrl\":\"https:\\\/\\\/www.biopapa.lt\\\/wp-content\\\/uploads\\\/2022\\\/04\\\/facebook_biopapa.jpg\",\"width\":1733,\"height\":907,\"caption\":\"Biopapa\"},\"image\":{\"@id\":\"https:\\\/\\\/www.biopapa.lt\\\/#\\\/schema\\\/logo\\\/image\\\/\"},\"sameAs\":[\"https:\\\/\\\/www.facebook.com\\\/biopapa.lt\"]}]}<\/script>\n<!-- \/ Yoast SEO plugin. -->","yoast_head_json":{"title":"Pencil deodorant NATURAL PERSIAN LIME, 40 g, BEN &amp;ANNA - Biopapa","description":"Thanks to sustainable and fully recyclable packaging, you will find not only a vegan and natural, but also a plastic-free alternative to regular deodorant.","robots":{"index":"index","follow":"follow","max-snippet":"max-snippet:-1","max-image-preview":"max-image-preview:large","max-video-preview":"max-video-preview:-1"},"canonical":"https:\/\/www.biopapa.lt\/en\/produktas\/pencil-deodoran-natural-persian-lime-40g-ben-anna\/","og_locale":"en_US","og_type":"article","og_title":"Pencil deodorant NATURAL PERSIAN LIME, 40 g, BEN &amp;ANNA - Biopapa","og_description":"Thanks to sustainable and fully recyclable packaging, you will find not only a vegan and natural, but also a plastic-free alternative to regular deodorant.","og_url":"https:\/\/www.biopapa.lt\/en\/produktas\/pencil-deodoran-natural-persian-lime-40g-ben-anna\/","og_site_name":"Biopapa","article_publisher":"https:\/\/www.facebook.com\/biopapa.lt","article_modified_time":"2026-03-09T13:10:54+00:00","og_image":[{"width":800,"height":640,"url":"https:\/\/www.biopapa.lt\/wp-content\/uploads\/2023\/08\/Piestukinis-dezodorantas-NATURAL-PERSIAN-LIME-40-g.png","type":"image\/png"}],"twitter_card":"summary_large_image","schema":{"@context":"https:\/\/schema.org","@graph":[{"@type":"WebPage","@id":"https:\/\/www.biopapa.lt\/en\/produktas\/pencil-deodoran-natural-persian-lime-40g-ben-anna\/","url":"https:\/\/www.biopapa.lt\/en\/produktas\/pencil-deodoran-natural-persian-lime-40g-ben-anna\/","name":"Pencil deodorant NATURAL PERSIAN LIME, 40 g, BEN &amp;ANNA - Biopapa","isPartOf":{"@id":"https:\/\/www.biopapa.lt\/#website"},"primaryImageOfPage":{"@id":"https:\/\/www.biopapa.lt\/en\/produktas\/pencil-deodoran-natural-persian-lime-40g-ben-anna\/#primaryimage"},"image":{"@id":"https:\/\/www.biopapa.lt\/en\/produktas\/pencil-deodoran-natural-persian-lime-40g-ben-anna\/#primaryimage"},"thumbnailUrl":"https:\/\/www.biopapa.lt\/wp-content\/uploads\/2023\/08\/Piestukinis-dezodorantas-NATURAL-PERSIAN-LIME-40-g.png","datePublished":"2023-08-31T11:30:00+00:00","dateModified":"2026-03-09T13:10:54+00:00","description":"Thanks to sustainable and fully recyclable packaging, you will find not only a vegan and natural, but also a plastic-free alternative to regular deodorant.","breadcrumb":{"@id":"https:\/\/www.biopapa.lt\/en\/produktas\/pencil-deodoran-natural-persian-lime-40g-ben-anna\/#breadcrumb"},"inLanguage":"en-US","potentialAction":[{"@type":"ReadAction","target":["https:\/\/www.biopapa.lt\/en\/produktas\/pencil-deodoran-natural-persian-lime-40g-ben-anna\/"]}]},{"@type":"ImageObject","inLanguage":"en-US","@id":"https:\/\/www.biopapa.lt\/en\/produktas\/pencil-deodoran-natural-persian-lime-40g-ben-anna\/#primaryimage","url":"https:\/\/www.biopapa.lt\/wp-content\/uploads\/2023\/08\/Piestukinis-dezodorantas-NATURAL-PERSIAN-LIME-40-g.png","contentUrl":"https:\/\/www.biopapa.lt\/wp-content\/uploads\/2023\/08\/Piestukinis-dezodorantas-NATURAL-PERSIAN-LIME-40-g.png","width":800,"height":640},{"@type":"BreadcrumbList","@id":"https:\/\/www.biopapa.lt\/en\/produktas\/pencil-deodoran-natural-persian-lime-40g-ben-anna\/#breadcrumb","itemListElement":[{"@type":"ListItem","position":1,"name":"Home","item":"https:\/\/www.biopapa.lt\/en\/"},{"@type":"ListItem","position":2,"name":"Shop","item":"https:\/\/www.biopapa.lt\/en\/shop\/"},{"@type":"ListItem","position":3,"name":"Pencil deodorant NATURAL PERSIAN LIME, 40 g, BEN &amp;ANNA"}]},{"@type":"WebSite","@id":"https:\/\/www.biopapa.lt\/#website","url":"https:\/\/www.biopapa.lt\/","name":"Biopapa","description":"\u0160var\u016bs ekologi\u0161ki produktai","publisher":{"@id":"https:\/\/www.biopapa.lt\/#organization"},"potentialAction":[{"@type":"SearchAction","target":{"@type":"EntryPoint","urlTemplate":"https:\/\/www.biopapa.lt\/?s={search_term_string}"},"query-input":{"@type":"PropertyValueSpecification","valueRequired":true,"valueName":"search_term_string"}}],"inLanguage":"en-US"},{"@type":"Organization","@id":"https:\/\/www.biopapa.lt\/#organization","name":"Biopapa","url":"https:\/\/www.biopapa.lt\/","logo":{"@type":"ImageObject","inLanguage":"en-US","@id":"https:\/\/www.biopapa.lt\/#\/schema\/logo\/image\/","url":"https:\/\/www.biopapa.lt\/wp-content\/uploads\/2022\/04\/facebook_biopapa.jpg","contentUrl":"https:\/\/www.biopapa.lt\/wp-content\/uploads\/2022\/04\/facebook_biopapa.jpg","width":1733,"height":907,"caption":"Biopapa"},"image":{"@id":"https:\/\/www.biopapa.lt\/#\/schema\/logo\/image\/"},"sameAs":["https:\/\/www.facebook.com\/biopapa.lt"]}]}},"_links":{"self":[{"href":"https:\/\/www.biopapa.lt\/en\/wp-json\/wp\/v2\/product\/35032","targetHints":{"allow":["GET"]}}],"collection":[{"href":"https:\/\/www.biopapa.lt\/en\/wp-json\/wp\/v2\/product"}],"about":[{"href":"https:\/\/www.biopapa.lt\/en\/wp-json\/wp\/v2\/types\/product"}],"wp:featuredmedia":[{"embeddable":true,"href":"https:\/\/www.biopapa.lt\/en\/wp-json\/wp\/v2\/media\/265502"}],"wp:attachment":[{"href":"https:\/\/www.biopapa.lt\/en\/wp-json\/wp\/v2\/media?parent=35032"}],"wp:term":[{"taxonomy":"product_brand","embeddable":true,"href":"https:\/\/www.biopapa.lt\/en\/wp-json\/wp\/v2\/product_brand?post=35032"},{"taxonomy":"product_cat","embeddable":true,"href":"https:\/\/www.biopapa.lt\/en\/wp-json\/wp\/v2\/product_cat?post=35032"},{"taxonomy":"product_tag","embeddable":true,"href":"https:\/\/www.biopapa.lt\/en\/wp-json\/wp\/v2\/product_tag?post=35032"}],"curies":[{"name":"wp","href":"https:\/\/api.w.org\/{rel}","templated":true}]}}