{"id":34525,"date":"2021-12-08T12:57:17","date_gmt":"2021-12-08T10:57:17","guid":{"rendered":"https:\/\/www.biopapa.lt\/produktas\/organic-turmeric-root\/"},"modified":"2025-12-22T15:00:32","modified_gmt":"2025-12-22T13:00:32","slug":"organic-turmeric-roots","status":"publish","type":"product","link":"https:\/\/www.biopapa.lt\/en\/produktas\/organic-turmeric-roots\/","title":{"rendered":"Organic turmeric root"},"content":{"rendered":"<p><strong>Turmeric<\/strong>, a bright golden spice, is a staple in many cuisines and traditional medicine systems around the world. Whether consumed fresh or dry, turmeric has impressive health benefits thanks to its active compound curcumin. Turmeric, or <em>Curcuma longa<\/em>, is a plant in the ginger family (Zingiberaceae) that originates from South-East Asia and has been revered for its healing properties for thousands of years. Its benefits are supported by traditional systems of medicine such as Ayurveda and Traditional Chinese Medicine (TCM), as well as by modern scientific research.<br \/>\nIt&#8217;s no secret that anything that is unprocessed has more nutrients. Curcumin is more abundant in fresh turmeric than in powdered form. Some curcumin is lost during the processing stage. Raw turmeric also contains more essential oils than processed turmeric, as drying and processing lose some of its essential oil value.<\/p>\n<p><em>Health benefits of turmeric<\/em><br \/>\nDried turmeric has a longer shelf life than fresh turmeric, making it convenient to store and use for a long time.<br \/>\nWhile fresh turmeric has a higher curcumin content, dried turmeric powder is more concentrated, making it an effective way to consume higher doses of curcumin.<br \/>\nDried turmeric is ground into a powder, making it easy to add to a wide range of recipes, teas and food supplements.<br \/>\nStudies show that curcumin in turmeric powder can inhibit the growth and spread of cancer cells, demonstrating the potential for cancer prevention and complementary therapy.<br \/>\nThe neuroprotective properties of curcumin in dried turmeric may help improve brain function and protect against neurodegenerative diseases such as Alzheimer&#8217;s.<br \/>\nTurmeric contains curcumin, which has a strong anti-inflammatory effect and can help with arthritis and inflammatory bowel disease.<br \/>\nThe antioxidant properties of curcumin in fresh turmeric help to neutralise free radicals, protect cells from oxidative damage and reduce the risk of chronic diseases.<br \/>\nRich in vitamins, minerals and essential oils, fresh turmeric boosts the immune system and strengthens the body&#8217;s defences against infections and diseases.<br \/>\nFresh and dried turmeric stimulates bile production, aids digestion and improves gut health.<br \/>\nDue to its anti-inflammatory nature, turmeric can provide natural pain relief for a wide range of conditions such as joint and headaches.<\/p>\n<p><em>How to use turmeric in food<\/em><br \/>\nFresh turmeric &#8211; grate or crush fresh turmeric and add it to curries, stews, soups, smoothies or teas.<\/p>\n<p>Dried turmeric &#8211; add dry turmeric powder to soups, stews, rice dishes or lentil dishes, even sprinkle on salads for a warm and distinctive taste. You can also make tea, and golden milk with turmeric by mixing it with warm plant milk and a little sweetener.<\/p>\n<p>Unfortunately, the curcumin in turmeric is poorly absorbed into the bloodstream. This reduces its health benefits.<br \/>\nHowever, the addition of black pepper can help. Studies claim that the combination of black pepper piperine and curcumin in turmeric increases curcumin absorption by up to 2000%.<br \/>\nCombining turmeric with black pepper therefore increases its potential health benefits.<\/p>\n<p><em>Side effects<\/em><br \/>\nDigestive problems &#8211; both dry and fresh turmeric can cause gastrointestinal upset when used in large doses.<br \/>\nTurmeric should be avoided in cases of acute hepatitis, jaundice, gallstones, bile duct disease, ulcers and hyperacidity.<br \/>\nUse caution, especially when used in combination with blood thinners.<\/p>\n<p><em>Conclusion<\/em><br \/>\nBoth fresh and dried turmeric have many health benefits due to its active compound curcumin. Whether you choose fresh turmeric for its intense flavour or dry turmeric for its convenience and concentrated curcumin content, incorporating this golden spice into your diet can certainly contribute to overall well-being and healthier living.<\/p>\n<p>Sources:<br \/>\nhttps:\/\/www.healthline.com<br \/>\nhttps:\/\/www.hopkinsmedicine.org<br \/>\nhttps:\/\/www.banyanbotanicals.com<\/p>\n<p><em>NOTE. The information contained herein should not be construed as a recommendation for treatment or other health issues. We encourage you to make personal decisions about your personal health, taking into account a wide range of sources of information<\/em>s.<\/p>\n","protected":false},"excerpt":{"rendered":"<p>Turmeric, a bright golden spice, is a staple in many cuisines and traditional medicine systems around the world. Whether consumed<\/p>\n","protected":false},"featured_media":28911,"template":"","meta":{"_acf_changed":false},"product_brand":[],"product_cat":[2020],"product_tag":[2092,2088],"class_list":{"0":"post-34525","1":"product","2":"type-product","3":"status-publish","4":"has-post-thumbnail","6":"product_cat-fruits-and-vegetables","7":"product_tag-raw-diet","8":"product_tag-vegan","9":"pa_svoris-1-kg-en-2","10":"pa_svoris-100-g-en-2","11":"pa_svoris-200-g-en","12":"pa_svoris-300-g-en","13":"pa_svoris-400-g-en","14":"pa_svoris-500-g-en-2","16":"first","17":"instock","18":"shipping-taxable","19":"purchasable","20":"product-type-variable"},"acf":[],"yoast_head":"<!-- This site is optimized with the Yoast SEO plugin v27.5 - https:\/\/yoast.com\/product\/yoast-seo-wordpress\/ -->\n<title>Organic turmeric root - Biopapa<\/title>\n<meta name=\"description\" content=\"Turmeric, or Curcuma longa, is a plant in the ginger family (Zingiberaceae) that originates from Southeast Asia and has been revered for its health benefits for millennia. Its benefits are supported by traditional systems of medicine such as Ayurveda and Traditional Chinese Medicine (TCM), as well as by modern scientific research.\" \/>\n<meta name=\"robots\" content=\"index, follow, max-snippet:-1, max-image-preview:large, max-video-preview:-1\" \/>\n<link rel=\"canonical\" href=\"https:\/\/www.biopapa.lt\/en\/produktas\/organic-turmeric-roots\/\" \/>\n<meta property=\"og:locale\" content=\"en_US\" \/>\n<meta property=\"og:type\" content=\"article\" \/>\n<meta property=\"og:title\" content=\"Organic turmeric root - Biopapa\" \/>\n<meta property=\"og:description\" content=\"Turmeric, or Curcuma longa, is a plant in the ginger family (Zingiberaceae) that originates from Southeast Asia and has been revered for its health benefits for millennia. Its benefits are supported by traditional systems of medicine such as Ayurveda and Traditional Chinese Medicine (TCM), as well as by modern scientific research.\" \/>\n<meta property=\"og:url\" content=\"https:\/\/www.biopapa.lt\/en\/produktas\/organic-turmeric-roots\/\" \/>\n<meta property=\"og:site_name\" content=\"Biopapa\" \/>\n<meta property=\"article:publisher\" content=\"https:\/\/www.facebook.com\/biopapa.lt\" \/>\n<meta property=\"article:modified_time\" content=\"2025-12-22T13:00:32+00:00\" \/>\n<meta property=\"og:image\" content=\"https:\/\/www.biopapa.lt\/wp-content\/uploads\/2022\/01\/ciberzoles-saknys.jpg\" \/>\n\t<meta property=\"og:image:width\" content=\"800\" \/>\n\t<meta property=\"og:image:height\" content=\"640\" \/>\n\t<meta property=\"og:image:type\" content=\"image\/jpeg\" \/>\n<meta name=\"twitter:card\" content=\"summary_large_image\" \/>\n<script type=\"application\/ld+json\" class=\"yoast-schema-graph\">{\"@context\":\"https:\\\/\\\/schema.org\",\"@graph\":[{\"@type\":\"WebPage\",\"@id\":\"https:\\\/\\\/www.biopapa.lt\\\/en\\\/produktas\\\/organic-turmeric-roots\\\/\",\"url\":\"https:\\\/\\\/www.biopapa.lt\\\/en\\\/produktas\\\/organic-turmeric-roots\\\/\",\"name\":\"Organic turmeric root - Biopapa\",\"isPartOf\":{\"@id\":\"https:\\\/\\\/www.biopapa.lt\\\/#website\"},\"primaryImageOfPage\":{\"@id\":\"https:\\\/\\\/www.biopapa.lt\\\/en\\\/produktas\\\/organic-turmeric-roots\\\/#primaryimage\"},\"image\":{\"@id\":\"https:\\\/\\\/www.biopapa.lt\\\/en\\\/produktas\\\/organic-turmeric-roots\\\/#primaryimage\"},\"thumbnailUrl\":\"https:\\\/\\\/www.biopapa.lt\\\/wp-content\\\/uploads\\\/2022\\\/01\\\/ciberzoles-saknys.jpg\",\"datePublished\":\"2021-12-08T10:57:17+00:00\",\"dateModified\":\"2025-12-22T13:00:32+00:00\",\"description\":\"Turmeric, or Curcuma longa, is a plant in the ginger family (Zingiberaceae) that originates from Southeast Asia and has been revered for its health benefits for millennia. Its benefits are supported by traditional systems of medicine such as Ayurveda and Traditional Chinese Medicine (TCM), as well as by modern scientific research.\",\"breadcrumb\":{\"@id\":\"https:\\\/\\\/www.biopapa.lt\\\/en\\\/produktas\\\/organic-turmeric-roots\\\/#breadcrumb\"},\"inLanguage\":\"en-US\",\"potentialAction\":[{\"@type\":\"ReadAction\",\"target\":[\"https:\\\/\\\/www.biopapa.lt\\\/en\\\/produktas\\\/organic-turmeric-roots\\\/\"]}]},{\"@type\":\"ImageObject\",\"inLanguage\":\"en-US\",\"@id\":\"https:\\\/\\\/www.biopapa.lt\\\/en\\\/produktas\\\/organic-turmeric-roots\\\/#primaryimage\",\"url\":\"https:\\\/\\\/www.biopapa.lt\\\/wp-content\\\/uploads\\\/2022\\\/01\\\/ciberzoles-saknys.jpg\",\"contentUrl\":\"https:\\\/\\\/www.biopapa.lt\\\/wp-content\\\/uploads\\\/2022\\\/01\\\/ciberzoles-saknys.jpg\",\"width\":800,\"height\":640},{\"@type\":\"BreadcrumbList\",\"@id\":\"https:\\\/\\\/www.biopapa.lt\\\/en\\\/produktas\\\/organic-turmeric-roots\\\/#breadcrumb\",\"itemListElement\":[{\"@type\":\"ListItem\",\"position\":1,\"name\":\"Home\",\"item\":\"https:\\\/\\\/www.biopapa.lt\\\/en\\\/\"},{\"@type\":\"ListItem\",\"position\":2,\"name\":\"Shop\",\"item\":\"https:\\\/\\\/www.biopapa.lt\\\/en\\\/shop\\\/\"},{\"@type\":\"ListItem\",\"position\":3,\"name\":\"Organic turmeric root\"}]},{\"@type\":\"WebSite\",\"@id\":\"https:\\\/\\\/www.biopapa.lt\\\/#website\",\"url\":\"https:\\\/\\\/www.biopapa.lt\\\/\",\"name\":\"Biopapa\",\"description\":\"\u0160var\u016bs ekologi\u0161ki produktai\",\"publisher\":{\"@id\":\"https:\\\/\\\/www.biopapa.lt\\\/#organization\"},\"potentialAction\":[{\"@type\":\"SearchAction\",\"target\":{\"@type\":\"EntryPoint\",\"urlTemplate\":\"https:\\\/\\\/www.biopapa.lt\\\/?s={search_term_string}\"},\"query-input\":{\"@type\":\"PropertyValueSpecification\",\"valueRequired\":true,\"valueName\":\"search_term_string\"}}],\"inLanguage\":\"en-US\"},{\"@type\":\"Organization\",\"@id\":\"https:\\\/\\\/www.biopapa.lt\\\/#organization\",\"name\":\"Biopapa\",\"url\":\"https:\\\/\\\/www.biopapa.lt\\\/\",\"logo\":{\"@type\":\"ImageObject\",\"inLanguage\":\"en-US\",\"@id\":\"https:\\\/\\\/www.biopapa.lt\\\/#\\\/schema\\\/logo\\\/image\\\/\",\"url\":\"https:\\\/\\\/www.biopapa.lt\\\/wp-content\\\/uploads\\\/2022\\\/04\\\/facebook_biopapa.jpg\",\"contentUrl\":\"https:\\\/\\\/www.biopapa.lt\\\/wp-content\\\/uploads\\\/2022\\\/04\\\/facebook_biopapa.jpg\",\"width\":1733,\"height\":907,\"caption\":\"Biopapa\"},\"image\":{\"@id\":\"https:\\\/\\\/www.biopapa.lt\\\/#\\\/schema\\\/logo\\\/image\\\/\"},\"sameAs\":[\"https:\\\/\\\/www.facebook.com\\\/biopapa.lt\"]}]}<\/script>\n<!-- \/ Yoast SEO plugin. -->","yoast_head_json":{"title":"Organic turmeric root - Biopapa","description":"Turmeric, or Curcuma longa, is a plant in the ginger family (Zingiberaceae) that originates from Southeast Asia and has been revered for its health benefits for millennia. Its benefits are supported by traditional systems of medicine such as Ayurveda and Traditional Chinese Medicine (TCM), as well as by modern scientific research.","robots":{"index":"index","follow":"follow","max-snippet":"max-snippet:-1","max-image-preview":"max-image-preview:large","max-video-preview":"max-video-preview:-1"},"canonical":"https:\/\/www.biopapa.lt\/en\/produktas\/organic-turmeric-roots\/","og_locale":"en_US","og_type":"article","og_title":"Organic turmeric root - Biopapa","og_description":"Turmeric, or Curcuma longa, is a plant in the ginger family (Zingiberaceae) that originates from Southeast Asia and has been revered for its health benefits for millennia. Its benefits are supported by traditional systems of medicine such as Ayurveda and Traditional Chinese Medicine (TCM), as well as by modern scientific research.","og_url":"https:\/\/www.biopapa.lt\/en\/produktas\/organic-turmeric-roots\/","og_site_name":"Biopapa","article_publisher":"https:\/\/www.facebook.com\/biopapa.lt","article_modified_time":"2025-12-22T13:00:32+00:00","og_image":[{"width":800,"height":640,"url":"https:\/\/www.biopapa.lt\/wp-content\/uploads\/2022\/01\/ciberzoles-saknys.jpg","type":"image\/jpeg"}],"twitter_card":"summary_large_image","schema":{"@context":"https:\/\/schema.org","@graph":[{"@type":"WebPage","@id":"https:\/\/www.biopapa.lt\/en\/produktas\/organic-turmeric-roots\/","url":"https:\/\/www.biopapa.lt\/en\/produktas\/organic-turmeric-roots\/","name":"Organic turmeric root - Biopapa","isPartOf":{"@id":"https:\/\/www.biopapa.lt\/#website"},"primaryImageOfPage":{"@id":"https:\/\/www.biopapa.lt\/en\/produktas\/organic-turmeric-roots\/#primaryimage"},"image":{"@id":"https:\/\/www.biopapa.lt\/en\/produktas\/organic-turmeric-roots\/#primaryimage"},"thumbnailUrl":"https:\/\/www.biopapa.lt\/wp-content\/uploads\/2022\/01\/ciberzoles-saknys.jpg","datePublished":"2021-12-08T10:57:17+00:00","dateModified":"2025-12-22T13:00:32+00:00","description":"Turmeric, or Curcuma longa, is a plant in the ginger family (Zingiberaceae) that originates from Southeast Asia and has been revered for its health benefits for millennia. Its benefits are supported by traditional systems of medicine such as Ayurveda and Traditional Chinese Medicine (TCM), as well as by modern scientific research.","breadcrumb":{"@id":"https:\/\/www.biopapa.lt\/en\/produktas\/organic-turmeric-roots\/#breadcrumb"},"inLanguage":"en-US","potentialAction":[{"@type":"ReadAction","target":["https:\/\/www.biopapa.lt\/en\/produktas\/organic-turmeric-roots\/"]}]},{"@type":"ImageObject","inLanguage":"en-US","@id":"https:\/\/www.biopapa.lt\/en\/produktas\/organic-turmeric-roots\/#primaryimage","url":"https:\/\/www.biopapa.lt\/wp-content\/uploads\/2022\/01\/ciberzoles-saknys.jpg","contentUrl":"https:\/\/www.biopapa.lt\/wp-content\/uploads\/2022\/01\/ciberzoles-saknys.jpg","width":800,"height":640},{"@type":"BreadcrumbList","@id":"https:\/\/www.biopapa.lt\/en\/produktas\/organic-turmeric-roots\/#breadcrumb","itemListElement":[{"@type":"ListItem","position":1,"name":"Home","item":"https:\/\/www.biopapa.lt\/en\/"},{"@type":"ListItem","position":2,"name":"Shop","item":"https:\/\/www.biopapa.lt\/en\/shop\/"},{"@type":"ListItem","position":3,"name":"Organic turmeric root"}]},{"@type":"WebSite","@id":"https:\/\/www.biopapa.lt\/#website","url":"https:\/\/www.biopapa.lt\/","name":"Biopapa","description":"\u0160var\u016bs ekologi\u0161ki produktai","publisher":{"@id":"https:\/\/www.biopapa.lt\/#organization"},"potentialAction":[{"@type":"SearchAction","target":{"@type":"EntryPoint","urlTemplate":"https:\/\/www.biopapa.lt\/?s={search_term_string}"},"query-input":{"@type":"PropertyValueSpecification","valueRequired":true,"valueName":"search_term_string"}}],"inLanguage":"en-US"},{"@type":"Organization","@id":"https:\/\/www.biopapa.lt\/#organization","name":"Biopapa","url":"https:\/\/www.biopapa.lt\/","logo":{"@type":"ImageObject","inLanguage":"en-US","@id":"https:\/\/www.biopapa.lt\/#\/schema\/logo\/image\/","url":"https:\/\/www.biopapa.lt\/wp-content\/uploads\/2022\/04\/facebook_biopapa.jpg","contentUrl":"https:\/\/www.biopapa.lt\/wp-content\/uploads\/2022\/04\/facebook_biopapa.jpg","width":1733,"height":907,"caption":"Biopapa"},"image":{"@id":"https:\/\/www.biopapa.lt\/#\/schema\/logo\/image\/"},"sameAs":["https:\/\/www.facebook.com\/biopapa.lt"]}]}},"_links":{"self":[{"href":"https:\/\/www.biopapa.lt\/en\/wp-json\/wp\/v2\/product\/34525","targetHints":{"allow":["GET"]}}],"collection":[{"href":"https:\/\/www.biopapa.lt\/en\/wp-json\/wp\/v2\/product"}],"about":[{"href":"https:\/\/www.biopapa.lt\/en\/wp-json\/wp\/v2\/types\/product"}],"wp:featuredmedia":[{"embeddable":true,"href":"https:\/\/www.biopapa.lt\/en\/wp-json\/wp\/v2\/media\/28911"}],"wp:attachment":[{"href":"https:\/\/www.biopapa.lt\/en\/wp-json\/wp\/v2\/media?parent=34525"}],"wp:term":[{"taxonomy":"product_brand","embeddable":true,"href":"https:\/\/www.biopapa.lt\/en\/wp-json\/wp\/v2\/product_brand?post=34525"},{"taxonomy":"product_cat","embeddable":true,"href":"https:\/\/www.biopapa.lt\/en\/wp-json\/wp\/v2\/product_cat?post=34525"},{"taxonomy":"product_tag","embeddable":true,"href":"https:\/\/www.biopapa.lt\/en\/wp-json\/wp\/v2\/product_tag?post=34525"}],"curies":[{"name":"wp","href":"https:\/\/api.w.org\/{rel}","templated":true}]}}