{"id":34521,"date":"2021-12-08T13:02:35","date_gmt":"2021-12-08T11:02:35","guid":{"rendered":"https:\/\/www.biopapa.lt\/produktas\/organic-ginger-root\/"},"modified":"2025-12-22T14:27:40","modified_gmt":"2025-12-22T12:27:40","slug":"organic-ginger-roots","status":"publish","type":"product","link":"https:\/\/www.biopapa.lt\/en\/produktas\/organic-ginger-roots\/","title":{"rendered":"Organic ginger root"},"content":{"rendered":"<p><strong>Ginger<\/strong> is considered one of the most valuable and widely used herbs and its healing effects have been known for centuries. Ginger, Latin <em>Zingiber officinale<\/em>, is a perennial plant found mainly in China, India and Nepal.<br \/>\nGinger comes from a family of plants that includes cardamom and turmeric. Its pungent taste is mainly due to ketones, especially gingerols, which are the main components of ginger and have been studied in many health-related scientific studies. In India and China, ginger has been used for millennia. Ginger is believed to have arrived in the Roman Empire from India 2,000 years ago, spreading throughout Europe.<br \/>\nLike many medicinal plants, ginger&#8217;s health benefits have been passed on by word of mouth and have not had the scientific evidence to back up many of the claims. However, over the last few years, many studies have been carried out on the properties of ginger and its various components, which have confirmed the multiple health benefits of ginger.<br \/>\nSo, ginger is not only great tasting, but also has many health benefits. The most commonly used part is the above-ground rhizome, sometimes incorrectly referred to as the root.<br \/>\nWhen consuming ginger, think \u201cdigestion, lungs and circulation\u201d as these are the areas where it is most beneficial.   To mention a few of the many benefits of ginger: it relieves cold symptoms, eases coughs and breathing difficulties, soothes sore throats, helps to remove toxins, stimulates digestion, prevents nausea, stimulates appetite, improves circulation and relieves pain. It is believed to help you stay young for longer.<\/p>\n<p>Ginger is used both fresh and dried. Fresh ginger is safe for most people. Dry ginger is spicier and may be too strong for some, so it should be used sparingly in summer and early autumn.<\/p>\n<p><a href=\"https:\/\/www.biopapa.lt\/en\/produktas\/organic-ginger-powder\/\">Dried ginger powder<\/a> and fresh ginger are used as a spice in cooking. It also combines well with other spices such as turmeric, cumin, coriander, fennel and cinnamon. Ginger is used in sauces, curries, marinades, soup, stews, baked goods and tea.<br \/>\nGinger is particularly suitable for the winter season. Ginger tea not only provides cosy warmth on cold winter days, but can also be used to give a wonderful warming flavour to biscuits and other sweets. Most of us probably don&#8217;t go without gingerbread flavoured treats on our Christmas table.<br \/>\nNote. Dried ginger is safe to consume, but it is not advisable to consume doses higher than 5 grams per day.<\/p>\n<p class=\"p1\"><em>Recipes:<\/em><\/p>\n<ol>\n<li>Prepare a few apples, cut out the stems with the seeds and put them in a baking dish with 1\/2 cup of water. Grate <a href=\"https:\/\/www.biopapa.lt\/en\/produktas\/organic-ginger-roots\/\">fresh ginger<\/a> into the raisin-cinnamon mixture. Fill the apples with this mixture and bake at 170 C for about 30 minutes. Drizzle with honey or maple syrup after baking. Delicious!<\/li>\n<li>Chop <a href=\"https:\/\/www.biopapa.lt\/en\/produktas\/organic-ginger-roots\/\">fresh ginger<\/a>, splash with lemon juice and eat with a pinch of Himalayan salt. This is said to help nutrient absorption.<\/li>\n<li>Grate 1 teaspoon of <a href=\"https:\/\/www.biopapa.lt\/en\/produktas\/organic-ginger-roots\/\">fresh ginger<\/a> very finely (to the consistency of porridge), add a pinch of Himalayan salt and a drop of oil, and eat 10-15 minutes before lunch. This stimulates digestion.<\/li>\n<li>Tea with <a href=\"https:\/\/www.biopapa.lt\/en\/produktas\/organic-ginger-roots\/\">fresh ginger<\/a>:\n<p class=\"p1\">Wash the root and cut the root into about 4 cm pieces, Place the pieces in a pot and add the desired amount of water, depending on how strong you want the tea to be, e.g. 2-4 cups. Bring to the boil and<span class=\"Apple-converted-space\">  <\/span>cook for 5-10 minutes. Allow to cool slightly before drinking. Can be seasoned with lemon.<\/p>\n<p><em>Attention.<\/em> Due to the warming effect of ginger, it is not recommended in case of ulcers and high temperatures.<\/li>\n<\/ol>\n<p class=\"p3\">Sources<br \/>\nhttps:\/\/academic.oup.com<br \/>\n<span class=\"s1\">https:\/\/www.tcmworld.org<br \/>\n<\/span><span class=\"s1\">https:\/\/www.banyanbotanicals.com<\/span><\/p>\n<p class=\"p1\"><em><span class=\"s2\">NOTE. <\/span>The information contained herein should not be construed as a recommendation for treatment or other health issues.<br \/>\nWe encourage you to make personal decisions about your personal health by evaluating a variety of information sources.<\/em><\/p>\n","protected":false},"excerpt":{"rendered":"<p>Ginger is considered one of the most valuable and widely used herbs and its healing effects have been known for<\/p>\n","protected":false},"featured_media":28913,"template":"","meta":{"_acf_changed":false},"product_brand":[],"product_cat":[2020],"product_tag":[2092,2088],"class_list":{"0":"post-34521","1":"product","2":"type-product","3":"status-publish","4":"has-post-thumbnail","6":"product_cat-fruits-and-vegetables","7":"product_tag-raw-diet","8":"product_tag-vegan","9":"pa_svoris-1-kg-en-2","10":"pa_svoris-200-g-en","11":"pa_svoris-300-g-en","12":"pa_svoris-400-g-en","13":"pa_svoris-500-g-en-2","15":"first","16":"instock","17":"shipping-taxable","18":"purchasable","19":"product-type-variable"},"acf":[],"yoast_head":"<!-- This site is optimized with the Yoast SEO plugin v27.5 - https:\/\/yoast.com\/product\/yoast-seo-wordpress\/ -->\n<title>Organic ginger root - Biopapa<\/title>\n<meta name=\"description\" content=\"Biopapa organic ginger roots are perfect for making tea and flavouring a variety of dishes. Pleasantly spicy taste.\" \/>\n<meta name=\"robots\" content=\"index, follow, max-snippet:-1, max-image-preview:large, max-video-preview:-1\" \/>\n<link rel=\"canonical\" href=\"https:\/\/www.biopapa.lt\/en\/produktas\/organic-ginger-roots\/\" \/>\n<meta property=\"og:locale\" content=\"en_US\" \/>\n<meta property=\"og:type\" content=\"article\" \/>\n<meta property=\"og:title\" content=\"Organic ginger root - Biopapa\" \/>\n<meta property=\"og:description\" content=\"Biopapa organic ginger roots are perfect for making tea and flavouring a variety of dishes. Pleasantly spicy taste.\" \/>\n<meta property=\"og:url\" content=\"https:\/\/www.biopapa.lt\/en\/produktas\/organic-ginger-roots\/\" \/>\n<meta property=\"og:site_name\" content=\"Biopapa\" \/>\n<meta property=\"article:publisher\" content=\"https:\/\/www.facebook.com\/biopapa.lt\" \/>\n<meta property=\"article:modified_time\" content=\"2025-12-22T12:27:40+00:00\" \/>\n<meta property=\"og:image\" content=\"https:\/\/www.biopapa.lt\/wp-content\/uploads\/2022\/01\/imbieru-saknys.jpg\" \/>\n\t<meta property=\"og:image:width\" content=\"800\" \/>\n\t<meta property=\"og:image:height\" content=\"640\" \/>\n\t<meta property=\"og:image:type\" content=\"image\/jpeg\" \/>\n<meta name=\"twitter:card\" content=\"summary_large_image\" \/>\n<script type=\"application\/ld+json\" class=\"yoast-schema-graph\">{\"@context\":\"https:\\\/\\\/schema.org\",\"@graph\":[{\"@type\":\"WebPage\",\"@id\":\"https:\\\/\\\/www.biopapa.lt\\\/en\\\/produktas\\\/organic-ginger-roots\\\/\",\"url\":\"https:\\\/\\\/www.biopapa.lt\\\/en\\\/produktas\\\/organic-ginger-roots\\\/\",\"name\":\"Organic ginger root - Biopapa\",\"isPartOf\":{\"@id\":\"https:\\\/\\\/www.biopapa.lt\\\/#website\"},\"primaryImageOfPage\":{\"@id\":\"https:\\\/\\\/www.biopapa.lt\\\/en\\\/produktas\\\/organic-ginger-roots\\\/#primaryimage\"},\"image\":{\"@id\":\"https:\\\/\\\/www.biopapa.lt\\\/en\\\/produktas\\\/organic-ginger-roots\\\/#primaryimage\"},\"thumbnailUrl\":\"https:\\\/\\\/www.biopapa.lt\\\/wp-content\\\/uploads\\\/2022\\\/01\\\/imbieru-saknys.jpg\",\"datePublished\":\"2021-12-08T11:02:35+00:00\",\"dateModified\":\"2025-12-22T12:27:40+00:00\",\"description\":\"Biopapa organic ginger roots are perfect for making tea and flavouring a variety of dishes. Pleasantly spicy taste.\",\"breadcrumb\":{\"@id\":\"https:\\\/\\\/www.biopapa.lt\\\/en\\\/produktas\\\/organic-ginger-roots\\\/#breadcrumb\"},\"inLanguage\":\"en-US\",\"potentialAction\":[{\"@type\":\"ReadAction\",\"target\":[\"https:\\\/\\\/www.biopapa.lt\\\/en\\\/produktas\\\/organic-ginger-roots\\\/\"]}]},{\"@type\":\"ImageObject\",\"inLanguage\":\"en-US\",\"@id\":\"https:\\\/\\\/www.biopapa.lt\\\/en\\\/produktas\\\/organic-ginger-roots\\\/#primaryimage\",\"url\":\"https:\\\/\\\/www.biopapa.lt\\\/wp-content\\\/uploads\\\/2022\\\/01\\\/imbieru-saknys.jpg\",\"contentUrl\":\"https:\\\/\\\/www.biopapa.lt\\\/wp-content\\\/uploads\\\/2022\\\/01\\\/imbieru-saknys.jpg\",\"width\":800,\"height\":640},{\"@type\":\"BreadcrumbList\",\"@id\":\"https:\\\/\\\/www.biopapa.lt\\\/en\\\/produktas\\\/organic-ginger-roots\\\/#breadcrumb\",\"itemListElement\":[{\"@type\":\"ListItem\",\"position\":1,\"name\":\"Home\",\"item\":\"https:\\\/\\\/www.biopapa.lt\\\/en\\\/\"},{\"@type\":\"ListItem\",\"position\":2,\"name\":\"Shop\",\"item\":\"https:\\\/\\\/www.biopapa.lt\\\/en\\\/shop\\\/\"},{\"@type\":\"ListItem\",\"position\":3,\"name\":\"Organic ginger root\"}]},{\"@type\":\"WebSite\",\"@id\":\"https:\\\/\\\/www.biopapa.lt\\\/#website\",\"url\":\"https:\\\/\\\/www.biopapa.lt\\\/\",\"name\":\"Biopapa\",\"description\":\"\u0160var\u016bs ekologi\u0161ki produktai\",\"publisher\":{\"@id\":\"https:\\\/\\\/www.biopapa.lt\\\/#organization\"},\"potentialAction\":[{\"@type\":\"SearchAction\",\"target\":{\"@type\":\"EntryPoint\",\"urlTemplate\":\"https:\\\/\\\/www.biopapa.lt\\\/?s={search_term_string}\"},\"query-input\":{\"@type\":\"PropertyValueSpecification\",\"valueRequired\":true,\"valueName\":\"search_term_string\"}}],\"inLanguage\":\"en-US\"},{\"@type\":\"Organization\",\"@id\":\"https:\\\/\\\/www.biopapa.lt\\\/#organization\",\"name\":\"Biopapa\",\"url\":\"https:\\\/\\\/www.biopapa.lt\\\/\",\"logo\":{\"@type\":\"ImageObject\",\"inLanguage\":\"en-US\",\"@id\":\"https:\\\/\\\/www.biopapa.lt\\\/#\\\/schema\\\/logo\\\/image\\\/\",\"url\":\"https:\\\/\\\/www.biopapa.lt\\\/wp-content\\\/uploads\\\/2022\\\/04\\\/facebook_biopapa.jpg\",\"contentUrl\":\"https:\\\/\\\/www.biopapa.lt\\\/wp-content\\\/uploads\\\/2022\\\/04\\\/facebook_biopapa.jpg\",\"width\":1733,\"height\":907,\"caption\":\"Biopapa\"},\"image\":{\"@id\":\"https:\\\/\\\/www.biopapa.lt\\\/#\\\/schema\\\/logo\\\/image\\\/\"},\"sameAs\":[\"https:\\\/\\\/www.facebook.com\\\/biopapa.lt\"]}]}<\/script>\n<!-- \/ Yoast SEO plugin. -->","yoast_head_json":{"title":"Organic ginger root - Biopapa","description":"Biopapa organic ginger roots are perfect for making tea and flavouring a variety of dishes. Pleasantly spicy taste.","robots":{"index":"index","follow":"follow","max-snippet":"max-snippet:-1","max-image-preview":"max-image-preview:large","max-video-preview":"max-video-preview:-1"},"canonical":"https:\/\/www.biopapa.lt\/en\/produktas\/organic-ginger-roots\/","og_locale":"en_US","og_type":"article","og_title":"Organic ginger root - Biopapa","og_description":"Biopapa organic ginger roots are perfect for making tea and flavouring a variety of dishes. Pleasantly spicy taste.","og_url":"https:\/\/www.biopapa.lt\/en\/produktas\/organic-ginger-roots\/","og_site_name":"Biopapa","article_publisher":"https:\/\/www.facebook.com\/biopapa.lt","article_modified_time":"2025-12-22T12:27:40+00:00","og_image":[{"width":800,"height":640,"url":"https:\/\/www.biopapa.lt\/wp-content\/uploads\/2022\/01\/imbieru-saknys.jpg","type":"image\/jpeg"}],"twitter_card":"summary_large_image","schema":{"@context":"https:\/\/schema.org","@graph":[{"@type":"WebPage","@id":"https:\/\/www.biopapa.lt\/en\/produktas\/organic-ginger-roots\/","url":"https:\/\/www.biopapa.lt\/en\/produktas\/organic-ginger-roots\/","name":"Organic ginger root - Biopapa","isPartOf":{"@id":"https:\/\/www.biopapa.lt\/#website"},"primaryImageOfPage":{"@id":"https:\/\/www.biopapa.lt\/en\/produktas\/organic-ginger-roots\/#primaryimage"},"image":{"@id":"https:\/\/www.biopapa.lt\/en\/produktas\/organic-ginger-roots\/#primaryimage"},"thumbnailUrl":"https:\/\/www.biopapa.lt\/wp-content\/uploads\/2022\/01\/imbieru-saknys.jpg","datePublished":"2021-12-08T11:02:35+00:00","dateModified":"2025-12-22T12:27:40+00:00","description":"Biopapa organic ginger roots are perfect for making tea and flavouring a variety of dishes. Pleasantly spicy taste.","breadcrumb":{"@id":"https:\/\/www.biopapa.lt\/en\/produktas\/organic-ginger-roots\/#breadcrumb"},"inLanguage":"en-US","potentialAction":[{"@type":"ReadAction","target":["https:\/\/www.biopapa.lt\/en\/produktas\/organic-ginger-roots\/"]}]},{"@type":"ImageObject","inLanguage":"en-US","@id":"https:\/\/www.biopapa.lt\/en\/produktas\/organic-ginger-roots\/#primaryimage","url":"https:\/\/www.biopapa.lt\/wp-content\/uploads\/2022\/01\/imbieru-saknys.jpg","contentUrl":"https:\/\/www.biopapa.lt\/wp-content\/uploads\/2022\/01\/imbieru-saknys.jpg","width":800,"height":640},{"@type":"BreadcrumbList","@id":"https:\/\/www.biopapa.lt\/en\/produktas\/organic-ginger-roots\/#breadcrumb","itemListElement":[{"@type":"ListItem","position":1,"name":"Home","item":"https:\/\/www.biopapa.lt\/en\/"},{"@type":"ListItem","position":2,"name":"Shop","item":"https:\/\/www.biopapa.lt\/en\/shop\/"},{"@type":"ListItem","position":3,"name":"Organic ginger root"}]},{"@type":"WebSite","@id":"https:\/\/www.biopapa.lt\/#website","url":"https:\/\/www.biopapa.lt\/","name":"Biopapa","description":"\u0160var\u016bs ekologi\u0161ki produktai","publisher":{"@id":"https:\/\/www.biopapa.lt\/#organization"},"potentialAction":[{"@type":"SearchAction","target":{"@type":"EntryPoint","urlTemplate":"https:\/\/www.biopapa.lt\/?s={search_term_string}"},"query-input":{"@type":"PropertyValueSpecification","valueRequired":true,"valueName":"search_term_string"}}],"inLanguage":"en-US"},{"@type":"Organization","@id":"https:\/\/www.biopapa.lt\/#organization","name":"Biopapa","url":"https:\/\/www.biopapa.lt\/","logo":{"@type":"ImageObject","inLanguage":"en-US","@id":"https:\/\/www.biopapa.lt\/#\/schema\/logo\/image\/","url":"https:\/\/www.biopapa.lt\/wp-content\/uploads\/2022\/04\/facebook_biopapa.jpg","contentUrl":"https:\/\/www.biopapa.lt\/wp-content\/uploads\/2022\/04\/facebook_biopapa.jpg","width":1733,"height":907,"caption":"Biopapa"},"image":{"@id":"https:\/\/www.biopapa.lt\/#\/schema\/logo\/image\/"},"sameAs":["https:\/\/www.facebook.com\/biopapa.lt"]}]}},"_links":{"self":[{"href":"https:\/\/www.biopapa.lt\/en\/wp-json\/wp\/v2\/product\/34521","targetHints":{"allow":["GET"]}}],"collection":[{"href":"https:\/\/www.biopapa.lt\/en\/wp-json\/wp\/v2\/product"}],"about":[{"href":"https:\/\/www.biopapa.lt\/en\/wp-json\/wp\/v2\/types\/product"}],"wp:featuredmedia":[{"embeddable":true,"href":"https:\/\/www.biopapa.lt\/en\/wp-json\/wp\/v2\/media\/28913"}],"wp:attachment":[{"href":"https:\/\/www.biopapa.lt\/en\/wp-json\/wp\/v2\/media?parent=34521"}],"wp:term":[{"taxonomy":"product_brand","embeddable":true,"href":"https:\/\/www.biopapa.lt\/en\/wp-json\/wp\/v2\/product_brand?post=34521"},{"taxonomy":"product_cat","embeddable":true,"href":"https:\/\/www.biopapa.lt\/en\/wp-json\/wp\/v2\/product_cat?post=34521"},{"taxonomy":"product_tag","embeddable":true,"href":"https:\/\/www.biopapa.lt\/en\/wp-json\/wp\/v2\/product_tag?post=34521"}],"curies":[{"name":"wp","href":"https:\/\/api.w.org\/{rel}","templated":true}]}}