{"id":34495,"date":"2023-01-13T22:38:59","date_gmt":"2023-01-13T20:38:59","guid":{"rendered":"https:\/\/www.biopapa.lt\/produktas\/organic-fruit-and-vegetables-made-to-order\/"},"modified":"2025-12-22T13:53:52","modified_gmt":"2025-12-22T11:53:52","slug":"organic-fruits-and-vegetables-to-order","status":"publish","type":"product","link":"https:\/\/www.biopapa.lt\/en\/produktas\/organic-fruits-and-vegetables-to-order\/","title":{"rendered":"Organic fruit and vegetables made to order"},"content":{"rendered":"<p><strong>Organic fruit and vegetables to order<\/strong><br \/>\nOrganic fruit and vegetables can be ordered and will only be delivered on request.<br \/>\nOrders are accepted weekly until Thursday 5pm for the following week, with products arriving on Wednesdays\/Thursdays. <\/p>\n<p><strong>How to order:<br \/>\n<\/strong>&#8211; Download the list &#8211; <strong><a href=\"https:\/\/www.biopapa.lt\/wp-content\/uploads\/2023\/01\/EKOLOGISKI-VAISIAI-IR-DARZOVES-1.xlsx\">ORGANIC-FRUIT-AND-VEGETABLES<\/a><\/strong><br \/>\n&#8211; Select the items from the list, tick the quantity you want to order (kg\/piece).<br \/>\n&#8211; Email your order by Thursday 5:00 pm &#8211; info@biopapa.lt;<br \/>\n&#8211; We will send you an invoice for payment (we will only process the order after you have paid the invoice). <\/p>\n<p>You can pick up your order at the physical Biopapa store on Thursdays after 12:00 at Klaip\u0117dos g. 3, Vilnius, or we will send your order by Venipak courier to your address. If you wish to choose a DPD courier, please inform us of your choice by e-mail when placing your order.<\/p>\n<p><strong>Remark. <\/strong><strong>In certain weather conditions, especially high or low temperatures, you will only be able to collect your order from the physical Biopapa store.<\/strong><\/p>\n<p>Be well!\ud83d\udc9b<\/p>\n","protected":false},"excerpt":{"rendered":"<p>Organic fruit and vegetables to order Organic fruit and vegetables can be ordered and will only be delivered on request.<\/p>\n","protected":false},"featured_media":43721,"template":"","meta":{"_acf_changed":false},"product_brand":[],"product_cat":[2020],"product_tag":[2092,2088],"class_list":{"0":"post-34495","1":"product","2":"type-product","3":"status-publish","4":"has-post-thumbnail","6":"product_cat-fruits-and-vegetables","7":"product_tag-raw-diet","8":"product_tag-vegan","10":"first","11":"onbackorder","12":"shipping-taxable","13":"product-type-simple"},"acf":[],"yoast_head":"<!-- This site is optimized with the Yoast SEO plugin v27.6 - https:\/\/yoast.com\/product\/yoast-seo-wordpress\/ -->\n<title>Organic fruit and vegetables made to order - Biopapa<\/title>\n<meta name=\"description\" content=\"Organic fruit and vegetables made to order\" \/>\n<meta name=\"robots\" content=\"index, follow, max-snippet:-1, max-image-preview:large, max-video-preview:-1\" \/>\n<link rel=\"canonical\" href=\"https:\/\/www.biopapa.lt\/en\/produktas\/organic-fruits-and-vegetables-to-order\/\" \/>\n<meta property=\"og:locale\" content=\"en_US\" \/>\n<meta property=\"og:type\" content=\"article\" \/>\n<meta property=\"og:title\" content=\"Organic fruit and vegetables made to order - Biopapa\" \/>\n<meta property=\"og:description\" content=\"Organic fruit and vegetables made to order\" \/>\n<meta property=\"og:url\" content=\"https:\/\/www.biopapa.lt\/en\/produktas\/organic-fruits-and-vegetables-to-order\/\" \/>\n<meta property=\"og:site_name\" content=\"Biopapa\" \/>\n<meta property=\"article:publisher\" content=\"https:\/\/www.facebook.com\/biopapa.lt\" \/>\n<meta property=\"article:modified_time\" content=\"2025-12-22T11:53:52+00:00\" \/>\n<meta property=\"og:image\" content=\"https:\/\/www.biopapa.lt\/wp-content\/uploads\/2023\/01\/uzsakymas-1.png\" \/>\n\t<meta property=\"og:image:width\" content=\"800\" \/>\n\t<meta property=\"og:image:height\" content=\"640\" \/>\n\t<meta property=\"og:image:type\" content=\"image\/png\" \/>\n<meta name=\"twitter:card\" content=\"summary_large_image\" \/>\n<script type=\"application\/ld+json\" class=\"yoast-schema-graph\">{\"@context\":\"https:\\\/\\\/schema.org\",\"@graph\":[{\"@type\":\"WebPage\",\"@id\":\"https:\\\/\\\/www.biopapa.lt\\\/en\\\/produktas\\\/organic-fruits-and-vegetables-to-order\\\/\",\"url\":\"https:\\\/\\\/www.biopapa.lt\\\/en\\\/produktas\\\/organic-fruits-and-vegetables-to-order\\\/\",\"name\":\"Organic fruit and vegetables made to order - Biopapa\",\"isPartOf\":{\"@id\":\"https:\\\/\\\/www.biopapa.lt\\\/#website\"},\"primaryImageOfPage\":{\"@id\":\"https:\\\/\\\/www.biopapa.lt\\\/en\\\/produktas\\\/organic-fruits-and-vegetables-to-order\\\/#primaryimage\"},\"image\":{\"@id\":\"https:\\\/\\\/www.biopapa.lt\\\/en\\\/produktas\\\/organic-fruits-and-vegetables-to-order\\\/#primaryimage\"},\"thumbnailUrl\":\"https:\\\/\\\/www.biopapa.lt\\\/wp-content\\\/uploads\\\/2023\\\/01\\\/uzsakymas-1.png\",\"datePublished\":\"2023-01-13T20:38:59+00:00\",\"dateModified\":\"2025-12-22T11:53:52+00:00\",\"description\":\"Organic fruit and vegetables made to order\",\"breadcrumb\":{\"@id\":\"https:\\\/\\\/www.biopapa.lt\\\/en\\\/produktas\\\/organic-fruits-and-vegetables-to-order\\\/#breadcrumb\"},\"inLanguage\":\"en-US\",\"potentialAction\":[{\"@type\":\"ReadAction\",\"target\":[\"https:\\\/\\\/www.biopapa.lt\\\/en\\\/produktas\\\/organic-fruits-and-vegetables-to-order\\\/\"]}]},{\"@type\":\"ImageObject\",\"inLanguage\":\"en-US\",\"@id\":\"https:\\\/\\\/www.biopapa.lt\\\/en\\\/produktas\\\/organic-fruits-and-vegetables-to-order\\\/#primaryimage\",\"url\":\"https:\\\/\\\/www.biopapa.lt\\\/wp-content\\\/uploads\\\/2023\\\/01\\\/uzsakymas-1.png\",\"contentUrl\":\"https:\\\/\\\/www.biopapa.lt\\\/wp-content\\\/uploads\\\/2023\\\/01\\\/uzsakymas-1.png\",\"width\":800,\"height\":640},{\"@type\":\"BreadcrumbList\",\"@id\":\"https:\\\/\\\/www.biopapa.lt\\\/en\\\/produktas\\\/organic-fruits-and-vegetables-to-order\\\/#breadcrumb\",\"itemListElement\":[{\"@type\":\"ListItem\",\"position\":1,\"name\":\"Home\",\"item\":\"https:\\\/\\\/www.biopapa.lt\\\/en\\\/\"},{\"@type\":\"ListItem\",\"position\":2,\"name\":\"Shop\",\"item\":\"https:\\\/\\\/www.biopapa.lt\\\/en\\\/shop\\\/\"},{\"@type\":\"ListItem\",\"position\":3,\"name\":\"Organic fruit and vegetables made to order\"}]},{\"@type\":\"WebSite\",\"@id\":\"https:\\\/\\\/www.biopapa.lt\\\/#website\",\"url\":\"https:\\\/\\\/www.biopapa.lt\\\/\",\"name\":\"Biopapa\",\"description\":\"\u0160var\u016bs ekologi\u0161ki produktai\",\"publisher\":{\"@id\":\"https:\\\/\\\/www.biopapa.lt\\\/#organization\"},\"potentialAction\":[{\"@type\":\"SearchAction\",\"target\":{\"@type\":\"EntryPoint\",\"urlTemplate\":\"https:\\\/\\\/www.biopapa.lt\\\/?s={search_term_string}\"},\"query-input\":{\"@type\":\"PropertyValueSpecification\",\"valueRequired\":true,\"valueName\":\"search_term_string\"}}],\"inLanguage\":\"en-US\"},{\"@type\":\"Organization\",\"@id\":\"https:\\\/\\\/www.biopapa.lt\\\/#organization\",\"name\":\"Biopapa\",\"url\":\"https:\\\/\\\/www.biopapa.lt\\\/\",\"logo\":{\"@type\":\"ImageObject\",\"inLanguage\":\"en-US\",\"@id\":\"https:\\\/\\\/www.biopapa.lt\\\/#\\\/schema\\\/logo\\\/image\\\/\",\"url\":\"https:\\\/\\\/www.biopapa.lt\\\/wp-content\\\/uploads\\\/2022\\\/04\\\/facebook_biopapa.jpg\",\"contentUrl\":\"https:\\\/\\\/www.biopapa.lt\\\/wp-content\\\/uploads\\\/2022\\\/04\\\/facebook_biopapa.jpg\",\"width\":1733,\"height\":907,\"caption\":\"Biopapa\"},\"image\":{\"@id\":\"https:\\\/\\\/www.biopapa.lt\\\/#\\\/schema\\\/logo\\\/image\\\/\"},\"sameAs\":[\"https:\\\/\\\/www.facebook.com\\\/biopapa.lt\"]}]}<\/script>\n<!-- \/ Yoast SEO plugin. -->","yoast_head_json":{"title":"Organic fruit and vegetables made to order - Biopapa","description":"Organic fruit and vegetables made to order","robots":{"index":"index","follow":"follow","max-snippet":"max-snippet:-1","max-image-preview":"max-image-preview:large","max-video-preview":"max-video-preview:-1"},"canonical":"https:\/\/www.biopapa.lt\/en\/produktas\/organic-fruits-and-vegetables-to-order\/","og_locale":"en_US","og_type":"article","og_title":"Organic fruit and vegetables made to order - Biopapa","og_description":"Organic fruit and vegetables made to order","og_url":"https:\/\/www.biopapa.lt\/en\/produktas\/organic-fruits-and-vegetables-to-order\/","og_site_name":"Biopapa","article_publisher":"https:\/\/www.facebook.com\/biopapa.lt","article_modified_time":"2025-12-22T11:53:52+00:00","og_image":[{"width":800,"height":640,"url":"https:\/\/www.biopapa.lt\/wp-content\/uploads\/2023\/01\/uzsakymas-1.png","type":"image\/png"}],"twitter_card":"summary_large_image","schema":{"@context":"https:\/\/schema.org","@graph":[{"@type":"WebPage","@id":"https:\/\/www.biopapa.lt\/en\/produktas\/organic-fruits-and-vegetables-to-order\/","url":"https:\/\/www.biopapa.lt\/en\/produktas\/organic-fruits-and-vegetables-to-order\/","name":"Organic fruit and vegetables made to order - Biopapa","isPartOf":{"@id":"https:\/\/www.biopapa.lt\/#website"},"primaryImageOfPage":{"@id":"https:\/\/www.biopapa.lt\/en\/produktas\/organic-fruits-and-vegetables-to-order\/#primaryimage"},"image":{"@id":"https:\/\/www.biopapa.lt\/en\/produktas\/organic-fruits-and-vegetables-to-order\/#primaryimage"},"thumbnailUrl":"https:\/\/www.biopapa.lt\/wp-content\/uploads\/2023\/01\/uzsakymas-1.png","datePublished":"2023-01-13T20:38:59+00:00","dateModified":"2025-12-22T11:53:52+00:00","description":"Organic fruit and vegetables made to order","breadcrumb":{"@id":"https:\/\/www.biopapa.lt\/en\/produktas\/organic-fruits-and-vegetables-to-order\/#breadcrumb"},"inLanguage":"en-US","potentialAction":[{"@type":"ReadAction","target":["https:\/\/www.biopapa.lt\/en\/produktas\/organic-fruits-and-vegetables-to-order\/"]}]},{"@type":"ImageObject","inLanguage":"en-US","@id":"https:\/\/www.biopapa.lt\/en\/produktas\/organic-fruits-and-vegetables-to-order\/#primaryimage","url":"https:\/\/www.biopapa.lt\/wp-content\/uploads\/2023\/01\/uzsakymas-1.png","contentUrl":"https:\/\/www.biopapa.lt\/wp-content\/uploads\/2023\/01\/uzsakymas-1.png","width":800,"height":640},{"@type":"BreadcrumbList","@id":"https:\/\/www.biopapa.lt\/en\/produktas\/organic-fruits-and-vegetables-to-order\/#breadcrumb","itemListElement":[{"@type":"ListItem","position":1,"name":"Home","item":"https:\/\/www.biopapa.lt\/en\/"},{"@type":"ListItem","position":2,"name":"Shop","item":"https:\/\/www.biopapa.lt\/en\/shop\/"},{"@type":"ListItem","position":3,"name":"Organic fruit and vegetables made to order"}]},{"@type":"WebSite","@id":"https:\/\/www.biopapa.lt\/#website","url":"https:\/\/www.biopapa.lt\/","name":"Biopapa","description":"\u0160var\u016bs ekologi\u0161ki produktai","publisher":{"@id":"https:\/\/www.biopapa.lt\/#organization"},"potentialAction":[{"@type":"SearchAction","target":{"@type":"EntryPoint","urlTemplate":"https:\/\/www.biopapa.lt\/?s={search_term_string}"},"query-input":{"@type":"PropertyValueSpecification","valueRequired":true,"valueName":"search_term_string"}}],"inLanguage":"en-US"},{"@type":"Organization","@id":"https:\/\/www.biopapa.lt\/#organization","name":"Biopapa","url":"https:\/\/www.biopapa.lt\/","logo":{"@type":"ImageObject","inLanguage":"en-US","@id":"https:\/\/www.biopapa.lt\/#\/schema\/logo\/image\/","url":"https:\/\/www.biopapa.lt\/wp-content\/uploads\/2022\/04\/facebook_biopapa.jpg","contentUrl":"https:\/\/www.biopapa.lt\/wp-content\/uploads\/2022\/04\/facebook_biopapa.jpg","width":1733,"height":907,"caption":"Biopapa"},"image":{"@id":"https:\/\/www.biopapa.lt\/#\/schema\/logo\/image\/"},"sameAs":["https:\/\/www.facebook.com\/biopapa.lt"]}]}},"_links":{"self":[{"href":"https:\/\/www.biopapa.lt\/en\/wp-json\/wp\/v2\/product\/34495","targetHints":{"allow":["GET"]}}],"collection":[{"href":"https:\/\/www.biopapa.lt\/en\/wp-json\/wp\/v2\/product"}],"about":[{"href":"https:\/\/www.biopapa.lt\/en\/wp-json\/wp\/v2\/types\/product"}],"wp:featuredmedia":[{"embeddable":true,"href":"https:\/\/www.biopapa.lt\/en\/wp-json\/wp\/v2\/media\/43721"}],"wp:attachment":[{"href":"https:\/\/www.biopapa.lt\/en\/wp-json\/wp\/v2\/media?parent=34495"}],"wp:term":[{"taxonomy":"product_brand","embeddable":true,"href":"https:\/\/www.biopapa.lt\/en\/wp-json\/wp\/v2\/product_brand?post=34495"},{"taxonomy":"product_cat","embeddable":true,"href":"https:\/\/www.biopapa.lt\/en\/wp-json\/wp\/v2\/product_cat?post=34495"},{"taxonomy":"product_tag","embeddable":true,"href":"https:\/\/www.biopapa.lt\/en\/wp-json\/wp\/v2\/product_tag?post=34495"}],"curies":[{"name":"wp","href":"https:\/\/api.w.org\/{rel}","templated":true}]}}