{"id":34330,"date":"2021-07-29T21:21:14","date_gmt":"2021-07-29T18:21:14","guid":{"rendered":"https:\/\/www.biopapa.lt\/produktas\/organic-cocoa-powder\/"},"modified":"2026-03-23T10:49:01","modified_gmt":"2026-03-23T08:49:01","slug":"organic-cocoa-powder","status":"publish","type":"product","link":"https:\/\/www.biopapa.lt\/en\/produktas\/organic-cocoa-powder\/","title":{"rendered":"Organic cocoa powder"},"content":{"rendered":"<p>Organic cocoa powder<em>(Theobroma Cacao<\/em>) is nutritious and has potential health benefits. It is said to contain important minerals that promote muscle function, energy production and general well-being.<br \/>\nCocoa beans are said to contain more antioxidants than red wine and three times more than green tea. Cocoa beans are a rich source of minerals. Hand-picked as pods, the raw beans are selected for the highest quality and fermented to reduce the initial bitterness. The production process retains much of the nutritional value of the beans without any additives.<br \/>\nRegular use can potentially improve mood and cognitive function.<\/p>\n<p>Caution<br \/>\nHowever, excessive use can cause side effects such as headaches, insomnia or stomach upset.<\/p>\n<p>Intake<br \/>\nCocoa powder is versatile and perfect for baked goods, smoothies, hot drinks or as an addition to oatmeal and desserts, providing a healthy way to enhance flavour.<br \/>\nRecommended intake is 10-15 g per day.<\/p>\n<p><em>NOTE. The information contained herein should not be construed as a recommendation for treatment or other health issues. We encourage you to make personal decisions about your personal health, taking into account a wide range of sources of information.   <\/em><\/p>\n","protected":false},"excerpt":{"rendered":"<p>Organic cocoa powder(Theobroma Cacao) is nutritious and has potential health benefits. It is said to contain important minerals that promote<\/p>\n","protected":false},"featured_media":28935,"template":"","meta":{"_acf_changed":false},"product_brand":[],"product_cat":[1947,1847,2624],"product_tag":[2050,2038,2088],"class_list":{"0":"post-34330","1":"product","2":"type-product","3":"status-publish","4":"has-post-thumbnail","6":"product_cat-cocoa","7":"product_cat-tea-coffee-cocoa-en","8":"product_cat-top-products","9":"product_tag-cocoa","10":"product_tag-no-added-sugar","11":"product_tag-vegan","12":"pa_svoris-1-kg-en-2","13":"pa_svoris-100-g-en-2","14":"pa_svoris-200-g-en","15":"pa_svoris-25-kg-en","16":"pa_svoris-300-g-en","17":"pa_svoris-400-g-en","18":"pa_svoris-50-g-en","19":"pa_svoris-500-g-en-2","21":"first","22":"instock","23":"shipping-taxable","24":"purchasable","25":"product-type-variable"},"acf":[],"yoast_head":"<!-- This site is optimized with the Yoast SEO plugin v27.5 - https:\/\/yoast.com\/product\/yoast-seo-wordpress\/ -->\n<title>Organic cocoa powder - Biopapa<\/title>\n<meta name=\"description\" content=\"Organic cocoa powder is versatile and perfect for baked goods, smoothies, hot drinks or as an addition to oatmeal and desserts, providing a healthy way to enhance the taste.\" \/>\n<meta name=\"robots\" content=\"index, follow, max-snippet:-1, max-image-preview:large, max-video-preview:-1\" \/>\n<link rel=\"canonical\" href=\"https:\/\/www.biopapa.lt\/en\/produktas\/organic-cocoa-powder\/\" \/>\n<meta property=\"og:locale\" content=\"en_US\" \/>\n<meta property=\"og:type\" content=\"article\" \/>\n<meta property=\"og:title\" content=\"Organic cocoa powder - Biopapa\" \/>\n<meta property=\"og:description\" content=\"Organic cocoa powder is versatile and perfect for baked goods, smoothies, hot drinks or as an addition to oatmeal and desserts, providing a healthy way to enhance the taste.\" \/>\n<meta property=\"og:url\" content=\"https:\/\/www.biopapa.lt\/en\/produktas\/organic-cocoa-powder\/\" \/>\n<meta property=\"og:site_name\" content=\"Biopapa\" \/>\n<meta property=\"article:publisher\" content=\"https:\/\/www.facebook.com\/biopapa.lt\" \/>\n<meta property=\"article:modified_time\" content=\"2026-03-23T08:49:01+00:00\" \/>\n<meta property=\"og:image\" content=\"https:\/\/www.biopapa.lt\/wp-content\/uploads\/2021\/07\/kakavos-milteliai.jpg\" \/>\n\t<meta property=\"og:image:width\" content=\"800\" \/>\n\t<meta property=\"og:image:height\" content=\"640\" \/>\n\t<meta property=\"og:image:type\" content=\"image\/jpeg\" \/>\n<meta name=\"twitter:card\" content=\"summary_large_image\" \/>\n<script type=\"application\/ld+json\" class=\"yoast-schema-graph\">{\"@context\":\"https:\\\/\\\/schema.org\",\"@graph\":[{\"@type\":\"WebPage\",\"@id\":\"https:\\\/\\\/www.biopapa.lt\\\/en\\\/produktas\\\/organic-cocoa-powder\\\/\",\"url\":\"https:\\\/\\\/www.biopapa.lt\\\/en\\\/produktas\\\/organic-cocoa-powder\\\/\",\"name\":\"Organic cocoa powder - Biopapa\",\"isPartOf\":{\"@id\":\"https:\\\/\\\/www.biopapa.lt\\\/#website\"},\"primaryImageOfPage\":{\"@id\":\"https:\\\/\\\/www.biopapa.lt\\\/en\\\/produktas\\\/organic-cocoa-powder\\\/#primaryimage\"},\"image\":{\"@id\":\"https:\\\/\\\/www.biopapa.lt\\\/en\\\/produktas\\\/organic-cocoa-powder\\\/#primaryimage\"},\"thumbnailUrl\":\"https:\\\/\\\/www.biopapa.lt\\\/wp-content\\\/uploads\\\/2021\\\/07\\\/kakavos-milteliai.jpg\",\"datePublished\":\"2021-07-29T18:21:14+00:00\",\"dateModified\":\"2026-03-23T08:49:01+00:00\",\"description\":\"Organic cocoa powder is versatile and perfect for baked goods, smoothies, hot drinks or as an addition to oatmeal and desserts, providing a healthy way to enhance the taste.\",\"breadcrumb\":{\"@id\":\"https:\\\/\\\/www.biopapa.lt\\\/en\\\/produktas\\\/organic-cocoa-powder\\\/#breadcrumb\"},\"inLanguage\":\"en-US\",\"potentialAction\":[{\"@type\":\"ReadAction\",\"target\":[\"https:\\\/\\\/www.biopapa.lt\\\/en\\\/produktas\\\/organic-cocoa-powder\\\/\"]}]},{\"@type\":\"ImageObject\",\"inLanguage\":\"en-US\",\"@id\":\"https:\\\/\\\/www.biopapa.lt\\\/en\\\/produktas\\\/organic-cocoa-powder\\\/#primaryimage\",\"url\":\"https:\\\/\\\/www.biopapa.lt\\\/wp-content\\\/uploads\\\/2021\\\/07\\\/kakavos-milteliai.jpg\",\"contentUrl\":\"https:\\\/\\\/www.biopapa.lt\\\/wp-content\\\/uploads\\\/2021\\\/07\\\/kakavos-milteliai.jpg\",\"width\":800,\"height\":640,\"caption\":\"Organic cocoa powder\"},{\"@type\":\"BreadcrumbList\",\"@id\":\"https:\\\/\\\/www.biopapa.lt\\\/en\\\/produktas\\\/organic-cocoa-powder\\\/#breadcrumb\",\"itemListElement\":[{\"@type\":\"ListItem\",\"position\":1,\"name\":\"Home\",\"item\":\"https:\\\/\\\/www.biopapa.lt\\\/en\\\/\"},{\"@type\":\"ListItem\",\"position\":2,\"name\":\"Shop\",\"item\":\"https:\\\/\\\/www.biopapa.lt\\\/en\\\/shop\\\/\"},{\"@type\":\"ListItem\",\"position\":3,\"name\":\"Organic cocoa powder\"}]},{\"@type\":\"WebSite\",\"@id\":\"https:\\\/\\\/www.biopapa.lt\\\/#website\",\"url\":\"https:\\\/\\\/www.biopapa.lt\\\/\",\"name\":\"Biopapa\",\"description\":\"\u0160var\u016bs ekologi\u0161ki produktai\",\"publisher\":{\"@id\":\"https:\\\/\\\/www.biopapa.lt\\\/#organization\"},\"potentialAction\":[{\"@type\":\"SearchAction\",\"target\":{\"@type\":\"EntryPoint\",\"urlTemplate\":\"https:\\\/\\\/www.biopapa.lt\\\/?s={search_term_string}\"},\"query-input\":{\"@type\":\"PropertyValueSpecification\",\"valueRequired\":true,\"valueName\":\"search_term_string\"}}],\"inLanguage\":\"en-US\"},{\"@type\":\"Organization\",\"@id\":\"https:\\\/\\\/www.biopapa.lt\\\/#organization\",\"name\":\"Biopapa\",\"url\":\"https:\\\/\\\/www.biopapa.lt\\\/\",\"logo\":{\"@type\":\"ImageObject\",\"inLanguage\":\"en-US\",\"@id\":\"https:\\\/\\\/www.biopapa.lt\\\/#\\\/schema\\\/logo\\\/image\\\/\",\"url\":\"https:\\\/\\\/www.biopapa.lt\\\/wp-content\\\/uploads\\\/2022\\\/04\\\/facebook_biopapa.jpg\",\"contentUrl\":\"https:\\\/\\\/www.biopapa.lt\\\/wp-content\\\/uploads\\\/2022\\\/04\\\/facebook_biopapa.jpg\",\"width\":1733,\"height\":907,\"caption\":\"Biopapa\"},\"image\":{\"@id\":\"https:\\\/\\\/www.biopapa.lt\\\/#\\\/schema\\\/logo\\\/image\\\/\"},\"sameAs\":[\"https:\\\/\\\/www.facebook.com\\\/biopapa.lt\"]}]}<\/script>\n<!-- \/ Yoast SEO plugin. -->","yoast_head_json":{"title":"Organic cocoa powder - Biopapa","description":"Organic cocoa powder is versatile and perfect for baked goods, smoothies, hot drinks or as an addition to oatmeal and desserts, providing a healthy way to enhance the taste.","robots":{"index":"index","follow":"follow","max-snippet":"max-snippet:-1","max-image-preview":"max-image-preview:large","max-video-preview":"max-video-preview:-1"},"canonical":"https:\/\/www.biopapa.lt\/en\/produktas\/organic-cocoa-powder\/","og_locale":"en_US","og_type":"article","og_title":"Organic cocoa powder - Biopapa","og_description":"Organic cocoa powder is versatile and perfect for baked goods, smoothies, hot drinks or as an addition to oatmeal and desserts, providing a healthy way to enhance the taste.","og_url":"https:\/\/www.biopapa.lt\/en\/produktas\/organic-cocoa-powder\/","og_site_name":"Biopapa","article_publisher":"https:\/\/www.facebook.com\/biopapa.lt","article_modified_time":"2026-03-23T08:49:01+00:00","og_image":[{"width":800,"height":640,"url":"https:\/\/www.biopapa.lt\/wp-content\/uploads\/2021\/07\/kakavos-milteliai.jpg","type":"image\/jpeg"}],"twitter_card":"summary_large_image","schema":{"@context":"https:\/\/schema.org","@graph":[{"@type":"WebPage","@id":"https:\/\/www.biopapa.lt\/en\/produktas\/organic-cocoa-powder\/","url":"https:\/\/www.biopapa.lt\/en\/produktas\/organic-cocoa-powder\/","name":"Organic cocoa powder - Biopapa","isPartOf":{"@id":"https:\/\/www.biopapa.lt\/#website"},"primaryImageOfPage":{"@id":"https:\/\/www.biopapa.lt\/en\/produktas\/organic-cocoa-powder\/#primaryimage"},"image":{"@id":"https:\/\/www.biopapa.lt\/en\/produktas\/organic-cocoa-powder\/#primaryimage"},"thumbnailUrl":"https:\/\/www.biopapa.lt\/wp-content\/uploads\/2021\/07\/kakavos-milteliai.jpg","datePublished":"2021-07-29T18:21:14+00:00","dateModified":"2026-03-23T08:49:01+00:00","description":"Organic cocoa powder is versatile and perfect for baked goods, smoothies, hot drinks or as an addition to oatmeal and desserts, providing a healthy way to enhance the taste.","breadcrumb":{"@id":"https:\/\/www.biopapa.lt\/en\/produktas\/organic-cocoa-powder\/#breadcrumb"},"inLanguage":"en-US","potentialAction":[{"@type":"ReadAction","target":["https:\/\/www.biopapa.lt\/en\/produktas\/organic-cocoa-powder\/"]}]},{"@type":"ImageObject","inLanguage":"en-US","@id":"https:\/\/www.biopapa.lt\/en\/produktas\/organic-cocoa-powder\/#primaryimage","url":"https:\/\/www.biopapa.lt\/wp-content\/uploads\/2021\/07\/kakavos-milteliai.jpg","contentUrl":"https:\/\/www.biopapa.lt\/wp-content\/uploads\/2021\/07\/kakavos-milteliai.jpg","width":800,"height":640,"caption":"Organic cocoa powder"},{"@type":"BreadcrumbList","@id":"https:\/\/www.biopapa.lt\/en\/produktas\/organic-cocoa-powder\/#breadcrumb","itemListElement":[{"@type":"ListItem","position":1,"name":"Home","item":"https:\/\/www.biopapa.lt\/en\/"},{"@type":"ListItem","position":2,"name":"Shop","item":"https:\/\/www.biopapa.lt\/en\/shop\/"},{"@type":"ListItem","position":3,"name":"Organic cocoa powder"}]},{"@type":"WebSite","@id":"https:\/\/www.biopapa.lt\/#website","url":"https:\/\/www.biopapa.lt\/","name":"Biopapa","description":"\u0160var\u016bs ekologi\u0161ki produktai","publisher":{"@id":"https:\/\/www.biopapa.lt\/#organization"},"potentialAction":[{"@type":"SearchAction","target":{"@type":"EntryPoint","urlTemplate":"https:\/\/www.biopapa.lt\/?s={search_term_string}"},"query-input":{"@type":"PropertyValueSpecification","valueRequired":true,"valueName":"search_term_string"}}],"inLanguage":"en-US"},{"@type":"Organization","@id":"https:\/\/www.biopapa.lt\/#organization","name":"Biopapa","url":"https:\/\/www.biopapa.lt\/","logo":{"@type":"ImageObject","inLanguage":"en-US","@id":"https:\/\/www.biopapa.lt\/#\/schema\/logo\/image\/","url":"https:\/\/www.biopapa.lt\/wp-content\/uploads\/2022\/04\/facebook_biopapa.jpg","contentUrl":"https:\/\/www.biopapa.lt\/wp-content\/uploads\/2022\/04\/facebook_biopapa.jpg","width":1733,"height":907,"caption":"Biopapa"},"image":{"@id":"https:\/\/www.biopapa.lt\/#\/schema\/logo\/image\/"},"sameAs":["https:\/\/www.facebook.com\/biopapa.lt"]}]}},"_links":{"self":[{"href":"https:\/\/www.biopapa.lt\/en\/wp-json\/wp\/v2\/product\/34330","targetHints":{"allow":["GET"]}}],"collection":[{"href":"https:\/\/www.biopapa.lt\/en\/wp-json\/wp\/v2\/product"}],"about":[{"href":"https:\/\/www.biopapa.lt\/en\/wp-json\/wp\/v2\/types\/product"}],"wp:featuredmedia":[{"embeddable":true,"href":"https:\/\/www.biopapa.lt\/en\/wp-json\/wp\/v2\/media\/28935"}],"wp:attachment":[{"href":"https:\/\/www.biopapa.lt\/en\/wp-json\/wp\/v2\/media?parent=34330"}],"wp:term":[{"taxonomy":"product_brand","embeddable":true,"href":"https:\/\/www.biopapa.lt\/en\/wp-json\/wp\/v2\/product_brand?post=34330"},{"taxonomy":"product_cat","embeddable":true,"href":"https:\/\/www.biopapa.lt\/en\/wp-json\/wp\/v2\/product_cat?post=34330"},{"taxonomy":"product_tag","embeddable":true,"href":"https:\/\/www.biopapa.lt\/en\/wp-json\/wp\/v2\/product_tag?post=34330"}],"curies":[{"name":"wp","href":"https:\/\/api.w.org\/{rel}","templated":true}]}}