{"id":34321,"date":"2021-07-29T21:26:59","date_gmt":"2021-07-29T18:26:59","guid":{"rendered":"https:\/\/www.biopapa.lt\/produktas\/organic-cocoa-beans\/"},"modified":"2026-03-18T10:30:08","modified_gmt":"2026-03-18T08:30:08","slug":"ekologiskos-kakavos-pupeles","status":"publish","type":"product","link":"https:\/\/www.biopapa.lt\/en\/produktas\/ekologiskos-kakavos-pupeles\/","title":{"rendered":"Organic cocoa beans"},"content":{"rendered":"<p><strong>Organic cocoa beans (Criollo, Trinitario and Forastero blend)<\/strong><br \/>\nCocoa beans are the main raw material for chocolate production. As a \u201csuperfood\u201d, cocoa beans are rich in antioxidants and other nutrients. They contain more antioxidants than red wine and three times more than green tea, and are also rich in minerals. The pods are hand-picked, the raw beans are cleaned with natural water and selected for the highest quality. The production process fully preserves the nutritional value of the beans without any additives.<br \/>\nOriginating in the Amazon rainforest, these beans are a key ingredient in chocolate production and find their way into a variety of delicacies, including the traditional Mexican drink tejate. But their value is not limited to gourmet pleasure. This humble bean offers many benefits and a wide range of uses, not only culinary, but also medicinal and even ceremonial purposes.<br \/>\nCeremonial and cultural uses &#8211; in some cultures, cocoa has been used in religious ceremonies and rituals and in traditional medicinal practices. The cacao tree has been considered a sacred plant.<br \/>\nCacao is a good source of essential minerals.<br \/>\nIt may seem strange, but cacao can be a useful ally in weight management.  It is relatively low in sugar and can help satisfy chocolate cravings without extra calories.<\/p>\n<p><em>Caution<\/em><br \/>\nCocoa beans naturally contain caffeine, which can cause anxiety and insomnia if consumed in excess.<br \/>\nSome people may experience digestive discomfort such as bloating or diarrhoea due to the high fibre content of cocoa.<br \/>\nRarely, but not always, people may be allergic to cocoa, experiencing symptoms such as a rash on the skin and itching.<\/p>\n<p><em>Uses of cocoa beans<\/em><br \/>\nCocoa beans are known to be used in chocolate production. The beans are harvested, fermented, dried, roasted and ground to produce cocoa mass, cocoa butter and cocoa powder, which are the building blocks of chocolate products.<\/p>\n<p>Cocoa beans are crunchy and soft at the same time, so you can just chew them. They can also be crushed or ground to make a powder that can be used in culinary preparations. Roasted cocoa beans are less bitter.<br \/>\nCocoa beans can be used to make cocoa powder, which can be used to make hot cocoa and a variety of chocolate-flavoured beverages.<br \/>\nIn baking, you can use cocoa powder in addition to cocoa nibs to add a rich chocolate flavour to biscuits or cakes.<br \/>\nRecommended intake is 10-15g per day.<\/p>\n<p>Sources<br \/>\nhttps:\/\/www.onegreenplanet.org<br \/>\nhttps:\/\/www.webmd.com<\/p>\n<p><em>NOTE. The information contained herein should not be construed as a recommendation for treatment or other health issues. We encourage you to make personal decisions about your personal health, taking into account a wide range of sources of information.<\/em><\/p>\n","protected":false},"excerpt":{"rendered":"<p>Organic cocoa beans (Criollo, Trinitario and Forastero blend) Cocoa beans are the main raw material for chocolate production. As a<\/p>\n","protected":false},"featured_media":28257,"template":"","meta":{"_acf_changed":false},"product_brand":[],"product_cat":[1947,1847,2624],"product_tag":[2050,2056,2088],"class_list":{"0":"post-34321","1":"product","2":"type-product","3":"status-publish","4":"has-post-thumbnail","6":"product_cat-cocoa","7":"product_cat-tea-coffee-cocoa-en","8":"product_cat-top-products","9":"product_tag-cocoa","10":"product_tag-keto-diet","11":"product_tag-vegan","12":"pa_svoris-1-kg-en-2","13":"pa_svoris-10-kg-en","14":"pa_svoris-100-g-en-2","15":"pa_svoris-15-kg-en","16":"pa_svoris-200-g-en","17":"pa_svoris-300-g-en","18":"pa_svoris-400-g-en","19":"pa_svoris-5-kg-en-2","20":"pa_svoris-500-g-en-2","22":"first","23":"outofstock","24":"shipping-taxable","25":"purchasable","26":"product-type-variable"},"acf":[],"yoast_head":"<!-- This site is optimized with the Yoast SEO plugin v27.5 - https:\/\/yoast.com\/product\/yoast-seo-wordpress\/ -->\n<title>Organic cocoa beans - Biopapa<\/title>\n<meta name=\"description\" content=\"Organic cocoa beans are oval, dark brown seeds, also known as chocolate nuts, that grow on a chocolate tree.\" \/>\n<meta name=\"robots\" content=\"index, follow, max-snippet:-1, max-image-preview:large, max-video-preview:-1\" \/>\n<link rel=\"canonical\" href=\"https:\/\/www.biopapa.lt\/produktas\/ekologiskos-kakavos-pupeles\/\" \/>\n<meta property=\"og:locale\" content=\"en_US\" \/>\n<meta property=\"og:type\" content=\"article\" \/>\n<meta property=\"og:title\" content=\"Organic cocoa beans - Biopapa\" \/>\n<meta property=\"og:description\" content=\"Organic cocoa beans are oval, dark brown seeds, also known as chocolate nuts, that grow on a chocolate tree.\" \/>\n<meta property=\"og:url\" content=\"https:\/\/www.biopapa.lt\/produktas\/ekologiskos-kakavos-pupeles\/\" \/>\n<meta property=\"og:site_name\" content=\"Biopapa\" \/>\n<meta property=\"article:publisher\" content=\"https:\/\/www.facebook.com\/biopapa.lt\" \/>\n<meta property=\"article:modified_time\" content=\"2026-03-18T08:30:08+00:00\" \/>\n<meta property=\"og:image\" content=\"https:\/\/www.biopapa.lt\/wp-content\/uploads\/2021\/08\/779A0179.jpg\" \/>\n\t<meta property=\"og:image:width\" content=\"800\" \/>\n\t<meta property=\"og:image:height\" content=\"640\" \/>\n\t<meta property=\"og:image:type\" content=\"image\/jpeg\" \/>\n<meta name=\"twitter:card\" content=\"summary_large_image\" \/>\n<script type=\"application\/ld+json\" class=\"yoast-schema-graph\">{\"@context\":\"https:\\\/\\\/schema.org\",\"@graph\":[{\"@type\":\"WebPage\",\"@id\":\"https:\\\/\\\/www.biopapa.lt\\\/produktas\\\/ekologiskos-kakavos-pupeles\\\/\",\"url\":\"https:\\\/\\\/www.biopapa.lt\\\/produktas\\\/ekologiskos-kakavos-pupeles\\\/\",\"name\":\"Organic cocoa beans - Biopapa\",\"isPartOf\":{\"@id\":\"https:\\\/\\\/www.biopapa.lt\\\/#website\"},\"primaryImageOfPage\":{\"@id\":\"https:\\\/\\\/www.biopapa.lt\\\/produktas\\\/ekologiskos-kakavos-pupeles\\\/#primaryimage\"},\"image\":{\"@id\":\"https:\\\/\\\/www.biopapa.lt\\\/produktas\\\/ekologiskos-kakavos-pupeles\\\/#primaryimage\"},\"thumbnailUrl\":\"https:\\\/\\\/www.biopapa.lt\\\/wp-content\\\/uploads\\\/2021\\\/08\\\/779A0179.jpg\",\"datePublished\":\"2021-07-29T18:26:59+00:00\",\"dateModified\":\"2026-03-18T08:30:08+00:00\",\"description\":\"Organic cocoa beans are oval, dark brown seeds, also known as chocolate nuts, that grow on a chocolate tree.\",\"breadcrumb\":{\"@id\":\"https:\\\/\\\/www.biopapa.lt\\\/produktas\\\/ekologiskos-kakavos-pupeles\\\/#breadcrumb\"},\"inLanguage\":\"en-US\",\"potentialAction\":[{\"@type\":\"ReadAction\",\"target\":[\"https:\\\/\\\/www.biopapa.lt\\\/produktas\\\/ekologiskos-kakavos-pupeles\\\/\"]}]},{\"@type\":\"ImageObject\",\"inLanguage\":\"en-US\",\"@id\":\"https:\\\/\\\/www.biopapa.lt\\\/produktas\\\/ekologiskos-kakavos-pupeles\\\/#primaryimage\",\"url\":\"https:\\\/\\\/www.biopapa.lt\\\/wp-content\\\/uploads\\\/2021\\\/08\\\/779A0179.jpg\",\"contentUrl\":\"https:\\\/\\\/www.biopapa.lt\\\/wp-content\\\/uploads\\\/2021\\\/08\\\/779A0179.jpg\",\"width\":800,\"height\":640,\"caption\":\"Organic cocoa beans\"},{\"@type\":\"BreadcrumbList\",\"@id\":\"https:\\\/\\\/www.biopapa.lt\\\/produktas\\\/ekologiskos-kakavos-pupeles\\\/#breadcrumb\",\"itemListElement\":[{\"@type\":\"ListItem\",\"position\":1,\"name\":\"Home\",\"item\":\"https:\\\/\\\/www.biopapa.lt\\\/en\\\/\"},{\"@type\":\"ListItem\",\"position\":2,\"name\":\"Shop\",\"item\":\"https:\\\/\\\/www.biopapa.lt\\\/en\\\/shop\\\/\"},{\"@type\":\"ListItem\",\"position\":3,\"name\":\"Organic cocoa beans\"}]},{\"@type\":\"WebSite\",\"@id\":\"https:\\\/\\\/www.biopapa.lt\\\/#website\",\"url\":\"https:\\\/\\\/www.biopapa.lt\\\/\",\"name\":\"Biopapa\",\"description\":\"\u0160var\u016bs ekologi\u0161ki produktai\",\"publisher\":{\"@id\":\"https:\\\/\\\/www.biopapa.lt\\\/#organization\"},\"potentialAction\":[{\"@type\":\"SearchAction\",\"target\":{\"@type\":\"EntryPoint\",\"urlTemplate\":\"https:\\\/\\\/www.biopapa.lt\\\/?s={search_term_string}\"},\"query-input\":{\"@type\":\"PropertyValueSpecification\",\"valueRequired\":true,\"valueName\":\"search_term_string\"}}],\"inLanguage\":\"en-US\"},{\"@type\":\"Organization\",\"@id\":\"https:\\\/\\\/www.biopapa.lt\\\/#organization\",\"name\":\"Biopapa\",\"url\":\"https:\\\/\\\/www.biopapa.lt\\\/\",\"logo\":{\"@type\":\"ImageObject\",\"inLanguage\":\"en-US\",\"@id\":\"https:\\\/\\\/www.biopapa.lt\\\/#\\\/schema\\\/logo\\\/image\\\/\",\"url\":\"https:\\\/\\\/www.biopapa.lt\\\/wp-content\\\/uploads\\\/2022\\\/04\\\/facebook_biopapa.jpg\",\"contentUrl\":\"https:\\\/\\\/www.biopapa.lt\\\/wp-content\\\/uploads\\\/2022\\\/04\\\/facebook_biopapa.jpg\",\"width\":1733,\"height\":907,\"caption\":\"Biopapa\"},\"image\":{\"@id\":\"https:\\\/\\\/www.biopapa.lt\\\/#\\\/schema\\\/logo\\\/image\\\/\"},\"sameAs\":[\"https:\\\/\\\/www.facebook.com\\\/biopapa.lt\"]}]}<\/script>\n<!-- \/ Yoast SEO plugin. -->","yoast_head_json":{"title":"Organic cocoa beans - Biopapa","description":"Organic cocoa beans are oval, dark brown seeds, also known as chocolate nuts, that grow on a chocolate tree.","robots":{"index":"index","follow":"follow","max-snippet":"max-snippet:-1","max-image-preview":"max-image-preview:large","max-video-preview":"max-video-preview:-1"},"canonical":"https:\/\/www.biopapa.lt\/produktas\/ekologiskos-kakavos-pupeles\/","og_locale":"en_US","og_type":"article","og_title":"Organic cocoa beans - Biopapa","og_description":"Organic cocoa beans are oval, dark brown seeds, also known as chocolate nuts, that grow on a chocolate tree.","og_url":"https:\/\/www.biopapa.lt\/produktas\/ekologiskos-kakavos-pupeles\/","og_site_name":"Biopapa","article_publisher":"https:\/\/www.facebook.com\/biopapa.lt","article_modified_time":"2026-03-18T08:30:08+00:00","og_image":[{"width":800,"height":640,"url":"https:\/\/www.biopapa.lt\/wp-content\/uploads\/2021\/08\/779A0179.jpg","type":"image\/jpeg"}],"twitter_card":"summary_large_image","schema":{"@context":"https:\/\/schema.org","@graph":[{"@type":"WebPage","@id":"https:\/\/www.biopapa.lt\/produktas\/ekologiskos-kakavos-pupeles\/","url":"https:\/\/www.biopapa.lt\/produktas\/ekologiskos-kakavos-pupeles\/","name":"Organic cocoa beans - Biopapa","isPartOf":{"@id":"https:\/\/www.biopapa.lt\/#website"},"primaryImageOfPage":{"@id":"https:\/\/www.biopapa.lt\/produktas\/ekologiskos-kakavos-pupeles\/#primaryimage"},"image":{"@id":"https:\/\/www.biopapa.lt\/produktas\/ekologiskos-kakavos-pupeles\/#primaryimage"},"thumbnailUrl":"https:\/\/www.biopapa.lt\/wp-content\/uploads\/2021\/08\/779A0179.jpg","datePublished":"2021-07-29T18:26:59+00:00","dateModified":"2026-03-18T08:30:08+00:00","description":"Organic cocoa beans are oval, dark brown seeds, also known as chocolate nuts, that grow on a chocolate tree.","breadcrumb":{"@id":"https:\/\/www.biopapa.lt\/produktas\/ekologiskos-kakavos-pupeles\/#breadcrumb"},"inLanguage":"en-US","potentialAction":[{"@type":"ReadAction","target":["https:\/\/www.biopapa.lt\/produktas\/ekologiskos-kakavos-pupeles\/"]}]},{"@type":"ImageObject","inLanguage":"en-US","@id":"https:\/\/www.biopapa.lt\/produktas\/ekologiskos-kakavos-pupeles\/#primaryimage","url":"https:\/\/www.biopapa.lt\/wp-content\/uploads\/2021\/08\/779A0179.jpg","contentUrl":"https:\/\/www.biopapa.lt\/wp-content\/uploads\/2021\/08\/779A0179.jpg","width":800,"height":640,"caption":"Organic cocoa beans"},{"@type":"BreadcrumbList","@id":"https:\/\/www.biopapa.lt\/produktas\/ekologiskos-kakavos-pupeles\/#breadcrumb","itemListElement":[{"@type":"ListItem","position":1,"name":"Home","item":"https:\/\/www.biopapa.lt\/en\/"},{"@type":"ListItem","position":2,"name":"Shop","item":"https:\/\/www.biopapa.lt\/en\/shop\/"},{"@type":"ListItem","position":3,"name":"Organic cocoa beans"}]},{"@type":"WebSite","@id":"https:\/\/www.biopapa.lt\/#website","url":"https:\/\/www.biopapa.lt\/","name":"Biopapa","description":"\u0160var\u016bs ekologi\u0161ki produktai","publisher":{"@id":"https:\/\/www.biopapa.lt\/#organization"},"potentialAction":[{"@type":"SearchAction","target":{"@type":"EntryPoint","urlTemplate":"https:\/\/www.biopapa.lt\/?s={search_term_string}"},"query-input":{"@type":"PropertyValueSpecification","valueRequired":true,"valueName":"search_term_string"}}],"inLanguage":"en-US"},{"@type":"Organization","@id":"https:\/\/www.biopapa.lt\/#organization","name":"Biopapa","url":"https:\/\/www.biopapa.lt\/","logo":{"@type":"ImageObject","inLanguage":"en-US","@id":"https:\/\/www.biopapa.lt\/#\/schema\/logo\/image\/","url":"https:\/\/www.biopapa.lt\/wp-content\/uploads\/2022\/04\/facebook_biopapa.jpg","contentUrl":"https:\/\/www.biopapa.lt\/wp-content\/uploads\/2022\/04\/facebook_biopapa.jpg","width":1733,"height":907,"caption":"Biopapa"},"image":{"@id":"https:\/\/www.biopapa.lt\/#\/schema\/logo\/image\/"},"sameAs":["https:\/\/www.facebook.com\/biopapa.lt"]}]}},"_links":{"self":[{"href":"https:\/\/www.biopapa.lt\/en\/wp-json\/wp\/v2\/product\/34321","targetHints":{"allow":["GET"]}}],"collection":[{"href":"https:\/\/www.biopapa.lt\/en\/wp-json\/wp\/v2\/product"}],"about":[{"href":"https:\/\/www.biopapa.lt\/en\/wp-json\/wp\/v2\/types\/product"}],"wp:featuredmedia":[{"embeddable":true,"href":"https:\/\/www.biopapa.lt\/en\/wp-json\/wp\/v2\/media\/28257"}],"wp:attachment":[{"href":"https:\/\/www.biopapa.lt\/en\/wp-json\/wp\/v2\/media?parent=34321"}],"wp:term":[{"taxonomy":"product_brand","embeddable":true,"href":"https:\/\/www.biopapa.lt\/en\/wp-json\/wp\/v2\/product_brand?post=34321"},{"taxonomy":"product_cat","embeddable":true,"href":"https:\/\/www.biopapa.lt\/en\/wp-json\/wp\/v2\/product_cat?post=34321"},{"taxonomy":"product_tag","embeddable":true,"href":"https:\/\/www.biopapa.lt\/en\/wp-json\/wp\/v2\/product_tag?post=34321"}],"curies":[{"name":"wp","href":"https:\/\/api.w.org\/{rel}","templated":true}]}}