{"id":34263,"date":"2021-10-27T21:52:19","date_gmt":"2021-10-27T18:52:19","guid":{"rendered":"https:\/\/www.biopapa.lt\/produktas\/organic-dandelion-root-coffee-roasted\/"},"modified":"2026-01-16T12:12:49","modified_gmt":"2026-01-16T10:12:49","slug":"organic-dandelion-root-coffee-roasted","status":"publish","type":"product","link":"https:\/\/www.biopapa.lt\/en\/produktas\/organic-dandelion-root-coffee-roasted\/","title":{"rendered":"Organic dandelion root coffee, roasted"},"content":{"rendered":"<p><strong>Organic dandelion root coffee is decaffeinated<\/strong> and therefore suitable for the whole family.<br \/>\nIt is a delicious alternative to regular bean coffee, which has been consumed in Lithuania for ages. Freshly roasted and ground according to an old recipe. The colour of the coffee depends on the roasting time. A longer roasting time is needed to achieve the exact effect.<br \/>\nHas a natural bitterness. Suitable for vegans.<\/p>\n<p>Preparation<br \/>\nTwo heaped teaspoons of coffee in a glass of water and boil for about 2-3 minutes. After pouring into a glass, leave for 5-10 minutes to steep.<br \/>\nSweeten to taste with sweetener and vegetable milk.<\/p>\n","protected":false},"excerpt":{"rendered":"<p>Organic dandelion root coffee is decaffeinated and therefore suitable for the whole family. It is a delicious alternative to regular<\/p>\n","protected":false},"featured_media":28773,"template":"","meta":{"_acf_changed":false},"product_brand":[],"product_cat":[1838,1847],"product_tag":[2038,2088],"class_list":{"0":"post-34263","1":"product","2":"type-product","3":"status-publish","4":"has-post-thumbnail","6":"product_cat-coffee","7":"product_cat-tea-coffee-cocoa-en","8":"product_tag-no-added-sugar","9":"product_tag-vegan","10":"pa_svoris-1-kg-en-2","11":"pa_svoris-100-g-en-2","12":"pa_svoris-20-kg-en","13":"pa_svoris-200-g-en","14":"pa_svoris-300-g-en","15":"pa_svoris-400-g-en","16":"pa_svoris-50-g-en","17":"pa_svoris-500-g-en-2","19":"first","20":"instock","21":"shipping-taxable","22":"purchasable","23":"product-type-variable"},"acf":[],"yoast_head":"<!-- This site is optimized with the Yoast SEO plugin v27.5 - https:\/\/yoast.com\/product\/yoast-seo-wordpress\/ -->\n<title>Organic dandelion root coffee, roasted - Biopapa<\/title>\n<meta name=\"description\" content=\"Organic dandelion root coffee is caffeine free and suitable for the whole family. Freshly roasted and ground according to an old recipe. It has a natural bitterness.\" \/>\n<meta name=\"robots\" content=\"index, follow, max-snippet:-1, max-image-preview:large, max-video-preview:-1\" \/>\n<link rel=\"canonical\" href=\"https:\/\/www.biopapa.lt\/en\/produktas\/organic-dandelion-root-coffee-roasted\/\" \/>\n<meta property=\"og:locale\" content=\"en_US\" \/>\n<meta property=\"og:type\" content=\"article\" \/>\n<meta property=\"og:title\" content=\"Organic dandelion root coffee, roasted - Biopapa\" \/>\n<meta property=\"og:description\" content=\"Organic dandelion root coffee is caffeine free and suitable for the whole family. Freshly roasted and ground according to an old recipe. It has a natural bitterness.\" \/>\n<meta property=\"og:url\" content=\"https:\/\/www.biopapa.lt\/en\/produktas\/organic-dandelion-root-coffee-roasted\/\" \/>\n<meta property=\"og:site_name\" content=\"Biopapa\" \/>\n<meta property=\"article:publisher\" content=\"https:\/\/www.facebook.com\/biopapa.lt\" \/>\n<meta property=\"article:modified_time\" content=\"2026-01-16T10:12:49+00:00\" \/>\n<meta property=\"og:image\" content=\"https:\/\/www.biopapa.lt\/wp-content\/uploads\/2021\/10\/Ekologiska-kiaulpieniu-saknu-kava-skrudinta.jpg\" \/>\n\t<meta property=\"og:image:width\" content=\"800\" \/>\n\t<meta property=\"og:image:height\" content=\"640\" \/>\n\t<meta property=\"og:image:type\" content=\"image\/jpeg\" \/>\n<meta name=\"twitter:card\" content=\"summary_large_image\" \/>\n<script type=\"application\/ld+json\" class=\"yoast-schema-graph\">{\"@context\":\"https:\\\/\\\/schema.org\",\"@graph\":[{\"@type\":\"WebPage\",\"@id\":\"https:\\\/\\\/www.biopapa.lt\\\/en\\\/produktas\\\/organic-dandelion-root-coffee-roasted\\\/\",\"url\":\"https:\\\/\\\/www.biopapa.lt\\\/en\\\/produktas\\\/organic-dandelion-root-coffee-roasted\\\/\",\"name\":\"Organic dandelion root coffee, roasted - Biopapa\",\"isPartOf\":{\"@id\":\"https:\\\/\\\/www.biopapa.lt\\\/#website\"},\"primaryImageOfPage\":{\"@id\":\"https:\\\/\\\/www.biopapa.lt\\\/en\\\/produktas\\\/organic-dandelion-root-coffee-roasted\\\/#primaryimage\"},\"image\":{\"@id\":\"https:\\\/\\\/www.biopapa.lt\\\/en\\\/produktas\\\/organic-dandelion-root-coffee-roasted\\\/#primaryimage\"},\"thumbnailUrl\":\"https:\\\/\\\/www.biopapa.lt\\\/wp-content\\\/uploads\\\/2021\\\/10\\\/Ekologiska-kiaulpieniu-saknu-kava-skrudinta.jpg\",\"datePublished\":\"2021-10-27T18:52:19+00:00\",\"dateModified\":\"2026-01-16T10:12:49+00:00\",\"description\":\"Organic dandelion root coffee is caffeine free and suitable for the whole family. Freshly roasted and ground according to an old recipe. It has a natural bitterness.\",\"breadcrumb\":{\"@id\":\"https:\\\/\\\/www.biopapa.lt\\\/en\\\/produktas\\\/organic-dandelion-root-coffee-roasted\\\/#breadcrumb\"},\"inLanguage\":\"en-US\",\"potentialAction\":[{\"@type\":\"ReadAction\",\"target\":[\"https:\\\/\\\/www.biopapa.lt\\\/en\\\/produktas\\\/organic-dandelion-root-coffee-roasted\\\/\"]}]},{\"@type\":\"ImageObject\",\"inLanguage\":\"en-US\",\"@id\":\"https:\\\/\\\/www.biopapa.lt\\\/en\\\/produktas\\\/organic-dandelion-root-coffee-roasted\\\/#primaryimage\",\"url\":\"https:\\\/\\\/www.biopapa.lt\\\/wp-content\\\/uploads\\\/2021\\\/10\\\/Ekologiska-kiaulpieniu-saknu-kava-skrudinta.jpg\",\"contentUrl\":\"https:\\\/\\\/www.biopapa.lt\\\/wp-content\\\/uploads\\\/2021\\\/10\\\/Ekologiska-kiaulpieniu-saknu-kava-skrudinta.jpg\",\"width\":800,\"height\":640,\"caption\":\"Organic dandelion root coffee, roasted\"},{\"@type\":\"BreadcrumbList\",\"@id\":\"https:\\\/\\\/www.biopapa.lt\\\/en\\\/produktas\\\/organic-dandelion-root-coffee-roasted\\\/#breadcrumb\",\"itemListElement\":[{\"@type\":\"ListItem\",\"position\":1,\"name\":\"Home\",\"item\":\"https:\\\/\\\/www.biopapa.lt\\\/en\\\/\"},{\"@type\":\"ListItem\",\"position\":2,\"name\":\"Shop\",\"item\":\"https:\\\/\\\/www.biopapa.lt\\\/en\\\/shop\\\/\"},{\"@type\":\"ListItem\",\"position\":3,\"name\":\"Organic dandelion root coffee, roasted\"}]},{\"@type\":\"WebSite\",\"@id\":\"https:\\\/\\\/www.biopapa.lt\\\/#website\",\"url\":\"https:\\\/\\\/www.biopapa.lt\\\/\",\"name\":\"Biopapa\",\"description\":\"\u0160var\u016bs ekologi\u0161ki produktai\",\"publisher\":{\"@id\":\"https:\\\/\\\/www.biopapa.lt\\\/#organization\"},\"potentialAction\":[{\"@type\":\"SearchAction\",\"target\":{\"@type\":\"EntryPoint\",\"urlTemplate\":\"https:\\\/\\\/www.biopapa.lt\\\/?s={search_term_string}\"},\"query-input\":{\"@type\":\"PropertyValueSpecification\",\"valueRequired\":true,\"valueName\":\"search_term_string\"}}],\"inLanguage\":\"en-US\"},{\"@type\":\"Organization\",\"@id\":\"https:\\\/\\\/www.biopapa.lt\\\/#organization\",\"name\":\"Biopapa\",\"url\":\"https:\\\/\\\/www.biopapa.lt\\\/\",\"logo\":{\"@type\":\"ImageObject\",\"inLanguage\":\"en-US\",\"@id\":\"https:\\\/\\\/www.biopapa.lt\\\/#\\\/schema\\\/logo\\\/image\\\/\",\"url\":\"https:\\\/\\\/www.biopapa.lt\\\/wp-content\\\/uploads\\\/2022\\\/04\\\/facebook_biopapa.jpg\",\"contentUrl\":\"https:\\\/\\\/www.biopapa.lt\\\/wp-content\\\/uploads\\\/2022\\\/04\\\/facebook_biopapa.jpg\",\"width\":1733,\"height\":907,\"caption\":\"Biopapa\"},\"image\":{\"@id\":\"https:\\\/\\\/www.biopapa.lt\\\/#\\\/schema\\\/logo\\\/image\\\/\"},\"sameAs\":[\"https:\\\/\\\/www.facebook.com\\\/biopapa.lt\"]}]}<\/script>\n<!-- \/ Yoast SEO plugin. -->","yoast_head_json":{"title":"Organic dandelion root coffee, roasted - Biopapa","description":"Organic dandelion root coffee is caffeine free and suitable for the whole family. Freshly roasted and ground according to an old recipe. It has a natural bitterness.","robots":{"index":"index","follow":"follow","max-snippet":"max-snippet:-1","max-image-preview":"max-image-preview:large","max-video-preview":"max-video-preview:-1"},"canonical":"https:\/\/www.biopapa.lt\/en\/produktas\/organic-dandelion-root-coffee-roasted\/","og_locale":"en_US","og_type":"article","og_title":"Organic dandelion root coffee, roasted - Biopapa","og_description":"Organic dandelion root coffee is caffeine free and suitable for the whole family. Freshly roasted and ground according to an old recipe. It has a natural bitterness.","og_url":"https:\/\/www.biopapa.lt\/en\/produktas\/organic-dandelion-root-coffee-roasted\/","og_site_name":"Biopapa","article_publisher":"https:\/\/www.facebook.com\/biopapa.lt","article_modified_time":"2026-01-16T10:12:49+00:00","og_image":[{"width":800,"height":640,"url":"https:\/\/www.biopapa.lt\/wp-content\/uploads\/2021\/10\/Ekologiska-kiaulpieniu-saknu-kava-skrudinta.jpg","type":"image\/jpeg"}],"twitter_card":"summary_large_image","schema":{"@context":"https:\/\/schema.org","@graph":[{"@type":"WebPage","@id":"https:\/\/www.biopapa.lt\/en\/produktas\/organic-dandelion-root-coffee-roasted\/","url":"https:\/\/www.biopapa.lt\/en\/produktas\/organic-dandelion-root-coffee-roasted\/","name":"Organic dandelion root coffee, roasted - Biopapa","isPartOf":{"@id":"https:\/\/www.biopapa.lt\/#website"},"primaryImageOfPage":{"@id":"https:\/\/www.biopapa.lt\/en\/produktas\/organic-dandelion-root-coffee-roasted\/#primaryimage"},"image":{"@id":"https:\/\/www.biopapa.lt\/en\/produktas\/organic-dandelion-root-coffee-roasted\/#primaryimage"},"thumbnailUrl":"https:\/\/www.biopapa.lt\/wp-content\/uploads\/2021\/10\/Ekologiska-kiaulpieniu-saknu-kava-skrudinta.jpg","datePublished":"2021-10-27T18:52:19+00:00","dateModified":"2026-01-16T10:12:49+00:00","description":"Organic dandelion root coffee is caffeine free and suitable for the whole family. Freshly roasted and ground according to an old recipe. It has a natural bitterness.","breadcrumb":{"@id":"https:\/\/www.biopapa.lt\/en\/produktas\/organic-dandelion-root-coffee-roasted\/#breadcrumb"},"inLanguage":"en-US","potentialAction":[{"@type":"ReadAction","target":["https:\/\/www.biopapa.lt\/en\/produktas\/organic-dandelion-root-coffee-roasted\/"]}]},{"@type":"ImageObject","inLanguage":"en-US","@id":"https:\/\/www.biopapa.lt\/en\/produktas\/organic-dandelion-root-coffee-roasted\/#primaryimage","url":"https:\/\/www.biopapa.lt\/wp-content\/uploads\/2021\/10\/Ekologiska-kiaulpieniu-saknu-kava-skrudinta.jpg","contentUrl":"https:\/\/www.biopapa.lt\/wp-content\/uploads\/2021\/10\/Ekologiska-kiaulpieniu-saknu-kava-skrudinta.jpg","width":800,"height":640,"caption":"Organic dandelion root coffee, roasted"},{"@type":"BreadcrumbList","@id":"https:\/\/www.biopapa.lt\/en\/produktas\/organic-dandelion-root-coffee-roasted\/#breadcrumb","itemListElement":[{"@type":"ListItem","position":1,"name":"Home","item":"https:\/\/www.biopapa.lt\/en\/"},{"@type":"ListItem","position":2,"name":"Shop","item":"https:\/\/www.biopapa.lt\/en\/shop\/"},{"@type":"ListItem","position":3,"name":"Organic dandelion root coffee, roasted"}]},{"@type":"WebSite","@id":"https:\/\/www.biopapa.lt\/#website","url":"https:\/\/www.biopapa.lt\/","name":"Biopapa","description":"\u0160var\u016bs ekologi\u0161ki produktai","publisher":{"@id":"https:\/\/www.biopapa.lt\/#organization"},"potentialAction":[{"@type":"SearchAction","target":{"@type":"EntryPoint","urlTemplate":"https:\/\/www.biopapa.lt\/?s={search_term_string}"},"query-input":{"@type":"PropertyValueSpecification","valueRequired":true,"valueName":"search_term_string"}}],"inLanguage":"en-US"},{"@type":"Organization","@id":"https:\/\/www.biopapa.lt\/#organization","name":"Biopapa","url":"https:\/\/www.biopapa.lt\/","logo":{"@type":"ImageObject","inLanguage":"en-US","@id":"https:\/\/www.biopapa.lt\/#\/schema\/logo\/image\/","url":"https:\/\/www.biopapa.lt\/wp-content\/uploads\/2022\/04\/facebook_biopapa.jpg","contentUrl":"https:\/\/www.biopapa.lt\/wp-content\/uploads\/2022\/04\/facebook_biopapa.jpg","width":1733,"height":907,"caption":"Biopapa"},"image":{"@id":"https:\/\/www.biopapa.lt\/#\/schema\/logo\/image\/"},"sameAs":["https:\/\/www.facebook.com\/biopapa.lt"]}]}},"_links":{"self":[{"href":"https:\/\/www.biopapa.lt\/en\/wp-json\/wp\/v2\/product\/34263","targetHints":{"allow":["GET"]}}],"collection":[{"href":"https:\/\/www.biopapa.lt\/en\/wp-json\/wp\/v2\/product"}],"about":[{"href":"https:\/\/www.biopapa.lt\/en\/wp-json\/wp\/v2\/types\/product"}],"wp:featuredmedia":[{"embeddable":true,"href":"https:\/\/www.biopapa.lt\/en\/wp-json\/wp\/v2\/media\/28773"}],"wp:attachment":[{"href":"https:\/\/www.biopapa.lt\/en\/wp-json\/wp\/v2\/media?parent=34263"}],"wp:term":[{"taxonomy":"product_brand","embeddable":true,"href":"https:\/\/www.biopapa.lt\/en\/wp-json\/wp\/v2\/product_brand?post=34263"},{"taxonomy":"product_cat","embeddable":true,"href":"https:\/\/www.biopapa.lt\/en\/wp-json\/wp\/v2\/product_cat?post=34263"},{"taxonomy":"product_tag","embeddable":true,"href":"https:\/\/www.biopapa.lt\/en\/wp-json\/wp\/v2\/product_tag?post=34263"}],"curies":[{"name":"wp","href":"https:\/\/api.w.org\/{rel}","templated":true}]}}