{"id":34218,"date":"2021-11-09T15:55:49","date_gmt":"2021-11-09T13:55:49","guid":{"rendered":"https:\/\/www.biopapa.lt\/produktas\/organic-ground-lupin-coffee-gluten-free\/"},"modified":"2026-01-16T12:09:04","modified_gmt":"2026-01-16T10:09:04","slug":"organic-ground-lupin-coffee","status":"publish","type":"product","link":"https:\/\/www.biopapa.lt\/en\/produktas\/organic-ground-lupin-coffee\/","title":{"rendered":"Organic ground lupin coffee"},"content":{"rendered":"<p>In the world of alternative beverages, <strong>organic ground lupin coffee<\/strong> is gaining attention for its unique taste and potential health benefits. This coffee substitute, derived from the seeds of the lupin plant, offers a pleasant journey. Lupin coffee is made from sweet lupins, which are a special variety with a very low alkaloid content that makes them easily digestible for us humans, unlike other wild or garden varieties.<br \/>\n<strong>Organic ground lupin coffee<\/strong> is caffeine-free and full of nutrients. By adding this coffee alternative to your daily routine, you can not only enjoy a drink that pleases your taste buds but also nourishes your body.<br \/>\nOrganic ground lupin coffee is not only a substitute for coffee, but can also be used creatively in various culinary applications. Its unique flavour profile can enhance smoothies, baked goods, energy bars and even savoury dishes such as stews and sauces.<\/p>\n<p><em>Preparation:<\/em><br \/>\nThe preparation of lupin coffee is a simple process that mimics the traditional way of making coffee. By using a coffee maker or brewing the powder in hot water, you can create a pleasant and aromatic drink. The result has a mild nutty flavour that can be complemented with your choice of sweetener, milk alternative or spices.<\/p>\n<p>Recipe for organic lupin coffee:<br \/>\nIngredients:<br \/>\n2 tsp. sp. Organic ground lupin coffee<br \/>\n1 cup of water<br \/>\nSweetener and vegetable milk (optional)<\/p>\n<p>Preparation methods:<br \/>\nCoffee maker or pot<br \/>\nCoffee filter or French press (optional)<\/p>\n<p>Preparation:<br \/>\nBring 1 cup of water to the boil, add 2 teaspoons of lupin coffee.<br \/>\nIf you are using a coffee maker, put the lupin coffee in the coffee filter and set it as normal coffee.<br \/>\nIf you don&#8217;t have a coffee maker, you can use a French press or simply pour hot water in a cup and let it steep for 5-10 minutes.<br \/>\nYou can be creative by adding spices to the lupin coffee, such as,<br \/>\nRemember that lupin coffee has a milder and nuttier flavour than traditional coffee, so be open to the unique taste experience it offers. <\/p>\n<p>Enjoy lupin coffee as a healthy and decaffeinated alternative to traditional coffee!<\/p>\n<p><em>NOTE. The information contained herein should not be construed as a recommendation for treatment or other health issues. We encourage you to make personal decisions about your personal health, taking into account a wide range of sources of information.   <\/em><\/p>\n","protected":false},"excerpt":{"rendered":"<p>In the world of alternative beverages, organic ground lupin coffee is gaining attention for its unique taste and potential health<\/p>\n","protected":false},"featured_media":28877,"template":"","meta":{"_acf_changed":false},"product_brand":[],"product_cat":[1838,1847],"product_tag":[2052,2088,2035],"class_list":{"0":"post-34218","1":"product","2":"type-product","3":"status-publish","4":"has-post-thumbnail","6":"product_cat-coffee","7":"product_cat-tea-coffee-cocoa-en","8":"product_tag-coffee","9":"product_tag-vegan","10":"product_tag-without-caffeine","11":"pa_svoris-1-kg-en-2","12":"pa_svoris-100-g-en-2","13":"pa_svoris-200-g-en","14":"pa_svoris-300-g-en","15":"pa_svoris-400-g-en","16":"pa_svoris-50-g-en","17":"pa_svoris-500-g-en-2","18":"pa_svoris-8-kg-en","20":"first","21":"instock","22":"shipping-taxable","23":"purchasable","24":"product-type-variable"},"acf":[],"yoast_head":"<!-- This site is optimized with the Yoast SEO plugin v27.5 - https:\/\/yoast.com\/product\/yoast-seo-wordpress\/ -->\n<title>Organic ground lupin coffee - Biopapa<\/title>\n<meta name=\"description\" content=\"Organic ground lupin coffee is caffeine-free and full of nutrients. Lupin seeds are rich in protein, dietary fibre, various vitamins and minerals.\" \/>\n<meta name=\"robots\" content=\"index, follow, max-snippet:-1, max-image-preview:large, max-video-preview:-1\" \/>\n<link rel=\"canonical\" href=\"https:\/\/www.biopapa.lt\/en\/produktas\/organic-ground-lupin-coffee\/\" \/>\n<meta property=\"og:locale\" content=\"en_US\" \/>\n<meta property=\"og:type\" content=\"article\" \/>\n<meta property=\"og:title\" content=\"Organic ground lupin coffee - Biopapa\" \/>\n<meta property=\"og:description\" content=\"Organic ground lupin coffee is caffeine-free and full of nutrients. Lupin seeds are rich in protein, dietary fibre, various vitamins and minerals.\" \/>\n<meta property=\"og:url\" content=\"https:\/\/www.biopapa.lt\/en\/produktas\/organic-ground-lupin-coffee\/\" \/>\n<meta property=\"og:site_name\" content=\"Biopapa\" \/>\n<meta property=\"article:publisher\" content=\"https:\/\/www.facebook.com\/biopapa.lt\" \/>\n<meta property=\"article:modified_time\" content=\"2026-01-16T10:09:04+00:00\" \/>\n<meta property=\"og:image\" content=\"https:\/\/www.biopapa.lt\/wp-content\/uploads\/2021\/10\/Ekologiska-malta-lubinu-kava.jpg\" \/>\n\t<meta property=\"og:image:width\" content=\"800\" \/>\n\t<meta property=\"og:image:height\" content=\"640\" \/>\n\t<meta property=\"og:image:type\" content=\"image\/jpeg\" \/>\n<meta name=\"twitter:card\" content=\"summary_large_image\" \/>\n<script type=\"application\/ld+json\" class=\"yoast-schema-graph\">{\"@context\":\"https:\\\/\\\/schema.org\",\"@graph\":[{\"@type\":\"WebPage\",\"@id\":\"https:\\\/\\\/www.biopapa.lt\\\/en\\\/produktas\\\/organic-ground-lupin-coffee\\\/\",\"url\":\"https:\\\/\\\/www.biopapa.lt\\\/en\\\/produktas\\\/organic-ground-lupin-coffee\\\/\",\"name\":\"Organic ground lupin coffee - Biopapa\",\"isPartOf\":{\"@id\":\"https:\\\/\\\/www.biopapa.lt\\\/#website\"},\"primaryImageOfPage\":{\"@id\":\"https:\\\/\\\/www.biopapa.lt\\\/en\\\/produktas\\\/organic-ground-lupin-coffee\\\/#primaryimage\"},\"image\":{\"@id\":\"https:\\\/\\\/www.biopapa.lt\\\/en\\\/produktas\\\/organic-ground-lupin-coffee\\\/#primaryimage\"},\"thumbnailUrl\":\"https:\\\/\\\/www.biopapa.lt\\\/wp-content\\\/uploads\\\/2021\\\/10\\\/Ekologiska-malta-lubinu-kava.jpg\",\"datePublished\":\"2021-11-09T13:55:49+00:00\",\"dateModified\":\"2026-01-16T10:09:04+00:00\",\"description\":\"Organic ground lupin coffee is caffeine-free and full of nutrients. Lupin seeds are rich in protein, dietary fibre, various vitamins and minerals.\",\"breadcrumb\":{\"@id\":\"https:\\\/\\\/www.biopapa.lt\\\/en\\\/produktas\\\/organic-ground-lupin-coffee\\\/#breadcrumb\"},\"inLanguage\":\"en-US\",\"potentialAction\":[{\"@type\":\"ReadAction\",\"target\":[\"https:\\\/\\\/www.biopapa.lt\\\/en\\\/produktas\\\/organic-ground-lupin-coffee\\\/\"]}]},{\"@type\":\"ImageObject\",\"inLanguage\":\"en-US\",\"@id\":\"https:\\\/\\\/www.biopapa.lt\\\/en\\\/produktas\\\/organic-ground-lupin-coffee\\\/#primaryimage\",\"url\":\"https:\\\/\\\/www.biopapa.lt\\\/wp-content\\\/uploads\\\/2021\\\/10\\\/Ekologiska-malta-lubinu-kava.jpg\",\"contentUrl\":\"https:\\\/\\\/www.biopapa.lt\\\/wp-content\\\/uploads\\\/2021\\\/10\\\/Ekologiska-malta-lubinu-kava.jpg\",\"width\":800,\"height\":640,\"caption\":\"Organic ground lupin coffee, gluten-free\"},{\"@type\":\"BreadcrumbList\",\"@id\":\"https:\\\/\\\/www.biopapa.lt\\\/en\\\/produktas\\\/organic-ground-lupin-coffee\\\/#breadcrumb\",\"itemListElement\":[{\"@type\":\"ListItem\",\"position\":1,\"name\":\"Home\",\"item\":\"https:\\\/\\\/www.biopapa.lt\\\/en\\\/\"},{\"@type\":\"ListItem\",\"position\":2,\"name\":\"Shop\",\"item\":\"https:\\\/\\\/www.biopapa.lt\\\/en\\\/shop\\\/\"},{\"@type\":\"ListItem\",\"position\":3,\"name\":\"Organic ground lupin coffee\"}]},{\"@type\":\"WebSite\",\"@id\":\"https:\\\/\\\/www.biopapa.lt\\\/#website\",\"url\":\"https:\\\/\\\/www.biopapa.lt\\\/\",\"name\":\"Biopapa\",\"description\":\"\u0160var\u016bs ekologi\u0161ki produktai\",\"publisher\":{\"@id\":\"https:\\\/\\\/www.biopapa.lt\\\/#organization\"},\"potentialAction\":[{\"@type\":\"SearchAction\",\"target\":{\"@type\":\"EntryPoint\",\"urlTemplate\":\"https:\\\/\\\/www.biopapa.lt\\\/?s={search_term_string}\"},\"query-input\":{\"@type\":\"PropertyValueSpecification\",\"valueRequired\":true,\"valueName\":\"search_term_string\"}}],\"inLanguage\":\"en-US\"},{\"@type\":\"Organization\",\"@id\":\"https:\\\/\\\/www.biopapa.lt\\\/#organization\",\"name\":\"Biopapa\",\"url\":\"https:\\\/\\\/www.biopapa.lt\\\/\",\"logo\":{\"@type\":\"ImageObject\",\"inLanguage\":\"en-US\",\"@id\":\"https:\\\/\\\/www.biopapa.lt\\\/#\\\/schema\\\/logo\\\/image\\\/\",\"url\":\"https:\\\/\\\/www.biopapa.lt\\\/wp-content\\\/uploads\\\/2022\\\/04\\\/facebook_biopapa.jpg\",\"contentUrl\":\"https:\\\/\\\/www.biopapa.lt\\\/wp-content\\\/uploads\\\/2022\\\/04\\\/facebook_biopapa.jpg\",\"width\":1733,\"height\":907,\"caption\":\"Biopapa\"},\"image\":{\"@id\":\"https:\\\/\\\/www.biopapa.lt\\\/#\\\/schema\\\/logo\\\/image\\\/\"},\"sameAs\":[\"https:\\\/\\\/www.facebook.com\\\/biopapa.lt\"]}]}<\/script>\n<!-- \/ Yoast SEO plugin. -->","yoast_head_json":{"title":"Organic ground lupin coffee - Biopapa","description":"Organic ground lupin coffee is caffeine-free and full of nutrients. Lupin seeds are rich in protein, dietary fibre, various vitamins and minerals.","robots":{"index":"index","follow":"follow","max-snippet":"max-snippet:-1","max-image-preview":"max-image-preview:large","max-video-preview":"max-video-preview:-1"},"canonical":"https:\/\/www.biopapa.lt\/en\/produktas\/organic-ground-lupin-coffee\/","og_locale":"en_US","og_type":"article","og_title":"Organic ground lupin coffee - Biopapa","og_description":"Organic ground lupin coffee is caffeine-free and full of nutrients. Lupin seeds are rich in protein, dietary fibre, various vitamins and minerals.","og_url":"https:\/\/www.biopapa.lt\/en\/produktas\/organic-ground-lupin-coffee\/","og_site_name":"Biopapa","article_publisher":"https:\/\/www.facebook.com\/biopapa.lt","article_modified_time":"2026-01-16T10:09:04+00:00","og_image":[{"width":800,"height":640,"url":"https:\/\/www.biopapa.lt\/wp-content\/uploads\/2021\/10\/Ekologiska-malta-lubinu-kava.jpg","type":"image\/jpeg"}],"twitter_card":"summary_large_image","schema":{"@context":"https:\/\/schema.org","@graph":[{"@type":"WebPage","@id":"https:\/\/www.biopapa.lt\/en\/produktas\/organic-ground-lupin-coffee\/","url":"https:\/\/www.biopapa.lt\/en\/produktas\/organic-ground-lupin-coffee\/","name":"Organic ground lupin coffee - Biopapa","isPartOf":{"@id":"https:\/\/www.biopapa.lt\/#website"},"primaryImageOfPage":{"@id":"https:\/\/www.biopapa.lt\/en\/produktas\/organic-ground-lupin-coffee\/#primaryimage"},"image":{"@id":"https:\/\/www.biopapa.lt\/en\/produktas\/organic-ground-lupin-coffee\/#primaryimage"},"thumbnailUrl":"https:\/\/www.biopapa.lt\/wp-content\/uploads\/2021\/10\/Ekologiska-malta-lubinu-kava.jpg","datePublished":"2021-11-09T13:55:49+00:00","dateModified":"2026-01-16T10:09:04+00:00","description":"Organic ground lupin coffee is caffeine-free and full of nutrients. Lupin seeds are rich in protein, dietary fibre, various vitamins and minerals.","breadcrumb":{"@id":"https:\/\/www.biopapa.lt\/en\/produktas\/organic-ground-lupin-coffee\/#breadcrumb"},"inLanguage":"en-US","potentialAction":[{"@type":"ReadAction","target":["https:\/\/www.biopapa.lt\/en\/produktas\/organic-ground-lupin-coffee\/"]}]},{"@type":"ImageObject","inLanguage":"en-US","@id":"https:\/\/www.biopapa.lt\/en\/produktas\/organic-ground-lupin-coffee\/#primaryimage","url":"https:\/\/www.biopapa.lt\/wp-content\/uploads\/2021\/10\/Ekologiska-malta-lubinu-kava.jpg","contentUrl":"https:\/\/www.biopapa.lt\/wp-content\/uploads\/2021\/10\/Ekologiska-malta-lubinu-kava.jpg","width":800,"height":640,"caption":"Organic ground lupin coffee, gluten-free"},{"@type":"BreadcrumbList","@id":"https:\/\/www.biopapa.lt\/en\/produktas\/organic-ground-lupin-coffee\/#breadcrumb","itemListElement":[{"@type":"ListItem","position":1,"name":"Home","item":"https:\/\/www.biopapa.lt\/en\/"},{"@type":"ListItem","position":2,"name":"Shop","item":"https:\/\/www.biopapa.lt\/en\/shop\/"},{"@type":"ListItem","position":3,"name":"Organic ground lupin coffee"}]},{"@type":"WebSite","@id":"https:\/\/www.biopapa.lt\/#website","url":"https:\/\/www.biopapa.lt\/","name":"Biopapa","description":"\u0160var\u016bs ekologi\u0161ki produktai","publisher":{"@id":"https:\/\/www.biopapa.lt\/#organization"},"potentialAction":[{"@type":"SearchAction","target":{"@type":"EntryPoint","urlTemplate":"https:\/\/www.biopapa.lt\/?s={search_term_string}"},"query-input":{"@type":"PropertyValueSpecification","valueRequired":true,"valueName":"search_term_string"}}],"inLanguage":"en-US"},{"@type":"Organization","@id":"https:\/\/www.biopapa.lt\/#organization","name":"Biopapa","url":"https:\/\/www.biopapa.lt\/","logo":{"@type":"ImageObject","inLanguage":"en-US","@id":"https:\/\/www.biopapa.lt\/#\/schema\/logo\/image\/","url":"https:\/\/www.biopapa.lt\/wp-content\/uploads\/2022\/04\/facebook_biopapa.jpg","contentUrl":"https:\/\/www.biopapa.lt\/wp-content\/uploads\/2022\/04\/facebook_biopapa.jpg","width":1733,"height":907,"caption":"Biopapa"},"image":{"@id":"https:\/\/www.biopapa.lt\/#\/schema\/logo\/image\/"},"sameAs":["https:\/\/www.facebook.com\/biopapa.lt"]}]}},"_links":{"self":[{"href":"https:\/\/www.biopapa.lt\/en\/wp-json\/wp\/v2\/product\/34218","targetHints":{"allow":["GET"]}}],"collection":[{"href":"https:\/\/www.biopapa.lt\/en\/wp-json\/wp\/v2\/product"}],"about":[{"href":"https:\/\/www.biopapa.lt\/en\/wp-json\/wp\/v2\/types\/product"}],"wp:featuredmedia":[{"embeddable":true,"href":"https:\/\/www.biopapa.lt\/en\/wp-json\/wp\/v2\/media\/28877"}],"wp:attachment":[{"href":"https:\/\/www.biopapa.lt\/en\/wp-json\/wp\/v2\/media?parent=34218"}],"wp:term":[{"taxonomy":"product_brand","embeddable":true,"href":"https:\/\/www.biopapa.lt\/en\/wp-json\/wp\/v2\/product_brand?post=34218"},{"taxonomy":"product_cat","embeddable":true,"href":"https:\/\/www.biopapa.lt\/en\/wp-json\/wp\/v2\/product_cat?post=34218"},{"taxonomy":"product_tag","embeddable":true,"href":"https:\/\/www.biopapa.lt\/en\/wp-json\/wp\/v2\/product_tag?post=34218"}],"curies":[{"name":"wp","href":"https:\/\/api.w.org\/{rel}","templated":true}]}}