{"id":34159,"date":"2022-07-09T06:18:13","date_gmt":"2022-07-09T03:18:13","guid":{"rendered":"https:\/\/www.biopapa.lt\/produktas\/organic-mountain-tea-sideritis-scardica\/"},"modified":"2025-11-17T02:17:25","modified_gmt":"2025-11-17T00:17:25","slug":"organic-mountain-tea-sideritis-scardica","status":"publish","type":"product","link":"https:\/\/www.biopapa.lt\/en\/produktas\/organic-mountain-tea-sideritis-scardica\/","title":{"rendered":"Organic mountain tea &#8220;Sideritis scardica&#8221;"},"content":{"rendered":"<p>This highly aromatic mountain tea is traditionally drunk for a quick warm-up, as well as for colds and indigestion.<\/p>\n<p>It is believed to have significant antispasmodic, analgesic, laxative and detoxifying effects. The high iron content in mountain tea strengthens the immune system and protects against disease.<\/p>\n<p>Ingredients: flowers of organic mountain herb Sideritis scardica 100%.<\/p>\n<p>Preparation<strong>: <\/strong>place one teaspoon in a cup and cover with hot water. Leave for 4-5 minutes until the best properties of the plant are revealed. Strain and enjoy hot or cold.<\/p>\n","protected":false},"excerpt":{"rendered":"<p>This highly aromatic mountain tea is traditionally drunk for a quick warm-up, as well as for colds and indigestion. It<\/p>\n","protected":false},"featured_media":29811,"template":"","meta":{"_acf_changed":false},"product_brand":[],"product_cat":[1945,1847],"product_tag":[2024,2088],"class_list":{"0":"post-34159","1":"product","2":"type-product","3":"status-publish","4":"has-post-thumbnail","6":"product_cat-tea","7":"product_cat-tea-coffee-cocoa-en","8":"product_tag-tea","9":"product_tag-vegan","10":"pa_svoris-1-kg-en-2","11":"pa_svoris-100-g-en-2","12":"pa_svoris-200-g-en","13":"pa_svoris-25-g-en","14":"pa_svoris-300-g-en","15":"pa_svoris-400-g-en","16":"pa_svoris-50-g-en","17":"pa_svoris-500-g-en-2","19":"first","20":"instock","21":"shipping-taxable","22":"purchasable","23":"product-type-variable"},"acf":[],"yoast_head":"<!-- This site is optimized with the Yoast SEO plugin v27.5 - https:\/\/yoast.com\/product\/yoast-seo-wordpress\/ -->\n<title>Organic mountain tea &quot;Sideritis scardica&quot; - Biopapa<\/title>\n<meta name=\"robots\" content=\"index, follow, max-snippet:-1, max-image-preview:large, max-video-preview:-1\" \/>\n<link rel=\"canonical\" href=\"https:\/\/www.biopapa.lt\/en\/product\/organic-mountain-tea-sideritis-scardica\/\" \/>\n<meta property=\"og:locale\" content=\"en_US\" \/>\n<meta property=\"og:type\" content=\"article\" \/>\n<meta property=\"og:title\" content=\"Organic mountain tea &quot;Sideritis scardica&quot; - Biopapa\" \/>\n<meta property=\"og:description\" content=\"This highly aromatic mountain tea is traditionally drunk for a quick warm-up, as well as for colds and indigestion. It\" \/>\n<meta property=\"og:url\" content=\"https:\/\/www.biopapa.lt\/en\/product\/organic-mountain-tea-sideritis-scardica\/\" \/>\n<meta property=\"og:site_name\" content=\"Biopapa\" \/>\n<meta property=\"article:publisher\" content=\"https:\/\/www.facebook.com\/biopapa.lt\" \/>\n<meta property=\"article:modified_time\" content=\"2025-11-17T00:17:25+00:00\" \/>\n<meta property=\"og:image\" content=\"https:\/\/www.biopapa.lt\/wp-content\/uploads\/2022\/07\/Ekologiska-kalnu-arbata-Sideritis-scardica.png\" \/>\n\t<meta property=\"og:image:width\" content=\"800\" \/>\n\t<meta property=\"og:image:height\" content=\"640\" \/>\n\t<meta property=\"og:image:type\" content=\"image\/png\" \/>\n<meta name=\"twitter:card\" content=\"summary_large_image\" \/>\n<script type=\"application\/ld+json\" class=\"yoast-schema-graph\">{\"@context\":\"https:\\\/\\\/schema.org\",\"@graph\":[{\"@type\":\"WebPage\",\"@id\":\"https:\\\/\\\/www.biopapa.lt\\\/en\\\/product\\\/organic-mountain-tea-sideritis-scardica\\\/\",\"url\":\"https:\\\/\\\/www.biopapa.lt\\\/en\\\/product\\\/organic-mountain-tea-sideritis-scardica\\\/\",\"name\":\"Organic mountain tea \\\"Sideritis scardica\\\" - Biopapa\",\"isPartOf\":{\"@id\":\"https:\\\/\\\/www.biopapa.lt\\\/#website\"},\"primaryImageOfPage\":{\"@id\":\"https:\\\/\\\/www.biopapa.lt\\\/en\\\/product\\\/organic-mountain-tea-sideritis-scardica\\\/#primaryimage\"},\"image\":{\"@id\":\"https:\\\/\\\/www.biopapa.lt\\\/en\\\/product\\\/organic-mountain-tea-sideritis-scardica\\\/#primaryimage\"},\"thumbnailUrl\":\"https:\\\/\\\/www.biopapa.lt\\\/wp-content\\\/uploads\\\/2022\\\/07\\\/Ekologiska-kalnu-arbata-Sideritis-scardica.png\",\"datePublished\":\"2022-07-09T03:18:13+00:00\",\"dateModified\":\"2025-11-17T00:17:25+00:00\",\"breadcrumb\":{\"@id\":\"https:\\\/\\\/www.biopapa.lt\\\/en\\\/product\\\/organic-mountain-tea-sideritis-scardica\\\/#breadcrumb\"},\"inLanguage\":\"en-US\",\"potentialAction\":[{\"@type\":\"ReadAction\",\"target\":[\"https:\\\/\\\/www.biopapa.lt\\\/en\\\/product\\\/organic-mountain-tea-sideritis-scardica\\\/\"]}]},{\"@type\":\"ImageObject\",\"inLanguage\":\"en-US\",\"@id\":\"https:\\\/\\\/www.biopapa.lt\\\/en\\\/product\\\/organic-mountain-tea-sideritis-scardica\\\/#primaryimage\",\"url\":\"https:\\\/\\\/www.biopapa.lt\\\/wp-content\\\/uploads\\\/2022\\\/07\\\/Ekologiska-kalnu-arbata-Sideritis-scardica.png\",\"contentUrl\":\"https:\\\/\\\/www.biopapa.lt\\\/wp-content\\\/uploads\\\/2022\\\/07\\\/Ekologiska-kalnu-arbata-Sideritis-scardica.png\",\"width\":800,\"height\":640,\"caption\":\"Organic mountain tea \\\"Sideritis scardica\\\"\"},{\"@type\":\"BreadcrumbList\",\"@id\":\"https:\\\/\\\/www.biopapa.lt\\\/en\\\/product\\\/organic-mountain-tea-sideritis-scardica\\\/#breadcrumb\",\"itemListElement\":[{\"@type\":\"ListItem\",\"position\":1,\"name\":\"Home\",\"item\":\"https:\\\/\\\/www.biopapa.lt\\\/en\\\/\"},{\"@type\":\"ListItem\",\"position\":2,\"name\":\"Shop\",\"item\":\"https:\\\/\\\/www.biopapa.lt\\\/en\\\/shop\\\/\"},{\"@type\":\"ListItem\",\"position\":3,\"name\":\"Organic mountain tea &#8220;Sideritis scardica&#8221;\"}]},{\"@type\":\"WebSite\",\"@id\":\"https:\\\/\\\/www.biopapa.lt\\\/#website\",\"url\":\"https:\\\/\\\/www.biopapa.lt\\\/\",\"name\":\"Biopapa\",\"description\":\"\u0160var\u016bs ekologi\u0161ki produktai\",\"publisher\":{\"@id\":\"https:\\\/\\\/www.biopapa.lt\\\/#organization\"},\"potentialAction\":[{\"@type\":\"SearchAction\",\"target\":{\"@type\":\"EntryPoint\",\"urlTemplate\":\"https:\\\/\\\/www.biopapa.lt\\\/?s={search_term_string}\"},\"query-input\":{\"@type\":\"PropertyValueSpecification\",\"valueRequired\":true,\"valueName\":\"search_term_string\"}}],\"inLanguage\":\"en-US\"},{\"@type\":\"Organization\",\"@id\":\"https:\\\/\\\/www.biopapa.lt\\\/#organization\",\"name\":\"Biopapa\",\"url\":\"https:\\\/\\\/www.biopapa.lt\\\/\",\"logo\":{\"@type\":\"ImageObject\",\"inLanguage\":\"en-US\",\"@id\":\"https:\\\/\\\/www.biopapa.lt\\\/#\\\/schema\\\/logo\\\/image\\\/\",\"url\":\"https:\\\/\\\/www.biopapa.lt\\\/wp-content\\\/uploads\\\/2022\\\/04\\\/facebook_biopapa.jpg\",\"contentUrl\":\"https:\\\/\\\/www.biopapa.lt\\\/wp-content\\\/uploads\\\/2022\\\/04\\\/facebook_biopapa.jpg\",\"width\":1733,\"height\":907,\"caption\":\"Biopapa\"},\"image\":{\"@id\":\"https:\\\/\\\/www.biopapa.lt\\\/#\\\/schema\\\/logo\\\/image\\\/\"},\"sameAs\":[\"https:\\\/\\\/www.facebook.com\\\/biopapa.lt\"]}]}<\/script>\n<!-- \/ Yoast SEO plugin. -->","yoast_head_json":{"title":"Organic mountain tea \"Sideritis scardica\" - Biopapa","robots":{"index":"index","follow":"follow","max-snippet":"max-snippet:-1","max-image-preview":"max-image-preview:large","max-video-preview":"max-video-preview:-1"},"canonical":"https:\/\/www.biopapa.lt\/en\/product\/organic-mountain-tea-sideritis-scardica\/","og_locale":"en_US","og_type":"article","og_title":"Organic mountain tea \"Sideritis scardica\" - Biopapa","og_description":"This highly aromatic mountain tea is traditionally drunk for a quick warm-up, as well as for colds and indigestion. It","og_url":"https:\/\/www.biopapa.lt\/en\/product\/organic-mountain-tea-sideritis-scardica\/","og_site_name":"Biopapa","article_publisher":"https:\/\/www.facebook.com\/biopapa.lt","article_modified_time":"2025-11-17T00:17:25+00:00","og_image":[{"width":800,"height":640,"url":"https:\/\/www.biopapa.lt\/wp-content\/uploads\/2022\/07\/Ekologiska-kalnu-arbata-Sideritis-scardica.png","type":"image\/png"}],"twitter_card":"summary_large_image","schema":{"@context":"https:\/\/schema.org","@graph":[{"@type":"WebPage","@id":"https:\/\/www.biopapa.lt\/en\/product\/organic-mountain-tea-sideritis-scardica\/","url":"https:\/\/www.biopapa.lt\/en\/product\/organic-mountain-tea-sideritis-scardica\/","name":"Organic mountain tea \"Sideritis scardica\" - Biopapa","isPartOf":{"@id":"https:\/\/www.biopapa.lt\/#website"},"primaryImageOfPage":{"@id":"https:\/\/www.biopapa.lt\/en\/product\/organic-mountain-tea-sideritis-scardica\/#primaryimage"},"image":{"@id":"https:\/\/www.biopapa.lt\/en\/product\/organic-mountain-tea-sideritis-scardica\/#primaryimage"},"thumbnailUrl":"https:\/\/www.biopapa.lt\/wp-content\/uploads\/2022\/07\/Ekologiska-kalnu-arbata-Sideritis-scardica.png","datePublished":"2022-07-09T03:18:13+00:00","dateModified":"2025-11-17T00:17:25+00:00","breadcrumb":{"@id":"https:\/\/www.biopapa.lt\/en\/product\/organic-mountain-tea-sideritis-scardica\/#breadcrumb"},"inLanguage":"en-US","potentialAction":[{"@type":"ReadAction","target":["https:\/\/www.biopapa.lt\/en\/product\/organic-mountain-tea-sideritis-scardica\/"]}]},{"@type":"ImageObject","inLanguage":"en-US","@id":"https:\/\/www.biopapa.lt\/en\/product\/organic-mountain-tea-sideritis-scardica\/#primaryimage","url":"https:\/\/www.biopapa.lt\/wp-content\/uploads\/2022\/07\/Ekologiska-kalnu-arbata-Sideritis-scardica.png","contentUrl":"https:\/\/www.biopapa.lt\/wp-content\/uploads\/2022\/07\/Ekologiska-kalnu-arbata-Sideritis-scardica.png","width":800,"height":640,"caption":"Organic mountain tea \"Sideritis scardica\""},{"@type":"BreadcrumbList","@id":"https:\/\/www.biopapa.lt\/en\/product\/organic-mountain-tea-sideritis-scardica\/#breadcrumb","itemListElement":[{"@type":"ListItem","position":1,"name":"Home","item":"https:\/\/www.biopapa.lt\/en\/"},{"@type":"ListItem","position":2,"name":"Shop","item":"https:\/\/www.biopapa.lt\/en\/shop\/"},{"@type":"ListItem","position":3,"name":"Organic mountain tea &#8220;Sideritis scardica&#8221;"}]},{"@type":"WebSite","@id":"https:\/\/www.biopapa.lt\/#website","url":"https:\/\/www.biopapa.lt\/","name":"Biopapa","description":"\u0160var\u016bs ekologi\u0161ki produktai","publisher":{"@id":"https:\/\/www.biopapa.lt\/#organization"},"potentialAction":[{"@type":"SearchAction","target":{"@type":"EntryPoint","urlTemplate":"https:\/\/www.biopapa.lt\/?s={search_term_string}"},"query-input":{"@type":"PropertyValueSpecification","valueRequired":true,"valueName":"search_term_string"}}],"inLanguage":"en-US"},{"@type":"Organization","@id":"https:\/\/www.biopapa.lt\/#organization","name":"Biopapa","url":"https:\/\/www.biopapa.lt\/","logo":{"@type":"ImageObject","inLanguage":"en-US","@id":"https:\/\/www.biopapa.lt\/#\/schema\/logo\/image\/","url":"https:\/\/www.biopapa.lt\/wp-content\/uploads\/2022\/04\/facebook_biopapa.jpg","contentUrl":"https:\/\/www.biopapa.lt\/wp-content\/uploads\/2022\/04\/facebook_biopapa.jpg","width":1733,"height":907,"caption":"Biopapa"},"image":{"@id":"https:\/\/www.biopapa.lt\/#\/schema\/logo\/image\/"},"sameAs":["https:\/\/www.facebook.com\/biopapa.lt"]}]}},"_links":{"self":[{"href":"https:\/\/www.biopapa.lt\/en\/wp-json\/wp\/v2\/product\/34159","targetHints":{"allow":["GET"]}}],"collection":[{"href":"https:\/\/www.biopapa.lt\/en\/wp-json\/wp\/v2\/product"}],"about":[{"href":"https:\/\/www.biopapa.lt\/en\/wp-json\/wp\/v2\/types\/product"}],"wp:featuredmedia":[{"embeddable":true,"href":"https:\/\/www.biopapa.lt\/en\/wp-json\/wp\/v2\/media\/29811"}],"wp:attachment":[{"href":"https:\/\/www.biopapa.lt\/en\/wp-json\/wp\/v2\/media?parent=34159"}],"wp:term":[{"taxonomy":"product_brand","embeddable":true,"href":"https:\/\/www.biopapa.lt\/en\/wp-json\/wp\/v2\/product_brand?post=34159"},{"taxonomy":"product_cat","embeddable":true,"href":"https:\/\/www.biopapa.lt\/en\/wp-json\/wp\/v2\/product_cat?post=34159"},{"taxonomy":"product_tag","embeddable":true,"href":"https:\/\/www.biopapa.lt\/en\/wp-json\/wp\/v2\/product_tag?post=34159"}],"curies":[{"name":"wp","href":"https:\/\/api.w.org\/{rel}","templated":true}]}}