{"id":34141,"date":"2022-11-11T12:34:09","date_gmt":"2022-11-11T10:34:09","guid":{"rendered":"https:\/\/www.biopapa.lt\/produktas\/organic-cocoa-mass-in-discs\/"},"modified":"2025-11-30T23:08:33","modified_gmt":"2025-11-30T21:08:33","slug":"organic-cocoa-mass-in-discs","status":"publish","type":"product","link":"https:\/\/www.biopapa.lt\/en\/produktas\/organic-cocoa-mass-in-discs\/","title":{"rendered":"Organic cocoa mass in discs"},"content":{"rendered":"<p>The <strong>cocoa mass<\/strong> is perfect for use in vegan dessert recipes, sweet pastries, homemade chocolate or the most delicious cocoa and hot chocolate.<\/p>\n<p>Cocoa beans, which contain more than 300 active substances including phenyl, ethylamine and serotin, are used to make chocolate. Theobroma Cacao, a tree native to the tropical climate of South America, is considered sacred by Mayan and Aztec tribes. Cocoa beans themselves are a great &#8220;superfood&#8221;, as they are rich in antioxidants and other nutrients. Cocoa beans produced by organic farmers in Peru contain 3 more antioxidants than green tea. Cocoa beans are a rich source of minerals. Hand-picked as pods, the highest quality green beans are selected and fermented to reduce the natural bitterness.<\/p>\n<p><strong>How to cook cocoa (for one cup):<\/strong><\/p>\n<ul>\n<li>Crush about 10 g. cocoa mass<\/li>\n<li>Bring the water to the boil and add the cocoa mass<\/li>\n<li>Mix by hand or with an electric mixer until a smooth consistency is obtained<\/li>\n<li>If the cocoa lacks sweetness, it can be flavoured with vegetable milk or a sweetener of your choice<\/li>\n<\/ul>\n<p><strong>Benefits of Cocoa<\/strong><\/p>\n<ul>\n<li>Source of antioxidants &#8211; protects the body against ageing<\/li>\n<li>Cocoa helps regulate cholesterol<\/li>\n<li>Cocoa Activates blood circulation and brain activity<\/li>\n<li>Cocoa stimulates the production of endorphins (happiness hormones)<\/li>\n<\/ul>\n<p>Vartokite iki 10 g per dien\u0105. Consult your doctor before use.<\/p>\n<p>up to 10 g. &#8211; a light cocoa drink, suitable for everyday consumption<br \/>\n25 &#8211; 35 g. &#8211; medium strength cocoa drink<br \/>\n35 &#8211; 40 g. &#8211; strong cocoa drink, suitable for cocoa ceremonies<\/p>\n","protected":false},"excerpt":{"rendered":"<p>The cocoa mass is perfect for use in vegan dessert recipes, sweet pastries, homemade chocolate or the most delicious cocoa<\/p>\n","protected":false},"featured_media":29809,"template":"","meta":{"_acf_changed":false},"product_brand":[],"product_cat":[1947,2012,1847],"product_tag":[2050,2088],"class_list":{"0":"post-34141","1":"product","2":"type-product","3":"status-publish","4":"has-post-thumbnail","6":"product_cat-cocoa","7":"product_cat-sweets","8":"product_cat-tea-coffee-cocoa-en","9":"product_tag-cocoa","10":"product_tag-vegan","11":"pa_svoris-1-kg-en-2","12":"pa_svoris-100-g-en-2","13":"pa_svoris-18-14-kg-en","14":"pa_svoris-2-kg-en-2","15":"pa_svoris-200-g-en","16":"pa_svoris-300-g-en","17":"pa_svoris-400-g-en","18":"pa_svoris-500-g-en-2","19":"pa_svoris-6-kg-en","21":"first","22":"instock","23":"shipping-taxable","24":"purchasable","25":"product-type-variable"},"acf":[],"yoast_head":"<!-- This site is optimized with the Yoast SEO plugin v27.5 - https:\/\/yoast.com\/product\/yoast-seo-wordpress\/ -->\n<title>Organic cocoa mass in discs - Biopapa<\/title>\n<meta name=\"description\" content=\"The cocoa mass is perfect for use in vegan dessert recipes, sweet baked goods, homemade chocolate or the most delicious cocoa.\" \/>\n<meta name=\"robots\" content=\"index, follow, max-snippet:-1, max-image-preview:large, max-video-preview:-1\" \/>\n<link rel=\"canonical\" href=\"https:\/\/www.biopapa.lt\/en\/produktas\/organic-cocoa-mass-in-discs\/\" \/>\n<meta property=\"og:locale\" content=\"en_US\" \/>\n<meta property=\"og:type\" content=\"article\" \/>\n<meta property=\"og:title\" content=\"Organic cocoa mass in discs - Biopapa\" \/>\n<meta property=\"og:description\" content=\"The cocoa mass is perfect for use in vegan dessert recipes, sweet baked goods, homemade chocolate or the most delicious cocoa.\" \/>\n<meta property=\"og:url\" content=\"https:\/\/www.biopapa.lt\/en\/produktas\/organic-cocoa-mass-in-discs\/\" \/>\n<meta property=\"og:site_name\" content=\"Biopapa\" \/>\n<meta property=\"article:publisher\" content=\"https:\/\/www.facebook.com\/biopapa.lt\" \/>\n<meta property=\"article:modified_time\" content=\"2025-11-30T21:08:33+00:00\" \/>\n<meta property=\"og:image\" content=\"https:\/\/www.biopapa.lt\/wp-content\/uploads\/2022\/11\/Ekologiska-kakavos-mase-diskeliais.png\" \/>\n\t<meta property=\"og:image:width\" content=\"800\" \/>\n\t<meta property=\"og:image:height\" content=\"640\" \/>\n\t<meta property=\"og:image:type\" content=\"image\/png\" \/>\n<meta name=\"twitter:card\" content=\"summary_large_image\" \/>\n<script type=\"application\/ld+json\" class=\"yoast-schema-graph\">{\"@context\":\"https:\\\/\\\/schema.org\",\"@graph\":[{\"@type\":\"WebPage\",\"@id\":\"https:\\\/\\\/www.biopapa.lt\\\/en\\\/produktas\\\/organic-cocoa-mass-in-discs\\\/\",\"url\":\"https:\\\/\\\/www.biopapa.lt\\\/en\\\/produktas\\\/organic-cocoa-mass-in-discs\\\/\",\"name\":\"Organic cocoa mass in discs - Biopapa\",\"isPartOf\":{\"@id\":\"https:\\\/\\\/www.biopapa.lt\\\/#website\"},\"primaryImageOfPage\":{\"@id\":\"https:\\\/\\\/www.biopapa.lt\\\/en\\\/produktas\\\/organic-cocoa-mass-in-discs\\\/#primaryimage\"},\"image\":{\"@id\":\"https:\\\/\\\/www.biopapa.lt\\\/en\\\/produktas\\\/organic-cocoa-mass-in-discs\\\/#primaryimage\"},\"thumbnailUrl\":\"https:\\\/\\\/www.biopapa.lt\\\/wp-content\\\/uploads\\\/2022\\\/11\\\/Ekologiska-kakavos-mase-diskeliais.png\",\"datePublished\":\"2022-11-11T10:34:09+00:00\",\"dateModified\":\"2025-11-30T21:08:33+00:00\",\"description\":\"The cocoa mass is perfect for use in vegan dessert recipes, sweet baked goods, homemade chocolate or the most delicious cocoa.\",\"breadcrumb\":{\"@id\":\"https:\\\/\\\/www.biopapa.lt\\\/en\\\/produktas\\\/organic-cocoa-mass-in-discs\\\/#breadcrumb\"},\"inLanguage\":\"en-US\",\"potentialAction\":[{\"@type\":\"ReadAction\",\"target\":[\"https:\\\/\\\/www.biopapa.lt\\\/en\\\/produktas\\\/organic-cocoa-mass-in-discs\\\/\"]}]},{\"@type\":\"ImageObject\",\"inLanguage\":\"en-US\",\"@id\":\"https:\\\/\\\/www.biopapa.lt\\\/en\\\/produktas\\\/organic-cocoa-mass-in-discs\\\/#primaryimage\",\"url\":\"https:\\\/\\\/www.biopapa.lt\\\/wp-content\\\/uploads\\\/2022\\\/11\\\/Ekologiska-kakavos-mase-diskeliais.png\",\"contentUrl\":\"https:\\\/\\\/www.biopapa.lt\\\/wp-content\\\/uploads\\\/2022\\\/11\\\/Ekologiska-kakavos-mase-diskeliais.png\",\"width\":800,\"height\":640,\"caption\":\"Organic cocoa mass in discs\"},{\"@type\":\"BreadcrumbList\",\"@id\":\"https:\\\/\\\/www.biopapa.lt\\\/en\\\/produktas\\\/organic-cocoa-mass-in-discs\\\/#breadcrumb\",\"itemListElement\":[{\"@type\":\"ListItem\",\"position\":1,\"name\":\"Home\",\"item\":\"https:\\\/\\\/www.biopapa.lt\\\/en\\\/\"},{\"@type\":\"ListItem\",\"position\":2,\"name\":\"Shop\",\"item\":\"https:\\\/\\\/www.biopapa.lt\\\/en\\\/shop\\\/\"},{\"@type\":\"ListItem\",\"position\":3,\"name\":\"Organic cocoa mass in discs\"}]},{\"@type\":\"WebSite\",\"@id\":\"https:\\\/\\\/www.biopapa.lt\\\/#website\",\"url\":\"https:\\\/\\\/www.biopapa.lt\\\/\",\"name\":\"Biopapa\",\"description\":\"\u0160var\u016bs ekologi\u0161ki produktai\",\"publisher\":{\"@id\":\"https:\\\/\\\/www.biopapa.lt\\\/#organization\"},\"potentialAction\":[{\"@type\":\"SearchAction\",\"target\":{\"@type\":\"EntryPoint\",\"urlTemplate\":\"https:\\\/\\\/www.biopapa.lt\\\/?s={search_term_string}\"},\"query-input\":{\"@type\":\"PropertyValueSpecification\",\"valueRequired\":true,\"valueName\":\"search_term_string\"}}],\"inLanguage\":\"en-US\"},{\"@type\":\"Organization\",\"@id\":\"https:\\\/\\\/www.biopapa.lt\\\/#organization\",\"name\":\"Biopapa\",\"url\":\"https:\\\/\\\/www.biopapa.lt\\\/\",\"logo\":{\"@type\":\"ImageObject\",\"inLanguage\":\"en-US\",\"@id\":\"https:\\\/\\\/www.biopapa.lt\\\/#\\\/schema\\\/logo\\\/image\\\/\",\"url\":\"https:\\\/\\\/www.biopapa.lt\\\/wp-content\\\/uploads\\\/2022\\\/04\\\/facebook_biopapa.jpg\",\"contentUrl\":\"https:\\\/\\\/www.biopapa.lt\\\/wp-content\\\/uploads\\\/2022\\\/04\\\/facebook_biopapa.jpg\",\"width\":1733,\"height\":907,\"caption\":\"Biopapa\"},\"image\":{\"@id\":\"https:\\\/\\\/www.biopapa.lt\\\/#\\\/schema\\\/logo\\\/image\\\/\"},\"sameAs\":[\"https:\\\/\\\/www.facebook.com\\\/biopapa.lt\"]}]}<\/script>\n<!-- \/ Yoast SEO plugin. -->","yoast_head_json":{"title":"Organic cocoa mass in discs - Biopapa","description":"The cocoa mass is perfect for use in vegan dessert recipes, sweet baked goods, homemade chocolate or the most delicious cocoa.","robots":{"index":"index","follow":"follow","max-snippet":"max-snippet:-1","max-image-preview":"max-image-preview:large","max-video-preview":"max-video-preview:-1"},"canonical":"https:\/\/www.biopapa.lt\/en\/produktas\/organic-cocoa-mass-in-discs\/","og_locale":"en_US","og_type":"article","og_title":"Organic cocoa mass in discs - Biopapa","og_description":"The cocoa mass is perfect for use in vegan dessert recipes, sweet baked goods, homemade chocolate or the most delicious cocoa.","og_url":"https:\/\/www.biopapa.lt\/en\/produktas\/organic-cocoa-mass-in-discs\/","og_site_name":"Biopapa","article_publisher":"https:\/\/www.facebook.com\/biopapa.lt","article_modified_time":"2025-11-30T21:08:33+00:00","og_image":[{"width":800,"height":640,"url":"https:\/\/www.biopapa.lt\/wp-content\/uploads\/2022\/11\/Ekologiska-kakavos-mase-diskeliais.png","type":"image\/png"}],"twitter_card":"summary_large_image","schema":{"@context":"https:\/\/schema.org","@graph":[{"@type":"WebPage","@id":"https:\/\/www.biopapa.lt\/en\/produktas\/organic-cocoa-mass-in-discs\/","url":"https:\/\/www.biopapa.lt\/en\/produktas\/organic-cocoa-mass-in-discs\/","name":"Organic cocoa mass in discs - Biopapa","isPartOf":{"@id":"https:\/\/www.biopapa.lt\/#website"},"primaryImageOfPage":{"@id":"https:\/\/www.biopapa.lt\/en\/produktas\/organic-cocoa-mass-in-discs\/#primaryimage"},"image":{"@id":"https:\/\/www.biopapa.lt\/en\/produktas\/organic-cocoa-mass-in-discs\/#primaryimage"},"thumbnailUrl":"https:\/\/www.biopapa.lt\/wp-content\/uploads\/2022\/11\/Ekologiska-kakavos-mase-diskeliais.png","datePublished":"2022-11-11T10:34:09+00:00","dateModified":"2025-11-30T21:08:33+00:00","description":"The cocoa mass is perfect for use in vegan dessert recipes, sweet baked goods, homemade chocolate or the most delicious cocoa.","breadcrumb":{"@id":"https:\/\/www.biopapa.lt\/en\/produktas\/organic-cocoa-mass-in-discs\/#breadcrumb"},"inLanguage":"en-US","potentialAction":[{"@type":"ReadAction","target":["https:\/\/www.biopapa.lt\/en\/produktas\/organic-cocoa-mass-in-discs\/"]}]},{"@type":"ImageObject","inLanguage":"en-US","@id":"https:\/\/www.biopapa.lt\/en\/produktas\/organic-cocoa-mass-in-discs\/#primaryimage","url":"https:\/\/www.biopapa.lt\/wp-content\/uploads\/2022\/11\/Ekologiska-kakavos-mase-diskeliais.png","contentUrl":"https:\/\/www.biopapa.lt\/wp-content\/uploads\/2022\/11\/Ekologiska-kakavos-mase-diskeliais.png","width":800,"height":640,"caption":"Organic cocoa mass in discs"},{"@type":"BreadcrumbList","@id":"https:\/\/www.biopapa.lt\/en\/produktas\/organic-cocoa-mass-in-discs\/#breadcrumb","itemListElement":[{"@type":"ListItem","position":1,"name":"Home","item":"https:\/\/www.biopapa.lt\/en\/"},{"@type":"ListItem","position":2,"name":"Shop","item":"https:\/\/www.biopapa.lt\/en\/shop\/"},{"@type":"ListItem","position":3,"name":"Organic cocoa mass in discs"}]},{"@type":"WebSite","@id":"https:\/\/www.biopapa.lt\/#website","url":"https:\/\/www.biopapa.lt\/","name":"Biopapa","description":"\u0160var\u016bs ekologi\u0161ki produktai","publisher":{"@id":"https:\/\/www.biopapa.lt\/#organization"},"potentialAction":[{"@type":"SearchAction","target":{"@type":"EntryPoint","urlTemplate":"https:\/\/www.biopapa.lt\/?s={search_term_string}"},"query-input":{"@type":"PropertyValueSpecification","valueRequired":true,"valueName":"search_term_string"}}],"inLanguage":"en-US"},{"@type":"Organization","@id":"https:\/\/www.biopapa.lt\/#organization","name":"Biopapa","url":"https:\/\/www.biopapa.lt\/","logo":{"@type":"ImageObject","inLanguage":"en-US","@id":"https:\/\/www.biopapa.lt\/#\/schema\/logo\/image\/","url":"https:\/\/www.biopapa.lt\/wp-content\/uploads\/2022\/04\/facebook_biopapa.jpg","contentUrl":"https:\/\/www.biopapa.lt\/wp-content\/uploads\/2022\/04\/facebook_biopapa.jpg","width":1733,"height":907,"caption":"Biopapa"},"image":{"@id":"https:\/\/www.biopapa.lt\/#\/schema\/logo\/image\/"},"sameAs":["https:\/\/www.facebook.com\/biopapa.lt"]}]}},"_links":{"self":[{"href":"https:\/\/www.biopapa.lt\/en\/wp-json\/wp\/v2\/product\/34141","targetHints":{"allow":["GET"]}}],"collection":[{"href":"https:\/\/www.biopapa.lt\/en\/wp-json\/wp\/v2\/product"}],"about":[{"href":"https:\/\/www.biopapa.lt\/en\/wp-json\/wp\/v2\/types\/product"}],"wp:featuredmedia":[{"embeddable":true,"href":"https:\/\/www.biopapa.lt\/en\/wp-json\/wp\/v2\/media\/29809"}],"wp:attachment":[{"href":"https:\/\/www.biopapa.lt\/en\/wp-json\/wp\/v2\/media?parent=34141"}],"wp:term":[{"taxonomy":"product_brand","embeddable":true,"href":"https:\/\/www.biopapa.lt\/en\/wp-json\/wp\/v2\/product_brand?post=34141"},{"taxonomy":"product_cat","embeddable":true,"href":"https:\/\/www.biopapa.lt\/en\/wp-json\/wp\/v2\/product_cat?post=34141"},{"taxonomy":"product_tag","embeddable":true,"href":"https:\/\/www.biopapa.lt\/en\/wp-json\/wp\/v2\/product_tag?post=34141"}],"curies":[{"name":"wp","href":"https:\/\/api.w.org\/{rel}","templated":true}]}}