{"id":34132,"date":"2022-11-25T17:39:38","date_gmt":"2022-11-25T15:39:38","guid":{"rendered":"https:\/\/www.biopapa.lt\/produktas\/organic-ceremonial-cocoa-powder-raw\/"},"modified":"2025-11-30T23:08:28","modified_gmt":"2025-11-30T21:08:28","slug":"organic-ceremonial-cocoa-powder","status":"publish","type":"product","link":"https:\/\/www.biopapa.lt\/en\/produktas\/organic-ceremonial-cocoa-powder\/","title":{"rendered":"Organic Ceremonial Cocoa Powder"},"content":{"rendered":"<p class=\"p1\">Cocoa (Theobroma cocoa L.) originated in Central America. The Maya, Aztecs and other peoples consumed cocoa drinks similar to <i>tejate<\/i> or <i>pozole<\/i>, which are still produced in Mexico and Central America.<br \/>\nThese ancient civilisations not only consumed cocoa as a beverage, but also considered it sacred, using it in rituals and ceremonies. The cocoa bean was so highly valued that it was used as currency and took a central place in cultural and spiritual practices. Today, the tradition of ceremonial cacao continues to flourish as people around the world rediscover its potential for emotional healing and spiritual connection.<\/p>\n<p class=\"p3\">Cocoa beans are said to contain compounds that produce feelings of happiness, pleasure and even mild euphoria. It can contribute to a better mood and well-being.<br \/>\nIt is also thought to help improve concentration, making it useful for tasks that require mental clarity.<br \/>\nCocoa is associated with aphrodisiacs, enhancing romantic and sensual experiences.<\/p>\n<p>Properties<br \/>\nCocoa powder made from unroasted, fermented, sun-dried cocoa beans with a moisture content of 6,59%.<br \/>\nFree from extraneous flavours, odours, excess acidity, excess bitterness or astringency.<\/p>\n<p class=\"p3\">Attention<br \/>\nCocoa naturally contains caffeine and theobromine. Although the amounts are lower than in coffee, those who are sensitive to caffeine may experience anxiety, nervousness or insomnia.<br \/>\nExcessive consumption of cocoa can cause digestive problems including nausea or diarrhoea, headaches,<br \/>\nCocoa may interact with certain drugs, especially antidepressants, so be careful. <\/p>\n<p class=\"p3\">Use of<i><br \/>\n<\/i>30 g of cocoa per day is more than enough. It is very important to start with a smaller amount and gradually increase to find the optimal dose, as individual reactions can vary greatly.<br \/>\nCocoa is generally safe to consume during pregnancy, but we do not recommend large portions. It is important to monitor your cocoa intake.<\/p>\n<p class=\"p3\"><b>Hot chocolate<\/b><br \/>\nDissolve the cocoa powder in a hot bowl and blend in a blender with warm (not boiling) water.<br \/>\nGarnish with <a href=\"https:\/\/www.biopapa.lt\/en\/produktas\/organic-coconut-milk-powder\/\">coconut milk powder<\/a> or a plant-based drink such as <a href=\"https:\/\/www.biopapa.lt\/en\/produktas\/organic-vanilla-oat-drink-without-added-sugar-1-l-natumi\/\">oats<\/a>, <a href=\"https:\/\/www.biopapa.lt\/en\/produktas\/organic-almond-drink-without-added-sugar-without-gluten-1-l-natum\/\">almonds<\/a> or <a href=\"https:\/\/www.biopapa.lt\/en\/produktas\/organic-coconut-drink-400-ml\/\">coconut<\/a>.<br \/>\nSweeten with your favourite sweetener and experiment with spices such as vanilla, cinnamon, cardamom, cayenne pepper.<\/p>\n<p class=\"p3\"><b>Make chocolate at home<\/b><br \/>\nDissolve the cocoa powder in a hot pan with the coconut milk powder or, say, nut butter (not with water or vegetable milk) and pour into the moulds. Once cooled in the fridge, you can enjoy high quality chocolate.<br \/>\nSprinkle on breakfast porridge, smoothie or salad. <\/p>\n<p class=\"p5\">Sources<br \/>\n<span class=\"s1\">https:\/\/cacaolaboratory.com<br \/>\n<\/span>https:\/\/www.sciencedirect.com<br \/>\n<span class=\"s1\">https:\/\/www.thechocolatejournalist.com<\/span><\/p>\n<p class=\"p6\"><span class=\"s2\">NOTE. <\/span><i>The information contained herein should not be construed as a recommendation for treatment or other health issues. We encourage you to make personal decisions about your personal health, taking into account a wide range of sources of information. <\/i><\/p>\n","protected":false},"excerpt":{"rendered":"<p>Cocoa (Theobroma cocoa L.) originated in Central America. The Maya, Aztecs and other peoples consumed cocoa drinks similar to tejate<\/p>\n","protected":false},"featured_media":30057,"template":"","meta":{"_acf_changed":false},"product_brand":[],"product_cat":[1947,1847],"product_tag":[2050,2056,2092,2088],"class_list":{"0":"post-34132","1":"product","2":"type-product","3":"status-publish","4":"has-post-thumbnail","6":"product_cat-cocoa","7":"product_cat-tea-coffee-cocoa-en","8":"product_tag-cocoa","9":"product_tag-keto-diet","10":"product_tag-raw-diet","11":"product_tag-vegan","12":"pa_svoris-1-kg-en-2","13":"pa_svoris-100-g-en-2","14":"pa_svoris-200-g-en","15":"pa_svoris-25-kg-en","16":"pa_svoris-300-g-en","17":"pa_svoris-400-g-en","18":"pa_svoris-500-g-en-2","20":"first","21":"instock","22":"shipping-taxable","23":"purchasable","24":"product-type-variable"},"acf":[],"yoast_head":"<!-- This site is optimized with the Yoast SEO plugin v27.5 - https:\/\/yoast.com\/product\/yoast-seo-wordpress\/ -->\n<title>Organic Ceremonial Cocoa Powder - Biopapa<\/title>\n<meta name=\"description\" content=\"Organic cocoa powder obtained from the highest quality cocoa beans. Ancient civilisations not only consumed cocoa as a beverage, but also considered it sacred, using it in rituals and ceremonies.\" \/>\n<meta name=\"robots\" content=\"index, follow, max-snippet:-1, max-image-preview:large, max-video-preview:-1\" \/>\n<link rel=\"canonical\" href=\"https:\/\/www.biopapa.lt\/en\/produktas\/organic-ceremonial-cocoa-powder\/\" \/>\n<meta property=\"og:locale\" content=\"en_US\" \/>\n<meta property=\"og:type\" content=\"article\" \/>\n<meta property=\"og:title\" content=\"Organic Ceremonial Cocoa Powder - Biopapa\" \/>\n<meta property=\"og:description\" content=\"Organic cocoa powder obtained from the highest quality cocoa beans. Ancient civilisations not only consumed cocoa as a beverage, but also considered it sacred, using it in rituals and ceremonies.\" \/>\n<meta property=\"og:url\" content=\"https:\/\/www.biopapa.lt\/en\/produktas\/organic-ceremonial-cocoa-powder\/\" \/>\n<meta property=\"og:site_name\" content=\"Biopapa\" \/>\n<meta property=\"article:publisher\" content=\"https:\/\/www.facebook.com\/biopapa.lt\" \/>\n<meta property=\"article:modified_time\" content=\"2025-11-30T21:08:28+00:00\" \/>\n<meta property=\"og:image\" content=\"https:\/\/www.biopapa.lt\/wp-content\/uploads\/2022\/11\/Ekologiski-kakavos-milteliai-RAW-nenuriebinti-1.png\" \/>\n\t<meta property=\"og:image:width\" content=\"800\" \/>\n\t<meta property=\"og:image:height\" content=\"640\" \/>\n\t<meta property=\"og:image:type\" content=\"image\/png\" \/>\n<meta name=\"twitter:card\" content=\"summary_large_image\" \/>\n<script type=\"application\/ld+json\" class=\"yoast-schema-graph\">{\"@context\":\"https:\\\/\\\/schema.org\",\"@graph\":[{\"@type\":\"WebPage\",\"@id\":\"https:\\\/\\\/www.biopapa.lt\\\/en\\\/produktas\\\/organic-ceremonial-cocoa-powder\\\/\",\"url\":\"https:\\\/\\\/www.biopapa.lt\\\/en\\\/produktas\\\/organic-ceremonial-cocoa-powder\\\/\",\"name\":\"Organic Ceremonial Cocoa Powder - Biopapa\",\"isPartOf\":{\"@id\":\"https:\\\/\\\/www.biopapa.lt\\\/#website\"},\"primaryImageOfPage\":{\"@id\":\"https:\\\/\\\/www.biopapa.lt\\\/en\\\/produktas\\\/organic-ceremonial-cocoa-powder\\\/#primaryimage\"},\"image\":{\"@id\":\"https:\\\/\\\/www.biopapa.lt\\\/en\\\/produktas\\\/organic-ceremonial-cocoa-powder\\\/#primaryimage\"},\"thumbnailUrl\":\"https:\\\/\\\/www.biopapa.lt\\\/wp-content\\\/uploads\\\/2022\\\/11\\\/Ekologiski-kakavos-milteliai-RAW-nenuriebinti-1.png\",\"datePublished\":\"2022-11-25T15:39:38+00:00\",\"dateModified\":\"2025-11-30T21:08:28+00:00\",\"description\":\"Organic cocoa powder obtained from the highest quality cocoa beans. Ancient civilisations not only consumed cocoa as a beverage, but also considered it sacred, using it in rituals and ceremonies.\",\"breadcrumb\":{\"@id\":\"https:\\\/\\\/www.biopapa.lt\\\/en\\\/produktas\\\/organic-ceremonial-cocoa-powder\\\/#breadcrumb\"},\"inLanguage\":\"en-US\",\"potentialAction\":[{\"@type\":\"ReadAction\",\"target\":[\"https:\\\/\\\/www.biopapa.lt\\\/en\\\/produktas\\\/organic-ceremonial-cocoa-powder\\\/\"]}]},{\"@type\":\"ImageObject\",\"inLanguage\":\"en-US\",\"@id\":\"https:\\\/\\\/www.biopapa.lt\\\/en\\\/produktas\\\/organic-ceremonial-cocoa-powder\\\/#primaryimage\",\"url\":\"https:\\\/\\\/www.biopapa.lt\\\/wp-content\\\/uploads\\\/2022\\\/11\\\/Ekologiski-kakavos-milteliai-RAW-nenuriebinti-1.png\",\"contentUrl\":\"https:\\\/\\\/www.biopapa.lt\\\/wp-content\\\/uploads\\\/2022\\\/11\\\/Ekologiski-kakavos-milteliai-RAW-nenuriebinti-1.png\",\"width\":800,\"height\":640,\"caption\":\"Organic Ceremonial Cocoa Powder\"},{\"@type\":\"BreadcrumbList\",\"@id\":\"https:\\\/\\\/www.biopapa.lt\\\/en\\\/produktas\\\/organic-ceremonial-cocoa-powder\\\/#breadcrumb\",\"itemListElement\":[{\"@type\":\"ListItem\",\"position\":1,\"name\":\"Home\",\"item\":\"https:\\\/\\\/www.biopapa.lt\\\/en\\\/\"},{\"@type\":\"ListItem\",\"position\":2,\"name\":\"Shop\",\"item\":\"https:\\\/\\\/www.biopapa.lt\\\/en\\\/shop\\\/\"},{\"@type\":\"ListItem\",\"position\":3,\"name\":\"Organic Ceremonial Cocoa Powder\"}]},{\"@type\":\"WebSite\",\"@id\":\"https:\\\/\\\/www.biopapa.lt\\\/#website\",\"url\":\"https:\\\/\\\/www.biopapa.lt\\\/\",\"name\":\"Biopapa\",\"description\":\"\u0160var\u016bs ekologi\u0161ki produktai\",\"publisher\":{\"@id\":\"https:\\\/\\\/www.biopapa.lt\\\/#organization\"},\"potentialAction\":[{\"@type\":\"SearchAction\",\"target\":{\"@type\":\"EntryPoint\",\"urlTemplate\":\"https:\\\/\\\/www.biopapa.lt\\\/?s={search_term_string}\"},\"query-input\":{\"@type\":\"PropertyValueSpecification\",\"valueRequired\":true,\"valueName\":\"search_term_string\"}}],\"inLanguage\":\"en-US\"},{\"@type\":\"Organization\",\"@id\":\"https:\\\/\\\/www.biopapa.lt\\\/#organization\",\"name\":\"Biopapa\",\"url\":\"https:\\\/\\\/www.biopapa.lt\\\/\",\"logo\":{\"@type\":\"ImageObject\",\"inLanguage\":\"en-US\",\"@id\":\"https:\\\/\\\/www.biopapa.lt\\\/#\\\/schema\\\/logo\\\/image\\\/\",\"url\":\"https:\\\/\\\/www.biopapa.lt\\\/wp-content\\\/uploads\\\/2022\\\/04\\\/facebook_biopapa.jpg\",\"contentUrl\":\"https:\\\/\\\/www.biopapa.lt\\\/wp-content\\\/uploads\\\/2022\\\/04\\\/facebook_biopapa.jpg\",\"width\":1733,\"height\":907,\"caption\":\"Biopapa\"},\"image\":{\"@id\":\"https:\\\/\\\/www.biopapa.lt\\\/#\\\/schema\\\/logo\\\/image\\\/\"},\"sameAs\":[\"https:\\\/\\\/www.facebook.com\\\/biopapa.lt\"]}]}<\/script>\n<!-- \/ Yoast SEO plugin. -->","yoast_head_json":{"title":"Organic Ceremonial Cocoa Powder - Biopapa","description":"Organic cocoa powder obtained from the highest quality cocoa beans. Ancient civilisations not only consumed cocoa as a beverage, but also considered it sacred, using it in rituals and ceremonies.","robots":{"index":"index","follow":"follow","max-snippet":"max-snippet:-1","max-image-preview":"max-image-preview:large","max-video-preview":"max-video-preview:-1"},"canonical":"https:\/\/www.biopapa.lt\/en\/produktas\/organic-ceremonial-cocoa-powder\/","og_locale":"en_US","og_type":"article","og_title":"Organic Ceremonial Cocoa Powder - Biopapa","og_description":"Organic cocoa powder obtained from the highest quality cocoa beans. Ancient civilisations not only consumed cocoa as a beverage, but also considered it sacred, using it in rituals and ceremonies.","og_url":"https:\/\/www.biopapa.lt\/en\/produktas\/organic-ceremonial-cocoa-powder\/","og_site_name":"Biopapa","article_publisher":"https:\/\/www.facebook.com\/biopapa.lt","article_modified_time":"2025-11-30T21:08:28+00:00","og_image":[{"width":800,"height":640,"url":"https:\/\/www.biopapa.lt\/wp-content\/uploads\/2022\/11\/Ekologiski-kakavos-milteliai-RAW-nenuriebinti-1.png","type":"image\/png"}],"twitter_card":"summary_large_image","schema":{"@context":"https:\/\/schema.org","@graph":[{"@type":"WebPage","@id":"https:\/\/www.biopapa.lt\/en\/produktas\/organic-ceremonial-cocoa-powder\/","url":"https:\/\/www.biopapa.lt\/en\/produktas\/organic-ceremonial-cocoa-powder\/","name":"Organic Ceremonial Cocoa Powder - Biopapa","isPartOf":{"@id":"https:\/\/www.biopapa.lt\/#website"},"primaryImageOfPage":{"@id":"https:\/\/www.biopapa.lt\/en\/produktas\/organic-ceremonial-cocoa-powder\/#primaryimage"},"image":{"@id":"https:\/\/www.biopapa.lt\/en\/produktas\/organic-ceremonial-cocoa-powder\/#primaryimage"},"thumbnailUrl":"https:\/\/www.biopapa.lt\/wp-content\/uploads\/2022\/11\/Ekologiski-kakavos-milteliai-RAW-nenuriebinti-1.png","datePublished":"2022-11-25T15:39:38+00:00","dateModified":"2025-11-30T21:08:28+00:00","description":"Organic cocoa powder obtained from the highest quality cocoa beans. Ancient civilisations not only consumed cocoa as a beverage, but also considered it sacred, using it in rituals and ceremonies.","breadcrumb":{"@id":"https:\/\/www.biopapa.lt\/en\/produktas\/organic-ceremonial-cocoa-powder\/#breadcrumb"},"inLanguage":"en-US","potentialAction":[{"@type":"ReadAction","target":["https:\/\/www.biopapa.lt\/en\/produktas\/organic-ceremonial-cocoa-powder\/"]}]},{"@type":"ImageObject","inLanguage":"en-US","@id":"https:\/\/www.biopapa.lt\/en\/produktas\/organic-ceremonial-cocoa-powder\/#primaryimage","url":"https:\/\/www.biopapa.lt\/wp-content\/uploads\/2022\/11\/Ekologiski-kakavos-milteliai-RAW-nenuriebinti-1.png","contentUrl":"https:\/\/www.biopapa.lt\/wp-content\/uploads\/2022\/11\/Ekologiski-kakavos-milteliai-RAW-nenuriebinti-1.png","width":800,"height":640,"caption":"Organic Ceremonial Cocoa Powder"},{"@type":"BreadcrumbList","@id":"https:\/\/www.biopapa.lt\/en\/produktas\/organic-ceremonial-cocoa-powder\/#breadcrumb","itemListElement":[{"@type":"ListItem","position":1,"name":"Home","item":"https:\/\/www.biopapa.lt\/en\/"},{"@type":"ListItem","position":2,"name":"Shop","item":"https:\/\/www.biopapa.lt\/en\/shop\/"},{"@type":"ListItem","position":3,"name":"Organic Ceremonial Cocoa Powder"}]},{"@type":"WebSite","@id":"https:\/\/www.biopapa.lt\/#website","url":"https:\/\/www.biopapa.lt\/","name":"Biopapa","description":"\u0160var\u016bs ekologi\u0161ki produktai","publisher":{"@id":"https:\/\/www.biopapa.lt\/#organization"},"potentialAction":[{"@type":"SearchAction","target":{"@type":"EntryPoint","urlTemplate":"https:\/\/www.biopapa.lt\/?s={search_term_string}"},"query-input":{"@type":"PropertyValueSpecification","valueRequired":true,"valueName":"search_term_string"}}],"inLanguage":"en-US"},{"@type":"Organization","@id":"https:\/\/www.biopapa.lt\/#organization","name":"Biopapa","url":"https:\/\/www.biopapa.lt\/","logo":{"@type":"ImageObject","inLanguage":"en-US","@id":"https:\/\/www.biopapa.lt\/#\/schema\/logo\/image\/","url":"https:\/\/www.biopapa.lt\/wp-content\/uploads\/2022\/04\/facebook_biopapa.jpg","contentUrl":"https:\/\/www.biopapa.lt\/wp-content\/uploads\/2022\/04\/facebook_biopapa.jpg","width":1733,"height":907,"caption":"Biopapa"},"image":{"@id":"https:\/\/www.biopapa.lt\/#\/schema\/logo\/image\/"},"sameAs":["https:\/\/www.facebook.com\/biopapa.lt"]}]}},"_links":{"self":[{"href":"https:\/\/www.biopapa.lt\/en\/wp-json\/wp\/v2\/product\/34132","targetHints":{"allow":["GET"]}}],"collection":[{"href":"https:\/\/www.biopapa.lt\/en\/wp-json\/wp\/v2\/product"}],"about":[{"href":"https:\/\/www.biopapa.lt\/en\/wp-json\/wp\/v2\/types\/product"}],"wp:featuredmedia":[{"embeddable":true,"href":"https:\/\/www.biopapa.lt\/en\/wp-json\/wp\/v2\/media\/30057"}],"wp:attachment":[{"href":"https:\/\/www.biopapa.lt\/en\/wp-json\/wp\/v2\/media?parent=34132"}],"wp:term":[{"taxonomy":"product_brand","embeddable":true,"href":"https:\/\/www.biopapa.lt\/en\/wp-json\/wp\/v2\/product_brand?post=34132"},{"taxonomy":"product_cat","embeddable":true,"href":"https:\/\/www.biopapa.lt\/en\/wp-json\/wp\/v2\/product_cat?post=34132"},{"taxonomy":"product_tag","embeddable":true,"href":"https:\/\/www.biopapa.lt\/en\/wp-json\/wp\/v2\/product_tag?post=34132"}],"curies":[{"name":"wp","href":"https:\/\/api.w.org\/{rel}","templated":true}]}}