{"id":34117,"date":"2023-01-10T18:02:39","date_gmt":"2023-01-10T16:02:39","guid":{"rendered":"https:\/\/www.biopapa.lt\/produktas\/organic-criollo-cocoa-beans-raw\/"},"modified":"2025-12-11T09:40:28","modified_gmt":"2025-12-11T07:40:28","slug":"organic-criollo-cocoa-beans","status":"publish","type":"product","link":"https:\/\/www.biopapa.lt\/en\/produktas\/organic-criollo-cocoa-beans\/","title":{"rendered":"Organic Criollo cocoa beans"},"content":{"rendered":"<p><strong>Organic Criollo cocoa beans<\/strong> are oval, dark brown seeds, otherwise known as chocolate nuts, which grow on the chocolate tree, or <em>Theobroma cacao<\/em>.<br \/>\nThe cocoa bean produces the cocoa solids, which are made up of low-fat components and cocoa butter.<br \/>\nOriginating in the Amazon rainforest, these beans are a key ingredient in chocolate production and find their way into a variety of delicacies, including the traditional Mexican drink tejate. But their value is not limited to gourmet pleasure. This humble bean offers many benefits and a wide range of uses, not only culinary, but also medicinal and even ceremonial purposes.<br \/>\nCeremonial and cultural uses &#8211; in some cultures, cocoa has been used in religious ceremonies and rituals and in traditional medicinal practices. The cacao tree was considered a sacred plant.<\/p>\n<p><strong>Criollo cocoa beans<\/strong> are a rare group of cocoa. It accounts for only 1% of world production. Originating in Venezuela and Colombia, it is now also grown in Mexico, Peru, Madagascar, Sri Lanka and the Caribbean. Criollo cacao was considered by the Mayans to be the food of the gods. It is difficult to get a good yield from this variety because the trees are very susceptible to unfavourable external factors.<\/p>\n<p>Cocoa contains serotonin precursors and phenylethylamine, which can have mood-lifting effects. It is often associated with feelings of love, happiness and relaxation.<br \/>\nRegular consumption of cocoa improves cardiovascular health.<br \/>\nIt may seem strange, but cocoa can be a useful ally for weight management. It is relatively low in sugar and can help satisfy chocolate cravings without extra calories.<\/p>\n<p><em>Caution<\/em><br \/>\nCocoa beans naturally contain caffeine, which can cause anxiety and insomnia if consumed in excess.<br \/>\nRarely, however, people may be allergic to cocoa and experience symptoms such as skin rashes or itching.<\/p>\n<p><em>Uses of cocoa beans<\/em><br \/>\nCocoa beans are known to be used in chocolate production. The beans are harvested, fermented, dried, roasted and ground to produce cocoa mass, cocoa butter and cocoa powder, which are the building blocks of chocolate products.<\/p>\n<p>Cocoa beans are crunchy and soft at the same time, so you can just chew them. They can also be crushed or ground to make a powder that can be used in culinary preparations. Roasted cocoa beans are less bitter.<br \/>\nCocoa beans can be used to make cocoa powder, which can be used to make hot cocoa and a variety of chocolate-flavoured beverages.<br \/>\nIn baking, you can use cocoa powder in addition to cocoa nibs to add a rich, chocolatey flavour to cookies or cakes.<\/p>\n<p><em>Sources<\/em><br \/>\nhttps:\/\/www.onegreenplanet.org<br \/>\nhttps:\/\/www.webmd.com<\/p>\n<p><em>NOTE. The information contained herein should not be construed as a recommendation for treatment or other health issues. We encourage you to make personal decisions about your personal health, taking into account a wide range of sources of information.<\/em><\/p>\n","protected":false},"excerpt":{"rendered":"<p>Organic Criollo cocoa beans are oval, dark brown seeds, otherwise known as chocolate nuts, which grow on the chocolate tree,<\/p>\n","protected":false},"featured_media":28257,"template":"","meta":{"_acf_changed":false},"product_brand":[],"product_cat":[1947,1847],"product_tag":[2050,2056,2088],"class_list":{"0":"post-34117","1":"product","2":"type-product","3":"status-publish","4":"has-post-thumbnail","6":"product_cat-cocoa","7":"product_cat-tea-coffee-cocoa-en","8":"product_tag-cocoa","9":"product_tag-keto-diet","10":"product_tag-vegan","11":"pa_svoris-1-kg-en-2","12":"pa_svoris-100-g-en-2","13":"pa_svoris-15-kg-en","14":"pa_svoris-200-g-en","15":"pa_svoris-300-g-en","16":"pa_svoris-400-g-en","17":"pa_svoris-5-kg-en-2","18":"pa_svoris-500-g-en-2","20":"first","21":"instock","22":"shipping-taxable","23":"purchasable","24":"product-type-variable"},"acf":[],"yoast_head":"<!-- This site is optimized with the Yoast SEO plugin v27.5 - https:\/\/yoast.com\/product\/yoast-seo-wordpress\/ -->\n<title>Organic Criollo cocoa beans - Biopapa<\/title>\n<meta name=\"description\" content=\"Criollo cocoa beans are a rare group of cocoa. It accounts for only 1% of world production. Cocoa beans contain antioxidants, especially flavonoids.\" \/>\n<meta name=\"robots\" content=\"index, follow, max-snippet:-1, max-image-preview:large, max-video-preview:-1\" \/>\n<link rel=\"canonical\" href=\"https:\/\/www.biopapa.lt\/en\/produktas\/organic-criollo-cocoa-beans\/\" \/>\n<meta property=\"og:locale\" content=\"en_US\" \/>\n<meta property=\"og:type\" content=\"article\" \/>\n<meta property=\"og:title\" content=\"Organic Criollo cocoa beans - Biopapa\" \/>\n<meta property=\"og:description\" content=\"Criollo cocoa beans are a rare group of cocoa. It accounts for only 1% of world production. Cocoa beans contain antioxidants, especially flavonoids.\" \/>\n<meta property=\"og:url\" content=\"https:\/\/www.biopapa.lt\/en\/produktas\/organic-criollo-cocoa-beans\/\" \/>\n<meta property=\"og:site_name\" content=\"Biopapa\" \/>\n<meta property=\"article:publisher\" content=\"https:\/\/www.facebook.com\/biopapa.lt\" \/>\n<meta property=\"article:modified_time\" content=\"2025-12-11T07:40:28+00:00\" \/>\n<meta property=\"og:image\" content=\"https:\/\/www.biopapa.lt\/wp-content\/uploads\/2021\/08\/779A0179.jpg\" \/>\n\t<meta property=\"og:image:width\" content=\"800\" \/>\n\t<meta property=\"og:image:height\" content=\"640\" \/>\n\t<meta property=\"og:image:type\" content=\"image\/jpeg\" \/>\n<meta name=\"twitter:card\" content=\"summary_large_image\" \/>\n<script type=\"application\/ld+json\" class=\"yoast-schema-graph\">{\"@context\":\"https:\\\/\\\/schema.org\",\"@graph\":[{\"@type\":\"WebPage\",\"@id\":\"https:\\\/\\\/www.biopapa.lt\\\/en\\\/produktas\\\/organic-criollo-cocoa-beans\\\/\",\"url\":\"https:\\\/\\\/www.biopapa.lt\\\/en\\\/produktas\\\/organic-criollo-cocoa-beans\\\/\",\"name\":\"Organic Criollo cocoa beans - Biopapa\",\"isPartOf\":{\"@id\":\"https:\\\/\\\/www.biopapa.lt\\\/#website\"},\"primaryImageOfPage\":{\"@id\":\"https:\\\/\\\/www.biopapa.lt\\\/en\\\/produktas\\\/organic-criollo-cocoa-beans\\\/#primaryimage\"},\"image\":{\"@id\":\"https:\\\/\\\/www.biopapa.lt\\\/en\\\/produktas\\\/organic-criollo-cocoa-beans\\\/#primaryimage\"},\"thumbnailUrl\":\"https:\\\/\\\/www.biopapa.lt\\\/wp-content\\\/uploads\\\/2021\\\/08\\\/779A0179.jpg\",\"datePublished\":\"2023-01-10T16:02:39+00:00\",\"dateModified\":\"2025-12-11T07:40:28+00:00\",\"description\":\"Criollo cocoa beans are a rare group of cocoa. It accounts for only 1% of world production. Cocoa beans contain antioxidants, especially flavonoids.\",\"breadcrumb\":{\"@id\":\"https:\\\/\\\/www.biopapa.lt\\\/en\\\/produktas\\\/organic-criollo-cocoa-beans\\\/#breadcrumb\"},\"inLanguage\":\"en-US\",\"potentialAction\":[{\"@type\":\"ReadAction\",\"target\":[\"https:\\\/\\\/www.biopapa.lt\\\/en\\\/produktas\\\/organic-criollo-cocoa-beans\\\/\"]}]},{\"@type\":\"ImageObject\",\"inLanguage\":\"en-US\",\"@id\":\"https:\\\/\\\/www.biopapa.lt\\\/en\\\/produktas\\\/organic-criollo-cocoa-beans\\\/#primaryimage\",\"url\":\"https:\\\/\\\/www.biopapa.lt\\\/wp-content\\\/uploads\\\/2021\\\/08\\\/779A0179.jpg\",\"contentUrl\":\"https:\\\/\\\/www.biopapa.lt\\\/wp-content\\\/uploads\\\/2021\\\/08\\\/779A0179.jpg\",\"width\":800,\"height\":640,\"caption\":\"Organic cocoa beans\"},{\"@type\":\"BreadcrumbList\",\"@id\":\"https:\\\/\\\/www.biopapa.lt\\\/en\\\/produktas\\\/organic-criollo-cocoa-beans\\\/#breadcrumb\",\"itemListElement\":[{\"@type\":\"ListItem\",\"position\":1,\"name\":\"Home\",\"item\":\"https:\\\/\\\/www.biopapa.lt\\\/en\\\/\"},{\"@type\":\"ListItem\",\"position\":2,\"name\":\"Shop\",\"item\":\"https:\\\/\\\/www.biopapa.lt\\\/en\\\/shop\\\/\"},{\"@type\":\"ListItem\",\"position\":3,\"name\":\"Organic Criollo cocoa beans\"}]},{\"@type\":\"WebSite\",\"@id\":\"https:\\\/\\\/www.biopapa.lt\\\/#website\",\"url\":\"https:\\\/\\\/www.biopapa.lt\\\/\",\"name\":\"Biopapa\",\"description\":\"\u0160var\u016bs ekologi\u0161ki produktai\",\"publisher\":{\"@id\":\"https:\\\/\\\/www.biopapa.lt\\\/#organization\"},\"potentialAction\":[{\"@type\":\"SearchAction\",\"target\":{\"@type\":\"EntryPoint\",\"urlTemplate\":\"https:\\\/\\\/www.biopapa.lt\\\/?s={search_term_string}\"},\"query-input\":{\"@type\":\"PropertyValueSpecification\",\"valueRequired\":true,\"valueName\":\"search_term_string\"}}],\"inLanguage\":\"en-US\"},{\"@type\":\"Organization\",\"@id\":\"https:\\\/\\\/www.biopapa.lt\\\/#organization\",\"name\":\"Biopapa\",\"url\":\"https:\\\/\\\/www.biopapa.lt\\\/\",\"logo\":{\"@type\":\"ImageObject\",\"inLanguage\":\"en-US\",\"@id\":\"https:\\\/\\\/www.biopapa.lt\\\/#\\\/schema\\\/logo\\\/image\\\/\",\"url\":\"https:\\\/\\\/www.biopapa.lt\\\/wp-content\\\/uploads\\\/2022\\\/04\\\/facebook_biopapa.jpg\",\"contentUrl\":\"https:\\\/\\\/www.biopapa.lt\\\/wp-content\\\/uploads\\\/2022\\\/04\\\/facebook_biopapa.jpg\",\"width\":1733,\"height\":907,\"caption\":\"Biopapa\"},\"image\":{\"@id\":\"https:\\\/\\\/www.biopapa.lt\\\/#\\\/schema\\\/logo\\\/image\\\/\"},\"sameAs\":[\"https:\\\/\\\/www.facebook.com\\\/biopapa.lt\"]}]}<\/script>\n<!-- \/ Yoast SEO plugin. -->","yoast_head_json":{"title":"Organic Criollo cocoa beans - Biopapa","description":"Criollo cocoa beans are a rare group of cocoa. It accounts for only 1% of world production. Cocoa beans contain antioxidants, especially flavonoids.","robots":{"index":"index","follow":"follow","max-snippet":"max-snippet:-1","max-image-preview":"max-image-preview:large","max-video-preview":"max-video-preview:-1"},"canonical":"https:\/\/www.biopapa.lt\/en\/produktas\/organic-criollo-cocoa-beans\/","og_locale":"en_US","og_type":"article","og_title":"Organic Criollo cocoa beans - Biopapa","og_description":"Criollo cocoa beans are a rare group of cocoa. It accounts for only 1% of world production. Cocoa beans contain antioxidants, especially flavonoids.","og_url":"https:\/\/www.biopapa.lt\/en\/produktas\/organic-criollo-cocoa-beans\/","og_site_name":"Biopapa","article_publisher":"https:\/\/www.facebook.com\/biopapa.lt","article_modified_time":"2025-12-11T07:40:28+00:00","og_image":[{"width":800,"height":640,"url":"https:\/\/www.biopapa.lt\/wp-content\/uploads\/2021\/08\/779A0179.jpg","type":"image\/jpeg"}],"twitter_card":"summary_large_image","schema":{"@context":"https:\/\/schema.org","@graph":[{"@type":"WebPage","@id":"https:\/\/www.biopapa.lt\/en\/produktas\/organic-criollo-cocoa-beans\/","url":"https:\/\/www.biopapa.lt\/en\/produktas\/organic-criollo-cocoa-beans\/","name":"Organic Criollo cocoa beans - Biopapa","isPartOf":{"@id":"https:\/\/www.biopapa.lt\/#website"},"primaryImageOfPage":{"@id":"https:\/\/www.biopapa.lt\/en\/produktas\/organic-criollo-cocoa-beans\/#primaryimage"},"image":{"@id":"https:\/\/www.biopapa.lt\/en\/produktas\/organic-criollo-cocoa-beans\/#primaryimage"},"thumbnailUrl":"https:\/\/www.biopapa.lt\/wp-content\/uploads\/2021\/08\/779A0179.jpg","datePublished":"2023-01-10T16:02:39+00:00","dateModified":"2025-12-11T07:40:28+00:00","description":"Criollo cocoa beans are a rare group of cocoa. It accounts for only 1% of world production. Cocoa beans contain antioxidants, especially flavonoids.","breadcrumb":{"@id":"https:\/\/www.biopapa.lt\/en\/produktas\/organic-criollo-cocoa-beans\/#breadcrumb"},"inLanguage":"en-US","potentialAction":[{"@type":"ReadAction","target":["https:\/\/www.biopapa.lt\/en\/produktas\/organic-criollo-cocoa-beans\/"]}]},{"@type":"ImageObject","inLanguage":"en-US","@id":"https:\/\/www.biopapa.lt\/en\/produktas\/organic-criollo-cocoa-beans\/#primaryimage","url":"https:\/\/www.biopapa.lt\/wp-content\/uploads\/2021\/08\/779A0179.jpg","contentUrl":"https:\/\/www.biopapa.lt\/wp-content\/uploads\/2021\/08\/779A0179.jpg","width":800,"height":640,"caption":"Organic cocoa beans"},{"@type":"BreadcrumbList","@id":"https:\/\/www.biopapa.lt\/en\/produktas\/organic-criollo-cocoa-beans\/#breadcrumb","itemListElement":[{"@type":"ListItem","position":1,"name":"Home","item":"https:\/\/www.biopapa.lt\/en\/"},{"@type":"ListItem","position":2,"name":"Shop","item":"https:\/\/www.biopapa.lt\/en\/shop\/"},{"@type":"ListItem","position":3,"name":"Organic Criollo cocoa beans"}]},{"@type":"WebSite","@id":"https:\/\/www.biopapa.lt\/#website","url":"https:\/\/www.biopapa.lt\/","name":"Biopapa","description":"\u0160var\u016bs ekologi\u0161ki produktai","publisher":{"@id":"https:\/\/www.biopapa.lt\/#organization"},"potentialAction":[{"@type":"SearchAction","target":{"@type":"EntryPoint","urlTemplate":"https:\/\/www.biopapa.lt\/?s={search_term_string}"},"query-input":{"@type":"PropertyValueSpecification","valueRequired":true,"valueName":"search_term_string"}}],"inLanguage":"en-US"},{"@type":"Organization","@id":"https:\/\/www.biopapa.lt\/#organization","name":"Biopapa","url":"https:\/\/www.biopapa.lt\/","logo":{"@type":"ImageObject","inLanguage":"en-US","@id":"https:\/\/www.biopapa.lt\/#\/schema\/logo\/image\/","url":"https:\/\/www.biopapa.lt\/wp-content\/uploads\/2022\/04\/facebook_biopapa.jpg","contentUrl":"https:\/\/www.biopapa.lt\/wp-content\/uploads\/2022\/04\/facebook_biopapa.jpg","width":1733,"height":907,"caption":"Biopapa"},"image":{"@id":"https:\/\/www.biopapa.lt\/#\/schema\/logo\/image\/"},"sameAs":["https:\/\/www.facebook.com\/biopapa.lt"]}]}},"_links":{"self":[{"href":"https:\/\/www.biopapa.lt\/en\/wp-json\/wp\/v2\/product\/34117","targetHints":{"allow":["GET"]}}],"collection":[{"href":"https:\/\/www.biopapa.lt\/en\/wp-json\/wp\/v2\/product"}],"about":[{"href":"https:\/\/www.biopapa.lt\/en\/wp-json\/wp\/v2\/types\/product"}],"wp:featuredmedia":[{"embeddable":true,"href":"https:\/\/www.biopapa.lt\/en\/wp-json\/wp\/v2\/media\/28257"}],"wp:attachment":[{"href":"https:\/\/www.biopapa.lt\/en\/wp-json\/wp\/v2\/media?parent=34117"}],"wp:term":[{"taxonomy":"product_brand","embeddable":true,"href":"https:\/\/www.biopapa.lt\/en\/wp-json\/wp\/v2\/product_brand?post=34117"},{"taxonomy":"product_cat","embeddable":true,"href":"https:\/\/www.biopapa.lt\/en\/wp-json\/wp\/v2\/product_cat?post=34117"},{"taxonomy":"product_tag","embeddable":true,"href":"https:\/\/www.biopapa.lt\/en\/wp-json\/wp\/v2\/product_tag?post=34117"}],"curies":[{"name":"wp","href":"https:\/\/api.w.org\/{rel}","templated":true}]}}