{"id":34053,"date":"2023-02-06T14:01:01","date_gmt":"2023-02-06T12:01:01","guid":{"rendered":"https:\/\/www.biopapa.lt\/produktas\/organic-natural-cocoa-butter-in-chunks\/"},"modified":"2025-11-30T23:08:28","modified_gmt":"2025-11-30T21:08:28","slug":"organic-cocoa-butter-in-chunks","status":"publish","type":"product","link":"https:\/\/www.biopapa.lt\/en\/produktas\/organic-cocoa-butter-in-chunks\/","title":{"rendered":"Organic cocoa butter in chunks"},"content":{"rendered":"<p><strong>Organic cocoa butter in chunks<\/strong><br \/>\nIn the world of natural superfoods, cocoa butter and RAW cocoa butter are known as two luxurious ingredients with distinct flavours and great health benefits. The velvety delicacies derived from cocoa beans have earned a special place in the hearts of chefs, health enthusiasts and chocolate lovers. We want to highlight their health benefits and the culinary and creative ways to make the most of this great butter.<\/p>\n<p><strong><em>Cocoa butter and RAW cocoa butter<\/em><\/strong><br \/>\nCocoa butter is made from cocoa beans, which are the seeds of <em>the Theobroma cacao tree<\/em>.<br \/>\nIn the production of cocoa butter, the process involves fermenting, drying, roasting, grinding and pressing the cocoa beans to separate the fat from the cocoa solids.<br \/>\nCocoa butter and RAW cocoa butter usually refer to the same product, i.e. the fat extracted from the cocoa beans. The term RAW is used to emphasize that RAW cocoa butter is natural, unprocessed and without any additives.<br \/>\nCocoa butter is a smooth, ivory-coloured butter with a subtle chocolate aroma and a mild flavour.<br \/>\nRAW cocoa butter &#8211; has a stronger chocolate flavour and retains a richer colour.<br \/>\nAromatic compounds in cocoa butter can have a positive effect on mood, creating feelings of relaxation and comfort. <\/p>\n<p><em>Possible side effects<\/em><br \/>\nCocoa butter and RAW cocoa butter are generally safe for most people when consumed in small amounts. However, due to their high fat content, overconsumption can lead to digestive problems. In addition, caution should be exercised by people who are allergic or sensitive to cocoa.<\/p>\n<p><em>Uses <\/em><br \/>\nChocolate making &#8211; cocoa butter is a key ingredient in homemade chocolates, contributing to their flavour and creamy texture.<br \/>\nBaking &#8211; use cocoa butter or RAW cocoa butter in your baking recipes, it will add richness and moistness to cakes, biscuits, and other treats.<br \/>\nSkincare &#8211; add cocoa butter or RAW cocoa butter to your natural skincare products to create amazing creams or balms.<\/p>\n<p>Cocoa butter is a luxurious gift from nature with unique properties and flavour profiles. Cocoa butter has a smooth and creamy essence, while RAW cocoa butter has an intense chocolate aroma. Both butters offer a range of health benefits, from supporting heart health to nourishing the skin.<br \/>\nWhether you are a passionate chocolate enthusiast, a culinary expert or a wellness enthusiast, both cocoa butter and RAW cocoa butter will be a wonderful and nutritious addition to your life.<\/p>\n<p><em>Sources<\/em><br \/>\nReadcacao.com<br \/>\nHealthline.com<\/p>\n<p><em>NOTE. The information contained herein should not be construed as a recommendation for treatment or other health issues. We encourage you to make personal decisions about your personal health, taking into account a wide range of sources of information.<\/em><\/p>\n","protected":false},"excerpt":{"rendered":"<p>Organic cocoa butter in chunks In the world of natural superfoods, cocoa butter and RAW cocoa butter are known as<\/p>\n","protected":false},"featured_media":28547,"template":"","meta":{"_acf_changed":false},"product_brand":[],"product_cat":[1947,1847],"product_tag":[2050,2056,2088],"class_list":{"0":"post-34053","1":"product","2":"type-product","3":"status-publish","4":"has-post-thumbnail","6":"product_cat-cocoa","7":"product_cat-tea-coffee-cocoa-en","8":"product_tag-cocoa","9":"product_tag-keto-diet","10":"product_tag-vegan","11":"pa_svoris-1-kg-en-2","12":"pa_svoris-100-g-en-2","13":"pa_svoris-200-g-en","14":"pa_svoris-25-kg-en","15":"pa_svoris-300-g-en","16":"pa_svoris-400-g-en","17":"pa_svoris-500-g-en-2","19":"first","20":"instock","21":"shipping-taxable","22":"purchasable","23":"product-type-variable"},"acf":[],"yoast_head":"<!-- This site is optimized with the Yoast SEO plugin v27.5 - https:\/\/yoast.com\/product\/yoast-seo-wordpress\/ -->\n<title>Organic cocoa butter in chunks - Biopapa<\/title>\n<meta name=\"description\" content=\"Organic cocoa butter is a luxurious gift from nature with unique properties and flavour profiles.\" \/>\n<meta name=\"robots\" content=\"index, follow, max-snippet:-1, max-image-preview:large, max-video-preview:-1\" \/>\n<link rel=\"canonical\" href=\"https:\/\/www.biopapa.lt\/en\/produktas\/organic-cocoa-butter-in-chunks\/\" \/>\n<meta property=\"og:locale\" content=\"en_US\" \/>\n<meta property=\"og:type\" content=\"article\" \/>\n<meta property=\"og:title\" content=\"Organic cocoa butter in chunks - Biopapa\" \/>\n<meta property=\"og:description\" content=\"Organic cocoa butter is a luxurious gift from nature with unique properties and flavour profiles.\" \/>\n<meta property=\"og:url\" content=\"https:\/\/www.biopapa.lt\/en\/produktas\/organic-cocoa-butter-in-chunks\/\" \/>\n<meta property=\"og:site_name\" content=\"Biopapa\" \/>\n<meta property=\"article:publisher\" content=\"https:\/\/www.facebook.com\/biopapa.lt\" \/>\n<meta property=\"article:modified_time\" content=\"2025-11-30T21:08:28+00:00\" \/>\n<meta property=\"og:image\" content=\"https:\/\/www.biopapa.lt\/wp-content\/uploads\/2021\/09\/779A1464.jpg\" \/>\n\t<meta property=\"og:image:width\" content=\"800\" \/>\n\t<meta property=\"og:image:height\" content=\"640\" \/>\n\t<meta property=\"og:image:type\" content=\"image\/jpeg\" \/>\n<meta name=\"twitter:card\" content=\"summary_large_image\" \/>\n<script type=\"application\/ld+json\" class=\"yoast-schema-graph\">{\"@context\":\"https:\\\/\\\/schema.org\",\"@graph\":[{\"@type\":\"WebPage\",\"@id\":\"https:\\\/\\\/www.biopapa.lt\\\/en\\\/produktas\\\/organic-cocoa-butter-in-chunks\\\/\",\"url\":\"https:\\\/\\\/www.biopapa.lt\\\/en\\\/produktas\\\/organic-cocoa-butter-in-chunks\\\/\",\"name\":\"Organic cocoa butter in chunks - Biopapa\",\"isPartOf\":{\"@id\":\"https:\\\/\\\/www.biopapa.lt\\\/#website\"},\"primaryImageOfPage\":{\"@id\":\"https:\\\/\\\/www.biopapa.lt\\\/en\\\/produktas\\\/organic-cocoa-butter-in-chunks\\\/#primaryimage\"},\"image\":{\"@id\":\"https:\\\/\\\/www.biopapa.lt\\\/en\\\/produktas\\\/organic-cocoa-butter-in-chunks\\\/#primaryimage\"},\"thumbnailUrl\":\"https:\\\/\\\/www.biopapa.lt\\\/wp-content\\\/uploads\\\/2021\\\/09\\\/779A1464.jpg\",\"datePublished\":\"2023-02-06T12:01:01+00:00\",\"dateModified\":\"2025-11-30T21:08:28+00:00\",\"description\":\"Organic cocoa butter is a luxurious gift from nature with unique properties and flavour profiles.\",\"breadcrumb\":{\"@id\":\"https:\\\/\\\/www.biopapa.lt\\\/en\\\/produktas\\\/organic-cocoa-butter-in-chunks\\\/#breadcrumb\"},\"inLanguage\":\"en-US\",\"potentialAction\":[{\"@type\":\"ReadAction\",\"target\":[\"https:\\\/\\\/www.biopapa.lt\\\/en\\\/produktas\\\/organic-cocoa-butter-in-chunks\\\/\"]}]},{\"@type\":\"ImageObject\",\"inLanguage\":\"en-US\",\"@id\":\"https:\\\/\\\/www.biopapa.lt\\\/en\\\/produktas\\\/organic-cocoa-butter-in-chunks\\\/#primaryimage\",\"url\":\"https:\\\/\\\/www.biopapa.lt\\\/wp-content\\\/uploads\\\/2021\\\/09\\\/779A1464.jpg\",\"contentUrl\":\"https:\\\/\\\/www.biopapa.lt\\\/wp-content\\\/uploads\\\/2021\\\/09\\\/779A1464.jpg\",\"width\":800,\"height\":640,\"caption\":\"Organic cocoa butter in chunks (RAW)\"},{\"@type\":\"BreadcrumbList\",\"@id\":\"https:\\\/\\\/www.biopapa.lt\\\/en\\\/produktas\\\/organic-cocoa-butter-in-chunks\\\/#breadcrumb\",\"itemListElement\":[{\"@type\":\"ListItem\",\"position\":1,\"name\":\"Home\",\"item\":\"https:\\\/\\\/www.biopapa.lt\\\/en\\\/\"},{\"@type\":\"ListItem\",\"position\":2,\"name\":\"Shop\",\"item\":\"https:\\\/\\\/www.biopapa.lt\\\/en\\\/shop\\\/\"},{\"@type\":\"ListItem\",\"position\":3,\"name\":\"Organic cocoa butter in chunks\"}]},{\"@type\":\"WebSite\",\"@id\":\"https:\\\/\\\/www.biopapa.lt\\\/#website\",\"url\":\"https:\\\/\\\/www.biopapa.lt\\\/\",\"name\":\"Biopapa\",\"description\":\"\u0160var\u016bs ekologi\u0161ki produktai\",\"publisher\":{\"@id\":\"https:\\\/\\\/www.biopapa.lt\\\/#organization\"},\"potentialAction\":[{\"@type\":\"SearchAction\",\"target\":{\"@type\":\"EntryPoint\",\"urlTemplate\":\"https:\\\/\\\/www.biopapa.lt\\\/?s={search_term_string}\"},\"query-input\":{\"@type\":\"PropertyValueSpecification\",\"valueRequired\":true,\"valueName\":\"search_term_string\"}}],\"inLanguage\":\"en-US\"},{\"@type\":\"Organization\",\"@id\":\"https:\\\/\\\/www.biopapa.lt\\\/#organization\",\"name\":\"Biopapa\",\"url\":\"https:\\\/\\\/www.biopapa.lt\\\/\",\"logo\":{\"@type\":\"ImageObject\",\"inLanguage\":\"en-US\",\"@id\":\"https:\\\/\\\/www.biopapa.lt\\\/#\\\/schema\\\/logo\\\/image\\\/\",\"url\":\"https:\\\/\\\/www.biopapa.lt\\\/wp-content\\\/uploads\\\/2022\\\/04\\\/facebook_biopapa.jpg\",\"contentUrl\":\"https:\\\/\\\/www.biopapa.lt\\\/wp-content\\\/uploads\\\/2022\\\/04\\\/facebook_biopapa.jpg\",\"width\":1733,\"height\":907,\"caption\":\"Biopapa\"},\"image\":{\"@id\":\"https:\\\/\\\/www.biopapa.lt\\\/#\\\/schema\\\/logo\\\/image\\\/\"},\"sameAs\":[\"https:\\\/\\\/www.facebook.com\\\/biopapa.lt\"]}]}<\/script>\n<!-- \/ Yoast SEO plugin. -->","yoast_head_json":{"title":"Organic cocoa butter in chunks - Biopapa","description":"Organic cocoa butter is a luxurious gift from nature with unique properties and flavour profiles.","robots":{"index":"index","follow":"follow","max-snippet":"max-snippet:-1","max-image-preview":"max-image-preview:large","max-video-preview":"max-video-preview:-1"},"canonical":"https:\/\/www.biopapa.lt\/en\/produktas\/organic-cocoa-butter-in-chunks\/","og_locale":"en_US","og_type":"article","og_title":"Organic cocoa butter in chunks - Biopapa","og_description":"Organic cocoa butter is a luxurious gift from nature with unique properties and flavour profiles.","og_url":"https:\/\/www.biopapa.lt\/en\/produktas\/organic-cocoa-butter-in-chunks\/","og_site_name":"Biopapa","article_publisher":"https:\/\/www.facebook.com\/biopapa.lt","article_modified_time":"2025-11-30T21:08:28+00:00","og_image":[{"width":800,"height":640,"url":"https:\/\/www.biopapa.lt\/wp-content\/uploads\/2021\/09\/779A1464.jpg","type":"image\/jpeg"}],"twitter_card":"summary_large_image","schema":{"@context":"https:\/\/schema.org","@graph":[{"@type":"WebPage","@id":"https:\/\/www.biopapa.lt\/en\/produktas\/organic-cocoa-butter-in-chunks\/","url":"https:\/\/www.biopapa.lt\/en\/produktas\/organic-cocoa-butter-in-chunks\/","name":"Organic cocoa butter in chunks - Biopapa","isPartOf":{"@id":"https:\/\/www.biopapa.lt\/#website"},"primaryImageOfPage":{"@id":"https:\/\/www.biopapa.lt\/en\/produktas\/organic-cocoa-butter-in-chunks\/#primaryimage"},"image":{"@id":"https:\/\/www.biopapa.lt\/en\/produktas\/organic-cocoa-butter-in-chunks\/#primaryimage"},"thumbnailUrl":"https:\/\/www.biopapa.lt\/wp-content\/uploads\/2021\/09\/779A1464.jpg","datePublished":"2023-02-06T12:01:01+00:00","dateModified":"2025-11-30T21:08:28+00:00","description":"Organic cocoa butter is a luxurious gift from nature with unique properties and flavour profiles.","breadcrumb":{"@id":"https:\/\/www.biopapa.lt\/en\/produktas\/organic-cocoa-butter-in-chunks\/#breadcrumb"},"inLanguage":"en-US","potentialAction":[{"@type":"ReadAction","target":["https:\/\/www.biopapa.lt\/en\/produktas\/organic-cocoa-butter-in-chunks\/"]}]},{"@type":"ImageObject","inLanguage":"en-US","@id":"https:\/\/www.biopapa.lt\/en\/produktas\/organic-cocoa-butter-in-chunks\/#primaryimage","url":"https:\/\/www.biopapa.lt\/wp-content\/uploads\/2021\/09\/779A1464.jpg","contentUrl":"https:\/\/www.biopapa.lt\/wp-content\/uploads\/2021\/09\/779A1464.jpg","width":800,"height":640,"caption":"Organic cocoa butter in chunks (RAW)"},{"@type":"BreadcrumbList","@id":"https:\/\/www.biopapa.lt\/en\/produktas\/organic-cocoa-butter-in-chunks\/#breadcrumb","itemListElement":[{"@type":"ListItem","position":1,"name":"Home","item":"https:\/\/www.biopapa.lt\/en\/"},{"@type":"ListItem","position":2,"name":"Shop","item":"https:\/\/www.biopapa.lt\/en\/shop\/"},{"@type":"ListItem","position":3,"name":"Organic cocoa butter in chunks"}]},{"@type":"WebSite","@id":"https:\/\/www.biopapa.lt\/#website","url":"https:\/\/www.biopapa.lt\/","name":"Biopapa","description":"\u0160var\u016bs ekologi\u0161ki produktai","publisher":{"@id":"https:\/\/www.biopapa.lt\/#organization"},"potentialAction":[{"@type":"SearchAction","target":{"@type":"EntryPoint","urlTemplate":"https:\/\/www.biopapa.lt\/?s={search_term_string}"},"query-input":{"@type":"PropertyValueSpecification","valueRequired":true,"valueName":"search_term_string"}}],"inLanguage":"en-US"},{"@type":"Organization","@id":"https:\/\/www.biopapa.lt\/#organization","name":"Biopapa","url":"https:\/\/www.biopapa.lt\/","logo":{"@type":"ImageObject","inLanguage":"en-US","@id":"https:\/\/www.biopapa.lt\/#\/schema\/logo\/image\/","url":"https:\/\/www.biopapa.lt\/wp-content\/uploads\/2022\/04\/facebook_biopapa.jpg","contentUrl":"https:\/\/www.biopapa.lt\/wp-content\/uploads\/2022\/04\/facebook_biopapa.jpg","width":1733,"height":907,"caption":"Biopapa"},"image":{"@id":"https:\/\/www.biopapa.lt\/#\/schema\/logo\/image\/"},"sameAs":["https:\/\/www.facebook.com\/biopapa.lt"]}]}},"_links":{"self":[{"href":"https:\/\/www.biopapa.lt\/en\/wp-json\/wp\/v2\/product\/34053","targetHints":{"allow":["GET"]}}],"collection":[{"href":"https:\/\/www.biopapa.lt\/en\/wp-json\/wp\/v2\/product"}],"about":[{"href":"https:\/\/www.biopapa.lt\/en\/wp-json\/wp\/v2\/types\/product"}],"wp:featuredmedia":[{"embeddable":true,"href":"https:\/\/www.biopapa.lt\/en\/wp-json\/wp\/v2\/media\/28547"}],"wp:attachment":[{"href":"https:\/\/www.biopapa.lt\/en\/wp-json\/wp\/v2\/media?parent=34053"}],"wp:term":[{"taxonomy":"product_brand","embeddable":true,"href":"https:\/\/www.biopapa.lt\/en\/wp-json\/wp\/v2\/product_brand?post=34053"},{"taxonomy":"product_cat","embeddable":true,"href":"https:\/\/www.biopapa.lt\/en\/wp-json\/wp\/v2\/product_cat?post=34053"},{"taxonomy":"product_tag","embeddable":true,"href":"https:\/\/www.biopapa.lt\/en\/wp-json\/wp\/v2\/product_tag?post=34053"}],"curies":[{"name":"wp","href":"https:\/\/api.w.org\/{rel}","templated":true}]}}