{"id":33989,"date":"2023-06-07T14:32:04","date_gmt":"2023-06-07T11:32:04","guid":{"rendered":"https:\/\/www.biopapa.lt\/produktas\/organic-chicory-coffee-roasted-fine\/"},"modified":"2025-06-16T10:52:06","modified_gmt":"2025-06-16T07:52:06","slug":"organic-chicory-coffee-roasted-fine","status":"publish","type":"product","link":"https:\/\/www.biopapa.lt\/en\/produktas\/organic-chicory-coffee-roasted-fine\/","title":{"rendered":"Organic chicory coffee, roasted, fine"},"content":{"rendered":"<p><strong>Organic chicory coffee<\/strong>, <strong>roasted, finely ground<br \/>\n<\/strong>Chicory coffee, a decaffeinated beverage made from roasted chicory roots, offers a great alternative to traditional coffee. Famous for its rich, earthy flavour, chicory coffee is often used as a decaffeinated coffee substitute.<br \/>\nIts mild bitterness and aromatic qualities make it a versatile ingredient for both hot and cold drinks, and it can be mixed with traditional coffee or served alone.  Chicory can also be used to flavour desserts. It has a natural bitterness.<\/p>\n<p><strong>Directions:<br \/>\n<\/strong>Pour boiling water over one full teaspoon of coffee. Leave to steep for 5-10 minutes. To taste you can add a vegetable drink, your favourite sweetener. For a stronger brew, it is recommended to boil the coffee for about 2-3 minutes.   <\/p>\n<p>MAY contain traces of gluten and nuts due to cross-contamination.<\/p>\n<p><em>NOTE. The information contained herein should not be construed as a recommendation for treatment or other health issues. We encourage you to make personal decisions about your personal health, taking into account a wide range of sources of information.   <\/em><\/p>\n","protected":false},"excerpt":{"rendered":"<p>Organic chicory coffee, roasted, finely ground Chicory coffee, a decaffeinated beverage made from roasted chicory roots, offers a great alternative<\/p>\n","protected":false},"featured_media":30507,"template":"","meta":{"_acf_changed":false},"product_brand":[],"product_cat":[1838,1847],"product_tag":[2054,2088,2035],"class_list":{"0":"post-33989","1":"product","2":"type-product","3":"status-publish","4":"has-post-thumbnail","6":"product_cat-coffee","7":"product_cat-tea-coffee-cocoa-en","8":"product_tag-coffee-alternative","9":"product_tag-vegan","10":"product_tag-without-caffeine","11":"pa_svoris-1-kg-en-2","12":"pa_svoris-100-g-en-2","13":"pa_svoris-15-kg-en","14":"pa_svoris-200-g-en","15":"pa_svoris-300-g-en","16":"pa_svoris-400-g-en","17":"pa_svoris-50-g-en","18":"pa_svoris-500-g-en-2","20":"first","21":"instock","22":"shipping-taxable","23":"purchasable","24":"product-type-variable"},"acf":[],"yoast_head":"<!-- This site is optimized with the Yoast SEO plugin v27.5 - https:\/\/yoast.com\/product\/yoast-seo-wordpress\/ -->\n<title>Organic chicory coffee, roasted, fine - Biopapa<\/title>\n<meta name=\"description\" content=\"Chicory coffee, a decaffeinated drink made from roasted chicory roots, offers a great alternative to traditional coffee.\" \/>\n<meta name=\"robots\" content=\"index, follow, max-snippet:-1, max-image-preview:large, max-video-preview:-1\" \/>\n<link rel=\"canonical\" href=\"https:\/\/www.biopapa.lt\/en\/produktas\/organic-chicory-coffee-roasted-fine\/\" \/>\n<meta property=\"og:locale\" content=\"en_US\" \/>\n<meta property=\"og:type\" content=\"article\" \/>\n<meta property=\"og:title\" content=\"Organic chicory coffee, roasted, fine - Biopapa\" \/>\n<meta property=\"og:description\" content=\"Chicory coffee, a decaffeinated drink made from roasted chicory roots, offers a great alternative to traditional coffee.\" \/>\n<meta property=\"og:url\" content=\"https:\/\/www.biopapa.lt\/en\/produktas\/organic-chicory-coffee-roasted-fine\/\" \/>\n<meta property=\"og:site_name\" content=\"Biopapa\" \/>\n<meta property=\"article:publisher\" content=\"https:\/\/www.facebook.com\/biopapa.lt\" \/>\n<meta property=\"article:modified_time\" content=\"2025-06-16T07:52:06+00:00\" \/>\n<meta property=\"og:image\" content=\"https:\/\/www.biopapa.lt\/wp-content\/uploads\/2023\/06\/Ekologiska-cikorijos-kava-skrudinta-smulki.png\" \/>\n\t<meta property=\"og:image:width\" content=\"800\" \/>\n\t<meta property=\"og:image:height\" content=\"640\" \/>\n\t<meta property=\"og:image:type\" content=\"image\/png\" \/>\n<meta name=\"twitter:card\" content=\"summary_large_image\" \/>\n<script type=\"application\/ld+json\" class=\"yoast-schema-graph\">{\"@context\":\"https:\\\/\\\/schema.org\",\"@graph\":[{\"@type\":\"WebPage\",\"@id\":\"https:\\\/\\\/www.biopapa.lt\\\/en\\\/produktas\\\/organic-chicory-coffee-roasted-fine\\\/\",\"url\":\"https:\\\/\\\/www.biopapa.lt\\\/en\\\/produktas\\\/organic-chicory-coffee-roasted-fine\\\/\",\"name\":\"Organic chicory coffee, roasted, fine - Biopapa\",\"isPartOf\":{\"@id\":\"https:\\\/\\\/www.biopapa.lt\\\/#website\"},\"primaryImageOfPage\":{\"@id\":\"https:\\\/\\\/www.biopapa.lt\\\/en\\\/produktas\\\/organic-chicory-coffee-roasted-fine\\\/#primaryimage\"},\"image\":{\"@id\":\"https:\\\/\\\/www.biopapa.lt\\\/en\\\/produktas\\\/organic-chicory-coffee-roasted-fine\\\/#primaryimage\"},\"thumbnailUrl\":\"https:\\\/\\\/www.biopapa.lt\\\/wp-content\\\/uploads\\\/2023\\\/06\\\/Ekologiska-cikorijos-kava-skrudinta-smulki.png\",\"datePublished\":\"2023-06-07T11:32:04+00:00\",\"dateModified\":\"2025-06-16T07:52:06+00:00\",\"description\":\"Chicory coffee, a decaffeinated drink made from roasted chicory roots, offers a great alternative to traditional coffee.\",\"breadcrumb\":{\"@id\":\"https:\\\/\\\/www.biopapa.lt\\\/en\\\/produktas\\\/organic-chicory-coffee-roasted-fine\\\/#breadcrumb\"},\"inLanguage\":\"en-US\",\"potentialAction\":[{\"@type\":\"ReadAction\",\"target\":[\"https:\\\/\\\/www.biopapa.lt\\\/en\\\/produktas\\\/organic-chicory-coffee-roasted-fine\\\/\"]}]},{\"@type\":\"ImageObject\",\"inLanguage\":\"en-US\",\"@id\":\"https:\\\/\\\/www.biopapa.lt\\\/en\\\/produktas\\\/organic-chicory-coffee-roasted-fine\\\/#primaryimage\",\"url\":\"https:\\\/\\\/www.biopapa.lt\\\/wp-content\\\/uploads\\\/2023\\\/06\\\/Ekologiska-cikorijos-kava-skrudinta-smulki.png\",\"contentUrl\":\"https:\\\/\\\/www.biopapa.lt\\\/wp-content\\\/uploads\\\/2023\\\/06\\\/Ekologiska-cikorijos-kava-skrudinta-smulki.png\",\"width\":800,\"height\":640},{\"@type\":\"BreadcrumbList\",\"@id\":\"https:\\\/\\\/www.biopapa.lt\\\/en\\\/produktas\\\/organic-chicory-coffee-roasted-fine\\\/#breadcrumb\",\"itemListElement\":[{\"@type\":\"ListItem\",\"position\":1,\"name\":\"Home\",\"item\":\"https:\\\/\\\/www.biopapa.lt\\\/en\\\/\"},{\"@type\":\"ListItem\",\"position\":2,\"name\":\"Shop\",\"item\":\"https:\\\/\\\/www.biopapa.lt\\\/en\\\/shop\\\/\"},{\"@type\":\"ListItem\",\"position\":3,\"name\":\"Organic chicory coffee, roasted, fine\"}]},{\"@type\":\"WebSite\",\"@id\":\"https:\\\/\\\/www.biopapa.lt\\\/#website\",\"url\":\"https:\\\/\\\/www.biopapa.lt\\\/\",\"name\":\"Biopapa\",\"description\":\"\u0160var\u016bs ekologi\u0161ki produktai\",\"publisher\":{\"@id\":\"https:\\\/\\\/www.biopapa.lt\\\/#organization\"},\"potentialAction\":[{\"@type\":\"SearchAction\",\"target\":{\"@type\":\"EntryPoint\",\"urlTemplate\":\"https:\\\/\\\/www.biopapa.lt\\\/?s={search_term_string}\"},\"query-input\":{\"@type\":\"PropertyValueSpecification\",\"valueRequired\":true,\"valueName\":\"search_term_string\"}}],\"inLanguage\":\"en-US\"},{\"@type\":\"Organization\",\"@id\":\"https:\\\/\\\/www.biopapa.lt\\\/#organization\",\"name\":\"Biopapa\",\"url\":\"https:\\\/\\\/www.biopapa.lt\\\/\",\"logo\":{\"@type\":\"ImageObject\",\"inLanguage\":\"en-US\",\"@id\":\"https:\\\/\\\/www.biopapa.lt\\\/#\\\/schema\\\/logo\\\/image\\\/\",\"url\":\"https:\\\/\\\/www.biopapa.lt\\\/wp-content\\\/uploads\\\/2022\\\/04\\\/facebook_biopapa.jpg\",\"contentUrl\":\"https:\\\/\\\/www.biopapa.lt\\\/wp-content\\\/uploads\\\/2022\\\/04\\\/facebook_biopapa.jpg\",\"width\":1733,\"height\":907,\"caption\":\"Biopapa\"},\"image\":{\"@id\":\"https:\\\/\\\/www.biopapa.lt\\\/#\\\/schema\\\/logo\\\/image\\\/\"},\"sameAs\":[\"https:\\\/\\\/www.facebook.com\\\/biopapa.lt\"]}]}<\/script>\n<!-- \/ Yoast SEO plugin. -->","yoast_head_json":{"title":"Organic chicory coffee, roasted, fine - Biopapa","description":"Chicory coffee, a decaffeinated drink made from roasted chicory roots, offers a great alternative to traditional coffee.","robots":{"index":"index","follow":"follow","max-snippet":"max-snippet:-1","max-image-preview":"max-image-preview:large","max-video-preview":"max-video-preview:-1"},"canonical":"https:\/\/www.biopapa.lt\/en\/produktas\/organic-chicory-coffee-roasted-fine\/","og_locale":"en_US","og_type":"article","og_title":"Organic chicory coffee, roasted, fine - Biopapa","og_description":"Chicory coffee, a decaffeinated drink made from roasted chicory roots, offers a great alternative to traditional coffee.","og_url":"https:\/\/www.biopapa.lt\/en\/produktas\/organic-chicory-coffee-roasted-fine\/","og_site_name":"Biopapa","article_publisher":"https:\/\/www.facebook.com\/biopapa.lt","article_modified_time":"2025-06-16T07:52:06+00:00","og_image":[{"width":800,"height":640,"url":"https:\/\/www.biopapa.lt\/wp-content\/uploads\/2023\/06\/Ekologiska-cikorijos-kava-skrudinta-smulki.png","type":"image\/png"}],"twitter_card":"summary_large_image","schema":{"@context":"https:\/\/schema.org","@graph":[{"@type":"WebPage","@id":"https:\/\/www.biopapa.lt\/en\/produktas\/organic-chicory-coffee-roasted-fine\/","url":"https:\/\/www.biopapa.lt\/en\/produktas\/organic-chicory-coffee-roasted-fine\/","name":"Organic chicory coffee, roasted, fine - Biopapa","isPartOf":{"@id":"https:\/\/www.biopapa.lt\/#website"},"primaryImageOfPage":{"@id":"https:\/\/www.biopapa.lt\/en\/produktas\/organic-chicory-coffee-roasted-fine\/#primaryimage"},"image":{"@id":"https:\/\/www.biopapa.lt\/en\/produktas\/organic-chicory-coffee-roasted-fine\/#primaryimage"},"thumbnailUrl":"https:\/\/www.biopapa.lt\/wp-content\/uploads\/2023\/06\/Ekologiska-cikorijos-kava-skrudinta-smulki.png","datePublished":"2023-06-07T11:32:04+00:00","dateModified":"2025-06-16T07:52:06+00:00","description":"Chicory coffee, a decaffeinated drink made from roasted chicory roots, offers a great alternative to traditional coffee.","breadcrumb":{"@id":"https:\/\/www.biopapa.lt\/en\/produktas\/organic-chicory-coffee-roasted-fine\/#breadcrumb"},"inLanguage":"en-US","potentialAction":[{"@type":"ReadAction","target":["https:\/\/www.biopapa.lt\/en\/produktas\/organic-chicory-coffee-roasted-fine\/"]}]},{"@type":"ImageObject","inLanguage":"en-US","@id":"https:\/\/www.biopapa.lt\/en\/produktas\/organic-chicory-coffee-roasted-fine\/#primaryimage","url":"https:\/\/www.biopapa.lt\/wp-content\/uploads\/2023\/06\/Ekologiska-cikorijos-kava-skrudinta-smulki.png","contentUrl":"https:\/\/www.biopapa.lt\/wp-content\/uploads\/2023\/06\/Ekologiska-cikorijos-kava-skrudinta-smulki.png","width":800,"height":640},{"@type":"BreadcrumbList","@id":"https:\/\/www.biopapa.lt\/en\/produktas\/organic-chicory-coffee-roasted-fine\/#breadcrumb","itemListElement":[{"@type":"ListItem","position":1,"name":"Home","item":"https:\/\/www.biopapa.lt\/en\/"},{"@type":"ListItem","position":2,"name":"Shop","item":"https:\/\/www.biopapa.lt\/en\/shop\/"},{"@type":"ListItem","position":3,"name":"Organic chicory coffee, roasted, fine"}]},{"@type":"WebSite","@id":"https:\/\/www.biopapa.lt\/#website","url":"https:\/\/www.biopapa.lt\/","name":"Biopapa","description":"\u0160var\u016bs ekologi\u0161ki produktai","publisher":{"@id":"https:\/\/www.biopapa.lt\/#organization"},"potentialAction":[{"@type":"SearchAction","target":{"@type":"EntryPoint","urlTemplate":"https:\/\/www.biopapa.lt\/?s={search_term_string}"},"query-input":{"@type":"PropertyValueSpecification","valueRequired":true,"valueName":"search_term_string"}}],"inLanguage":"en-US"},{"@type":"Organization","@id":"https:\/\/www.biopapa.lt\/#organization","name":"Biopapa","url":"https:\/\/www.biopapa.lt\/","logo":{"@type":"ImageObject","inLanguage":"en-US","@id":"https:\/\/www.biopapa.lt\/#\/schema\/logo\/image\/","url":"https:\/\/www.biopapa.lt\/wp-content\/uploads\/2022\/04\/facebook_biopapa.jpg","contentUrl":"https:\/\/www.biopapa.lt\/wp-content\/uploads\/2022\/04\/facebook_biopapa.jpg","width":1733,"height":907,"caption":"Biopapa"},"image":{"@id":"https:\/\/www.biopapa.lt\/#\/schema\/logo\/image\/"},"sameAs":["https:\/\/www.facebook.com\/biopapa.lt"]}]}},"_links":{"self":[{"href":"https:\/\/www.biopapa.lt\/en\/wp-json\/wp\/v2\/product\/33989","targetHints":{"allow":["GET"]}}],"collection":[{"href":"https:\/\/www.biopapa.lt\/en\/wp-json\/wp\/v2\/product"}],"about":[{"href":"https:\/\/www.biopapa.lt\/en\/wp-json\/wp\/v2\/types\/product"}],"wp:featuredmedia":[{"embeddable":true,"href":"https:\/\/www.biopapa.lt\/en\/wp-json\/wp\/v2\/media\/30507"}],"wp:attachment":[{"href":"https:\/\/www.biopapa.lt\/en\/wp-json\/wp\/v2\/media?parent=33989"}],"wp:term":[{"taxonomy":"product_brand","embeddable":true,"href":"https:\/\/www.biopapa.lt\/en\/wp-json\/wp\/v2\/product_brand?post=33989"},{"taxonomy":"product_cat","embeddable":true,"href":"https:\/\/www.biopapa.lt\/en\/wp-json\/wp\/v2\/product_cat?post=33989"},{"taxonomy":"product_tag","embeddable":true,"href":"https:\/\/www.biopapa.lt\/en\/wp-json\/wp\/v2\/product_tag?post=33989"}],"curies":[{"name":"wp","href":"https:\/\/api.w.org\/{rel}","templated":true}]}}