{"id":33736,"date":"2021-10-13T13:09:42","date_gmt":"2021-10-13T10:09:42","guid":{"rendered":"https:\/\/www.biopapa.lt\/produktas\/organic-rosemary\/"},"modified":"2024-05-07T15:04:09","modified_gmt":"2024-05-07T12:04:09","slug":"organic-rosemary","status":"publish","type":"product","link":"https:\/\/www.biopapa.lt\/en\/produktas\/organic-rosemary\/","title":{"rendered":"Organic rosemary"},"content":{"rendered":"<p><strong>Rosemary<\/strong> is a symbol of love and loyalty and is often placed in the bride&#8217;s bouquet.<br \/>\nNowadays, rosemary is also giving love to dishes.<br \/>\nPasta, pizza, baked potatoes &#8211; all these dishes say YES to this Mediterranean herb. Suitable for making tea. Suitable with thyme, basil, etc. dried herbs.<\/p>\n<p>Rosemary, a fragrant herb known for its culinary versatility, has many health benefits. Rich in antioxidants, rosemary helps fight oxidative stress and reduces the risk of chronic diseases. It is also thought to improve memory and cognitive function, and may increase mental clarity and concentration.<br \/>\nRosemary has anti-inflammatory properties, contributes to general well-being and reduces inflammation-related ailments.<br \/>\nIn addition, this herb can aid digestion by stimulating the production of digestive enzymes and reducing discomfort. Its excellent flavour and aroma make it a perfect complement to a wide range of dishes, while adding flavour and well-being.<\/p>\n<p>&nbsp;<\/p>\n","protected":false},"excerpt":{"rendered":"<p>Rosemary is a symbol of love and loyalty and is often placed in the bride&#8217;s bouquet. Nowadays, rosemary is also<\/p>\n","protected":false},"featured_media":28789,"template":"","meta":{"_acf_changed":false},"product_brand":[],"product_cat":[1853],"product_tag":[2088],"class_list":{"0":"post-33736","1":"product","2":"type-product","3":"status-publish","4":"has-post-thumbnail","6":"product_cat-spices","7":"product_tag-vegan","8":"pa_svoris-1-kg-en-2","9":"pa_svoris-100-g-en-2","10":"pa_svoris-200-g-en","11":"pa_svoris-25-g-en","12":"pa_svoris-300-g-en","13":"pa_svoris-400-g-en","14":"pa_svoris-5-kg-en-2","15":"pa_svoris-50-g-en","16":"pa_svoris-500-g-en-2","18":"first","19":"instock","20":"shipping-taxable","21":"purchasable","22":"product-type-variable"},"acf":[],"yoast_head":"<!-- This site is optimized with the Yoast SEO plugin v27.5 - https:\/\/yoast.com\/product\/yoast-seo-wordpress\/ -->\n<title>Organic rosemary - Biopapa<\/title>\n<meta name=\"description\" content=\"Rosemary, a fragrant herb known for its culinary versatility, has many health benefits. Rich in antioxidants, rosemary helps fight oxidative stress and reduces the risk of chronic diseases.\" \/>\n<meta name=\"robots\" content=\"index, follow, max-snippet:-1, max-image-preview:large, max-video-preview:-1\" \/>\n<link rel=\"canonical\" href=\"https:\/\/www.biopapa.lt\/en\/product\/organic-rosemary\/\" \/>\n<meta property=\"og:locale\" content=\"en_US\" \/>\n<meta property=\"og:type\" content=\"article\" \/>\n<meta property=\"og:title\" content=\"Organic rosemary - Biopapa\" \/>\n<meta property=\"og:description\" content=\"Rosemary, a fragrant herb known for its culinary versatility, has many health benefits. Rich in antioxidants, rosemary helps fight oxidative stress and reduces the risk of chronic diseases.\" \/>\n<meta property=\"og:url\" content=\"https:\/\/www.biopapa.lt\/en\/product\/organic-rosemary\/\" \/>\n<meta property=\"og:site_name\" content=\"Biopapa\" \/>\n<meta property=\"article:publisher\" content=\"https:\/\/www.facebook.com\/biopapa.lt\" \/>\n<meta property=\"article:modified_time\" content=\"2024-05-07T12:04:09+00:00\" \/>\n<meta property=\"og:image\" content=\"https:\/\/www.biopapa.lt\/wp-content\/uploads\/2021\/10\/Ekologiskas-rozmarinas.jpg\" \/>\n\t<meta property=\"og:image:width\" content=\"800\" \/>\n\t<meta property=\"og:image:height\" content=\"640\" \/>\n\t<meta property=\"og:image:type\" content=\"image\/jpeg\" \/>\n<meta name=\"twitter:card\" content=\"summary_large_image\" \/>\n<script type=\"application\/ld+json\" class=\"yoast-schema-graph\">{\"@context\":\"https:\\\/\\\/schema.org\",\"@graph\":[{\"@type\":\"WebPage\",\"@id\":\"https:\\\/\\\/www.biopapa.lt\\\/en\\\/product\\\/organic-rosemary\\\/\",\"url\":\"https:\\\/\\\/www.biopapa.lt\\\/en\\\/product\\\/organic-rosemary\\\/\",\"name\":\"Organic rosemary - Biopapa\",\"isPartOf\":{\"@id\":\"https:\\\/\\\/www.biopapa.lt\\\/#website\"},\"primaryImageOfPage\":{\"@id\":\"https:\\\/\\\/www.biopapa.lt\\\/en\\\/product\\\/organic-rosemary\\\/#primaryimage\"},\"image\":{\"@id\":\"https:\\\/\\\/www.biopapa.lt\\\/en\\\/product\\\/organic-rosemary\\\/#primaryimage\"},\"thumbnailUrl\":\"https:\\\/\\\/www.biopapa.lt\\\/wp-content\\\/uploads\\\/2021\\\/10\\\/Ekologiskas-rozmarinas.jpg\",\"datePublished\":\"2021-10-13T10:09:42+00:00\",\"dateModified\":\"2024-05-07T12:04:09+00:00\",\"description\":\"Rosemary, a fragrant herb known for its culinary versatility, has many health benefits. Rich in antioxidants, rosemary helps fight oxidative stress and reduces the risk of chronic diseases.\",\"breadcrumb\":{\"@id\":\"https:\\\/\\\/www.biopapa.lt\\\/en\\\/product\\\/organic-rosemary\\\/#breadcrumb\"},\"inLanguage\":\"en-US\",\"potentialAction\":[{\"@type\":\"ReadAction\",\"target\":[\"https:\\\/\\\/www.biopapa.lt\\\/en\\\/product\\\/organic-rosemary\\\/\"]}]},{\"@type\":\"ImageObject\",\"inLanguage\":\"en-US\",\"@id\":\"https:\\\/\\\/www.biopapa.lt\\\/en\\\/product\\\/organic-rosemary\\\/#primaryimage\",\"url\":\"https:\\\/\\\/www.biopapa.lt\\\/wp-content\\\/uploads\\\/2021\\\/10\\\/Ekologiskas-rozmarinas.jpg\",\"contentUrl\":\"https:\\\/\\\/www.biopapa.lt\\\/wp-content\\\/uploads\\\/2021\\\/10\\\/Ekologiskas-rozmarinas.jpg\",\"width\":800,\"height\":640,\"caption\":\"Organic rosemary\"},{\"@type\":\"BreadcrumbList\",\"@id\":\"https:\\\/\\\/www.biopapa.lt\\\/en\\\/product\\\/organic-rosemary\\\/#breadcrumb\",\"itemListElement\":[{\"@type\":\"ListItem\",\"position\":1,\"name\":\"Home\",\"item\":\"https:\\\/\\\/www.biopapa.lt\\\/en\\\/\"},{\"@type\":\"ListItem\",\"position\":2,\"name\":\"Shop\",\"item\":\"https:\\\/\\\/www.biopapa.lt\\\/en\\\/shop\\\/\"},{\"@type\":\"ListItem\",\"position\":3,\"name\":\"Organic rosemary\"}]},{\"@type\":\"WebSite\",\"@id\":\"https:\\\/\\\/www.biopapa.lt\\\/#website\",\"url\":\"https:\\\/\\\/www.biopapa.lt\\\/\",\"name\":\"Biopapa\",\"description\":\"\u0160var\u016bs ekologi\u0161ki produktai\",\"publisher\":{\"@id\":\"https:\\\/\\\/www.biopapa.lt\\\/#organization\"},\"potentialAction\":[{\"@type\":\"SearchAction\",\"target\":{\"@type\":\"EntryPoint\",\"urlTemplate\":\"https:\\\/\\\/www.biopapa.lt\\\/?s={search_term_string}\"},\"query-input\":{\"@type\":\"PropertyValueSpecification\",\"valueRequired\":true,\"valueName\":\"search_term_string\"}}],\"inLanguage\":\"en-US\"},{\"@type\":\"Organization\",\"@id\":\"https:\\\/\\\/www.biopapa.lt\\\/#organization\",\"name\":\"Biopapa\",\"url\":\"https:\\\/\\\/www.biopapa.lt\\\/\",\"logo\":{\"@type\":\"ImageObject\",\"inLanguage\":\"en-US\",\"@id\":\"https:\\\/\\\/www.biopapa.lt\\\/#\\\/schema\\\/logo\\\/image\\\/\",\"url\":\"https:\\\/\\\/www.biopapa.lt\\\/wp-content\\\/uploads\\\/2022\\\/04\\\/facebook_biopapa.jpg\",\"contentUrl\":\"https:\\\/\\\/www.biopapa.lt\\\/wp-content\\\/uploads\\\/2022\\\/04\\\/facebook_biopapa.jpg\",\"width\":1733,\"height\":907,\"caption\":\"Biopapa\"},\"image\":{\"@id\":\"https:\\\/\\\/www.biopapa.lt\\\/#\\\/schema\\\/logo\\\/image\\\/\"},\"sameAs\":[\"https:\\\/\\\/www.facebook.com\\\/biopapa.lt\"]}]}<\/script>\n<!-- \/ Yoast SEO plugin. -->","yoast_head_json":{"title":"Organic rosemary - Biopapa","description":"Rosemary, a fragrant herb known for its culinary versatility, has many health benefits. Rich in antioxidants, rosemary helps fight oxidative stress and reduces the risk of chronic diseases.","robots":{"index":"index","follow":"follow","max-snippet":"max-snippet:-1","max-image-preview":"max-image-preview:large","max-video-preview":"max-video-preview:-1"},"canonical":"https:\/\/www.biopapa.lt\/en\/product\/organic-rosemary\/","og_locale":"en_US","og_type":"article","og_title":"Organic rosemary - Biopapa","og_description":"Rosemary, a fragrant herb known for its culinary versatility, has many health benefits. Rich in antioxidants, rosemary helps fight oxidative stress and reduces the risk of chronic diseases.","og_url":"https:\/\/www.biopapa.lt\/en\/product\/organic-rosemary\/","og_site_name":"Biopapa","article_publisher":"https:\/\/www.facebook.com\/biopapa.lt","article_modified_time":"2024-05-07T12:04:09+00:00","og_image":[{"width":800,"height":640,"url":"https:\/\/www.biopapa.lt\/wp-content\/uploads\/2021\/10\/Ekologiskas-rozmarinas.jpg","type":"image\/jpeg"}],"twitter_card":"summary_large_image","schema":{"@context":"https:\/\/schema.org","@graph":[{"@type":"WebPage","@id":"https:\/\/www.biopapa.lt\/en\/product\/organic-rosemary\/","url":"https:\/\/www.biopapa.lt\/en\/product\/organic-rosemary\/","name":"Organic rosemary - Biopapa","isPartOf":{"@id":"https:\/\/www.biopapa.lt\/#website"},"primaryImageOfPage":{"@id":"https:\/\/www.biopapa.lt\/en\/product\/organic-rosemary\/#primaryimage"},"image":{"@id":"https:\/\/www.biopapa.lt\/en\/product\/organic-rosemary\/#primaryimage"},"thumbnailUrl":"https:\/\/www.biopapa.lt\/wp-content\/uploads\/2021\/10\/Ekologiskas-rozmarinas.jpg","datePublished":"2021-10-13T10:09:42+00:00","dateModified":"2024-05-07T12:04:09+00:00","description":"Rosemary, a fragrant herb known for its culinary versatility, has many health benefits. Rich in antioxidants, rosemary helps fight oxidative stress and reduces the risk of chronic diseases.","breadcrumb":{"@id":"https:\/\/www.biopapa.lt\/en\/product\/organic-rosemary\/#breadcrumb"},"inLanguage":"en-US","potentialAction":[{"@type":"ReadAction","target":["https:\/\/www.biopapa.lt\/en\/product\/organic-rosemary\/"]}]},{"@type":"ImageObject","inLanguage":"en-US","@id":"https:\/\/www.biopapa.lt\/en\/product\/organic-rosemary\/#primaryimage","url":"https:\/\/www.biopapa.lt\/wp-content\/uploads\/2021\/10\/Ekologiskas-rozmarinas.jpg","contentUrl":"https:\/\/www.biopapa.lt\/wp-content\/uploads\/2021\/10\/Ekologiskas-rozmarinas.jpg","width":800,"height":640,"caption":"Organic rosemary"},{"@type":"BreadcrumbList","@id":"https:\/\/www.biopapa.lt\/en\/product\/organic-rosemary\/#breadcrumb","itemListElement":[{"@type":"ListItem","position":1,"name":"Home","item":"https:\/\/www.biopapa.lt\/en\/"},{"@type":"ListItem","position":2,"name":"Shop","item":"https:\/\/www.biopapa.lt\/en\/shop\/"},{"@type":"ListItem","position":3,"name":"Organic rosemary"}]},{"@type":"WebSite","@id":"https:\/\/www.biopapa.lt\/#website","url":"https:\/\/www.biopapa.lt\/","name":"Biopapa","description":"\u0160var\u016bs ekologi\u0161ki produktai","publisher":{"@id":"https:\/\/www.biopapa.lt\/#organization"},"potentialAction":[{"@type":"SearchAction","target":{"@type":"EntryPoint","urlTemplate":"https:\/\/www.biopapa.lt\/?s={search_term_string}"},"query-input":{"@type":"PropertyValueSpecification","valueRequired":true,"valueName":"search_term_string"}}],"inLanguage":"en-US"},{"@type":"Organization","@id":"https:\/\/www.biopapa.lt\/#organization","name":"Biopapa","url":"https:\/\/www.biopapa.lt\/","logo":{"@type":"ImageObject","inLanguage":"en-US","@id":"https:\/\/www.biopapa.lt\/#\/schema\/logo\/image\/","url":"https:\/\/www.biopapa.lt\/wp-content\/uploads\/2022\/04\/facebook_biopapa.jpg","contentUrl":"https:\/\/www.biopapa.lt\/wp-content\/uploads\/2022\/04\/facebook_biopapa.jpg","width":1733,"height":907,"caption":"Biopapa"},"image":{"@id":"https:\/\/www.biopapa.lt\/#\/schema\/logo\/image\/"},"sameAs":["https:\/\/www.facebook.com\/biopapa.lt"]}]}},"_links":{"self":[{"href":"https:\/\/www.biopapa.lt\/en\/wp-json\/wp\/v2\/product\/33736","targetHints":{"allow":["GET"]}}],"collection":[{"href":"https:\/\/www.biopapa.lt\/en\/wp-json\/wp\/v2\/product"}],"about":[{"href":"https:\/\/www.biopapa.lt\/en\/wp-json\/wp\/v2\/types\/product"}],"wp:featuredmedia":[{"embeddable":true,"href":"https:\/\/www.biopapa.lt\/en\/wp-json\/wp\/v2\/media\/28789"}],"wp:attachment":[{"href":"https:\/\/www.biopapa.lt\/en\/wp-json\/wp\/v2\/media?parent=33736"}],"wp:term":[{"taxonomy":"product_brand","embeddable":true,"href":"https:\/\/www.biopapa.lt\/en\/wp-json\/wp\/v2\/product_brand?post=33736"},{"taxonomy":"product_cat","embeddable":true,"href":"https:\/\/www.biopapa.lt\/en\/wp-json\/wp\/v2\/product_cat?post=33736"},{"taxonomy":"product_tag","embeddable":true,"href":"https:\/\/www.biopapa.lt\/en\/wp-json\/wp\/v2\/product_tag?post=33736"}],"curies":[{"name":"wp","href":"https:\/\/api.w.org\/{rel}","templated":true}]}}