{"id":33642,"date":"2021-11-05T13:26:59","date_gmt":"2021-11-05T11:26:59","guid":{"rendered":"https:\/\/www.biopapa.lt\/produktas\/organic-ground-cardamom\/"},"modified":"2026-01-23T12:38:18","modified_gmt":"2026-01-23T10:38:18","slug":"organic-ground-cardamom","status":"publish","type":"product","link":"https:\/\/www.biopapa.lt\/en\/produktas\/organic-ground-cardamom\/","title":{"rendered":"Organic ground cardamom"},"content":{"rendered":"<p><strong>Organic ground cardamom<\/strong><\/p>\n<p>Cardamom powder has a rich history stretching back more than 4000 years, originating in the tropical forests of India, Nepal and Bhutan. In ancient Egypt, they were highly prized for food and incense, while the Greeks and Romans used them for wine, desserts and perfumes. In the Middle Ages, cardamom became a valuable commodity on the Silk Road, and today it is still an important part of the cuisine and culture of South Asia and the Middle East, symbolising hospitality and warmth.<br \/>\nToday, cardamom powder is valued for its aroma and flavour enhancing properties. It imparts a unique sweet and spicy flavour to both sweet and savoury dishes and is often used in tea, coffee, rice dishes, stews, curries and baked goods. In small quantities, they can enrich desserts, fruit or yoghurt with their aromatic touch, and they often appear in spice blends such as garam masala or chai masala.<br \/>\nIn addition to its culinary value, cardamom is valued for the soothing aroma and the richness that it brings to traditional dishes and drinks. Its versatility and historical importance make it a cherished ingredient in many cultures.   <\/p>\n<p><strong>Cardamom coffee (Arabic style)<\/strong><br \/>\nIngredients (for 2 cups):<br \/>\n2 cups of water<br \/>\n2 teaspoons of finely ground coffee (medium to dark roast)<br \/>\n2-3 <a href=\"https:\/\/www.biopapa.lt\/en\/produktas\/organic-cardamom-pods\/\">green cardamom pods<\/a> or \u00bc teaspoon of cardamom powder<br \/>\nSugar according to your choice and taste<\/p>\n<p>Instructions:<br \/>\nLightly crush the cardamom pods to release the aroma.<br \/>\nBring water to the boil in a small saucepan.<br \/>\nAdd the coffee and cardamom. Reduce the heat and boil for 3-5 minutes, stirring occasionally.<br \/>\nAdd sugar to taste and stir until dissolved.<br \/>\nStrain the coffee into small cups and serve hot. <\/p>\n<p>Tip: For an even more intense flavour, you can grind the coffee with cardamom before brewing. This coffee is often drunk slowly, enjoying the fragrant aroma. <\/p>\n<p><em>NOTE. The information provided on this website shall not be construed as a recommendation for treatment or any other form of health advice. We encourage you to make personal decisions about your personal health, taking into account a wide range of sources of information.<\/em><\/p>\n","protected":false},"excerpt":{"rendered":"<p>Organic ground cardamom Cardamom powder has a rich history stretching back more than 4000 years, originating in the tropical forests<\/p>\n","protected":false},"featured_media":28815,"template":"","meta":{"_acf_changed":false},"product_brand":[],"product_cat":[1853],"product_tag":[2088],"class_list":{"0":"post-33642","1":"product","2":"type-product","3":"status-publish","4":"has-post-thumbnail","6":"product_cat-spices","7":"product_tag-vegan","8":"pa_svoris-25-g-en","9":"pa_svoris-50-g-en","10":"pa_svoris-100-g-en-2","11":"pa_svoris-200-g-en","12":"pa_svoris-300-g-en","13":"pa_svoris-400-g-en","14":"pa_svoris-500-g-en-2","15":"pa_svoris-1-kg-en-2","16":"pa_svoris-20-kg-en","18":"first","19":"instock","20":"shipping-taxable","21":"purchasable","22":"product-type-variable"},"acf":[],"yoast_head":"<!-- This site is optimized with the Yoast SEO plugin v27.5 - https:\/\/yoast.com\/product\/yoast-seo-wordpress\/ -->\n<title>Organic ground cardamom - Biopapa<\/title>\n<meta name=\"description\" content=\"Add a pinch of cardamom to your herbal coffee or ceremonial cocoa! Ground organic cardamom is a valuable and popular spice that flavours both food and drinks.\" \/>\n<meta name=\"robots\" content=\"index, follow, max-snippet:-1, max-image-preview:large, max-video-preview:-1\" \/>\n<link rel=\"canonical\" href=\"https:\/\/www.biopapa.lt\/en\/produktas\/organic-ground-cardamom\/\" \/>\n<meta property=\"og:locale\" content=\"en_US\" \/>\n<meta property=\"og:type\" content=\"article\" \/>\n<meta property=\"og:title\" content=\"Organic ground cardamom - Biopapa\" \/>\n<meta property=\"og:description\" content=\"Add a pinch of cardamom to your herbal coffee or ceremonial cocoa! Ground organic cardamom is a valuable and popular spice that flavours both food and drinks.\" \/>\n<meta property=\"og:url\" content=\"https:\/\/www.biopapa.lt\/en\/produktas\/organic-ground-cardamom\/\" \/>\n<meta property=\"og:site_name\" content=\"Biopapa\" \/>\n<meta property=\"article:publisher\" content=\"https:\/\/www.facebook.com\/biopapa.lt\" \/>\n<meta property=\"article:modified_time\" content=\"2026-01-23T10:38:18+00:00\" \/>\n<meta property=\"og:image\" content=\"https:\/\/www.biopapa.lt\/wp-content\/uploads\/2021\/11\/Ekologiskas-maltas-kardamonas.jpg\" \/>\n\t<meta property=\"og:image:width\" content=\"800\" \/>\n\t<meta property=\"og:image:height\" content=\"640\" \/>\n\t<meta property=\"og:image:type\" content=\"image\/jpeg\" \/>\n<meta name=\"twitter:card\" content=\"summary_large_image\" \/>\n<script type=\"application\/ld+json\" class=\"yoast-schema-graph\">{\"@context\":\"https:\\\/\\\/schema.org\",\"@graph\":[{\"@type\":\"WebPage\",\"@id\":\"https:\\\/\\\/www.biopapa.lt\\\/en\\\/produktas\\\/organic-ground-cardamom\\\/\",\"url\":\"https:\\\/\\\/www.biopapa.lt\\\/en\\\/produktas\\\/organic-ground-cardamom\\\/\",\"name\":\"Organic ground cardamom - Biopapa\",\"isPartOf\":{\"@id\":\"https:\\\/\\\/www.biopapa.lt\\\/#website\"},\"primaryImageOfPage\":{\"@id\":\"https:\\\/\\\/www.biopapa.lt\\\/en\\\/produktas\\\/organic-ground-cardamom\\\/#primaryimage\"},\"image\":{\"@id\":\"https:\\\/\\\/www.biopapa.lt\\\/en\\\/produktas\\\/organic-ground-cardamom\\\/#primaryimage\"},\"thumbnailUrl\":\"https:\\\/\\\/www.biopapa.lt\\\/wp-content\\\/uploads\\\/2021\\\/11\\\/Ekologiskas-maltas-kardamonas.jpg\",\"datePublished\":\"2021-11-05T11:26:59+00:00\",\"dateModified\":\"2026-01-23T10:38:18+00:00\",\"description\":\"Add a pinch of cardamom to your herbal coffee or ceremonial cocoa! Ground organic cardamom is a valuable and popular spice that flavours both food and drinks.\",\"breadcrumb\":{\"@id\":\"https:\\\/\\\/www.biopapa.lt\\\/en\\\/produktas\\\/organic-ground-cardamom\\\/#breadcrumb\"},\"inLanguage\":\"en-US\",\"potentialAction\":[{\"@type\":\"ReadAction\",\"target\":[\"https:\\\/\\\/www.biopapa.lt\\\/en\\\/produktas\\\/organic-ground-cardamom\\\/\"]}]},{\"@type\":\"ImageObject\",\"inLanguage\":\"en-US\",\"@id\":\"https:\\\/\\\/www.biopapa.lt\\\/en\\\/produktas\\\/organic-ground-cardamom\\\/#primaryimage\",\"url\":\"https:\\\/\\\/www.biopapa.lt\\\/wp-content\\\/uploads\\\/2021\\\/11\\\/Ekologiskas-maltas-kardamonas.jpg\",\"contentUrl\":\"https:\\\/\\\/www.biopapa.lt\\\/wp-content\\\/uploads\\\/2021\\\/11\\\/Ekologiskas-maltas-kardamonas.jpg\",\"width\":800,\"height\":640,\"caption\":\"Organic ground cardamom\"},{\"@type\":\"BreadcrumbList\",\"@id\":\"https:\\\/\\\/www.biopapa.lt\\\/en\\\/produktas\\\/organic-ground-cardamom\\\/#breadcrumb\",\"itemListElement\":[{\"@type\":\"ListItem\",\"position\":1,\"name\":\"Home\",\"item\":\"https:\\\/\\\/www.biopapa.lt\\\/en\\\/\"},{\"@type\":\"ListItem\",\"position\":2,\"name\":\"Shop\",\"item\":\"https:\\\/\\\/www.biopapa.lt\\\/en\\\/shop\\\/\"},{\"@type\":\"ListItem\",\"position\":3,\"name\":\"Organic ground cardamom\"}]},{\"@type\":\"WebSite\",\"@id\":\"https:\\\/\\\/www.biopapa.lt\\\/#website\",\"url\":\"https:\\\/\\\/www.biopapa.lt\\\/\",\"name\":\"Biopapa\",\"description\":\"\u0160var\u016bs ekologi\u0161ki produktai\",\"publisher\":{\"@id\":\"https:\\\/\\\/www.biopapa.lt\\\/#organization\"},\"potentialAction\":[{\"@type\":\"SearchAction\",\"target\":{\"@type\":\"EntryPoint\",\"urlTemplate\":\"https:\\\/\\\/www.biopapa.lt\\\/?s={search_term_string}\"},\"query-input\":{\"@type\":\"PropertyValueSpecification\",\"valueRequired\":true,\"valueName\":\"search_term_string\"}}],\"inLanguage\":\"en-US\"},{\"@type\":\"Organization\",\"@id\":\"https:\\\/\\\/www.biopapa.lt\\\/#organization\",\"name\":\"Biopapa\",\"url\":\"https:\\\/\\\/www.biopapa.lt\\\/\",\"logo\":{\"@type\":\"ImageObject\",\"inLanguage\":\"en-US\",\"@id\":\"https:\\\/\\\/www.biopapa.lt\\\/#\\\/schema\\\/logo\\\/image\\\/\",\"url\":\"https:\\\/\\\/www.biopapa.lt\\\/wp-content\\\/uploads\\\/2022\\\/04\\\/facebook_biopapa.jpg\",\"contentUrl\":\"https:\\\/\\\/www.biopapa.lt\\\/wp-content\\\/uploads\\\/2022\\\/04\\\/facebook_biopapa.jpg\",\"width\":1733,\"height\":907,\"caption\":\"Biopapa\"},\"image\":{\"@id\":\"https:\\\/\\\/www.biopapa.lt\\\/#\\\/schema\\\/logo\\\/image\\\/\"},\"sameAs\":[\"https:\\\/\\\/www.facebook.com\\\/biopapa.lt\"]}]}<\/script>\n<!-- \/ Yoast SEO plugin. -->","yoast_head_json":{"title":"Organic ground cardamom - Biopapa","description":"Add a pinch of cardamom to your herbal coffee or ceremonial cocoa! Ground organic cardamom is a valuable and popular spice that flavours both food and drinks.","robots":{"index":"index","follow":"follow","max-snippet":"max-snippet:-1","max-image-preview":"max-image-preview:large","max-video-preview":"max-video-preview:-1"},"canonical":"https:\/\/www.biopapa.lt\/en\/produktas\/organic-ground-cardamom\/","og_locale":"en_US","og_type":"article","og_title":"Organic ground cardamom - Biopapa","og_description":"Add a pinch of cardamom to your herbal coffee or ceremonial cocoa! Ground organic cardamom is a valuable and popular spice that flavours both food and drinks.","og_url":"https:\/\/www.biopapa.lt\/en\/produktas\/organic-ground-cardamom\/","og_site_name":"Biopapa","article_publisher":"https:\/\/www.facebook.com\/biopapa.lt","article_modified_time":"2026-01-23T10:38:18+00:00","og_image":[{"width":800,"height":640,"url":"https:\/\/www.biopapa.lt\/wp-content\/uploads\/2021\/11\/Ekologiskas-maltas-kardamonas.jpg","type":"image\/jpeg"}],"twitter_card":"summary_large_image","schema":{"@context":"https:\/\/schema.org","@graph":[{"@type":"WebPage","@id":"https:\/\/www.biopapa.lt\/en\/produktas\/organic-ground-cardamom\/","url":"https:\/\/www.biopapa.lt\/en\/produktas\/organic-ground-cardamom\/","name":"Organic ground cardamom - Biopapa","isPartOf":{"@id":"https:\/\/www.biopapa.lt\/#website"},"primaryImageOfPage":{"@id":"https:\/\/www.biopapa.lt\/en\/produktas\/organic-ground-cardamom\/#primaryimage"},"image":{"@id":"https:\/\/www.biopapa.lt\/en\/produktas\/organic-ground-cardamom\/#primaryimage"},"thumbnailUrl":"https:\/\/www.biopapa.lt\/wp-content\/uploads\/2021\/11\/Ekologiskas-maltas-kardamonas.jpg","datePublished":"2021-11-05T11:26:59+00:00","dateModified":"2026-01-23T10:38:18+00:00","description":"Add a pinch of cardamom to your herbal coffee or ceremonial cocoa! Ground organic cardamom is a valuable and popular spice that flavours both food and drinks.","breadcrumb":{"@id":"https:\/\/www.biopapa.lt\/en\/produktas\/organic-ground-cardamom\/#breadcrumb"},"inLanguage":"en-US","potentialAction":[{"@type":"ReadAction","target":["https:\/\/www.biopapa.lt\/en\/produktas\/organic-ground-cardamom\/"]}]},{"@type":"ImageObject","inLanguage":"en-US","@id":"https:\/\/www.biopapa.lt\/en\/produktas\/organic-ground-cardamom\/#primaryimage","url":"https:\/\/www.biopapa.lt\/wp-content\/uploads\/2021\/11\/Ekologiskas-maltas-kardamonas.jpg","contentUrl":"https:\/\/www.biopapa.lt\/wp-content\/uploads\/2021\/11\/Ekologiskas-maltas-kardamonas.jpg","width":800,"height":640,"caption":"Organic ground cardamom"},{"@type":"BreadcrumbList","@id":"https:\/\/www.biopapa.lt\/en\/produktas\/organic-ground-cardamom\/#breadcrumb","itemListElement":[{"@type":"ListItem","position":1,"name":"Home","item":"https:\/\/www.biopapa.lt\/en\/"},{"@type":"ListItem","position":2,"name":"Shop","item":"https:\/\/www.biopapa.lt\/en\/shop\/"},{"@type":"ListItem","position":3,"name":"Organic ground cardamom"}]},{"@type":"WebSite","@id":"https:\/\/www.biopapa.lt\/#website","url":"https:\/\/www.biopapa.lt\/","name":"Biopapa","description":"\u0160var\u016bs ekologi\u0161ki produktai","publisher":{"@id":"https:\/\/www.biopapa.lt\/#organization"},"potentialAction":[{"@type":"SearchAction","target":{"@type":"EntryPoint","urlTemplate":"https:\/\/www.biopapa.lt\/?s={search_term_string}"},"query-input":{"@type":"PropertyValueSpecification","valueRequired":true,"valueName":"search_term_string"}}],"inLanguage":"en-US"},{"@type":"Organization","@id":"https:\/\/www.biopapa.lt\/#organization","name":"Biopapa","url":"https:\/\/www.biopapa.lt\/","logo":{"@type":"ImageObject","inLanguage":"en-US","@id":"https:\/\/www.biopapa.lt\/#\/schema\/logo\/image\/","url":"https:\/\/www.biopapa.lt\/wp-content\/uploads\/2022\/04\/facebook_biopapa.jpg","contentUrl":"https:\/\/www.biopapa.lt\/wp-content\/uploads\/2022\/04\/facebook_biopapa.jpg","width":1733,"height":907,"caption":"Biopapa"},"image":{"@id":"https:\/\/www.biopapa.lt\/#\/schema\/logo\/image\/"},"sameAs":["https:\/\/www.facebook.com\/biopapa.lt"]}]}},"_links":{"self":[{"href":"https:\/\/www.biopapa.lt\/en\/wp-json\/wp\/v2\/product\/33642","targetHints":{"allow":["GET"]}}],"collection":[{"href":"https:\/\/www.biopapa.lt\/en\/wp-json\/wp\/v2\/product"}],"about":[{"href":"https:\/\/www.biopapa.lt\/en\/wp-json\/wp\/v2\/types\/product"}],"wp:featuredmedia":[{"embeddable":true,"href":"https:\/\/www.biopapa.lt\/en\/wp-json\/wp\/v2\/media\/28815"}],"wp:attachment":[{"href":"https:\/\/www.biopapa.lt\/en\/wp-json\/wp\/v2\/media?parent=33642"}],"wp:term":[{"taxonomy":"product_brand","embeddable":true,"href":"https:\/\/www.biopapa.lt\/en\/wp-json\/wp\/v2\/product_brand?post=33642"},{"taxonomy":"product_cat","embeddable":true,"href":"https:\/\/www.biopapa.lt\/en\/wp-json\/wp\/v2\/product_cat?post=33642"},{"taxonomy":"product_tag","embeddable":true,"href":"https:\/\/www.biopapa.lt\/en\/wp-json\/wp\/v2\/product_tag?post=33642"}],"curies":[{"name":"wp","href":"https:\/\/api.w.org\/{rel}","templated":true}]}}