{"id":33634,"date":"2021-11-11T18:03:59","date_gmt":"2021-11-11T16:03:59","guid":{"rendered":"https:\/\/www.biopapa.lt\/produktas\/organic-caraway-seeds\/"},"modified":"2026-02-10T15:05:54","modified_gmt":"2026-02-10T13:05:54","slug":"organic-caraway","status":"publish","type":"product","link":"https:\/\/www.biopapa.lt\/en\/produktas\/organic-caraway\/","title":{"rendered":"Organic caraway seeds"},"content":{"rendered":"<p><strong>Organic caraway seeds<br \/>\n<\/strong>The health benefits of caraway seeds have been known since ancient times. In fact, caraway (carum carvi) is one of the oldest herbs and medicinal plants still used in Europe. Caraway seeds are not only healing but also have a long culinary and medicinal history.<br \/>\nWhat is caraway?<br \/>\nCaraway is a plant in the Apiaceae or Umbelliferae family. The Apiaceae family includes varieties of celery, carrots, fennel and parsley with aromatic qualities. Caraway is native to Europe, North Africa and West Asia.<br \/>\nCaraway is a biennial plant, and in its first year its leaves can be a great addition to soup or salads. Caraway can grow up to a metre tall with soft, feathery leaves. Caraway flowers bloom in white or pink blossoms from May to July, before they start to produce.<br \/>\nWhat are caraway seeds?<br \/>\nThe seeds and leaves of caraway are very similar to those of other plants in the celery family, which is why caraway seeds are sometimes confused with fennel and caraway.<br \/>\nThe seeds of caraway stand out, though only on close inspection. The crescent-shaped seeds of caraway seeds are darker in colour and smoother than those of cumin. Cumin seeds are also more bitter than caraway seeds. The aroma of caraway seeds can be described as slightly minty or peppery.<br \/>\nWhat does caraway taste like?<br \/>\nCaraway seeds have an aniseed flavour, although less pronounced than the aniseed flavour of fennel seeds. Caraway seeds also have a grassy bitterness with strong aromatic qualities. That&#8217;s why cumin is a common savoury spice in traditional European cuisine and baked goods.<br \/>\nHow are cumin seeds used?<br \/>\nCumin has long been used by people both as a culinary and medicinal herb. In fact, people started collecting caraway seeds in the Neolithic period. In the Middle Ages, people used cumin as a digestive stimulant after large feasts to prevent bloating and other digestive problems.<br \/>\nIn addition to its many culinary uses, cumin is scientifically recognised for its medicinal properties.<br \/>\nCooking uses of cumin<br \/>\nCumin is popular in traditional European cuisine as a seasoning for cabbage dishes, sauerkraut, bread, onion pie, baked potatoes and more.<br \/>\nCumin has been believed to improve the health of those who include cumin in their diet.<br \/>\nCumin has been reported to possibly improve digestion, reduce bloating and help promote a healthy appetite.<\/p>\n<p>Cumin tea recipe<br \/>\nIngredients:<br \/>\n1 teaspoon crushed cumin seeds,<br \/>\n200 &#8211; 300 ml cup of hot water,<br \/>\nPreparation:<br \/>\nCrush or grind the cumin seeds in a pestle. Crushing the cumin helps to release the essential oils and rich flavour.<br \/>\nUse 1 teaspoon of crushed caraway per cup of hot water. Leave for 10 minutes to swell.<br \/>\nDo not brew tea or use boiling water to avoid damaging the essential oils.<br \/>\nThis tea supports healthy digestion, especially after meals.<\/p>\n<p>For more complete digestion, mix equal parts caraway, peppermint and chamomile. This blend is an ideal combination for the whole digestive tract.<\/p>\n<p>For more information see:<br \/>\n1. <a href=\"https:\/\/www.organicfacts.net\/caraway.html\">Organicfacts<\/a><br \/>\n2. <a href=\"https:\/\/www.ncbi.nlm.nih.gov\/pmc\/articles\/PMC6328425\/\">NationalLibraryOfMedicine<\/a><\/p>\n<p><em>NOTE. The information contained herein should not be construed as a recommendation for treatment or other health issues. We encourage you to make personal decisions about your personal health, taking into account a wide range of sources of information.<\/em><\/p>\n","protected":false},"excerpt":{"rendered":"<p>Organic caraway seeds The health benefits of caraway seeds have been known since ancient times. In fact, caraway (carum carvi)<\/p>\n","protected":false},"featured_media":28855,"template":"","meta":{"_acf_changed":false},"product_brand":[],"product_cat":[1853],"product_tag":[2088],"class_list":{"0":"post-33634","1":"product","2":"type-product","3":"status-publish","4":"has-post-thumbnail","6":"product_cat-spices","7":"product_tag-vegan","8":"pa_svoris-1-kg-en-2","9":"pa_svoris-100-g-en-2","10":"pa_svoris-200-g-en","11":"pa_svoris-25-g-en","12":"pa_svoris-25-kg-en","13":"pa_svoris-300-g-en","14":"pa_svoris-400-g-en","15":"pa_svoris-50-g-en","16":"pa_svoris-500-g-en-2","18":"first","19":"instock","20":"shipping-taxable","21":"purchasable","22":"product-type-variable"},"acf":[],"yoast_head":"<!-- This site is optimized with the Yoast SEO plugin v27.5 - https:\/\/yoast.com\/product\/yoast-seo-wordpress\/ -->\n<title>Organic caraway seeds - Biopapa<\/title>\n<meta name=\"description\" content=\"The health benefits of caraway seeds have been known since ancient times. In fact, caraway is one of the oldest herbs and medicinal plants still used in Europe. Caraway seeds are not only healing but also have a long culinary and medicinal history.\" \/>\n<meta name=\"robots\" content=\"index, follow, max-snippet:-1, max-image-preview:large, max-video-preview:-1\" \/>\n<link rel=\"canonical\" href=\"https:\/\/www.biopapa.lt\/en\/produktas\/organic-caraway\/\" \/>\n<meta property=\"og:locale\" content=\"en_US\" \/>\n<meta property=\"og:type\" content=\"article\" \/>\n<meta property=\"og:title\" content=\"Organic caraway seeds - Biopapa\" \/>\n<meta property=\"og:description\" content=\"The health benefits of caraway seeds have been known since ancient times. In fact, caraway is one of the oldest herbs and medicinal plants still used in Europe. Caraway seeds are not only healing but also have a long culinary and medicinal history.\" \/>\n<meta property=\"og:url\" content=\"https:\/\/www.biopapa.lt\/en\/produktas\/organic-caraway\/\" \/>\n<meta property=\"og:site_name\" content=\"Biopapa\" \/>\n<meta property=\"article:publisher\" content=\"https:\/\/www.facebook.com\/biopapa.lt\" \/>\n<meta property=\"article:modified_time\" content=\"2026-02-10T13:05:54+00:00\" \/>\n<meta property=\"og:image\" content=\"https:\/\/www.biopapa.lt\/wp-content\/uploads\/2021\/11\/Ekologiski-kmynai.jpg\" \/>\n\t<meta property=\"og:image:width\" content=\"800\" \/>\n\t<meta property=\"og:image:height\" content=\"640\" \/>\n\t<meta property=\"og:image:type\" content=\"image\/jpeg\" \/>\n<meta name=\"twitter:card\" content=\"summary_large_image\" \/>\n<script type=\"application\/ld+json\" class=\"yoast-schema-graph\">{\"@context\":\"https:\\\/\\\/schema.org\",\"@graph\":[{\"@type\":\"WebPage\",\"@id\":\"https:\\\/\\\/www.biopapa.lt\\\/en\\\/produktas\\\/organic-caraway\\\/\",\"url\":\"https:\\\/\\\/www.biopapa.lt\\\/en\\\/produktas\\\/organic-caraway\\\/\",\"name\":\"Organic caraway seeds - Biopapa\",\"isPartOf\":{\"@id\":\"https:\\\/\\\/www.biopapa.lt\\\/#website\"},\"primaryImageOfPage\":{\"@id\":\"https:\\\/\\\/www.biopapa.lt\\\/en\\\/produktas\\\/organic-caraway\\\/#primaryimage\"},\"image\":{\"@id\":\"https:\\\/\\\/www.biopapa.lt\\\/en\\\/produktas\\\/organic-caraway\\\/#primaryimage\"},\"thumbnailUrl\":\"https:\\\/\\\/www.biopapa.lt\\\/wp-content\\\/uploads\\\/2021\\\/11\\\/Ekologiski-kmynai.jpg\",\"datePublished\":\"2021-11-11T16:03:59+00:00\",\"dateModified\":\"2026-02-10T13:05:54+00:00\",\"description\":\"The health benefits of caraway seeds have been known since ancient times. In fact, caraway is one of the oldest herbs and medicinal plants still used in Europe. Caraway seeds are not only healing but also have a long culinary and medicinal history.\",\"breadcrumb\":{\"@id\":\"https:\\\/\\\/www.biopapa.lt\\\/en\\\/produktas\\\/organic-caraway\\\/#breadcrumb\"},\"inLanguage\":\"en-US\",\"potentialAction\":[{\"@type\":\"ReadAction\",\"target\":[\"https:\\\/\\\/www.biopapa.lt\\\/en\\\/produktas\\\/organic-caraway\\\/\"]}]},{\"@type\":\"ImageObject\",\"inLanguage\":\"en-US\",\"@id\":\"https:\\\/\\\/www.biopapa.lt\\\/en\\\/produktas\\\/organic-caraway\\\/#primaryimage\",\"url\":\"https:\\\/\\\/www.biopapa.lt\\\/wp-content\\\/uploads\\\/2021\\\/11\\\/Ekologiski-kmynai.jpg\",\"contentUrl\":\"https:\\\/\\\/www.biopapa.lt\\\/wp-content\\\/uploads\\\/2021\\\/11\\\/Ekologiski-kmynai.jpg\",\"width\":800,\"height\":640,\"caption\":\"Organic caraway seeds\"},{\"@type\":\"BreadcrumbList\",\"@id\":\"https:\\\/\\\/www.biopapa.lt\\\/en\\\/produktas\\\/organic-caraway\\\/#breadcrumb\",\"itemListElement\":[{\"@type\":\"ListItem\",\"position\":1,\"name\":\"Home\",\"item\":\"https:\\\/\\\/www.biopapa.lt\\\/en\\\/\"},{\"@type\":\"ListItem\",\"position\":2,\"name\":\"Shop\",\"item\":\"https:\\\/\\\/www.biopapa.lt\\\/en\\\/shop\\\/\"},{\"@type\":\"ListItem\",\"position\":3,\"name\":\"Organic caraway seeds\"}]},{\"@type\":\"WebSite\",\"@id\":\"https:\\\/\\\/www.biopapa.lt\\\/#website\",\"url\":\"https:\\\/\\\/www.biopapa.lt\\\/\",\"name\":\"Biopapa\",\"description\":\"\u0160var\u016bs ekologi\u0161ki produktai\",\"publisher\":{\"@id\":\"https:\\\/\\\/www.biopapa.lt\\\/#organization\"},\"potentialAction\":[{\"@type\":\"SearchAction\",\"target\":{\"@type\":\"EntryPoint\",\"urlTemplate\":\"https:\\\/\\\/www.biopapa.lt\\\/?s={search_term_string}\"},\"query-input\":{\"@type\":\"PropertyValueSpecification\",\"valueRequired\":true,\"valueName\":\"search_term_string\"}}],\"inLanguage\":\"en-US\"},{\"@type\":\"Organization\",\"@id\":\"https:\\\/\\\/www.biopapa.lt\\\/#organization\",\"name\":\"Biopapa\",\"url\":\"https:\\\/\\\/www.biopapa.lt\\\/\",\"logo\":{\"@type\":\"ImageObject\",\"inLanguage\":\"en-US\",\"@id\":\"https:\\\/\\\/www.biopapa.lt\\\/#\\\/schema\\\/logo\\\/image\\\/\",\"url\":\"https:\\\/\\\/www.biopapa.lt\\\/wp-content\\\/uploads\\\/2022\\\/04\\\/facebook_biopapa.jpg\",\"contentUrl\":\"https:\\\/\\\/www.biopapa.lt\\\/wp-content\\\/uploads\\\/2022\\\/04\\\/facebook_biopapa.jpg\",\"width\":1733,\"height\":907,\"caption\":\"Biopapa\"},\"image\":{\"@id\":\"https:\\\/\\\/www.biopapa.lt\\\/#\\\/schema\\\/logo\\\/image\\\/\"},\"sameAs\":[\"https:\\\/\\\/www.facebook.com\\\/biopapa.lt\"]}]}<\/script>\n<!-- \/ Yoast SEO plugin. -->","yoast_head_json":{"title":"Organic caraway seeds - Biopapa","description":"The health benefits of caraway seeds have been known since ancient times. In fact, caraway is one of the oldest herbs and medicinal plants still used in Europe. Caraway seeds are not only healing but also have a long culinary and medicinal history.","robots":{"index":"index","follow":"follow","max-snippet":"max-snippet:-1","max-image-preview":"max-image-preview:large","max-video-preview":"max-video-preview:-1"},"canonical":"https:\/\/www.biopapa.lt\/en\/produktas\/organic-caraway\/","og_locale":"en_US","og_type":"article","og_title":"Organic caraway seeds - Biopapa","og_description":"The health benefits of caraway seeds have been known since ancient times. In fact, caraway is one of the oldest herbs and medicinal plants still used in Europe. Caraway seeds are not only healing but also have a long culinary and medicinal history.","og_url":"https:\/\/www.biopapa.lt\/en\/produktas\/organic-caraway\/","og_site_name":"Biopapa","article_publisher":"https:\/\/www.facebook.com\/biopapa.lt","article_modified_time":"2026-02-10T13:05:54+00:00","og_image":[{"width":800,"height":640,"url":"https:\/\/www.biopapa.lt\/wp-content\/uploads\/2021\/11\/Ekologiski-kmynai.jpg","type":"image\/jpeg"}],"twitter_card":"summary_large_image","schema":{"@context":"https:\/\/schema.org","@graph":[{"@type":"WebPage","@id":"https:\/\/www.biopapa.lt\/en\/produktas\/organic-caraway\/","url":"https:\/\/www.biopapa.lt\/en\/produktas\/organic-caraway\/","name":"Organic caraway seeds - Biopapa","isPartOf":{"@id":"https:\/\/www.biopapa.lt\/#website"},"primaryImageOfPage":{"@id":"https:\/\/www.biopapa.lt\/en\/produktas\/organic-caraway\/#primaryimage"},"image":{"@id":"https:\/\/www.biopapa.lt\/en\/produktas\/organic-caraway\/#primaryimage"},"thumbnailUrl":"https:\/\/www.biopapa.lt\/wp-content\/uploads\/2021\/11\/Ekologiski-kmynai.jpg","datePublished":"2021-11-11T16:03:59+00:00","dateModified":"2026-02-10T13:05:54+00:00","description":"The health benefits of caraway seeds have been known since ancient times. In fact, caraway is one of the oldest herbs and medicinal plants still used in Europe. Caraway seeds are not only healing but also have a long culinary and medicinal history.","breadcrumb":{"@id":"https:\/\/www.biopapa.lt\/en\/produktas\/organic-caraway\/#breadcrumb"},"inLanguage":"en-US","potentialAction":[{"@type":"ReadAction","target":["https:\/\/www.biopapa.lt\/en\/produktas\/organic-caraway\/"]}]},{"@type":"ImageObject","inLanguage":"en-US","@id":"https:\/\/www.biopapa.lt\/en\/produktas\/organic-caraway\/#primaryimage","url":"https:\/\/www.biopapa.lt\/wp-content\/uploads\/2021\/11\/Ekologiski-kmynai.jpg","contentUrl":"https:\/\/www.biopapa.lt\/wp-content\/uploads\/2021\/11\/Ekologiski-kmynai.jpg","width":800,"height":640,"caption":"Organic caraway seeds"},{"@type":"BreadcrumbList","@id":"https:\/\/www.biopapa.lt\/en\/produktas\/organic-caraway\/#breadcrumb","itemListElement":[{"@type":"ListItem","position":1,"name":"Home","item":"https:\/\/www.biopapa.lt\/en\/"},{"@type":"ListItem","position":2,"name":"Shop","item":"https:\/\/www.biopapa.lt\/en\/shop\/"},{"@type":"ListItem","position":3,"name":"Organic caraway seeds"}]},{"@type":"WebSite","@id":"https:\/\/www.biopapa.lt\/#website","url":"https:\/\/www.biopapa.lt\/","name":"Biopapa","description":"\u0160var\u016bs ekologi\u0161ki produktai","publisher":{"@id":"https:\/\/www.biopapa.lt\/#organization"},"potentialAction":[{"@type":"SearchAction","target":{"@type":"EntryPoint","urlTemplate":"https:\/\/www.biopapa.lt\/?s={search_term_string}"},"query-input":{"@type":"PropertyValueSpecification","valueRequired":true,"valueName":"search_term_string"}}],"inLanguage":"en-US"},{"@type":"Organization","@id":"https:\/\/www.biopapa.lt\/#organization","name":"Biopapa","url":"https:\/\/www.biopapa.lt\/","logo":{"@type":"ImageObject","inLanguage":"en-US","@id":"https:\/\/www.biopapa.lt\/#\/schema\/logo\/image\/","url":"https:\/\/www.biopapa.lt\/wp-content\/uploads\/2022\/04\/facebook_biopapa.jpg","contentUrl":"https:\/\/www.biopapa.lt\/wp-content\/uploads\/2022\/04\/facebook_biopapa.jpg","width":1733,"height":907,"caption":"Biopapa"},"image":{"@id":"https:\/\/www.biopapa.lt\/#\/schema\/logo\/image\/"},"sameAs":["https:\/\/www.facebook.com\/biopapa.lt"]}]}},"_links":{"self":[{"href":"https:\/\/www.biopapa.lt\/en\/wp-json\/wp\/v2\/product\/33634","targetHints":{"allow":["GET"]}}],"collection":[{"href":"https:\/\/www.biopapa.lt\/en\/wp-json\/wp\/v2\/product"}],"about":[{"href":"https:\/\/www.biopapa.lt\/en\/wp-json\/wp\/v2\/types\/product"}],"wp:featuredmedia":[{"embeddable":true,"href":"https:\/\/www.biopapa.lt\/en\/wp-json\/wp\/v2\/media\/28855"}],"wp:attachment":[{"href":"https:\/\/www.biopapa.lt\/en\/wp-json\/wp\/v2\/media?parent=33634"}],"wp:term":[{"taxonomy":"product_brand","embeddable":true,"href":"https:\/\/www.biopapa.lt\/en\/wp-json\/wp\/v2\/product_brand?post=33634"},{"taxonomy":"product_cat","embeddable":true,"href":"https:\/\/www.biopapa.lt\/en\/wp-json\/wp\/v2\/product_cat?post=33634"},{"taxonomy":"product_tag","embeddable":true,"href":"https:\/\/www.biopapa.lt\/en\/wp-json\/wp\/v2\/product_tag?post=33634"}],"curies":[{"name":"wp","href":"https:\/\/api.w.org\/{rel}","templated":true}]}}