{"id":33597,"date":"2022-03-15T22:21:15","date_gmt":"2022-03-15T20:21:15","guid":{"rendered":"https:\/\/www.biopapa.lt\/produktas\/organic-moringa-leaves-chopped\/"},"modified":"2026-02-03T14:51:28","modified_gmt":"2026-02-03T12:51:28","slug":"organic-moringa-leaves-chopped","status":"publish","type":"product","link":"https:\/\/www.biopapa.lt\/en\/produktas\/organic-moringa-leaves-chopped\/","title":{"rendered":"Organic moringa leaves (chopped)"},"content":{"rendered":"<p><strong>Moringa<\/strong> (<em>Moringa oleifera<\/em>), also known as the &#8220;miracle tree&#8221;, whose roots, stems, leaves, seed pods, resin and flowers have long been considered medicinal. Moringa is native to the Himalayan mountain region, especially in India, and later spread to Southwest Asia, Southwest and Northeast Africa, Madagascar, the Philippines and the USA.<br \/>\nBoth <a href=\"https:\/\/www.biopapa.lt\/en\/produktas\/eco-friendly-moringa-leaf-powder\/\"><strong>moringa powder<\/strong><\/a>and dried <strong><em>moringa leaves<\/em> <\/strong>come from the same source, the Moringa oleifera tree, but differ in preparation, texture and use.<br \/>\nMoringa powder is made by drying fresh moringa leaves at low temperatures to preserve the nutrients. The dried leaves are then ground into a fine powder, thus preserving the nutrients.<br \/>\nDried moringa leaves are obtained by drying the fresh leaves in the air until they become crisp and brittle.  Like moringa powder, dried moringa leaves are rich in nutrients and contain essential vitamins and minerals. However, they may contain a slightly lower concentration of nutrients compared to the nutrient content of moringa powder.<\/p>\n<p>In Ayurveda and other traditional medicine systems, moringa leaves have been used to alleviate various health conditions.<\/p>\n<p>They contain essential vitamins including vitamin A, vitamin C, vitamin E and vitamin B. They are also rich in minerals such as calcium, zinc, iron, potassium and magnesium.<br \/>\nThe nutrient content of moringa can provide a natural energy boost, fight fatigue and promote vitality.<br \/>\nTraditionally, crushed moringa leaves have been used to purify water because of their natural flocculant (coagulant) properties, which can help remove dirt and pathogens from water.<\/p>\n<p><em>Caution<\/em><br \/>\nWomen who are pregnant or breastfeeding, as well as people taking medication or with specific medical conditions, should not take moringa in large quantities.<br \/>\nAs with any food, moderation is the key.<\/p>\n<p>Moringa leaves have many health benefits and can have a positive effect on overall well-being. Moringa leaves&#8217; excellent nutrient content and versatile use in a wide range of culinary preparations make them an affordable and convenient way to increase the value of a healthy diet.<\/p>\n<p><em>Uses<\/em><br \/>\nIncorporating moringa leaves into a healthy diet. They can be added to a variety of dishes and drinks to increase their nutritional value.<br \/>\nHere are some ways:<br \/>\nSoups and stews &#8211; add chopped moringa leaves to soups or stews to increase their nutritional value.<br \/>\nBaked goods &#8211; add chopped moringa leaves to muffins, bread or pancakes.<br \/>\nTea &#8211; brew chopped moringa leaves in hot water for a soothing and healthy herbal tea. <\/p>\n<p>The recommended daily intake is 3-6 g (1-2 teaspoons).<\/p>\n<p>Let food be your medicine!<\/p>\n<p>Sources<br \/>\nwww.webmd.com<br \/>\nwww.mindbodygreen.com<\/p>\n<p><em>NOTE. The information contained herein should not be construed as a recommendation for treatment or other health issues.<\/em><br \/>\n<em>We encourage you to make personal decisions about your personal health, taking into account a wide range of sources of information.<\/em><\/p>\n","protected":false},"excerpt":{"rendered":"<p>Moringa (Moringa oleifera), also known as the &#8220;miracle tree&#8221;, whose roots, stems, leaves, seed pods, resin and flowers have long<\/p>\n","protected":false},"featured_media":29103,"template":"","meta":{"_acf_changed":false},"product_brand":[],"product_cat":[1853,1945,1847],"product_tag":[2072,2024,2088],"class_list":{"0":"post-33597","1":"product","2":"type-product","3":"status-publish","4":"has-post-thumbnail","6":"product_cat-spices","7":"product_cat-tea","8":"product_cat-tea-coffee-cocoa-en","9":"product_tag-spices","10":"product_tag-tea","11":"product_tag-vegan","12":"pa_svoris-1-kg-en-2","13":"pa_svoris-100-g-en-2","14":"pa_svoris-200-g-en","15":"pa_svoris-300-g-en","16":"pa_svoris-400-g-en","17":"pa_svoris-50-g-en","18":"pa_svoris-500-g-en-2","19":"pa_svoris-6-kg-en","21":"first","22":"instock","23":"shipping-taxable","24":"purchasable","25":"product-type-variable"},"acf":[],"yoast_head":"<!-- This site is optimized with the Yoast SEO plugin v27.5 - https:\/\/yoast.com\/product\/yoast-seo-wordpress\/ -->\n<title>Organic moringa leaves (chopped) - Biopapa<\/title>\n<meta name=\"description\" content=\"Organic moringa leaves are obtained by air-drying fresh leaves until they become crisp and brittle. Like moringa powder, dried moringa leaves are rich in nutrients and contain essential vitamins and minerals.\" \/>\n<meta name=\"robots\" content=\"index, follow, max-snippet:-1, max-image-preview:large, max-video-preview:-1\" \/>\n<link rel=\"canonical\" href=\"https:\/\/www.biopapa.lt\/en\/produktas\/organic-moringa-leaves-chopped\/\" \/>\n<meta property=\"og:locale\" content=\"en_US\" \/>\n<meta property=\"og:type\" content=\"article\" \/>\n<meta property=\"og:title\" content=\"Organic moringa leaves (chopped) - Biopapa\" \/>\n<meta property=\"og:description\" content=\"Organic moringa leaves are obtained by air-drying fresh leaves until they become crisp and brittle. Like moringa powder, dried moringa leaves are rich in nutrients and contain essential vitamins and minerals.\" \/>\n<meta property=\"og:url\" content=\"https:\/\/www.biopapa.lt\/en\/produktas\/organic-moringa-leaves-chopped\/\" \/>\n<meta property=\"og:site_name\" content=\"Biopapa\" \/>\n<meta property=\"article:publisher\" content=\"https:\/\/www.facebook.com\/biopapa.lt\" \/>\n<meta property=\"article:modified_time\" content=\"2026-02-03T12:51:28+00:00\" \/>\n<meta property=\"og:image\" content=\"https:\/\/www.biopapa.lt\/wp-content\/uploads\/2022\/03\/779A8968-1-scaled.jpg\" \/>\n\t<meta property=\"og:image:width\" content=\"2560\" \/>\n\t<meta property=\"og:image:height\" content=\"2048\" \/>\n\t<meta property=\"og:image:type\" content=\"image\/jpeg\" \/>\n<meta name=\"twitter:card\" content=\"summary_large_image\" \/>\n<script type=\"application\/ld+json\" class=\"yoast-schema-graph\">{\"@context\":\"https:\\\/\\\/schema.org\",\"@graph\":[{\"@type\":\"WebPage\",\"@id\":\"https:\\\/\\\/www.biopapa.lt\\\/en\\\/produktas\\\/organic-moringa-leaves-chopped\\\/\",\"url\":\"https:\\\/\\\/www.biopapa.lt\\\/en\\\/produktas\\\/organic-moringa-leaves-chopped\\\/\",\"name\":\"Organic moringa leaves (chopped) - Biopapa\",\"isPartOf\":{\"@id\":\"https:\\\/\\\/www.biopapa.lt\\\/#website\"},\"primaryImageOfPage\":{\"@id\":\"https:\\\/\\\/www.biopapa.lt\\\/en\\\/produktas\\\/organic-moringa-leaves-chopped\\\/#primaryimage\"},\"image\":{\"@id\":\"https:\\\/\\\/www.biopapa.lt\\\/en\\\/produktas\\\/organic-moringa-leaves-chopped\\\/#primaryimage\"},\"thumbnailUrl\":\"https:\\\/\\\/www.biopapa.lt\\\/wp-content\\\/uploads\\\/2022\\\/03\\\/779A8968-1-scaled.jpg\",\"datePublished\":\"2022-03-15T20:21:15+00:00\",\"dateModified\":\"2026-02-03T12:51:28+00:00\",\"description\":\"Organic moringa leaves are obtained by air-drying fresh leaves until they become crisp and brittle. Like moringa powder, dried moringa leaves are rich in nutrients and contain essential vitamins and minerals.\",\"breadcrumb\":{\"@id\":\"https:\\\/\\\/www.biopapa.lt\\\/en\\\/produktas\\\/organic-moringa-leaves-chopped\\\/#breadcrumb\"},\"inLanguage\":\"en-US\",\"potentialAction\":[{\"@type\":\"ReadAction\",\"target\":[\"https:\\\/\\\/www.biopapa.lt\\\/en\\\/produktas\\\/organic-moringa-leaves-chopped\\\/\"]}]},{\"@type\":\"ImageObject\",\"inLanguage\":\"en-US\",\"@id\":\"https:\\\/\\\/www.biopapa.lt\\\/en\\\/produktas\\\/organic-moringa-leaves-chopped\\\/#primaryimage\",\"url\":\"https:\\\/\\\/www.biopapa.lt\\\/wp-content\\\/uploads\\\/2022\\\/03\\\/779A8968-1-scaled.jpg\",\"contentUrl\":\"https:\\\/\\\/www.biopapa.lt\\\/wp-content\\\/uploads\\\/2022\\\/03\\\/779A8968-1-scaled.jpg\",\"width\":2560,\"height\":2048,\"caption\":\"Organic moringa leaves (chopped)\"},{\"@type\":\"BreadcrumbList\",\"@id\":\"https:\\\/\\\/www.biopapa.lt\\\/en\\\/produktas\\\/organic-moringa-leaves-chopped\\\/#breadcrumb\",\"itemListElement\":[{\"@type\":\"ListItem\",\"position\":1,\"name\":\"Home\",\"item\":\"https:\\\/\\\/www.biopapa.lt\\\/en\\\/\"},{\"@type\":\"ListItem\",\"position\":2,\"name\":\"Shop\",\"item\":\"https:\\\/\\\/www.biopapa.lt\\\/en\\\/shop\\\/\"},{\"@type\":\"ListItem\",\"position\":3,\"name\":\"Organic moringa leaves (chopped)\"}]},{\"@type\":\"WebSite\",\"@id\":\"https:\\\/\\\/www.biopapa.lt\\\/#website\",\"url\":\"https:\\\/\\\/www.biopapa.lt\\\/\",\"name\":\"Biopapa\",\"description\":\"\u0160var\u016bs ekologi\u0161ki produktai\",\"publisher\":{\"@id\":\"https:\\\/\\\/www.biopapa.lt\\\/#organization\"},\"potentialAction\":[{\"@type\":\"SearchAction\",\"target\":{\"@type\":\"EntryPoint\",\"urlTemplate\":\"https:\\\/\\\/www.biopapa.lt\\\/?s={search_term_string}\"},\"query-input\":{\"@type\":\"PropertyValueSpecification\",\"valueRequired\":true,\"valueName\":\"search_term_string\"}}],\"inLanguage\":\"en-US\"},{\"@type\":\"Organization\",\"@id\":\"https:\\\/\\\/www.biopapa.lt\\\/#organization\",\"name\":\"Biopapa\",\"url\":\"https:\\\/\\\/www.biopapa.lt\\\/\",\"logo\":{\"@type\":\"ImageObject\",\"inLanguage\":\"en-US\",\"@id\":\"https:\\\/\\\/www.biopapa.lt\\\/#\\\/schema\\\/logo\\\/image\\\/\",\"url\":\"https:\\\/\\\/www.biopapa.lt\\\/wp-content\\\/uploads\\\/2022\\\/04\\\/facebook_biopapa.jpg\",\"contentUrl\":\"https:\\\/\\\/www.biopapa.lt\\\/wp-content\\\/uploads\\\/2022\\\/04\\\/facebook_biopapa.jpg\",\"width\":1733,\"height\":907,\"caption\":\"Biopapa\"},\"image\":{\"@id\":\"https:\\\/\\\/www.biopapa.lt\\\/#\\\/schema\\\/logo\\\/image\\\/\"},\"sameAs\":[\"https:\\\/\\\/www.facebook.com\\\/biopapa.lt\"]}]}<\/script>\n<!-- \/ Yoast SEO plugin. -->","yoast_head_json":{"title":"Organic moringa leaves (chopped) - Biopapa","description":"Organic moringa leaves are obtained by air-drying fresh leaves until they become crisp and brittle. Like moringa powder, dried moringa leaves are rich in nutrients and contain essential vitamins and minerals.","robots":{"index":"index","follow":"follow","max-snippet":"max-snippet:-1","max-image-preview":"max-image-preview:large","max-video-preview":"max-video-preview:-1"},"canonical":"https:\/\/www.biopapa.lt\/en\/produktas\/organic-moringa-leaves-chopped\/","og_locale":"en_US","og_type":"article","og_title":"Organic moringa leaves (chopped) - Biopapa","og_description":"Organic moringa leaves are obtained by air-drying fresh leaves until they become crisp and brittle. Like moringa powder, dried moringa leaves are rich in nutrients and contain essential vitamins and minerals.","og_url":"https:\/\/www.biopapa.lt\/en\/produktas\/organic-moringa-leaves-chopped\/","og_site_name":"Biopapa","article_publisher":"https:\/\/www.facebook.com\/biopapa.lt","article_modified_time":"2026-02-03T12:51:28+00:00","og_image":[{"width":2560,"height":2048,"url":"https:\/\/www.biopapa.lt\/wp-content\/uploads\/2022\/03\/779A8968-1-scaled.jpg","type":"image\/jpeg"}],"twitter_card":"summary_large_image","schema":{"@context":"https:\/\/schema.org","@graph":[{"@type":"WebPage","@id":"https:\/\/www.biopapa.lt\/en\/produktas\/organic-moringa-leaves-chopped\/","url":"https:\/\/www.biopapa.lt\/en\/produktas\/organic-moringa-leaves-chopped\/","name":"Organic moringa leaves (chopped) - Biopapa","isPartOf":{"@id":"https:\/\/www.biopapa.lt\/#website"},"primaryImageOfPage":{"@id":"https:\/\/www.biopapa.lt\/en\/produktas\/organic-moringa-leaves-chopped\/#primaryimage"},"image":{"@id":"https:\/\/www.biopapa.lt\/en\/produktas\/organic-moringa-leaves-chopped\/#primaryimage"},"thumbnailUrl":"https:\/\/www.biopapa.lt\/wp-content\/uploads\/2022\/03\/779A8968-1-scaled.jpg","datePublished":"2022-03-15T20:21:15+00:00","dateModified":"2026-02-03T12:51:28+00:00","description":"Organic moringa leaves are obtained by air-drying fresh leaves until they become crisp and brittle. Like moringa powder, dried moringa leaves are rich in nutrients and contain essential vitamins and minerals.","breadcrumb":{"@id":"https:\/\/www.biopapa.lt\/en\/produktas\/organic-moringa-leaves-chopped\/#breadcrumb"},"inLanguage":"en-US","potentialAction":[{"@type":"ReadAction","target":["https:\/\/www.biopapa.lt\/en\/produktas\/organic-moringa-leaves-chopped\/"]}]},{"@type":"ImageObject","inLanguage":"en-US","@id":"https:\/\/www.biopapa.lt\/en\/produktas\/organic-moringa-leaves-chopped\/#primaryimage","url":"https:\/\/www.biopapa.lt\/wp-content\/uploads\/2022\/03\/779A8968-1-scaled.jpg","contentUrl":"https:\/\/www.biopapa.lt\/wp-content\/uploads\/2022\/03\/779A8968-1-scaled.jpg","width":2560,"height":2048,"caption":"Organic moringa leaves (chopped)"},{"@type":"BreadcrumbList","@id":"https:\/\/www.biopapa.lt\/en\/produktas\/organic-moringa-leaves-chopped\/#breadcrumb","itemListElement":[{"@type":"ListItem","position":1,"name":"Home","item":"https:\/\/www.biopapa.lt\/en\/"},{"@type":"ListItem","position":2,"name":"Shop","item":"https:\/\/www.biopapa.lt\/en\/shop\/"},{"@type":"ListItem","position":3,"name":"Organic moringa leaves (chopped)"}]},{"@type":"WebSite","@id":"https:\/\/www.biopapa.lt\/#website","url":"https:\/\/www.biopapa.lt\/","name":"Biopapa","description":"\u0160var\u016bs ekologi\u0161ki produktai","publisher":{"@id":"https:\/\/www.biopapa.lt\/#organization"},"potentialAction":[{"@type":"SearchAction","target":{"@type":"EntryPoint","urlTemplate":"https:\/\/www.biopapa.lt\/?s={search_term_string}"},"query-input":{"@type":"PropertyValueSpecification","valueRequired":true,"valueName":"search_term_string"}}],"inLanguage":"en-US"},{"@type":"Organization","@id":"https:\/\/www.biopapa.lt\/#organization","name":"Biopapa","url":"https:\/\/www.biopapa.lt\/","logo":{"@type":"ImageObject","inLanguage":"en-US","@id":"https:\/\/www.biopapa.lt\/#\/schema\/logo\/image\/","url":"https:\/\/www.biopapa.lt\/wp-content\/uploads\/2022\/04\/facebook_biopapa.jpg","contentUrl":"https:\/\/www.biopapa.lt\/wp-content\/uploads\/2022\/04\/facebook_biopapa.jpg","width":1733,"height":907,"caption":"Biopapa"},"image":{"@id":"https:\/\/www.biopapa.lt\/#\/schema\/logo\/image\/"},"sameAs":["https:\/\/www.facebook.com\/biopapa.lt"]}]}},"_links":{"self":[{"href":"https:\/\/www.biopapa.lt\/en\/wp-json\/wp\/v2\/product\/33597","targetHints":{"allow":["GET"]}}],"collection":[{"href":"https:\/\/www.biopapa.lt\/en\/wp-json\/wp\/v2\/product"}],"about":[{"href":"https:\/\/www.biopapa.lt\/en\/wp-json\/wp\/v2\/types\/product"}],"wp:featuredmedia":[{"embeddable":true,"href":"https:\/\/www.biopapa.lt\/en\/wp-json\/wp\/v2\/media\/29103"}],"wp:attachment":[{"href":"https:\/\/www.biopapa.lt\/en\/wp-json\/wp\/v2\/media?parent=33597"}],"wp:term":[{"taxonomy":"product_brand","embeddable":true,"href":"https:\/\/www.biopapa.lt\/en\/wp-json\/wp\/v2\/product_brand?post=33597"},{"taxonomy":"product_cat","embeddable":true,"href":"https:\/\/www.biopapa.lt\/en\/wp-json\/wp\/v2\/product_cat?post=33597"},{"taxonomy":"product_tag","embeddable":true,"href":"https:\/\/www.biopapa.lt\/en\/wp-json\/wp\/v2\/product_tag?post=33597"}],"curies":[{"name":"wp","href":"https:\/\/api.w.org\/{rel}","templated":true}]}}