{"id":33471,"date":"2022-11-28T12:23:45","date_gmt":"2022-11-28T10:23:45","guid":{"rendered":"https:\/\/www.biopapa.lt\/produktas\/organic-cardamom-pods\/"},"modified":"2025-06-16T10:54:00","modified_gmt":"2025-06-16T07:54:00","slug":"organic-cardamom-pods","status":"publish","type":"product","link":"https:\/\/www.biopapa.lt\/en\/produktas\/organic-cardamom-pods\/","title":{"rendered":"Organic cardamom pods"},"content":{"rendered":"<p><strong>Cardamom<\/strong> is a valuable and popular spice that flavours both food and drinks. Traditionally, cardamom is used to flavour coffee in many countries, and is added to sweets, biscuits and gingerbread (especially during the winter holidays). Cardamom is added to marinades, wine, spicy stews and seitan steaks.<br \/>\nCardamom has a refreshing effect, which is why, in ancient times, in some countries, cardamom was, and still is, chewed after meals to improve the breath.<\/p>\n<p>It is one of the most precious and expensive spices.<\/p>\n<p>&nbsp;<\/p>\n","protected":false},"excerpt":{"rendered":"<p>Cardamom is a valuable and popular spice that flavours both food and drinks. Traditionally, cardamom is used to flavour coffee<\/p>\n","protected":false},"featured_media":30271,"template":"","meta":{"_acf_changed":false},"product_brand":[],"product_cat":[1853],"product_tag":[2088],"class_list":{"0":"post-33471","1":"product","2":"type-product","3":"status-publish","4":"has-post-thumbnail","6":"product_cat-spices","7":"product_tag-vegan","8":"pa_svoris-1-kg-en-2","9":"pa_svoris-100-g-en-2","10":"pa_svoris-200-g-en","11":"pa_svoris-25-g-en","12":"pa_svoris-300-g-en","13":"pa_svoris-400-g-en","14":"pa_svoris-50-g-en","15":"pa_svoris-500-g-en-2","17":"first","18":"instock","19":"shipping-taxable","20":"purchasable","21":"product-type-variable"},"acf":[],"yoast_head":"<!-- This site is optimized with the Yoast SEO plugin v27.6 - https:\/\/yoast.com\/product\/yoast-seo-wordpress\/ -->\n<title>Organic cardamom pods - Biopapa<\/title>\n<meta name=\"description\" content=\"Cardamom is a valuable and popular spice that flavours both food and drinks.\" \/>\n<meta name=\"robots\" content=\"index, follow, max-snippet:-1, max-image-preview:large, max-video-preview:-1\" \/>\n<link rel=\"canonical\" href=\"https:\/\/www.biopapa.lt\/en\/produktas\/organic-cardamom-pods\/\" \/>\n<meta property=\"og:locale\" content=\"en_US\" \/>\n<meta property=\"og:type\" content=\"article\" \/>\n<meta property=\"og:title\" content=\"Organic cardamom pods - Biopapa\" \/>\n<meta property=\"og:description\" content=\"Cardamom is a valuable and popular spice that flavours both food and drinks.\" \/>\n<meta property=\"og:url\" content=\"https:\/\/www.biopapa.lt\/en\/produktas\/organic-cardamom-pods\/\" \/>\n<meta property=\"og:site_name\" content=\"Biopapa\" \/>\n<meta property=\"article:publisher\" content=\"https:\/\/www.facebook.com\/biopapa.lt\" \/>\n<meta property=\"article:modified_time\" content=\"2025-06-16T07:54:00+00:00\" \/>\n<meta property=\"og:image\" content=\"https:\/\/www.biopapa.lt\/wp-content\/uploads\/2022\/11\/Ekologiskos-kardamono-ankstys-1.png\" \/>\n\t<meta property=\"og:image:width\" content=\"800\" \/>\n\t<meta property=\"og:image:height\" content=\"640\" \/>\n\t<meta property=\"og:image:type\" content=\"image\/png\" \/>\n<meta name=\"twitter:card\" content=\"summary_large_image\" \/>\n<script type=\"application\/ld+json\" class=\"yoast-schema-graph\">{\"@context\":\"https:\\\/\\\/schema.org\",\"@graph\":[{\"@type\":\"WebPage\",\"@id\":\"https:\\\/\\\/www.biopapa.lt\\\/en\\\/produktas\\\/organic-cardamom-pods\\\/\",\"url\":\"https:\\\/\\\/www.biopapa.lt\\\/en\\\/produktas\\\/organic-cardamom-pods\\\/\",\"name\":\"Organic cardamom pods - Biopapa\",\"isPartOf\":{\"@id\":\"https:\\\/\\\/www.biopapa.lt\\\/#website\"},\"primaryImageOfPage\":{\"@id\":\"https:\\\/\\\/www.biopapa.lt\\\/en\\\/produktas\\\/organic-cardamom-pods\\\/#primaryimage\"},\"image\":{\"@id\":\"https:\\\/\\\/www.biopapa.lt\\\/en\\\/produktas\\\/organic-cardamom-pods\\\/#primaryimage\"},\"thumbnailUrl\":\"https:\\\/\\\/www.biopapa.lt\\\/wp-content\\\/uploads\\\/2022\\\/11\\\/Ekologiskos-kardamono-ankstys-1.png\",\"datePublished\":\"2022-11-28T10:23:45+00:00\",\"dateModified\":\"2025-06-16T07:54:00+00:00\",\"description\":\"Cardamom is a valuable and popular spice that flavours both food and drinks.\",\"breadcrumb\":{\"@id\":\"https:\\\/\\\/www.biopapa.lt\\\/en\\\/produktas\\\/organic-cardamom-pods\\\/#breadcrumb\"},\"inLanguage\":\"en-US\",\"potentialAction\":[{\"@type\":\"ReadAction\",\"target\":[\"https:\\\/\\\/www.biopapa.lt\\\/en\\\/produktas\\\/organic-cardamom-pods\\\/\"]}]},{\"@type\":\"ImageObject\",\"inLanguage\":\"en-US\",\"@id\":\"https:\\\/\\\/www.biopapa.lt\\\/en\\\/produktas\\\/organic-cardamom-pods\\\/#primaryimage\",\"url\":\"https:\\\/\\\/www.biopapa.lt\\\/wp-content\\\/uploads\\\/2022\\\/11\\\/Ekologiskos-kardamono-ankstys-1.png\",\"contentUrl\":\"https:\\\/\\\/www.biopapa.lt\\\/wp-content\\\/uploads\\\/2022\\\/11\\\/Ekologiskos-kardamono-ankstys-1.png\",\"width\":800,\"height\":640},{\"@type\":\"BreadcrumbList\",\"@id\":\"https:\\\/\\\/www.biopapa.lt\\\/en\\\/produktas\\\/organic-cardamom-pods\\\/#breadcrumb\",\"itemListElement\":[{\"@type\":\"ListItem\",\"position\":1,\"name\":\"Home\",\"item\":\"https:\\\/\\\/www.biopapa.lt\\\/en\\\/\"},{\"@type\":\"ListItem\",\"position\":2,\"name\":\"Shop\",\"item\":\"https:\\\/\\\/www.biopapa.lt\\\/en\\\/shop\\\/\"},{\"@type\":\"ListItem\",\"position\":3,\"name\":\"Organic cardamom pods\"}]},{\"@type\":\"WebSite\",\"@id\":\"https:\\\/\\\/www.biopapa.lt\\\/#website\",\"url\":\"https:\\\/\\\/www.biopapa.lt\\\/\",\"name\":\"Biopapa\",\"description\":\"\u0160var\u016bs ekologi\u0161ki produktai\",\"publisher\":{\"@id\":\"https:\\\/\\\/www.biopapa.lt\\\/#organization\"},\"potentialAction\":[{\"@type\":\"SearchAction\",\"target\":{\"@type\":\"EntryPoint\",\"urlTemplate\":\"https:\\\/\\\/www.biopapa.lt\\\/?s={search_term_string}\"},\"query-input\":{\"@type\":\"PropertyValueSpecification\",\"valueRequired\":true,\"valueName\":\"search_term_string\"}}],\"inLanguage\":\"en-US\"},{\"@type\":\"Organization\",\"@id\":\"https:\\\/\\\/www.biopapa.lt\\\/#organization\",\"name\":\"Biopapa\",\"url\":\"https:\\\/\\\/www.biopapa.lt\\\/\",\"logo\":{\"@type\":\"ImageObject\",\"inLanguage\":\"en-US\",\"@id\":\"https:\\\/\\\/www.biopapa.lt\\\/#\\\/schema\\\/logo\\\/image\\\/\",\"url\":\"https:\\\/\\\/www.biopapa.lt\\\/wp-content\\\/uploads\\\/2022\\\/04\\\/facebook_biopapa.jpg\",\"contentUrl\":\"https:\\\/\\\/www.biopapa.lt\\\/wp-content\\\/uploads\\\/2022\\\/04\\\/facebook_biopapa.jpg\",\"width\":1733,\"height\":907,\"caption\":\"Biopapa\"},\"image\":{\"@id\":\"https:\\\/\\\/www.biopapa.lt\\\/#\\\/schema\\\/logo\\\/image\\\/\"},\"sameAs\":[\"https:\\\/\\\/www.facebook.com\\\/biopapa.lt\"]}]}<\/script>\n<!-- \/ Yoast SEO plugin. -->","yoast_head_json":{"title":"Organic cardamom pods - Biopapa","description":"Cardamom is a valuable and popular spice that flavours both food and drinks.","robots":{"index":"index","follow":"follow","max-snippet":"max-snippet:-1","max-image-preview":"max-image-preview:large","max-video-preview":"max-video-preview:-1"},"canonical":"https:\/\/www.biopapa.lt\/en\/produktas\/organic-cardamom-pods\/","og_locale":"en_US","og_type":"article","og_title":"Organic cardamom pods - Biopapa","og_description":"Cardamom is a valuable and popular spice that flavours both food and drinks.","og_url":"https:\/\/www.biopapa.lt\/en\/produktas\/organic-cardamom-pods\/","og_site_name":"Biopapa","article_publisher":"https:\/\/www.facebook.com\/biopapa.lt","article_modified_time":"2025-06-16T07:54:00+00:00","og_image":[{"width":800,"height":640,"url":"https:\/\/www.biopapa.lt\/wp-content\/uploads\/2022\/11\/Ekologiskos-kardamono-ankstys-1.png","type":"image\/png"}],"twitter_card":"summary_large_image","schema":{"@context":"https:\/\/schema.org","@graph":[{"@type":"WebPage","@id":"https:\/\/www.biopapa.lt\/en\/produktas\/organic-cardamom-pods\/","url":"https:\/\/www.biopapa.lt\/en\/produktas\/organic-cardamom-pods\/","name":"Organic cardamom pods - Biopapa","isPartOf":{"@id":"https:\/\/www.biopapa.lt\/#website"},"primaryImageOfPage":{"@id":"https:\/\/www.biopapa.lt\/en\/produktas\/organic-cardamom-pods\/#primaryimage"},"image":{"@id":"https:\/\/www.biopapa.lt\/en\/produktas\/organic-cardamom-pods\/#primaryimage"},"thumbnailUrl":"https:\/\/www.biopapa.lt\/wp-content\/uploads\/2022\/11\/Ekologiskos-kardamono-ankstys-1.png","datePublished":"2022-11-28T10:23:45+00:00","dateModified":"2025-06-16T07:54:00+00:00","description":"Cardamom is a valuable and popular spice that flavours both food and drinks.","breadcrumb":{"@id":"https:\/\/www.biopapa.lt\/en\/produktas\/organic-cardamom-pods\/#breadcrumb"},"inLanguage":"en-US","potentialAction":[{"@type":"ReadAction","target":["https:\/\/www.biopapa.lt\/en\/produktas\/organic-cardamom-pods\/"]}]},{"@type":"ImageObject","inLanguage":"en-US","@id":"https:\/\/www.biopapa.lt\/en\/produktas\/organic-cardamom-pods\/#primaryimage","url":"https:\/\/www.biopapa.lt\/wp-content\/uploads\/2022\/11\/Ekologiskos-kardamono-ankstys-1.png","contentUrl":"https:\/\/www.biopapa.lt\/wp-content\/uploads\/2022\/11\/Ekologiskos-kardamono-ankstys-1.png","width":800,"height":640},{"@type":"BreadcrumbList","@id":"https:\/\/www.biopapa.lt\/en\/produktas\/organic-cardamom-pods\/#breadcrumb","itemListElement":[{"@type":"ListItem","position":1,"name":"Home","item":"https:\/\/www.biopapa.lt\/en\/"},{"@type":"ListItem","position":2,"name":"Shop","item":"https:\/\/www.biopapa.lt\/en\/shop\/"},{"@type":"ListItem","position":3,"name":"Organic cardamom pods"}]},{"@type":"WebSite","@id":"https:\/\/www.biopapa.lt\/#website","url":"https:\/\/www.biopapa.lt\/","name":"Biopapa","description":"\u0160var\u016bs ekologi\u0161ki produktai","publisher":{"@id":"https:\/\/www.biopapa.lt\/#organization"},"potentialAction":[{"@type":"SearchAction","target":{"@type":"EntryPoint","urlTemplate":"https:\/\/www.biopapa.lt\/?s={search_term_string}"},"query-input":{"@type":"PropertyValueSpecification","valueRequired":true,"valueName":"search_term_string"}}],"inLanguage":"en-US"},{"@type":"Organization","@id":"https:\/\/www.biopapa.lt\/#organization","name":"Biopapa","url":"https:\/\/www.biopapa.lt\/","logo":{"@type":"ImageObject","inLanguage":"en-US","@id":"https:\/\/www.biopapa.lt\/#\/schema\/logo\/image\/","url":"https:\/\/www.biopapa.lt\/wp-content\/uploads\/2022\/04\/facebook_biopapa.jpg","contentUrl":"https:\/\/www.biopapa.lt\/wp-content\/uploads\/2022\/04\/facebook_biopapa.jpg","width":1733,"height":907,"caption":"Biopapa"},"image":{"@id":"https:\/\/www.biopapa.lt\/#\/schema\/logo\/image\/"},"sameAs":["https:\/\/www.facebook.com\/biopapa.lt"]}]}},"_links":{"self":[{"href":"https:\/\/www.biopapa.lt\/en\/wp-json\/wp\/v2\/product\/33471","targetHints":{"allow":["GET"]}}],"collection":[{"href":"https:\/\/www.biopapa.lt\/en\/wp-json\/wp\/v2\/product"}],"about":[{"href":"https:\/\/www.biopapa.lt\/en\/wp-json\/wp\/v2\/types\/product"}],"wp:featuredmedia":[{"embeddable":true,"href":"https:\/\/www.biopapa.lt\/en\/wp-json\/wp\/v2\/media\/30271"}],"wp:attachment":[{"href":"https:\/\/www.biopapa.lt\/en\/wp-json\/wp\/v2\/media?parent=33471"}],"wp:term":[{"taxonomy":"product_brand","embeddable":true,"href":"https:\/\/www.biopapa.lt\/en\/wp-json\/wp\/v2\/product_brand?post=33471"},{"taxonomy":"product_cat","embeddable":true,"href":"https:\/\/www.biopapa.lt\/en\/wp-json\/wp\/v2\/product_cat?post=33471"},{"taxonomy":"product_tag","embeddable":true,"href":"https:\/\/www.biopapa.lt\/en\/wp-json\/wp\/v2\/product_tag?post=33471"}],"curies":[{"name":"wp","href":"https:\/\/api.w.org\/{rel}","templated":true}]}}