{"id":33446,"date":"2022-12-15T16:53:57","date_gmt":"2022-12-15T14:53:57","guid":{"rendered":"https:\/\/www.biopapa.lt\/produktas\/organic-cumin-seeds\/"},"modified":"2025-05-22T10:21:09","modified_gmt":"2025-05-22T07:21:09","slug":"organic-cumin-seeds","status":"publish","type":"product","link":"https:\/\/www.biopapa.lt\/en\/produktas\/organic-cumin-seeds\/","title":{"rendered":"Organic cumin seeds"},"content":{"rendered":"<p>From spicy Latin dishes to savoury Indian and Middle Eastern cuisine, <strong>cumin<\/strong> knows no borders. Although it is a small, simple seed, it has a special flavour that complements a variety of dishes. From curries to cheeses and sauces, cumin is a staple in many international favourites and is widely loved all over the world.<br \/>\nIn the Middle East, North Africa and India, it is an essential spice in national dishes such as couscous, baharat, chutney and curries.<br \/>\nCumin seeds are small dried fruits derived from a small Umbelliferae plant belonging to the same plant family as parsley, carrots, dill and cumin. The plant is native to the Mediterranean region and Egypt, and is cultivated in the western Mediterranean via the Middle East and India.<br \/>\nSince cumin is adapted to both warm and cool climates, they are easily cultivated worldwide. By the way, India is the largest producer and consumer of this popular spice.<\/p>\n<p>Cumin seeds (Cuminum cyminum) are one of the best spices for supporting healthy digestion. In India, its Sanskrit name literally means &#8220;stimulates digestion&#8221;. In addition to adding flavour to food, cumin also stimulates the digestive fire, promoting healthy absorption and removing toxins from the digestive tract. The seeds are also often chewed after meals to improve digestion and remove food odours.<br \/>\nThe seeds of cumin are pale, yellowish-green and oblong in shape. They have nine raised ridges. The seeds are similar to cumin seeds. Not surprisingly, cumin seeds are often confused with cumin seeds because of their strong similarity and similar aroma. The most noticeable difference between the two is that cumin seeds are lighter in colour and covered with very fine, barely visible bristles.<\/p>\n<p>Cumin are often described as having a strong flavour, warm and earthy, with a spicy, bittersweet aroma and light citrus undertones. Cumin is usually compared to caraway seeds as a slightly spicier alternative.<br \/>\nAlthough the colour and flavour varies from region to region, the flavour of cumin is less influenced by the origin and more by the oil content. The higher the oil content, the more flavourful the cumin.<br \/>\nThe essential oil content of cumin seeds ranges from 2 to 5%, we obtain the highest quality seeds with a content ranging from 3 to 5% to ensure an intense flavour.  It is important to note that cumin seeds must be kept tightly sealed and protected from moisture.<\/p>\n<p><strong>Tea recipe:<br \/>\n<\/strong>Take 0.5 teaspoon each of cumin seeds, coriander seeds and fennel seeds.<br \/>\nYou can lightly crush the seeds and soak them in 1 litre of warm water for at least one hour.<br \/>\nThen bring the water to the boil with the three ingredients and simmer on low heat for about 10 minutes. Do not forget to cover the pot.<br \/>\nThis tea can be drunk 1-2 cups every day. <\/p>\n<p>It is a popular natural mixture that can help with digestion. It can stimulate the release of digestive enzymes and help reduce bloating and gas.<br \/>\nThe tea has a cleansing effect on the body.<br \/>\nAll three ingredients in this tea are fat burners, so this tea can help reduce the accumulation of fat in the body.<br \/>\nThe tea calms the mind and relaxes the nervous system.  This effect is due to the coriander and fennel seeds in this tea.<br \/>\nCumin and fennel seeds are well-known galactagogues. Tea containing these ingredients is suitable for breastfeeding mothers.<br \/>\nCaraway seeds in tea help to improve the absorption of essential nutrients in the body.<br \/>\nTea can help relieve abdominal cramps during menstruation. However, cumin also stimulates menstruation and should not be used in cases of heavy bleeding.<\/p>\n<p><strong>Note<\/strong><br \/>\nYou should avoid it during pregnancy as fennel seeds may be associated with stimulation of uterine contractions.<\/p>\n<p><em>NOTE. The information contained herein should not be construed as a recommendation for treatment or other health issues. We encourage you to make personal decisions about your personal health, taking into account a wide range of sources of information.   <\/em><\/p>\n","protected":false},"excerpt":{"rendered":"<p>From spicy Latin dishes to savoury Indian and Middle Eastern cuisine, cumin knows no borders. Although it is a small,<\/p>\n","protected":false},"featured_media":29719,"template":"","meta":{"_acf_changed":false},"product_brand":[],"product_cat":[1853],"product_tag":[2092,2088],"class_list":{"0":"post-33446","1":"product","2":"type-product","3":"status-publish","4":"has-post-thumbnail","6":"product_cat-spices","7":"product_tag-raw-diet","8":"product_tag-vegan","9":"pa_svoris-1-kg-en-2","10":"pa_svoris-100-g-en-2","11":"pa_svoris-200-g-en","12":"pa_svoris-25-kg-en","13":"pa_svoris-300-g-en","14":"pa_svoris-400-g-en","15":"pa_svoris-50-g-en","16":"pa_svoris-500-g-en-2","18":"first","19":"instock","20":"shipping-taxable","21":"purchasable","22":"product-type-variable"},"acf":[],"yoast_head":"<!-- This site is optimized with the Yoast SEO plugin v27.5 - https:\/\/yoast.com\/product\/yoast-seo-wordpress\/ -->\n<title>Organic cumin seeds - Biopapa<\/title>\n<meta name=\"description\" content=\"Cumin seeds (Cuminum cyminum) are one of the best spices for supporting healthy digestion. In India, its Sanskrit name literally means &quot;stimulates digestion&quot;.\" \/>\n<meta name=\"robots\" content=\"index, follow, max-snippet:-1, max-image-preview:large, max-video-preview:-1\" \/>\n<link rel=\"canonical\" href=\"https:\/\/www.biopapa.lt\/en\/produktas\/organic-cumin-seeds\/\" \/>\n<meta property=\"og:locale\" content=\"en_US\" \/>\n<meta property=\"og:type\" content=\"article\" \/>\n<meta property=\"og:title\" content=\"Organic cumin seeds - Biopapa\" \/>\n<meta property=\"og:description\" content=\"Cumin seeds (Cuminum cyminum) are one of the best spices for supporting healthy digestion. In India, its Sanskrit name literally means &quot;stimulates digestion&quot;.\" \/>\n<meta property=\"og:url\" content=\"https:\/\/www.biopapa.lt\/en\/produktas\/organic-cumin-seeds\/\" \/>\n<meta property=\"og:site_name\" content=\"Biopapa\" \/>\n<meta property=\"article:publisher\" content=\"https:\/\/www.facebook.com\/biopapa.lt\" \/>\n<meta property=\"article:modified_time\" content=\"2025-05-22T07:21:09+00:00\" \/>\n<meta property=\"og:image\" content=\"https:\/\/www.biopapa.lt\/wp-content\/uploads\/2022\/12\/kuminas-seklos.png\" \/>\n\t<meta property=\"og:image:width\" content=\"800\" \/>\n\t<meta property=\"og:image:height\" content=\"640\" \/>\n\t<meta property=\"og:image:type\" content=\"image\/png\" \/>\n<meta name=\"twitter:card\" content=\"summary_large_image\" \/>\n<script type=\"application\/ld+json\" class=\"yoast-schema-graph\">{\"@context\":\"https:\\\/\\\/schema.org\",\"@graph\":[{\"@type\":\"WebPage\",\"@id\":\"https:\\\/\\\/www.biopapa.lt\\\/en\\\/produktas\\\/organic-cumin-seeds\\\/\",\"url\":\"https:\\\/\\\/www.biopapa.lt\\\/en\\\/produktas\\\/organic-cumin-seeds\\\/\",\"name\":\"Organic cumin seeds - Biopapa\",\"isPartOf\":{\"@id\":\"https:\\\/\\\/www.biopapa.lt\\\/#website\"},\"primaryImageOfPage\":{\"@id\":\"https:\\\/\\\/www.biopapa.lt\\\/en\\\/produktas\\\/organic-cumin-seeds\\\/#primaryimage\"},\"image\":{\"@id\":\"https:\\\/\\\/www.biopapa.lt\\\/en\\\/produktas\\\/organic-cumin-seeds\\\/#primaryimage\"},\"thumbnailUrl\":\"https:\\\/\\\/www.biopapa.lt\\\/wp-content\\\/uploads\\\/2022\\\/12\\\/kuminas-seklos.png\",\"datePublished\":\"2022-12-15T14:53:57+00:00\",\"dateModified\":\"2025-05-22T07:21:09+00:00\",\"description\":\"Cumin seeds (Cuminum cyminum) are one of the best spices for supporting healthy digestion. In India, its Sanskrit name literally means \\\"stimulates digestion\\\".\",\"breadcrumb\":{\"@id\":\"https:\\\/\\\/www.biopapa.lt\\\/en\\\/produktas\\\/organic-cumin-seeds\\\/#breadcrumb\"},\"inLanguage\":\"en-US\",\"potentialAction\":[{\"@type\":\"ReadAction\",\"target\":[\"https:\\\/\\\/www.biopapa.lt\\\/en\\\/produktas\\\/organic-cumin-seeds\\\/\"]}]},{\"@type\":\"ImageObject\",\"inLanguage\":\"en-US\",\"@id\":\"https:\\\/\\\/www.biopapa.lt\\\/en\\\/produktas\\\/organic-cumin-seeds\\\/#primaryimage\",\"url\":\"https:\\\/\\\/www.biopapa.lt\\\/wp-content\\\/uploads\\\/2022\\\/12\\\/kuminas-seklos.png\",\"contentUrl\":\"https:\\\/\\\/www.biopapa.lt\\\/wp-content\\\/uploads\\\/2022\\\/12\\\/kuminas-seklos.png\",\"width\":800,\"height\":640,\"caption\":\"Organic cumin seeds\"},{\"@type\":\"BreadcrumbList\",\"@id\":\"https:\\\/\\\/www.biopapa.lt\\\/en\\\/produktas\\\/organic-cumin-seeds\\\/#breadcrumb\",\"itemListElement\":[{\"@type\":\"ListItem\",\"position\":1,\"name\":\"Home\",\"item\":\"https:\\\/\\\/www.biopapa.lt\\\/en\\\/\"},{\"@type\":\"ListItem\",\"position\":2,\"name\":\"Shop\",\"item\":\"https:\\\/\\\/www.biopapa.lt\\\/en\\\/shop\\\/\"},{\"@type\":\"ListItem\",\"position\":3,\"name\":\"Organic cumin seeds\"}]},{\"@type\":\"WebSite\",\"@id\":\"https:\\\/\\\/www.biopapa.lt\\\/#website\",\"url\":\"https:\\\/\\\/www.biopapa.lt\\\/\",\"name\":\"Biopapa\",\"description\":\"\u0160var\u016bs ekologi\u0161ki produktai\",\"publisher\":{\"@id\":\"https:\\\/\\\/www.biopapa.lt\\\/#organization\"},\"potentialAction\":[{\"@type\":\"SearchAction\",\"target\":{\"@type\":\"EntryPoint\",\"urlTemplate\":\"https:\\\/\\\/www.biopapa.lt\\\/?s={search_term_string}\"},\"query-input\":{\"@type\":\"PropertyValueSpecification\",\"valueRequired\":true,\"valueName\":\"search_term_string\"}}],\"inLanguage\":\"en-US\"},{\"@type\":\"Organization\",\"@id\":\"https:\\\/\\\/www.biopapa.lt\\\/#organization\",\"name\":\"Biopapa\",\"url\":\"https:\\\/\\\/www.biopapa.lt\\\/\",\"logo\":{\"@type\":\"ImageObject\",\"inLanguage\":\"en-US\",\"@id\":\"https:\\\/\\\/www.biopapa.lt\\\/#\\\/schema\\\/logo\\\/image\\\/\",\"url\":\"https:\\\/\\\/www.biopapa.lt\\\/wp-content\\\/uploads\\\/2022\\\/04\\\/facebook_biopapa.jpg\",\"contentUrl\":\"https:\\\/\\\/www.biopapa.lt\\\/wp-content\\\/uploads\\\/2022\\\/04\\\/facebook_biopapa.jpg\",\"width\":1733,\"height\":907,\"caption\":\"Biopapa\"},\"image\":{\"@id\":\"https:\\\/\\\/www.biopapa.lt\\\/#\\\/schema\\\/logo\\\/image\\\/\"},\"sameAs\":[\"https:\\\/\\\/www.facebook.com\\\/biopapa.lt\"]}]}<\/script>\n<!-- \/ Yoast SEO plugin. -->","yoast_head_json":{"title":"Organic cumin seeds - Biopapa","description":"Cumin seeds (Cuminum cyminum) are one of the best spices for supporting healthy digestion. In India, its Sanskrit name literally means \"stimulates digestion\".","robots":{"index":"index","follow":"follow","max-snippet":"max-snippet:-1","max-image-preview":"max-image-preview:large","max-video-preview":"max-video-preview:-1"},"canonical":"https:\/\/www.biopapa.lt\/en\/produktas\/organic-cumin-seeds\/","og_locale":"en_US","og_type":"article","og_title":"Organic cumin seeds - Biopapa","og_description":"Cumin seeds (Cuminum cyminum) are one of the best spices for supporting healthy digestion. In India, its Sanskrit name literally means \"stimulates digestion\".","og_url":"https:\/\/www.biopapa.lt\/en\/produktas\/organic-cumin-seeds\/","og_site_name":"Biopapa","article_publisher":"https:\/\/www.facebook.com\/biopapa.lt","article_modified_time":"2025-05-22T07:21:09+00:00","og_image":[{"width":800,"height":640,"url":"https:\/\/www.biopapa.lt\/wp-content\/uploads\/2022\/12\/kuminas-seklos.png","type":"image\/png"}],"twitter_card":"summary_large_image","schema":{"@context":"https:\/\/schema.org","@graph":[{"@type":"WebPage","@id":"https:\/\/www.biopapa.lt\/en\/produktas\/organic-cumin-seeds\/","url":"https:\/\/www.biopapa.lt\/en\/produktas\/organic-cumin-seeds\/","name":"Organic cumin seeds - Biopapa","isPartOf":{"@id":"https:\/\/www.biopapa.lt\/#website"},"primaryImageOfPage":{"@id":"https:\/\/www.biopapa.lt\/en\/produktas\/organic-cumin-seeds\/#primaryimage"},"image":{"@id":"https:\/\/www.biopapa.lt\/en\/produktas\/organic-cumin-seeds\/#primaryimage"},"thumbnailUrl":"https:\/\/www.biopapa.lt\/wp-content\/uploads\/2022\/12\/kuminas-seklos.png","datePublished":"2022-12-15T14:53:57+00:00","dateModified":"2025-05-22T07:21:09+00:00","description":"Cumin seeds (Cuminum cyminum) are one of the best spices for supporting healthy digestion. In India, its Sanskrit name literally means \"stimulates digestion\".","breadcrumb":{"@id":"https:\/\/www.biopapa.lt\/en\/produktas\/organic-cumin-seeds\/#breadcrumb"},"inLanguage":"en-US","potentialAction":[{"@type":"ReadAction","target":["https:\/\/www.biopapa.lt\/en\/produktas\/organic-cumin-seeds\/"]}]},{"@type":"ImageObject","inLanguage":"en-US","@id":"https:\/\/www.biopapa.lt\/en\/produktas\/organic-cumin-seeds\/#primaryimage","url":"https:\/\/www.biopapa.lt\/wp-content\/uploads\/2022\/12\/kuminas-seklos.png","contentUrl":"https:\/\/www.biopapa.lt\/wp-content\/uploads\/2022\/12\/kuminas-seklos.png","width":800,"height":640,"caption":"Organic cumin seeds"},{"@type":"BreadcrumbList","@id":"https:\/\/www.biopapa.lt\/en\/produktas\/organic-cumin-seeds\/#breadcrumb","itemListElement":[{"@type":"ListItem","position":1,"name":"Home","item":"https:\/\/www.biopapa.lt\/en\/"},{"@type":"ListItem","position":2,"name":"Shop","item":"https:\/\/www.biopapa.lt\/en\/shop\/"},{"@type":"ListItem","position":3,"name":"Organic cumin seeds"}]},{"@type":"WebSite","@id":"https:\/\/www.biopapa.lt\/#website","url":"https:\/\/www.biopapa.lt\/","name":"Biopapa","description":"\u0160var\u016bs ekologi\u0161ki produktai","publisher":{"@id":"https:\/\/www.biopapa.lt\/#organization"},"potentialAction":[{"@type":"SearchAction","target":{"@type":"EntryPoint","urlTemplate":"https:\/\/www.biopapa.lt\/?s={search_term_string}"},"query-input":{"@type":"PropertyValueSpecification","valueRequired":true,"valueName":"search_term_string"}}],"inLanguage":"en-US"},{"@type":"Organization","@id":"https:\/\/www.biopapa.lt\/#organization","name":"Biopapa","url":"https:\/\/www.biopapa.lt\/","logo":{"@type":"ImageObject","inLanguage":"en-US","@id":"https:\/\/www.biopapa.lt\/#\/schema\/logo\/image\/","url":"https:\/\/www.biopapa.lt\/wp-content\/uploads\/2022\/04\/facebook_biopapa.jpg","contentUrl":"https:\/\/www.biopapa.lt\/wp-content\/uploads\/2022\/04\/facebook_biopapa.jpg","width":1733,"height":907,"caption":"Biopapa"},"image":{"@id":"https:\/\/www.biopapa.lt\/#\/schema\/logo\/image\/"},"sameAs":["https:\/\/www.facebook.com\/biopapa.lt"]}]}},"_links":{"self":[{"href":"https:\/\/www.biopapa.lt\/en\/wp-json\/wp\/v2\/product\/33446","targetHints":{"allow":["GET"]}}],"collection":[{"href":"https:\/\/www.biopapa.lt\/en\/wp-json\/wp\/v2\/product"}],"about":[{"href":"https:\/\/www.biopapa.lt\/en\/wp-json\/wp\/v2\/types\/product"}],"wp:featuredmedia":[{"embeddable":true,"href":"https:\/\/www.biopapa.lt\/en\/wp-json\/wp\/v2\/media\/29719"}],"wp:attachment":[{"href":"https:\/\/www.biopapa.lt\/en\/wp-json\/wp\/v2\/media?parent=33446"}],"wp:term":[{"taxonomy":"product_brand","embeddable":true,"href":"https:\/\/www.biopapa.lt\/en\/wp-json\/wp\/v2\/product_brand?post=33446"},{"taxonomy":"product_cat","embeddable":true,"href":"https:\/\/www.biopapa.lt\/en\/wp-json\/wp\/v2\/product_cat?post=33446"},{"taxonomy":"product_tag","embeddable":true,"href":"https:\/\/www.biopapa.lt\/en\/wp-json\/wp\/v2\/product_tag?post=33446"}],"curies":[{"name":"wp","href":"https:\/\/api.w.org\/{rel}","templated":true}]}}