{"id":33352,"date":"2021-08-03T19:45:33","date_gmt":"2021-08-03T16:45:33","guid":{"rendered":"https:\/\/www.biopapa.lt\/produktas\/organic-oatmeal-wholemeal\/"},"modified":"2026-04-13T10:48:47","modified_gmt":"2026-04-13T07:48:47","slug":"organic-oatmeal-wholemeal","status":"publish","type":"product","link":"https:\/\/www.biopapa.lt\/en\/produktas\/organic-oatmeal-wholemeal\/","title":{"rendered":"Organic oatmeal, wholemeal"},"content":{"rendered":"<p>This wholemeal oatmeal is made from organic oats. Organic oatmeal is a source of protein and fibre, so it&#8217;s not only tasty but also nutritious and a great start to the day!<br \/>\nTraditional oatmeal takes about 6-7 minutes to cook. Because it is coarser, it takes longer for the body to digest it, which results in a longer feeling of satiety. Perfect for breakfast!<br \/>\nYou can add a teaspoon of organic Spanish sage or other seeds, or nuts of your choice.<br \/>\nFor the sweet tooth: flavour with your choice of jam, jam, nut or coconut cream, organic coconut blossom sugar or agave syrup.<br \/>\nFor those who like to eat cheese: flavour with vegetable butter or oil, organic soya or our Coconut Aminos sauce.<br \/>\nBring 400 ml of plant milk or water to the boil, add 100g of oats and cook for 5-6 minutes. Cover and leave for 2 minutes.<\/p>\n<p>&nbsp;<\/p>\n","protected":false},"excerpt":{"rendered":"<p>This wholemeal oatmeal is made from organic oats. Organic oatmeal is a source of protein and fibre, so it&#8217;s not<\/p>\n","protected":false},"featured_media":28545,"template":"","meta":{"_acf_changed":false},"product_brand":[],"product_cat":[1855,1980,2624],"product_tag":[2088],"class_list":{"0":"post-33352","1":"product","2":"type-product","3":"status-publish","4":"has-post-thumbnail","6":"product_cat-grains-and-legumes","7":"product_cat-groats","8":"product_cat-top-products","9":"product_tag-vegan","10":"pa_svoris-1-kg-en-2","11":"pa_svoris-100-g-en-2","12":"pa_svoris-200-g-en","13":"pa_svoris-25-kg-en","14":"pa_svoris-300-g-en","15":"pa_svoris-400-g-en","16":"pa_svoris-500-g-en-2","18":"first","19":"instock","20":"shipping-taxable","21":"purchasable","22":"product-type-variable"},"acf":[],"yoast_head":"<!-- This site is optimized with the Yoast SEO plugin v27.5 - https:\/\/yoast.com\/product\/yoast-seo-wordpress\/ -->\n<title>Organic oatmeal, wholemeal - Biopapa<\/title>\n<meta name=\"description\" content=\"This wholemeal oatmeal is made from organic oats. Organic oatmeal is a source of protein and fibre, so it&#039;s not only tasty but also nutritious and a great start to the day!\" \/>\n<meta name=\"robots\" content=\"index, follow, max-snippet:-1, max-image-preview:large, max-video-preview:-1\" \/>\n<link rel=\"canonical\" href=\"https:\/\/www.biopapa.lt\/en\/produktas\/organic-oatmeal-wholemeal\/\" \/>\n<meta property=\"og:locale\" content=\"en_US\" \/>\n<meta property=\"og:type\" content=\"article\" \/>\n<meta property=\"og:title\" content=\"Organic oatmeal, wholemeal - Biopapa\" \/>\n<meta property=\"og:description\" content=\"This wholemeal oatmeal is made from organic oats. Organic oatmeal is a source of protein and fibre, so it&#039;s not only tasty but also nutritious and a great start to the day!\" \/>\n<meta property=\"og:url\" content=\"https:\/\/www.biopapa.lt\/en\/produktas\/organic-oatmeal-wholemeal\/\" \/>\n<meta property=\"og:site_name\" content=\"Biopapa\" \/>\n<meta property=\"article:publisher\" content=\"https:\/\/www.facebook.com\/biopapa.lt\" \/>\n<meta property=\"article:modified_time\" content=\"2026-04-13T07:48:47+00:00\" \/>\n<meta property=\"og:image\" content=\"https:\/\/www.biopapa.lt\/wp-content\/uploads\/2021\/09\/779A1460.jpg\" \/>\n\t<meta property=\"og:image:width\" content=\"800\" \/>\n\t<meta property=\"og:image:height\" content=\"640\" \/>\n\t<meta property=\"og:image:type\" content=\"image\/jpeg\" \/>\n<meta name=\"twitter:card\" content=\"summary_large_image\" \/>\n<script type=\"application\/ld+json\" class=\"yoast-schema-graph\">{\"@context\":\"https:\\\/\\\/schema.org\",\"@graph\":[{\"@type\":\"WebPage\",\"@id\":\"https:\\\/\\\/www.biopapa.lt\\\/en\\\/produktas\\\/organic-oatmeal-wholemeal\\\/\",\"url\":\"https:\\\/\\\/www.biopapa.lt\\\/en\\\/produktas\\\/organic-oatmeal-wholemeal\\\/\",\"name\":\"Organic oatmeal, wholemeal - Biopapa\",\"isPartOf\":{\"@id\":\"https:\\\/\\\/www.biopapa.lt\\\/#website\"},\"primaryImageOfPage\":{\"@id\":\"https:\\\/\\\/www.biopapa.lt\\\/en\\\/produktas\\\/organic-oatmeal-wholemeal\\\/#primaryimage\"},\"image\":{\"@id\":\"https:\\\/\\\/www.biopapa.lt\\\/en\\\/produktas\\\/organic-oatmeal-wholemeal\\\/#primaryimage\"},\"thumbnailUrl\":\"https:\\\/\\\/www.biopapa.lt\\\/wp-content\\\/uploads\\\/2021\\\/09\\\/779A1460.jpg\",\"datePublished\":\"2021-08-03T16:45:33+00:00\",\"dateModified\":\"2026-04-13T07:48:47+00:00\",\"description\":\"This wholemeal oatmeal is made from organic oats. Organic oatmeal is a source of protein and fibre, so it's not only tasty but also nutritious and a great start to the day!\",\"breadcrumb\":{\"@id\":\"https:\\\/\\\/www.biopapa.lt\\\/en\\\/produktas\\\/organic-oatmeal-wholemeal\\\/#breadcrumb\"},\"inLanguage\":\"en-US\",\"potentialAction\":[{\"@type\":\"ReadAction\",\"target\":[\"https:\\\/\\\/www.biopapa.lt\\\/en\\\/produktas\\\/organic-oatmeal-wholemeal\\\/\"]}]},{\"@type\":\"ImageObject\",\"inLanguage\":\"en-US\",\"@id\":\"https:\\\/\\\/www.biopapa.lt\\\/en\\\/produktas\\\/organic-oatmeal-wholemeal\\\/#primaryimage\",\"url\":\"https:\\\/\\\/www.biopapa.lt\\\/wp-content\\\/uploads\\\/2021\\\/09\\\/779A1460.jpg\",\"contentUrl\":\"https:\\\/\\\/www.biopapa.lt\\\/wp-content\\\/uploads\\\/2021\\\/09\\\/779A1460.jpg\",\"width\":800,\"height\":640,\"caption\":\"Organic oatmeal, wholemeal\"},{\"@type\":\"BreadcrumbList\",\"@id\":\"https:\\\/\\\/www.biopapa.lt\\\/en\\\/produktas\\\/organic-oatmeal-wholemeal\\\/#breadcrumb\",\"itemListElement\":[{\"@type\":\"ListItem\",\"position\":1,\"name\":\"Home\",\"item\":\"https:\\\/\\\/www.biopapa.lt\\\/en\\\/\"},{\"@type\":\"ListItem\",\"position\":2,\"name\":\"Shop\",\"item\":\"https:\\\/\\\/www.biopapa.lt\\\/en\\\/shop\\\/\"},{\"@type\":\"ListItem\",\"position\":3,\"name\":\"Organic oatmeal, wholemeal\"}]},{\"@type\":\"WebSite\",\"@id\":\"https:\\\/\\\/www.biopapa.lt\\\/#website\",\"url\":\"https:\\\/\\\/www.biopapa.lt\\\/\",\"name\":\"Biopapa\",\"description\":\"\u0160var\u016bs ekologi\u0161ki produktai\",\"publisher\":{\"@id\":\"https:\\\/\\\/www.biopapa.lt\\\/#organization\"},\"potentialAction\":[{\"@type\":\"SearchAction\",\"target\":{\"@type\":\"EntryPoint\",\"urlTemplate\":\"https:\\\/\\\/www.biopapa.lt\\\/?s={search_term_string}\"},\"query-input\":{\"@type\":\"PropertyValueSpecification\",\"valueRequired\":true,\"valueName\":\"search_term_string\"}}],\"inLanguage\":\"en-US\"},{\"@type\":\"Organization\",\"@id\":\"https:\\\/\\\/www.biopapa.lt\\\/#organization\",\"name\":\"Biopapa\",\"url\":\"https:\\\/\\\/www.biopapa.lt\\\/\",\"logo\":{\"@type\":\"ImageObject\",\"inLanguage\":\"en-US\",\"@id\":\"https:\\\/\\\/www.biopapa.lt\\\/#\\\/schema\\\/logo\\\/image\\\/\",\"url\":\"https:\\\/\\\/www.biopapa.lt\\\/wp-content\\\/uploads\\\/2022\\\/04\\\/facebook_biopapa.jpg\",\"contentUrl\":\"https:\\\/\\\/www.biopapa.lt\\\/wp-content\\\/uploads\\\/2022\\\/04\\\/facebook_biopapa.jpg\",\"width\":1733,\"height\":907,\"caption\":\"Biopapa\"},\"image\":{\"@id\":\"https:\\\/\\\/www.biopapa.lt\\\/#\\\/schema\\\/logo\\\/image\\\/\"},\"sameAs\":[\"https:\\\/\\\/www.facebook.com\\\/biopapa.lt\"]}]}<\/script>\n<!-- \/ Yoast SEO plugin. -->","yoast_head_json":{"title":"Organic oatmeal, wholemeal - Biopapa","description":"This wholemeal oatmeal is made from organic oats. Organic oatmeal is a source of protein and fibre, so it's not only tasty but also nutritious and a great start to the day!","robots":{"index":"index","follow":"follow","max-snippet":"max-snippet:-1","max-image-preview":"max-image-preview:large","max-video-preview":"max-video-preview:-1"},"canonical":"https:\/\/www.biopapa.lt\/en\/produktas\/organic-oatmeal-wholemeal\/","og_locale":"en_US","og_type":"article","og_title":"Organic oatmeal, wholemeal - Biopapa","og_description":"This wholemeal oatmeal is made from organic oats. Organic oatmeal is a source of protein and fibre, so it's not only tasty but also nutritious and a great start to the day!","og_url":"https:\/\/www.biopapa.lt\/en\/produktas\/organic-oatmeal-wholemeal\/","og_site_name":"Biopapa","article_publisher":"https:\/\/www.facebook.com\/biopapa.lt","article_modified_time":"2026-04-13T07:48:47+00:00","og_image":[{"width":800,"height":640,"url":"https:\/\/www.biopapa.lt\/wp-content\/uploads\/2021\/09\/779A1460.jpg","type":"image\/jpeg"}],"twitter_card":"summary_large_image","schema":{"@context":"https:\/\/schema.org","@graph":[{"@type":"WebPage","@id":"https:\/\/www.biopapa.lt\/en\/produktas\/organic-oatmeal-wholemeal\/","url":"https:\/\/www.biopapa.lt\/en\/produktas\/organic-oatmeal-wholemeal\/","name":"Organic oatmeal, wholemeal - Biopapa","isPartOf":{"@id":"https:\/\/www.biopapa.lt\/#website"},"primaryImageOfPage":{"@id":"https:\/\/www.biopapa.lt\/en\/produktas\/organic-oatmeal-wholemeal\/#primaryimage"},"image":{"@id":"https:\/\/www.biopapa.lt\/en\/produktas\/organic-oatmeal-wholemeal\/#primaryimage"},"thumbnailUrl":"https:\/\/www.biopapa.lt\/wp-content\/uploads\/2021\/09\/779A1460.jpg","datePublished":"2021-08-03T16:45:33+00:00","dateModified":"2026-04-13T07:48:47+00:00","description":"This wholemeal oatmeal is made from organic oats. Organic oatmeal is a source of protein and fibre, so it's not only tasty but also nutritious and a great start to the day!","breadcrumb":{"@id":"https:\/\/www.biopapa.lt\/en\/produktas\/organic-oatmeal-wholemeal\/#breadcrumb"},"inLanguage":"en-US","potentialAction":[{"@type":"ReadAction","target":["https:\/\/www.biopapa.lt\/en\/produktas\/organic-oatmeal-wholemeal\/"]}]},{"@type":"ImageObject","inLanguage":"en-US","@id":"https:\/\/www.biopapa.lt\/en\/produktas\/organic-oatmeal-wholemeal\/#primaryimage","url":"https:\/\/www.biopapa.lt\/wp-content\/uploads\/2021\/09\/779A1460.jpg","contentUrl":"https:\/\/www.biopapa.lt\/wp-content\/uploads\/2021\/09\/779A1460.jpg","width":800,"height":640,"caption":"Organic oatmeal, wholemeal"},{"@type":"BreadcrumbList","@id":"https:\/\/www.biopapa.lt\/en\/produktas\/organic-oatmeal-wholemeal\/#breadcrumb","itemListElement":[{"@type":"ListItem","position":1,"name":"Home","item":"https:\/\/www.biopapa.lt\/en\/"},{"@type":"ListItem","position":2,"name":"Shop","item":"https:\/\/www.biopapa.lt\/en\/shop\/"},{"@type":"ListItem","position":3,"name":"Organic oatmeal, wholemeal"}]},{"@type":"WebSite","@id":"https:\/\/www.biopapa.lt\/#website","url":"https:\/\/www.biopapa.lt\/","name":"Biopapa","description":"\u0160var\u016bs ekologi\u0161ki produktai","publisher":{"@id":"https:\/\/www.biopapa.lt\/#organization"},"potentialAction":[{"@type":"SearchAction","target":{"@type":"EntryPoint","urlTemplate":"https:\/\/www.biopapa.lt\/?s={search_term_string}"},"query-input":{"@type":"PropertyValueSpecification","valueRequired":true,"valueName":"search_term_string"}}],"inLanguage":"en-US"},{"@type":"Organization","@id":"https:\/\/www.biopapa.lt\/#organization","name":"Biopapa","url":"https:\/\/www.biopapa.lt\/","logo":{"@type":"ImageObject","inLanguage":"en-US","@id":"https:\/\/www.biopapa.lt\/#\/schema\/logo\/image\/","url":"https:\/\/www.biopapa.lt\/wp-content\/uploads\/2022\/04\/facebook_biopapa.jpg","contentUrl":"https:\/\/www.biopapa.lt\/wp-content\/uploads\/2022\/04\/facebook_biopapa.jpg","width":1733,"height":907,"caption":"Biopapa"},"image":{"@id":"https:\/\/www.biopapa.lt\/#\/schema\/logo\/image\/"},"sameAs":["https:\/\/www.facebook.com\/biopapa.lt"]}]}},"_links":{"self":[{"href":"https:\/\/www.biopapa.lt\/en\/wp-json\/wp\/v2\/product\/33352","targetHints":{"allow":["GET"]}}],"collection":[{"href":"https:\/\/www.biopapa.lt\/en\/wp-json\/wp\/v2\/product"}],"about":[{"href":"https:\/\/www.biopapa.lt\/en\/wp-json\/wp\/v2\/types\/product"}],"wp:featuredmedia":[{"embeddable":true,"href":"https:\/\/www.biopapa.lt\/en\/wp-json\/wp\/v2\/media\/28545"}],"wp:attachment":[{"href":"https:\/\/www.biopapa.lt\/en\/wp-json\/wp\/v2\/media?parent=33352"}],"wp:term":[{"taxonomy":"product_brand","embeddable":true,"href":"https:\/\/www.biopapa.lt\/en\/wp-json\/wp\/v2\/product_brand?post=33352"},{"taxonomy":"product_cat","embeddable":true,"href":"https:\/\/www.biopapa.lt\/en\/wp-json\/wp\/v2\/product_cat?post=33352"},{"taxonomy":"product_tag","embeddable":true,"href":"https:\/\/www.biopapa.lt\/en\/wp-json\/wp\/v2\/product_tag?post=33352"}],"curies":[{"name":"wp","href":"https:\/\/api.w.org\/{rel}","templated":true}]}}