{"id":33320,"date":"2021-08-03T19:54:50","date_gmt":"2021-08-03T16:54:50","guid":{"rendered":"https:\/\/www.biopapa.lt\/produktas\/organic-chickpeas\/"},"modified":"2026-02-03T14:23:43","modified_gmt":"2026-02-03T12:23:43","slug":"organic-chickpeas","status":"publish","type":"product","link":"https:\/\/www.biopapa.lt\/en\/produktas\/organic-chickpeas\/","title":{"rendered":"Organic chickpeas"},"content":{"rendered":"<p>Chickpeas, also known as garbanzo beans, are a round legume known for their amazing balance of protein, fibre, vitamins and minerals. One cup of cooked chickpeas contains an impressive dose of plant-based protein, making them a staple in vegetarian and vegan diets.<br \/>\nTheir high fibre content can improve digestion, promoting satiety.<\/p>\n<p><em>Uses<\/em><br \/>\nThe versatility of chickpeas in the culinary world knows no bounds. They are used as a staple ingredient in dishes from different cultures. From the creamy delight of hummus to rich Indian curries such as chana masala, chickpeas are the stars of traditional and modern cuisine. They add satiety and crunch to salads and add protein, making them a popular choice for health-conscious people.<br \/>\nRoasted chickpeas have gained popularity as a nutritious snack that offers a nice crunch and a burst of flavour.<br \/>\nChickpea flour, also known as gram flour, has become a popular choice for gluten-free baked goods, and is used to make savoury pancakes and cakes.<\/p>\n<p>Spices such as turmeric, ginger, cumin, caraway, fennel, coriander and others are used in the preparation of pulses to aid digestion and give a more flavoursome taste.<br \/>\nIt is important to note that some people may suffer from flatulence when eating chickpeas.<\/p>\n<p>Rinse before cooking, soak for about 12 hours, rinse again and cook for 40-50 minutes. When cooked, the chickpeas have a nutty flavour.<\/p>\n<p><em>NOTE. The information contained herein should not be construed as a recommendation for treatment or other health issues. We encourage you to make personal decisions about your personal health, taking into account a wide range of sources of information.<\/em><\/p>\n","protected":false},"excerpt":{"rendered":"<p>Chickpeas, also known as garbanzo beans, are a round legume known for their amazing balance of protein, fibre, vitamins and<\/p>\n","protected":false},"featured_media":28599,"template":"","meta":{"_acf_changed":false},"product_brand":[],"product_cat":[1855,1978,2624],"product_tag":[2078,2030,2046,2088],"class_list":{"0":"post-33320","1":"product","2":"type-product","3":"status-publish","4":"has-post-thumbnail","6":"product_cat-grains-and-legumes","7":"product_cat-legumes","8":"product_cat-top-products","9":"product_tag-a-source-of-fiber","10":"product_tag-a-source-of-protein","11":"product_tag-gluten-alternative","12":"product_tag-vegan","13":"pa_svoris-1-kg-en-2","14":"pa_svoris-100-g-en-2","15":"pa_svoris-200-g-en","16":"pa_svoris-25-kg-en","17":"pa_svoris-300-g-en","18":"pa_svoris-400-g-en","19":"pa_svoris-500-g-en-2","21":"first","22":"instock","23":"shipping-taxable","24":"purchasable","25":"product-type-variable"},"acf":[],"yoast_head":"<!-- This site is optimized with the Yoast SEO plugin v27.5 - https:\/\/yoast.com\/product\/yoast-seo-wordpress\/ -->\n<title>Organic chickpeas - Biopapa<\/title>\n<meta name=\"description\" content=\"Chickpeas, also known as garbanzo beans, are a round legume known for their amazing balance of protein, fibre, vitamins and minerals. One cup of cooked chickpeas contains an impressive dose of plant protein, making them a staple in vegetarian and vegan diets.\" \/>\n<meta name=\"robots\" content=\"index, follow, max-snippet:-1, max-image-preview:large, max-video-preview:-1\" \/>\n<link rel=\"canonical\" href=\"https:\/\/www.biopapa.lt\/en\/produktas\/organic-chickpeas\/\" \/>\n<meta property=\"og:locale\" content=\"en_US\" \/>\n<meta property=\"og:type\" content=\"article\" \/>\n<meta property=\"og:title\" content=\"Organic chickpeas - Biopapa\" \/>\n<meta property=\"og:description\" content=\"Chickpeas, also known as garbanzo beans, are a round legume known for their amazing balance of protein, fibre, vitamins and minerals. One cup of cooked chickpeas contains an impressive dose of plant protein, making them a staple in vegetarian and vegan diets.\" \/>\n<meta property=\"og:url\" content=\"https:\/\/www.biopapa.lt\/en\/produktas\/organic-chickpeas\/\" \/>\n<meta property=\"og:site_name\" content=\"Biopapa\" \/>\n<meta property=\"article:publisher\" content=\"https:\/\/www.facebook.com\/biopapa.lt\" \/>\n<meta property=\"article:modified_time\" content=\"2026-02-03T12:23:43+00:00\" \/>\n<meta property=\"og:image\" content=\"https:\/\/www.biopapa.lt\/wp-content\/uploads\/2021\/08\/779A1442.jpg\" \/>\n\t<meta property=\"og:image:width\" content=\"800\" \/>\n\t<meta property=\"og:image:height\" content=\"640\" \/>\n\t<meta property=\"og:image:type\" content=\"image\/jpeg\" \/>\n<meta name=\"twitter:card\" content=\"summary_large_image\" \/>\n<script type=\"application\/ld+json\" class=\"yoast-schema-graph\">{\"@context\":\"https:\\\/\\\/schema.org\",\"@graph\":[{\"@type\":\"WebPage\",\"@id\":\"https:\\\/\\\/www.biopapa.lt\\\/en\\\/produktas\\\/organic-chickpeas\\\/\",\"url\":\"https:\\\/\\\/www.biopapa.lt\\\/en\\\/produktas\\\/organic-chickpeas\\\/\",\"name\":\"Organic chickpeas - Biopapa\",\"isPartOf\":{\"@id\":\"https:\\\/\\\/www.biopapa.lt\\\/#website\"},\"primaryImageOfPage\":{\"@id\":\"https:\\\/\\\/www.biopapa.lt\\\/en\\\/produktas\\\/organic-chickpeas\\\/#primaryimage\"},\"image\":{\"@id\":\"https:\\\/\\\/www.biopapa.lt\\\/en\\\/produktas\\\/organic-chickpeas\\\/#primaryimage\"},\"thumbnailUrl\":\"https:\\\/\\\/www.biopapa.lt\\\/wp-content\\\/uploads\\\/2021\\\/08\\\/779A1442.jpg\",\"datePublished\":\"2021-08-03T16:54:50+00:00\",\"dateModified\":\"2026-02-03T12:23:43+00:00\",\"description\":\"Chickpeas, also known as garbanzo beans, are a round legume known for their amazing balance of protein, fibre, vitamins and minerals. One cup of cooked chickpeas contains an impressive dose of plant protein, making them a staple in vegetarian and vegan diets.\",\"breadcrumb\":{\"@id\":\"https:\\\/\\\/www.biopapa.lt\\\/en\\\/produktas\\\/organic-chickpeas\\\/#breadcrumb\"},\"inLanguage\":\"en-US\",\"potentialAction\":[{\"@type\":\"ReadAction\",\"target\":[\"https:\\\/\\\/www.biopapa.lt\\\/en\\\/produktas\\\/organic-chickpeas\\\/\"]}]},{\"@type\":\"ImageObject\",\"inLanguage\":\"en-US\",\"@id\":\"https:\\\/\\\/www.biopapa.lt\\\/en\\\/produktas\\\/organic-chickpeas\\\/#primaryimage\",\"url\":\"https:\\\/\\\/www.biopapa.lt\\\/wp-content\\\/uploads\\\/2021\\\/08\\\/779A1442.jpg\",\"contentUrl\":\"https:\\\/\\\/www.biopapa.lt\\\/wp-content\\\/uploads\\\/2021\\\/08\\\/779A1442.jpg\",\"width\":800,\"height\":640,\"caption\":\"Organic chickpeas\"},{\"@type\":\"BreadcrumbList\",\"@id\":\"https:\\\/\\\/www.biopapa.lt\\\/en\\\/produktas\\\/organic-chickpeas\\\/#breadcrumb\",\"itemListElement\":[{\"@type\":\"ListItem\",\"position\":1,\"name\":\"Home\",\"item\":\"https:\\\/\\\/www.biopapa.lt\\\/en\\\/\"},{\"@type\":\"ListItem\",\"position\":2,\"name\":\"Shop\",\"item\":\"https:\\\/\\\/www.biopapa.lt\\\/en\\\/shop\\\/\"},{\"@type\":\"ListItem\",\"position\":3,\"name\":\"Organic chickpeas\"}]},{\"@type\":\"WebSite\",\"@id\":\"https:\\\/\\\/www.biopapa.lt\\\/#website\",\"url\":\"https:\\\/\\\/www.biopapa.lt\\\/\",\"name\":\"Biopapa\",\"description\":\"\u0160var\u016bs ekologi\u0161ki produktai\",\"publisher\":{\"@id\":\"https:\\\/\\\/www.biopapa.lt\\\/#organization\"},\"potentialAction\":[{\"@type\":\"SearchAction\",\"target\":{\"@type\":\"EntryPoint\",\"urlTemplate\":\"https:\\\/\\\/www.biopapa.lt\\\/?s={search_term_string}\"},\"query-input\":{\"@type\":\"PropertyValueSpecification\",\"valueRequired\":true,\"valueName\":\"search_term_string\"}}],\"inLanguage\":\"en-US\"},{\"@type\":\"Organization\",\"@id\":\"https:\\\/\\\/www.biopapa.lt\\\/#organization\",\"name\":\"Biopapa\",\"url\":\"https:\\\/\\\/www.biopapa.lt\\\/\",\"logo\":{\"@type\":\"ImageObject\",\"inLanguage\":\"en-US\",\"@id\":\"https:\\\/\\\/www.biopapa.lt\\\/#\\\/schema\\\/logo\\\/image\\\/\",\"url\":\"https:\\\/\\\/www.biopapa.lt\\\/wp-content\\\/uploads\\\/2022\\\/04\\\/facebook_biopapa.jpg\",\"contentUrl\":\"https:\\\/\\\/www.biopapa.lt\\\/wp-content\\\/uploads\\\/2022\\\/04\\\/facebook_biopapa.jpg\",\"width\":1733,\"height\":907,\"caption\":\"Biopapa\"},\"image\":{\"@id\":\"https:\\\/\\\/www.biopapa.lt\\\/#\\\/schema\\\/logo\\\/image\\\/\"},\"sameAs\":[\"https:\\\/\\\/www.facebook.com\\\/biopapa.lt\"]}]}<\/script>\n<!-- \/ Yoast SEO plugin. -->","yoast_head_json":{"title":"Organic chickpeas - Biopapa","description":"Chickpeas, also known as garbanzo beans, are a round legume known for their amazing balance of protein, fibre, vitamins and minerals. One cup of cooked chickpeas contains an impressive dose of plant protein, making them a staple in vegetarian and vegan diets.","robots":{"index":"index","follow":"follow","max-snippet":"max-snippet:-1","max-image-preview":"max-image-preview:large","max-video-preview":"max-video-preview:-1"},"canonical":"https:\/\/www.biopapa.lt\/en\/produktas\/organic-chickpeas\/","og_locale":"en_US","og_type":"article","og_title":"Organic chickpeas - Biopapa","og_description":"Chickpeas, also known as garbanzo beans, are a round legume known for their amazing balance of protein, fibre, vitamins and minerals. One cup of cooked chickpeas contains an impressive dose of plant protein, making them a staple in vegetarian and vegan diets.","og_url":"https:\/\/www.biopapa.lt\/en\/produktas\/organic-chickpeas\/","og_site_name":"Biopapa","article_publisher":"https:\/\/www.facebook.com\/biopapa.lt","article_modified_time":"2026-02-03T12:23:43+00:00","og_image":[{"width":800,"height":640,"url":"https:\/\/www.biopapa.lt\/wp-content\/uploads\/2021\/08\/779A1442.jpg","type":"image\/jpeg"}],"twitter_card":"summary_large_image","schema":{"@context":"https:\/\/schema.org","@graph":[{"@type":"WebPage","@id":"https:\/\/www.biopapa.lt\/en\/produktas\/organic-chickpeas\/","url":"https:\/\/www.biopapa.lt\/en\/produktas\/organic-chickpeas\/","name":"Organic chickpeas - Biopapa","isPartOf":{"@id":"https:\/\/www.biopapa.lt\/#website"},"primaryImageOfPage":{"@id":"https:\/\/www.biopapa.lt\/en\/produktas\/organic-chickpeas\/#primaryimage"},"image":{"@id":"https:\/\/www.biopapa.lt\/en\/produktas\/organic-chickpeas\/#primaryimage"},"thumbnailUrl":"https:\/\/www.biopapa.lt\/wp-content\/uploads\/2021\/08\/779A1442.jpg","datePublished":"2021-08-03T16:54:50+00:00","dateModified":"2026-02-03T12:23:43+00:00","description":"Chickpeas, also known as garbanzo beans, are a round legume known for their amazing balance of protein, fibre, vitamins and minerals. One cup of cooked chickpeas contains an impressive dose of plant protein, making them a staple in vegetarian and vegan diets.","breadcrumb":{"@id":"https:\/\/www.biopapa.lt\/en\/produktas\/organic-chickpeas\/#breadcrumb"},"inLanguage":"en-US","potentialAction":[{"@type":"ReadAction","target":["https:\/\/www.biopapa.lt\/en\/produktas\/organic-chickpeas\/"]}]},{"@type":"ImageObject","inLanguage":"en-US","@id":"https:\/\/www.biopapa.lt\/en\/produktas\/organic-chickpeas\/#primaryimage","url":"https:\/\/www.biopapa.lt\/wp-content\/uploads\/2021\/08\/779A1442.jpg","contentUrl":"https:\/\/www.biopapa.lt\/wp-content\/uploads\/2021\/08\/779A1442.jpg","width":800,"height":640,"caption":"Organic chickpeas"},{"@type":"BreadcrumbList","@id":"https:\/\/www.biopapa.lt\/en\/produktas\/organic-chickpeas\/#breadcrumb","itemListElement":[{"@type":"ListItem","position":1,"name":"Home","item":"https:\/\/www.biopapa.lt\/en\/"},{"@type":"ListItem","position":2,"name":"Shop","item":"https:\/\/www.biopapa.lt\/en\/shop\/"},{"@type":"ListItem","position":3,"name":"Organic chickpeas"}]},{"@type":"WebSite","@id":"https:\/\/www.biopapa.lt\/#website","url":"https:\/\/www.biopapa.lt\/","name":"Biopapa","description":"\u0160var\u016bs ekologi\u0161ki produktai","publisher":{"@id":"https:\/\/www.biopapa.lt\/#organization"},"potentialAction":[{"@type":"SearchAction","target":{"@type":"EntryPoint","urlTemplate":"https:\/\/www.biopapa.lt\/?s={search_term_string}"},"query-input":{"@type":"PropertyValueSpecification","valueRequired":true,"valueName":"search_term_string"}}],"inLanguage":"en-US"},{"@type":"Organization","@id":"https:\/\/www.biopapa.lt\/#organization","name":"Biopapa","url":"https:\/\/www.biopapa.lt\/","logo":{"@type":"ImageObject","inLanguage":"en-US","@id":"https:\/\/www.biopapa.lt\/#\/schema\/logo\/image\/","url":"https:\/\/www.biopapa.lt\/wp-content\/uploads\/2022\/04\/facebook_biopapa.jpg","contentUrl":"https:\/\/www.biopapa.lt\/wp-content\/uploads\/2022\/04\/facebook_biopapa.jpg","width":1733,"height":907,"caption":"Biopapa"},"image":{"@id":"https:\/\/www.biopapa.lt\/#\/schema\/logo\/image\/"},"sameAs":["https:\/\/www.facebook.com\/biopapa.lt"]}]}},"_links":{"self":[{"href":"https:\/\/www.biopapa.lt\/en\/wp-json\/wp\/v2\/product\/33320","targetHints":{"allow":["GET"]}}],"collection":[{"href":"https:\/\/www.biopapa.lt\/en\/wp-json\/wp\/v2\/product"}],"about":[{"href":"https:\/\/www.biopapa.lt\/en\/wp-json\/wp\/v2\/types\/product"}],"wp:featuredmedia":[{"embeddable":true,"href":"https:\/\/www.biopapa.lt\/en\/wp-json\/wp\/v2\/media\/28599"}],"wp:attachment":[{"href":"https:\/\/www.biopapa.lt\/en\/wp-json\/wp\/v2\/media?parent=33320"}],"wp:term":[{"taxonomy":"product_brand","embeddable":true,"href":"https:\/\/www.biopapa.lt\/en\/wp-json\/wp\/v2\/product_brand?post=33320"},{"taxonomy":"product_cat","embeddable":true,"href":"https:\/\/www.biopapa.lt\/en\/wp-json\/wp\/v2\/product_cat?post=33320"},{"taxonomy":"product_tag","embeddable":true,"href":"https:\/\/www.biopapa.lt\/en\/wp-json\/wp\/v2\/product_tag?post=33320"}],"curies":[{"name":"wp","href":"https:\/\/api.w.org\/{rel}","templated":true}]}}