{"id":33284,"date":"2021-08-03T19:57:06","date_gmt":"2021-08-03T16:57:06","guid":{"rendered":"https:\/\/www.biopapa.lt\/produktas\/organic-peas\/"},"modified":"2026-02-12T16:09:33","modified_gmt":"2026-02-12T14:09:33","slug":"organic-peas","status":"publish","type":"product","link":"https:\/\/www.biopapa.lt\/en\/produktas\/organic-peas\/","title":{"rendered":"Organic peas"},"content":{"rendered":"<p><strong>Organic peas<br \/>\n<\/strong><\/p>\n<p>Organic peas are one of the oldest legumes cultivated by mankind, dating back to the Stone Age. Archaeological findings show that peas were cultivated in Ancient Egypt, Greece and Rome, where they were an important part of the daily diet. In Lithuania, peas also have a long tradition of being grown in villages and used for both daily meals and festive occasions.<br \/>\nPeas are valued for their high content of protein, fibre, vitamins and minerals, making them an excellent choice for a balanced diet. They help maintain good digestion and provide a lasting feeling of satiety.<br \/>\nOrganic peas are widely used in soups, stews, porridges, salads and vegetable dishes. They are also used to make flour, spreads or even vegetable protein products. Thanks to its nutritional value and versatility, organic peas remain a valuable and often chosen agricultural crop in modern cuisine.  <\/p>\n<p>Method of preparation: soak in cold water for 4-6 hours before boiling. Cook at a ratio of 1 part peas, 3 parts water. Cook for 35-50 min.<\/p>\n","protected":false},"excerpt":{"rendered":"<p>Organic peas Organic peas are one of the oldest legumes cultivated by mankind, dating back to the Stone Age. Archaeological<\/p>\n","protected":false},"featured_media":28601,"template":"","meta":{"_acf_changed":false},"product_brand":[],"product_cat":[1855,1978],"product_tag":[2088],"class_list":{"0":"post-33284","1":"product","2":"type-product","3":"status-publish","4":"has-post-thumbnail","6":"product_cat-grains-and-legumes","7":"product_cat-legumes","8":"product_tag-vegan","9":"pa_svoris-1-kg-en-2","10":"pa_svoris-100-g-en-2","11":"pa_svoris-200-g-en","12":"pa_svoris-25-kg-en","13":"pa_svoris-300-g-en","14":"pa_svoris-400-g-en","15":"pa_svoris-500-g-en-2","17":"first","18":"instock","19":"shipping-taxable","20":"purchasable","21":"product-type-variable"},"acf":[],"yoast_head":"<!-- This site is optimized with the Yoast SEO plugin v27.5 - https:\/\/yoast.com\/product\/yoast-seo-wordpress\/ -->\n<title>Organic peas - Biopapa<\/title>\n<meta name=\"description\" content=\"The high nutritional value of organic peas makes them an excellent product to enrich your daily diet.\" \/>\n<meta name=\"robots\" content=\"index, follow, max-snippet:-1, max-image-preview:large, max-video-preview:-1\" \/>\n<link rel=\"canonical\" href=\"https:\/\/www.biopapa.lt\/en\/produktas\/organic-peas\/\" \/>\n<meta property=\"og:locale\" content=\"en_US\" \/>\n<meta property=\"og:type\" content=\"article\" \/>\n<meta property=\"og:title\" content=\"Organic peas - Biopapa\" \/>\n<meta property=\"og:description\" content=\"The high nutritional value of organic peas makes them an excellent product to enrich your daily diet.\" \/>\n<meta property=\"og:url\" content=\"https:\/\/www.biopapa.lt\/en\/produktas\/organic-peas\/\" \/>\n<meta property=\"og:site_name\" content=\"Biopapa\" \/>\n<meta property=\"article:publisher\" content=\"https:\/\/www.facebook.com\/biopapa.lt\" \/>\n<meta property=\"article:modified_time\" content=\"2026-02-12T14:09:33+00:00\" \/>\n<meta property=\"og:image\" content=\"https:\/\/www.biopapa.lt\/wp-content\/uploads\/2021\/08\/779A1444.jpg\" \/>\n\t<meta property=\"og:image:width\" content=\"800\" \/>\n\t<meta property=\"og:image:height\" content=\"640\" \/>\n\t<meta property=\"og:image:type\" content=\"image\/jpeg\" \/>\n<meta name=\"twitter:card\" content=\"summary_large_image\" \/>\n<script type=\"application\/ld+json\" class=\"yoast-schema-graph\">{\"@context\":\"https:\\\/\\\/schema.org\",\"@graph\":[{\"@type\":\"WebPage\",\"@id\":\"https:\\\/\\\/www.biopapa.lt\\\/en\\\/produktas\\\/organic-peas\\\/\",\"url\":\"https:\\\/\\\/www.biopapa.lt\\\/en\\\/produktas\\\/organic-peas\\\/\",\"name\":\"Organic peas - Biopapa\",\"isPartOf\":{\"@id\":\"https:\\\/\\\/www.biopapa.lt\\\/#website\"},\"primaryImageOfPage\":{\"@id\":\"https:\\\/\\\/www.biopapa.lt\\\/en\\\/produktas\\\/organic-peas\\\/#primaryimage\"},\"image\":{\"@id\":\"https:\\\/\\\/www.biopapa.lt\\\/en\\\/produktas\\\/organic-peas\\\/#primaryimage\"},\"thumbnailUrl\":\"https:\\\/\\\/www.biopapa.lt\\\/wp-content\\\/uploads\\\/2021\\\/08\\\/779A1444.jpg\",\"datePublished\":\"2021-08-03T16:57:06+00:00\",\"dateModified\":\"2026-02-12T14:09:33+00:00\",\"description\":\"The high nutritional value of organic peas makes them an excellent product to enrich your daily diet.\",\"breadcrumb\":{\"@id\":\"https:\\\/\\\/www.biopapa.lt\\\/en\\\/produktas\\\/organic-peas\\\/#breadcrumb\"},\"inLanguage\":\"en-US\",\"potentialAction\":[{\"@type\":\"ReadAction\",\"target\":[\"https:\\\/\\\/www.biopapa.lt\\\/en\\\/produktas\\\/organic-peas\\\/\"]}]},{\"@type\":\"ImageObject\",\"inLanguage\":\"en-US\",\"@id\":\"https:\\\/\\\/www.biopapa.lt\\\/en\\\/produktas\\\/organic-peas\\\/#primaryimage\",\"url\":\"https:\\\/\\\/www.biopapa.lt\\\/wp-content\\\/uploads\\\/2021\\\/08\\\/779A1444.jpg\",\"contentUrl\":\"https:\\\/\\\/www.biopapa.lt\\\/wp-content\\\/uploads\\\/2021\\\/08\\\/779A1444.jpg\",\"width\":800,\"height\":640,\"caption\":\"Organic peas\"},{\"@type\":\"BreadcrumbList\",\"@id\":\"https:\\\/\\\/www.biopapa.lt\\\/en\\\/produktas\\\/organic-peas\\\/#breadcrumb\",\"itemListElement\":[{\"@type\":\"ListItem\",\"position\":1,\"name\":\"Home\",\"item\":\"https:\\\/\\\/www.biopapa.lt\\\/en\\\/\"},{\"@type\":\"ListItem\",\"position\":2,\"name\":\"Shop\",\"item\":\"https:\\\/\\\/www.biopapa.lt\\\/en\\\/shop\\\/\"},{\"@type\":\"ListItem\",\"position\":3,\"name\":\"Organic peas\"}]},{\"@type\":\"WebSite\",\"@id\":\"https:\\\/\\\/www.biopapa.lt\\\/#website\",\"url\":\"https:\\\/\\\/www.biopapa.lt\\\/\",\"name\":\"Biopapa\",\"description\":\"\u0160var\u016bs ekologi\u0161ki produktai\",\"publisher\":{\"@id\":\"https:\\\/\\\/www.biopapa.lt\\\/#organization\"},\"potentialAction\":[{\"@type\":\"SearchAction\",\"target\":{\"@type\":\"EntryPoint\",\"urlTemplate\":\"https:\\\/\\\/www.biopapa.lt\\\/?s={search_term_string}\"},\"query-input\":{\"@type\":\"PropertyValueSpecification\",\"valueRequired\":true,\"valueName\":\"search_term_string\"}}],\"inLanguage\":\"en-US\"},{\"@type\":\"Organization\",\"@id\":\"https:\\\/\\\/www.biopapa.lt\\\/#organization\",\"name\":\"Biopapa\",\"url\":\"https:\\\/\\\/www.biopapa.lt\\\/\",\"logo\":{\"@type\":\"ImageObject\",\"inLanguage\":\"en-US\",\"@id\":\"https:\\\/\\\/www.biopapa.lt\\\/#\\\/schema\\\/logo\\\/image\\\/\",\"url\":\"https:\\\/\\\/www.biopapa.lt\\\/wp-content\\\/uploads\\\/2022\\\/04\\\/facebook_biopapa.jpg\",\"contentUrl\":\"https:\\\/\\\/www.biopapa.lt\\\/wp-content\\\/uploads\\\/2022\\\/04\\\/facebook_biopapa.jpg\",\"width\":1733,\"height\":907,\"caption\":\"Biopapa\"},\"image\":{\"@id\":\"https:\\\/\\\/www.biopapa.lt\\\/#\\\/schema\\\/logo\\\/image\\\/\"},\"sameAs\":[\"https:\\\/\\\/www.facebook.com\\\/biopapa.lt\"]}]}<\/script>\n<!-- \/ Yoast SEO plugin. -->","yoast_head_json":{"title":"Organic peas - Biopapa","description":"The high nutritional value of organic peas makes them an excellent product to enrich your daily diet.","robots":{"index":"index","follow":"follow","max-snippet":"max-snippet:-1","max-image-preview":"max-image-preview:large","max-video-preview":"max-video-preview:-1"},"canonical":"https:\/\/www.biopapa.lt\/en\/produktas\/organic-peas\/","og_locale":"en_US","og_type":"article","og_title":"Organic peas - Biopapa","og_description":"The high nutritional value of organic peas makes them an excellent product to enrich your daily diet.","og_url":"https:\/\/www.biopapa.lt\/en\/produktas\/organic-peas\/","og_site_name":"Biopapa","article_publisher":"https:\/\/www.facebook.com\/biopapa.lt","article_modified_time":"2026-02-12T14:09:33+00:00","og_image":[{"width":800,"height":640,"url":"https:\/\/www.biopapa.lt\/wp-content\/uploads\/2021\/08\/779A1444.jpg","type":"image\/jpeg"}],"twitter_card":"summary_large_image","schema":{"@context":"https:\/\/schema.org","@graph":[{"@type":"WebPage","@id":"https:\/\/www.biopapa.lt\/en\/produktas\/organic-peas\/","url":"https:\/\/www.biopapa.lt\/en\/produktas\/organic-peas\/","name":"Organic peas - Biopapa","isPartOf":{"@id":"https:\/\/www.biopapa.lt\/#website"},"primaryImageOfPage":{"@id":"https:\/\/www.biopapa.lt\/en\/produktas\/organic-peas\/#primaryimage"},"image":{"@id":"https:\/\/www.biopapa.lt\/en\/produktas\/organic-peas\/#primaryimage"},"thumbnailUrl":"https:\/\/www.biopapa.lt\/wp-content\/uploads\/2021\/08\/779A1444.jpg","datePublished":"2021-08-03T16:57:06+00:00","dateModified":"2026-02-12T14:09:33+00:00","description":"The high nutritional value of organic peas makes them an excellent product to enrich your daily diet.","breadcrumb":{"@id":"https:\/\/www.biopapa.lt\/en\/produktas\/organic-peas\/#breadcrumb"},"inLanguage":"en-US","potentialAction":[{"@type":"ReadAction","target":["https:\/\/www.biopapa.lt\/en\/produktas\/organic-peas\/"]}]},{"@type":"ImageObject","inLanguage":"en-US","@id":"https:\/\/www.biopapa.lt\/en\/produktas\/organic-peas\/#primaryimage","url":"https:\/\/www.biopapa.lt\/wp-content\/uploads\/2021\/08\/779A1444.jpg","contentUrl":"https:\/\/www.biopapa.lt\/wp-content\/uploads\/2021\/08\/779A1444.jpg","width":800,"height":640,"caption":"Organic peas"},{"@type":"BreadcrumbList","@id":"https:\/\/www.biopapa.lt\/en\/produktas\/organic-peas\/#breadcrumb","itemListElement":[{"@type":"ListItem","position":1,"name":"Home","item":"https:\/\/www.biopapa.lt\/en\/"},{"@type":"ListItem","position":2,"name":"Shop","item":"https:\/\/www.biopapa.lt\/en\/shop\/"},{"@type":"ListItem","position":3,"name":"Organic peas"}]},{"@type":"WebSite","@id":"https:\/\/www.biopapa.lt\/#website","url":"https:\/\/www.biopapa.lt\/","name":"Biopapa","description":"\u0160var\u016bs ekologi\u0161ki produktai","publisher":{"@id":"https:\/\/www.biopapa.lt\/#organization"},"potentialAction":[{"@type":"SearchAction","target":{"@type":"EntryPoint","urlTemplate":"https:\/\/www.biopapa.lt\/?s={search_term_string}"},"query-input":{"@type":"PropertyValueSpecification","valueRequired":true,"valueName":"search_term_string"}}],"inLanguage":"en-US"},{"@type":"Organization","@id":"https:\/\/www.biopapa.lt\/#organization","name":"Biopapa","url":"https:\/\/www.biopapa.lt\/","logo":{"@type":"ImageObject","inLanguage":"en-US","@id":"https:\/\/www.biopapa.lt\/#\/schema\/logo\/image\/","url":"https:\/\/www.biopapa.lt\/wp-content\/uploads\/2022\/04\/facebook_biopapa.jpg","contentUrl":"https:\/\/www.biopapa.lt\/wp-content\/uploads\/2022\/04\/facebook_biopapa.jpg","width":1733,"height":907,"caption":"Biopapa"},"image":{"@id":"https:\/\/www.biopapa.lt\/#\/schema\/logo\/image\/"},"sameAs":["https:\/\/www.facebook.com\/biopapa.lt"]}]}},"_links":{"self":[{"href":"https:\/\/www.biopapa.lt\/en\/wp-json\/wp\/v2\/product\/33284","targetHints":{"allow":["GET"]}}],"collection":[{"href":"https:\/\/www.biopapa.lt\/en\/wp-json\/wp\/v2\/product"}],"about":[{"href":"https:\/\/www.biopapa.lt\/en\/wp-json\/wp\/v2\/types\/product"}],"wp:featuredmedia":[{"embeddable":true,"href":"https:\/\/www.biopapa.lt\/en\/wp-json\/wp\/v2\/media\/28601"}],"wp:attachment":[{"href":"https:\/\/www.biopapa.lt\/en\/wp-json\/wp\/v2\/media?parent=33284"}],"wp:term":[{"taxonomy":"product_brand","embeddable":true,"href":"https:\/\/www.biopapa.lt\/en\/wp-json\/wp\/v2\/product_brand?post=33284"},{"taxonomy":"product_cat","embeddable":true,"href":"https:\/\/www.biopapa.lt\/en\/wp-json\/wp\/v2\/product_cat?post=33284"},{"taxonomy":"product_tag","embeddable":true,"href":"https:\/\/www.biopapa.lt\/en\/wp-json\/wp\/v2\/product_tag?post=33284"}],"curies":[{"name":"wp","href":"https:\/\/api.w.org\/{rel}","templated":true}]}}