{"id":33001,"date":"2021-07-27T18:07:13","date_gmt":"2021-07-27T15:07:13","guid":{"rendered":"https:\/\/www.biopapa.lt\/produktas\/organic-brazil-nuts\/"},"modified":"2025-12-10T22:18:20","modified_gmt":"2025-12-10T20:18:20","slug":"organic-brazil-nuts","status":"publish","type":"product","link":"https:\/\/www.biopapa.lt\/en\/produktas\/organic-brazil-nuts\/","title":{"rendered":"Organic Brazil nuts"},"content":{"rendered":"<p><em><strong>Organic Brazil nuts<\/strong><\/em>growing on the Brazilian nut tree Bertholletia excelsa, which thrives in the lush rainforests of South America, has captivated the palate of many. With their distinctive taste, impressive nutrient profile and potential health benefits, these nuts have earned a well-deserved place in kitchens and healthy diets around the world.<\/p>\n<p><em>Attention<\/em><br \/>\nAlthough bertolethi nuts offer many benefits, moderation is very important because of their high selenium content. Consuming too many brazil nuts over a short period of time can lead to selenium toxicity called selenosis. Symptoms of selenosis include hair loss, brittle nails, digestive problems and neurological problems.<br \/>\nTherefore, it is advisable to eat bertolethion nuts in moderation.<\/p>\n<p><em>Uses<\/em><br \/>\nBrazil nuts are more than just a snack; they can be a great addition to a variety of dishes:<br \/>\nBaking &#8211; grind Brazil nuts to a flour consistency and use them as an alternative in gluten-free baking recipes. They can also add a crunchy texture to salads and roasted vegetable dishes.<br \/>\nNut butter &#8211; make a rich nut butter with brazil nuts and give your morning toast a unique flavour.<br \/>\nCrush bertolite nuts and use them as a topping for ice cream and yoghurt, or as an ingredient in low-fat cakes or energy bars.<br \/>\nBertolite nuts are a gift from nature, offering a wealth of health benefits and endless culinary possibilities.  However, care must be taken to avoid excessive selenium intake. By enjoying Brazil nuts in moderation and incorporating them creatively into your diet, you can enjoy their benefits.<\/p>\n<p>The recommended daily intake is 1-3 brazil nuts.<\/p>\n<p><em>NOTE. The information contained herein should not be construed as a recommendation for treatment or other health issues. We encourage you to make personal decisions about your personal health, taking into account a wide range of sources of information.<\/em><\/p>\n","protected":false},"excerpt":{"rendered":"<p>Organic Brazil nutsgrowing on the Brazilian nut tree Bertholletia excelsa, which thrives in the lush rainforests of South America, has<\/p>\n","protected":false},"featured_media":28573,"template":"","meta":{"_acf_changed":false},"product_brand":[],"product_cat":[2002,1854,2624],"product_tag":[2056,2092,2088],"class_list":{"0":"post-33001","1":"product","2":"type-product","3":"status-publish","4":"has-post-thumbnail","6":"product_cat-nuts","7":"product_cat-nuts-and-seeds","8":"product_cat-top-products","9":"product_tag-keto-diet","10":"product_tag-raw-diet","11":"product_tag-vegan","12":"pa_svoris-1-kg-en-2","13":"pa_svoris-100-g-en-2","14":"pa_svoris-19-96-kg-en","15":"pa_svoris-200-g-en","16":"pa_svoris-300-g-en","17":"pa_svoris-400-g-en","18":"pa_svoris-500-g-en-2","20":"first","21":"instock","22":"shipping-taxable","23":"purchasable","24":"product-type-variable"},"acf":[],"yoast_head":"<!-- This site is optimized with the Yoast SEO plugin v27.5 - https:\/\/yoast.com\/product\/yoast-seo-wordpress\/ -->\n<title>Organic Brazil nuts - Biopapa<\/title>\n<meta name=\"description\" content=\"Organic Bertholletia excelsa nuts, which grow on the Brazilian walnut tree that thrives in the lush rainforests of South America, have captivated many a palate. Perhaps the most striking advantage of brazil nuts is their extremely high selenium content.\" \/>\n<meta name=\"robots\" content=\"index, follow, max-snippet:-1, max-image-preview:large, max-video-preview:-1\" \/>\n<link rel=\"canonical\" href=\"https:\/\/www.biopapa.lt\/en\/produktas\/organic-brazil-nuts\/\" \/>\n<meta property=\"og:locale\" content=\"en_US\" \/>\n<meta property=\"og:type\" content=\"article\" \/>\n<meta property=\"og:title\" content=\"Organic Brazil nuts - Biopapa\" \/>\n<meta property=\"og:description\" content=\"Organic Bertholletia excelsa nuts, which grow on the Brazilian walnut tree that thrives in the lush rainforests of South America, have captivated many a palate. Perhaps the most striking advantage of brazil nuts is their extremely high selenium content.\" \/>\n<meta property=\"og:url\" content=\"https:\/\/www.biopapa.lt\/en\/produktas\/organic-brazil-nuts\/\" \/>\n<meta property=\"og:site_name\" content=\"Biopapa\" \/>\n<meta property=\"article:publisher\" content=\"https:\/\/www.facebook.com\/biopapa.lt\" \/>\n<meta property=\"article:modified_time\" content=\"2025-12-10T20:18:20+00:00\" \/>\n<meta property=\"og:image\" content=\"https:\/\/www.biopapa.lt\/wp-content\/uploads\/2021\/09\/779A1401.jpg\" \/>\n\t<meta property=\"og:image:width\" content=\"800\" \/>\n\t<meta property=\"og:image:height\" content=\"640\" \/>\n\t<meta property=\"og:image:type\" content=\"image\/jpeg\" \/>\n<meta name=\"twitter:card\" content=\"summary_large_image\" \/>\n<script type=\"application\/ld+json\" class=\"yoast-schema-graph\">{\"@context\":\"https:\\\/\\\/schema.org\",\"@graph\":[{\"@type\":\"WebPage\",\"@id\":\"https:\\\/\\\/www.biopapa.lt\\\/en\\\/produktas\\\/organic-brazil-nuts\\\/\",\"url\":\"https:\\\/\\\/www.biopapa.lt\\\/en\\\/produktas\\\/organic-brazil-nuts\\\/\",\"name\":\"Organic Brazil nuts - Biopapa\",\"isPartOf\":{\"@id\":\"https:\\\/\\\/www.biopapa.lt\\\/#website\"},\"primaryImageOfPage\":{\"@id\":\"https:\\\/\\\/www.biopapa.lt\\\/en\\\/produktas\\\/organic-brazil-nuts\\\/#primaryimage\"},\"image\":{\"@id\":\"https:\\\/\\\/www.biopapa.lt\\\/en\\\/produktas\\\/organic-brazil-nuts\\\/#primaryimage\"},\"thumbnailUrl\":\"https:\\\/\\\/www.biopapa.lt\\\/wp-content\\\/uploads\\\/2021\\\/09\\\/779A1401.jpg\",\"datePublished\":\"2021-07-27T15:07:13+00:00\",\"dateModified\":\"2025-12-10T20:18:20+00:00\",\"description\":\"Organic Bertholletia excelsa nuts, which grow on the Brazilian walnut tree that thrives in the lush rainforests of South America, have captivated many a palate. Perhaps the most striking advantage of brazil nuts is their extremely high selenium content.\",\"breadcrumb\":{\"@id\":\"https:\\\/\\\/www.biopapa.lt\\\/en\\\/produktas\\\/organic-brazil-nuts\\\/#breadcrumb\"},\"inLanguage\":\"en-US\",\"potentialAction\":[{\"@type\":\"ReadAction\",\"target\":[\"https:\\\/\\\/www.biopapa.lt\\\/en\\\/produktas\\\/organic-brazil-nuts\\\/\"]}]},{\"@type\":\"ImageObject\",\"inLanguage\":\"en-US\",\"@id\":\"https:\\\/\\\/www.biopapa.lt\\\/en\\\/produktas\\\/organic-brazil-nuts\\\/#primaryimage\",\"url\":\"https:\\\/\\\/www.biopapa.lt\\\/wp-content\\\/uploads\\\/2021\\\/09\\\/779A1401.jpg\",\"contentUrl\":\"https:\\\/\\\/www.biopapa.lt\\\/wp-content\\\/uploads\\\/2021\\\/09\\\/779A1401.jpg\",\"width\":800,\"height\":640,\"caption\":\"Organic Brazil nuts\"},{\"@type\":\"BreadcrumbList\",\"@id\":\"https:\\\/\\\/www.biopapa.lt\\\/en\\\/produktas\\\/organic-brazil-nuts\\\/#breadcrumb\",\"itemListElement\":[{\"@type\":\"ListItem\",\"position\":1,\"name\":\"Home\",\"item\":\"https:\\\/\\\/www.biopapa.lt\\\/en\\\/\"},{\"@type\":\"ListItem\",\"position\":2,\"name\":\"Shop\",\"item\":\"https:\\\/\\\/www.biopapa.lt\\\/en\\\/shop\\\/\"},{\"@type\":\"ListItem\",\"position\":3,\"name\":\"Organic Brazil nuts\"}]},{\"@type\":\"WebSite\",\"@id\":\"https:\\\/\\\/www.biopapa.lt\\\/#website\",\"url\":\"https:\\\/\\\/www.biopapa.lt\\\/\",\"name\":\"Biopapa\",\"description\":\"\u0160var\u016bs ekologi\u0161ki produktai\",\"publisher\":{\"@id\":\"https:\\\/\\\/www.biopapa.lt\\\/#organization\"},\"potentialAction\":[{\"@type\":\"SearchAction\",\"target\":{\"@type\":\"EntryPoint\",\"urlTemplate\":\"https:\\\/\\\/www.biopapa.lt\\\/?s={search_term_string}\"},\"query-input\":{\"@type\":\"PropertyValueSpecification\",\"valueRequired\":true,\"valueName\":\"search_term_string\"}}],\"inLanguage\":\"en-US\"},{\"@type\":\"Organization\",\"@id\":\"https:\\\/\\\/www.biopapa.lt\\\/#organization\",\"name\":\"Biopapa\",\"url\":\"https:\\\/\\\/www.biopapa.lt\\\/\",\"logo\":{\"@type\":\"ImageObject\",\"inLanguage\":\"en-US\",\"@id\":\"https:\\\/\\\/www.biopapa.lt\\\/#\\\/schema\\\/logo\\\/image\\\/\",\"url\":\"https:\\\/\\\/www.biopapa.lt\\\/wp-content\\\/uploads\\\/2022\\\/04\\\/facebook_biopapa.jpg\",\"contentUrl\":\"https:\\\/\\\/www.biopapa.lt\\\/wp-content\\\/uploads\\\/2022\\\/04\\\/facebook_biopapa.jpg\",\"width\":1733,\"height\":907,\"caption\":\"Biopapa\"},\"image\":{\"@id\":\"https:\\\/\\\/www.biopapa.lt\\\/#\\\/schema\\\/logo\\\/image\\\/\"},\"sameAs\":[\"https:\\\/\\\/www.facebook.com\\\/biopapa.lt\"]}]}<\/script>\n<!-- \/ Yoast SEO plugin. -->","yoast_head_json":{"title":"Organic Brazil nuts - Biopapa","description":"Organic Bertholletia excelsa nuts, which grow on the Brazilian walnut tree that thrives in the lush rainforests of South America, have captivated many a palate. Perhaps the most striking advantage of brazil nuts is their extremely high selenium content.","robots":{"index":"index","follow":"follow","max-snippet":"max-snippet:-1","max-image-preview":"max-image-preview:large","max-video-preview":"max-video-preview:-1"},"canonical":"https:\/\/www.biopapa.lt\/en\/produktas\/organic-brazil-nuts\/","og_locale":"en_US","og_type":"article","og_title":"Organic Brazil nuts - Biopapa","og_description":"Organic Bertholletia excelsa nuts, which grow on the Brazilian walnut tree that thrives in the lush rainforests of South America, have captivated many a palate. Perhaps the most striking advantage of brazil nuts is their extremely high selenium content.","og_url":"https:\/\/www.biopapa.lt\/en\/produktas\/organic-brazil-nuts\/","og_site_name":"Biopapa","article_publisher":"https:\/\/www.facebook.com\/biopapa.lt","article_modified_time":"2025-12-10T20:18:20+00:00","og_image":[{"width":800,"height":640,"url":"https:\/\/www.biopapa.lt\/wp-content\/uploads\/2021\/09\/779A1401.jpg","type":"image\/jpeg"}],"twitter_card":"summary_large_image","schema":{"@context":"https:\/\/schema.org","@graph":[{"@type":"WebPage","@id":"https:\/\/www.biopapa.lt\/en\/produktas\/organic-brazil-nuts\/","url":"https:\/\/www.biopapa.lt\/en\/produktas\/organic-brazil-nuts\/","name":"Organic Brazil nuts - Biopapa","isPartOf":{"@id":"https:\/\/www.biopapa.lt\/#website"},"primaryImageOfPage":{"@id":"https:\/\/www.biopapa.lt\/en\/produktas\/organic-brazil-nuts\/#primaryimage"},"image":{"@id":"https:\/\/www.biopapa.lt\/en\/produktas\/organic-brazil-nuts\/#primaryimage"},"thumbnailUrl":"https:\/\/www.biopapa.lt\/wp-content\/uploads\/2021\/09\/779A1401.jpg","datePublished":"2021-07-27T15:07:13+00:00","dateModified":"2025-12-10T20:18:20+00:00","description":"Organic Bertholletia excelsa nuts, which grow on the Brazilian walnut tree that thrives in the lush rainforests of South America, have captivated many a palate. Perhaps the most striking advantage of brazil nuts is their extremely high selenium content.","breadcrumb":{"@id":"https:\/\/www.biopapa.lt\/en\/produktas\/organic-brazil-nuts\/#breadcrumb"},"inLanguage":"en-US","potentialAction":[{"@type":"ReadAction","target":["https:\/\/www.biopapa.lt\/en\/produktas\/organic-brazil-nuts\/"]}]},{"@type":"ImageObject","inLanguage":"en-US","@id":"https:\/\/www.biopapa.lt\/en\/produktas\/organic-brazil-nuts\/#primaryimage","url":"https:\/\/www.biopapa.lt\/wp-content\/uploads\/2021\/09\/779A1401.jpg","contentUrl":"https:\/\/www.biopapa.lt\/wp-content\/uploads\/2021\/09\/779A1401.jpg","width":800,"height":640,"caption":"Organic Brazil nuts"},{"@type":"BreadcrumbList","@id":"https:\/\/www.biopapa.lt\/en\/produktas\/organic-brazil-nuts\/#breadcrumb","itemListElement":[{"@type":"ListItem","position":1,"name":"Home","item":"https:\/\/www.biopapa.lt\/en\/"},{"@type":"ListItem","position":2,"name":"Shop","item":"https:\/\/www.biopapa.lt\/en\/shop\/"},{"@type":"ListItem","position":3,"name":"Organic Brazil nuts"}]},{"@type":"WebSite","@id":"https:\/\/www.biopapa.lt\/#website","url":"https:\/\/www.biopapa.lt\/","name":"Biopapa","description":"\u0160var\u016bs ekologi\u0161ki produktai","publisher":{"@id":"https:\/\/www.biopapa.lt\/#organization"},"potentialAction":[{"@type":"SearchAction","target":{"@type":"EntryPoint","urlTemplate":"https:\/\/www.biopapa.lt\/?s={search_term_string}"},"query-input":{"@type":"PropertyValueSpecification","valueRequired":true,"valueName":"search_term_string"}}],"inLanguage":"en-US"},{"@type":"Organization","@id":"https:\/\/www.biopapa.lt\/#organization","name":"Biopapa","url":"https:\/\/www.biopapa.lt\/","logo":{"@type":"ImageObject","inLanguage":"en-US","@id":"https:\/\/www.biopapa.lt\/#\/schema\/logo\/image\/","url":"https:\/\/www.biopapa.lt\/wp-content\/uploads\/2022\/04\/facebook_biopapa.jpg","contentUrl":"https:\/\/www.biopapa.lt\/wp-content\/uploads\/2022\/04\/facebook_biopapa.jpg","width":1733,"height":907,"caption":"Biopapa"},"image":{"@id":"https:\/\/www.biopapa.lt\/#\/schema\/logo\/image\/"},"sameAs":["https:\/\/www.facebook.com\/biopapa.lt"]}]}},"_links":{"self":[{"href":"https:\/\/www.biopapa.lt\/en\/wp-json\/wp\/v2\/product\/33001","targetHints":{"allow":["GET"]}}],"collection":[{"href":"https:\/\/www.biopapa.lt\/en\/wp-json\/wp\/v2\/product"}],"about":[{"href":"https:\/\/www.biopapa.lt\/en\/wp-json\/wp\/v2\/types\/product"}],"wp:featuredmedia":[{"embeddable":true,"href":"https:\/\/www.biopapa.lt\/en\/wp-json\/wp\/v2\/media\/28573"}],"wp:attachment":[{"href":"https:\/\/www.biopapa.lt\/en\/wp-json\/wp\/v2\/media?parent=33001"}],"wp:term":[{"taxonomy":"product_brand","embeddable":true,"href":"https:\/\/www.biopapa.lt\/en\/wp-json\/wp\/v2\/product_brand?post=33001"},{"taxonomy":"product_cat","embeddable":true,"href":"https:\/\/www.biopapa.lt\/en\/wp-json\/wp\/v2\/product_cat?post=33001"},{"taxonomy":"product_tag","embeddable":true,"href":"https:\/\/www.biopapa.lt\/en\/wp-json\/wp\/v2\/product_tag?post=33001"}],"curies":[{"name":"wp","href":"https:\/\/api.w.org\/{rel}","templated":true}]}}