{"id":32976,"date":"2021-07-27T18:43:17","date_gmt":"2021-07-27T15:43:17","guid":{"rendered":"https:\/\/www.biopapa.lt\/produktas\/organic-hazelnuts\/"},"modified":"2026-02-16T15:13:04","modified_gmt":"2026-02-16T13:13:04","slug":"organic-hazelnuts-nuts","status":"publish","type":"product","link":"https:\/\/www.biopapa.lt\/en\/produktas\/organic-hazelnuts-nuts\/","title":{"rendered":"Organic hazelnuts"},"content":{"rendered":"<p><strong>Organic hazelnuts<\/strong><br \/>\nHazelnuts have been consumed since ancient times, especially in Europe and Asia Minor, where they were valued for their nutritional value and taste. They are an excellent source of healthy fats, vitamins and antioxidants and are beneficial to the body.<br \/>\nHazelnuts are often eaten raw, roasted, added to chocolate, baked goods or in nut creams.<br \/>\nThe recommended daily intake is around 28 grams (a small handful) for optimal health benefits. <\/p>\n<p>Read more about nuts <strong><a href=\"https:\/\/www.biopapa.lt\/en\/riesutai-2\/\">Nuts<\/a><\/strong><\/p>\n<p><em>NOTE. The information contained herein should not be construed as a recommendation for treatment or other health issues. We encourage you to make personal decisions about your personal health, taking into account a wide range of sources of information<\/em><\/p>\n","protected":false},"excerpt":{"rendered":"<p>Organic hazelnuts Hazelnuts have been consumed since ancient times, especially in Europe and Asia Minor, where they were valued for<\/p>\n","protected":false},"featured_media":28581,"template":"","meta":{"_acf_changed":false},"product_brand":[],"product_cat":[2002,1854],"product_tag":[2056,2092,2088],"class_list":{"0":"post-32976","1":"product","2":"type-product","3":"status-publish","4":"has-post-thumbnail","6":"product_cat-nuts","7":"product_cat-nuts-and-seeds","8":"product_tag-keto-diet","9":"product_tag-raw-diet","10":"product_tag-vegan","11":"pa_svoris-1-kg-en-2","12":"pa_svoris-10-kg-en","13":"pa_svoris-100-g-en-2","14":"pa_svoris-20-kg-en","15":"pa_svoris-200-g-en","16":"pa_svoris-300-g-en","17":"pa_svoris-400-g-en","18":"pa_svoris-500-g-en-2","20":"first","21":"instock","22":"shipping-taxable","23":"purchasable","24":"product-type-variable"},"acf":[],"yoast_head":"<!-- This site is optimized with the Yoast SEO plugin v27.5 - https:\/\/yoast.com\/product\/yoast-seo-wordpress\/ -->\n<title>Organic hazelnuts - Biopapa<\/title>\n<meta name=\"description\" content=\"Hazelnuts are nutrient-dense, high in protein, fat, vitamins and minerals. Hazelnuts have a sweet taste and can be eaten raw, roasted or ground into a paste.\" \/>\n<meta name=\"robots\" content=\"index, follow, max-snippet:-1, max-image-preview:large, max-video-preview:-1\" \/>\n<link rel=\"canonical\" href=\"https:\/\/www.biopapa.lt\/en\/produktas\/organic-hazelnuts-nuts\/\" \/>\n<meta property=\"og:locale\" content=\"en_US\" \/>\n<meta property=\"og:type\" content=\"article\" \/>\n<meta property=\"og:title\" content=\"Organic hazelnuts - Biopapa\" \/>\n<meta property=\"og:description\" content=\"Hazelnuts are nutrient-dense, high in protein, fat, vitamins and minerals. Hazelnuts have a sweet taste and can be eaten raw, roasted or ground into a paste.\" \/>\n<meta property=\"og:url\" content=\"https:\/\/www.biopapa.lt\/en\/produktas\/organic-hazelnuts-nuts\/\" \/>\n<meta property=\"og:site_name\" content=\"Biopapa\" \/>\n<meta property=\"article:publisher\" content=\"https:\/\/www.facebook.com\/biopapa.lt\" \/>\n<meta property=\"article:modified_time\" content=\"2026-02-16T13:13:04+00:00\" \/>\n<meta property=\"og:image\" content=\"https:\/\/www.biopapa.lt\/wp-content\/uploads\/2021\/09\/779A1416.jpg\" \/>\n\t<meta property=\"og:image:width\" content=\"800\" \/>\n\t<meta property=\"og:image:height\" content=\"640\" \/>\n\t<meta property=\"og:image:type\" content=\"image\/jpeg\" \/>\n<meta name=\"twitter:card\" content=\"summary_large_image\" \/>\n<script type=\"application\/ld+json\" class=\"yoast-schema-graph\">{\"@context\":\"https:\\\/\\\/schema.org\",\"@graph\":[{\"@type\":\"WebPage\",\"@id\":\"https:\\\/\\\/www.biopapa.lt\\\/en\\\/produktas\\\/organic-hazelnuts-nuts\\\/\",\"url\":\"https:\\\/\\\/www.biopapa.lt\\\/en\\\/produktas\\\/organic-hazelnuts-nuts\\\/\",\"name\":\"Organic hazelnuts - Biopapa\",\"isPartOf\":{\"@id\":\"https:\\\/\\\/www.biopapa.lt\\\/#website\"},\"primaryImageOfPage\":{\"@id\":\"https:\\\/\\\/www.biopapa.lt\\\/en\\\/produktas\\\/organic-hazelnuts-nuts\\\/#primaryimage\"},\"image\":{\"@id\":\"https:\\\/\\\/www.biopapa.lt\\\/en\\\/produktas\\\/organic-hazelnuts-nuts\\\/#primaryimage\"},\"thumbnailUrl\":\"https:\\\/\\\/www.biopapa.lt\\\/wp-content\\\/uploads\\\/2021\\\/09\\\/779A1416.jpg\",\"datePublished\":\"2021-07-27T15:43:17+00:00\",\"dateModified\":\"2026-02-16T13:13:04+00:00\",\"description\":\"Hazelnuts are nutrient-dense, high in protein, fat, vitamins and minerals. Hazelnuts have a sweet taste and can be eaten raw, roasted or ground into a paste.\",\"breadcrumb\":{\"@id\":\"https:\\\/\\\/www.biopapa.lt\\\/en\\\/produktas\\\/organic-hazelnuts-nuts\\\/#breadcrumb\"},\"inLanguage\":\"en-US\",\"potentialAction\":[{\"@type\":\"ReadAction\",\"target\":[\"https:\\\/\\\/www.biopapa.lt\\\/en\\\/produktas\\\/organic-hazelnuts-nuts\\\/\"]}]},{\"@type\":\"ImageObject\",\"inLanguage\":\"en-US\",\"@id\":\"https:\\\/\\\/www.biopapa.lt\\\/en\\\/produktas\\\/organic-hazelnuts-nuts\\\/#primaryimage\",\"url\":\"https:\\\/\\\/www.biopapa.lt\\\/wp-content\\\/uploads\\\/2021\\\/09\\\/779A1416.jpg\",\"contentUrl\":\"https:\\\/\\\/www.biopapa.lt\\\/wp-content\\\/uploads\\\/2021\\\/09\\\/779A1416.jpg\",\"width\":800,\"height\":640,\"caption\":\"Organic hazelnuts\"},{\"@type\":\"BreadcrumbList\",\"@id\":\"https:\\\/\\\/www.biopapa.lt\\\/en\\\/produktas\\\/organic-hazelnuts-nuts\\\/#breadcrumb\",\"itemListElement\":[{\"@type\":\"ListItem\",\"position\":1,\"name\":\"Home\",\"item\":\"https:\\\/\\\/www.biopapa.lt\\\/en\\\/\"},{\"@type\":\"ListItem\",\"position\":2,\"name\":\"Shop\",\"item\":\"https:\\\/\\\/www.biopapa.lt\\\/en\\\/shop\\\/\"},{\"@type\":\"ListItem\",\"position\":3,\"name\":\"Organic hazelnuts\"}]},{\"@type\":\"WebSite\",\"@id\":\"https:\\\/\\\/www.biopapa.lt\\\/#website\",\"url\":\"https:\\\/\\\/www.biopapa.lt\\\/\",\"name\":\"Biopapa\",\"description\":\"\u0160var\u016bs ekologi\u0161ki produktai\",\"publisher\":{\"@id\":\"https:\\\/\\\/www.biopapa.lt\\\/#organization\"},\"potentialAction\":[{\"@type\":\"SearchAction\",\"target\":{\"@type\":\"EntryPoint\",\"urlTemplate\":\"https:\\\/\\\/www.biopapa.lt\\\/?s={search_term_string}\"},\"query-input\":{\"@type\":\"PropertyValueSpecification\",\"valueRequired\":true,\"valueName\":\"search_term_string\"}}],\"inLanguage\":\"en-US\"},{\"@type\":\"Organization\",\"@id\":\"https:\\\/\\\/www.biopapa.lt\\\/#organization\",\"name\":\"Biopapa\",\"url\":\"https:\\\/\\\/www.biopapa.lt\\\/\",\"logo\":{\"@type\":\"ImageObject\",\"inLanguage\":\"en-US\",\"@id\":\"https:\\\/\\\/www.biopapa.lt\\\/#\\\/schema\\\/logo\\\/image\\\/\",\"url\":\"https:\\\/\\\/www.biopapa.lt\\\/wp-content\\\/uploads\\\/2022\\\/04\\\/facebook_biopapa.jpg\",\"contentUrl\":\"https:\\\/\\\/www.biopapa.lt\\\/wp-content\\\/uploads\\\/2022\\\/04\\\/facebook_biopapa.jpg\",\"width\":1733,\"height\":907,\"caption\":\"Biopapa\"},\"image\":{\"@id\":\"https:\\\/\\\/www.biopapa.lt\\\/#\\\/schema\\\/logo\\\/image\\\/\"},\"sameAs\":[\"https:\\\/\\\/www.facebook.com\\\/biopapa.lt\"]}]}<\/script>\n<!-- \/ Yoast SEO plugin. -->","yoast_head_json":{"title":"Organic hazelnuts - Biopapa","description":"Hazelnuts are nutrient-dense, high in protein, fat, vitamins and minerals. Hazelnuts have a sweet taste and can be eaten raw, roasted or ground into a paste.","robots":{"index":"index","follow":"follow","max-snippet":"max-snippet:-1","max-image-preview":"max-image-preview:large","max-video-preview":"max-video-preview:-1"},"canonical":"https:\/\/www.biopapa.lt\/en\/produktas\/organic-hazelnuts-nuts\/","og_locale":"en_US","og_type":"article","og_title":"Organic hazelnuts - Biopapa","og_description":"Hazelnuts are nutrient-dense, high in protein, fat, vitamins and minerals. Hazelnuts have a sweet taste and can be eaten raw, roasted or ground into a paste.","og_url":"https:\/\/www.biopapa.lt\/en\/produktas\/organic-hazelnuts-nuts\/","og_site_name":"Biopapa","article_publisher":"https:\/\/www.facebook.com\/biopapa.lt","article_modified_time":"2026-02-16T13:13:04+00:00","og_image":[{"width":800,"height":640,"url":"https:\/\/www.biopapa.lt\/wp-content\/uploads\/2021\/09\/779A1416.jpg","type":"image\/jpeg"}],"twitter_card":"summary_large_image","schema":{"@context":"https:\/\/schema.org","@graph":[{"@type":"WebPage","@id":"https:\/\/www.biopapa.lt\/en\/produktas\/organic-hazelnuts-nuts\/","url":"https:\/\/www.biopapa.lt\/en\/produktas\/organic-hazelnuts-nuts\/","name":"Organic hazelnuts - Biopapa","isPartOf":{"@id":"https:\/\/www.biopapa.lt\/#website"},"primaryImageOfPage":{"@id":"https:\/\/www.biopapa.lt\/en\/produktas\/organic-hazelnuts-nuts\/#primaryimage"},"image":{"@id":"https:\/\/www.biopapa.lt\/en\/produktas\/organic-hazelnuts-nuts\/#primaryimage"},"thumbnailUrl":"https:\/\/www.biopapa.lt\/wp-content\/uploads\/2021\/09\/779A1416.jpg","datePublished":"2021-07-27T15:43:17+00:00","dateModified":"2026-02-16T13:13:04+00:00","description":"Hazelnuts are nutrient-dense, high in protein, fat, vitamins and minerals. Hazelnuts have a sweet taste and can be eaten raw, roasted or ground into a paste.","breadcrumb":{"@id":"https:\/\/www.biopapa.lt\/en\/produktas\/organic-hazelnuts-nuts\/#breadcrumb"},"inLanguage":"en-US","potentialAction":[{"@type":"ReadAction","target":["https:\/\/www.biopapa.lt\/en\/produktas\/organic-hazelnuts-nuts\/"]}]},{"@type":"ImageObject","inLanguage":"en-US","@id":"https:\/\/www.biopapa.lt\/en\/produktas\/organic-hazelnuts-nuts\/#primaryimage","url":"https:\/\/www.biopapa.lt\/wp-content\/uploads\/2021\/09\/779A1416.jpg","contentUrl":"https:\/\/www.biopapa.lt\/wp-content\/uploads\/2021\/09\/779A1416.jpg","width":800,"height":640,"caption":"Organic hazelnuts"},{"@type":"BreadcrumbList","@id":"https:\/\/www.biopapa.lt\/en\/produktas\/organic-hazelnuts-nuts\/#breadcrumb","itemListElement":[{"@type":"ListItem","position":1,"name":"Home","item":"https:\/\/www.biopapa.lt\/en\/"},{"@type":"ListItem","position":2,"name":"Shop","item":"https:\/\/www.biopapa.lt\/en\/shop\/"},{"@type":"ListItem","position":3,"name":"Organic hazelnuts"}]},{"@type":"WebSite","@id":"https:\/\/www.biopapa.lt\/#website","url":"https:\/\/www.biopapa.lt\/","name":"Biopapa","description":"\u0160var\u016bs ekologi\u0161ki produktai","publisher":{"@id":"https:\/\/www.biopapa.lt\/#organization"},"potentialAction":[{"@type":"SearchAction","target":{"@type":"EntryPoint","urlTemplate":"https:\/\/www.biopapa.lt\/?s={search_term_string}"},"query-input":{"@type":"PropertyValueSpecification","valueRequired":true,"valueName":"search_term_string"}}],"inLanguage":"en-US"},{"@type":"Organization","@id":"https:\/\/www.biopapa.lt\/#organization","name":"Biopapa","url":"https:\/\/www.biopapa.lt\/","logo":{"@type":"ImageObject","inLanguage":"en-US","@id":"https:\/\/www.biopapa.lt\/#\/schema\/logo\/image\/","url":"https:\/\/www.biopapa.lt\/wp-content\/uploads\/2022\/04\/facebook_biopapa.jpg","contentUrl":"https:\/\/www.biopapa.lt\/wp-content\/uploads\/2022\/04\/facebook_biopapa.jpg","width":1733,"height":907,"caption":"Biopapa"},"image":{"@id":"https:\/\/www.biopapa.lt\/#\/schema\/logo\/image\/"},"sameAs":["https:\/\/www.facebook.com\/biopapa.lt"]}]}},"_links":{"self":[{"href":"https:\/\/www.biopapa.lt\/en\/wp-json\/wp\/v2\/product\/32976","targetHints":{"allow":["GET"]}}],"collection":[{"href":"https:\/\/www.biopapa.lt\/en\/wp-json\/wp\/v2\/product"}],"about":[{"href":"https:\/\/www.biopapa.lt\/en\/wp-json\/wp\/v2\/types\/product"}],"wp:featuredmedia":[{"embeddable":true,"href":"https:\/\/www.biopapa.lt\/en\/wp-json\/wp\/v2\/media\/28581"}],"wp:attachment":[{"href":"https:\/\/www.biopapa.lt\/en\/wp-json\/wp\/v2\/media?parent=32976"}],"wp:term":[{"taxonomy":"product_brand","embeddable":true,"href":"https:\/\/www.biopapa.lt\/en\/wp-json\/wp\/v2\/product_brand?post=32976"},{"taxonomy":"product_cat","embeddable":true,"href":"https:\/\/www.biopapa.lt\/en\/wp-json\/wp\/v2\/product_cat?post=32976"},{"taxonomy":"product_tag","embeddable":true,"href":"https:\/\/www.biopapa.lt\/en\/wp-json\/wp\/v2\/product_tag?post=32976"}],"curies":[{"name":"wp","href":"https:\/\/api.w.org\/{rel}","templated":true}]}}