{"id":32922,"date":"2021-07-27T19:20:03","date_gmt":"2021-07-27T16:20:03","guid":{"rendered":"https:\/\/www.biopapa.lt\/produktas\/ekologiskos-lukstentos-saulegrazu-seklos\/"},"modified":"2025-12-11T16:05:30","modified_gmt":"2025-12-11T14:05:30","slug":"organic-hulled-sunflower-seeds","status":"publish","type":"product","link":"https:\/\/www.biopapa.lt\/en\/produktas\/organic-hulled-sunflower-seeds\/","title":{"rendered":"Organic hulled sunflower seeds"},"content":{"rendered":"<p><strong>Sunflowers<\/strong> are a veritable treasure trove of nutrients. They are rich in essential nutrients. These seeds are also an excellent source of unsaturated fats.  In addition, the high fibre content promotes digestive health and the presence of selenium strengthens the immune system.<\/p>\n<p>Adding sunflower seeds to your diet is easy. They can be enjoyed as a nutritious snack, they can be toasted and they can be seasoned to taste. These seeds add a pleasant crunch and nutritional value to salads, baked goods such as bread and muffins, and can be mixed with granola or muesli. They are also a great addition to yoghurt, oatmeal or porridge.<br \/>\nAs an alternative to nut butter, sunflower seeds can be mashed into a smooth, spreadable cream that makes a great vegan sauce.<br \/>\nThey can be used in vegetable dishes, stews and kneads for cooking.<br \/>\nGround sunflower seeds can be used as a partial alternative to flour in a variety of recipes.<\/p>\n<p>It is important to enjoy sunflower seeds in moderation due to their high calorie content, especially for those who are concerned about their weight.<\/p>\n<p><em>NOTE. The information contained herein should not be construed as a recommendation for treatment or other health issues.<\/em><br \/>\n<em>We encourage you to make personal decisions about your personal health, taking into account a wide range of sources of information.<\/em><\/p>\n","protected":false},"excerpt":{"rendered":"<p>Sunflowers are a veritable treasure trove of nutrients. They are rich in essential nutrients. These seeds are also an excellent<\/p>\n","protected":false},"featured_media":28589,"template":"","meta":{"_acf_changed":false},"product_brand":[],"product_cat":[2624,1854],"product_tag":[2056,2088],"class_list":{"0":"post-32922","1":"product","2":"type-product","3":"status-publish","4":"has-post-thumbnail","6":"product_cat-top-products","7":"product_cat-nuts-and-seeds","8":"product_tag-keto-diet","9":"product_tag-vegan","10":"pa_svoris-100-g-en-2","11":"pa_svoris-200-g-en","12":"pa_svoris-300-g-en","13":"pa_svoris-400-g-en","14":"pa_svoris-500-g-en-2","15":"pa_svoris-1-kg-en-2","16":"pa_svoris-25-kg-en","18":"first","19":"instock","20":"shipping-taxable","21":"purchasable","22":"product-type-variable"},"acf":[],"yoast_head":"<!-- This site is optimized with the Yoast SEO plugin v27.5 - https:\/\/yoast.com\/product\/yoast-seo-wordpress\/ -->\n<title>Organic hulled sunflower seeds - Biopapa<\/title>\n<meta name=\"description\" content=\"Sunflowers are a veritable treasure trove of nutrients. They are rich in essential nutrients.\" \/>\n<meta name=\"robots\" content=\"index, follow, max-snippet:-1, max-image-preview:large, max-video-preview:-1\" \/>\n<link rel=\"canonical\" href=\"https:\/\/www.biopapa.lt\/en\/produktas\/organic-hulled-sunflower-seeds\/\" \/>\n<meta property=\"og:locale\" content=\"en_US\" \/>\n<meta property=\"og:type\" content=\"article\" \/>\n<meta property=\"og:title\" content=\"Organic hulled sunflower seeds - Biopapa\" \/>\n<meta property=\"og:description\" content=\"Sunflowers are a veritable treasure trove of nutrients. They are rich in essential nutrients.\" \/>\n<meta property=\"og:url\" content=\"https:\/\/www.biopapa.lt\/en\/produktas\/organic-hulled-sunflower-seeds\/\" \/>\n<meta property=\"og:site_name\" content=\"Biopapa\" \/>\n<meta property=\"article:publisher\" content=\"https:\/\/www.facebook.com\/biopapa.lt\" \/>\n<meta property=\"article:modified_time\" content=\"2025-12-11T14:05:30+00:00\" \/>\n<meta property=\"og:image\" content=\"https:\/\/www.biopapa.lt\/wp-content\/uploads\/2021\/09\/779A1424.jpg\" \/>\n\t<meta property=\"og:image:width\" content=\"800\" \/>\n\t<meta property=\"og:image:height\" content=\"640\" \/>\n\t<meta property=\"og:image:type\" content=\"image\/jpeg\" \/>\n<meta name=\"twitter:card\" content=\"summary_large_image\" \/>\n<script type=\"application\/ld+json\" class=\"yoast-schema-graph\">{\"@context\":\"https:\\\/\\\/schema.org\",\"@graph\":[{\"@type\":\"WebPage\",\"@id\":\"https:\\\/\\\/www.biopapa.lt\\\/en\\\/produktas\\\/organic-hulled-sunflower-seeds\\\/\",\"url\":\"https:\\\/\\\/www.biopapa.lt\\\/en\\\/produktas\\\/organic-hulled-sunflower-seeds\\\/\",\"name\":\"Organic hulled sunflower seeds - Biopapa\",\"isPartOf\":{\"@id\":\"https:\\\/\\\/www.biopapa.lt\\\/#website\"},\"primaryImageOfPage\":{\"@id\":\"https:\\\/\\\/www.biopapa.lt\\\/en\\\/produktas\\\/organic-hulled-sunflower-seeds\\\/#primaryimage\"},\"image\":{\"@id\":\"https:\\\/\\\/www.biopapa.lt\\\/en\\\/produktas\\\/organic-hulled-sunflower-seeds\\\/#primaryimage\"},\"thumbnailUrl\":\"https:\\\/\\\/www.biopapa.lt\\\/wp-content\\\/uploads\\\/2021\\\/09\\\/779A1424.jpg\",\"datePublished\":\"2021-07-27T16:20:03+00:00\",\"dateModified\":\"2025-12-11T14:05:30+00:00\",\"description\":\"Sunflowers are a veritable treasure trove of nutrients. They are rich in essential nutrients.\",\"breadcrumb\":{\"@id\":\"https:\\\/\\\/www.biopapa.lt\\\/en\\\/produktas\\\/organic-hulled-sunflower-seeds\\\/#breadcrumb\"},\"inLanguage\":\"en-US\",\"potentialAction\":[{\"@type\":\"ReadAction\",\"target\":[\"https:\\\/\\\/www.biopapa.lt\\\/en\\\/produktas\\\/organic-hulled-sunflower-seeds\\\/\"]}]},{\"@type\":\"ImageObject\",\"inLanguage\":\"en-US\",\"@id\":\"https:\\\/\\\/www.biopapa.lt\\\/en\\\/produktas\\\/organic-hulled-sunflower-seeds\\\/#primaryimage\",\"url\":\"https:\\\/\\\/www.biopapa.lt\\\/wp-content\\\/uploads\\\/2021\\\/09\\\/779A1424.jpg\",\"contentUrl\":\"https:\\\/\\\/www.biopapa.lt\\\/wp-content\\\/uploads\\\/2021\\\/09\\\/779A1424.jpg\",\"width\":800,\"height\":640,\"caption\":\"Organic hulled sunflower seeds\"},{\"@type\":\"BreadcrumbList\",\"@id\":\"https:\\\/\\\/www.biopapa.lt\\\/en\\\/produktas\\\/organic-hulled-sunflower-seeds\\\/#breadcrumb\",\"itemListElement\":[{\"@type\":\"ListItem\",\"position\":1,\"name\":\"Home\",\"item\":\"https:\\\/\\\/www.biopapa.lt\\\/en\\\/\"},{\"@type\":\"ListItem\",\"position\":2,\"name\":\"Shop\",\"item\":\"https:\\\/\\\/www.biopapa.lt\\\/en\\\/shop\\\/\"},{\"@type\":\"ListItem\",\"position\":3,\"name\":\"Organic hulled sunflower seeds\"}]},{\"@type\":\"WebSite\",\"@id\":\"https:\\\/\\\/www.biopapa.lt\\\/#website\",\"url\":\"https:\\\/\\\/www.biopapa.lt\\\/\",\"name\":\"Biopapa\",\"description\":\"\u0160var\u016bs ekologi\u0161ki produktai\",\"publisher\":{\"@id\":\"https:\\\/\\\/www.biopapa.lt\\\/#organization\"},\"potentialAction\":[{\"@type\":\"SearchAction\",\"target\":{\"@type\":\"EntryPoint\",\"urlTemplate\":\"https:\\\/\\\/www.biopapa.lt\\\/?s={search_term_string}\"},\"query-input\":{\"@type\":\"PropertyValueSpecification\",\"valueRequired\":true,\"valueName\":\"search_term_string\"}}],\"inLanguage\":\"en-US\"},{\"@type\":\"Organization\",\"@id\":\"https:\\\/\\\/www.biopapa.lt\\\/#organization\",\"name\":\"Biopapa\",\"url\":\"https:\\\/\\\/www.biopapa.lt\\\/\",\"logo\":{\"@type\":\"ImageObject\",\"inLanguage\":\"en-US\",\"@id\":\"https:\\\/\\\/www.biopapa.lt\\\/#\\\/schema\\\/logo\\\/image\\\/\",\"url\":\"https:\\\/\\\/www.biopapa.lt\\\/wp-content\\\/uploads\\\/2022\\\/04\\\/facebook_biopapa.jpg\",\"contentUrl\":\"https:\\\/\\\/www.biopapa.lt\\\/wp-content\\\/uploads\\\/2022\\\/04\\\/facebook_biopapa.jpg\",\"width\":1733,\"height\":907,\"caption\":\"Biopapa\"},\"image\":{\"@id\":\"https:\\\/\\\/www.biopapa.lt\\\/#\\\/schema\\\/logo\\\/image\\\/\"},\"sameAs\":[\"https:\\\/\\\/www.facebook.com\\\/biopapa.lt\"]}]}<\/script>\n<!-- \/ Yoast SEO plugin. -->","yoast_head_json":{"title":"Organic hulled sunflower seeds - Biopapa","description":"Sunflowers are a veritable treasure trove of nutrients. They are rich in essential nutrients.","robots":{"index":"index","follow":"follow","max-snippet":"max-snippet:-1","max-image-preview":"max-image-preview:large","max-video-preview":"max-video-preview:-1"},"canonical":"https:\/\/www.biopapa.lt\/en\/produktas\/organic-hulled-sunflower-seeds\/","og_locale":"en_US","og_type":"article","og_title":"Organic hulled sunflower seeds - Biopapa","og_description":"Sunflowers are a veritable treasure trove of nutrients. They are rich in essential nutrients.","og_url":"https:\/\/www.biopapa.lt\/en\/produktas\/organic-hulled-sunflower-seeds\/","og_site_name":"Biopapa","article_publisher":"https:\/\/www.facebook.com\/biopapa.lt","article_modified_time":"2025-12-11T14:05:30+00:00","og_image":[{"width":800,"height":640,"url":"https:\/\/www.biopapa.lt\/wp-content\/uploads\/2021\/09\/779A1424.jpg","type":"image\/jpeg"}],"twitter_card":"summary_large_image","schema":{"@context":"https:\/\/schema.org","@graph":[{"@type":"WebPage","@id":"https:\/\/www.biopapa.lt\/en\/produktas\/organic-hulled-sunflower-seeds\/","url":"https:\/\/www.biopapa.lt\/en\/produktas\/organic-hulled-sunflower-seeds\/","name":"Organic hulled sunflower seeds - Biopapa","isPartOf":{"@id":"https:\/\/www.biopapa.lt\/#website"},"primaryImageOfPage":{"@id":"https:\/\/www.biopapa.lt\/en\/produktas\/organic-hulled-sunflower-seeds\/#primaryimage"},"image":{"@id":"https:\/\/www.biopapa.lt\/en\/produktas\/organic-hulled-sunflower-seeds\/#primaryimage"},"thumbnailUrl":"https:\/\/www.biopapa.lt\/wp-content\/uploads\/2021\/09\/779A1424.jpg","datePublished":"2021-07-27T16:20:03+00:00","dateModified":"2025-12-11T14:05:30+00:00","description":"Sunflowers are a veritable treasure trove of nutrients. They are rich in essential nutrients.","breadcrumb":{"@id":"https:\/\/www.biopapa.lt\/en\/produktas\/organic-hulled-sunflower-seeds\/#breadcrumb"},"inLanguage":"en-US","potentialAction":[{"@type":"ReadAction","target":["https:\/\/www.biopapa.lt\/en\/produktas\/organic-hulled-sunflower-seeds\/"]}]},{"@type":"ImageObject","inLanguage":"en-US","@id":"https:\/\/www.biopapa.lt\/en\/produktas\/organic-hulled-sunflower-seeds\/#primaryimage","url":"https:\/\/www.biopapa.lt\/wp-content\/uploads\/2021\/09\/779A1424.jpg","contentUrl":"https:\/\/www.biopapa.lt\/wp-content\/uploads\/2021\/09\/779A1424.jpg","width":800,"height":640,"caption":"Organic hulled sunflower seeds"},{"@type":"BreadcrumbList","@id":"https:\/\/www.biopapa.lt\/en\/produktas\/organic-hulled-sunflower-seeds\/#breadcrumb","itemListElement":[{"@type":"ListItem","position":1,"name":"Home","item":"https:\/\/www.biopapa.lt\/en\/"},{"@type":"ListItem","position":2,"name":"Shop","item":"https:\/\/www.biopapa.lt\/en\/shop\/"},{"@type":"ListItem","position":3,"name":"Organic hulled sunflower seeds"}]},{"@type":"WebSite","@id":"https:\/\/www.biopapa.lt\/#website","url":"https:\/\/www.biopapa.lt\/","name":"Biopapa","description":"\u0160var\u016bs ekologi\u0161ki produktai","publisher":{"@id":"https:\/\/www.biopapa.lt\/#organization"},"potentialAction":[{"@type":"SearchAction","target":{"@type":"EntryPoint","urlTemplate":"https:\/\/www.biopapa.lt\/?s={search_term_string}"},"query-input":{"@type":"PropertyValueSpecification","valueRequired":true,"valueName":"search_term_string"}}],"inLanguage":"en-US"},{"@type":"Organization","@id":"https:\/\/www.biopapa.lt\/#organization","name":"Biopapa","url":"https:\/\/www.biopapa.lt\/","logo":{"@type":"ImageObject","inLanguage":"en-US","@id":"https:\/\/www.biopapa.lt\/#\/schema\/logo\/image\/","url":"https:\/\/www.biopapa.lt\/wp-content\/uploads\/2022\/04\/facebook_biopapa.jpg","contentUrl":"https:\/\/www.biopapa.lt\/wp-content\/uploads\/2022\/04\/facebook_biopapa.jpg","width":1733,"height":907,"caption":"Biopapa"},"image":{"@id":"https:\/\/www.biopapa.lt\/#\/schema\/logo\/image\/"},"sameAs":["https:\/\/www.facebook.com\/biopapa.lt"]}]}},"_links":{"self":[{"href":"https:\/\/www.biopapa.lt\/en\/wp-json\/wp\/v2\/product\/32922","targetHints":{"allow":["GET"]}}],"collection":[{"href":"https:\/\/www.biopapa.lt\/en\/wp-json\/wp\/v2\/product"}],"about":[{"href":"https:\/\/www.biopapa.lt\/en\/wp-json\/wp\/v2\/types\/product"}],"wp:featuredmedia":[{"embeddable":true,"href":"https:\/\/www.biopapa.lt\/en\/wp-json\/wp\/v2\/media\/28589"}],"wp:attachment":[{"href":"https:\/\/www.biopapa.lt\/en\/wp-json\/wp\/v2\/media?parent=32922"}],"wp:term":[{"taxonomy":"product_brand","embeddable":true,"href":"https:\/\/www.biopapa.lt\/en\/wp-json\/wp\/v2\/product_brand?post=32922"},{"taxonomy":"product_cat","embeddable":true,"href":"https:\/\/www.biopapa.lt\/en\/wp-json\/wp\/v2\/product_cat?post=32922"},{"taxonomy":"product_tag","embeddable":true,"href":"https:\/\/www.biopapa.lt\/en\/wp-json\/wp\/v2\/product_tag?post=32922"}],"curies":[{"name":"wp","href":"https:\/\/api.w.org\/{rel}","templated":true}]}}